{"id":75,"date":"2026-02-09T11:52:07","date_gmt":"2026-02-09T11:52:07","guid":{"rendered":"https:\/\/researchchemicalshop.eu\/?post_type=product&#038;p=75"},"modified":"2026-03-06T04:35:51","modified_gmt":"2026-03-06T04:35:51","slug":"dmxe","status":"publish","type":"product","link":"https:\/\/researchchemicalshop.eu\/tr\/urun\/dmxe\/","title":{"rendered":"DMXE (Deoksimetoksetamin)"},"content":{"rendered":"<h1>DMXE (Deoxymethoxetamine) - Ara\u015ft\u0131rma Ama\u00e7l\u0131 Detayl\u0131 Bilgi<\/h1>\n<p data-start=\"6776\" data-end=\"7081\"><strong data-start=\"6776\" data-end=\"6784\">DMXE<\/strong>, tam olarak <strong data-start=\"6793\" data-end=\"6815\">Deoksimetoksetamin<\/strong>, bir <strong data-start=\"6824\" data-end=\"6852\">dissosiyatif ba\u011flant\u0131<\/strong> bir \u015fey yok. <strong data-start=\"6860\" data-end=\"6889\">arilsikloheksilamin s\u0131n\u0131f\u0131<\/strong>, ile yap\u0131sal olarak ili\u015fkili <strong data-start=\"6915\" data-end=\"6927\">Ketamin<\/strong> ve <strong data-start=\"6931\" data-end=\"6954\">Metoksetamin (MXE)<\/strong>. <span class=\"___SBox_epc1q-ko_ ___SText_zko9t-ko_\" data-ui-name=\"Link.Text\">5-harita<\/span><br data-start=\"6955\" data-end=\"6958\" \/>Bu var <strong data-start=\"6968\" data-end=\"6996\">t\u0131bbi kullan\u0131m yok<\/strong> ve sadece \u015fu alanlarda \u00e7al\u0131\u015f\u0131l\u0131r <strong data-start=\"7032\" data-end=\"7078\">adli\u0307 ve farmakoloji\u0307k laboratuvarlar<\/strong>.<\/p>\n<p data-start=\"7083\" data-end=\"7257\">Ara\u015ft\u0131rmac\u0131lar \u015fu konulara odaklan\u0131yor <strong data-start=\"7115\" data-end=\"7138\">kimyasal yap\u0131<\/strong>, <strong data-start=\"7140\" data-end=\"7162\">resept\u00f6r etkile\u015fimi<\/strong> ve <strong data-start=\"7166\" data-end=\"7190\">anali\u0307ti\u0307k tespi\u0307t<\/strong> DMXE'nin yeni psikoaktif maddeler (NPS) ba\u011flam\u0131nda incelenmesi.<\/p>\n<hr data-start=\"7259\" data-end=\"7262\" \/>\n<h2 data-start=\"7264\" data-end=\"7311\"><strong data-start=\"7267\" data-end=\"7311\">Kimyasal ve Farmakolojik Arka Plan<\/strong><\/h2>\n<p data-start=\"7313\" data-end=\"7338\"><strong data-start=\"7313\" data-end=\"7338\">\u00d6nemli veriler:<\/strong><\/p>\n<ul data-start=\"7339\" data-end=\"7591\">\n<li data-start=\"7339\" data-end=\"7404\">\n<p data-start=\"7341\" data-end=\"7404\"><strong data-start=\"7341\" data-end=\"7356\">IUPAC ad\u0131:<\/strong> 2-(etilamino)-2-(3-metoksifenil)siklohekzanon<\/p>\n<\/li>\n<li data-start=\"7405\" data-end=\"7439\">\n<p data-start=\"7407\" data-end=\"7439\"><strong data-start=\"7407\" data-end=\"7427\">Molek\u00fcler form\u00fcl:<\/strong> C15H23NO2<\/p>\n<\/li>\n<li data-start=\"7440\" data-end=\"7476\">\n<p data-start=\"7442\" data-end=\"7476\"><strong data-start=\"7442\" data-end=\"7460\">Molek\u00fcler k\u00fctle:<\/strong> \u00b1249,35 g\/mol<\/p>\n<\/li>\n<li data-start=\"7477\" data-end=\"7523\">\n<p data-start=\"7479\" data-end=\"7523\"><strong data-start=\"7479\" data-end=\"7500\">Kimyasal s\u0131n\u0131f:<\/strong> Arilsikloheksilaminler<\/p>\n<\/li>\n<li data-start=\"7524\" data-end=\"7591\">\n<p data-start=\"7526\" data-end=\"7591\"><strong data-start=\"7526\" data-end=\"7546\">Resept\u00f6r \u00e7al\u0131\u015fmas\u0131:<\/strong> NMDA resept\u00f6r antagonisti (rekabet\u00e7i olmayan)<\/p>\n<\/li>\n<\/ul>\n<p data-start=\"7593\" data-end=\"7737\">Metoksi grubunun eksikli\u011fi DMXE'yi ilgin\u00e7 bir konu haline getirmektedir. <strong data-start=\"7671\" data-end=\"7709\">yap\u0131sal rekabet<\/strong> MXE ve di\u011fer analoglar\u0131 ile.<\/p>\n<hr data-start=\"7739\" data-end=\"7742\" \/>\n<h2 data-start=\"7744\" data-end=\"7771\"><strong data-start=\"7747\" data-end=\"7771\">Ara\u015ft\u0131rma ama\u00e7lar\u0131<\/strong><\/h2>\n<p data-start=\"7773\" data-end=\"7800\">DMXE ara\u015ft\u0131r\u0131l\u0131yor:<\/p>\n<ul data-start=\"7801\" data-end=\"8120\">\n<li data-start=\"7801\" data-end=\"7881\">\n<p data-start=\"7803\" data-end=\"7881\"><strong data-start=\"7803\" data-end=\"7831\">Adli toksikoloji:<\/strong> Yeni ayr\u0131\u015ft\u0131r\u0131c\u0131 maddelerin tan\u0131mlanmas\u0131.<\/p>\n<\/li>\n<li data-start=\"7882\" data-end=\"7959\">\n<p data-start=\"7884\" data-end=\"7959\"><strong data-start=\"7884\" data-end=\"7907\">Analitik kimya:<\/strong> kromatografik tespit y\u00f6ntemlerinin do\u011frulanmas\u0131.<\/p>\n<\/li>\n<li data-start=\"7960\" data-end=\"8034\">\n<p data-start=\"7962\" data-end=\"8034\"><strong data-start=\"7962\" data-end=\"7991\">Farmakolojik ara\u015ft\u0131rma:<\/strong> NMDA resept\u00f6r etkile\u015fimlerinin incelenmesi.<\/p>\n<\/li>\n<li data-start=\"8035\" data-end=\"8120\">\n<p data-start=\"8037\" data-end=\"8120\"><strong data-start=\"8037\" data-end=\"8067\">Halk sa\u011fl\u0131\u011f\u0131 ara\u015ft\u0131rmas\u0131:<\/strong> yeni psikoaktif maddelerin (NPS) izlenmesi.<\/p>\n<\/li>\n<\/ul>\n<hr data-start=\"8122\" data-end=\"8125\" \/>\n<h2 data-start=\"8127\" data-end=\"8171\"><strong data-start=\"8130\" data-end=\"8171\">G\u00fcvenlik ve Yasal Hususlar<\/strong><\/h2>\n<p data-start=\"8173\" data-end=\"8408\"><strong data-start=\"8173\" data-end=\"8188\">G\u00fcvenlik:<\/strong><br data-start=\"8188\" data-end=\"8191\" \/>DMXE sadece \u015fu ki\u015filer taraf\u0131ndan kullan\u0131lmal\u0131d\u0131r <strong data-start=\"8236\" data-end=\"8262\">e\u011fitimli ara\u015ft\u0131rmac\u0131lar<\/strong> at <strong data-start=\"8266\" data-end=\"8290\">lisansl\u0131 laboratuvarlar<\/strong>.<br data-start=\"8291\" data-end=\"8294\" \/>Kullan\u0131m <strong data-start=\"8302\" data-end=\"8362\">koruyucu giysiler, eldivenler ve g\u00f6zl\u00fckler<\/strong>, ve duman veya toza maruz kalmaktan ka\u00e7\u0131n\u0131n.<\/p>\n<p data-start=\"8410\" data-end=\"8570\"><strong data-start=\"8410\" data-end=\"8432\">Yasal stat\u00fc:<\/strong><br data-start=\"8432\" data-end=\"8435\" \/>Bir\u00e7ok \u00fclkede, DMXE bir <strong data-start=\"8462\" data-end=\"8495\">kontroll\u00fc veya yasakl\u0131 madde<\/strong>. Ara\u015ft\u0131rma ama\u00e7lar\u0131 d\u0131\u015f\u0131nda kullan\u0131m, bulundurma veya sat\u0131\u015f <strong data-start=\"8554\" data-end=\"8567\">Cezaland\u0131r\u0131labilir<\/strong>.<\/p>\n<hr data-start=\"8572\" data-end=\"8575\" \/>\n<h2 data-start=\"8577\" data-end=\"8611\"><strong data-start=\"8580\" data-end=\"8611\">S\u0131k\u00e7a sorulan sorular (SSS)<\/strong><\/h2>\n<h3 data-start=\"8613\" data-end=\"8655\"><strong data-start=\"8617\" data-end=\"8655\">1. DMXE ne i\u00e7in ara\u015ft\u0131r\u0131l\u0131yor?<\/strong><\/h3>\n<p data-start=\"8656\" data-end=\"8755\">DMXE \u015funlar i\u00e7in kullan\u0131l\u0131r <strong data-start=\"8681\" data-end=\"8723\">adli\u0307 ve farmakoloji\u0307k i\u0307nceleme<\/strong> NMDA resept\u00f6r antagonistlerine.<\/p>\n<h3 data-start=\"8757\" data-end=\"8783\"><strong data-start=\"8761\" data-end=\"8783\">2. DMXE yasal m\u0131?<\/strong><\/h3>\n<p data-start=\"8784\" data-end=\"8893\">\u00c7o\u011fu \u00fclkede DMXE, Avrupa Komisyonu taraf\u0131ndan <strong data-start=\"8823\" data-end=\"8864\">kontroll\u00fc maddelere ili\u015fkin mevzuat<\/strong> Olup olmad\u0131\u011f\u0131 <strong data-start=\"8871\" data-end=\"8892\">analog mevzuat<\/strong>.<\/p>\n<h3 data-start=\"8895\" data-end=\"8945\"><strong data-start=\"8899\" data-end=\"8945\">3. DMXE nas\u0131l g\u00fcvenli bir \u015fekilde kullan\u0131lmal\u0131d\u0131r?<\/strong><\/h3>\n<p data-start=\"8946\" data-end=\"9094\">Sadece <strong data-start=\"8953\" data-end=\"8983\">profesyonel ara\u015ft\u0131rmac\u0131lar<\/strong> DMXE ile i\u015fleyebilir <strong data-start=\"9008\" data-end=\"9043\">uygun koruma \u00f6nlemleri<\/strong> ve kontroll\u00fc bir laboratuvar ortam\u0131nda.<\/p>","protected":false},"excerpt":{"rendered":"<h3>DMXE eigenschappen<\/h3>\n<p><strong>Synoniem:<\/strong> Deoksimetoksetamin<br \/>\n<strong>CAS Nummer:<\/strong> 2666932-45-0<br \/>\n<strong>Formule:<\/strong> <span title=\"Carbon\">C<\/span><sub>15<\/sub><span title=\"Hydrogen\">H<\/span><sub>21<\/sub><span title=\"Nitrogen\">N<\/span><span title=\"Oxygen\">O<\/span><br \/>\n<strong>Molmassa:<\/strong> 267,8 g\/mol<br \/>\n<strong>Safl\u0131k:<\/strong> &gt;98%<\/p>","protected":false},"featured_media":16974,"comment_status":"closed","ping_status":"closed","template":"","meta":[],"product_brand":[23],"product_cat":[98,122,26],"product_tag":[123,124,125,22],"class_list":{"0":"post-75","1":"product","2":"type-product","3":"status-publish","4":"has-post-thumbnail","6":"product_brand-research-chemical","7":"product_cat-arylcyclohexylamines","8":"product_cat-dmxe","9":"product_cat-sale","10":"product_tag-dmxe","11":"product_tag-dmxe-ervaring","12":"product_tag-dmxe-psychonaut","13":"product_tag-nl","15":"first","16":"instock","17":"sale","18":"shipping-taxable","19":"purchasable","20":"product-type-variable"},"_links":{"self":[{"href":"https:\/\/researchchemicalshop.eu\/tr\/wp-json\/wp\/v2\/product\/75","targetHints":{"allow":["GET"]}}],"collection":[{"href":"https:\/\/researchchemicalshop.eu\/tr\/wp-json\/wp\/v2\/product"}],"about":[{"href":"https:\/\/researchchemicalshop.eu\/tr\/wp-json\/wp\/v2\/types\/product"}],"replies":[{"embeddable":true,"href":"https:\/\/researchchemicalshop.eu\/tr\/wp-json\/wp\/v2\/comments?post=75"}],"version-history":[{"count":1,"href":"https:\/\/researchchemicalshop.eu\/tr\/wp-json\/wp\/v2\/product\/75\/revisions"}],"predecessor-version":[{"id":16647,"href":"https:\/\/researchchemicalshop.eu\/tr\/wp-json\/wp\/v2\/product\/75\/revisions\/16647"}],"wp:featuredmedia":[{"embeddable":true,"href":"https:\/\/researchchemicalshop.eu\/tr\/wp-json\/wp\/v2\/media\/16974"}],"wp:attachment":[{"href":"https:\/\/researchchemicalshop.eu\/tr\/wp-json\/wp\/v2\/media?parent=75"}],"wp:term":[{"taxonomy":"product_brand","embeddable":true,"href":"https:\/\/researchchemicalshop.eu\/tr\/wp-json\/wp\/v2\/product_brand?post=75"},{"taxonomy":"product_cat","embeddable":true,"href":"https:\/\/researchchemicalshop.eu\/tr\/wp-json\/wp\/v2\/product_cat?post=75"},{"taxonomy":"product_tag","embeddable":true,"href":"https:\/\/researchchemicalshop.eu\/tr\/wp-json\/wp\/v2\/product_tag?post=75"}],"curies":[{"name":"wp","href":"https:\/\/api.w.org\/{rel}","templated":true}]}}