{"id":741,"date":"2026-02-09T11:54:59","date_gmt":"2026-02-09T11:54:59","guid":{"rendered":"https:\/\/researchchemicalshop.eu\/?post_type=product&#038;p=741"},"modified":"2026-03-05T17:50:38","modified_gmt":"2026-03-05T17:50:38","slug":"apb-6-2","status":"publish","type":"product","link":"https:\/\/researchchemicalshop.eu\/tr\/urun\/apb-6-2\/","title":{"rendered":"APB 6 130mg Pelet"},"content":{"rendered":"<h3 data-start=\"6022\" data-end=\"6041\"><strong data-start=\"6026\" data-end=\"6041\">Giri\u015f<\/strong><\/h3>\n<p data-start=\"6043\" data-end=\"6339\"><strong data-start=\"6043\" data-end=\"6066\">6-APB 130mg Pellets<\/strong> onun <strong data-start=\"6072\" data-end=\"6119\">laboratuvar sinifi test maddeleri\u0307<\/strong>, i\u00e7in geli\u015ftirilmi\u015ftir. <strong data-start=\"6137\" data-end=\"6181\">bilimsel ve analitik ara\u015ft\u0131rma<\/strong>.<br data-start=\"6182\" data-end=\"6185\" \/>Her pelet \u015funlar\u0131 i\u00e7erir <strong data-start=\"6203\" data-end=\"6261\">130 milligram (mg) 6-(2-Aminopropyl)benzofuran (6-APB)<\/strong> \u2013 een <strong data-start=\"6268\" data-end=\"6293\">benzofuraanverbinding<\/strong> die behoort tot de <strong data-start=\"6313\" data-end=\"6336\">fenethylamineklasse<\/strong>. 6 apb kopen<\/p>\n<p data-start=\"6341\" data-end=\"6575\">A\u015fa\u011f\u0131dakilere g\u00f6re \u00fcretilmi\u015ftir <strong data-start=\"6362\" data-end=\"6403\">GLP (\u0130yi Laboratuvar Uygulamalar\u0131) standartlar\u0131<\/strong>, bu peletler \u015funlar\u0131 sunar <strong data-start=\"6425\" data-end=\"6444\">\u226599% safl\u0131k<\/strong>, <strong data-start=\"6446\" data-end=\"6471\">kimyasal kararl\u0131l\u0131k<\/strong>, en <strong data-start=\"6476\" data-end=\"6504\">betrouwbare consistentie<\/strong>, i\u00e7in idealdir. <strong data-start=\"6518\" data-end=\"6572\">adli\u0307, farmakoloji\u0307k ve anali\u0307ti\u0307k ara\u015ftirmalar<\/strong>.<\/p>\n<blockquote data-start=\"6577\" data-end=\"6721\">\n<p data-start=\"6579\" data-end=\"6721\">\u26a0\ufe0f <strong data-start=\"6582\" data-end=\"6593\">Not:<\/strong> Bu \u00fcr\u00fcn <strong data-start=\"6609\" data-end=\"6659\">sadece laboratuvar testleri i\u00e7in tasarlanm\u0131\u015ft\u0131r<\/strong> ve <strong data-start=\"6663\" data-end=\"6720\">insan veya hayvan t\u00fcketimi i\u00e7in uygun de\u011fildir<\/strong>.<\/p>\n<\/blockquote>\n<hr data-start=\"6723\" data-end=\"6726\" \/>\n<h3 data-start=\"6728\" data-end=\"6759\"><strong data-start=\"6732\" data-end=\"6759\">Temel \u00f6zellikler<\/strong><\/h3>\n<ul data-start=\"6761\" data-end=\"7230\">\n<li data-start=\"6761\" data-end=\"6857\">\n<p data-start=\"6763\" data-end=\"6857\"><strong data-start=\"6763\" data-end=\"6783\">Y\u00fcksek safl\u0131kta:<\/strong> \u226599% analytische kwaliteit, getest met chromatografie en spectrometrie.<\/p>\n<\/li>\n<li data-start=\"6858\" data-end=\"6913\">\n<p data-start=\"6860\" data-end=\"6913\"><strong data-start=\"6860\" data-end=\"6880\">Tam dozaj:<\/strong> Elke pellet bevat 130mg 6-APB.<\/p>\n<\/li>\n<li data-start=\"6914\" data-end=\"6980\">\n<p data-start=\"6916\" data-end=\"6980\"><strong data-start=\"6916\" data-end=\"6937\">Kimyasal olarak kararl\u0131d\u0131r:<\/strong> Uygun \u015fekilde depoland\u0131\u011f\u0131nda bozulmaya kar\u015f\u0131 dayan\u0131kl\u0131d\u0131r.<\/p>\n<\/li>\n<li data-start=\"6981\" data-end=\"7058\">\n<p data-start=\"6983\" data-end=\"7058\"><strong data-start=\"6983\" data-end=\"7000\">Batch-getest:<\/strong> Elke batch gecontroleerd op zuiverheid en consistentie.<\/p>\n<\/li>\n<li data-start=\"7059\" data-end=\"7137\">\n<p data-start=\"7061\" data-end=\"7137\"><strong data-start=\"7061\" data-end=\"7079\">GLP \u00fcretimi:<\/strong> Geproduceerd volgens internationale laboratoriumnormen.<\/p>\n<\/li>\n<li data-start=\"7138\" data-end=\"7230\">\n<p data-start=\"7140\" data-end=\"7230\"><strong data-start=\"7140\" data-end=\"7163\">G\u00fcvenli paketleme:<\/strong> Luchtdicht en vochtbestendig verpakt voor maximale houdbaarheid.<\/p>\n<\/li>\n<\/ul>\n<hr data-start=\"7232\" data-end=\"7235\" \/>\n<h3 data-start=\"7237\" data-end=\"7254\"><strong data-start=\"7241\" data-end=\"7254\">Avantajlar<\/strong><\/h3>\n<ol data-start=\"7256\" data-end=\"7666\">\n<li data-start=\"7256\" data-end=\"7345\">\n<p data-start=\"7259\" data-end=\"7345\"><strong data-start=\"7259\" data-end=\"7294\">S\u00fcrekli ara\u015ft\u0131rma bulgular\u0131:<\/strong> Hoge zuiverheid zorgt voor reproduceerbare data.<\/p>\n<\/li>\n<li data-start=\"7346\" data-end=\"7432\">\n<p data-start=\"7349\" data-end=\"7432\"><strong data-start=\"7349\" data-end=\"7376\">Uzun vadeli istikrar:<\/strong> Bestand tegen vocht, licht en temperatuurwisselingen.<\/p>\n<\/li>\n<li data-start=\"7433\" data-end=\"7506\">\n<p data-start=\"7436\" data-end=\"7506\"><strong data-start=\"7436\" data-end=\"7458\">Veilige hantering:<\/strong> Pelet formu kontaminasyon risklerini en aza indirir.<\/p>\n<\/li>\n<li data-start=\"7507\" data-end=\"7590\">\n<p data-start=\"7510\" data-end=\"7590\"><strong data-start=\"7510\" data-end=\"7538\">Profesyonel kalite:<\/strong> Geschikt voor analytisch en forensisch onderzoek. 6 apb kopen<\/p>\n<\/li>\n<li data-start=\"7591\" data-end=\"7666\">\n<p data-start=\"7594\" data-end=\"7666\"><strong data-start=\"7594\" data-end=\"7612\">Gebruiksgemak:<\/strong> Vooraf afgemeten pellets voor nauwkeurige metingen.<\/p>\n<\/li>\n<\/ol>\n<hr data-start=\"7668\" data-end=\"7671\" \/>\n<h3 data-start=\"7673\" data-end=\"7712\"><strong data-start=\"7677\" data-end=\"7712\">Kullan\u0131m (Yaln\u0131zca Ara\u015ft\u0131rma)<\/strong><\/h3>\n<ol data-start=\"7714\" data-end=\"8068\">\n<li data-start=\"7714\" data-end=\"7790\">\n<p data-start=\"7717\" data-end=\"7790\"><strong data-start=\"7717\" data-end=\"7747\">Koruyucu giysi giyin<\/strong> (handschoenen, labjas, veiligheidsbril).<\/p>\n<\/li>\n<li data-start=\"7791\" data-end=\"7861\">\n<p data-start=\"7794\" data-end=\"7861\"><strong data-start=\"7794\" data-end=\"7832\">Kalibre edilmi\u015f aletler kullan\u0131n<\/strong> voor nauwkeurige metingen.<\/p>\n<\/li>\n<li data-start=\"7862\" data-end=\"7927\">\n<p data-start=\"7865\" data-end=\"7927\"><strong data-start=\"7865\" data-end=\"7903\">Noteer batch- en monsterinformatie<\/strong> izlenebilirlik i\u00e7in.<\/p>\n<\/li>\n<li data-start=\"7928\" data-end=\"7992\">\n<p data-start=\"7931\" data-end=\"7992\"><strong data-start=\"7931\" data-end=\"7955\">Bewaar restmateriaal<\/strong> in een goed afgesloten verpakking.<\/p>\n<\/li>\n<li data-start=\"7993\" data-end=\"8068\">\n<p data-start=\"7996\" data-end=\"8068\"><strong data-start=\"7996\" data-end=\"8022\">Verwijder afvalstoffen<\/strong> volgens de geldende veiligheidsrichtlijnen.<\/p>\n<\/li>\n<\/ol>\n<blockquote data-start=\"8070\" data-end=\"8147\">\n<p data-start=\"8072\" data-end=\"8147\">\u2697\ufe0f <strong data-start=\"8075\" data-end=\"8147\">Sadece laboratuvar testleri i\u00e7indir - insan t\u00fcketimi i\u00e7in de\u011fildir.<\/strong><\/p>\n<\/blockquote>\n<hr data-start=\"8149\" data-end=\"8152\" \/>\n<h3 data-start=\"8154\" data-end=\"8179\"><strong data-start=\"8158\" data-end=\"8179\">Depolama talimatlar\u0131<\/strong><\/h3>\n<ul data-start=\"8181\" data-end=\"8356\">\n<li data-start=\"8181\" data-end=\"8223\">\n<p data-start=\"8183\" data-end=\"8223\">Kaydet <strong data-start=\"8194\" data-end=\"8203\">2-8\u00b0C<\/strong>, kuru ve karanl\u0131k.<\/p>\n<\/li>\n<li data-start=\"8224\" data-end=\"8267\">\n<p data-start=\"8226\" data-end=\"8267\">Houd de verpakking <strong data-start=\"8245\" data-end=\"8264\">goed afgesloten<\/strong>.<\/p>\n<\/li>\n<li data-start=\"8268\" data-end=\"8313\">\n<p data-start=\"8270\" data-end=\"8313\">Bescherm tegen <strong data-start=\"8285\" data-end=\"8310\">\u0131\u015f\u0131k, nem ve \u0131s\u0131<\/strong>.<\/p>\n<\/li>\n<li data-start=\"8314\" data-end=\"8356\">\n<p data-start=\"8316\" data-end=\"8356\">Yetkisiz ki\u015filerin ula\u015famayaca\u011f\u0131 yerlerde saklay\u0131n.<\/p>\n<\/li>\n<\/ul>\n<hr data-start=\"8358\" data-end=\"8361\" \/>\n<h3 data-start=\"8363\" data-end=\"8398\"><strong data-start=\"8367\" data-end=\"8398\">S\u0131k\u00e7a sorulan sorular (SSS)<\/strong><\/h3>\n<p data-start=\"8400\" data-end=\"8548\"><strong data-start=\"8400\" data-end=\"8443\">1. Waarvoor wordt 6-APB 130mg gebruikt?<\/strong><br data-start=\"8443\" data-end=\"8446\" \/>\u0130\u00e7in <strong data-start=\"8451\" data-end=\"8489\">analytisch en forensisch onderzoek<\/strong> i\u00e7in <strong data-start=\"8495\" data-end=\"8545\">benzofuraanverbindingen en receptorinteracties<\/strong>.<\/p>\n<p data-start=\"8550\" data-end=\"8735\"><strong data-start=\"8550\" data-end=\"8597\">2. Is dit product geschikt voor consumptie?<\/strong><br data-start=\"8597\" data-end=\"8600\" \/>Hay\u0131r. <strong data-start=\"8605\" data-end=\"8628\">6-APB 130mg Pellets<\/strong> onun <strong data-start=\"8634\" data-end=\"8684\">sadece laboratuvar testleri i\u00e7in tasarlanm\u0131\u015ft\u0131r<\/strong> ve <strong data-start=\"8688\" data-end=\"8732\">insan t\u00fcketimi i\u00e7in uygun de\u011fil<\/strong>.<\/p>\n<p data-start=\"8737\" data-end=\"8892\"><strong data-start=\"8737\" data-end=\"8787\">3. Hoe kan ik 6-APB Pellets het beste bewaren?<\/strong><br data-start=\"8787\" data-end=\"8790\" \/>Bunlar\u0131 bir <strong data-start=\"8807\" data-end=\"8851\">serin, kuru ve karanl\u0131k ortam (2-8\u00b0C)<\/strong> in een <strong data-start=\"8859\" data-end=\"8889\">s\u0131k\u0131ca kapat\u0131lm\u0131\u015f ambalaj<\/strong>.<\/p>\n<hr data-start=\"8894\" data-end=\"8897\" \/>\n<h3 data-start=\"8899\" data-end=\"8916\"><strong data-start=\"8903\" data-end=\"8916\">Sonu\u00e7<\/strong><\/h3>\n<p data-start=\"8918\" data-end=\"9204\"><strong data-start=\"8918\" data-end=\"8941\">6-APB 130mg Pellets<\/strong> teklif <strong data-start=\"8949\" data-end=\"9014\">ola\u011fan\u00fcst\u00fc safl\u0131k, kararl\u0131l\u0131k ve tekrar \u00fcretilebilirlik<\/strong>, ontwikkeld voor professioneel analytisch onderzoek.<br data-start=\"9067\" data-end=\"9070\" \/>Een betrouwbare keuze voor laboratoria die werken aan <strong data-start=\"9124\" data-end=\"9201\">chemische analyses en structurele onderzoeken van benzofuraanverbindingen<\/strong>.<\/p>\n<p><span style=\"vertical-align: inherit;\"><span style=\"vertical-align: inherit;\">\u00a0<\/span><\/span><a href=\"https:\/\/researchchemicalshop.eu\/tr\/dukkan\/lizergamidler\/1v-lsd-150-mcg-blotters\/\"><span style=\"vertical-align: inherit;\"><span style=\"vertical-align: inherit;\">1V-LSD 150 MCG Blotterlar<\/span><\/span><\/a><span style=\"vertical-align: inherit;\"><span style=\"vertical-align: inherit;\">\u00a0<\/span><\/span><a href=\"https:\/\/researchchemicalshop.eu\/tr\/dukkan\/katinonlar\/2-cmc-kopen\/\"><span style=\"vertical-align: inherit;\"><span style=\"vertical-align: inherit;\">2-CMC 250mg pellet<\/span><\/span><\/a><span style=\"vertical-align: inherit;\"><span style=\"vertical-align: inherit;\">\u00a0<\/span><\/span><a href=\"https:\/\/researchchemicalshop.eu\/tr\/dukkan\/neredeyse-yasak\/pink-star-pellets-5-mapb-70mg-2-fma-20mg-5-meo-mipt-2mg\/\"><span style=\"vertical-align: inherit;\"><span style=\"vertical-align: inherit;\">Pembe Y\u0131ld\u0131z Peletleri 5-MAPB 70mg \/ 2-FMA 20mg \/ 5-MeO-MiPT 2mg <\/span><\/span><\/a><a href=\"https:\/\/researchchemicalshop.eu\/tr\/dukkan\/neredeyse-yasak\/4f-mph-25-mg-pellets\/\"><span style=\"vertical-align: inherit;\"><span style=\"vertical-align: inherit;\">4F-MPH 25 MG Pellets<\/span><\/span><\/a><span style=\"vertical-align: inherit;\"><span style=\"vertical-align: inherit;\">\u00a0<\/span><\/span><a href=\"https:\/\/researchchemicalshop.eu\/tr\/dukkan\/peletler\/erextc-homosildenafil-100-mg-pellets\/\"><span style=\"vertical-align: inherit;\"><span style=\"vertical-align: inherit;\">EREXTC Homosildenafil 100 MG Pelet<\/span><\/span><\/a><\/p>","protected":false},"excerpt":{"rendered":"<h3><span style=\"vertical-align: inherit;\"><span style=\"vertical-align: inherit;\">6-APB properties<\/span><\/span><\/h3>\n<p><strong><span style=\"vertical-align: inherit;\"><span style=\"vertical-align: inherit;\">Synonym<\/span><\/span><\/strong><span style=\"vertical-align: inherit;\"><span style=\"vertical-align: inherit;\"> : 6-(2-aminopropyl)benzofuran <\/span><\/span><br \/>\n<strong><span style=\"vertical-align: inherit;\"><span style=\"vertical-align: inherit;\">CAS Number :<\/span><\/span><\/strong><span style=\"vertical-align: inherit;\"><span style=\"vertical-align: inherit;\"> 286834-85-3 <\/span><\/span><br \/>\n<strong><span style=\"vertical-align: inherit;\"><span style=\"vertical-align: inherit;\">Formula<\/span><\/span><\/strong><span style=\"vertical-align: inherit;\"><span style=\"vertical-align: inherit;\"> : <\/span><\/span><span title=\"Carbon\"><span style=\"vertical-align: inherit;\"><span style=\"vertical-align: inherit;\">C <\/span><\/span><\/span><sub><span style=\"vertical-align: inherit;\"><span style=\"vertical-align: inherit;\">11 <\/span><\/span><\/sub><span title=\"Hydrogen\"><span style=\"vertical-align: inherit;\"><span style=\"vertical-align: inherit;\">H <\/span><\/span><\/span><sub><span style=\"vertical-align: inherit;\"><span style=\"vertical-align: inherit;\">13 <\/span><\/span><\/sub><span title=\"Nitrogen\"><span style=\"vertical-align: inherit;\"><span style=\"vertical-align: inherit;\">N <\/span><\/span><\/span><span title=\"Oxygen\"><span style=\"vertical-align: inherit;\"><span style=\"vertical-align: inherit;\">O <\/span><\/span><\/span><br \/>\n<strong><span style=\"vertical-align: inherit;\"><span style=\"vertical-align: inherit;\">Molar mass<\/span><\/span><\/strong><span style=\"vertical-align: inherit;\"><span style=\"vertical-align: inherit;\"> : <\/span><\/span><span class=\"nowrap\"><span style=\"vertical-align: inherit;\"><span style=\"vertical-align: inherit;\">175.231<\/span><\/span><\/span><span style=\"vertical-align: inherit;\"><span style=\"vertical-align: inherit;\"> \u00a0g\/mol <\/span><\/span><br \/>\n<strong><span style=\"vertical-align: inherit;\"><span style=\"vertical-align: inherit;\">Purity<\/span><\/span><\/strong><span style=\"vertical-align: inherit;\"><span style=\"vertical-align: inherit;\"> : &gt;98%<\/span><\/span><\/p>","protected":false},"featured_media":16927,"comment_status":"closed","ping_status":"closed","template":"","meta":[],"product_brand":[23],"product_cat":[24,413,25,17,71],"product_tag":[29,481,22],"class_list":{"0":"post-741","1":"product","2":"type-product","3":"status-publish","4":"has-post-thumbnail","6":"product_brand-research-chemical","7":"product_cat-apb-6","8":"product_cat-6-apb-pellets","9":"product_cat-benzofuran","10":"product_cat-bijna-verboden","11":"product_cat-pellets","12":"product_tag-6-apb-kopen","13":"product_tag-apb-6","14":"product_tag-nl","16":"first","17":"instock","18":"shipping-taxable","19":"purchasable","20":"product-type-variable"},"_links":{"self":[{"href":"https:\/\/researchchemicalshop.eu\/tr\/wp-json\/wp\/v2\/product\/741","targetHints":{"allow":["GET"]}}],"collection":[{"href":"https:\/\/researchchemicalshop.eu\/tr\/wp-json\/wp\/v2\/product"}],"about":[{"href":"https:\/\/researchchemicalshop.eu\/tr\/wp-json\/wp\/v2\/types\/product"}],"replies":[{"embeddable":true,"href":"https:\/\/researchchemicalshop.eu\/tr\/wp-json\/wp\/v2\/comments?post=741"}],"version-history":[{"count":1,"href":"https:\/\/researchchemicalshop.eu\/tr\/wp-json\/wp\/v2\/product\/741\/revisions"}],"predecessor-version":[{"id":16604,"href":"https:\/\/researchchemicalshop.eu\/tr\/wp-json\/wp\/v2\/product\/741\/revisions\/16604"}],"wp:featuredmedia":[{"embeddable":true,"href":"https:\/\/researchchemicalshop.eu\/tr\/wp-json\/wp\/v2\/media\/16927"}],"wp:attachment":[{"href":"https:\/\/researchchemicalshop.eu\/tr\/wp-json\/wp\/v2\/media?parent=741"}],"wp:term":[{"taxonomy":"product_brand","embeddable":true,"href":"https:\/\/researchchemicalshop.eu\/tr\/wp-json\/wp\/v2\/product_brand?post=741"},{"taxonomy":"product_cat","embeddable":true,"href":"https:\/\/researchchemicalshop.eu\/tr\/wp-json\/wp\/v2\/product_cat?post=741"},{"taxonomy":"product_tag","embeddable":true,"href":"https:\/\/researchchemicalshop.eu\/tr\/wp-json\/wp\/v2\/product_tag?post=741"}],"curies":[{"name":"wp","href":"https:\/\/api.w.org\/{rel}","templated":true}]}}