{"id":686,"date":"2026-02-09T11:54:48","date_gmt":"2026-02-09T11:54:48","guid":{"rendered":"https:\/\/researchchemicalshop.eu\/?post_type=product&#038;p=686"},"modified":"2026-03-06T01:29:38","modified_gmt":"2026-03-06T01:29:38","slug":"deschloroetizolam","status":"publish","type":"product","link":"https:\/\/researchchemicalshop.eu\/tr\/urun\/deschloroetizolam\/","title":{"rendered":"DeschloroEtizolam 5 MG Pellets"},"content":{"rendered":"<p data-start=\"5079\" data-end=\"5377\"><strong data-start=\"5079\" data-end=\"5100\">DeschloroEtizolam<\/strong> bir <strong data-start=\"5108\" data-end=\"5138\">thienodiazepine-verbinding<\/strong>, verwant aan etizolam, en wordt gebruikt als <strong data-start=\"5184\" data-end=\"5202\">referans madde<\/strong> in analytische en forensische laboratoria. Deze stof helpt onderzoekers bij het bestuderen van benzodiazepine-analogen en hun detectie in chemische of biologische monsters. <span class=\"___SBox_epc1q-ko_ ___SText_zko9t-ko_\" data-ui-name=\"Link.Text\">deschloroetizolam<\/span><\/p>\n<p data-start=\"5379\" data-end=\"5643\">Bu <strong data-start=\"5382\" data-end=\"5416\">DeschloroEtizolam 5 mg Pellets<\/strong> zijn ontworpen voor <strong data-start=\"5437\" data-end=\"5461\">analytisch onderzoek<\/strong> ve <strong data-start=\"5465\" data-end=\"5495\">validatie van meetmethoden<\/strong>. Ze zijn <strong data-start=\"5505\" data-end=\"5561\">niet bedoeld voor menselijke of dierlijke consumptie<\/strong> en mogen uitsluitend worden gehanteerd door gekwalificeerd laboratoriumpersoneel.<\/p>\n<hr data-start=\"5645\" data-end=\"5648\" \/>\n<h3 data-start=\"5650\" data-end=\"5681\"><strong data-start=\"5654\" data-end=\"5681\">Temel \u00f6zellikler<\/strong><\/h3>\n<ul data-start=\"5683\" data-end=\"6188\">\n<li data-start=\"5683\" data-end=\"5795\">\n<p data-start=\"5685\" data-end=\"5795\"><strong data-start=\"5685\" data-end=\"5705\">Y\u00fcksek Safl\u0131kta:<\/strong> Geproduceerd onder gecontroleerde omstandigheden voor betrouwbare onderzoeksresultaten.<\/p>\n<\/li>\n<li data-start=\"5796\" data-end=\"5902\">\n<p data-start=\"5798\" data-end=\"5902\"><strong data-start=\"5798\" data-end=\"5830\">Gestandaardiseerde Dosering:<\/strong> Elke pellet bevat 5 mg DeschloroEtizolam voor nauwkeurige kalibratie.<\/p>\n<\/li>\n<li data-start=\"5903\" data-end=\"6014\">\n<p data-start=\"5905\" data-end=\"6014\"><strong data-start=\"5905\" data-end=\"5944\">Sertifikal\u0131 Referans Malzemesi:<\/strong> Birlikte verilir <strong data-start=\"5958\" data-end=\"5986\">analiz sertifikas\u0131 (COA)<\/strong> en zuiverheidsinformatie.<\/p>\n<\/li>\n<li data-start=\"6015\" data-end=\"6100\">\n<p data-start=\"6017\" data-end=\"6100\"><strong data-start=\"6017\" data-end=\"6038\">Breed Toepasbaar:<\/strong> \u015eunlar i\u00e7in uygundur <strong data-start=\"6053\" data-end=\"6062\">GC-MS<\/strong>, <strong data-start=\"6064\" data-end=\"6072\">HPLC<\/strong> ve <strong data-start=\"6076\" data-end=\"6088\">LC-MS\/MS<\/strong> Analizler.<\/p>\n<\/li>\n<li data-start=\"6101\" data-end=\"6188\">\n<p data-start=\"6103\" data-end=\"6188\"><strong data-start=\"6103\" data-end=\"6127\">Stabiele Pelletvorm:<\/strong> Behoudt chemische integriteit tijdens opslag en transport.<\/p>\n<\/li>\n<\/ul>\n<hr data-start=\"6190\" data-end=\"6193\" \/>\n<h3 data-start=\"6195\" data-end=\"6212\"><strong data-start=\"6199\" data-end=\"6212\">Avantajlar<\/strong><\/h3>\n<ul data-start=\"6214\" data-end=\"6690\">\n<li data-start=\"6214\" data-end=\"6325\">\n<p data-start=\"6216\" data-end=\"6325\"><strong data-start=\"6216\" data-end=\"6253\">Ondersteunt Analytisch Onderzoek:<\/strong> Helpt bij het ontwikkelen van detectiemethoden voor thienodiazepinen.<\/p>\n<\/li>\n<li data-start=\"6326\" data-end=\"6418\">\n<p data-start=\"6328\" data-end=\"6418\"><strong data-start=\"6328\" data-end=\"6355\">G\u00fcvenilir Kalibrasyon:<\/strong> Biedt consistente referentiepunten voor laboratoriumanalyse.<\/p>\n<\/li>\n<li data-start=\"6419\" data-end=\"6516\">\n<p data-start=\"6421\" data-end=\"6516\"><strong data-start=\"6421\" data-end=\"6448\">Forensische Relevantie:<\/strong> Gebruikt in toxicologisch onderzoek naar benzodiazepine-analogen.<\/p>\n<\/li>\n<li data-start=\"6517\" data-end=\"6612\">\n<p data-start=\"6519\" data-end=\"6612\"><strong data-start=\"6519\" data-end=\"6550\">G\u00fcvenli Laboratuvar Kullan\u0131m\u0131:<\/strong> Geproduceerd volgens internationale veiligheidsrichtlijnen.<\/p>\n<\/li>\n<li data-start=\"6613\" data-end=\"6690\">\n<p data-start=\"6615\" data-end=\"6690\"><strong data-start=\"6615\" data-end=\"6641\">Educatieve Toepassing:<\/strong> Geschikt voor academische onderzoeksprojecten.<\/p>\n<\/li>\n<\/ul>\n<hr data-start=\"6692\" data-end=\"6695\" \/>\n<h3 data-start=\"6697\" data-end=\"6758\"><strong data-start=\"6701\" data-end=\"6758\">Kullan\u0131m talimatlar\u0131 (Sadece ara\u015ft\u0131rma ama\u00e7l\u0131d\u0131r)<\/strong><\/h3>\n<ol data-start=\"6760\" data-end=\"7113\">\n<li data-start=\"6760\" data-end=\"6867\">\n<p data-start=\"6763\" data-end=\"6867\"><strong data-start=\"6763\" data-end=\"6781\">Haz\u0131rl\u0131k:<\/strong> Gebruik uitsluitend in erkende laboratoria en draag geschikte beschermingsmiddelen.<\/p>\n<\/li>\n<li data-start=\"6868\" data-end=\"6963\">\n<p data-start=\"6871\" data-end=\"6963\"><strong data-start=\"6871\" data-end=\"6886\">Uygulama:<\/strong> Gebruik volgens gevalideerde analytische of chromatografische protocollen.<\/p>\n<\/li>\n<li data-start=\"6964\" data-end=\"7027\">\n<p data-start=\"6967\" data-end=\"7027\"><strong data-start=\"6967\" data-end=\"6978\">Depolama:<\/strong> Serin, kuru ve karanl\u0131kta, iyi kapat\u0131lm\u0131\u015f olarak saklay\u0131n.<\/p>\n<\/li>\n<li data-start=\"7028\" data-end=\"7113\">\n<p data-start=\"7031\" data-end=\"7113\"><strong data-start=\"7031\" data-end=\"7042\">Drenaj:<\/strong> Verwerk restanten volgens de lokale richtlijnen voor chemisch afval.<\/p>\n<\/li>\n<\/ol>\n<hr data-start=\"7115\" data-end=\"7118\" \/>\n<h3 data-start=\"7120\" data-end=\"7154\"><strong data-start=\"7124\" data-end=\"7154\">G\u00fcvenlik ve uyumluluk<\/strong><\/h3>\n<ul data-start=\"7156\" data-end=\"7614\">\n<li data-start=\"7156\" data-end=\"7253\">\n<p data-start=\"7158\" data-end=\"7253\"><strong data-start=\"7158\" data-end=\"7196\">Alleen voor Laboratoriumonderzoek:<\/strong> \u0130nsan veya hayvan t\u00fcketimi i\u00e7in uygun de\u011fildir.<\/p>\n<\/li>\n<li data-start=\"7254\" data-end=\"7383\">\n<p data-start=\"7256\" data-end=\"7383\"><strong data-start=\"7256\" data-end=\"7284\">Yasal Hususlar:<\/strong> De status van DeschloroEtizolam kan per land verschillen. Controleer altijd de lokale wetgeving.<\/p>\n<\/li>\n<li data-start=\"7384\" data-end=\"7489\">\n<p data-start=\"7386\" data-end=\"7489\"><strong data-start=\"7386\" data-end=\"7414\">Sa\u011fl\u0131k ve G\u00fcvenlik:<\/strong> Vermijd contact met huid en ogen. Gebruik in goed geventileerde ruimtes.<\/p>\n<\/li>\n<li data-start=\"7490\" data-end=\"7614\">\n<p data-start=\"7492\" data-end=\"7614\"><strong data-start=\"7492\" data-end=\"7509\">Dok\u00fcmantasyon:<\/strong> A <strong data-start=\"7514\" data-end=\"7550\">g\u00fcvenlik veri sayfas\u0131 (MSDS)<\/strong> ve <strong data-start=\"7554\" data-end=\"7582\">analiz sertifikas\u0131 (COA)<\/strong> istek \u00fczerine temin edilebilir.<\/p>\n<\/li>\n<\/ul>\n<hr data-start=\"7616\" data-end=\"7619\" \/>\n<h3 data-start=\"7621\" data-end=\"7656\"><strong data-start=\"7625\" data-end=\"7656\">S\u0131k\u00e7a sorulan sorular (SSS)<\/strong><\/h3>\n<p data-start=\"7658\" data-end=\"7843\"><strong data-start=\"7658\" data-end=\"7721\">1. Waarvoor worden DeschloroEtizolam 5 mg Pellets gebruikt?<\/strong><br data-start=\"7721\" data-end=\"7724\" \/>Ze worden gebruikt als <strong data-start=\"7747\" data-end=\"7770\">referentiestandaard<\/strong> in forensisch en toxicologisch onderzoek naar benzodiazepine-analogen.<\/p>\n<p data-start=\"7845\" data-end=\"8029\"><strong data-start=\"7845\" data-end=\"7905\">2. Zijn deze pellets bedoeld voor menselijke consumptie?<\/strong><br data-start=\"7905\" data-end=\"7908\" \/>Nee. Deze pellets zijn <strong data-start=\"7931\" data-end=\"7981\">sadece laboratuvar testleri i\u00e7in tasarlanm\u0131\u015ft\u0131r<\/strong> ve <strong data-start=\"7985\" data-end=\"8026\">niet goedgekeurd voor medisch gebruik<\/strong>.<\/p>\n<p data-start=\"8031\" data-end=\"8177\"><strong data-start=\"8031\" data-end=\"8093\">3. Hoe moeten DeschloroEtizolam Pellets worden opgeslagen?<\/strong><br data-start=\"8093\" data-end=\"8096\" \/>Serin, kuru ve karanl\u0131kta, iyi kapat\u0131lm\u0131\u015f ve yetkisiz ki\u015filerin eri\u015femeyece\u011fi bir yerde saklay\u0131n.<\/p>","protected":false},"excerpt":{"rendered":"<h2><span dir=\"auto\" style=\"vertical-align: inherit;\"><span dir=\"auto\" style=\"vertical-align: inherit;\">DeschloroEtizolam pellets properties<\/span><\/span><\/h2>\n<p><strong><span dir=\"auto\" style=\"vertical-align: inherit;\"><span dir=\"auto\" style=\"vertical-align: inherit;\">Synonym<\/span><\/span><\/strong><span dir=\"auto\" style=\"vertical-align: inherit;\"><span dir=\"auto\" style=\"vertical-align: inherit;\"> : <\/span><\/span><i><span dir=\"auto\" style=\"vertical-align: inherit;\"><span dir=\"auto\" style=\"vertical-align: inherit;\">2-ethyl-9-methyl-4-phenyl-6H-thieno[3,2-f][1,2,4]triazolo[4,3-a][1,4]diazepine <\/span><\/span><\/i><br \/>\n<strong><span dir=\"auto\" style=\"vertical-align: inherit;\"><span dir=\"auto\" style=\"vertical-align: inherit;\">CAS Number<\/span><\/span><\/strong><span dir=\"auto\" style=\"vertical-align: inherit;\"><span dir=\"auto\" style=\"vertical-align: inherit;\"> : 40054-73-7 <\/span><\/span><br \/>\n<strong><span dir=\"auto\" style=\"vertical-align: inherit;\"><span dir=\"auto\" style=\"vertical-align: inherit;\">Formula<\/span><\/span><\/strong><span dir=\"auto\" style=\"vertical-align: inherit;\"><span dir=\"auto\" style=\"vertical-align: inherit;\"> : C17H16N4S <\/span><\/span><br \/>\n<strong><span dir=\"auto\" style=\"vertical-align: inherit;\"><span dir=\"auto\" style=\"vertical-align: inherit;\">Molar Mass<\/span><\/span><\/strong><span dir=\"auto\" style=\"vertical-align: inherit;\"><span dir=\"auto\" style=\"vertical-align: inherit;\"> : 308.4 <\/span><\/span><br \/>\n<strong><span dir=\"auto\" style=\"vertical-align: inherit;\"><span dir=\"auto\" style=\"vertical-align: inherit;\">Purity<\/span><\/span><\/strong><span dir=\"auto\" style=\"vertical-align: inherit;\"><span dir=\"auto\" style=\"vertical-align: inherit;\"> : \u2265 99%<\/span><\/span><\/p>\n","protected":false},"featured_media":17071,"comment_status":"closed","ping_status":"closed","template":"","meta":[],"product_brand":[],"product_cat":[74,350,351,71],"product_tag":[352,353,22],"class_list":{"0":"post-686","1":"product","2":"type-product","3":"status-publish","4":"has-post-thumbnail","6":"product_cat-benzodiazepinen","7":"product_cat-deschloroetizolam","8":"product_cat-deschloroetizolam-pellets","9":"product_cat-pellets","10":"product_tag-deschloroetizolam","11":"product_tag-deschloroetizolam-kopen","12":"product_tag-nl","14":"first","15":"instock","16":"shipping-taxable","17":"purchasable","18":"product-type-variable"},"_links":{"self":[{"href":"https:\/\/researchchemicalshop.eu\/tr\/wp-json\/wp\/v2\/product\/686","targetHints":{"allow":["GET"]}}],"collection":[{"href":"https:\/\/researchchemicalshop.eu\/tr\/wp-json\/wp\/v2\/product"}],"about":[{"href":"https:\/\/researchchemicalshop.eu\/tr\/wp-json\/wp\/v2\/types\/product"}],"replies":[{"embeddable":true,"href":"https:\/\/researchchemicalshop.eu\/tr\/wp-json\/wp\/v2\/comments?post=686"}],"version-history":[{"count":1,"href":"https:\/\/researchchemicalshop.eu\/tr\/wp-json\/wp\/v2\/product\/686\/revisions"}],"predecessor-version":[{"id":16625,"href":"https:\/\/researchchemicalshop.eu\/tr\/wp-json\/wp\/v2\/product\/686\/revisions\/16625"}],"wp:featuredmedia":[{"embeddable":true,"href":"https:\/\/researchchemicalshop.eu\/tr\/wp-json\/wp\/v2\/media\/17071"}],"wp:attachment":[{"href":"https:\/\/researchchemicalshop.eu\/tr\/wp-json\/wp\/v2\/media?parent=686"}],"wp:term":[{"taxonomy":"product_brand","embeddable":true,"href":"https:\/\/researchchemicalshop.eu\/tr\/wp-json\/wp\/v2\/product_brand?post=686"},{"taxonomy":"product_cat","embeddable":true,"href":"https:\/\/researchchemicalshop.eu\/tr\/wp-json\/wp\/v2\/product_cat?post=686"},{"taxonomy":"product_tag","embeddable":true,"href":"https:\/\/researchchemicalshop.eu\/tr\/wp-json\/wp\/v2\/product_tag?post=686"}],"curies":[{"name":"wp","href":"https:\/\/api.w.org\/{rel}","templated":true}]}}