{"id":683,"date":"2026-02-09T11:54:47","date_gmt":"2026-02-09T11:54:47","guid":{"rendered":"https:\/\/researchchemicalshop.eu\/?post_type=product&#038;p=683"},"modified":"2026-03-06T01:23:38","modified_gmt":"2026-03-06T01:23:38","slug":"fluetizolam","status":"publish","type":"product","link":"https:\/\/researchchemicalshop.eu\/tr\/urun\/fluetizolam\/","title":{"rendered":"Fluetizolam 1 MG Pellets"},"content":{"rendered":"<p>&nbsp;<\/p>\n<p data-start=\"5358\" data-end=\"5627\"><strong data-start=\"5358\" data-end=\"5373\">Fluetizolam<\/strong> bir <strong data-start=\"5381\" data-end=\"5411\">thienodiazepine-verbinding<\/strong> die verwant is aan etizolam. Het wordt gebruikt als <strong data-start=\"5464\" data-end=\"5482\">referans madde<\/strong> in analytische en forensische laboratoria voor het bestuderen en detecteren van thienodiazepine-analogen in biologische of chemische monsters.<\/p>\n<p data-start=\"5629\" data-end=\"5896\">Bu <strong data-start=\"5632\" data-end=\"5660\">Fluetizolam 1 mg Pellets<\/strong> onun <strong data-start=\"5666\" data-end=\"5693\">nauwkeurig samengesteld<\/strong> i\u00e7in <strong data-start=\"5699\" data-end=\"5753\">kwalitatieve en kwantitatieve onderzoeksdoeleinden<\/strong>. Ze zijn <strong data-start=\"5763\" data-end=\"5819\">niet bedoeld voor menselijke of dierlijke consumptie<\/strong> en mogen alleen worden gehanteerd door gekwalificeerd laboratoriumpersoneel.<\/p>\n<hr data-start=\"5898\" data-end=\"5901\" \/>\n<h3 data-start=\"5903\" data-end=\"5934\"><strong data-start=\"5907\" data-end=\"5934\">Temel \u00f6zellikler<\/strong><\/h3>\n<ul data-start=\"5936\" data-end=\"6438\">\n<li data-start=\"5936\" data-end=\"6044\">\n<p data-start=\"5938\" data-end=\"6044\"><strong data-start=\"5938\" data-end=\"5958\">Y\u00fcksek Safl\u0131kta:<\/strong> Geproduceerd onder strikte laboratoriumvoorwaarden voor reproduceerbare resultaten.<\/p>\n<\/li>\n<li data-start=\"6045\" data-end=\"6159\">\n<p data-start=\"6047\" data-end=\"6159\"><strong data-start=\"6047\" data-end=\"6079\">Gestandaardiseerde Dosering:<\/strong> Her pelet \u015funlar\u0131 i\u00e7erir <strong data-start=\"6098\" data-end=\"6118\">1 mg Fluetizolam<\/strong> voor nauwkeurige analytische metingen.<\/p>\n<\/li>\n<li data-start=\"6160\" data-end=\"6246\">\n<p data-start=\"6162\" data-end=\"6246\"><strong data-start=\"6162\" data-end=\"6201\">Sertifikal\u0131 Referans Malzemesi:<\/strong> Birlikte verilir <strong data-start=\"6215\" data-end=\"6243\">analiz sertifikas\u0131 (COA)<\/strong>.<\/p>\n<\/li>\n<li data-start=\"6247\" data-end=\"6342\">\n<p data-start=\"6249\" data-end=\"6342\"><strong data-start=\"6249\" data-end=\"6280\">Analitik Geni\u015f Da\u011f\u0131t\u0131m:<\/strong> \u015eunlar i\u00e7in uygundur <strong data-start=\"6295\" data-end=\"6304\">GC-MS<\/strong>, <strong data-start=\"6306\" data-end=\"6314\">HPLC<\/strong> ve <strong data-start=\"6318\" data-end=\"6330\">LC-MS\/MS<\/strong> Analizler.<\/p>\n<\/li>\n<li data-start=\"6343\" data-end=\"6438\">\n<p data-start=\"6345\" data-end=\"6438\"><strong data-start=\"6345\" data-end=\"6366\">Stabiele Formule:<\/strong> Ontworpen voor langdurige opslag onder gecontroleerde omstandigheden.<\/p>\n<\/li>\n<\/ul>\n<hr data-start=\"6440\" data-end=\"6443\" \/>\n<h3 data-start=\"6445\" data-end=\"6462\"><strong data-start=\"6449\" data-end=\"6462\">Avantajlar<\/strong><\/h3>\n<ul data-start=\"6464\" data-end=\"6967\">\n<li data-start=\"6464\" data-end=\"6574\">\n<p data-start=\"6466\" data-end=\"6574\"><strong data-start=\"6466\" data-end=\"6502\">Adli Analizleri Destekler:<\/strong> Helpt bij detectie en kwantificatie van thienodiazepine-verbindingen.<\/p>\n<\/li>\n<li data-start=\"6575\" data-end=\"6667\">\n<p data-start=\"6577\" data-end=\"6667\"><strong data-start=\"6577\" data-end=\"6610\">Verhoogde Meetnauwkeurigheid:<\/strong> Zorgt voor consistente kalibratie en betrouwbare data.<\/p>\n<\/li>\n<li data-start=\"6668\" data-end=\"6768\">\n<p data-start=\"6670\" data-end=\"6768\"><strong data-start=\"6670\" data-end=\"6692\">E\u011fitim De\u011feri:<\/strong> Geschikt voor academische onderzoeksprojecten in analytische toxicologie.<\/p>\n<\/li>\n<li data-start=\"6769\" data-end=\"6867\">\n<p data-start=\"6771\" data-end=\"6867\"><strong data-start=\"6771\" data-end=\"6807\">Betrouwbare Referentiestandaard:<\/strong> Ondersteunt toxicologische en forensische methodologie\u00ebn.<\/p>\n<\/li>\n<li data-start=\"6868\" data-end=\"6967\">\n<p data-start=\"6870\" data-end=\"6967\"><strong data-start=\"6870\" data-end=\"6904\">G\u00fcvenlik standartlar\u0131n\u0131 kar\u015f\u0131lar:<\/strong> Geproduceerd volgens internationale laboratoriumrichtlijnen.<\/p>\n<\/li>\n<\/ul>\n<hr data-start=\"6969\" data-end=\"6972\" \/>\n<h3 data-start=\"6974\" data-end=\"7035\"><strong data-start=\"6978\" data-end=\"7035\">Kullan\u0131m talimatlar\u0131 (Sadece ara\u015ft\u0131rma ama\u00e7l\u0131d\u0131r)<\/strong><\/h3>\n<ol data-start=\"7037\" data-end=\"7438\">\n<li data-start=\"7037\" data-end=\"7139\">\n<p data-start=\"7040\" data-end=\"7139\"><strong data-start=\"7040\" data-end=\"7058\">Haz\u0131rl\u0131k:<\/strong> Gebruik alleen in erkende laboratoria en draag geschikte beschermingsmiddelen.<\/p>\n<\/li>\n<li data-start=\"7140\" data-end=\"7280\">\n<p data-start=\"7143\" data-end=\"7280\"><strong data-start=\"7143\" data-end=\"7158\">Uygulama:<\/strong> Gebruik pellets voor <strong data-start=\"7180\" data-end=\"7194\">kalibratie<\/strong>, <strong data-start=\"7196\" data-end=\"7214\">chromatografie<\/strong> veya <strong data-start=\"7218\" data-end=\"7244\">spectrale vergelijking<\/strong> volgens gevalideerde protocollen.<\/p>\n<\/li>\n<li data-start=\"7281\" data-end=\"7344\">\n<p data-start=\"7284\" data-end=\"7344\"><strong data-start=\"7284\" data-end=\"7295\">Depolama:<\/strong> Serin, kuru ve karanl\u0131kta, iyi kapat\u0131lm\u0131\u015f olarak saklay\u0131n.<\/p>\n<\/li>\n<li data-start=\"7345\" data-end=\"7438\">\n<p data-start=\"7348\" data-end=\"7438\"><strong data-start=\"7348\" data-end=\"7359\">Drenaj:<\/strong> Verwijder restanten volgens de lokale richtlijnen voor chemisch afvalbeheer.<\/p>\n<\/li>\n<\/ol>\n<hr data-start=\"7440\" data-end=\"7443\" \/>\n<h3 data-start=\"7445\" data-end=\"7479\"><strong data-start=\"7449\" data-end=\"7479\">G\u00fcvenlik ve uyumluluk<\/strong><\/h3>\n<ul data-start=\"7481\" data-end=\"7915\">\n<li data-start=\"7481\" data-end=\"7576\">\n<p data-start=\"7483\" data-end=\"7576\"><strong data-start=\"7483\" data-end=\"7519\">Sadece laboratuvar kullan\u0131m\u0131 i\u00e7indir:<\/strong> \u0130nsan veya hayvan t\u00fcketimi i\u00e7in uygun de\u011fildir.<\/p>\n<\/li>\n<li data-start=\"7577\" data-end=\"7684\">\n<p data-start=\"7579\" data-end=\"7684\"><strong data-start=\"7579\" data-end=\"7607\">Yasal Hususlar:<\/strong> Controleer altijd de lokale wetgeving omtrent het gebruik van Fluetizolam.<\/p>\n<\/li>\n<li data-start=\"7685\" data-end=\"7790\">\n<p data-start=\"7687\" data-end=\"7790\"><strong data-start=\"7687\" data-end=\"7715\">Sa\u011fl\u0131k ve G\u00fcvenlik:<\/strong> Vermijd contact met huid en ogen; werk in een goed geventileerde ruimte.<\/p>\n<\/li>\n<li data-start=\"7791\" data-end=\"7915\">\n<p data-start=\"7793\" data-end=\"7915\"><strong data-start=\"7793\" data-end=\"7810\">Dok\u00fcmantasyon:<\/strong> A <strong data-start=\"7815\" data-end=\"7851\">g\u00fcvenlik veri sayfas\u0131 (MSDS)<\/strong> ve <strong data-start=\"7855\" data-end=\"7883\">analiz sertifikas\u0131 (COA)<\/strong> zijn op aanvraag beschikbaar.<\/p>\n<\/li>\n<\/ul>\n<hr data-start=\"7917\" data-end=\"7920\" \/>\n<h3 data-start=\"7922\" data-end=\"7957\"><strong data-start=\"7926\" data-end=\"7957\">S\u0131k\u00e7a sorulan sorular (SSS)<\/strong><\/h3>\n<p data-start=\"7959\" data-end=\"8103\"><strong data-start=\"7959\" data-end=\"8002\">1. Waarvoor wordt Fluetizolam gebruikt?<\/strong><br data-start=\"8002\" data-end=\"8005\" \/>Fluetizolam wordt gebruikt als <strong data-start=\"8036\" data-end=\"8059\">referentiestandaard<\/strong> in forensisch en toxicologisch onderzoek.<\/p>\n<p data-start=\"8105\" data-end=\"8272\"><strong data-start=\"8105\" data-end=\"8163\">2. Is Fluetizolam geschikt voor menselijke consumptie?<\/strong><br data-start=\"8163\" data-end=\"8166\" \/>Hay\u0131r. Bu \u00fcr\u00fcn <strong data-start=\"8186\" data-end=\"8224\">uitsluitend bedoeld voor onderzoek<\/strong> ve <strong data-start=\"8228\" data-end=\"8269\">niet goedgekeurd voor medisch gebruik<\/strong>.<\/p>\n<p data-start=\"8274\" data-end=\"8419\"><strong data-start=\"8274\" data-end=\"8335\">3. Hoe moeten Fluetizolam 1 mg Pellets worden opgeslagen?<\/strong><br data-start=\"8335\" data-end=\"8338\" \/>Serin, kuru ve karanl\u0131kta, iyi kapat\u0131lm\u0131\u015f ve yetkisiz ki\u015filerin eri\u015femeyece\u011fi bir yerde saklay\u0131n.<\/p>\n<p><a href=\"https:\/\/researchchemicalshop.eu\/tr\/dukkan\/lizergamidler\/1v-lsd-150-mcg-blotters\/\">1V-LSD 150 MCG Blotterlar <\/a><a href=\"https:\/\/researchchemicalshop.eu\/tr\/dukkan\/neredeyse-yasak\/6-cl-adba\/\">6-CL-ADBA <\/a><a href=\"https:\/\/researchchemicalshop.eu\/tr\/dukkan\/katinonlar\/2-cmc-kopen\/\">2-CMC 250mg pellet <\/a><a href=\"https:\/\/researchchemicalshop.eu\/tr\/dukkan\/fenetilamin\/2c-ef-2mg-capsules\/\">2C-EF 2mg Capsules <\/a><a href=\"https:\/\/researchchemicalshop.eu\/tr\/dukkan\/overig\/meai\/\">MEAI<\/a><\/p>","protected":false},"excerpt":{"rendered":"<h2>Fluetizolam pellets eigenschappen<\/h2>\n<p><strong>Synoniem<\/strong>: <b>2-ethyl-4-(2-fluorophenyl)-9-methyl-6H-thieno[3,2-f][1,2,4]triazolo[4,3-a][1,4]diazepine<\/b><br \/>\n<strong>CAS Nummer<\/strong>: 40054-88-4<br \/>\n<strong>Formule<\/strong>: <span title=\"Carbon\">C<\/span><sub>17<\/sub><span title=\"Hydrogen\">H<\/span><sub>15<\/sub><span title=\"Fluorine\">F<\/span><span title=\"Nitrogen\">N<\/span><sub>4<\/sub><span title=\"Sulfur\">S<\/span><br \/>\n<strong>Molmassa<\/strong>: 342.8 g\/mol<br \/>\n<strong>Zuiverheid<\/strong>: \u2265 99%<\/p>\n","protected":false},"featured_media":16997,"comment_status":"closed","ping_status":"closed","template":"","meta":[],"product_brand":[],"product_cat":[74,341,342,71],"product_tag":[343,344,22],"class_list":{"0":"post-683","1":"product","2":"type-product","3":"status-publish","4":"has-post-thumbnail","6":"product_cat-benzodiazepinen","7":"product_cat-fluetizolam","8":"product_cat-fluetizolam-pellets","9":"product_cat-pellets","10":"product_tag-fluetizolam","11":"product_tag-fluetizolam-kopen","12":"product_tag-nl","14":"first","15":"instock","16":"shipping-taxable","17":"purchasable","18":"product-type-variable"},"_links":{"self":[{"href":"https:\/\/researchchemicalshop.eu\/tr\/wp-json\/wp\/v2\/product\/683","targetHints":{"allow":["GET"]}}],"collection":[{"href":"https:\/\/researchchemicalshop.eu\/tr\/wp-json\/wp\/v2\/product"}],"about":[{"href":"https:\/\/researchchemicalshop.eu\/tr\/wp-json\/wp\/v2\/types\/product"}],"replies":[{"embeddable":true,"href":"https:\/\/researchchemicalshop.eu\/tr\/wp-json\/wp\/v2\/comments?post=683"}],"version-history":[{"count":1,"href":"https:\/\/researchchemicalshop.eu\/tr\/wp-json\/wp\/v2\/product\/683\/revisions"}],"predecessor-version":[{"id":16639,"href":"https:\/\/researchchemicalshop.eu\/tr\/wp-json\/wp\/v2\/product\/683\/revisions\/16639"}],"wp:featuredmedia":[{"embeddable":true,"href":"https:\/\/researchchemicalshop.eu\/tr\/wp-json\/wp\/v2\/media\/16997"}],"wp:attachment":[{"href":"https:\/\/researchchemicalshop.eu\/tr\/wp-json\/wp\/v2\/media?parent=683"}],"wp:term":[{"taxonomy":"product_brand","embeddable":true,"href":"https:\/\/researchchemicalshop.eu\/tr\/wp-json\/wp\/v2\/product_brand?post=683"},{"taxonomy":"product_cat","embeddable":true,"href":"https:\/\/researchchemicalshop.eu\/tr\/wp-json\/wp\/v2\/product_cat?post=683"},{"taxonomy":"product_tag","embeddable":true,"href":"https:\/\/researchchemicalshop.eu\/tr\/wp-json\/wp\/v2\/product_tag?post=683"}],"curies":[{"name":"wp","href":"https:\/\/api.w.org\/{rel}","templated":true}]}}