{"id":680,"date":"2026-02-09T11:54:47","date_gmt":"2026-02-09T11:54:47","guid":{"rendered":"https:\/\/researchchemicalshop.eu\/?post_type=product&#038;p=680"},"modified":"2026-03-06T01:18:45","modified_gmt":"2026-03-06T01:18:45","slug":"chem-mist-2f-dck-spray-3","status":"publish","type":"product","link":"https:\/\/researchchemicalshop.eu\/tr\/urun\/chem-mist-2f-dck-spray-3\/","title":{"rendered":"Chem-mist 2F-DCK sprey 30%"},"content":{"rendered":"<p data-start=\"4870\" data-end=\"5213\"><strong data-start=\"4870\" data-end=\"4900\">Chem Mist 2F-DCK Spray 30%<\/strong> bir <strong data-start=\"4908\" data-end=\"4942\">analytisch referentiemateriaal<\/strong> dat <strong data-start=\"4947\" data-end=\"4985\">2-Fluorodechloroketamine (2F-DCK)<\/strong> bir bile\u015fik i\u00e7erir. <strong data-start=\"5015\" data-end=\"5045\">arylcyclohexylamine-klasse<\/strong>. Chem Mist 2F DCK Spray<br data-start=\"5046\" data-end=\"5049\" \/>\u0130\u00e7inde kullan\u0131l\u0131r <strong data-start=\"5071\" data-end=\"5113\">adli\u0307 ve anali\u0307ti\u0307k laboratuvarlar<\/strong> voor de ontwikkeling van analysemethoden, kalibratie en identificatie van chemische verbindingen.<\/p>\n<p data-start=\"5215\" data-end=\"5332\">Bu \u00fcr\u00fcn <strong data-start=\"5230\" data-end=\"5268\">uitsluitend bedoeld voor onderzoek<\/strong> ve <strong data-start=\"5272\" data-end=\"5329\">insan veya hayvan t\u00fcketimi i\u00e7in uygun de\u011fildir<\/strong>.<\/p>\n<hr data-start=\"5334\" data-end=\"5337\" \/>\n<h3 data-start=\"5339\" data-end=\"5370\"><strong data-start=\"5343\" data-end=\"5370\">Temel \u00f6zellikler<\/strong><\/h3>\n<ul data-start=\"5372\" data-end=\"5862\">\n<li data-start=\"5372\" data-end=\"5481\">\n<p data-start=\"5374\" data-end=\"5481\"><strong data-start=\"5374\" data-end=\"5394\">Y\u00fcksek Safl\u0131kta:<\/strong> Geproduceerd onder strikte kwaliteitscontrole voor betrouwbare onderzoeksresultaten.<\/p>\n<\/li>\n<li data-start=\"5482\" data-end=\"5577\">\n<p data-start=\"5484\" data-end=\"5577\"><strong data-start=\"5484\" data-end=\"5520\">Gestandaardiseerde Concentratie:<\/strong> 30% oplossing voor nauwkeurige analytische kalibratie.<\/p>\n<\/li>\n<li data-start=\"5578\" data-end=\"5665\">\n<p data-start=\"5580\" data-end=\"5665\"><strong data-start=\"5580\" data-end=\"5613\">Gecertificeerde Documentatie:<\/strong> Geleverd met analysecertificaat en batchgegevens.<\/p>\n<\/li>\n<li data-start=\"5666\" data-end=\"5765\">\n<p data-start=\"5668\" data-end=\"5765\"><strong data-start=\"5668\" data-end=\"5699\">Analitik Geni\u015f Da\u011f\u0131t\u0131m:<\/strong> \u015eunlar i\u00e7in uygundur <strong data-start=\"5714\" data-end=\"5723\">GC-MS<\/strong>, <strong data-start=\"5725\" data-end=\"5737\">LC-MS\/MS<\/strong> ve <strong data-start=\"5741\" data-end=\"5749\">HPLC<\/strong> toepassingen.<\/p>\n<\/li>\n<li data-start=\"5766\" data-end=\"5862\">\n<p data-start=\"5768\" data-end=\"5862\"><strong data-start=\"5768\" data-end=\"5793\">Stabiele Formulering:<\/strong> Ontworpen voor langdurige opslag onder laboratoriumomstandigheden. Chem Mist 2F DCK Spray<\/p>\n<\/li>\n<\/ul>\n<hr data-start=\"5864\" data-end=\"5867\" \/>\n<h3 data-start=\"5869\" data-end=\"5886\"><strong data-start=\"5873\" data-end=\"5886\">Avantajlar<\/strong><\/h3>\n<ul data-start=\"5888\" data-end=\"6339\">\n<li data-start=\"5888\" data-end=\"5979\">\n<p data-start=\"5890\" data-end=\"5979\"><strong data-start=\"5890\" data-end=\"5916\">Forensisch Toepasbaar:<\/strong> Ondersteunt onderzoek naar arylcyclohexylamine-verbindingen.<\/p>\n<\/li>\n<li data-start=\"5980\" data-end=\"6069\">\n<p data-start=\"5982\" data-end=\"6069\"><strong data-start=\"5982\" data-end=\"6009\">G\u00fcvenilir Kalibrasyon:<\/strong> Zorgt voor consistente en reproduceerbare meetresultaten.<\/p>\n<\/li>\n<li data-start=\"6070\" data-end=\"6163\">\n<p data-start=\"6072\" data-end=\"6163\"><strong data-start=\"6072\" data-end=\"6117\">Ondersteunt Methodologische Ontwikkeling:<\/strong> Geschikt voor detectie- en analysemethoden.<\/p>\n<\/li>\n<li data-start=\"6164\" data-end=\"6246\">\n<p data-start=\"6166\" data-end=\"6246\"><strong data-start=\"6166\" data-end=\"6188\">E\u011fitim De\u011feri:<\/strong> Kan worden gebruikt in academische onderzoeksprojecten.<\/p>\n<\/li>\n<li data-start=\"6247\" data-end=\"6339\">\n<p data-start=\"6249\" data-end=\"6339\"><strong data-start=\"6249\" data-end=\"6276\">Veilig en Regelconform:<\/strong> Geproduceerd volgens internationale laboratoriumrichtlijnen.<\/p>\n<\/li>\n<\/ul>\n<hr data-start=\"6341\" data-end=\"6344\" \/>\n<h3 data-start=\"6346\" data-end=\"6407\"><strong data-start=\"6350\" data-end=\"6407\">Kullan\u0131m talimatlar\u0131 (Sadece ara\u015ft\u0131rma ama\u00e7l\u0131d\u0131r)<\/strong><\/h3>\n<ol data-start=\"6409\" data-end=\"6758\">\n<li data-start=\"6409\" data-end=\"6511\">\n<p data-start=\"6412\" data-end=\"6511\"><strong data-start=\"6412\" data-end=\"6426\">Hantering:<\/strong> Gebruik uitsluitend in erkende laboratoria onder toezicht van deskundig personeel.<\/p>\n<\/li>\n<li data-start=\"6512\" data-end=\"6609\">\n<p data-start=\"6515\" data-end=\"6609\"><strong data-start=\"6515\" data-end=\"6530\">Uygulama:<\/strong> Gebruik volgens gevalideerde protocollen in een goed geventileerde omgeving.<\/p>\n<\/li>\n<li data-start=\"6610\" data-end=\"6673\">\n<p data-start=\"6613\" data-end=\"6673\"><strong data-start=\"6613\" data-end=\"6624\">Depolama:<\/strong> Serin, kuru ve karanl\u0131kta, iyi kapat\u0131lm\u0131\u015f olarak saklay\u0131n.<\/p>\n<\/li>\n<li data-start=\"6674\" data-end=\"6758\">\n<p data-start=\"6677\" data-end=\"6758\"><strong data-start=\"6677\" data-end=\"6688\">Drenaj:<\/strong> Verwijder restanten conform lokale regelgeving voor chemisch afval.<\/p>\n<\/li>\n<\/ol>\n<hr data-start=\"6760\" data-end=\"6763\" \/>\n<h3 data-start=\"6765\" data-end=\"6799\"><strong data-start=\"6769\" data-end=\"6799\">G\u00fcvenlik ve uyumluluk<\/strong><\/h3>\n<ul data-start=\"6801\" data-end=\"7239\">\n<li data-start=\"6801\" data-end=\"6896\">\n<p data-start=\"6803\" data-end=\"6896\"><strong data-start=\"6803\" data-end=\"6839\">Sadece laboratuvar kullan\u0131m\u0131 i\u00e7indir:<\/strong> \u0130nsan veya hayvan t\u00fcketimi i\u00e7in uygun de\u011fildir.<\/p>\n<\/li>\n<li data-start=\"6897\" data-end=\"7009\">\n<p data-start=\"6899\" data-end=\"7009\"><strong data-start=\"6899\" data-end=\"6927\">Yasal Hususlar:<\/strong> De status van 2F-DCK verschilt per land; controleer altijd de lokale wetgeving.<\/p>\n<\/li>\n<li data-start=\"7010\" data-end=\"7114\">\n<p data-start=\"7012\" data-end=\"7114\"><strong data-start=\"7012\" data-end=\"7040\">Sa\u011fl\u0131k ve G\u00fcvenlik:<\/strong> Vermijd huidcontact en inademing; draag geschikte beschermingsmiddelen.<\/p>\n<\/li>\n<li data-start=\"7115\" data-end=\"7239\">\n<p data-start=\"7117\" data-end=\"7239\"><strong data-start=\"7117\" data-end=\"7134\">Dok\u00fcmantasyon:<\/strong> A <strong data-start=\"7139\" data-end=\"7175\">g\u00fcvenlik veri sayfas\u0131 (MSDS)<\/strong> ve <strong data-start=\"7179\" data-end=\"7207\">analiz sertifikas\u0131 (COA)<\/strong> istek \u00fczerine temin edilebilir.<\/p>\n<\/li>\n<\/ul>\n<hr data-start=\"7241\" data-end=\"7244\" \/>\n<h3 data-start=\"7246\" data-end=\"7281\"><strong data-start=\"7250\" data-end=\"7281\">S\u0131k\u00e7a sorulan sorular (SSS)<\/strong><\/h3>\n<p data-start=\"7283\" data-end=\"7478\"><strong data-start=\"7283\" data-end=\"7341\">1. Waarvoor wordt Chem Mist 2F-DCK Spray 30% gebruikt?<\/strong><br data-start=\"7341\" data-end=\"7344\" \/>Olarak kullan\u0131l\u0131r <strong data-start=\"7367\" data-end=\"7390\">referans \u00e7\u00f6z\u00fcm<\/strong> in forensische en analytische laboratoria voor methodenontwikkeling en identificatie.<\/p>\n<p data-start=\"7480\" data-end=\"7641\"><strong data-start=\"7480\" data-end=\"7538\">2. Is dit product geschikt voor menselijke consumptie?<\/strong><br data-start=\"7538\" data-end=\"7541\" \/>Nee. Het is <strong data-start=\"7553\" data-end=\"7591\">uitsluitend bedoeld voor onderzoek<\/strong> ve <strong data-start=\"7595\" data-end=\"7638\">insan kullan\u0131m\u0131 i\u00e7in onaylanmam\u0131\u015ft\u0131r<\/strong>.<\/p>\n<p data-start=\"7643\" data-end=\"7788\"><strong data-start=\"7643\" data-end=\"7704\">3. Hoe moet Chem Mist 2F-DCK Spray 30% worden opgeslagen?<\/strong><br data-start=\"7704\" data-end=\"7707\" \/>Serin, kuru ve karanl\u0131kta, iyi kapat\u0131lm\u0131\u015f ve yetkisiz ki\u015filerin eri\u015femeyece\u011fi bir yerde saklay\u0131n.<\/p>","protected":false},"excerpt":{"rendered":"<h2><span style=\"vertical-align: inherit;\"><span style=\"vertical-align: inherit;\">Chem-mist 2F-DCK 30% Vanilla Sky properties<\/span><\/span><\/h2>\n<p><strong><span style=\"vertical-align: inherit;\"><span style=\"vertical-align: inherit;\">Synonym:<\/span><\/span><\/strong><span style=\"vertical-align: inherit;\"><span style=\"vertical-align: inherit;\"> 2-fluorodeschloroketamine HCl <\/span><\/span><br \/>\n<strong><span style=\"vertical-align: inherit;\"><span style=\"vertical-align: inherit;\">CAS Number:<\/span><\/span><\/strong><span style=\"vertical-align: inherit;\"><span style=\"vertical-align: inherit;\"> 111982-49-1 <\/span><\/span><br \/>\n<strong><span style=\"vertical-align: inherit;\"><span style=\"vertical-align: inherit;\">Formula:<\/span><\/span><\/strong><span style=\"vertical-align: inherit;\"><span style=\"vertical-align: inherit;\"> 2-(2-fluorophenyl)-2-(methylamino)-cyclohexanone <\/span><\/span><br \/>\n<strong><span style=\"vertical-align: inherit;\"><span style=\"vertical-align: inherit;\">Molar Mass:<\/span><\/span><\/strong><span style=\"vertical-align: inherit;\"><span style=\"vertical-align: inherit;\"> 257.7 g\/mol <\/span><\/span><br \/>\n<strong><span style=\"vertical-align: inherit;\"><span style=\"vertical-align: inherit;\">Purity:<\/span><\/span><\/strong><span style=\"vertical-align: inherit;\"><span style=\"vertical-align: inherit;\"> &gt;98%<\/span><\/span><\/p>","protected":false},"featured_media":16959,"comment_status":"closed","ping_status":"closed","template":"","meta":[],"product_brand":[],"product_cat":[97,321,98,322,306],"product_tag":[335,336,337,22,324],"class_list":{"0":"post-680","1":"product","2":"type-product","3":"status-publish","4":"has-post-thumbnail","6":"product_cat-2f-dck","7":"product_cat-2f-dck-spray","8":"product_cat-arylcyclohexylamines","9":"product_cat-chem-mist-spray","10":"product_cat-liquid-rc","11":"product_tag-chem-mist-2f-dck-spray","12":"product_tag-chem-mist-2f-dck-spray-30","13":"product_tag-chem-mist-2f-dck-spray-kopen","14":"product_tag-nl","15":"product_tag-spring-is-in-the-air","17":"first","18":"instock","19":"shipping-taxable","20":"purchasable","21":"product-type-variable"},"_links":{"self":[{"href":"https:\/\/researchchemicalshop.eu\/tr\/wp-json\/wp\/v2\/product\/680","targetHints":{"allow":["GET"]}}],"collection":[{"href":"https:\/\/researchchemicalshop.eu\/tr\/wp-json\/wp\/v2\/product"}],"about":[{"href":"https:\/\/researchchemicalshop.eu\/tr\/wp-json\/wp\/v2\/types\/product"}],"replies":[{"embeddable":true,"href":"https:\/\/researchchemicalshop.eu\/tr\/wp-json\/wp\/v2\/comments?post=680"}],"version-history":[{"count":1,"href":"https:\/\/researchchemicalshop.eu\/tr\/wp-json\/wp\/v2\/product\/680\/revisions"}],"predecessor-version":[{"id":16636,"href":"https:\/\/researchchemicalshop.eu\/tr\/wp-json\/wp\/v2\/product\/680\/revisions\/16636"}],"wp:featuredmedia":[{"embeddable":true,"href":"https:\/\/researchchemicalshop.eu\/tr\/wp-json\/wp\/v2\/media\/16959"}],"wp:attachment":[{"href":"https:\/\/researchchemicalshop.eu\/tr\/wp-json\/wp\/v2\/media?parent=680"}],"wp:term":[{"taxonomy":"product_brand","embeddable":true,"href":"https:\/\/researchchemicalshop.eu\/tr\/wp-json\/wp\/v2\/product_brand?post=680"},{"taxonomy":"product_cat","embeddable":true,"href":"https:\/\/researchchemicalshop.eu\/tr\/wp-json\/wp\/v2\/product_cat?post=680"},{"taxonomy":"product_tag","embeddable":true,"href":"https:\/\/researchchemicalshop.eu\/tr\/wp-json\/wp\/v2\/product_tag?post=680"}],"curies":[{"name":"wp","href":"https:\/\/api.w.org\/{rel}","templated":true}]}}