{"id":679,"date":"2026-02-09T11:54:47","date_gmt":"2026-02-09T11:54:47","guid":{"rendered":"https:\/\/researchchemicalshop.eu\/?post_type=product&#038;p=679"},"modified":"2026-03-06T01:16:32","modified_gmt":"2026-03-06T01:16:32","slug":"chem-mist-2f-dck-sprey-2","status":"publish","type":"product","link":"https:\/\/researchchemicalshop.eu\/tr\/urun\/chem-mist-2f-dck-sprey-2\/","title":{"rendered":"Chem-mist 2F-DCK sprey 10%"},"content":{"rendered":"<p data-start=\"5182\" data-end=\"5517\"><strong data-start=\"5182\" data-end=\"5212\">Chem-Mist 2F-DCK Sprey 10%<\/strong> bir <strong data-start=\"5220\" data-end=\"5255\">analitik referans \u00e7\u00f6zeltisi<\/strong> \u015funlar <strong data-start=\"5260\" data-end=\"5298\">2-Fluorodechloroketamine (2F-DCK)<\/strong> bir bile\u015fik i\u00e7erir. <strong data-start=\"5328\" data-end=\"5359\">arilsikloheksilamin ailesi<\/strong>. kimyasal sis spreyi<br data-start=\"5360\" data-end=\"5363\" \/>\u0130\u00e7inde kullan\u0131l\u0131r <strong data-start=\"5385\" data-end=\"5427\">adli\u0307 ve anali\u0307ti\u0307k laboratuvarlar<\/strong> i\u00e7in <strong data-start=\"5433\" data-end=\"5468\">kali\u0307brasyon ve y\u00f6ntem do\u011frulama<\/strong> Benzer bile\u015fikleri ara\u015ft\u0131r\u0131rken.<\/p>\n<p data-start=\"5519\" data-end=\"5651\">Bu \u00fcr\u00fcn <strong data-start=\"5534\" data-end=\"5589\">sadece bilimsel ara\u015ft\u0131rma i\u00e7in tasarlanm\u0131\u015ft\u0131r<\/strong> ve <strong data-start=\"5593\" data-end=\"5650\">insan veya hayvan t\u00fcketimi i\u00e7in uygun de\u011fildir<\/strong>.<\/p>\n<hr data-start=\"5653\" data-end=\"5656\" \/>\n<h3 data-start=\"5658\" data-end=\"5689\"><strong data-start=\"5662\" data-end=\"5689\">Temel \u00f6zellikler<\/strong><\/h3>\n<ul data-start=\"5691\" data-end=\"6145\">\n<li data-start=\"5691\" data-end=\"5777\">\n<p data-start=\"5693\" data-end=\"5777\"><strong data-start=\"5693\" data-end=\"5713\">Y\u00fcksek Safl\u0131kta:<\/strong> Kontroll\u00fc laboratuvar ko\u015fullar\u0131nda \u00fcretilmi\u015ftir.<\/p>\n<\/li>\n<li data-start=\"5778\" data-end=\"5854\">\n<p data-start=\"5780\" data-end=\"5854\"><strong data-start=\"5780\" data-end=\"5801\">10% Konsantrasyon:<\/strong> Tutarl\u0131 analitik performans i\u00e7in tasarlanm\u0131\u015ft\u0131r.<\/p>\n<\/li>\n<li data-start=\"5855\" data-end=\"5957\">\n<p data-start=\"5857\" data-end=\"5957\"><strong data-start=\"5857\" data-end=\"5896\">Sertifikal\u0131 Referans Malzemesi:<\/strong> Birlikte verilir <strong data-start=\"5910\" data-end=\"5938\">analiz sertifikas\u0131 (COA)<\/strong> ve dok\u00fcmantasyon.<\/p>\n<\/li>\n<li data-start=\"5958\" data-end=\"6053\">\n<p data-start=\"5960\" data-end=\"6053\"><strong data-start=\"5960\" data-end=\"5991\">Analitik Geni\u015f Da\u011f\u0131t\u0131m:<\/strong> \u015eunlar i\u00e7in uygundur <strong data-start=\"6006\" data-end=\"6015\">GC-MS<\/strong>, <strong data-start=\"6017\" data-end=\"6025\">HPLC<\/strong> ve <strong data-start=\"6029\" data-end=\"6041\">LC-MS\/MS<\/strong> Analizler.<\/p>\n<\/li>\n<li data-start=\"6054\" data-end=\"6145\">\n<p data-start=\"6056\" data-end=\"6145\"><strong data-start=\"6056\" data-end=\"6082\">Kararl\u0131 P\u00fcsk\u00fcrtme Sistemi:<\/strong> Analitik ortamlarda g\u00fcvenilir uygulama sa\u011flar.<\/p>\n<\/li>\n<\/ul>\n<hr data-start=\"6147\" data-end=\"6150\" \/>\n<h3 data-start=\"6152\" data-end=\"6169\"><strong data-start=\"6156\" data-end=\"6169\">Avantajlar<\/strong><\/h3>\n<ul data-start=\"6171\" data-end=\"6680\">\n<li data-start=\"6171\" data-end=\"6278\">\n<p data-start=\"6173\" data-end=\"6278\"><strong data-start=\"6173\" data-end=\"6209\">Adli Analizleri Destekler:<\/strong> Arilsikloheksilamin analoglar\u0131n\u0131n tespitine ve kalibrasyonuna yard\u0131mc\u0131 olur.<\/p>\n<\/li>\n<li data-start=\"6279\" data-end=\"6399\">\n<p data-start=\"6281\" data-end=\"6399\"><strong data-start=\"6281\" data-end=\"6308\">G\u00fcvenilir Kalibrasyon:<\/strong> Kromatografik ve spektroskopik \u00e7al\u0131\u015fmalarda tekrarlanabilir sonu\u00e7lar sa\u011flar.<\/p>\n<\/li>\n<li data-start=\"6400\" data-end=\"6476\">\n<p data-start=\"6402\" data-end=\"6476\"><strong data-start=\"6402\" data-end=\"6424\">E\u011fitim De\u011feri:<\/strong> Akademik ve analitik ara\u015ft\u0131rmalar i\u00e7in uygundur.<\/p>\n<\/li>\n<li data-start=\"6477\" data-end=\"6572\">\n<p data-start=\"6479\" data-end=\"6572\"><strong data-start=\"6479\" data-end=\"6510\">G\u00fcvenli Laboratuvar Kullan\u0131m\u0131:<\/strong> Kontroll\u00fc bilimsel uygulamalar i\u00e7in tasarlanm\u0131\u015ft\u0131r.<\/p>\n<\/li>\n<li data-start=\"6573\" data-end=\"6680\">\n<p data-start=\"6575\" data-end=\"6680\"><strong data-start=\"6575\" data-end=\"6609\">G\u00fcvenlik standartlar\u0131n\u0131 kar\u015f\u0131lar:<\/strong> Laboratuvar y\u00f6nergelerine uygunluk i\u00e7in belgelerle birlikte verilir.<\/p>\n<\/li>\n<\/ul>\n<hr data-start=\"6682\" data-end=\"6685\" \/>\n<h3 data-start=\"6687\" data-end=\"6748\"><strong data-start=\"6691\" data-end=\"6748\">Kullan\u0131m talimatlar\u0131 (Sadece ara\u015ft\u0131rma ama\u00e7l\u0131d\u0131r)<\/strong><\/h3>\n<ol data-start=\"6750\" data-end=\"7103\">\n<li data-start=\"6750\" data-end=\"6848\">\n<p data-start=\"6753\" data-end=\"6848\"><strong data-start=\"6753\" data-end=\"6771\">Haz\u0131rl\u0131k:<\/strong> Sadece uygun g\u00fcvenlik ekipmanlar\u0131na sahip onayl\u0131 laboratuvarlarda kullan\u0131n.<\/p>\n<\/li>\n<li data-start=\"6849\" data-end=\"6945\">\n<p data-start=\"6852\" data-end=\"6945\"><strong data-start=\"6852\" data-end=\"6867\">Uygulama:<\/strong> Onaylanm\u0131\u015f protokollere g\u00f6re iyi havaland\u0131r\u0131lm\u0131\u015f alanlarda kullan\u0131n.<\/p>\n<\/li>\n<li data-start=\"6946\" data-end=\"7009\">\n<p data-start=\"6949\" data-end=\"7009\"><strong data-start=\"6949\" data-end=\"6960\">Depolama:<\/strong> Serin, kuru ve karanl\u0131kta, iyi kapat\u0131lm\u0131\u015f olarak saklay\u0131n.<\/p>\n<\/li>\n<li data-start=\"7010\" data-end=\"7103\">\n<p data-start=\"7013\" data-end=\"7103\"><strong data-start=\"7013\" data-end=\"7024\">Drenaj:<\/strong> Kal\u0131nt\u0131lar\u0131 yerel kimyasal at\u0131k y\u00f6netimi y\u00f6netmeliklerine g\u00f6re bertaraf edin.<\/p>\n<\/li>\n<\/ol>\n<hr data-start=\"7105\" data-end=\"7108\" \/>\n<h3 data-start=\"7110\" data-end=\"7144\"><strong data-start=\"7114\" data-end=\"7144\">G\u00fcvenlik ve uyumluluk<\/strong><\/h3>\n<ul data-start=\"7146\" data-end=\"7599\">\n<li data-start=\"7146\" data-end=\"7241\">\n<p data-start=\"7148\" data-end=\"7241\"><strong data-start=\"7148\" data-end=\"7184\">Sadece laboratuvar kullan\u0131m\u0131 i\u00e7indir:<\/strong> \u0130nsan veya hayvan t\u00fcketimi i\u00e7in uygun de\u011fildir.<\/p>\n<\/li>\n<li data-start=\"7242\" data-end=\"7364\">\n<p data-start=\"7244\" data-end=\"7364\"><strong data-start=\"7244\" data-end=\"7272\">Yasal Hususlar:<\/strong> 2F-DCK'n\u0131n yasal stat\u00fcs\u00fc \u00fclkeden \u00fclkeye de\u011fi\u015fir; her zaman yerel yasalar\u0131 kontrol edin.<\/p>\n<\/li>\n<li data-start=\"7365\" data-end=\"7474\">\n<p data-start=\"7367\" data-end=\"7474\"><strong data-start=\"7367\" data-end=\"7395\">Sa\u011fl\u0131k ve G\u00fcvenlik:<\/strong> Solumaktan veya ciltle temastan ka\u00e7\u0131n\u0131n; ki\u015fisel koruyucu ekipman kullan\u0131n. kimyasal sis spreyi<\/p>\n<\/li>\n<li data-start=\"7475\" data-end=\"7599\">\n<p data-start=\"7477\" data-end=\"7599\"><strong data-start=\"7477\" data-end=\"7494\">Dok\u00fcmantasyon:<\/strong> A <strong data-start=\"7499\" data-end=\"7535\">g\u00fcvenlik veri sayfas\u0131 (MSDS)<\/strong> ve <strong data-start=\"7539\" data-end=\"7567\">analiz sertifikas\u0131 (COA)<\/strong> istek \u00fczerine temin edilebilir.<\/p>\n<\/li>\n<\/ul>\n<hr data-start=\"7601\" data-end=\"7604\" \/>\n<h3 data-start=\"7606\" data-end=\"7641\"><strong data-start=\"7610\" data-end=\"7641\">S\u0131k\u00e7a sorulan sorular (SSS)<\/strong><\/h3>\n<p data-start=\"7643\" data-end=\"7831\"><strong data-start=\"7643\" data-end=\"7701\">1. Chem-Mist 2F-DCK Sprey 10% ne i\u00e7in kullan\u0131l\u0131r?<\/strong><br data-start=\"7701\" data-end=\"7704\" \/>Olarak kullan\u0131l\u0131r <strong data-start=\"7727\" data-end=\"7750\">referans \u00e7\u00f6z\u00fcm<\/strong> adli t\u0131p ve kimya laboratuvarlar\u0131nda tespit ve kalibrasyon \u00e7al\u0131\u015fmalar\u0131 i\u00e7in kullan\u0131lmaktad\u0131r.<\/p>\n<p data-start=\"7833\" data-end=\"8034\"><strong data-start=\"7833\" data-end=\"7906\">2. Chem-Mist 2F-DCK Sprey 10% insan t\u00fcketimi i\u00e7in uygun mudur?<\/strong><br data-start=\"7906\" data-end=\"7909\" \/>Hay\u0131r. Bu \u00fcr\u00fcn <strong data-start=\"7929\" data-end=\"7984\">sadece bilimsel ara\u015ft\u0131rma i\u00e7in tasarlanm\u0131\u015ft\u0131r<\/strong> ve <strong data-start=\"7988\" data-end=\"8031\">insan kullan\u0131m\u0131 i\u00e7in onaylanmam\u0131\u015ft\u0131r<\/strong>.<\/p>\n<p data-start=\"8036\" data-end=\"8181\"><strong data-start=\"8036\" data-end=\"8097\">3. Chem-Mist 2F-DCK Sprey 10% nas\u0131l saklanmal\u0131d\u0131r?<\/strong><br data-start=\"8097\" data-end=\"8100\" \/>Serin, kuru ve karanl\u0131kta, iyi kapat\u0131lm\u0131\u015f ve yetkisiz ki\u015filerin eri\u015femeyece\u011fi bir yerde saklay\u0131n.<\/p>\n<p data-start=\"8036\" data-end=\"8181\"><a href=\"https:\/\/researchchemicalshop.eu\/tr\/dukkan\/lizergamidler\/1cp-lsd\/\">1cp lsd<\/a><a href=\"https:\/\/researchchemicalshop.eu\/tr\/dukkan\/pellets-for-pellet\/o-dsmt-50mg-pellets\/\">o-dsmt<\/a><a href=\"https:\/\/researchchemicalshop.eu\/tr\/dukkan\/pellets-for-pellet\/1p-lsd-microdose\/\">1P-LSD mikrodoz<\/a><\/p>","protected":false},"excerpt":{"rendered":"<h2><span style=\"vertical-align: inherit;\"><span style=\"vertical-align: inherit;\">Chem-mist 2F-DCK spray 10% Vanilla Sky properties<\/span><\/span><\/h2>\n<p><strong><span style=\"vertical-align: inherit;\"><span style=\"vertical-align: inherit;\">Synonym:<\/span><\/span><\/strong><span style=\"vertical-align: inherit;\"><span style=\"vertical-align: inherit;\"> 2-fluorodeschloroketamine HCl <\/span><\/span><br \/>\n<strong><span style=\"vertical-align: inherit;\"><span style=\"vertical-align: inherit;\">CAS Number:<\/span><\/span><\/strong><span style=\"vertical-align: inherit;\"><span style=\"vertical-align: inherit;\"> 111982-49-1 <\/span><\/span><br \/>\n<strong><span style=\"vertical-align: inherit;\"><span style=\"vertical-align: inherit;\">Formula:<\/span><\/span><\/strong><span style=\"vertical-align: inherit;\"><span style=\"vertical-align: inherit;\"> 2-(2-fluorophenyl)-2-(methylamino)-cyclohexanone <\/span><\/span><br \/>\n<strong><span style=\"vertical-align: inherit;\"><span style=\"vertical-align: inherit;\">Molar Mass:<\/span><\/span><\/strong><span style=\"vertical-align: inherit;\"><span style=\"vertical-align: inherit;\"> 257.7 g\/mol <\/span><\/span><br \/>\n<strong><span style=\"vertical-align: inherit;\"><span style=\"vertical-align: inherit;\">Purity:<\/span><\/span><\/strong><span style=\"vertical-align: inherit;\"><span style=\"vertical-align: inherit;\"> &gt;98%<\/span><\/span><\/p>","protected":false},"featured_media":16957,"comment_status":"closed","ping_status":"closed","template":"","meta":[],"product_brand":[],"product_cat":[97,321,98,322,306],"product_tag":[335,333,334,22,324],"class_list":{"0":"post-679","1":"product","2":"type-product","3":"status-publish","4":"has-post-thumbnail","6":"product_cat-2f-dck","7":"product_cat-2f-dck-spray","8":"product_cat-arylcyclohexylamines","9":"product_cat-chem-mist-spray","10":"product_cat-liquid-rc","11":"product_tag-chem-mist-2f-dck-spray","12":"product_tag-chem-mist-spray","13":"product_tag-chem-mist-spray-kopen","14":"product_tag-nl","15":"product_tag-spring-is-in-the-air","17":"first","18":"instock","19":"shipping-taxable","20":"purchasable","21":"product-type-variable"},"_links":{"self":[{"href":"https:\/\/researchchemicalshop.eu\/tr\/wp-json\/wp\/v2\/product\/679","targetHints":{"allow":["GET"]}}],"collection":[{"href":"https:\/\/researchchemicalshop.eu\/tr\/wp-json\/wp\/v2\/product"}],"about":[{"href":"https:\/\/researchchemicalshop.eu\/tr\/wp-json\/wp\/v2\/types\/product"}],"replies":[{"embeddable":true,"href":"https:\/\/researchchemicalshop.eu\/tr\/wp-json\/wp\/v2\/comments?post=679"}],"version-history":[{"count":1,"href":"https:\/\/researchchemicalshop.eu\/tr\/wp-json\/wp\/v2\/product\/679\/revisions"}],"predecessor-version":[{"id":16635,"href":"https:\/\/researchchemicalshop.eu\/tr\/wp-json\/wp\/v2\/product\/679\/revisions\/16635"}],"wp:featuredmedia":[{"embeddable":true,"href":"https:\/\/researchchemicalshop.eu\/tr\/wp-json\/wp\/v2\/media\/16957"}],"wp:attachment":[{"href":"https:\/\/researchchemicalshop.eu\/tr\/wp-json\/wp\/v2\/media?parent=679"}],"wp:term":[{"taxonomy":"product_brand","embeddable":true,"href":"https:\/\/researchchemicalshop.eu\/tr\/wp-json\/wp\/v2\/product_brand?post=679"},{"taxonomy":"product_cat","embeddable":true,"href":"https:\/\/researchchemicalshop.eu\/tr\/wp-json\/wp\/v2\/product_cat?post=679"},{"taxonomy":"product_tag","embeddable":true,"href":"https:\/\/researchchemicalshop.eu\/tr\/wp-json\/wp\/v2\/product_tag?post=679"}],"curies":[{"name":"wp","href":"https:\/\/api.w.org\/{rel}","templated":true}]}}