{"id":674,"date":"2026-02-09T11:54:47","date_gmt":"2026-02-09T11:54:47","guid":{"rendered":"https:\/\/researchchemicalshop.eu\/?post_type=product&#038;p=674"},"modified":"2026-03-05T19:42:13","modified_gmt":"2026-03-05T19:42:13","slug":"eutylone","status":"publish","type":"product","link":"https:\/\/researchchemicalshop.eu\/tr\/urun\/eutylone\/","title":{"rendered":"Eutylone"},"content":{"rendered":"<ul>\n<li>\n<p data-start=\"4883\" data-end=\"5071\"><strong data-start=\"4883\" data-end=\"4940\">Eutylone (\u03b2-keto-1,3-benzodioxolyl-N-ethylbutanamine)<\/strong> bir <strong data-start=\"4948\" data-end=\"4972\">synthetisch cathinon<\/strong> bir \u015fey yok. <strong data-start=\"4980\" data-end=\"5006\">\u03b2-keto amfetaminegroep<\/strong>, verwant aan verbindingen zoals <strong data-start=\"5039\" data-end=\"5052\">Methylone<\/strong> ve <strong data-start=\"5056\" data-end=\"5068\">Butylone<\/strong>. eutylone kopen<\/p>\n<p data-start=\"5073\" data-end=\"5354\">Olarak kullan\u0131l\u0131r <strong data-start=\"5096\" data-end=\"5114\">referans madde<\/strong> binnen de <strong data-start=\"5125\" data-end=\"5162\">forensische en analytische chemie<\/strong> om detectiemethoden te valideren en spectra te vergelijken.<br data-start=\"5222\" data-end=\"5225\" \/>Eutylone is <strong data-start=\"5237\" data-end=\"5292\">sadece bilimsel ara\u015ft\u0131rma i\u00e7in tasarlanm\u0131\u015ft\u0131r<\/strong> ve <strong data-start=\"5296\" data-end=\"5353\">insan veya hayvan t\u00fcketimi i\u00e7in uygun de\u011fildir<\/strong>.<\/p>\n<hr data-start=\"5356\" data-end=\"5359\" \/>\n<h3 data-start=\"5361\" data-end=\"5392\"><strong data-start=\"5365\" data-end=\"5392\">Temel \u00f6zellikler<\/strong><\/h3>\n<ul data-start=\"5394\" data-end=\"5851\">\n<li data-start=\"5394\" data-end=\"5480\">\n<p data-start=\"5396\" data-end=\"5480\"><strong data-start=\"5396\" data-end=\"5416\">Y\u00fcksek Safl\u0131kta:<\/strong> Kontroll\u00fc laboratuvar ko\u015fullar\u0131nda \u00fcretilmi\u015ftir.<\/p>\n<\/li>\n<li data-start=\"5481\" data-end=\"5584\">\n<p data-start=\"5483\" data-end=\"5584\"><strong data-start=\"5483\" data-end=\"5522\">Sertifikal\u0131 Referans Malzemesi:<\/strong> Birlikte verilir <strong data-start=\"5536\" data-end=\"5564\">analiz sertifikas\u0131 (COA)<\/strong> en batchgegevens.<\/p>\n<\/li>\n<li data-start=\"5585\" data-end=\"5676\">\n<p data-start=\"5587\" data-end=\"5676\"><strong data-start=\"5587\" data-end=\"5617\">Chemische Karakterisering:<\/strong> Geschikt voor methodenontwikkeling en detectieonderzoek.<\/p>\n<\/li>\n<li data-start=\"5677\" data-end=\"5763\">\n<p data-start=\"5679\" data-end=\"5763\"><strong data-start=\"5679\" data-end=\"5708\">Breed Analytisch Gebruik:<\/strong> Compatibel met <strong data-start=\"5724\" data-end=\"5733\">GC-MS<\/strong>, <strong data-start=\"5735\" data-end=\"5747\">LC-MS\/MS<\/strong>, en <strong data-start=\"5752\" data-end=\"5760\">HPLC<\/strong>.<\/p>\n<\/li>\n<li data-start=\"5764\" data-end=\"5851\">\n<p data-start=\"5766\" data-end=\"5851\"><strong data-start=\"5766\" data-end=\"5791\">Stabiel Onder Opslag:<\/strong> Behoudt chemische integriteit bij juiste bewaarcondities.<\/p>\n<\/li>\n<\/ul>\n<hr data-start=\"5853\" data-end=\"5856\" \/>\n<h3 data-start=\"5858\" data-end=\"5875\"><strong data-start=\"5862\" data-end=\"5875\">Avantajlar<\/strong><\/h3>\n<ul data-start=\"5877\" data-end=\"6345\">\n<li data-start=\"5877\" data-end=\"5985\">\n<p data-start=\"5879\" data-end=\"5985\"><strong data-start=\"5879\" data-end=\"5906\">Forensische Toepassing:<\/strong> Ondersteunt identificatie van synthetische cathinonen in chemische analyses.<\/p>\n<\/li>\n<li data-start=\"5986\" data-end=\"6074\">\n<p data-start=\"5988\" data-end=\"6074\"><strong data-start=\"5988\" data-end=\"6015\">G\u00fcvenilir Kalibrasyon:<\/strong> Geschikt voor methodenvalidatie en instrumentkalibratie.<\/p>\n<\/li>\n<li data-start=\"6075\" data-end=\"6173\">\n<p data-start=\"6077\" data-end=\"6173\"><strong data-start=\"6077\" data-end=\"6099\">E\u011fitim De\u011feri:<\/strong> Nuttig voor academische onderzoeken naar structuur-activiteitsrelaties.<\/p>\n<\/li>\n<li data-start=\"6174\" data-end=\"6263\">\n<p data-start=\"6176\" data-end=\"6263\"><strong data-start=\"6176\" data-end=\"6203\">Consistente Resultaten:<\/strong> Zorgt voor nauwkeurige en reproduceerbare onderzoeksdata.<\/p>\n<\/li>\n<li data-start=\"6264\" data-end=\"6345\">\n<p data-start=\"6266\" data-end=\"6345\"><strong data-start=\"6266\" data-end=\"6293\">Volledige Documentatie:<\/strong> Geleverd met veiligheids- en analysecertificaten.<\/p>\n<\/li>\n<\/ul>\n<hr data-start=\"6347\" data-end=\"6350\" \/>\n<h3 data-start=\"6352\" data-end=\"6413\"><strong data-start=\"6356\" data-end=\"6413\">Kullan\u0131m talimatlar\u0131 (Sadece ara\u015ft\u0131rma ama\u00e7l\u0131d\u0131r)<\/strong><\/h3>\n<ol data-start=\"6415\" data-end=\"6735\">\n<li data-start=\"6415\" data-end=\"6511\">\n<p data-start=\"6418\" data-end=\"6511\"><strong data-start=\"6418\" data-end=\"6432\">Hantering:<\/strong> Alleen gebruiken in erkende laboratoria met geschikte veiligheidsuitrusting.<\/p>\n<\/li>\n<li data-start=\"6512\" data-end=\"6586\">\n<p data-start=\"6515\" data-end=\"6586\"><strong data-start=\"6515\" data-end=\"6533\">Haz\u0131rl\u0131k:<\/strong> Verdun of bereid volgens gevalideerde protocollen.<\/p>\n<\/li>\n<li data-start=\"6587\" data-end=\"6650\">\n<p data-start=\"6590\" data-end=\"6650\"><strong data-start=\"6590\" data-end=\"6601\">Depolama:<\/strong> Serin, kuru ve karanl\u0131kta, iyi kapat\u0131lm\u0131\u015f olarak saklay\u0131n.<\/p>\n<\/li>\n<li data-start=\"6651\" data-end=\"6735\">\n<p data-start=\"6654\" data-end=\"6735\"><strong data-start=\"6654\" data-end=\"6665\">Drenaj:<\/strong> Verwijder restanten volgens lokale regelgeving voor chemisch afval.<\/p>\n<\/li>\n<\/ol>\n<hr data-start=\"6737\" data-end=\"6740\" \/>\n<h3 data-start=\"6742\" data-end=\"6776\"><strong data-start=\"6746\" data-end=\"6776\">G\u00fcvenlik ve uyumluluk<\/strong><\/h3>\n<ul data-start=\"6778\" data-end=\"7229\">\n<li data-start=\"6778\" data-end=\"6872\">\n<p data-start=\"6780\" data-end=\"6872\"><strong data-start=\"6780\" data-end=\"6816\">Sadece laboratuvar kullan\u0131m\u0131 i\u00e7indir:<\/strong> Niet bedoeld voor menselijke of dierlijke consumptie.<\/p>\n<\/li>\n<li data-start=\"6873\" data-end=\"6998\">\n<p data-start=\"6875\" data-end=\"6998\"><strong data-start=\"6875\" data-end=\"6903\">Yasal Hususlar:<\/strong> De juridische status van Eutylone verschilt per land; controleer altijd de lokale wetgeving.<\/p>\n<\/li>\n<li data-start=\"6999\" data-end=\"7104\">\n<p data-start=\"7001\" data-end=\"7104\"><strong data-start=\"7001\" data-end=\"7029\">Sa\u011fl\u0131k ve G\u00fcvenlik:<\/strong> Vermijd contact en inademing; gebruik standaard laboratoriumbescherming. eutylone kopen<\/p>\n<\/li>\n<li data-start=\"7105\" data-end=\"7229\">\n<p data-start=\"7107\" data-end=\"7229\"><strong data-start=\"7107\" data-end=\"7124\">Dok\u00fcmantasyon:<\/strong> A <strong data-start=\"7129\" data-end=\"7165\">g\u00fcvenlik veri sayfas\u0131 (MSDS)<\/strong> ve <strong data-start=\"7169\" data-end=\"7197\">analiz sertifikas\u0131 (COA)<\/strong> istek \u00fczerine temin edilebilir.<\/p>\n<\/li>\n<\/ul>\n<hr data-start=\"7231\" data-end=\"7234\" \/>\n<h3 data-start=\"7236\" data-end=\"7271\"><strong data-start=\"7240\" data-end=\"7271\">S\u0131k\u00e7a sorulan sorular (SSS)<\/strong><\/h3>\n<p data-start=\"7273\" data-end=\"7408\"><strong data-start=\"7273\" data-end=\"7313\">1. Waarvoor wordt Eutylone gebruikt?<\/strong><br data-start=\"7313\" data-end=\"7316\" \/>Eutylone wordt gebruikt als <strong data-start=\"7344\" data-end=\"7367\">referentiemateriaal<\/strong> voor chemisch en forensisch onderzoek.<\/p>\n<p data-start=\"7410\" data-end=\"7585\"><strong data-start=\"7410\" data-end=\"7465\">2. Is Eutylone geschikt voor menselijke consumptie?<\/strong><br data-start=\"7465\" data-end=\"7468\" \/>Nee. Het is <strong data-start=\"7480\" data-end=\"7535\">sadece bilimsel ara\u015ft\u0131rma i\u00e7in tasarlanm\u0131\u015ft\u0131r<\/strong> ve <strong data-start=\"7539\" data-end=\"7582\">insan kullan\u0131m\u0131 i\u00e7in onaylanmam\u0131\u015ft\u0131r<\/strong>.<\/p>\n<p data-start=\"7587\" data-end=\"7714\"><strong data-start=\"7587\" data-end=\"7630\">3. Hoe moet Eutylone worden opgeslagen?<\/strong><br data-start=\"7630\" data-end=\"7633\" \/>Serin, kuru ve karanl\u0131kta, iyi kapat\u0131lm\u0131\u015f ve yetkisiz ki\u015filerin eri\u015femeyece\u011fi bir yerde saklay\u0131n.<\/p>\n<p class=\"ds-markdown-paragraph\"><span dir=\"auto\" style=\"vertical-align: inherit;\"><span dir=\"auto\" style=\"vertical-align: inherit;\">, <\/span><\/span><a href=\"https:\/\/researchchemicalshop.eu\/tr\/dukkan\/iboga-ibogaine\/buy-ibogaine-hcl-online\/\"><span dir=\"auto\" style=\"vertical-align: inherit;\"><span dir=\"auto\" style=\"vertical-align: inherit;\">Ibogaine HCL Sat\u0131n Al\u0131n <\/span><\/span><\/a><a href=\"https:\/\/researchchemicalshop.eu\/tr\/dukkan\/iboga-ibogaine\/iboga-root-bark\/\"><span dir=\"auto\" style=\"vertical-align: inherit;\"><span dir=\"auto\" style=\"vertical-align: inherit;\">\u0130boga k\u00f6k\u00fc kabu\u011fu <\/span><\/span><\/a><a href=\"https:\/\/researchchemicalshop.eu\/tr\/dukkan\/lizergamidler\/1cp-lsd\/\"><span dir=\"auto\" style=\"vertical-align: inherit;\"><span dir=\"auto\" style=\"vertical-align: inherit;\">1cP-LSD 150 MCG Art Blotters <\/span><\/span><\/a><a href=\"https:\/\/researchchemicalshop.eu\/tr\/dukkan\/peletler\/o-dsmt-50mg-pellets\/\"><span dir=\"auto\" style=\"vertical-align: inherit;\"><span dir=\"auto\" style=\"vertical-align: inherit;\">O-DSMT 50mg Pelet <\/span><\/span><\/a><a href=\"https:\/\/researchchemicalshop.eu\/tr\/dukkan\/lizergamidler\/1v-lsd-150-mcg-blotters\/\"><span dir=\"auto\" style=\"vertical-align: inherit;\"><span dir=\"auto\" style=\"vertical-align: inherit;\">1V-LSD 150 MCG Blotterlar<\/span><\/span><\/a><\/p>\n<\/li>\n<\/ul>","protected":false},"excerpt":{"rendered":"<h2><span style=\"vertical-align: inherit;\"><span style=\"vertical-align: inherit;\"><span style=\"vertical-align: inherit;\"><span style=\"vertical-align: inherit;\"><span dir=\"auto\" style=\"vertical-align: inherit;\"><span dir=\"auto\" style=\"vertical-align: inherit;\">Eutylone properties<\/span><\/span><\/span><\/span><\/span><\/span><\/h2>\n<p><strong><span style=\"vertical-align: inherit;\"><span style=\"vertical-align: inherit;\"><span style=\"vertical-align: inherit;\"><span style=\"vertical-align: inherit;\"><span dir=\"auto\" style=\"vertical-align: inherit;\"><span dir=\"auto\" style=\"vertical-align: inherit;\">Synonym<\/span><\/span><\/span><\/span><\/span><\/span><\/strong><span style=\"vertical-align: inherit;\"><span style=\"vertical-align: inherit;\"><span style=\"vertical-align: inherit;\"><span style=\"vertical-align: inherit;\"><span dir=\"auto\" style=\"vertical-align: inherit;\"><span dir=\"auto\" style=\"vertical-align: inherit;\"> : <\/span><\/span><\/span><\/span><\/span><\/span><b><span style=\"vertical-align: inherit;\"><span style=\"vertical-align: inherit;\"><span style=\"vertical-align: inherit;\"><span style=\"vertical-align: inherit;\"><span dir=\"auto\" style=\"vertical-align: inherit;\"><span dir=\"auto\" style=\"vertical-align: inherit;\">\u03b2-Keto-1,3-benzodioxolyl-<\/span><\/span><\/span><\/span><\/span><\/span><i><\/i><\/b><span style=\"vertical-align: inherit;\"><sub><span style=\"vertical-align: inherit;\"><span style=\"vertical-align: inherit;\"><span style=\"vertical-align: inherit;\"><span dir=\"auto\" style=\"vertical-align: inherit;\"><span dir=\"auto\" style=\"vertical-align: inherit;\">N <\/span><\/span><\/span><\/span><\/span><\/sub><b><i><span style=\"vertical-align: inherit;\"><span style=\"vertical-align: inherit;\"><span style=\"vertical-align: inherit;\"><span dir=\"auto\" style=\"vertical-align: inherit;\"><span dir=\"auto\" style=\"vertical-align: inherit;\">-ethylbutanamine<\/span><\/span><\/span><\/span><\/span><\/i><\/b><b><span style=\"vertical-align: inherit;\"><span style=\"vertical-align: inherit;\"><span style=\"vertical-align: inherit;\"><span dir=\"auto\" style=\"vertical-align: inherit;\"><span dir=\"auto\" style=\"vertical-align: inherit;\"> hydrochloride <\/span><\/span><\/span><\/span><\/span><\/b><\/span><br \/>\n<strong><span style=\"vertical-align: inherit;\"><span style=\"vertical-align: inherit;\"><span style=\"vertical-align: inherit;\"><span style=\"vertical-align: inherit;\"><span dir=\"auto\" style=\"vertical-align: inherit;\"><span dir=\"auto\" style=\"vertical-align: inherit;\">CAS Number<\/span><\/span><\/span><\/span><\/span><\/span><\/strong><span style=\"vertical-align: inherit;\"><span style=\"vertical-align: inherit;\"><span style=\"vertical-align: inherit;\"><span style=\"vertical-align: inherit;\"><span dir=\"auto\" style=\"vertical-align: inherit;\"><span dir=\"auto\" style=\"vertical-align: inherit;\"> : 17764-18-0 <\/span><\/span><\/span><\/span><\/span><\/span><br \/>\n<strong><span style=\"vertical-align: inherit;\"><span style=\"vertical-align: inherit;\"><span style=\"vertical-align: inherit;\"><span style=\"vertical-align: inherit;\"><span dir=\"auto\" style=\"vertical-align: inherit;\"><span dir=\"auto\" style=\"vertical-align: inherit;\">Formula<\/span><\/span><\/span><\/span><\/span><\/span><\/strong><span style=\"vertical-align: inherit;\"><span style=\"vertical-align: inherit;\"><span style=\"vertical-align: inherit;\"><span style=\"vertical-align: inherit;\"><span dir=\"auto\" style=\"vertical-align: inherit;\"><span dir=\"auto\" style=\"vertical-align: inherit;\"> : <\/span><\/span><\/span><\/span><\/span><\/span><span title=\"Carbon\"><span style=\"vertical-align: inherit;\"><span style=\"vertical-align: inherit;\"><span style=\"vertical-align: inherit;\"><span style=\"vertical-align: inherit;\"><span dir=\"auto\" style=\"vertical-align: inherit;\"><span dir=\"auto\" style=\"vertical-align: inherit;\">C <\/span><\/span><\/span><\/span><\/span><\/span><\/span><sub><span style=\"vertical-align: inherit;\"><span style=\"vertical-align: inherit;\"><span style=\"vertical-align: inherit;\"><span style=\"vertical-align: inherit;\"><span dir=\"auto\" style=\"vertical-align: inherit;\"><span dir=\"auto\" style=\"vertical-align: inherit;\">13 <\/span><\/span><\/span><\/span><\/span><\/span><\/sub><span title=\"Hydrogen\"><span style=\"vertical-align: inherit;\"><span style=\"vertical-align: inherit;\"><span style=\"vertical-align: inherit;\"><span style=\"vertical-align: inherit;\"><span dir=\"auto\" style=\"vertical-align: inherit;\"><span dir=\"auto\" style=\"vertical-align: inherit;\">H <\/span><\/span><\/span><\/span><\/span><\/span><\/span><sub><span style=\"vertical-align: inherit;\"><span style=\"vertical-align: inherit;\"><span style=\"vertical-align: inherit;\"><span style=\"vertical-align: inherit;\"><span dir=\"auto\" style=\"vertical-align: inherit;\"><span dir=\"auto\" style=\"vertical-align: inherit;\">17 <\/span><\/span><\/span><\/span><\/span><\/span><\/sub><span title=\"Nitrogen\"><span style=\"vertical-align: inherit;\"><span style=\"vertical-align: inherit;\"><span style=\"vertical-align: inherit;\"><span style=\"vertical-align: inherit;\"><span dir=\"auto\" style=\"vertical-align: inherit;\"><span dir=\"auto\" style=\"vertical-align: inherit;\">NO <\/span><\/span><\/span><\/span><\/span><\/span><\/span><span title=\"Oxygen\"><span style=\"vertical-align: inherit;\"><span style=\"vertical-align: inherit;\"><span style=\"vertical-align: inherit;\"><span style=\"vertical-align: inherit;\"><span dir=\"auto\" style=\"vertical-align: inherit;\"><span dir=\"auto\" style=\"vertical-align: inherit;\">3<\/span><\/span><\/span><\/span><\/span><\/span><\/span><span style=\"vertical-align: inherit;\"><span style=\"vertical-align: inherit;\"><span style=\"vertical-align: inherit;\"><span style=\"vertical-align: inherit;\"><span dir=\"auto\" style=\"vertical-align: inherit;\"><span dir=\"auto\" style=\"vertical-align: inherit;\"> \u2022 HCL <\/span><\/span><\/span><\/span><\/span><strong><span style=\"vertical-align: inherit;\"><span style=\"vertical-align: inherit;\"><span style=\"vertical-align: inherit;\"><span dir=\"auto\" style=\"vertical-align: inherit;\"><span dir=\"auto\" style=\"vertical-align: inherit;\">Molar mass<\/span><\/span><\/span><\/span><\/span><\/strong><span style=\"vertical-align: inherit;\"><span style=\"vertical-align: inherit;\"><span style=\"vertical-align: inherit;\"><span dir=\"auto\" style=\"vertical-align: inherit;\"><span dir=\"auto\" style=\"vertical-align: inherit;\"> : 235.283 <\/span><\/span><\/span><\/span><\/span><strong><span style=\"vertical-align: inherit;\"><span style=\"vertical-align: inherit;\"><span style=\"vertical-align: inherit;\"><span dir=\"auto\" style=\"vertical-align: inherit;\"><span dir=\"auto\" style=\"vertical-align: inherit;\">Purity<\/span><\/span><\/span><\/span><\/span><\/strong><span style=\"vertical-align: inherit;\"><span style=\"vertical-align: inherit;\"><span style=\"vertical-align: inherit;\"><span dir=\"auto\" style=\"vertical-align: inherit;\"><span dir=\"auto\" style=\"vertical-align: inherit;\"> : \u226598%<\/span><\/span><\/span><\/span><\/span><\/span><\/p>","protected":false},"featured_media":16986,"comment_status":"closed","ping_status":"closed","template":"","meta":[],"product_brand":[],"product_cat":[36],"product_tag":[319,320,22],"class_list":{"0":"post-674","1":"product","2":"type-product","3":"status-publish","4":"has-post-thumbnail","6":"product_cat-verboden","7":"product_tag-eutylone","8":"product_tag-eutylone-kopen","9":"product_tag-nl","11":"first","12":"instock","13":"shipping-taxable","14":"purchasable","15":"product-type-variable"},"_links":{"self":[{"href":"https:\/\/researchchemicalshop.eu\/tr\/wp-json\/wp\/v2\/product\/674","targetHints":{"allow":["GET"]}}],"collection":[{"href":"https:\/\/researchchemicalshop.eu\/tr\/wp-json\/wp\/v2\/product"}],"about":[{"href":"https:\/\/researchchemicalshop.eu\/tr\/wp-json\/wp\/v2\/types\/product"}],"replies":[{"embeddable":true,"href":"https:\/\/researchchemicalshop.eu\/tr\/wp-json\/wp\/v2\/comments?post=674"}],"version-history":[{"count":1,"href":"https:\/\/researchchemicalshop.eu\/tr\/wp-json\/wp\/v2\/product\/674\/revisions"}],"predecessor-version":[{"id":16643,"href":"https:\/\/researchchemicalshop.eu\/tr\/wp-json\/wp\/v2\/product\/674\/revisions\/16643"}],"wp:featuredmedia":[{"embeddable":true,"href":"https:\/\/researchchemicalshop.eu\/tr\/wp-json\/wp\/v2\/media\/16986"}],"wp:attachment":[{"href":"https:\/\/researchchemicalshop.eu\/tr\/wp-json\/wp\/v2\/media?parent=674"}],"wp:term":[{"taxonomy":"product_brand","embeddable":true,"href":"https:\/\/researchchemicalshop.eu\/tr\/wp-json\/wp\/v2\/product_brand?post=674"},{"taxonomy":"product_cat","embeddable":true,"href":"https:\/\/researchchemicalshop.eu\/tr\/wp-json\/wp\/v2\/product_cat?post=674"},{"taxonomy":"product_tag","embeddable":true,"href":"https:\/\/researchchemicalshop.eu\/tr\/wp-json\/wp\/v2\/product_tag?post=674"}],"curies":[{"name":"wp","href":"https:\/\/api.w.org\/{rel}","templated":true}]}}