{"id":668,"date":"2026-02-09T11:54:47","date_gmt":"2026-02-09T11:54:47","guid":{"rendered":"https:\/\/researchchemicalshop.eu\/?post_type=product&#038;p=668"},"modified":"2026-03-05T19:00:41","modified_gmt":"2026-03-05T19:00:41","slug":"clonazolam","status":"publish","type":"product","link":"https:\/\/researchchemicalshop.eu\/tr\/urun\/clonazolam\/","title":{"rendered":"Klonazolam 0.6 MG 10 Peletlik Blisterler"},"content":{"rendered":"<p data-start=\"5197\" data-end=\"5465\"><strong data-start=\"5197\" data-end=\"5211\">Clonazolam<\/strong> bir <strong data-start=\"5219\" data-end=\"5256\">triazolobenzodiazepine-verbinding<\/strong>, ile ilgili <strong data-start=\"5270\" data-end=\"5284\">clonazepam<\/strong> en andere benzodiazepinen.<br data-start=\"5311\" data-end=\"5314\" \/>\u0130\u00e7inde kullan\u0131l\u0131r <strong data-start=\"5336\" data-end=\"5378\">adli\u0307 ve anali\u0307ti\u0307k laboratuvarlar<\/strong> als <strong data-start=\"5383\" data-end=\"5406\">referentiemateriaal<\/strong> i\u00e7in <strong data-start=\"5412\" data-end=\"5462\">identificatie, kalibratie en detectieonderzoek<\/strong>. clonazolam<\/p>\n<p data-start=\"5467\" data-end=\"5705\">Bu <strong data-start=\"5470\" data-end=\"5491\">0,6 mg pelletvorm<\/strong> zorgt voor <strong data-start=\"5503\" data-end=\"5534\">gestandaardiseerde dosering<\/strong> ve <strong data-start=\"5538\" data-end=\"5569\">nauwkeurige analysemethoden<\/strong>.<br data-start=\"5570\" data-end=\"5573\" \/>Het product is <strong data-start=\"5588\" data-end=\"5643\">sadece bilimsel ara\u015ft\u0131rma i\u00e7in tasarlanm\u0131\u015ft\u0131r<\/strong> ve <strong data-start=\"5647\" data-end=\"5704\">insan veya hayvan t\u00fcketimi i\u00e7in uygun de\u011fildir<\/strong>.<\/p>\n<hr data-start=\"5707\" data-end=\"5710\" \/>\n<h3 data-start=\"5712\" data-end=\"5743\"><strong data-start=\"5716\" data-end=\"5743\">Temel \u00f6zellikler<\/strong><\/h3>\n<ul data-start=\"5745\" data-end=\"6188\">\n<li data-start=\"5745\" data-end=\"5831\">\n<p data-start=\"5747\" data-end=\"5831\"><strong data-start=\"5747\" data-end=\"5767\">Y\u00fcksek Safl\u0131kta:<\/strong> Kontroll\u00fc laboratuvar ko\u015fullar\u0131nda \u00fcretilmi\u015ftir.<\/p>\n<\/li>\n<li data-start=\"5832\" data-end=\"5919\">\n<p data-start=\"5834\" data-end=\"5919\"><strong data-start=\"5834\" data-end=\"5866\">Gestandaardiseerde Dosering:<\/strong> 0,6 mg per pellet voor reproduceerbare resultaten.<\/p>\n<\/li>\n<li data-start=\"5920\" data-end=\"6006\">\n<p data-start=\"5922\" data-end=\"6006\"><strong data-start=\"5922\" data-end=\"5961\">Sertifikal\u0131 Referans Malzemesi:<\/strong> Birlikte verilir <strong data-start=\"5975\" data-end=\"6003\">analiz sertifikas\u0131 (COA)<\/strong>.<\/p>\n<\/li>\n<li data-start=\"6007\" data-end=\"6103\">\n<p data-start=\"6009\" data-end=\"6103\"><strong data-start=\"6009\" data-end=\"6040\">Analitik Geni\u015f Da\u011f\u0131t\u0131m:<\/strong> \u015eunlar i\u00e7in uygundur <strong data-start=\"6055\" data-end=\"6064\">GC-MS<\/strong>, <strong data-start=\"6066\" data-end=\"6074\">HPLC<\/strong>, en <strong data-start=\"6079\" data-end=\"6091\">LC-MS\/MS<\/strong> Analizler.<\/p>\n<\/li>\n<li data-start=\"6104\" data-end=\"6188\">\n<p data-start=\"6106\" data-end=\"6188\"><strong data-start=\"6106\" data-end=\"6124\">Stabiele Vorm:<\/strong> Ontworpen voor langdurige opslag onder laboratoriumcondities.<\/p>\n<\/li>\n<\/ul>\n<hr data-start=\"6190\" data-end=\"6193\" \/>\n<h3 data-start=\"6195\" data-end=\"6212\"><strong data-start=\"6199\" data-end=\"6212\">Avantajlar<\/strong><\/h3>\n<ul data-start=\"6214\" data-end=\"6616\">\n<li data-start=\"6214\" data-end=\"6295\">\n<p data-start=\"6216\" data-end=\"6295\"><strong data-start=\"6216\" data-end=\"6243\">Forensische Toepassing:<\/strong> Ondersteunt detectie van benzodiazepine-analogen.<\/p>\n<\/li>\n<li data-start=\"6296\" data-end=\"6381\">\n<p data-start=\"6298\" data-end=\"6381\"><strong data-start=\"6298\" data-end=\"6325\">G\u00fcvenilir Kalibrasyon:<\/strong> Zorgt voor consistente en nauwkeurige meetresultaten.<\/p>\n<\/li>\n<li data-start=\"6382\" data-end=\"6467\">\n<p data-start=\"6384\" data-end=\"6467\"><strong data-start=\"6384\" data-end=\"6406\">E\u011fitim De\u011feri:<\/strong> Geschikt voor academische studies en laboratoriumtraining.<\/p>\n<\/li>\n<li data-start=\"6468\" data-end=\"6558\">\n<p data-start=\"6470\" data-end=\"6558\"><strong data-start=\"6470\" data-end=\"6501\">G\u00fcvenli Laboratuvar Kullan\u0131m\u0131:<\/strong> Geproduceerd volgens internationale veiligheidsnormen.<\/p>\n<\/li>\n<li data-start=\"6559\" data-end=\"6616\">\n<p data-start=\"6561\" data-end=\"6616\"><strong data-start=\"6561\" data-end=\"6588\">Volledige Documentatie:<\/strong> Geleverd met COA en MSDS.<\/p>\n<\/li>\n<\/ul>\n<hr data-start=\"6618\" data-end=\"6621\" \/>\n<h3 data-start=\"6623\" data-end=\"6684\"><strong data-start=\"6627\" data-end=\"6684\">Kullan\u0131m talimatlar\u0131 (Sadece ara\u015ft\u0131rma ama\u00e7l\u0131d\u0131r)<\/strong><\/h3>\n<ol data-start=\"6686\" data-end=\"7016\">\n<li data-start=\"6686\" data-end=\"6783\">\n<p data-start=\"6689\" data-end=\"6783\"><strong data-start=\"6689\" data-end=\"6703\">Hantering:<\/strong> Gebruik alleen in erkende laboratoria met geschikte veiligheidsvoorzieningen.<\/p>\n<\/li>\n<li data-start=\"6784\" data-end=\"6858\">\n<p data-start=\"6787\" data-end=\"6858\"><strong data-start=\"6787\" data-end=\"6802\">Uygulama:<\/strong> Gebruik pellets volgens gevalideerde analysemethoden.<\/p>\n<\/li>\n<li data-start=\"6859\" data-end=\"6922\">\n<p data-start=\"6862\" data-end=\"6922\"><strong data-start=\"6862\" data-end=\"6873\">Depolama:<\/strong> Serin, kuru ve karanl\u0131kta, iyi kapat\u0131lm\u0131\u015f olarak saklay\u0131n.<\/p>\n<\/li>\n<li data-start=\"6923\" data-end=\"7016\">\n<p data-start=\"6926\" data-end=\"7016\"><strong data-start=\"6926\" data-end=\"6937\">Drenaj:<\/strong> Kal\u0131nt\u0131lar\u0131 yerel kimyasal at\u0131k y\u00f6netimi y\u00f6netmeliklerine g\u00f6re bertaraf edin.<\/p>\n<\/li>\n<\/ol>\n<hr data-start=\"7018\" data-end=\"7021\" \/>\n<h3 data-start=\"7023\" data-end=\"7057\"><strong data-start=\"7027\" data-end=\"7057\">G\u00fcvenlik ve uyumluluk<\/strong><\/h3>\n<ul data-start=\"7059\" data-end=\"7506\">\n<li data-start=\"7059\" data-end=\"7154\">\n<p data-start=\"7061\" data-end=\"7154\"><strong data-start=\"7061\" data-end=\"7097\">Sadece laboratuvar kullan\u0131m\u0131 i\u00e7indir:<\/strong> \u0130nsan veya hayvan t\u00fcketimi i\u00e7in uygun de\u011fildir.<\/p>\n<\/li>\n<li data-start=\"7155\" data-end=\"7279\">\n<p data-start=\"7157\" data-end=\"7279\"><strong data-start=\"7157\" data-end=\"7185\">Yasal Hususlar:<\/strong> Clonazolam valt onder de wetgeving inzake gecontroleerde stoffen; controleer lokale regels.<\/p>\n<\/li>\n<li data-start=\"7280\" data-end=\"7381\">\n<p data-start=\"7282\" data-end=\"7381\"><strong data-start=\"7282\" data-end=\"7310\">Sa\u011fl\u0131k ve G\u00fcvenlik:<\/strong> Vermijd huidcontact en inademing. Draag altijd beschermingsmiddelen.<\/p>\n<\/li>\n<li data-start=\"7382\" data-end=\"7506\">\n<p data-start=\"7384\" data-end=\"7506\"><strong data-start=\"7384\" data-end=\"7401\">Dok\u00fcmantasyon:<\/strong> A <strong data-start=\"7406\" data-end=\"7442\">g\u00fcvenlik veri sayfas\u0131 (MSDS)<\/strong> ve <strong data-start=\"7446\" data-end=\"7474\">analiz sertifikas\u0131 (COA)<\/strong> istek \u00fczerine temin edilebilir.<\/p>\n<\/li>\n<\/ul>\n<hr data-start=\"7508\" data-end=\"7511\" \/>\n<h3 data-start=\"7513\" data-end=\"7548\"><strong data-start=\"7517\" data-end=\"7548\">S\u0131k\u00e7a sorulan sorular (SSS)<\/strong><\/h3>\n<p data-start=\"7550\" data-end=\"7702\"><strong data-start=\"7550\" data-end=\"7608\">1. Waarvoor worden Clonazolam 0,6 mg Pellets gebruikt?<\/strong><br data-start=\"7608\" data-end=\"7611\" \/>Ze worden gebruikt als <strong data-start=\"7634\" data-end=\"7657\">referentiemateriaal<\/strong> in analytische en forensische laboratoria.<\/p>\n<p data-start=\"7704\" data-end=\"7876\"><strong data-start=\"7704\" data-end=\"7765\">2. Zijn deze pellets geschikt voor menselijke consumptie?<\/strong><br data-start=\"7765\" data-end=\"7768\" \/>Hay\u0131r. Bu \u00fcr\u00fcn <strong data-start=\"7788\" data-end=\"7826\">uitsluitend bedoeld voor onderzoek<\/strong> ve <strong data-start=\"7830\" data-end=\"7873\">insan kullan\u0131m\u0131 i\u00e7in onaylanmam\u0131\u015ft\u0131r<\/strong>.<\/p>\n<p data-start=\"7878\" data-end=\"8017\"><strong data-start=\"7878\" data-end=\"7933\">3. Hoe moeten Clonazolam Pellets worden opgeslagen?<\/strong><br data-start=\"7933\" data-end=\"7936\" \/>Serin, kuru ve karanl\u0131kta, iyi kapat\u0131lm\u0131\u015f ve yetkisiz ki\u015filerin eri\u015femeyece\u011fi bir yerde saklay\u0131n.<\/p>","protected":false},"excerpt":{"rendered":"<h2><span dir=\"auto\" style=\"vertical-align: inherit;\"><span dir=\"auto\" style=\"vertical-align: inherit;\">Clonazolam pellets properties<\/span><\/span><\/h2>\n<p><strong><span dir=\"auto\" style=\"vertical-align: inherit;\"><span dir=\"auto\" style=\"vertical-align: inherit;\">Synonym:<\/span><\/span><\/strong><span dir=\"auto\" style=\"vertical-align: inherit;\"><span dir=\"auto\" style=\"vertical-align: inherit;\"> 6-(2-chlorophenyl)-1-methyl-8-nitro-4H-[1,2,4]triazolo[4,3-a] [1,4]benzodiazepine <\/span><\/span><br \/>\n<strong><span dir=\"auto\" style=\"vertical-align: inherit;\"><span dir=\"auto\" style=\"vertical-align: inherit;\">CAS Number:<\/span><\/span><\/strong><span dir=\"auto\" style=\"vertical-align: inherit;\"><span dir=\"auto\" style=\"vertical-align: inherit;\"> 33887-02-4 <\/span><\/span><br \/>\n<strong><span dir=\"auto\" style=\"vertical-align: inherit;\"><span dir=\"auto\" style=\"vertical-align: inherit;\">Formula:<\/span><\/span><\/strong><span dir=\"auto\" style=\"vertical-align: inherit;\"><span dir=\"auto\" style=\"vertical-align: inherit;\"> C17H12C1N5O2 <\/span><\/span><br \/>\n<strong><span dir=\"auto\" style=\"vertical-align: inherit;\"><span dir=\"auto\" style=\"vertical-align: inherit;\">Molar mass:<\/span><\/span><\/strong><span dir=\"auto\" style=\"vertical-align: inherit;\"><span dir=\"auto\" style=\"vertical-align: inherit;\"> 353.8 g\/mol <\/span><\/span><br \/>\n<strong><span dir=\"auto\" style=\"vertical-align: inherit;\"><span dir=\"auto\" style=\"vertical-align: inherit;\">Purity:<\/span><\/span><\/strong><span dir=\"auto\" style=\"vertical-align: inherit;\"><span dir=\"auto\" style=\"vertical-align: inherit;\"> \u226598%<\/span><\/span><\/p>\n","protected":false},"featured_media":16967,"comment_status":"closed","ping_status":"closed","template":"","meta":[],"product_brand":[],"product_cat":[36],"product_tag":[63,64,22],"class_list":{"0":"post-668","1":"product","2":"type-product","3":"status-publish","4":"has-post-thumbnail","6":"product_cat-verboden","7":"product_tag-clonazolam","8":"product_tag-clonazolam-kopen","9":"product_tag-nl","11":"first","12":"outofstock","13":"shipping-taxable","14":"purchasable","15":"product-type-simple"},"_links":{"self":[{"href":"https:\/\/researchchemicalshop.eu\/tr\/wp-json\/wp\/v2\/product\/668","targetHints":{"allow":["GET"]}}],"collection":[{"href":"https:\/\/researchchemicalshop.eu\/tr\/wp-json\/wp\/v2\/product"}],"about":[{"href":"https:\/\/researchchemicalshop.eu\/tr\/wp-json\/wp\/v2\/types\/product"}],"replies":[{"embeddable":true,"href":"https:\/\/researchchemicalshop.eu\/tr\/wp-json\/wp\/v2\/comments?post=668"}],"version-history":[{"count":1,"href":"https:\/\/researchchemicalshop.eu\/tr\/wp-json\/wp\/v2\/product\/668\/revisions"}],"predecessor-version":[{"id":16640,"href":"https:\/\/researchchemicalshop.eu\/tr\/wp-json\/wp\/v2\/product\/668\/revisions\/16640"}],"wp:featuredmedia":[{"embeddable":true,"href":"https:\/\/researchchemicalshop.eu\/tr\/wp-json\/wp\/v2\/media\/16967"}],"wp:attachment":[{"href":"https:\/\/researchchemicalshop.eu\/tr\/wp-json\/wp\/v2\/media?parent=668"}],"wp:term":[{"taxonomy":"product_brand","embeddable":true,"href":"https:\/\/researchchemicalshop.eu\/tr\/wp-json\/wp\/v2\/product_brand?post=668"},{"taxonomy":"product_cat","embeddable":true,"href":"https:\/\/researchchemicalshop.eu\/tr\/wp-json\/wp\/v2\/product_cat?post=668"},{"taxonomy":"product_tag","embeddable":true,"href":"https:\/\/researchchemicalshop.eu\/tr\/wp-json\/wp\/v2\/product_tag?post=668"}],"curies":[{"name":"wp","href":"https:\/\/api.w.org\/{rel}","templated":true}]}}