{"id":4448,"date":"2026-02-09T12:04:39","date_gmt":"2026-02-09T12:04:39","guid":{"rendered":"https:\/\/researchchemicalshop.eu\/?post_type=product&#038;p=4448"},"modified":"2026-02-11T20:51:52","modified_gmt":"2026-02-11T20:51:52","slug":"4mmc","status":"publish","type":"product","link":"https:\/\/researchchemicalshop.eu\/tr\/urun\/4mmc\/","title":{"rendered":"Mephedron ( 4MMC ) Sat\u0131n Al\u0131n"},"content":{"rendered":"<h1 class=\"serp-title\">4mmc sat\u0131n al<\/h1>\n<h2 data-start=\"557\" data-end=\"590\"><strong data-start=\"560\" data-end=\"590\">Mephedron (4-MMC) nedir?<\/strong><\/h2>\n<p data-start=\"592\" data-end=\"923\"><span class=\"___SBox_4905a-ko_ ___SText_1ifhk-ko_\" data-ui-name=\"Link.Text\">4mmc<\/span>, 4mmc sat\u0131n al, mephedrone, 4mmc sat\u0131n al, Mephedron, wissenschaftlich bekannt als <strong data-start=\"632\" data-end=\"664\">4-Methylmethcathinone (4-MMC)<\/strong>, der Gruppe der'den sentetik bir maddedir. <strong data-start=\"716\" data-end=\"729\">Cathinone<\/strong>, kimyasal olarak hafifleten <strong data-start=\"748\" data-end=\"764\">Amfetaminler<\/strong> verwandt ist. \u0130lk olarak 2000\u201eli y\u0131llar\u0131n ba\u015f\u0131nda \u201cLegal High\u201e ya da \u201cBadesalz\" olarak pazarlanm\u0131\u015f, ancak daha sonra bir\u00e7ok \u00fclkede yasaklanm\u0131\u015ft\u0131r.<\/p>\n<p data-start=\"925\" data-end=\"1301\">Kimyasal olarak Mephedron \u015fu \u015fekilde g\u00f6r\u00fcn\u00fcr <strong data-start=\"962\" data-end=\"975\">Te\u015fvik<\/strong>, Merkezi sinir sisteminin aktivitesini art\u0131r\u0131r. Es wurde h\u00e4ufig wegen seiner euphorisierenden und anregenden Wirkung konsumiert - \u00e4hnlich wie <strong data-start=\"1125\" data-end=\"1143\">MDMA (Ecstasy)<\/strong> Oder <strong data-start=\"1149\" data-end=\"1159\">Kokain<\/strong>. Substanz bu nedenle d\u00fczenlenmemi\u015f ve \u00e7o\u011fu zaman yeniden d\u00fczenlenmi\u015f olsa da <strong data-start=\"1230\" data-end=\"1272\">sa\u011fl\u0131k riskleri ve \u00f6l\u00fcmler<\/strong> zu internationalen Verboten.<\/p>\n<h2 data-start=\"1308\" data-end=\"1345\"><strong data-start=\"1311\" data-end=\"1345\">Mephedron K\u00f6rper'de nas\u0131l g\u00f6r\u00fcn\u00fcr?<\/strong><\/h2>\n<p data-start=\"1347\" data-end=\"1672\">Mephedron N\u00f6rotransmitterin Konzentrasyonunu Bozar <strong data-start=\"1408\" data-end=\"1419\">Dopamin<\/strong>, <strong data-start=\"1421\" data-end=\"1434\">Serotonin<\/strong> und <strong data-start=\"1439\" data-end=\"1455\">Noradrenalin<\/strong> im Gehirn. Bu botenstoffe'lar Stimmung, Motivation ve Wachheit i\u00e7in \u00e7ok faydal\u0131d\u0131r.<br data-start=\"1543\" data-end=\"1546\" \/>Durch die erh\u00f6hte Aussch\u00fcttung dieser Stoffe kommt es zu einem <strong data-start=\"1609\" data-end=\"1671\">k\u0131sa s\u00fcreli co\u015fku, enerji ve zindelik hissi<\/strong>.<\/p>\n<p data-start=\"1674\" data-end=\"1966\">Ancak bu k\u00fcnstliche Effekt sadece k\u0131sa bir s\u00fcre i\u00e7in ge\u00e7erlidir. Nach Abklingen der Wirkung kann es zu einem <strong data-start=\"1766\" data-end=\"1777\">\u201eCrash\u201c<\/strong> gelmen - einem Zustand von M\u00fcdigkeit, Reizbarkeit or Depression. Konsumun daha da k\u00f6t\u00fcle\u015fmesi, daha y\u00fcksek bir <strong data-start=\"1894\" data-end=\"1922\">psi\u015fik Abh\u00e4ngigkeit<\/strong> und einer <strong data-start=\"1933\" data-end=\"1965\">Gehir Kimyas\u0131n\u0131n De\u011fi\u015fimi<\/strong>.<\/p>\n<h2 data-start=\"1973\" data-end=\"2015\"><strong data-start=\"1976\" data-end=\"2015\">Mephedron'un K\u0131sa S\u00fcreli Etkileri<\/strong><\/h2>\n<p data-start=\"2017\" data-end=\"2168\">Die Wirkung tritt in der Regel <strong data-start=\"2048\" data-end=\"2083\">15 ila 45 dakika i\u00e7inde<\/strong> nach der Einnahme auf und h\u00e4lt etwa <strong data-start=\"2120\" data-end=\"2139\">2 bis 4 Stunden<\/strong> bir.<br data-start=\"2143\" data-end=\"2146\" \/>Typische Effekte sind:<\/p>\n<ul data-start=\"2170\" data-end=\"2333\">\n<li data-start=\"2170\" data-end=\"2206\">\n<p data-start=\"2172\" data-end=\"2206\">Gesteigerte Energie und Wachheit<\/p>\n<\/li>\n<li data-start=\"2207\" data-end=\"2251\">\n<p data-start=\"2209\" data-end=\"2251\">Erh\u00f6hte Geselligkeit und Gespr\u00e4chsfreude<\/p>\n<\/li>\n<li data-start=\"2252\" data-end=\"2284\">\n<p data-start=\"2254\" data-end=\"2284\">Gesteigertes Selbstvertrauen<\/p>\n<\/li>\n<li data-start=\"2285\" data-end=\"2333\">\n<p data-start=\"2287\" data-end=\"2333\">M\u00fczik ve I\u015f\u0131\u011f\u0131n Yo\u011fun Kullan\u0131m\u0131<\/p>\n<\/li>\n<\/ul>\n<p data-start=\"2335\" data-end=\"2488\">Diese Effekte k\u00f6nnen jedoch schnell von <strong data-start=\"2375\" data-end=\"2405\">Unangenehmen Nachwirkungen<\/strong> abgel\u00f6st werden - z. B. Schlaflosigkeit, Gereiztheit oder Konzentrationsst\u00f6rungen.<\/p>\n<h2 data-start=\"2495\" data-end=\"2537\"><strong data-start=\"2498\" data-end=\"2537\">Olas\u0131 Riskler ve Nebenwirkungen<\/strong><\/h2>\n<h3 data-start=\"2539\" data-end=\"2573\"><strong data-start=\"2543\" data-end=\"2573\">K\u00f6rperliche Nebenwirkungen<\/strong><\/h3>\n<ul data-start=\"2575\" data-end=\"2779\">\n<li data-start=\"2575\" data-end=\"2606\">\n<p data-start=\"2577\" data-end=\"2606\">Erh\u00f6hter Pulse und Blutdruck<\/p>\n<\/li>\n<li data-start=\"2607\" data-end=\"2649\">\n<p data-start=\"2609\" data-end=\"2649\">\u00dcberm\u00e4\u00dfiges Schwitzen und Dehydrierung<\/p>\n<\/li>\n<li data-start=\"2650\" data-end=\"2691\">\n<p data-start=\"2652\" data-end=\"2691\">Muskelverspannungen und Kieferpressen<\/p>\n<\/li>\n<li data-start=\"2692\" data-end=\"2731\">\n<p data-start=\"2694\" data-end=\"2731\">Schlafprobleme und Appetitlosigkeit<\/p>\n<\/li>\n<li data-start=\"2732\" data-end=\"2779\">\n<p data-start=\"2734\" data-end=\"2779\">Risiko einer <strong data-start=\"2747\" data-end=\"2777\">\u00dcberhitzung (Hipertermi)<\/strong><\/p>\n<\/li>\n<\/ul>\n<h3 data-start=\"2781\" data-end=\"2814\"><strong data-start=\"2785\" data-end=\"2814\">Psikolojik Nebenwirkungen<\/strong><\/h3>\n<ul data-start=\"2816\" data-end=\"2967\">\n<li data-start=\"2816\" data-end=\"2851\">\n<p data-start=\"2818\" data-end=\"2851\">K\u0131zg\u0131nl\u0131klar ve Panik Sald\u0131r\u0131lar<\/p>\n<\/li>\n<li data-start=\"2852\" data-end=\"2885\">\n<p data-start=\"2854\" data-end=\"2885\">Paranoya veya Halluzinationen<\/p>\n<\/li>\n<li data-start=\"2886\" data-end=\"2926\">\n<p data-start=\"2888\" data-end=\"2926\">Stimmungsschwankungen und Depression<\/p>\n<\/li>\n<li data-start=\"2927\" data-end=\"2967\">\n<p data-start=\"2929\" data-end=\"2967\">i\u00e7in Erh\u00f6htes Risiko <strong data-start=\"2949\" data-end=\"2965\">Abh\u00e4ngigkeit<\/strong><\/p>\n<\/li>\n<\/ul>\n<p data-start=\"2969\" data-end=\"3075\">Langfristiger Konsum kann das <strong data-start=\"2999\" data-end=\"3024\">Herz-Kreislauf-Sistemi<\/strong>, ki <strong data-start=\"3030\" data-end=\"3039\">Leber<\/strong> und das <strong data-start=\"3048\" data-end=\"3064\">Sinir Sistemi<\/strong> sch\u00e4digen.<\/p>\n<h2 data-start=\"3082\" data-end=\"3129\"><strong data-start=\"3085\" data-end=\"3129\">Mephedron'un (4-MMC) Rechtlicher Durumu<\/strong><\/h2>\n<p data-start=\"3131\" data-end=\"3235\">Nach einem rasanten Anstieg des Missbrauchs wurde Mephedron <strong data-start=\"3191\" data-end=\"3202\">ab 2010<\/strong> verboten in den meisten L\u00e4ndern.<\/p>\n<ul data-start=\"3237\" data-end=\"3584\">\n<li data-start=\"3237\" data-end=\"3348\">\n<p data-start=\"3239\" data-end=\"3348\"><strong data-start=\"3239\" data-end=\"3255\">Almanya:<\/strong> Seit 2010 im <strong data-start=\"3269\" data-end=\"3302\">Bet\u00e4ubungsmittelgesetz (BtMG)<\/strong> nicht verkehrsf\u00e4hige Substanz gelistet.<\/p>\n<\/li>\n<li data-start=\"3349\" data-end=\"3439\">\n<p data-start=\"3351\" data-end=\"3439\"><strong data-start=\"3351\" data-end=\"3390\">Avrupa Birli\u011fi ve Gro\u00dfbritannien:<\/strong> Einstufung als verbotene psychotrope Substanz.<\/p>\n<\/li>\n<li data-start=\"3440\" data-end=\"3513\">\n<p data-start=\"3442\" data-end=\"3513\"><strong data-start=\"3442\" data-end=\"3450\">ABD:<\/strong> At <strong data-start=\"3454\" data-end=\"3468\">\u00c7izelge I<\/strong> des Controlled Substances Act aufgenommen.<\/p>\n<\/li>\n<li data-start=\"3514\" data-end=\"3584\">\n<p data-start=\"3516\" data-end=\"3584\"><strong data-start=\"3516\" data-end=\"3540\">Avustralya ve Kanada:<\/strong> Unter \u00e4hnlichen Gesetzen streng verboten.<\/p>\n<\/li>\n<\/ul>\n<h3 data-start=\"3586\" data-end=\"3621\"><strong data-start=\"3590\" data-end=\"3621\">4-MMC neden yasakland\u0131?<\/strong><\/h3>\n<p data-start=\"3623\" data-end=\"3884\">Regierungen reagierten auf eine Zunahme von <strong data-start=\"3667\" data-end=\"3704\">Krankenhausf\u00e4llen und Todesf\u00e4llen<\/strong> nach dem Konsum von Mephedron.<br data-start=\"3735\" data-end=\"3738\" \/>Da die Substanz meist <strong data-start=\"3760\" data-end=\"3783\">yasad\u0131\u015f\u0131 im \u0130nternet<\/strong> verkauft wurde, war keine Qualit\u00e4tskontrolle m\u00f6glich - ein erheblicher Risikofaktor f\u00fcr Konsumenten.<\/p>\n<h2 data-start=\"3891\" data-end=\"3949\"><strong data-start=\"3894\" data-end=\"3949\">Pr\u00e4vention und Schadensminimierung (Zarar Azaltma)<\/strong><\/h2>\n<p data-start=\"3951\" data-end=\"4125\">Mephedron yasad\u0131\u015f\u0131 olsa bile, bir\u00e7ok sa\u011fl\u0131k kurulu\u015fu <strong data-start=\"4032\" data-end=\"4061\">Aufkl\u00e4rung und Pr\u00e4vention<\/strong> ein, anstatt nur zu bestrafen.<br data-start=\"4092\" data-end=\"4095\" \/>Empfohlene Vorsichtsma\u00dfnahmen:<\/p>\n<ul data-start=\"4127\" data-end=\"4354\">\n<li data-start=\"4127\" data-end=\"4180\">\n<p data-start=\"4129\" data-end=\"4180\">Di\u011fer Drojen veya Alkohollerle Kombinasyon Yapmay\u0131n<\/p>\n<\/li>\n<li data-start=\"4181\" data-end=\"4242\">\n<p data-start=\"4183\" data-end=\"4242\">Ausreichend Wasser trinken, aber \u00dcberhydrierung vermeiden<\/p>\n<\/li>\n<li data-start=\"4243\" data-end=\"4287\">\n<p data-start=\"4245\" data-end=\"4287\">Konsumepisoden einhalten aras\u0131nda duraklamalar<\/p>\n<\/li>\n<li data-start=\"4288\" data-end=\"4354\">\n<p data-start=\"4290\" data-end=\"4354\">Konsum au\u00dfer Kontrolle ger\u00e4t oldu\u011funda Cuma Hilfe suchen, wenn der Konsum au\u00dfer Kontrolle ger\u00e4t<\/p>\n<\/li>\n<\/ul>\n<h3 data-start=\"4356\" data-end=\"4399\"><strong data-start=\"4360\" data-end=\"4399\">Uyar\u0131c\u0131 Sorunlu Konsumlar<\/strong><\/h3>\n<ul data-start=\"4401\" data-end=\"4589\">\n<li data-start=\"4401\" data-end=\"4436\">\n<p data-start=\"4403\" data-end=\"4436\">H\u00e4ufiges \u201eNachlegen\u201c (Redosing)<\/p>\n<\/li>\n<li data-start=\"4437\" data-end=\"4499\">\n<p data-start=\"4439\" data-end=\"4499\">Sosyal veya Mesleki A\u00e7\u0131dan Vernachl\u00e4ssigung (Vernachl\u00e4ssigung sozialer oder beruflicher Verpflichtungen)<\/p>\n<\/li>\n<li data-start=\"4500\" data-end=\"4538\">\n<p data-start=\"4502\" data-end=\"4538\">Stimmungseinbr\u00fcche nach dem Konsum<\/p>\n<\/li>\n<li data-start=\"4539\" data-end=\"4589\">\n<p data-start=\"4541\" data-end=\"4589\">Zwanghafte Beschaffung oder Gedanken an Konsum<\/p>\n<\/li>\n<\/ul>\n<h2 data-start=\"4596\" data-end=\"4648\"><strong data-start=\"4599\" data-end=\"4648\">Aktuelle wissenschaftliche Forschung zu 4-MMC<\/strong><\/h2>\n<p data-start=\"4650\" data-end=\"5018\">Yeni \u00e7al\u0131\u015fmalar, 4-MMC'nin ayn\u0131 \u015fekilde <strong data-start=\"4707\" data-end=\"4715\">MDMA<\/strong> Oder <strong data-start=\"4721\" data-end=\"4735\">Amfetamin<\/strong> N\u00f6rotransmitterlerin etkilenmesi azal\u0131r.<br data-start=\"4785\" data-end=\"4788\" \/>Ara\u015ft\u0131rmalar zudem auf <strong data-start=\"4817\" data-end=\"4842\">n\u00f6rotoksik Etkiler<\/strong> und <strong data-start=\"4847\" data-end=\"4874\">kardiovaskul\u00e4re Riskler<\/strong> hin.<br data-start=\"4879\" data-end=\"4882\" \/>Wissenschaftler fordern daher <strong data-start=\"4912\" data-end=\"4931\">i\u0307leri\u0307 \u00e7ali\u015fmalar<\/strong>, Langzeitwirkungen'in daha iyi anla\u015f\u0131labilmesi ve \u00f6nleme stratejilerinin geli\u015ftirilebilmesi i\u00e7in.<\/p>\n<h2 data-start=\"5025\" data-end=\"5073\"><strong data-start=\"5028\" data-end=\"5073\">Mephedron i\u00e7in G\u00fcvenli, Yasal Alternatifler<\/strong><\/h2>\n<p data-start=\"5075\" data-end=\"5184\">Enerjiye ve odaklanmaya ihtiyac\u0131 olan herkes <strong data-start=\"5120\" data-end=\"5155\">yasal ve test edi\u0307lmi\u0307\u015f substanzen<\/strong> zur\u00fcckgreifen. Dazu geh\u00f6ren:<\/p>\n<ul data-start=\"5186\" data-end=\"5406\">\n<li data-start=\"5186\" data-end=\"5239\">\n<p data-start=\"5188\" data-end=\"5239\"><strong data-start=\"5188\" data-end=\"5211\">Koffein und Guarana<\/strong> (do\u011fal uyar\u0131c\u0131lar)<\/p>\n<\/li>\n<li data-start=\"5240\" data-end=\"5296\">\n<p data-start=\"5242\" data-end=\"5296\"><strong data-start=\"5242\" data-end=\"5255\">L-Theanin<\/strong> (in gr\u00fcnem Tee, f\u00f6rdert Konzentration)<\/p>\n<\/li>\n<li data-start=\"5297\" data-end=\"5347\">\n<p data-start=\"5299\" data-end=\"5347\"><strong data-start=\"5299\" data-end=\"5317\">Rhodiola rosea<\/strong> (Adaptogen gegen M\u00fcdigkeit)<\/p>\n<\/li>\n<li data-start=\"5348\" data-end=\"5406\">\n<p data-start=\"5350\" data-end=\"5406\"><strong data-start=\"5350\" data-end=\"5372\">B-Kompleks Vitamini<\/strong> zihinsel zindelik i\u00e7in<\/p>\n<\/li>\n<\/ul>\n<p data-start=\"5408\" data-end=\"5500\">Solche Alternativen sind <strong data-start=\"5433\" data-end=\"5455\">daha g\u00fcvenli ve yasal<\/strong>, wenn sie aus <strong data-start=\"5470\" data-end=\"5491\">Pr\u00fcften Quellen<\/strong> Su\u015flar.<\/p>\n<h2 data-start=\"5507\" data-end=\"5544\"><strong data-start=\"5510\" data-end=\"5544\">S\u0131k\u00e7a sorulan sorular (SSS)<\/strong><\/h2>\n<p data-start=\"5546\" data-end=\"5727\"><strong data-start=\"5546\" data-end=\"5598\">1. Mephedron neden yayg\u0131n olarak kullan\u0131ld\u0131?<\/strong><br data-start=\"5598\" data-end=\"5601\" \/>Mephedron ilk olarak \u201eAra\u015ft\u0131rma Kimyasal\u0131\u201c olarak piyasaya s\u00fcr\u00fcld\u00fc ve uyar\u0131c\u0131 etkisi nedeniyle Konsumenten taraf\u0131ndan kullan\u0131lmad\u0131.<\/p>\n<p data-start=\"5729\" data-end=\"5874\"><strong data-start=\"5729\" data-end=\"5767\">2. 4-MMC bug\u00fcn yasal m\u0131?<\/strong><br data-start=\"5767\" data-end=\"5770\" \/>Hay\u0131r, hemen hemen t\u00fcm \u00fclkelerde Mephedron yasakt\u0131r. Es steht auf den Listen verbotener Bet\u00e4ubungsmittel.<\/p>\n<p data-start=\"5876\" data-end=\"6062\"><strong data-start=\"5876\" data-end=\"5925\">3. Mephedron'a kar\u015f\u0131 g\u00fcvenli alternatifler var m\u0131?<\/strong><br data-start=\"5925\" data-end=\"5928\" \/>Evet, Koffein, Theanin veya bitkisel Adaptogene gibi do\u011fal veya yasal Aufputschmittel'ler y\u00fcksek riskler olmaks\u0131z\u0131n farkl\u0131 etkiler sa\u011flar.<\/p>\n<p data-start=\"5876\" data-end=\"6062\"><a href=\"https:\/\/researchchemicalshop.eu\/tr\/dukkan\/okategoriserad\/benzokain-tozu\/\">benzokain tozu<\/a><a href=\"https:\/\/researchchemicalshop.eu\/tr\/dukkan\/okategoriserad\/fentanyl-kopen\/\">fentanil sat\u0131n al<\/a><a href=\"https:\/\/researchchemicalshop.eu\/tr\/dukkan\/iboga-ibogaine\/iboga-root-bark\/\">iboga k\u00f6k\u00fc kabu\u011fu<\/a><a href=\"https:\/\/researchchemicalshop.eu\/tr\/dukkan\/iboga-ibogaine\/iboga-kopen\/\">iboga sat\u0131n al<\/a><a href=\"https:\/\/researchchemicalshop.eu\/tr\/dukkan\/iboga-ibogaine\/buy-ibogaine-hcl-online\/\">ibogain hcl online sat\u0131n al<\/a><\/p>","protected":false},"excerpt":{"rendered":"<p>4mmc Kopen Was ist Mephedron (4-MMC)? 4mmc, 4mmc kopen, mephedrone, 4mmc kopen, Mephedron, wissenschaftlich bekannt als 4-Methylmethcathinon (4-MMC), ist eine<\/p>","protected":false},"featured_media":1927,"comment_status":"open","ping_status":"closed","template":"","meta":[],"product_brand":[],"product_cat":[522],"product_tag":[920,921,846,847,848,849,850,22],"class_list":{"0":"post-4448","1":"product","2":"type-product","3":"status-publish","4":"has-post-thumbnail","6":"product_cat-niet-gecategoriseerd","7":"product_tag-4mmc","8":"product_tag-4mmc-drugs","9":"product_tag-4mmc-kopen","10":"product_tag-buy-mephedrone","11":"product_tag-is-it-ok-to-take-xanax-after-mephedrone","12":"product_tag-mephedron","13":"product_tag-mephedrone","14":"product_tag-nl","16":"first","17":"instock","18":"shipping-taxable","19":"purchasable","20":"product-type-variable"},"_links":{"self":[{"href":"https:\/\/researchchemicalshop.eu\/tr\/wp-json\/wp\/v2\/product\/4448","targetHints":{"allow":["GET"]}}],"collection":[{"href":"https:\/\/researchchemicalshop.eu\/tr\/wp-json\/wp\/v2\/product"}],"about":[{"href":"https:\/\/researchchemicalshop.eu\/tr\/wp-json\/wp\/v2\/types\/product"}],"replies":[{"embeddable":true,"href":"https:\/\/researchchemicalshop.eu\/tr\/wp-json\/wp\/v2\/comments?post=4448"}],"version-history":[{"count":3,"href":"https:\/\/researchchemicalshop.eu\/tr\/wp-json\/wp\/v2\/product\/4448\/revisions"}],"predecessor-version":[{"id":16395,"href":"https:\/\/researchchemicalshop.eu\/tr\/wp-json\/wp\/v2\/product\/4448\/revisions\/16395"}],"wp:featuredmedia":[{"embeddable":true,"href":"https:\/\/researchchemicalshop.eu\/tr\/wp-json\/wp\/v2\/media\/1927"}],"wp:attachment":[{"href":"https:\/\/researchchemicalshop.eu\/tr\/wp-json\/wp\/v2\/media?parent=4448"}],"wp:term":[{"taxonomy":"product_brand","embeddable":true,"href":"https:\/\/researchchemicalshop.eu\/tr\/wp-json\/wp\/v2\/product_brand?post=4448"},{"taxonomy":"product_cat","embeddable":true,"href":"https:\/\/researchchemicalshop.eu\/tr\/wp-json\/wp\/v2\/product_cat?post=4448"},{"taxonomy":"product_tag","embeddable":true,"href":"https:\/\/researchchemicalshop.eu\/tr\/wp-json\/wp\/v2\/product_tag?post=4448"}],"curies":[{"name":"wp","href":"https:\/\/api.w.org\/{rel}","templated":true}]}}