{"id":431,"date":"2026-02-09T11:52:52","date_gmt":"2026-02-09T11:52:52","guid":{"rendered":"https:\/\/researchchemicalshop.eu\/?post_type=product&#038;p=431"},"modified":"2026-03-06T01:38:24","modified_gmt":"2026-03-06T01:38:24","slug":"4-aco-met-20-mg-pellets","status":"publish","type":"product","link":"https:\/\/researchchemicalshop.eu\/tr\/urun\/4-aco-met-20-mg-pellets\/","title":{"rendered":"4-AcO-MET 20 MG Pelet"},"content":{"rendered":"<p data-start=\"3312\" data-end=\"3759\">4-AcO-MET (4-Acetoxy-N-ethyl-N-methyltryptamine) 20 MG Pellets zijn <strong data-start=\"3380\" data-end=\"3425\">onderzoekschemicali\u00ebn van hoge zuiverheid<\/strong>, speciaal ontwikkeld voor geavanceerd chemisch en farmacologisch onderzoek. Elke pellet bevat <strong data-start=\"3520\" data-end=\"3545\">exact 20 mg 4-AcO-MET<\/strong>, wat zorgt voor consistente en reproduceerbare resultaten. Deze verbinding is structureel verwant aan 4-AcO-DMT en MET en wordt gebruikt in onderzoeken naar <strong data-start=\"3703\" data-end=\"3758\">serotonine-receptoren en neurochemische interacties<\/strong>. 4-aco-met<\/p>\n<blockquote data-start=\"3761\" data-end=\"3891\">\n<p data-start=\"3763\" data-end=\"3891\">\u26a0\ufe0f <strong data-start=\"3766\" data-end=\"3777\">Not:<\/strong> Bu \u00fcr\u00fcn <strong data-start=\"3793\" data-end=\"3848\">sadece bilimsel ara\u015ft\u0131rma i\u00e7in tasarlanm\u0131\u015ft\u0131r<\/strong>. Niet geschikt voor menselijke consumptie.<\/p>\n<\/blockquote>\n<hr data-start=\"3893\" data-end=\"3896\" \/>\n<h3 data-start=\"3898\" data-end=\"3929\"><strong data-start=\"3902\" data-end=\"3929\">Temel \u00f6zellikler<\/strong><\/h3>\n<ul data-start=\"3930\" data-end=\"4438\">\n<li data-start=\"3930\" data-end=\"4044\">\n<p data-start=\"3932\" data-end=\"4044\"><strong data-start=\"3932\" data-end=\"3958\">Hoge Zuiverheid (\u226598%)<\/strong> \u2013 Geproduceerd volgens strenge analytenormen voor betrouwbare onderzoeksresultaten.<\/p>\n<\/li>\n<li data-start=\"4045\" data-end=\"4149\">\n<p data-start=\"4047\" data-end=\"4149\"><strong data-start=\"4047\" data-end=\"4080\">Nauwkeurig Gedoseerde Pellets<\/strong> \u2013 Elke pellet bevat 20 mg 4-AcO-MET met hoge doseernauwkeurigheid.<\/p>\n<\/li>\n<li data-start=\"4150\" data-end=\"4237\">\n<p data-start=\"4152\" data-end=\"4237\"><strong data-start=\"4152\" data-end=\"4177\">Chemische Stabiliteit<\/strong> \u2013 Ontworpen om stabiliteit en houdbaarheid te garanderen.<\/p>\n<\/li>\n<li data-start=\"4238\" data-end=\"4340\">\n<p data-start=\"4240\" data-end=\"4340\"><strong data-start=\"4240\" data-end=\"4262\">Kwaliteitsgarantie<\/strong> \u2013 Geproduceerd onder GMP-achtige omstandigheden voor consistente kwaliteit.<\/p>\n<\/li>\n<li data-start=\"4341\" data-end=\"4438\">\n<p data-start=\"4343\" data-end=\"4438\"><strong data-start=\"4343\" data-end=\"4365\">G\u00fcvenli Paketleme<\/strong> \u2013 Luchtdicht verpakt om blootstelling aan vocht en licht te voorkomen.<\/p>\n<\/li>\n<\/ul>\n<hr data-start=\"4440\" data-end=\"4443\" \/>\n<h3 data-start=\"4445\" data-end=\"4462\"><strong data-start=\"4449\" data-end=\"4462\">Avantajlar<\/strong><\/h3>\n<ul data-start=\"4463\" data-end=\"4766\">\n<li data-start=\"4463\" data-end=\"4541\">\n<p data-start=\"4465\" data-end=\"4541\">Sa\u011flar <strong data-start=\"4476\" data-end=\"4517\">nauwkeurige en herhaalbare doseringen<\/strong> tijdens experimenten.<\/p>\n<\/li>\n<li data-start=\"4542\" data-end=\"4640\">\n<p data-start=\"4544\" data-end=\"4640\">Ideaal voor <strong data-start=\"4556\" data-end=\"4596\">onderzoek naar tryptamine-afgeleiden<\/strong> in gecontroleerde laboratoriumomgevingen.<\/p>\n<\/li>\n<li data-start=\"4641\" data-end=\"4701\">\n<p data-start=\"4643\" data-end=\"4701\"><strong data-start=\"4643\" data-end=\"4667\">Langere houdbaarheid<\/strong> dankzij de stabiele pelletvorm.<\/p>\n<\/li>\n<li data-start=\"4702\" data-end=\"4766\">\n<p data-start=\"4704\" data-end=\"4766\"><strong data-start=\"4704\" data-end=\"4739\">Eenvoudig en veilig te hanteren<\/strong> in laboratoriumsettings.<\/p>\n<\/li>\n<\/ul>\n<hr data-start=\"4768\" data-end=\"4771\" \/>\n<h3 data-start=\"4773\" data-end=\"4788\"><strong data-start=\"4777\" data-end=\"4788\">Kullan\u0131m<\/strong><\/h3>\n<ul data-start=\"4789\" data-end=\"5092\">\n<li data-start=\"4789\" data-end=\"4871\">\n<p data-start=\"4791\" data-end=\"4871\">Alleen gebruiken door <strong data-start=\"4813\" data-end=\"4868\">gekwalificeerd onderzoeks- of laboratoriumpersoneel<\/strong>.<\/p>\n<\/li>\n<li data-start=\"4872\" data-end=\"4946\">\n<p data-start=\"4874\" data-end=\"4946\">Draag geschikte <strong data-start=\"4890\" data-end=\"4914\">koruyucu eki\u0307pman<\/strong> (handschoenen, bril, masker).<\/p>\n<\/li>\n<li data-start=\"4947\" data-end=\"5033\">\n<p data-start=\"4949\" data-end=\"5033\">\u00dczerinde saklay\u0131n <strong data-start=\"4964\" data-end=\"4987\">serin, kuru yer<\/strong>, uit de buurt van hitte en direct zonlicht.<\/p>\n<\/li>\n<li data-start=\"5034\" data-end=\"5092\">\n<p data-start=\"5036\" data-end=\"5092\">\u0130nsan veya hayvan t\u00fcketimi i\u00e7in uygun de\u011fildir.<\/p>\n<\/li>\n<\/ul>\n<hr data-start=\"5094\" data-end=\"5097\" \/>\n<h3 data-start=\"5099\" data-end=\"5134\"><strong data-start=\"5103\" data-end=\"5134\">S\u0131k\u00e7a sorulan sorular (SSS)<\/strong><\/h3>\n<p data-start=\"5136\" data-end=\"5333\"><strong data-start=\"5136\" data-end=\"5177\">1. Waarvoor wordt 4-AcO-MET gebruikt?<\/strong><br data-start=\"5177\" data-end=\"5180\" \/>4-AcO-MET wordt gebruikt voor <strong data-start=\"5210\" data-end=\"5240\">bilimsel ara\u015ft\u0131rma<\/strong> naar de werking van tryptamineverbindingen, vooral met betrekking tot serotonine-receptoren.<\/p>\n<p data-start=\"5335\" data-end=\"5509\"><strong data-start=\"5335\" data-end=\"5395\">2. Is 4-AcO-MET 20 MG geschikt voor persoonlijk gebruik?<\/strong><br data-start=\"5395\" data-end=\"5398\" \/>Hay\u0131r. Bu \u00fcr\u00fcn <strong data-start=\"5418\" data-end=\"5468\">sadece laboratuvar testleri i\u00e7in tasarlanm\u0131\u015ft\u0131r<\/strong> en niet geschikt voor menselijk gebruik.<\/p>\n<p data-start=\"5511\" data-end=\"5677\"><strong data-start=\"5511\" data-end=\"5558\">3. Hoe moet 4-AcO-MET 20 MG worden bewaard?<\/strong><br data-start=\"5558\" data-end=\"5561\" \/>\u0130\u00e7inde saklay\u0131n <strong data-start=\"5576\" data-end=\"5613\">droge, goed afgesloten verpakking<\/strong> bij kamertemperatuur (15\u201325\u00b0C), beschermd tegen licht en vocht.<\/p>","protected":false},"excerpt":{"rendered":"<p>4-AcO-MET (4-Acetoxy-N-ethyl-N-methyltryptamine) 20 MG Pellets zijn onderzoekschemicali\u00ebn van hoge zuiverheid, speciaal ontwikkeld voor geavanceerd chemisch en farmacologisch onderzoek. Elke pellet<\/p>","protected":false},"featured_media":16879,"comment_status":"closed","ping_status":"closed","template":"","meta":[],"product_brand":[],"product_cat":[198,280,71,41],"product_tag":[281,978,282,22],"class_list":{"0":"post-431","1":"product","2":"type-product","3":"status-publish","4":"has-post-thumbnail","6":"product_cat-4-aco-met","7":"product_cat-4-aco-met-pellets","8":"product_cat-pellets","9":"product_cat-tryptamine","10":"product_tag-4-aco-met","11":"product_tag-4-aco-met-20-mg-pellets","12":"product_tag-4-aco-met-kopen","13":"product_tag-nl","15":"first","16":"instock","17":"shipping-taxable","18":"purchasable","19":"product-type-variable"},"_links":{"self":[{"href":"https:\/\/researchchemicalshop.eu\/tr\/wp-json\/wp\/v2\/product\/431","targetHints":{"allow":["GET"]}}],"collection":[{"href":"https:\/\/researchchemicalshop.eu\/tr\/wp-json\/wp\/v2\/product"}],"about":[{"href":"https:\/\/researchchemicalshop.eu\/tr\/wp-json\/wp\/v2\/types\/product"}],"replies":[{"embeddable":true,"href":"https:\/\/researchchemicalshop.eu\/tr\/wp-json\/wp\/v2\/comments?post=431"}],"version-history":[{"count":1,"href":"https:\/\/researchchemicalshop.eu\/tr\/wp-json\/wp\/v2\/product\/431\/revisions"}],"predecessor-version":[{"id":16684,"href":"https:\/\/researchchemicalshop.eu\/tr\/wp-json\/wp\/v2\/product\/431\/revisions\/16684"}],"wp:featuredmedia":[{"embeddable":true,"href":"https:\/\/researchchemicalshop.eu\/tr\/wp-json\/wp\/v2\/media\/16879"}],"wp:attachment":[{"href":"https:\/\/researchchemicalshop.eu\/tr\/wp-json\/wp\/v2\/media?parent=431"}],"wp:term":[{"taxonomy":"product_brand","embeddable":true,"href":"https:\/\/researchchemicalshop.eu\/tr\/wp-json\/wp\/v2\/product_brand?post=431"},{"taxonomy":"product_cat","embeddable":true,"href":"https:\/\/researchchemicalshop.eu\/tr\/wp-json\/wp\/v2\/product_cat?post=431"},{"taxonomy":"product_tag","embeddable":true,"href":"https:\/\/researchchemicalshop.eu\/tr\/wp-json\/wp\/v2\/product_tag?post=431"}],"curies":[{"name":"wp","href":"https:\/\/api.w.org\/{rel}","templated":true}]}}