{"id":395,"date":"2026-02-09T11:52:43","date_gmt":"2026-02-09T11:52:43","guid":{"rendered":"https:\/\/researchchemicalshop.eu\/?post_type=product&#038;p=395"},"modified":"2026-03-06T02:20:30","modified_gmt":"2026-03-06T02:20:30","slug":"3-mmc-200-mg-pellet","status":"publish","type":"product","link":"https:\/\/researchchemicalshop.eu\/tr\/urun\/3-mmc-200-mg-pellet\/","title":{"rendered":"3-MMC 200 MG Peletler"},"content":{"rendered":"<h2><span data-sheets-value=\"{\" data-sheets-userformat=\"{\"><strong>3-MMC 200 MG Peletler<\/strong> <\/span><\/h2>\n<p data-start=\"3909\" data-end=\"4072\"><strong data-start=\"3909\" data-end=\"3942\">3-MMC (3-Methylmethcathinone)<\/strong> 200 MG Peletler \u015funlard\u0131r <strong data-start=\"3963\" data-end=\"4009\">y\u00fcksek safl\u0131kta ara\u015ft\u0131rma bile\u015fikleri<\/strong>, i\u00e7in geli\u015ftirilmi\u015ftir. <strong data-start=\"4027\" data-end=\"4069\">farmakoloji\u0307k ve anali\u0307ti\u0307k ara\u015ftirmalar<\/strong>. <span class=\"___SBox_epc1q-ko_ ___SText_zko9t-ko_\" data-ui-name=\"Link.Text\">3 mmc sat\u0131n al\u0131n<\/span><\/p>\n<p data-start=\"4074\" data-end=\"4296\">'nin yap\u0131sal bir analo\u011fu olarak <strong data-start=\"4103\" data-end=\"4125\">mephedrone (4-MMC)<\/strong> 3-MMC genellikle a\u015fa\u011f\u0131daki \u00e7al\u0131\u015fmalarda ara\u015ft\u0131r\u0131l\u0131r <strong data-start=\"4170\" data-end=\"4190\">n\u00f6rotransmisyon<\/strong>, <strong data-start=\"4192\" data-end=\"4231\">dopamin ve serotonin ta\u015f\u0131y\u0131c\u0131lar\u0131<\/strong> ve <strong data-start=\"4235\" data-end=\"4277\">yap\u0131-aktivite ili\u015fkileri (SAR)<\/strong> uyar\u0131c\u0131lar\u0131n.<\/p>\n<p data-start=\"4298\" data-end=\"4435\">Her pelet \u015funlar\u0131 i\u00e7erir <strong data-start=\"4316\" data-end=\"4340\">200 mg saf 3-MMC<\/strong>, g\u00fcvenilir, tutarl\u0131 ve tekrarlanabilir ara\u015ft\u0131rma sonu\u00e7lar\u0131 i\u00e7in dikkatle \u00f6l\u00e7\u00fclm\u00fc\u015ft\u00fcr.<\/p>\n<blockquote data-start=\"4437\" data-end=\"4575\">\n<p data-start=\"4439\" data-end=\"4575\">\u26a0\ufe0f <strong data-start=\"4442\" data-end=\"4453\">Not:<\/strong> Bu \u00fcr\u00fcn <strong data-start=\"4469\" data-end=\"4524\">sadece bilimsel ara\u015ft\u0131rma i\u00e7in tasarlanm\u0131\u015ft\u0131r<\/strong> ve <strong data-start=\"4528\" data-end=\"4572\">insan t\u00fcketimi i\u00e7in uygun de\u011fil<\/strong>.<\/p>\n<\/blockquote>\n<hr data-start=\"4577\" data-end=\"4580\" \/>\n<h3 data-start=\"4582\" data-end=\"4613\"><strong data-start=\"4586\" data-end=\"4613\">Temel \u00f6zellikler<\/strong><\/h3>\n<ul data-start=\"4614\" data-end=\"5034\">\n<li data-start=\"4614\" data-end=\"4697\">\n<p data-start=\"4616\" data-end=\"4697\"><strong data-start=\"4616\" data-end=\"4642\">Y\u00fcksek Safl\u0131k (\u226599%)<\/strong> - Kimlik ve bile\u015fim a\u00e7\u0131s\u0131ndan laboratuvarda test edilmi\u015ftir.<\/p>\n<\/li>\n<li data-start=\"4698\" data-end=\"4787\">\n<p data-start=\"4700\" data-end=\"4787\"><strong data-start=\"4700\" data-end=\"4744\">Hassas Dozaj (pelet ba\u015f\u0131na 200 MG)<\/strong> - Tekrarlanabilir sonu\u00e7lar sa\u011flar.<\/p>\n<\/li>\n<li data-start=\"4788\" data-end=\"4861\">\n<p data-start=\"4790\" data-end=\"4861\"><strong data-start=\"4790\" data-end=\"4816\">Geli\u015ftirilmi\u015f Stabilite<\/strong> - Pelet formu bozulmay\u0131 ve oksidasyonu \u00f6nler.<\/p>\n<\/li>\n<li data-start=\"4862\" data-end=\"4941\">\n<p data-start=\"4864\" data-end=\"4941\"><strong data-start=\"4864\" data-end=\"4898\">G\u00fcvenilir kalite kontrol<\/strong> - GMP benzeri standartlar alt\u0131nda \u00fcretilmi\u015ftir.<\/p>\n<\/li>\n<li data-start=\"4942\" data-end=\"5034\">\n<p data-start=\"4944\" data-end=\"5034\"><strong data-start=\"4944\" data-end=\"4966\">G\u00fcvenli Paketleme<\/strong> - Maksimum koruma i\u00e7in hava ge\u00e7irmez ve neme dayan\u0131kl\u0131 ambalaj. <span class=\"___SBox_epc1q-ko_ ___SText_zko9t-ko_\" data-ui-name=\"Link.Text\">3 mmc sat\u0131n al\u0131n<\/span><\/p>\n<\/li>\n<\/ul>\n<hr data-start=\"5036\" data-end=\"5039\" \/>\n<h3 data-start=\"5041\" data-end=\"5058\"><strong data-start=\"5045\" data-end=\"5058\">Avantajlar<\/strong><\/h3>\n<ul data-start=\"5059\" data-end=\"5344\">\n<li data-start=\"5059\" data-end=\"5135\">\n<p data-start=\"5061\" data-end=\"5135\">Sa\u011flar <strong data-start=\"5072\" data-end=\"5096\">do\u011fru dozajlama<\/strong> ve g\u00fcvenilir ara\u015ft\u0131rma sonu\u00e7lar\u0131.<\/p>\n<\/li>\n<li data-start=\"5136\" data-end=\"5212\">\n<p data-start=\"5138\" data-end=\"5212\">\u015eunlar i\u00e7in uygundur <strong data-start=\"5152\" data-end=\"5209\">katinonlar ve n\u00f6rotransmitter sistemleri \u00fczerine ara\u015ft\u0131rma<\/strong>.<\/p>\n<\/li>\n<li data-start=\"5213\" data-end=\"5266\">\n<p data-start=\"5215\" data-end=\"5266\"><strong data-start=\"5215\" data-end=\"5242\">Geli\u015ftirilmi\u015f raf \u00f6mr\u00fc<\/strong> ve kolay saklama.<\/p>\n<\/li>\n<li data-start=\"5267\" data-end=\"5344\">\n<p data-start=\"5269\" data-end=\"5344\">Kontroll\u00fc laboratuvar ortamlar\u0131nda kullan\u0131m\u0131 kolay ve g\u00fcvenlidir.<\/p>\n<\/li>\n<\/ul>\n<hr data-start=\"5346\" data-end=\"5349\" \/>\n<h3 data-start=\"5351\" data-end=\"5366\"><strong data-start=\"5355\" data-end=\"5366\">Kullan\u0131m<\/strong><\/h3>\n<ul data-start=\"5367\" data-end=\"5652\">\n<li data-start=\"5367\" data-end=\"5437\">\n<p data-start=\"5369\" data-end=\"5437\">Sadece a\u015fa\u011f\u0131dakiler taraf\u0131ndan kullan\u0131lmak \u00fczere <strong data-start=\"5394\" data-end=\"5434\">kali\u0307fi\u0307ye laboratuvar personeli\u0307<\/strong>.<\/p>\n<\/li>\n<li data-start=\"5438\" data-end=\"5514\">\n<p data-start=\"5440\" data-end=\"5514\">Uygun olan\u0131 kullan\u0131n <strong data-start=\"5458\" data-end=\"5482\">koruyucu eki\u0307pman<\/strong> (eldivenler, g\u00f6zl\u00fckler, laboratuvar \u00f6nl\u00fc\u011f\u00fc).<\/p>\n<\/li>\n<li data-start=\"5515\" data-end=\"5593\">\n<p data-start=\"5517\" data-end=\"5593\">\u00dczerinde saklay\u0131n <strong data-start=\"5532\" data-end=\"5555\">serin, kuru yer<\/strong>, g\u00fcne\u015f \u0131\u015f\u0131\u011f\u0131ndan ve nemden korunmal\u0131d\u0131r.<\/p>\n<\/li>\n<li data-start=\"5594\" data-end=\"5652\">\n<p data-start=\"5596\" data-end=\"5652\">\u0130nsan veya hayvan t\u00fcketimi i\u00e7in uygun de\u011fildir.<\/p>\n<\/li>\n<\/ul>\n<hr data-start=\"5654\" data-end=\"5657\" \/>\n<h3 data-start=\"5659\" data-end=\"5694\"><strong data-start=\"5663\" data-end=\"5694\">S\u0131k\u00e7a sorulan sorular (SSS)<\/strong><\/h3>\n<p data-start=\"5696\" data-end=\"5859\"><strong data-start=\"5696\" data-end=\"5733\">1. 3-MMC ne i\u00e7in kullan\u0131l\u0131r?<\/strong><br data-start=\"5733\" data-end=\"5736\" \/>3-MMC \u015funlar i\u00e7in kullan\u0131l\u0131r <strong data-start=\"5762\" data-end=\"5807\">farmakolojik ve n\u00f6rokimyasal ara\u015ft\u0131rmalar<\/strong> uyar\u0131c\u0131lara ve n\u00f6rotransmitter ta\u015f\u0131y\u0131c\u0131lara.<\/p>\n<p data-start=\"5861\" data-end=\"6038\"><strong data-start=\"5861\" data-end=\"5916\">2. 3-MMC 200 MG insan t\u00fcketimi i\u00e7in uygun mudur?<\/strong><br data-start=\"5916\" data-end=\"5919\" \/>Hay\u0131r. Bu \u00fcr\u00fcn <strong data-start=\"5939\" data-end=\"5988\">sadece ara\u015ft\u0131rma ama\u00e7l\u0131d\u0131r<\/strong> ve insan t\u00fcketimi i\u00e7in onaylanmam\u0131\u015ft\u0131r.<\/p>\n<p data-start=\"6040\" data-end=\"6208\"><strong data-start=\"6040\" data-end=\"6084\">3. 3-MMC 200 MG nas\u0131l saklanmal\u0131d\u0131r?<\/strong><br data-start=\"6084\" data-end=\"6087\" \/>\u0130\u00e7inde saklay\u0131n <strong data-start=\"6102\" data-end=\"6132\">s\u0131k\u0131ca kapat\u0131lm\u0131\u015f ambalaj<\/strong> oda s\u0131cakl\u0131\u011f\u0131nda (15-25\u00b0C), nemden ve do\u011frudan g\u00fcne\u015f \u0131\u015f\u0131\u011f\u0131ndan korunarak saklanmal\u0131d\u0131r.<\/p>","protected":false},"excerpt":{"rendered":"<h2><span data-sheets-value=\"{\" data-sheets-userformat=\"{\">3-MMC Pellets <\/span> eigenschappen<\/h2>\n<p><strong>Synoniem<\/strong>: 2-(methylamino)-1-(3-methylfenyl)-1-propanon, monohydrochloride<br \/>\n<strong>CAS Nummer<\/strong>: 1246816-62-5<br \/>\n<strong>Formule<\/strong>: C11h15NO \u2022 HCL<br \/>\n<strong>Molmassa<\/strong>: 213,7<br \/>\n<strong>Safl\u0131k<\/strong>: \u226599%<\/p>","protected":false},"featured_media":16874,"comment_status":"closed","ping_status":"closed","template":"","meta":[],"product_brand":[],"product_cat":[36],"product_tag":[65,66,993,22],"class_list":{"0":"post-395","1":"product","2":"type-product","3":"status-publish","4":"has-post-thumbnail","6":"product_cat-verboden","7":"product_tag-3-mmc","8":"product_tag-3-mmc-kopen","9":"product_tag-3-mmc-200-mg-pellets","10":"product_tag-nl","12":"first","13":"outofstock","14":"shipping-taxable","15":"purchasable","16":"product-type-simple"},"_links":{"self":[{"href":"https:\/\/researchchemicalshop.eu\/tr\/wp-json\/wp\/v2\/product\/395","targetHints":{"allow":["GET"]}}],"collection":[{"href":"https:\/\/researchchemicalshop.eu\/tr\/wp-json\/wp\/v2\/product"}],"about":[{"href":"https:\/\/researchchemicalshop.eu\/tr\/wp-json\/wp\/v2\/types\/product"}],"replies":[{"embeddable":true,"href":"https:\/\/researchchemicalshop.eu\/tr\/wp-json\/wp\/v2\/comments?post=395"}],"version-history":[{"count":2,"href":"https:\/\/researchchemicalshop.eu\/tr\/wp-json\/wp\/v2\/product\/395\/revisions"}],"predecessor-version":[{"id":16706,"href":"https:\/\/researchchemicalshop.eu\/tr\/wp-json\/wp\/v2\/product\/395\/revisions\/16706"}],"wp:featuredmedia":[{"embeddable":true,"href":"https:\/\/researchchemicalshop.eu\/tr\/wp-json\/wp\/v2\/media\/16874"}],"wp:attachment":[{"href":"https:\/\/researchchemicalshop.eu\/tr\/wp-json\/wp\/v2\/media?parent=395"}],"wp:term":[{"taxonomy":"product_brand","embeddable":true,"href":"https:\/\/researchchemicalshop.eu\/tr\/wp-json\/wp\/v2\/product_brand?post=395"},{"taxonomy":"product_cat","embeddable":true,"href":"https:\/\/researchchemicalshop.eu\/tr\/wp-json\/wp\/v2\/product_cat?post=395"},{"taxonomy":"product_tag","embeddable":true,"href":"https:\/\/researchchemicalshop.eu\/tr\/wp-json\/wp\/v2\/product_tag?post=395"}],"curies":[{"name":"wp","href":"https:\/\/api.w.org\/{rel}","templated":true}]}}