{"id":376,"date":"2026-02-09T11:52:42","date_gmt":"2026-02-09T11:52:42","guid":{"rendered":"https:\/\/researchchemicalshop.eu\/?post_type=product&#038;p=376"},"modified":"2026-03-06T03:49:38","modified_gmt":"2026-03-06T03:49:38","slug":"5-meo-dipt-hydrochloride","status":"publish","type":"product","link":"https:\/\/researchchemicalshop.eu\/tr\/urun\/5-meo-dipt-hydrochloride\/","title":{"rendered":"5-MeO-DiPT hydrochloride"},"content":{"rendered":"<h3><strong><span dir=\"auto\" style=\"vertical-align: inherit;\"><span dir=\"auto\" style=\"vertical-align: inherit;\">5-MeO-DiPT Hydrochloride \u2013 Product Description, Uses, Benefits &amp; Disadvantages &amp; FAQs<\/span><\/span><\/strong><\/h3>\n<p data-start=\"4102\" data-end=\"4308\"><strong data-start=\"4102\" data-end=\"4172\">5-MeO-DiPT Hydrochloride (5-Methoxy-N,N-Diisopropyltryptamine HCl)<\/strong> bir <strong data-start=\"4180\" data-end=\"4222\">onderzoekscompound van hoge zuiverheid<\/strong>, i\u00e7in geli\u015ftirilmi\u015ftir. <strong data-start=\"4240\" data-end=\"4305\">neurowetenschappelijk, farmacologisch en analytisch onderzoek<\/strong>. 5-meo-dipt hydrochloride<\/p>\n<p data-start=\"4310\" data-end=\"4530\">Als <strong data-start=\"4314\" data-end=\"4359\">methoxy-gesubstitueerde analogon van DiPT<\/strong>, wordt 5-MeO-DiPT veel gebruikt in onderzoek naar <strong data-start=\"4410\" data-end=\"4454\">serotonine-receptoren (5-HT1A en 5-HT2A)<\/strong> ve <strong data-start=\"4458\" data-end=\"4500\">yap\u0131-aktivite ili\u015fkileri (SAR)<\/strong> binnen de tryptamineklasse.<\/p>\n<p data-start=\"4532\" data-end=\"4730\">Bu <strong data-start=\"4535\" data-end=\"4562\">hydrochloridevorm (HCl)<\/strong> zorgt voor <strong data-start=\"4574\" data-end=\"4644\">verbeterde chemische stabiliteit, oplosbaarheid en verwerkbaarheid<\/strong>, waardoor het ideaal is voor langdurige opslag en nauwkeurig laboratoriumonderzoek.<\/p>\n<blockquote data-start=\"4732\" data-end=\"4883\">\n<p data-start=\"4734\" data-end=\"4883\">\u26a0\ufe0f <strong data-start=\"4737\" data-end=\"4748\">Not:<\/strong> Bu \u00fcr\u00fcn <strong data-start=\"4764\" data-end=\"4819\">sadece bilimsel ara\u015ft\u0131rma i\u00e7in tasarlanm\u0131\u015ft\u0131r<\/strong> ve <strong data-start=\"4823\" data-end=\"4880\">insan veya hayvan t\u00fcketimi i\u00e7in uygun de\u011fildir<\/strong>.<\/p>\n<\/blockquote>\n<hr data-start=\"4885\" data-end=\"4888\" \/>\n<h3 data-start=\"4890\" data-end=\"4921\"><strong data-start=\"4894\" data-end=\"4921\">Temel \u00f6zellikler<\/strong><\/h3>\n<ul data-start=\"4922\" data-end=\"5332\">\n<li data-start=\"4922\" data-end=\"5007\">\n<p data-start=\"4924\" data-end=\"5007\"><strong data-start=\"4924\" data-end=\"4950\">Y\u00fcksek Safl\u0131k (\u226599%)<\/strong> \u2013 Laboratoriumgetest voor identiteit en samenstelling.<\/p>\n<\/li>\n<li data-start=\"5008\" data-end=\"5084\">\n<p data-start=\"5010\" data-end=\"5084\"><strong data-start=\"5010\" data-end=\"5040\">Stabiele Hydrochloridevorm<\/strong> - Raf \u00f6mr\u00fcn\u00fc ve \u00e7\u00f6z\u00fcn\u00fcrl\u00fc\u011f\u00fc artt\u0131r\u0131r.<\/p>\n<\/li>\n<li data-start=\"5085\" data-end=\"5172\">\n<p data-start=\"5087\" data-end=\"5172\"><strong data-start=\"5087\" data-end=\"5126\">Farmacologische Onderzoeksstandaard<\/strong> \u2013 Geschikt voor receptor- en SAR-onderzoek.<\/p>\n<\/li>\n<li data-start=\"5173\" data-end=\"5243\">\n<p data-start=\"5175\" data-end=\"5243\"><strong data-start=\"5175\" data-end=\"5200\">Consistente Kwaliteit<\/strong> - GMP benzeri standartlar alt\u0131nda \u00fcretilmi\u015ftir.<\/p>\n<\/li>\n<li data-start=\"5244\" data-end=\"5332\">\n<p data-start=\"5246\" data-end=\"5332\"><strong data-start=\"5246\" data-end=\"5268\">G\u00fcvenli Paketleme<\/strong> \u2013 Luchtdicht en lichtdicht verpakt voor optimale bescherming. 5-meo-dipt hydrochloride<\/p>\n<\/li>\n<\/ul>\n<hr data-start=\"5334\" data-end=\"5337\" \/>\n<h3 data-start=\"5339\" data-end=\"5356\"><strong data-start=\"5343\" data-end=\"5356\">Avantajlar<\/strong><\/h3>\n<ul data-start=\"5357\" data-end=\"5637\">\n<li data-start=\"5357\" data-end=\"5437\">\n<p data-start=\"5359\" data-end=\"5437\">Ondersteunt <strong data-start=\"5371\" data-end=\"5434\">onderzoek naar serotonine-receptoren en tryptamine-analogen<\/strong>.<\/p>\n<\/li>\n<li data-start=\"5438\" data-end=\"5498\">\n<p data-start=\"5440\" data-end=\"5498\"><strong data-start=\"5440\" data-end=\"5495\">Nauwkeurige en reproduceerbare onderzoeksresultaten<\/strong>.<\/p>\n<\/li>\n<li data-start=\"5499\" data-end=\"5565\">\n<p data-start=\"5501\" data-end=\"5565\"><strong data-start=\"5501\" data-end=\"5540\">Betere stabiliteit en oplosbaarheid<\/strong> dan de vrije basevorm.<\/p>\n<\/li>\n<li data-start=\"5566\" data-end=\"5637\">\n<p data-start=\"5568\" data-end=\"5637\">Ideaal voor <strong data-start=\"5580\" data-end=\"5634\">academisch, analytisch en farmacologisch onderzoek<\/strong>.<\/p>\n<\/li>\n<\/ul>\n<hr data-start=\"5639\" data-end=\"5642\" \/>\n<h3 data-start=\"5644\" data-end=\"5659\"><strong data-start=\"5648\" data-end=\"5659\">Kullan\u0131m<\/strong><\/h3>\n<ul data-start=\"5660\" data-end=\"5931\">\n<li data-start=\"5660\" data-end=\"5730\">\n<p data-start=\"5662\" data-end=\"5730\">Sadece a\u015fa\u011f\u0131dakiler taraf\u0131ndan kullan\u0131lmak \u00fczere <strong data-start=\"5687\" data-end=\"5727\">kali\u0307fi\u0307ye laboratuvar personeli\u0307<\/strong>.<\/p>\n<\/li>\n<li data-start=\"5731\" data-end=\"5807\">\n<p data-start=\"5733\" data-end=\"5807\">Uygun olan\u0131 kullan\u0131n <strong data-start=\"5751\" data-end=\"5775\">koruyucu eki\u0307pman<\/strong> (eldivenler, g\u00f6zl\u00fckler, laboratuvar \u00f6nl\u00fc\u011f\u00fc).<\/p>\n<\/li>\n<li data-start=\"5808\" data-end=\"5872\">\n<p data-start=\"5810\" data-end=\"5872\">\u00dczerinde saklay\u0131n <strong data-start=\"5825\" data-end=\"5859\">serin, kuru ve karanl\u0131k bir yerde<\/strong> (15\u201325\u00b0C).<\/p>\n<\/li>\n<li data-start=\"5873\" data-end=\"5931\">\n<p data-start=\"5875\" data-end=\"5931\">\u0130nsan veya hayvan t\u00fcketimi i\u00e7in uygun de\u011fildir.<\/p>\n<\/li>\n<\/ul>\n<hr data-start=\"5933\" data-end=\"5936\" \/>\n<h3 data-start=\"5938\" data-end=\"5973\"><strong data-start=\"5942\" data-end=\"5973\">S\u0131k\u00e7a sorulan sorular (SSS)<\/strong><\/h3>\n<p data-start=\"5975\" data-end=\"6177\"><strong data-start=\"5975\" data-end=\"6031\">1. Waarvoor wordt 5-MeO-DiPT Hydrochloride gebruikt?<\/strong><br data-start=\"6031\" data-end=\"6034\" \/>5-MeO-DiPT Hydrochloride wordt gebruikt voor <strong data-start=\"6079\" data-end=\"6124\">farmakolojik ve n\u00f6rokimyasal ara\u015ft\u0131rmalar<\/strong> naar serotonine-receptoren en tryptamine-analogen.<\/p>\n<p data-start=\"6179\" data-end=\"6366\"><strong data-start=\"6179\" data-end=\"6244\">2. Is 5-MeO-DiPT Hydrochloride veilig voor menselijk gebruik?<\/strong><br data-start=\"6244\" data-end=\"6247\" \/>Hay\u0131r. Bu \u00fcr\u00fcn <strong data-start=\"6267\" data-end=\"6316\">sadece ara\u015ft\u0131rma ama\u00e7l\u0131d\u0131r<\/strong> ve insan t\u00fcketimi i\u00e7in onaylanmam\u0131\u015ft\u0131r.<\/p>\n<p data-start=\"6368\" data-end=\"6538\"><strong data-start=\"6368\" data-end=\"6424\">3. Hoe moet 5-MeO-DiPT Hydrochloride worden bewaard?<\/strong><br data-start=\"6424\" data-end=\"6427\" \/>\u0130\u00e7inde saklay\u0131n <strong data-start=\"6442\" data-end=\"6472\">s\u0131k\u0131ca kapat\u0131lm\u0131\u015f ambalaj<\/strong> bij kamertemperatuur (15\u201325\u00b0C), beschermd tegen vocht en licht.<\/p>","protected":false},"excerpt":{"rendered":"<h3><span data-sheets-value=\"{\" data-sheets-userformat=\"{\"><span style=\"vertical-align: inherit;\"><span style=\"vertical-align: inherit;\"><span dir=\"auto\" style=\"vertical-align: inherit;\"><span dir=\"auto\" style=\"vertical-align: inherit;\">5-MeO-DiPT hydrochloride properties<\/span><\/span><\/span><\/span><\/span><\/h3>\n<p><strong><span style=\"vertical-align: inherit;\"><span style=\"vertical-align: inherit;\"><span dir=\"auto\" style=\"vertical-align: inherit;\"><span dir=\"auto\" style=\"vertical-align: inherit;\">Synonym:<\/span><\/span><\/span><\/span><\/strong><span style=\"vertical-align: inherit;\"><span style=\"vertical-align: inherit;\"><span dir=\"auto\" style=\"vertical-align: inherit;\"><span dir=\"auto\" style=\"vertical-align: inherit;\"> 5-methoxy-N,N-diisopropyltryptamine hydrochloride <\/span><\/span><\/span><\/span><br \/>\n<strong><span style=\"vertical-align: inherit;\"><span style=\"vertical-align: inherit;\"><span dir=\"auto\" style=\"vertical-align: inherit;\"><span dir=\"auto\" style=\"vertical-align: inherit;\">CAS Number:<\/span><\/span><\/span><\/span><\/strong><span style=\"vertical-align: inherit;\"><span style=\"vertical-align: inherit;\"><span dir=\"auto\" style=\"vertical-align: inherit;\"><span dir=\"auto\" style=\"vertical-align: inherit;\"> n\/a <\/span><\/span><\/span><\/span><br \/>\n<strong><span style=\"vertical-align: inherit;\"><span style=\"vertical-align: inherit;\"><span dir=\"auto\" style=\"vertical-align: inherit;\"><span dir=\"auto\" style=\"vertical-align: inherit;\">Formula:<\/span><\/span><\/span><\/span><\/strong><span style=\"vertical-align: inherit;\"><span style=\"vertical-align: inherit;\"><span dir=\"auto\" style=\"vertical-align: inherit;\"><span dir=\"auto\" style=\"vertical-align: inherit;\"> 3-[2-(diisopropyl)ethyl]-5-methoxyindole hydrochloride <\/span><\/span><\/span><\/span><br \/>\n<strong><span style=\"vertical-align: inherit;\"><span style=\"vertical-align: inherit;\"><span dir=\"auto\" style=\"vertical-align: inherit;\"><span dir=\"auto\" style=\"vertical-align: inherit;\">Molar mass:<\/span><\/span><\/span><\/span><\/strong><span style=\"vertical-align: inherit;\"><span style=\"vertical-align: inherit;\"><span dir=\"auto\" style=\"vertical-align: inherit;\"><span dir=\"auto\" style=\"vertical-align: inherit;\"> 310.9 g\/mol <\/span><\/span><\/span><\/span><br \/>\n<strong><span style=\"vertical-align: inherit;\"><span style=\"vertical-align: inherit;\"><span dir=\"auto\" style=\"vertical-align: inherit;\"><span dir=\"auto\" style=\"vertical-align: inherit;\">Purity:<\/span><\/span><\/span><\/span><\/strong><span style=\"vertical-align: inherit;\"><span style=\"vertical-align: inherit;\"><span dir=\"auto\" style=\"vertical-align: inherit;\"><span dir=\"auto\" style=\"vertical-align: inherit;\"> &gt;97%<\/span><\/span><\/span><\/span><\/p>\n","protected":false},"featured_media":16917,"comment_status":"closed","ping_status":"closed","template":"","meta":[],"product_brand":[],"product_cat":[222,41],"product_tag":[223,22],"class_list":{"0":"post-376","1":"product","2":"type-product","3":"status-publish","4":"has-post-thumbnail","6":"product_cat-5-meo-dipt","7":"product_cat-tryptamine","8":"product_tag-5-meo-dipt-hydrochloride","9":"product_tag-nl","11":"first","12":"instock","13":"shipping-taxable","14":"purchasable","15":"product-type-variable"},"_links":{"self":[{"href":"https:\/\/researchchemicalshop.eu\/tr\/wp-json\/wp\/v2\/product\/376","targetHints":{"allow":["GET"]}}],"collection":[{"href":"https:\/\/researchchemicalshop.eu\/tr\/wp-json\/wp\/v2\/product"}],"about":[{"href":"https:\/\/researchchemicalshop.eu\/tr\/wp-json\/wp\/v2\/types\/product"}],"replies":[{"embeddable":true,"href":"https:\/\/researchchemicalshop.eu\/tr\/wp-json\/wp\/v2\/comments?post=376"}],"version-history":[{"count":1,"href":"https:\/\/researchchemicalshop.eu\/tr\/wp-json\/wp\/v2\/product\/376\/revisions"}],"predecessor-version":[{"id":16714,"href":"https:\/\/researchchemicalshop.eu\/tr\/wp-json\/wp\/v2\/product\/376\/revisions\/16714"}],"wp:featuredmedia":[{"embeddable":true,"href":"https:\/\/researchchemicalshop.eu\/tr\/wp-json\/wp\/v2\/media\/16917"}],"wp:attachment":[{"href":"https:\/\/researchchemicalshop.eu\/tr\/wp-json\/wp\/v2\/media?parent=376"}],"wp:term":[{"taxonomy":"product_brand","embeddable":true,"href":"https:\/\/researchchemicalshop.eu\/tr\/wp-json\/wp\/v2\/product_brand?post=376"},{"taxonomy":"product_cat","embeddable":true,"href":"https:\/\/researchchemicalshop.eu\/tr\/wp-json\/wp\/v2\/product_cat?post=376"},{"taxonomy":"product_tag","embeddable":true,"href":"https:\/\/researchchemicalshop.eu\/tr\/wp-json\/wp\/v2\/product_tag?post=376"}],"curies":[{"name":"wp","href":"https:\/\/api.w.org\/{rel}","templated":true}]}}