{"id":36,"date":"2026-02-09T11:51:56","date_gmt":"2026-02-09T11:51:56","guid":{"rendered":"https:\/\/researchchemicalshop.eu\/?post_type=product&#038;p=36"},"modified":"2026-03-06T04:52:23","modified_gmt":"2026-03-06T04:52:23","slug":"alpha-php-a-php","status":"publish","type":"product","link":"https:\/\/researchchemicalshop.eu\/tr\/urun\/alpha-php-a-php\/","title":{"rendered":"Alpha-PHP (a-PHP)"},"content":{"rendered":"<h1><strong><span dir=\"auto\" style=\"vertical-align: inherit;\"><span dir=\"auto\" style=\"vertical-align: inherit;\">A PHP (\u03b1-PHP) \u2013 Research Chemical Cathinone Derivatives<\/span><\/span><\/strong><\/h1>\n<p data-start=\"7342\" data-end=\"7650\"><strong data-start=\"7342\" data-end=\"7355\">Alpha-PHP<\/strong>, veya <strong data-start=\"7360\" data-end=\"7390\">\u03b1-Pyrrolidinohexanophenone<\/strong>, bir <strong data-start=\"7399\" data-end=\"7433\">sentetik uyar\u0131c\u0131<\/strong> bir \u015fey yok. <strong data-start=\"7441\" data-end=\"7467\">pyrrolidinofenonklasse<\/strong>, ile ilgili <strong data-start=\"7481\" data-end=\"7494\">alpha-PVP<\/strong>.<br data-start=\"7495\" data-end=\"7498\" \/>\u0130\u00e7inde incelenir <strong data-start=\"7522\" data-end=\"7549\">forensische toxicologie<\/strong> ve <strong data-start=\"7553\" data-end=\"7575\">analytische chemie<\/strong> \u00e7al\u0131\u015fmas\u0131n\u0131n bir par\u00e7as\u0131 olarak <strong data-start=\"7609\" data-end=\"7647\">yeni psikoaktif maddeler (NPS)<\/strong>. <span class=\"___SBox_epc1q-ko_ ___SText_zko9t-ko_\" data-ui-name=\"Link.Text\">alpha php<\/span><\/p>\n<p data-start=\"7652\" data-end=\"7760\">Alpha-PHP heeft <strong data-start=\"7668\" data-end=\"7696\">t\u0131bbi kullan\u0131m yok<\/strong> en valt in veel landen onder <strong data-start=\"7726\" data-end=\"7759\">gereguleerde stoffenwetgeving<\/strong>.<\/p>\n<hr data-start=\"7762\" data-end=\"7765\" \/>\n<h2 data-start=\"7767\" data-end=\"7814\"><strong data-start=\"7770\" data-end=\"7814\">Kimyasal ve Farmakolojik Arka Plan<\/strong><\/h2>\n<p data-start=\"7816\" data-end=\"7841\"><strong data-start=\"7816\" data-end=\"7841\">\u00d6nemli veriler:<\/strong><\/p>\n<ul data-start=\"7842\" data-end=\"8142\">\n<li data-start=\"7842\" data-end=\"7896\">\n<p data-start=\"7844\" data-end=\"7896\"><strong data-start=\"7844\" data-end=\"7859\">IUPAC ad\u0131:<\/strong> 1-fenyl-2-(pyrrolidin-1-yl)hexanon<\/p>\n<\/li>\n<li data-start=\"7897\" data-end=\"7930\">\n<p data-start=\"7899\" data-end=\"7930\"><strong data-start=\"7899\" data-end=\"7919\">Molek\u00fcler form\u00fcl:<\/strong> C16H23NO<\/p>\n<\/li>\n<li data-start=\"7931\" data-end=\"7967\">\n<p data-start=\"7933\" data-end=\"7967\"><strong data-start=\"7933\" data-end=\"7951\">Molek\u00fcler k\u00fctle:<\/strong> \u00b1245,36 g\/mol<\/p>\n<\/li>\n<li data-start=\"7968\" data-end=\"8038\">\n<p data-start=\"7970\" data-end=\"8038\"><strong data-start=\"7970\" data-end=\"7991\">Kimyasal s\u0131n\u0131f:<\/strong> Synthetische cathinonen (pyrrolidinofenonen)<\/p>\n<\/li>\n<li data-start=\"8039\" data-end=\"8142\">\n<p data-start=\"8041\" data-end=\"8142\"><strong data-start=\"8041\" data-end=\"8061\">Resept\u00f6r \u00e7al\u0131\u015fmas\u0131:<\/strong> Dolayl\u0131 sempatomimetik - dopamin ve noradrenalin geri al\u0131m\u0131n\u0131 etkiler. <span class=\"___SBox_epc1q-ko_ ___SText_zko9t-ko_\" data-ui-name=\"Link.Text\">alpha php<\/span><\/p>\n<\/li>\n<\/ul>\n<p data-start=\"8144\" data-end=\"8255\">Bu <strong data-start=\"8147\" data-end=\"8161\">hexylketen<\/strong> ve <strong data-start=\"8165\" data-end=\"8184\">pyrrolidinering<\/strong> be\u00efnvloeden de <strong data-start=\"8200\" data-end=\"8220\">vetoplosbaarheid<\/strong> ve <strong data-start=\"8224\" data-end=\"8254\">receptorbindingsaffiniteit<\/strong>.<\/p>\n<hr data-start=\"8257\" data-end=\"8260\" \/>\n<h2 data-start=\"8262\" data-end=\"8289\"><strong data-start=\"8265\" data-end=\"8289\">Ara\u015ft\u0131rma ama\u00e7lar\u0131<\/strong><\/h2>\n<p data-start=\"8291\" data-end=\"8323\">Alpha-PHP wordt onderzocht voor:<\/p>\n<ul data-start=\"8324\" data-end=\"8634\">\n<li data-start=\"8324\" data-end=\"8386\">\n<p data-start=\"8326\" data-end=\"8386\"><strong data-start=\"8326\" data-end=\"8349\">Analitik kimya:<\/strong> detectie via GC-MS, LC-MS en FTIR.<\/p>\n<\/li>\n<li data-start=\"8387\" data-end=\"8479\">\n<p data-start=\"8389\" data-end=\"8479\"><strong data-start=\"8389\" data-end=\"8417\">Adli toksikoloji:<\/strong> identificatie in biologische en in beslag genomen monsters.<\/p>\n<\/li>\n<li data-start=\"8480\" data-end=\"8542\">\n<p data-start=\"8482\" data-end=\"8542\"><strong data-start=\"8482\" data-end=\"8499\">Farmacologie:<\/strong> studie van neurotransmittertransporters.<\/p>\n<\/li>\n<li data-start=\"8543\" data-end=\"8634\">\n<p data-start=\"8545\" data-end=\"8634\"><strong data-start=\"8545\" data-end=\"8565\">Halk sa\u011fl\u0131\u011f\u0131:<\/strong> bijdrage aan monitoringssystemen voor nieuwe stimulerende stoffen.<\/p>\n<\/li>\n<\/ul>\n<hr data-start=\"8636\" data-end=\"8639\" \/>\n<h2 data-start=\"8641\" data-end=\"8685\"><strong data-start=\"8644\" data-end=\"8685\">G\u00fcvenlik ve Yasal Hususlar<\/strong><\/h2>\n<p data-start=\"8687\" data-end=\"8704\"><strong data-start=\"8687\" data-end=\"8702\">G\u00fcvenlik:<\/strong><\/p>\n<ul data-start=\"8705\" data-end=\"8888\">\n<li data-start=\"8705\" data-end=\"8791\">\n<p data-start=\"8707\" data-end=\"8791\">Yaln\u0131zca <strong data-start=\"8728\" data-end=\"8760\">kali\u0307fi\u0307ye ara\u015ftirmacilar<\/strong> at <strong data-start=\"8764\" data-end=\"8788\">lisansl\u0131 laboratuvarlar<\/strong>.<\/p>\n<\/li>\n<li data-start=\"8792\" data-end=\"8837\">\n<p data-start=\"8794\" data-end=\"8837\">Kullan\u0131m <strong data-start=\"8802\" data-end=\"8834\">handschoenen, bril en labjas<\/strong>.<\/p>\n<\/li>\n<li data-start=\"8838\" data-end=\"8888\">\n<p data-start=\"8840\" data-end=\"8888\">Vermijd inademing en contact met huid of ogen.<\/p>\n<\/li>\n<\/ul>\n<p data-start=\"8890\" data-end=\"9088\"><strong data-start=\"8890\" data-end=\"8912\">Yasal stat\u00fc:<\/strong><br data-start=\"8912\" data-end=\"8915\" \/>Alpha-PHP is in de meeste landen <strong data-start=\"8948\" data-end=\"8975\">yasaklanm\u0131\u015f veya d\u00fczenlenmi\u015f<\/strong> aras\u0131nda <strong data-start=\"8985\" data-end=\"8997\">Afyon Yasas\u0131<\/strong> veya <strong data-start=\"9001\" data-end=\"9022\">analog mevzuat<\/strong>.<br data-start=\"9023\" data-end=\"9026\" \/>Ara\u015ft\u0131rma ama\u00e7lar\u0131 d\u0131\u015f\u0131nda kullan\u0131m veya bulundurma <strong data-start=\"9074\" data-end=\"9087\">Cezaland\u0131r\u0131labilir<\/strong>.<\/p>\n<hr data-start=\"9090\" data-end=\"9093\" \/>\n<h2 data-start=\"9095\" data-end=\"9129\"><strong data-start=\"9098\" data-end=\"9129\">S\u0131k\u00e7a sorulan sorular (SSS)<\/strong><\/h2>\n<h3 data-start=\"9131\" data-end=\"9178\"><strong data-start=\"9135\" data-end=\"9178\">1. Waarvoor wordt Alpha-PHP onderzocht?<\/strong><\/h3>\n<p data-start=\"9179\" data-end=\"9265\">\u0130\u00e7in <strong data-start=\"9184\" data-end=\"9238\">analytisch, forensisch en farmacologisch onderzoek<\/strong> naar cathinonverbindingen.<\/p>\n<h3 data-start=\"9267\" data-end=\"9298\"><strong data-start=\"9271\" data-end=\"9298\">2. Is Alpha-PHP legaal?<\/strong><\/h3>\n<p data-start=\"9299\" data-end=\"9365\">Nee, in de meeste landen is Alpha-PHP <strong data-start=\"9337\" data-end=\"9364\">d\u00fczenlenmi\u015f veya yasaklanm\u0131\u015f<\/strong>.<\/p>\n<h3 data-start=\"9367\" data-end=\"9422\"><strong data-start=\"9371\" data-end=\"9422\">3. Hoe moet Alpha-PHP veilig worden gehanteerd?<\/strong><\/h3>\n<p data-start=\"9423\" data-end=\"9552\">Sadece <strong data-start=\"9435\" data-end=\"9465\">profesyonel ara\u015ft\u0131rmac\u0131lar<\/strong>, uygun olan <strong data-start=\"9481\" data-end=\"9507\">g\u00fcvenli\u0307k \u00f6nlemleri\u0307<\/strong> ve kontroll\u00fc laboratuvar ortamlar\u0131nda.<\/p>","protected":false},"excerpt":{"rendered":"<h3><span dir=\"auto\" style=\"vertical-align: inherit;\"><span dir=\"auto\" style=\"vertical-align: inherit;\">a-PHP properties<\/span><\/span><\/h3>\n<p><strong><span dir=\"auto\" style=\"vertical-align: inherit;\"><span dir=\"auto\" style=\"vertical-align: inherit;\">Synonym<\/span><\/span><\/strong><span dir=\"auto\" style=\"vertical-align: inherit;\"><span dir=\"auto\" style=\"vertical-align: inherit;\"> : alpha-pyrrolidinohexanophenone <\/span><\/span><br \/>\n<strong><span dir=\"auto\" style=\"vertical-align: inherit;\"><span dir=\"auto\" style=\"vertical-align: inherit;\">CAS Number<\/span><\/span><\/strong><span dir=\"auto\" style=\"vertical-align: inherit;\"><span dir=\"auto\" style=\"vertical-align: inherit;\"> : 3415-86-6 <\/span><\/span><br \/>\n<strong><span dir=\"auto\" style=\"vertical-align: inherit;\"><span dir=\"auto\" style=\"vertical-align: inherit;\">Formula<\/span><\/span><\/strong><span dir=\"auto\" style=\"vertical-align: inherit;\"><span dir=\"auto\" style=\"vertical-align: inherit;\"> : 1-phenyl-2-(pyrrolidin-1-yl)hexan-1-one hydrochloride <\/span><\/span><br \/>\n<strong><span dir=\"auto\" style=\"vertical-align: inherit;\"><span dir=\"auto\" style=\"vertical-align: inherit;\">Molar mass<\/span><\/span><\/strong><span dir=\"auto\" style=\"vertical-align: inherit;\"><span dir=\"auto\" style=\"vertical-align: inherit;\"> : 281.8 g\/mol <\/span><\/span><br \/>\n<strong><span dir=\"auto\" style=\"vertical-align: inherit;\"><span dir=\"auto\" style=\"vertical-align: inherit;\">Purity<\/span><\/span><\/strong><span dir=\"auto\" style=\"vertical-align: inherit;\"><span dir=\"auto\" style=\"vertical-align: inherit;\"> : &gt;97%<\/span><\/span><\/p>","protected":false},"featured_media":16937,"comment_status":"closed","ping_status":"closed","template":"","meta":[],"product_brand":[23],"product_cat":[36],"product_tag":[85,86,87,88,22],"class_list":{"0":"post-36","1":"product","2":"type-product","3":"status-publish","4":"has-post-thumbnail","6":"product_brand-research-chemical","7":"product_cat-verboden","8":"product_tag-a-php","9":"product_tag-alpha-php","10":"product_tag-alpha-php-kopen","11":"product_tag-aphp","12":"product_tag-nl","14":"first","15":"instock","16":"shipping-taxable","17":"purchasable","18":"product-type-simple"},"_links":{"self":[{"href":"https:\/\/researchchemicalshop.eu\/tr\/wp-json\/wp\/v2\/product\/36","targetHints":{"allow":["GET"]}}],"collection":[{"href":"https:\/\/researchchemicalshop.eu\/tr\/wp-json\/wp\/v2\/product"}],"about":[{"href":"https:\/\/researchchemicalshop.eu\/tr\/wp-json\/wp\/v2\/types\/product"}],"replies":[{"embeddable":true,"href":"https:\/\/researchchemicalshop.eu\/tr\/wp-json\/wp\/v2\/comments?post=36"}],"version-history":[{"count":1,"href":"https:\/\/researchchemicalshop.eu\/tr\/wp-json\/wp\/v2\/product\/36\/revisions"}],"predecessor-version":[{"id":16747,"href":"https:\/\/researchchemicalshop.eu\/tr\/wp-json\/wp\/v2\/product\/36\/revisions\/16747"}],"wp:featuredmedia":[{"embeddable":true,"href":"https:\/\/researchchemicalshop.eu\/tr\/wp-json\/wp\/v2\/media\/16937"}],"wp:attachment":[{"href":"https:\/\/researchchemicalshop.eu\/tr\/wp-json\/wp\/v2\/media?parent=36"}],"wp:term":[{"taxonomy":"product_brand","embeddable":true,"href":"https:\/\/researchchemicalshop.eu\/tr\/wp-json\/wp\/v2\/product_brand?post=36"},{"taxonomy":"product_cat","embeddable":true,"href":"https:\/\/researchchemicalshop.eu\/tr\/wp-json\/wp\/v2\/product_cat?post=36"},{"taxonomy":"product_tag","embeddable":true,"href":"https:\/\/researchchemicalshop.eu\/tr\/wp-json\/wp\/v2\/product_tag?post=36"}],"curies":[{"name":"wp","href":"https:\/\/api.w.org\/{rel}","templated":true}]}}