{"id":35,"date":"2026-02-09T11:51:56","date_gmt":"2026-02-09T11:51:56","guid":{"rendered":"https:\/\/researchchemicalshop.eu\/?post_type=product&#038;p=35"},"modified":"2026-03-06T04:53:22","modified_gmt":"2026-03-06T04:53:22","slug":"2-fpm","status":"publish","type":"product","link":"https:\/\/researchchemicalshop.eu\/tr\/urun\/2-fpm\/","title":{"rendered":"2-FPM"},"content":{"rendered":"<h1><strong><span dir=\"auto\" style=\"vertical-align: inherit;\"><span dir=\"auto\" style=\"vertical-align: inherit;\">2 FPM (2-Fluorophenmetrazine) <\/span><\/span><\/strong><\/h1>\n<p data-start=\"7472\" data-end=\"7773\"><strong data-start=\"7472\" data-end=\"7481\">2-FPM<\/strong>, veya <strong data-start=\"7486\" data-end=\"7511\">2-Florofenmetrazin<\/strong>, bir <strong data-start=\"7520\" data-end=\"7554\">sentetik uyar\u0131c\u0131<\/strong> bir \u015fey yok. <strong data-start=\"7562\" data-end=\"7581\">morfolin s\u0131n\u0131f\u0131<\/strong>, ile yap\u0131sal olarak ili\u015fkili <strong data-start=\"7607\" data-end=\"7624\">fenmetrazin<\/strong>.<br data-start=\"7625\" data-end=\"7628\" \/>\u0130\u00e7inde incelenir <strong data-start=\"7652\" data-end=\"7698\">adli\u0307 ve farmakoloji\u0307k laboratuvarlar<\/strong> \u00e7al\u0131\u015fmas\u0131n\u0131n bir par\u00e7as\u0131 olarak <strong data-start=\"7732\" data-end=\"7770\">yeni psikoaktif maddeler (NPS)<\/strong>. <span class=\"___SBox_epc1q-ko_ ___SText_zko9t-ko_\" data-ui-name=\"Link.Text\">2 fpm<\/span><\/p>\n<p data-start=\"7775\" data-end=\"7953\">Yap\u0131sal olarak daha \u00f6nceki ila\u00e7larla ili\u015fkili olmas\u0131na ra\u011fmen <strong data-start=\"7844\" data-end=\"7878\">2-FPM t\u0131bbi kullan\u0131m yok<\/strong> i\u00e7in \u00f6zel olarak incelenir. <strong data-start=\"7920\" data-end=\"7952\">bilimsel ama\u00e7lar<\/strong>.<\/p>\n<hr data-start=\"7955\" data-end=\"7958\" \/>\n<h2 data-start=\"7960\" data-end=\"8007\"><strong data-start=\"7963\" data-end=\"8007\">Kimyasal ve Farmakolojik Arka Plan<\/strong><\/h2>\n<p data-start=\"8009\" data-end=\"8034\"><strong data-start=\"8009\" data-end=\"8034\">\u00d6nemli veriler:<\/strong><\/p>\n<ul data-start=\"8035\" data-end=\"8335\">\n<li data-start=\"8035\" data-end=\"8089\">\n<p data-start=\"8037\" data-end=\"8089\"><strong data-start=\"8037\" data-end=\"8052\">IUPAC ad\u0131:<\/strong> 3-metil-2-(2-florofenil)morfolin<\/p>\n<\/li>\n<li data-start=\"8090\" data-end=\"8124\">\n<p data-start=\"8092\" data-end=\"8124\"><strong data-start=\"8092\" data-end=\"8112\">Molek\u00fcler form\u00fcl:<\/strong> C11H14FNO<\/p>\n<\/li>\n<li data-start=\"8125\" data-end=\"8161\">\n<p data-start=\"8127\" data-end=\"8161\"><strong data-start=\"8127\" data-end=\"8145\">Molek\u00fcler k\u00fctle:<\/strong> \u00b1195,23 g\/mol<\/p>\n<\/li>\n<li data-start=\"8162\" data-end=\"8231\">\n<p data-start=\"8164\" data-end=\"8231\"><strong data-start=\"8164\" data-end=\"8185\">Kimyasal s\u0131n\u0131f:<\/strong> Morfolin t\u00fcrevleri \/ fenmetrazin analoglar\u0131<\/p>\n<\/li>\n<li data-start=\"8232\" data-end=\"8335\">\n<p data-start=\"8234\" data-end=\"8335\"><strong data-start=\"8234\" data-end=\"8254\">Resept\u00f6r \u00e7al\u0131\u015fmas\u0131:<\/strong> Dolayl\u0131 sempatomimetik - dopamin ve noradrenalin geri al\u0131m\u0131n\u0131 etkiler.<\/p>\n<\/li>\n<\/ul>\n<p data-start=\"8337\" data-end=\"8523\">Bu <strong data-start=\"8340\" data-end=\"8376\">2-pozisyonunda florin ikamesi<\/strong> ba\u011flanma afinitesini ve metabolik \u00f6zellikleri de\u011fi\u015ftirerek 2-FPM'yi a\u015fa\u011f\u0131dakiler i\u00e7in ilgin\u00e7 hale getirir <strong data-start=\"8471\" data-end=\"8522\">yap\u0131-aktivite ili\u015fkisi (SAR) ara\u015ft\u0131rmas\u0131<\/strong>.<\/p>\n<hr data-start=\"8525\" data-end=\"8528\" \/>\n<h2 data-start=\"8530\" data-end=\"8557\"><strong data-start=\"8533\" data-end=\"8557\">Ara\u015ft\u0131rma ama\u00e7lar\u0131<\/strong><\/h2>\n<p data-start=\"8559\" data-end=\"8589\">2-FPM i\u00e7in soru\u015fturma y\u00fcr\u00fct\u00fclmektedir:<\/p>\n<ul data-start=\"8590\" data-end=\"8938\">\n<li data-start=\"8590\" data-end=\"8674\">\n<p data-start=\"8592\" data-end=\"8674\"><strong data-start=\"8592\" data-end=\"8615\">Analitik kimya:<\/strong> GC-MS, LC-MS ve FTIR arac\u0131l\u0131\u011f\u0131yla tespit y\u00f6ntemlerinin do\u011frulanmas\u0131.<\/p>\n<\/li>\n<li data-start=\"8675\" data-end=\"8762\">\n<p data-start=\"8677\" data-end=\"8762\"><strong data-start=\"8677\" data-end=\"8705\">Adli toksikoloji:<\/strong> biyolojik veya ele ge\u00e7irilen \u00f6rneklerde tespit.<\/p>\n<\/li>\n<li data-start=\"8763\" data-end=\"8847\">\n<p data-start=\"8765\" data-end=\"8847\"><strong data-start=\"8765\" data-end=\"8794\">Farmakolojik ara\u015ft\u0131rma:<\/strong> Monoamin sal\u0131n\u0131m\u0131 ve resept\u00f6r etkile\u015fimi \u00e7al\u0131\u015fmas\u0131. <span class=\"___SBox_epc1q-ko_ ___SText_zko9t-ko_\" data-ui-name=\"Link.Text\">2 fpm<\/span><\/p>\n<\/li>\n<li data-start=\"8848\" data-end=\"8938\">\n<p data-start=\"8850\" data-end=\"8938\"><strong data-start=\"8850\" data-end=\"8870\">Halk sa\u011fl\u0131\u011f\u0131:<\/strong> Yeni uyar\u0131c\u0131lar i\u00e7in uyar\u0131 sistemlerine dahil edilme.<\/p>\n<\/li>\n<\/ul>\n<hr data-start=\"8940\" data-end=\"8943\" \/>\n<h2 data-start=\"8945\" data-end=\"8989\"><strong data-start=\"8948\" data-end=\"8989\">G\u00fcvenlik ve Yasal Hususlar<\/strong><\/h2>\n<p data-start=\"8991\" data-end=\"9008\"><strong data-start=\"8991\" data-end=\"9006\">G\u00fcvenlik:<\/strong><\/p>\n<ul data-start=\"9009\" data-end=\"9198\">\n<li data-start=\"9009\" data-end=\"9095\">\n<p data-start=\"9011\" data-end=\"9095\">Yaln\u0131zca <strong data-start=\"9032\" data-end=\"9064\">kali\u0307fi\u0307ye ara\u015ftirmacilar<\/strong> at <strong data-start=\"9068\" data-end=\"9092\">lisansl\u0131 laboratuvarlar<\/strong>.<\/p>\n<\/li>\n<li data-start=\"9096\" data-end=\"9150\">\n<p data-start=\"9098\" data-end=\"9150\">Kullan\u0131m <strong data-start=\"9106\" data-end=\"9147\">eldivenler, g\u00f6zl\u00fckler ve laboratuvar \u00f6nl\u00fc\u011f\u00fc<\/strong>.<\/p>\n<\/li>\n<li data-start=\"9151\" data-end=\"9198\">\n<p data-start=\"9153\" data-end=\"9198\">Alt\u0131nda \u00e7al\u0131\u015fmak <strong data-start=\"9164\" data-end=\"9178\">Havaland\u0131rma<\/strong> Ya da bir \u00e7\u0131kar\u0131c\u0131.<\/p>\n<\/li>\n<\/ul>\n<p data-start=\"9200\" data-end=\"9406\"><strong data-start=\"9200\" data-end=\"9222\">Yasal stat\u00fc:<\/strong><br data-start=\"9222\" data-end=\"9225\" \/>2-FPM bir\u00e7ok \u00fclkede <strong data-start=\"9249\" data-end=\"9276\">d\u00fczenlenmi\u015f veya yasaklanm\u0131\u015f<\/strong> aras\u0131nda <strong data-start=\"9286\" data-end=\"9320\">psi\u0307koakti\u0307f maddeler mevzuati<\/strong> veya <strong data-start=\"9324\" data-end=\"9345\">analog mevzuat<\/strong>.<br data-start=\"9346\" data-end=\"9349\" \/>Ara\u015ft\u0131rma ko\u015fullar\u0131 d\u0131\u015f\u0131nda kullan\u0131m <strong data-start=\"9392\" data-end=\"9405\">Cezaland\u0131r\u0131labilir<\/strong>.<\/p>\n<hr data-start=\"9408\" data-end=\"9411\" \/>\n<h2 data-start=\"9413\" data-end=\"9447\"><strong data-start=\"9416\" data-end=\"9447\">S\u0131k\u00e7a sorulan sorular (SSS)<\/strong><\/h2>\n<h3 data-start=\"9449\" data-end=\"9492\"><strong data-start=\"9453\" data-end=\"9492\">1. 2-FPM ne i\u00e7in ara\u015ft\u0131r\u0131l\u0131yor?<\/strong><\/h3>\n<p data-start=\"9493\" data-end=\"9598\">\u0130\u00e7in <strong data-start=\"9498\" data-end=\"9540\">adli\u0307 ve farmakoloji\u0307k i\u0307nceleme<\/strong> n\u00f6rotransmitter mekanizmalar\u0131na ve analitik tespite do\u011fru.<\/p>\n<h3 data-start=\"9600\" data-end=\"9627\"><strong data-start=\"9604\" data-end=\"9627\">2. 2-FPM yasal m\u0131?<\/strong><\/h3>\n<p data-start=\"9628\" data-end=\"9690\">Hay\u0131r, \u00e7o\u011fu \u00fclkede 2-FPM <strong data-start=\"9662\" data-end=\"9689\">yasaklanm\u0131\u015f veya d\u00fczenlenmi\u015f<\/strong>.<\/p>\n<h3 data-start=\"9692\" data-end=\"9743\"><strong data-start=\"9696\" data-end=\"9743\">3. 2-FPM nas\u0131l g\u00fcvenli bir \u015fekilde kullan\u0131lmal\u0131d\u0131r?<\/strong><\/h3>\n<p data-start=\"9744\" data-end=\"9872\">Sadece <strong data-start=\"9756\" data-end=\"9786\">profesyonel ara\u015ft\u0131rmac\u0131lar<\/strong> uygun <strong data-start=\"9801\" data-end=\"9827\">g\u00fcvenli\u0307k \u00f6nlemleri\u0307<\/strong> ve kontroll\u00fc laboratuvar ortamlar\u0131nda.<\/p>","protected":false},"excerpt":{"rendered":"<h2><span dir=\"auto\" style=\"vertical-align: inherit;\"><span dir=\"auto\" style=\"vertical-align: inherit;\">2-FPM Hazard Statements<\/span><\/span><\/h2>\n<p><span dir=\"auto\" style=\"vertical-align: inherit;\"><span dir=\"auto\" style=\"vertical-align: inherit;\">2-FPM may cause respiratory irritation. <\/span><\/span><br \/>\n<span dir=\"auto\" style=\"vertical-align: inherit;\"><span dir=\"auto\" style=\"vertical-align: inherit;\">2-FPM may cause eye irritation. <\/span><\/span><br \/>\n<span dir=\"auto\" style=\"vertical-align: inherit;\"><span dir=\"auto\" style=\"vertical-align: inherit;\">Discharging research chemicals into the environment is prohibited.<\/span><\/span><\/p>","protected":false},"featured_media":16846,"comment_status":"closed","ping_status":"closed","template":"","meta":[],"product_brand":[23],"product_cat":[82,32],"product_tag":[83,84,22],"class_list":{"0":"post-35","1":"product","2":"type-product","3":"status-publish","4":"has-post-thumbnail","6":"product_brand-research-chemical","7":"product_cat-2-fpm","8":"product_cat-gefluoreerden","9":"product_tag-2-fpm","10":"product_tag-2-fpm-kopen","11":"product_tag-nl","13":"first","14":"instock","15":"shipping-taxable","16":"purchasable","17":"product-type-variable"},"_links":{"self":[{"href":"https:\/\/researchchemicalshop.eu\/tr\/wp-json\/wp\/v2\/product\/35","targetHints":{"allow":["GET"]}}],"collection":[{"href":"https:\/\/researchchemicalshop.eu\/tr\/wp-json\/wp\/v2\/product"}],"about":[{"href":"https:\/\/researchchemicalshop.eu\/tr\/wp-json\/wp\/v2\/types\/product"}],"replies":[{"embeddable":true,"href":"https:\/\/researchchemicalshop.eu\/tr\/wp-json\/wp\/v2\/comments?post=35"}],"version-history":[{"count":1,"href":"https:\/\/researchchemicalshop.eu\/tr\/wp-json\/wp\/v2\/product\/35\/revisions"}],"predecessor-version":[{"id":16746,"href":"https:\/\/researchchemicalshop.eu\/tr\/wp-json\/wp\/v2\/product\/35\/revisions\/16746"}],"wp:featuredmedia":[{"embeddable":true,"href":"https:\/\/researchchemicalshop.eu\/tr\/wp-json\/wp\/v2\/media\/16846"}],"wp:attachment":[{"href":"https:\/\/researchchemicalshop.eu\/tr\/wp-json\/wp\/v2\/media?parent=35"}],"wp:term":[{"taxonomy":"product_brand","embeddable":true,"href":"https:\/\/researchchemicalshop.eu\/tr\/wp-json\/wp\/v2\/product_brand?post=35"},{"taxonomy":"product_cat","embeddable":true,"href":"https:\/\/researchchemicalshop.eu\/tr\/wp-json\/wp\/v2\/product_cat?post=35"},{"taxonomy":"product_tag","embeddable":true,"href":"https:\/\/researchchemicalshop.eu\/tr\/wp-json\/wp\/v2\/product_tag?post=35"}],"curies":[{"name":"wp","href":"https:\/\/api.w.org\/{rel}","templated":true}]}}