{"id":25,"date":"2026-02-09T11:51:56","date_gmt":"2026-02-09T11:51:56","guid":{"rendered":"https:\/\/researchchemicalshop.eu\/?post_type=product&#038;p=25"},"modified":"2026-03-07T04:22:44","modified_gmt":"2026-03-07T04:22:44","slug":"3-mec","status":"publish","type":"product","link":"https:\/\/researchchemicalshop.eu\/tr\/urun\/3-mec\/","title":{"rendered":"3-MEC"},"content":{"rendered":"<h1><strong>3 MEC (3-Methylethcathinone) &#8211; Onderzoekschemische Cathinone Verbinding<\/strong><\/h1>\n<p data-start=\"6982\" data-end=\"7210\"><strong data-start=\"6982\" data-end=\"6991\">3-MEC<\/strong>, veya <strong data-start=\"6996\" data-end=\"7019\">3-Ethylmethcathinon<\/strong>, bir <strong data-start=\"7028\" data-end=\"7062\">sentetik uyar\u0131c\u0131<\/strong> bir \u015fey yok. <strong data-start=\"7070\" data-end=\"7088\">cathinonklasse<\/strong>.<br data-start=\"7089\" data-end=\"7092\" \/>Het is structureel verwant aan <strong data-start=\"7123\" data-end=\"7132\">3-MMC<\/strong> ve <strong data-start=\"7136\" data-end=\"7150\">mephedrone<\/strong>, met een <strong data-start=\"7160\" data-end=\"7190\">ethylgroep op de 3-positie<\/strong> van de fenylring. 3 mec<\/p>\n<p data-start=\"7212\" data-end=\"7337\">Het wordt uitsluitend onderzocht binnen <strong data-start=\"7252\" data-end=\"7298\">adli\u0307 ve farmakoloji\u0307k laboratuvarlar<\/strong> en heeft <strong data-start=\"7308\" data-end=\"7336\">t\u0131bbi kullan\u0131m yok<\/strong>.<\/p>\n<hr data-start=\"7339\" data-end=\"7342\" \/>\n<h2 data-start=\"7344\" data-end=\"7391\"><strong data-start=\"7347\" data-end=\"7391\">Kimyasal ve Farmakolojik Arka Plan<\/strong><\/h2>\n<p data-start=\"7393\" data-end=\"7418\"><strong data-start=\"7393\" data-end=\"7418\">\u00d6nemli veriler:<\/strong><\/p>\n<ul data-start=\"7419\" data-end=\"7696\">\n<li data-start=\"7419\" data-end=\"7482\">\n<p data-start=\"7421\" data-end=\"7482\"><strong data-start=\"7421\" data-end=\"7436\">IUPAC ad\u0131:<\/strong> 1-(3-ethylfenyl)-2-(methylamino)propan-1-on<\/p>\n<\/li>\n<li data-start=\"7483\" data-end=\"7516\">\n<p data-start=\"7485\" data-end=\"7516\"><strong data-start=\"7485\" data-end=\"7505\">Molek\u00fcler form\u00fcl:<\/strong> C12H17NO<\/p>\n<\/li>\n<li data-start=\"7517\" data-end=\"7553\">\n<p data-start=\"7519\" data-end=\"7553\"><strong data-start=\"7519\" data-end=\"7537\">Molek\u00fcler k\u00fctle:<\/strong> \u00b1191,27 g\/mol<\/p>\n<\/li>\n<li data-start=\"7554\" data-end=\"7606\">\n<p data-start=\"7556\" data-end=\"7606\"><strong data-start=\"7556\" data-end=\"7577\">Kimyasal s\u0131n\u0131f:<\/strong> Gesubstitueerde cathinonen<\/p>\n<\/li>\n<li data-start=\"7607\" data-end=\"7696\">\n<p data-start=\"7609\" data-end=\"7696\"><strong data-start=\"7609\" data-end=\"7629\">Resept\u00f6r \u00e7al\u0131\u015fmas\u0131:<\/strong> Be\u00efnvloedt dopamine-, serotonine- en noradrenaline-transporters.<\/p>\n<\/li>\n<\/ul>\n<p data-start=\"7698\" data-end=\"7835\">Bu <strong data-start=\"7701\" data-end=\"7721\">ethylsubstitutie<\/strong> be\u00efnvloedt receptorbinding en metabole stabiliteit, wat het relevant maakt voor <strong data-start=\"7802\" data-end=\"7834\">structure\u2013activity-onderzoek<\/strong>.<\/p>\n<hr data-start=\"7837\" data-end=\"7840\" \/>\n<h2 data-start=\"7842\" data-end=\"7869\"><strong data-start=\"7845\" data-end=\"7869\">Ara\u015ft\u0131rma ama\u00e7lar\u0131<\/strong><\/h2>\n<p data-start=\"7871\" data-end=\"7899\">3-MEC wordt onderzocht voor:<\/p>\n<ul data-start=\"7900\" data-end=\"8230\">\n<li data-start=\"7900\" data-end=\"7957\">\n<p data-start=\"7902\" data-end=\"7957\"><strong data-start=\"7902\" data-end=\"7927\">Analytische detectie:<\/strong> GC-MS, LC-MS, FTIR, en NMR.<\/p>\n<\/li>\n<li data-start=\"7958\" data-end=\"8050\">\n<p data-start=\"7960\" data-end=\"8050\"><strong data-start=\"7960\" data-end=\"7988\">Adli toksikoloji:<\/strong> identificatie in biologische en in beslag genomen monsters.<\/p>\n<\/li>\n<li data-start=\"8051\" data-end=\"8142\">\n<p data-start=\"8053\" data-end=\"8142\"><strong data-start=\"8053\" data-end=\"8082\">Farmakolojik ara\u015ft\u0131rma:<\/strong> studie van neurotransmitterwerking en receptoractiviteit.<\/p>\n<\/li>\n<li data-start=\"8143\" data-end=\"8230\">\n<p data-start=\"8145\" data-end=\"8230\"><strong data-start=\"8145\" data-end=\"8165\">Halk sa\u011fl\u0131\u011f\u0131:<\/strong> ondersteuning van waarschuwingssystemen voor stimulerende NPS.<\/p>\n<\/li>\n<\/ul>\n<hr data-start=\"8232\" data-end=\"8235\" \/>\n<h2 data-start=\"8237\" data-end=\"8281\"><strong data-start=\"8240\" data-end=\"8281\">G\u00fcvenlik ve Yasal Hususlar<\/strong><\/h2>\n<p data-start=\"8283\" data-end=\"8479\"><strong data-start=\"8283\" data-end=\"8298\">G\u00fcvenlik:<\/strong><br data-start=\"8298\" data-end=\"8301\" \/>Yaln\u0131zca <strong data-start=\"8322\" data-end=\"8354\">kali\u0307fi\u0307ye ara\u015ftirmacilar<\/strong> met gebruik van <strong data-start=\"8371\" data-end=\"8416\">persoonlijke beschermingsmiddelen (PBM\u2019s)<\/strong>.<br data-start=\"8417\" data-end=\"8420\" \/>Vermijd contact en werk in een <strong data-start=\"8451\" data-end=\"8476\">ventilerende omgeving<\/strong>.<\/p>\n<p data-start=\"8481\" data-end=\"8663\"><strong data-start=\"8481\" data-end=\"8503\">Yasal stat\u00fc:<\/strong><br data-start=\"8503\" data-end=\"8506\" \/>3-MEC is in de meeste landen <strong data-start=\"8535\" data-end=\"8562\">yasaklanm\u0131\u015f veya d\u00fczenlenmi\u015f<\/strong> aras\u0131nda <strong data-start=\"8572\" data-end=\"8606\">psi\u0307koakti\u0307f maddeler mevzuati<\/strong>.<br data-start=\"8607\" data-end=\"8610\" \/>Gebruik buiten onderzoeksdoeleinden is <strong data-start=\"8649\" data-end=\"8662\">Cezaland\u0131r\u0131labilir<\/strong>.<\/p>\n<hr data-start=\"8665\" data-end=\"8668\" \/>\n<h2 data-start=\"8670\" data-end=\"8704\"><strong data-start=\"8673\" data-end=\"8704\">S\u0131k\u00e7a sorulan sorular (SSS)<\/strong><\/h2>\n<h3 data-start=\"8706\" data-end=\"8749\"><strong data-start=\"8710\" data-end=\"8749\">1. Waarvoor wordt 3-MEC onderzocht?<\/strong><\/h3>\n<p data-start=\"8750\" data-end=\"8836\">\u0130\u00e7in <strong data-start=\"8755\" data-end=\"8809\">forensisch, analytisch en farmacologisch onderzoek<\/strong> naar cathinonverbindingen.<\/p>\n<h3 data-start=\"8838\" data-end=\"8865\"><strong data-start=\"8842\" data-end=\"8865\">2. Is 3-MEC legaal?<\/strong><\/h3>\n<p data-start=\"8866\" data-end=\"8928\">Nee, 3-MEC is in de meeste landen <strong data-start=\"8900\" data-end=\"8927\">d\u00fczenlenmi\u015f veya yasaklanm\u0131\u015f<\/strong>.<\/p>\n<h3 data-start=\"8930\" data-end=\"8981\"><strong data-start=\"8934\" data-end=\"8981\">3. Hoe moet 3-MEC veilig worden gehanteerd?<\/strong><\/h3>\n<p data-start=\"8982\" data-end=\"9093\">Sadece <strong data-start=\"8994\" data-end=\"9024\">profesyonel ara\u015ft\u0131rmac\u0131lar<\/strong> in gecontroleerde laboratoria met juiste <strong data-start=\"9066\" data-end=\"9092\">veiligheidsprotocollen<\/strong>.<\/p>\n<hr data-start=\"9095\" data-end=\"9098\" \/>\n<h2 data-start=\"9100\" data-end=\"9116\"><strong data-start=\"9103\" data-end=\"9116\">Sonu\u00e7<\/strong><\/h2>\n<p data-start=\"9118\" data-end=\"9356\"><em data-start=\"9118\" data-end=\"9147\">3-MEC (3-Ethylmethcathinon)<\/em> is een belangrijk onderzoeksobject binnen de <strong data-start=\"9193\" data-end=\"9214\">n\u00f6rofarmakoloji<\/strong> ve <strong data-start=\"9218\" data-end=\"9240\">adli\u0307 ki\u0307mya<\/strong>.<br data-start=\"9241\" data-end=\"9244\" \/>Het helpt wetenschappers te begrijpen hoe <strong data-start=\"9286\" data-end=\"9306\">ethylsubstitutie<\/strong> de werking van stimulerende stoffen be\u00efnvloedt. <a href=\"https:\/\/researchchemicalshop.eu\/tr\/dukkan\/lizergamidler\/1cp-lsd\/\">1cp lsd<\/a><\/p>","protected":false},"excerpt":{"rendered":"<h2>3-MEC eigenschappen<\/h2>\n<p><strong>Synoniem<\/strong>: 2-(ethylamino)-1-(m-tolyl)propaan-1-on<br \/>\n<strong>CAS Nummer<\/strong>: 22198-75-0<br \/>\n<strong>Formule<\/strong>: C12H17NO \u2022 HCL<br \/>\n<strong>Molmassa<\/strong>: 227,7 g\/mol<br \/>\n<strong>Safl\u0131k<\/strong>: \u226598%<\/p>","protected":false},"featured_media":16867,"comment_status":"closed","ping_status":"closed","template":"","meta":[],"product_brand":[23],"product_cat":[59,55],"product_tag":[60,22],"class_list":{"0":"post-25","1":"product","2":"type-product","3":"status-publish","4":"has-post-thumbnail","6":"product_brand-research-chemical","7":"product_cat-3-mec","8":"product_cat-cathinonen","9":"product_tag-3-mec","10":"product_tag-nl","12":"first","13":"instock","14":"shipping-taxable","15":"purchasable","16":"product-type-variable"},"_links":{"self":[{"href":"https:\/\/researchchemicalshop.eu\/tr\/wp-json\/wp\/v2\/product\/25","targetHints":{"allow":["GET"]}}],"collection":[{"href":"https:\/\/researchchemicalshop.eu\/tr\/wp-json\/wp\/v2\/product"}],"about":[{"href":"https:\/\/researchchemicalshop.eu\/tr\/wp-json\/wp\/v2\/types\/product"}],"replies":[{"embeddable":true,"href":"https:\/\/researchchemicalshop.eu\/tr\/wp-json\/wp\/v2\/comments?post=25"}],"version-history":[{"count":1,"href":"https:\/\/researchchemicalshop.eu\/tr\/wp-json\/wp\/v2\/product\/25\/revisions"}],"predecessor-version":[{"id":16759,"href":"https:\/\/researchchemicalshop.eu\/tr\/wp-json\/wp\/v2\/product\/25\/revisions\/16759"}],"wp:featuredmedia":[{"embeddable":true,"href":"https:\/\/researchchemicalshop.eu\/tr\/wp-json\/wp\/v2\/media\/16867"}],"wp:attachment":[{"href":"https:\/\/researchchemicalshop.eu\/tr\/wp-json\/wp\/v2\/media?parent=25"}],"wp:term":[{"taxonomy":"product_brand","embeddable":true,"href":"https:\/\/researchchemicalshop.eu\/tr\/wp-json\/wp\/v2\/product_brand?post=25"},{"taxonomy":"product_cat","embeddable":true,"href":"https:\/\/researchchemicalshop.eu\/tr\/wp-json\/wp\/v2\/product_cat?post=25"},{"taxonomy":"product_tag","embeddable":true,"href":"https:\/\/researchchemicalshop.eu\/tr\/wp-json\/wp\/v2\/product_tag?post=25"}],"curies":[{"name":"wp","href":"https:\/\/api.w.org\/{rel}","templated":true}]}}