{"id":1621,"date":"2026-02-09T11:57:06","date_gmt":"2026-02-09T11:57:06","guid":{"rendered":"https:\/\/researchchemicalshop.eu\/?post_type=product&#038;p=1621"},"modified":"2026-02-27T08:46:21","modified_gmt":"2026-02-27T08:46:21","slug":"2c-ef","status":"publish","type":"product","link":"https:\/\/researchchemicalshop.eu\/tr\/urun\/2c-ef\/","title":{"rendered":"2c ef"},"content":{"rendered":"<h3 data-start=\"4023\" data-end=\"4042\"><strong data-start=\"4027\" data-end=\"4042\">Giri\u015f<\/strong><\/h3>\n<p data-start=\"4043\" data-end=\"4373\"><span class=\"___SBox_4905a-ko_ ___SText_1ifhk-ko_\" data-ui-name=\"Link.Text\">2c ef<\/span>, Bizim <strong data-start=\"4048\" data-end=\"4075\">2 mg onderzoekscapsules<\/strong> zijn ontwikkeld met uiterste precisie en zuiverheid voor gebruik in <strong data-start=\"4144\" data-end=\"4206\">wetenschappelijke, analytische en laboratoriumtoepassingen<\/strong>.\u00a0<br data-start=\"4207\" data-end=\"4210\" \/>Elke capsule bevat een <strong data-start=\"4233\" data-end=\"4258\">exacte dosis van 2 mg<\/strong> van een gecontroleerde, hoogwaardige verbinding, perfect voor <strong data-start=\"4321\" data-end=\"4370\">forensisch, analytisch of educatief onderzoek<\/strong>.<\/p>\n<blockquote data-start=\"4374\" data-end=\"4473\">\n<p data-start=\"4376\" data-end=\"4473\">\u26a0\ufe0f <strong data-start=\"4379\" data-end=\"4473\">Uitsluitend bedoeld voor onderzoek. Niet geschikt voor menselijke of dierlijke consumptie.<\/strong><\/p>\n<\/blockquote>\n<h3 data-start=\"4480\" data-end=\"4511\"><strong data-start=\"4484\" data-end=\"4511\">Temel \u00f6zellikler<\/strong><\/h3>\n<ul data-start=\"4512\" data-end=\"5049\">\n<li data-start=\"4512\" data-end=\"4594\">\n<p data-start=\"4514\" data-end=\"4594\"><strong data-start=\"4514\" data-end=\"4540\">Y\u00fcksek Safl\u0131k (\u226599%)<\/strong> \u2013 Laboratoriumgetest voor maximale betrouwbaarheid.<\/p>\n<\/li>\n<li data-start=\"4595\" data-end=\"4680\">\n<p data-start=\"4597\" data-end=\"4680\"><strong data-start=\"4597\" data-end=\"4637\">Exacte Dosering van 2 mg per Capsule<\/strong> - Tutarl\u0131 ara\u015ft\u0131rma sonu\u00e7lar\u0131 i\u00e7in.<\/p>\n<\/li>\n<li data-start=\"4681\" data-end=\"4766\">\n<p data-start=\"4683\" data-end=\"4766\"><strong data-start=\"4683\" data-end=\"4712\">Farmaceutische Verpakking<\/strong> \u2013 Geproduceerd onder gecontroleerde omstandigheden.<\/p>\n<\/li>\n<li data-start=\"4767\" data-end=\"4859\">\n<p data-start=\"4769\" data-end=\"4859\"><strong data-start=\"4769\" data-end=\"4792\">Stabiel en Duurzaam<\/strong> \u2013 Ontworpen om zijn integriteit te behouden bij correcte opslag.<\/p>\n<\/li>\n<li data-start=\"4860\" data-end=\"4947\">\n<p data-start=\"4862\" data-end=\"4947\"><strong data-start=\"4862\" data-end=\"4884\">G\u00fcvenli Paketleme<\/strong> \u2013 Vochtbestendig en luchtdicht voor langdurige houdbaarheid.<\/p>\n<\/li>\n<li data-start=\"4948\" data-end=\"5049\">\n<p data-start=\"4950\" data-end=\"5049\"><strong data-start=\"4950\" data-end=\"4975\">Alleen voor Onderzoek<\/strong> \u2013 Uitsluitend bedoeld voor wetenschappelijke of analytische toepassingen.<\/p>\n<\/li>\n<\/ul>\n<h3 data-start=\"5056\" data-end=\"5073\"><strong data-start=\"5060\" data-end=\"5073\">Avantajlar<\/strong><\/h3>\n<ul data-start=\"5074\" data-end=\"5511\">\n<li data-start=\"5074\" data-end=\"5168\">\n<p data-start=\"5076\" data-end=\"5168\"><strong data-start=\"5076\" data-end=\"5114\">Betrouwbare Analytische Prestaties<\/strong> \u2013 Ideaal voor precisietesten en chemisch onderzoek.<\/p>\n<\/li>\n<li data-start=\"5169\" data-end=\"5259\">\n<p data-start=\"5171\" data-end=\"5259\"><strong data-start=\"5171\" data-end=\"5200\">Consistente Samenstelling<\/strong> \u2013 Garandeert reproduceerbare resultaten in experimenten.<\/p>\n<\/li>\n<li data-start=\"5260\" data-end=\"5353\">\n<p data-start=\"5262\" data-end=\"5353\"><strong data-start=\"5262\" data-end=\"5307\">Wetenschappelijk Geverifieerde Zuiverheid<\/strong> \u2013 Voldoet aan laboratoriumkwaliteitsnormen.<\/p>\n<\/li>\n<li data-start=\"5354\" data-end=\"5427\">\n<p data-start=\"5356\" data-end=\"5427\"><strong data-start=\"5356\" data-end=\"5382\">Gemakkelijk in Gebruik<\/strong> \u2013 Handige capsulevorm voorkomt besmetting.<\/p>\n<\/li>\n<li data-start=\"5428\" data-end=\"5511\">\n<p data-start=\"5430\" data-end=\"5511\"><strong data-start=\"5430\" data-end=\"5465\">Conform en Ethisch Geproduceerd<\/strong> \u2013 Vervaardigd volgens wettelijke richtlijnen.<\/p>\n<\/li>\n<\/ul>\n<h3 data-start=\"5518\" data-end=\"5533\"><strong data-start=\"5522\" data-end=\"5533\">Kullan\u0131m<\/strong><\/h3>\n<ol data-start=\"5534\" data-end=\"5843\">\n<li data-start=\"5534\" data-end=\"5629\">\n<p data-start=\"5537\" data-end=\"5629\"><strong data-start=\"5537\" data-end=\"5562\">Alleen voor Onderzoek<\/strong> \u2013 Gebruik uitsluitend in een professionele laboratoriumomgeving.<\/p>\n<\/li>\n<li data-start=\"5630\" data-end=\"5688\">\n<p data-start=\"5633\" data-end=\"5688\"><strong data-start=\"5633\" data-end=\"5654\">Depolama talimatlar\u0131<\/strong> \u2013 Bewaar koel, droog en donker.<\/p>\n<\/li>\n<li data-start=\"5689\" data-end=\"5755\">\n<p data-start=\"5692\" data-end=\"5755\"><strong data-start=\"5692\" data-end=\"5704\">\u00d6l\u00e7\u00fcmler<\/strong> \u2013 Gebruik gekalibreerde apparatuur voor analyse.<\/p>\n<\/li>\n<li data-start=\"5756\" data-end=\"5843\">\n<p data-start=\"5759\" data-end=\"5843\"><strong data-start=\"5759\" data-end=\"5786\">G\u00fcvenlik uyar\u0131s\u0131<\/strong> - \u0130nsan veya hayvan t\u00fcketimi i\u00e7in uygun de\u011fildir.<\/p>\n<\/li>\n<\/ol>\n<h3 data-start=\"5850\" data-end=\"5877\"><strong data-start=\"5854\" data-end=\"5877\">S\u0131k\u00e7a Sorulan Sorular<\/strong><\/h3>\n<p data-start=\"5879\" data-end=\"6042\"><strong data-start=\"5879\" data-end=\"5925\">1. Waarvoor worden deze capsules gebruikt?<\/strong><br data-start=\"5925\" data-end=\"5928\" \/>Ze zijn bedoeld voor <strong data-start=\"5949\" data-end=\"5993\">analytisch en wetenschappelijk onderzoek<\/strong>, zoals chemische analyses of educatieve studies.<\/p>\n<p data-start=\"6044\" data-end=\"6221\"><strong data-start=\"6044\" data-end=\"6102\">2. Zijn deze capsules veilig voor persoonlijk gebruik?<\/strong><br data-start=\"6102\" data-end=\"6105\" \/>Hay\u0131r. Bu \u00fcr\u00fcnler <strong data-start=\"6130\" data-end=\"6187\">uitsluitend bedoeld voor erkend laboratoriumonderzoek<\/strong>. Persoonlijk gebruik is verboden.<\/p>\n<p data-start=\"6223\" data-end=\"6358\"><strong data-start=\"6223\" data-end=\"6262\">3. Hoe moet ik de capsules bewaren?<\/strong><br data-start=\"6262\" data-end=\"6265\" \/>Bunlar\u0131 bir <strong data-start=\"6282\" data-end=\"6318\">koele, droge en donkere omgeving<\/strong>, en houd de verpakking goed afgesloten.<\/p>\n<h3 data-start=\"6365\" data-end=\"6383\"><strong data-start=\"6369\" data-end=\"6383\">Sorumluluk Reddi<\/strong><\/h3>\n<p data-start=\"6384\" data-end=\"6628\">Bu \u00fcr\u00fcn <strong data-start=\"6399\" data-end=\"6448\">sadece ara\u015ft\u0131rma ama\u00e7l\u0131d\u0131r<\/strong>. <strong data-start=\"6450\" data-end=\"6507\">Niet bedoeld voor menselijke of dierlijke consumptie.<\/strong><br data-start=\"6507\" data-end=\"6510\" \/>Door aankoop bevestigt u dat u een <strong data-start=\"6545\" data-end=\"6575\">geautoriseerde onderzoeker<\/strong> bent en voldoet aan de geldende wet- en regelgeving.<\/p>\n<p><a href=\"https:\/\/researchchemicalshop.eu\/tr\/dukkan\/iboga-ibogaine\/buy-ibogaine-hcl-online\/\">Ibogaine HCL Sat\u0131n Al\u0131n<\/a><a href=\"https:\/\/researchchemicalshop.eu\/tr\/dukkan\/iboga-ibogaine\/iboga-root-bark\/\">\u0130boga k\u00f6k\u00fc kabu\u011fu<\/a><a href=\"https:\/\/researchchemicalshop.eu\/tr\/dukkan\/lizergamidler\/1cp-lsd\/\">1cP-LSD 150 MCG Art Blotters<\/a><a href=\"https:\/\/researchchemicalshop.eu\/tr\/dukkan\/peletler\/o-dsmt-50mg-pellets\/\">O-DSMT 50mg Pelet<\/a><a href=\"https:\/\/researchchemicalshop.eu\/tr\/dukkan\/lizergamidler\/1v-lsd-150-mcg-blotters\/\">1V-LSD 150 MCG Blotterlar<\/a><\/p>","protected":false},"excerpt":{"rendered":"<h2>2C-EF eigenschappen<\/h2>\n<p><strong>Synoniemen<\/strong>: 2-[4-(2-Fluoroethyl)-2,5-dimethoxyphenyl]ethan-1-amine<br \/>\n<strong>CAS Nummer<\/strong>: 1222814-77-8<br \/>\n<strong>Formule<\/strong>: <span title=\"Carbon\">C<\/span><sub>12<\/sub><span title=\"Hydrogen\">H<\/span><sub>18<\/sub><span title=\"Fluorine\">F<\/span><span title=\"Nitrogen\">N<\/span><span title=\"Oxygen\">O<\/span><sub>2<\/sub><br \/>\n<strong>Molmassa<\/strong>: 227.279 g\/mol<br \/>\n<strong>Zuiverheid<\/strong>: \u226599%<\/p>\n","protected":false},"featured_media":16832,"comment_status":"closed","ping_status":"closed","template":"","meta":[],"product_brand":[],"product_cat":[805,17,18,26],"product_tag":[806,22],"class_list":{"0":"post-1621","1":"product","2":"type-product","3":"status-publish","4":"has-post-thumbnail","6":"product_cat-2c-ef","7":"product_cat-bijna-verboden","8":"product_cat-fenethylamine","9":"product_cat-sale","10":"product_tag-2c-ef","11":"product_tag-nl","13":"first","14":"instock","15":"sale","16":"shipping-taxable","17":"purchasable","18":"product-type-variable"},"_links":{"self":[{"href":"https:\/\/researchchemicalshop.eu\/tr\/wp-json\/wp\/v2\/product\/1621","targetHints":{"allow":["GET"]}}],"collection":[{"href":"https:\/\/researchchemicalshop.eu\/tr\/wp-json\/wp\/v2\/product"}],"about":[{"href":"https:\/\/researchchemicalshop.eu\/tr\/wp-json\/wp\/v2\/types\/product"}],"replies":[{"embeddable":true,"href":"https:\/\/researchchemicalshop.eu\/tr\/wp-json\/wp\/v2\/comments?post=1621"}],"version-history":[{"count":3,"href":"https:\/\/researchchemicalshop.eu\/tr\/wp-json\/wp\/v2\/product\/1621\/revisions"}],"predecessor-version":[{"id":16458,"href":"https:\/\/researchchemicalshop.eu\/tr\/wp-json\/wp\/v2\/product\/1621\/revisions\/16458"}],"wp:featuredmedia":[{"embeddable":true,"href":"https:\/\/researchchemicalshop.eu\/tr\/wp-json\/wp\/v2\/media\/16832"}],"wp:attachment":[{"href":"https:\/\/researchchemicalshop.eu\/tr\/wp-json\/wp\/v2\/media?parent=1621"}],"wp:term":[{"taxonomy":"product_brand","embeddable":true,"href":"https:\/\/researchchemicalshop.eu\/tr\/wp-json\/wp\/v2\/product_brand?post=1621"},{"taxonomy":"product_cat","embeddable":true,"href":"https:\/\/researchchemicalshop.eu\/tr\/wp-json\/wp\/v2\/product_cat?post=1621"},{"taxonomy":"product_tag","embeddable":true,"href":"https:\/\/researchchemicalshop.eu\/tr\/wp-json\/wp\/v2\/product_tag?post=1621"}],"curies":[{"name":"wp","href":"https:\/\/api.w.org\/{rel}","templated":true}]}}