{"id":1620,"date":"2026-02-09T11:57:06","date_gmt":"2026-02-09T11:57:06","guid":{"rendered":"https:\/\/researchchemicalshop.eu\/?post_type=product&#038;p=1620"},"modified":"2026-02-27T08:44:38","modified_gmt":"2026-02-27T08:44:38","slug":"25e-nboh","status":"publish","type":"product","link":"https:\/\/researchchemicalshop.eu\/tr\/urun\/25e-nboh\/","title":{"rendered":"25E-NBOH 1,2 MG Blotters"},"content":{"rendered":"<h3 data-start=\"4073\" data-end=\"4092\"><strong data-start=\"4077\" data-end=\"4092\">Giri\u015f<\/strong><\/h3>\n<p data-start=\"4093\" data-end=\"4385\"><span class=\"___SBox_4905a-ko_ ___SText_1ifhk-ko_\" data-ui-name=\"Link.Text\">25e-nboh<\/span>, Bizim <strong data-start=\"4098\" data-end=\"4127\">1,2 mg onderzoeksblotters<\/strong> zijn ontworpen voor gebruik in <strong data-start=\"4159\" data-end=\"4212\">laboratorium-, analytisch en forensisch onderzoek<\/strong>.<br data-start=\"4213\" data-end=\"4216\" \/>Elke blotter is zorgvuldig geproduceerd voor <strong data-start=\"4261\" data-end=\"4285\">do\u011fru dozajlama<\/strong>, wat consistente en reproduceerbare resultaten mogelijk maakt tijdens wetenschappelijke analyses. 25e-nboh<\/p>\n<p data-start=\"4387\" data-end=\"4572\">Deze blotters worden vervaardigd onder <strong data-start=\"4426\" data-end=\"4454\">strenge kwaliteitsnormen<\/strong> en bieden onderzoekers <strong data-start=\"4478\" data-end=\"4529\">hoogzuivere, stabiele en betrouwbare materialen<\/strong> voor analytisch onderzoek en kalibratie.<\/p>\n<blockquote data-start=\"4573\" data-end=\"4682\">\n<p data-start=\"4575\" data-end=\"4682\">\u26a0\ufe0f <strong data-start=\"4578\" data-end=\"4682\">Sadece laboratuvar kullan\u0131m\u0131 i\u00e7in tasarlanm\u0131\u015ft\u0131r. \u0130nsan veya hayvan t\u00fcketimi i\u00e7in uygun de\u011fildir.<\/strong><\/p>\n<\/blockquote>\n<h3 data-start=\"4689\" data-end=\"4720\"><strong data-start=\"4693\" data-end=\"4720\">Temel \u00f6zellikler<\/strong><\/h3>\n<ul data-start=\"4721\" data-end=\"5223\">\n<li data-start=\"4721\" data-end=\"4791\">\n<p data-start=\"4723\" data-end=\"4791\"><strong data-start=\"4723\" data-end=\"4749\">Y\u00fcksek Safl\u0131k (\u226599%)<\/strong> - Ba\u011f\u0131ms\u0131z olarak test edilmi\u015f ve do\u011frulanm\u0131\u015ft\u0131r.<\/p>\n<\/li>\n<li data-start=\"4792\" data-end=\"4879\">\n<p data-start=\"4794\" data-end=\"4879\"><strong data-start=\"4794\" data-end=\"4839\">Nauwkeurige Dosering (1,2 mg per Blotter)<\/strong> \u2013 Voor precieze onderzoeksresultaten.<\/p>\n<\/li>\n<li data-start=\"4880\" data-end=\"4958\">\n<p data-start=\"4882\" data-end=\"4958\"><strong data-start=\"4882\" data-end=\"4908\">Kararl\u0131 Bile\u015fim<\/strong> \u2013 Behoudt zijn integriteit bij correcte opslag.<\/p>\n<\/li>\n<li data-start=\"4959\" data-end=\"5051\">\n<p data-start=\"4961\" data-end=\"5051\"><strong data-start=\"4961\" data-end=\"4986\">Laboratuvar kalitesi<\/strong> \u2013 Geproduceerd onder professionele laboratoriumomstandigheden.<\/p>\n<\/li>\n<li data-start=\"5052\" data-end=\"5131\">\n<p data-start=\"5054\" data-end=\"5131\"><strong data-start=\"5054\" data-end=\"5080\">Lichtdichte Verpakking<\/strong> \u2013 Beschermt tegen degradatie en verontreiniging.<\/p>\n<\/li>\n<li data-start=\"5132\" data-end=\"5223\">\n<p data-start=\"5134\" data-end=\"5223\"><strong data-start=\"5134\" data-end=\"5159\">Alleen voor Onderzoek<\/strong> \u2013 Bedoeld voor analytische en wetenschappelijke toepassingen.<\/p>\n<\/li>\n<\/ul>\n<h3 data-start=\"5230\" data-end=\"5247\"><strong data-start=\"5234\" data-end=\"5247\">Avantajlar<\/strong><\/h3>\n<ul data-start=\"5248\" data-end=\"5694\">\n<li data-start=\"5248\" data-end=\"5336\">\n<p data-start=\"5250\" data-end=\"5336\"><strong data-start=\"5250\" data-end=\"5285\">Betrouwbare Reproduceerbaarheid<\/strong> \u2013 Consistente resultaten bij herhaald onderzoek.<\/p>\n<\/li>\n<li data-start=\"5337\" data-end=\"5430\">\n<p data-start=\"5339\" data-end=\"5430\"><strong data-start=\"5339\" data-end=\"5365\">Hoogwaardige Kwaliteit<\/strong> \u2013 Geschikt voor geavanceerd analytisch en educatief onderzoek.<\/p>\n<\/li>\n<li data-start=\"5431\" data-end=\"5508\">\n<p data-start=\"5433\" data-end=\"5508\"><strong data-start=\"5433\" data-end=\"5455\">Lange Houdbaarheid<\/strong> \u2013 Behoudt chemische stabiliteit bij juiste opslag.<\/p>\n<\/li>\n<li data-start=\"5509\" data-end=\"5600\">\n<p data-start=\"5511\" data-end=\"5600\"><strong data-start=\"5511\" data-end=\"5535\">Etik Olarak \u00dcretilmi\u015ftir<\/strong> \u2013 In overeenstemming met internationale onderzoeksrichtlijnen.<\/p>\n<\/li>\n<li data-start=\"5601\" data-end=\"5694\">\n<p data-start=\"5603\" data-end=\"5694\"><strong data-start=\"5603\" data-end=\"5634\">Grondige Kwaliteitscontrole<\/strong> \u2013 Elke batch wordt getest op zuiverheid en samenstelling.<\/p>\n<\/li>\n<\/ul>\n<h3 data-start=\"5701\" data-end=\"5716\"><strong data-start=\"5705\" data-end=\"5716\">Kullan\u0131m<\/strong><\/h3>\n<ol data-start=\"5717\" data-end=\"6090\">\n<li data-start=\"5717\" data-end=\"5814\">\n<p data-start=\"5720\" data-end=\"5814\"><strong data-start=\"5720\" data-end=\"5755\">Sadece laboratuvar kullan\u0131m\u0131 i\u00e7in<\/strong> \u2013 Gebruik uitsluitend in erkende onderzoeksinstellingen.<\/p>\n<\/li>\n<li data-start=\"5815\" data-end=\"5862\">\n<p data-start=\"5818\" data-end=\"5862\"><strong data-start=\"5818\" data-end=\"5828\">Depolama<\/strong> \u2013 Bewaar koel, droog en donker.<\/p>\n<\/li>\n<li data-start=\"5863\" data-end=\"5934\">\n<p data-start=\"5866\" data-end=\"5934\"><strong data-start=\"5866\" data-end=\"5883\">G\u00fcvenli \u00e7al\u0131\u015fma<\/strong> \u2013 Draag handschoenen en beschermende uitrusting.<\/p>\n<\/li>\n<li data-start=\"5935\" data-end=\"6000\">\n<p data-start=\"5938\" data-end=\"6000\"><strong data-start=\"5938\" data-end=\"5950\">\u00d6l\u00e7\u00fcmler<\/strong> \u2013 Gebruik gekalibreerde laboratoriumapparatuur.<\/p>\n<\/li>\n<li data-start=\"6001\" data-end=\"6090\">\n<p data-start=\"6004\" data-end=\"6090\"><strong data-start=\"6004\" data-end=\"6031\">G\u00fcvenlik uyar\u0131s\u0131<\/strong> - \u0130nsan veya hayvan t\u00fcketimi i\u00e7in uygun de\u011fildir.<\/p>\n<\/li>\n<\/ol>\n<h3 data-start=\"6097\" data-end=\"6124\"><strong data-start=\"6101\" data-end=\"6124\">S\u0131k\u00e7a Sorulan Sorular<\/strong><\/h3>\n<p data-start=\"6126\" data-end=\"6301\"><strong data-start=\"6126\" data-end=\"6184\">1. Waarvoor worden 1,2 mg onderzoeksblotters gebruikt?<\/strong><br data-start=\"6184\" data-end=\"6187\" \/>Ze zijn bedoeld voor <strong data-start=\"6208\" data-end=\"6252\">bilimsel ve analitik ara\u015ft\u0131rma<\/strong>, waaronder kalibratie en gecontroleerde tests.<\/p>\n<p data-start=\"6303\" data-end=\"6468\"><strong data-start=\"6303\" data-end=\"6373\">2. Kunnen deze blotters voor persoonlijk gebruik worden toegepast?<\/strong><br data-start=\"6373\" data-end=\"6376\" \/>Hay\u0131r. Bu \u00fcr\u00fcnler <strong data-start=\"6401\" data-end=\"6465\">sadece profesyonel laboratuvar ara\u015ft\u0131rmalar\u0131 i\u00e7in tasarlanm\u0131\u015ft\u0131r<\/strong>.<\/p>\n<p data-start=\"6470\" data-end=\"6608\"><strong data-start=\"6470\" data-end=\"6515\">3. Hoe moeten de blotters worden bewaard?<\/strong><br data-start=\"6515\" data-end=\"6518\" \/>Bunlar\u0131 bir <strong data-start=\"6535\" data-end=\"6571\">koele, droge en donkere omgeving<\/strong> in een <strong data-start=\"6579\" data-end=\"6605\">lichtdichte verpakking<\/strong>. <a href=\"https:\/\/researchchemicalshop.eu\/tr\/dukkan\/okategoriserad\/4mmc-kopen\/\">4mmc sat\u0131n al<\/a><a href=\"https:\/\/researchchemicalshop.eu\/tr\/dukkan\/okategoriserad\/benzokain-tozu\/\">benzokain tozu<\/a><a href=\"https:\/\/researchchemicalshop.eu\/tr\/dukkan\/okategoriserad\/fentanyl-kopen\/\">fentanyl kopen<\/a><\/p>\n<h3 data-start=\"6615\" data-end=\"6633\"><strong data-start=\"6619\" data-end=\"6633\">Sorumluluk Reddi<\/strong><\/h3>\n<p data-start=\"6634\" data-end=\"6858\">Bu \u00fcr\u00fcn <strong data-start=\"6649\" data-end=\"6698\">sadece ara\u015ft\u0131rma ama\u00e7l\u0131d\u0131r<\/strong>. <strong data-start=\"6700\" data-end=\"6758\">\u0130nsan veya hayvan t\u00fcketimi i\u00e7in uygun de\u011fildir.<\/strong><br data-start=\"6758\" data-end=\"6761\" \/>Door aankoop verklaart u dat u voldoet aan alle toepasselijke wet- en veiligheidsvoorschriften. 25e-nboh<\/p>\n<p><a href=\"https:\/\/researchchemicalshop.eu\/tr\/dukkan\/lizergamidler\/1v-lsd-150-mcg-blotters\/\"><span dir=\"auto\" style=\"vertical-align: inherit;\"><span dir=\"auto\" style=\"vertical-align: inherit;\">1V-LSD 150 MCG Blotterlar <\/span><\/span><\/a><a href=\"https:\/\/researchchemicalshop.eu\/tr\/dukkan\/peletler\/o-dsmt-50mg-pellets\/\"><span dir=\"auto\" style=\"vertical-align: inherit;\"><span dir=\"auto\" style=\"vertical-align: inherit;\">O-DSMT 50mg Pelet <\/span><\/span><\/a><a href=\"https:\/\/researchchemicalshop.eu\/tr\/dukkan\/lizergamidler\/1cp-lsd\/\"><span dir=\"auto\" style=\"vertical-align: inherit;\"><span dir=\"auto\" style=\"vertical-align: inherit;\">1cP-LSD 150 MCG Art Blotters <\/span><\/span><\/a><a href=\"https:\/\/researchchemicalshop.eu\/tr\/dukkan\/iboga-ibogaine\/iboga-root-bark\/\"><span dir=\"auto\" style=\"vertical-align: inherit;\"><span dir=\"auto\" style=\"vertical-align: inherit;\">\u0130boga k\u00f6k\u00fc kabu\u011fu <\/span><\/span><\/a><a href=\"https:\/\/researchchemicalshop.eu\/tr\/dukkan\/iboga-ibogaine\/buy-ibogaine-hcl-online\/\"><span dir=\"auto\" style=\"vertical-align: inherit;\"><span dir=\"auto\" style=\"vertical-align: inherit;\">Ibogaine HCL Sat\u0131n Al\u0131n<\/span><\/span><\/a><\/p>","protected":false},"excerpt":{"rendered":"<p>Introductie 25e-nboh, Onze 1,2 mg onderzoeksblotters zijn ontworpen voor gebruik in laboratorium-, analytisch en forensisch onderzoek.Elke blotter is zorgvuldig geproduceerd<\/p>","protected":false},"featured_media":16932,"comment_status":"closed","ping_status":"closed","template":"","meta":[],"product_brand":[23],"product_cat":[801,18],"product_tag":[802,803,804,22],"class_list":{"0":"post-1620","1":"product","2":"type-product","3":"status-publish","4":"has-post-thumbnail","6":"product_brand-research-chemical","7":"product_cat-25e-nboh","8":"product_cat-fenethylamine","9":"product_tag-25e-nboh","10":"product_tag-25e-nboh-kopen","11":"product_tag-25e-nboh-reddit","12":"product_tag-nl","14":"first","15":"instock","16":"shipping-taxable","17":"purchasable","18":"product-type-variable"},"_links":{"self":[{"href":"https:\/\/researchchemicalshop.eu\/tr\/wp-json\/wp\/v2\/product\/1620","targetHints":{"allow":["GET"]}}],"collection":[{"href":"https:\/\/researchchemicalshop.eu\/tr\/wp-json\/wp\/v2\/product"}],"about":[{"href":"https:\/\/researchchemicalshop.eu\/tr\/wp-json\/wp\/v2\/types\/product"}],"replies":[{"embeddable":true,"href":"https:\/\/researchchemicalshop.eu\/tr\/wp-json\/wp\/v2\/comments?post=1620"}],"version-history":[{"count":3,"href":"https:\/\/researchchemicalshop.eu\/tr\/wp-json\/wp\/v2\/product\/1620\/revisions"}],"predecessor-version":[{"id":16380,"href":"https:\/\/researchchemicalshop.eu\/tr\/wp-json\/wp\/v2\/product\/1620\/revisions\/16380"}],"wp:featuredmedia":[{"embeddable":true,"href":"https:\/\/researchchemicalshop.eu\/tr\/wp-json\/wp\/v2\/media\/16932"}],"wp:attachment":[{"href":"https:\/\/researchchemicalshop.eu\/tr\/wp-json\/wp\/v2\/media?parent=1620"}],"wp:term":[{"taxonomy":"product_brand","embeddable":true,"href":"https:\/\/researchchemicalshop.eu\/tr\/wp-json\/wp\/v2\/product_brand?post=1620"},{"taxonomy":"product_cat","embeddable":true,"href":"https:\/\/researchchemicalshop.eu\/tr\/wp-json\/wp\/v2\/product_cat?post=1620"},{"taxonomy":"product_tag","embeddable":true,"href":"https:\/\/researchchemicalshop.eu\/tr\/wp-json\/wp\/v2\/product_tag?post=1620"}],"curies":[{"name":"wp","href":"https:\/\/api.w.org\/{rel}","templated":true}]}}