{"id":1618,"date":"2026-02-09T11:57:06","date_gmt":"2026-02-09T11:57:06","guid":{"rendered":"https:\/\/researchchemicalshop.eu\/?post_type=product&#038;p=1618"},"modified":"2026-02-27T08:33:46","modified_gmt":"2026-02-27T08:33:46","slug":"meai","status":"publish","type":"product","link":"https:\/\/researchchemicalshop.eu\/tr\/urun\/meai\/","title":{"rendered":"MEAI"},"content":{"rendered":"<h3 data-start=\"4217\" data-end=\"4236\"><strong data-start=\"4221\" data-end=\"4236\">Giri\u015f<\/strong><\/h3>\n<p data-start=\"4237\" data-end=\"4506\">MEAI kopen, Onze <strong data-start=\"4242\" data-end=\"4278\">hoogzuivere onderzoeksverbinding<\/strong> is vervaardigd voor <strong data-start=\"4299\" data-end=\"4355\">analytisch, forensisch en wetenschappelijk onderzoek<\/strong>. Elke batch wordt <strong data-start=\"4374\" data-end=\"4439\">laboratoriumgetest op zuiverheid, stabiliteit en consistentie<\/strong>, zodat onderzoekers kunnen vertrouwen op nauwkeurige resultaten.<\/p>\n<p data-start=\"4508\" data-end=\"4657\">Het product wordt geproduceerd onder <strong data-start=\"4545\" data-end=\"4575\">strenge kwaliteitscontrole<\/strong> en is ideaal voor <strong data-start=\"4594\" data-end=\"4654\">kalibratie, vergelijkend onderzoek en chemische analyses<\/strong>.<\/p>\n<blockquote data-start=\"4658\" data-end=\"4767\">\n<p data-start=\"4660\" data-end=\"4767\">\u26a0\ufe0f <strong data-start=\"4663\" data-end=\"4767\">Sadece laboratuvar kullan\u0131m\u0131 i\u00e7in tasarlanm\u0131\u015ft\u0131r. \u0130nsan veya hayvan t\u00fcketimi i\u00e7in uygun de\u011fildir.<\/strong><\/p>\n<\/blockquote>\n<h3 data-start=\"4774\" data-end=\"4805\"><strong data-start=\"4778\" data-end=\"4805\">Temel \u00f6zellikler<\/strong><\/h3>\n<ul data-start=\"4806\" data-end=\"5330\">\n<li data-start=\"4806\" data-end=\"4876\">\n<p data-start=\"4808\" data-end=\"4876\"><strong data-start=\"4808\" data-end=\"4834\">Y\u00fcksek Safl\u0131k (\u226599%)<\/strong> - Ba\u011f\u0131ms\u0131z olarak test edilmi\u015f ve do\u011frulanm\u0131\u015ft\u0131r.<\/p>\n<\/li>\n<li data-start=\"4877\" data-end=\"4961\">\n<p data-start=\"4879\" data-end=\"4961\"><strong data-start=\"4879\" data-end=\"4914\">Stabiele en Consistente Formule<\/strong> \u2013 Voor reproduceerbare onderzoeksresultaten.<\/p>\n<\/li>\n<li data-start=\"4962\" data-end=\"5043\">\n<p data-start=\"4964\" data-end=\"5043\"><strong data-start=\"4964\" data-end=\"4996\">Nauwkeurig Gedoseerde Inhoud<\/strong> \u2013 Voor betrouwbare analytische toepassingen.<\/p>\n<\/li>\n<li data-start=\"5044\" data-end=\"5142\">\n<p data-start=\"5046\" data-end=\"5142\"><strong data-start=\"5046\" data-end=\"5068\">G\u00fcvenli Paketleme<\/strong> \u2013 Luchtdichte en vochtbestendige verpakking voor maximale houdbaarheid.<\/p>\n<\/li>\n<li data-start=\"5143\" data-end=\"5233\">\n<p data-start=\"5145\" data-end=\"5233\"><strong data-start=\"5145\" data-end=\"5170\">Laboratuvar kalitesi<\/strong> \u2013 Geproduceerd volgens internationale onderzoeksrichtlijnen.<\/p>\n<\/li>\n<li data-start=\"5234\" data-end=\"5330\">\n<p data-start=\"5236\" data-end=\"5330\"><strong data-start=\"5236\" data-end=\"5269\">Sadece Ara\u015ft\u0131rma Ama\u00e7l\u0131 Kullan\u0131m \u0130\u00e7in<\/strong> \u2013 Bedoeld voor wetenschappelijke en educatieve doeleinden.<\/p>\n<\/li>\n<\/ul>\n<h3 data-start=\"5337\" data-end=\"5354\"><strong data-start=\"5341\" data-end=\"5354\">Avantajlar<\/strong><\/h3>\n<ul data-start=\"5355\" data-end=\"5809\">\n<li data-start=\"5355\" data-end=\"5445\">\n<p data-start=\"5357\" data-end=\"5445\"><strong data-start=\"5357\" data-end=\"5393\">G\u00fcvenilir Ara\u015ft\u0131rma Sonu\u00e7lar\u0131<\/strong> \u2013 Zorgt voor consistente en reproduceerbare data.<\/p>\n<\/li>\n<li data-start=\"5446\" data-end=\"5532\">\n<p data-start=\"5448\" data-end=\"5532\"><strong data-start=\"5448\" data-end=\"5471\">Kullan\u0131c\u0131 dostu<\/strong> \u2013 Ontworpen voor veilig gebruik in laboratoriumomgevingen.<\/p>\n<\/li>\n<li data-start=\"5533\" data-end=\"5622\">\n<p data-start=\"5535\" data-end=\"5622\"><strong data-start=\"5535\" data-end=\"5574\">Bilimsel olarak test edilmi\u015f safl\u0131k<\/strong> \u2013 Voldoet aan professionele onderzoeksnormen.<\/p>\n<\/li>\n<li data-start=\"5623\" data-end=\"5706\">\n<p data-start=\"5625\" data-end=\"5706\"><strong data-start=\"5625\" data-end=\"5650\">Consistente Kwaliteit<\/strong> \u2013 Elke batch is identiek voor betrouwbare resultaten.<\/p>\n<\/li>\n<li data-start=\"5707\" data-end=\"5809\">\n<p data-start=\"5709\" data-end=\"5809\"><strong data-start=\"5709\" data-end=\"5746\">Etik ve Yasal Olarak \u00dcretilmi\u015ftir<\/strong> \u2013 Vervaardigd volgens internationale veiligheidsrichtlijnen.<\/p>\n<\/li>\n<\/ul>\n<h3 data-start=\"5816\" data-end=\"5831\"><strong data-start=\"5820\" data-end=\"5831\">Kullan\u0131m<\/strong><\/h3>\n<ol data-start=\"5832\" data-end=\"6258\">\n<li data-start=\"5832\" data-end=\"5916\">\n<p data-start=\"5835\" data-end=\"5916\"><strong data-start=\"5835\" data-end=\"5868\">Sadece Ara\u015ft\u0131rma Ama\u00e7l\u0131 Kullan\u0131m \u0130\u00e7in<\/strong> \u2013 Gebruik uitsluitend in erkende laboratoria.<\/p>\n<\/li>\n<li data-start=\"5917\" data-end=\"6019\">\n<p data-start=\"5920\" data-end=\"6019\"><strong data-start=\"5920\" data-end=\"5941\">Depolama talimatlar\u0131<\/strong> - \u00dczerinde saklay\u0131n <strong data-start=\"5958\" data-end=\"5992\">serin, kuru ve karanl\u0131k bir yerde<\/strong>. Vermijd vocht en hitte.<\/p>\n<\/li>\n<li data-start=\"6020\" data-end=\"6089\">\n<p data-start=\"6023\" data-end=\"6089\"><strong data-start=\"6023\" data-end=\"6040\">G\u00fcvenli \u00e7al\u0131\u015fma<\/strong> \u2013 Draag altijd geschikte beschermingsmiddelen.<\/p>\n<\/li>\n<li data-start=\"6090\" data-end=\"6169\">\n<p data-start=\"6093\" data-end=\"6169\"><strong data-start=\"6093\" data-end=\"6105\">\u00d6l\u00e7\u00fcmler<\/strong> - Do\u011fru analizler i\u00e7in kalibre edilmi\u015f ekipman kullan\u0131n.<\/p>\n<\/li>\n<li data-start=\"6170\" data-end=\"6258\">\n<p data-start=\"6173\" data-end=\"6258\"><strong data-start=\"6173\" data-end=\"6200\">G\u00fcvenlik uyar\u0131s\u0131<\/strong> \u2013 Niet bedoeld voor menselijke of dierlijke consumptie. <a href=\"https:\/\/researchchemicalshop.eu\/tr\/dukkan\/okategoriserad\/4mmc-kopen\/\">4mmc sat\u0131n al<\/a><a href=\"https:\/\/researchchemicalshop.eu\/tr\/dukkan\/okategoriserad\/benzokain-tozu\/\">benzokain tozu<\/a><a href=\"https:\/\/researchchemicalshop.eu\/tr\/dukkan\/okategoriserad\/fentanyl-kopen\/\">fentanil sat\u0131n al<\/a><a href=\"https:\/\/researchchemicalshop.eu\/tr\/dukkan\/iboga-ibogaine\/iboga-kopen\/\">iboga sat\u0131n al<\/a><a href=\"https:\/\/researchchemicalshop.eu\/tr\/dukkan\/iboga-ibogaine\/buy-ibogaine-hcl-online\/\">ibogain hcl online sat\u0131n al<\/a><\/p>\n<\/li>\n<\/ol>\n<h3 data-start=\"6265\" data-end=\"6292\"><strong data-start=\"6269\" data-end=\"6292\">S\u0131k\u00e7a Sorulan Sorular<\/strong><\/h3>\n<p data-start=\"6294\" data-end=\"6483\"><strong data-start=\"6294\" data-end=\"6351\">1. Waarvoor wordt deze onderzoeksverbinding gebruikt?<\/strong><br data-start=\"6351\" data-end=\"6354\" \/>Deze verbinding wordt gebruikt voor <strong data-start=\"6390\" data-end=\"6434\">bilimsel ve analitik ara\u015ft\u0131rma<\/strong>, zoals kalibratie of chemische vergelijkingen.<\/p>\n<p data-start=\"6485\" data-end=\"6640\"><strong data-start=\"6485\" data-end=\"6550\">2. Kan dit product voor persoonlijk gebruik worden toegepast?<\/strong><br data-start=\"6550\" data-end=\"6553\" \/>Hay\u0131r. Bu \u00fcr\u00fcn <strong data-start=\"6573\" data-end=\"6637\">sadece profesyonel laboratuvar ara\u015ft\u0131rmalar\u0131 i\u00e7in tasarlanm\u0131\u015ft\u0131r<\/strong>.<\/p>\n<p data-start=\"6642\" data-end=\"6815\"><strong data-start=\"6642\" data-end=\"6683\">3. Hoe moet ik dit materiaal bewaren?<\/strong><br data-start=\"6683\" data-end=\"6686\" \/>Bewaar het in de <strong data-start=\"6703\" data-end=\"6740\">originele, luchtdichte verpakking<\/strong> bir <strong data-start=\"6748\" data-end=\"6782\">serin, kuru ve karanl\u0131k bir yerde<\/strong> om de stabiliteit te behouden.<\/p>\n<h3 data-start=\"6822\" data-end=\"6840\"><strong data-start=\"6826\" data-end=\"6840\">Sorumluluk Reddi<\/strong><\/h3>\n<p data-start=\"6841\" data-end=\"7098\">Bu \u00fcr\u00fcn <strong data-start=\"6856\" data-end=\"6905\">sadece ara\u015ft\u0131rma ama\u00e7l\u0131d\u0131r<\/strong>. <strong data-start=\"6907\" data-end=\"6965\">\u0130nsan veya hayvan t\u00fcketimi i\u00e7in uygun de\u011fildir.<\/strong><br data-start=\"6965\" data-end=\"6968\" \/>Door aankoop bevestigt u dat u voldoet aan alle relevante wet- en regelgeving en het product uitsluitend professioneel gebruikt.<\/p>\n<p class=\"ds-markdown-paragraph\"><a href=\"https:\/\/researchchemicalshop.eu\/tr\/dukkan\/iboga-ibogaine\/iboga-root-bark\/\"><span dir=\"auto\" style=\"vertical-align: inherit;\"><span dir=\"auto\" style=\"vertical-align: inherit;\">\u0130boga k\u00f6k\u00fc kabu\u011fu <\/span><\/span><\/a><a href=\"https:\/\/researchchemicalshop.eu\/tr\/dukkan\/iboga-ibogaine\/buy-ibogaine-hcl-online\/\"><span dir=\"auto\" style=\"vertical-align: inherit;\"><span dir=\"auto\" style=\"vertical-align: inherit;\">Ibogaine HCL Sat\u0131n Al\u0131n <\/span><\/span><\/a><a href=\"https:\/\/researchchemicalshop.eu\/tr\/dukkan\/lizergamidler\/1cp-lsd\/\"><span dir=\"auto\" style=\"vertical-align: inherit;\"><span dir=\"auto\" style=\"vertical-align: inherit;\">1cP-LSD 150 MCG Art Blotters <\/span><\/span><\/a><a href=\"https:\/\/researchchemicalshop.eu\/tr\/dukkan\/peletler\/o-dsmt-50mg-pellets\/\"><span dir=\"auto\" style=\"vertical-align: inherit;\"><span dir=\"auto\" style=\"vertical-align: inherit;\">O-DSMT 50mg Pelet <\/span><\/span><\/a><a href=\"https:\/\/researchchemicalshop.eu\/tr\/dukkan\/lizergamidler\/1v-lsd-150-mcg-blotters\/\"><span dir=\"auto\" style=\"vertical-align: inherit;\"><span dir=\"auto\" style=\"vertical-align: inherit;\">1V-LSD 150 MCG Blotterlar<\/span><\/span><\/a><\/p>","protected":false},"excerpt":{"rendered":"<h3><span data-sheets-value=\"{\" data-sheets-userformat=\"{\"><span dir=\"auto\" style=\"vertical-align: inherit;\"><span dir=\"auto\" style=\"vertical-align: inherit;\">MEAI properties<\/span><\/span><\/span><\/h3>\n<p><strong><span dir=\"auto\" style=\"vertical-align: inherit;\"><span dir=\"auto\" style=\"vertical-align: inherit;\">Synonym:<\/span><\/span><\/strong><span dir=\"auto\" style=\"vertical-align: inherit;\"><span dir=\"auto\" style=\"vertical-align: inherit;\"> 5-methoxy-2-aminoindane, 5-MeO-AI, Chaperone <\/span><\/span><br \/>\n<strong><span dir=\"auto\" style=\"vertical-align: inherit;\"><span dir=\"auto\" style=\"vertical-align: inherit;\">CAS Number:<\/span><\/span><\/strong><span dir=\"auto\" style=\"vertical-align: inherit;\"><span dir=\"auto\" style=\"vertical-align: inherit;\"> 73305-09-6 <\/span><\/span><br \/>\n<strong><span dir=\"auto\" style=\"vertical-align: inherit;\"><span dir=\"auto\" style=\"vertical-align: inherit;\">Formula: <\/span><\/span><\/strong> <span title=\"Carbon\"><span dir=\"auto\" style=\"vertical-align: inherit;\"><span dir=\"auto\" style=\"vertical-align: inherit;\">C <\/span><\/span><\/span><sub><span dir=\"auto\" style=\"vertical-align: inherit;\"><span dir=\"auto\" style=\"vertical-align: inherit;\">10 <\/span><\/span><\/sub><span title=\"Hydrogen\"><span dir=\"auto\" style=\"vertical-align: inherit;\"><span dir=\"auto\" style=\"vertical-align: inherit;\">H <\/span><\/span><\/span><sub><span dir=\"auto\" style=\"vertical-align: inherit;\"><span dir=\"auto\" style=\"vertical-align: inherit;\">13 <\/span><\/span><\/sub><span title=\"Nitrogen\"><span dir=\"auto\" style=\"vertical-align: inherit;\"><span dir=\"auto\" style=\"vertical-align: inherit;\">N <\/span><\/span><\/span><span title=\"Oxygen\"><span dir=\"auto\" style=\"vertical-align: inherit;\"><span dir=\"auto\" style=\"vertical-align: inherit;\">O <\/span><\/span><\/span><br \/>\n<strong><span dir=\"auto\" style=\"vertical-align: inherit;\"><span dir=\"auto\" style=\"vertical-align: inherit;\">Mole mass:<\/span><\/span><\/strong><span dir=\"auto\" style=\"vertical-align: inherit;\"><span dir=\"auto\" style=\"vertical-align: inherit;\"> 163,220 g\/mol <\/span><\/span><br \/>\n<strong><span dir=\"auto\" style=\"vertical-align: inherit;\"><span dir=\"auto\" style=\"vertical-align: inherit;\">Purity:<\/span><\/span><\/strong><span dir=\"auto\" style=\"vertical-align: inherit;\"><span dir=\"auto\" style=\"vertical-align: inherit;\"> &gt;98%<\/span><\/span><\/p>","protected":false},"featured_media":17022,"comment_status":"closed","ping_status":"closed","template":"","meta":[],"product_brand":[],"product_cat":[791,459],"product_tag":[792,917,22],"class_list":{"0":"post-1618","1":"product","2":"type-product","3":"status-publish","4":"has-post-thumbnail","6":"product_cat-meai","7":"product_cat-overig","8":"product_tag-meai","9":"product_tag-meai-kopen","10":"product_tag-nl","12":"first","13":"instock","14":"shipping-taxable","15":"purchasable","16":"product-type-variable"},"_links":{"self":[{"href":"https:\/\/researchchemicalshop.eu\/tr\/wp-json\/wp\/v2\/product\/1618","targetHints":{"allow":["GET"]}}],"collection":[{"href":"https:\/\/researchchemicalshop.eu\/tr\/wp-json\/wp\/v2\/product"}],"about":[{"href":"https:\/\/researchchemicalshop.eu\/tr\/wp-json\/wp\/v2\/types\/product"}],"replies":[{"embeddable":true,"href":"https:\/\/researchchemicalshop.eu\/tr\/wp-json\/wp\/v2\/comments?post=1618"}],"version-history":[{"count":3,"href":"https:\/\/researchchemicalshop.eu\/tr\/wp-json\/wp\/v2\/product\/1618\/revisions"}],"predecessor-version":[{"id":16386,"href":"https:\/\/researchchemicalshop.eu\/tr\/wp-json\/wp\/v2\/product\/1618\/revisions\/16386"}],"wp:featuredmedia":[{"embeddable":true,"href":"https:\/\/researchchemicalshop.eu\/tr\/wp-json\/wp\/v2\/media\/17022"}],"wp:attachment":[{"href":"https:\/\/researchchemicalshop.eu\/tr\/wp-json\/wp\/v2\/media?parent=1618"}],"wp:term":[{"taxonomy":"product_brand","embeddable":true,"href":"https:\/\/researchchemicalshop.eu\/tr\/wp-json\/wp\/v2\/product_brand?post=1618"},{"taxonomy":"product_cat","embeddable":true,"href":"https:\/\/researchchemicalshop.eu\/tr\/wp-json\/wp\/v2\/product_cat?post=1618"},{"taxonomy":"product_tag","embeddable":true,"href":"https:\/\/researchchemicalshop.eu\/tr\/wp-json\/wp\/v2\/product_tag?post=1618"}],"curies":[{"name":"wp","href":"https:\/\/api.w.org\/{rel}","templated":true}]}}