{"id":1615,"date":"2026-02-09T11:57:05","date_gmt":"2026-02-09T11:57:05","guid":{"rendered":"https:\/\/researchchemicalshop.eu\/?post_type=product&#038;p=1615"},"modified":"2026-02-28T17:28:55","modified_gmt":"2026-02-28T17:28:55","slug":"ro5-4864","status":"publish","type":"product","link":"https:\/\/researchchemicalshop.eu\/tr\/urun\/ro5-4864\/","title":{"rendered":"Ro5-4864 1 MG Blotters"},"content":{"rendered":"<h3 data-start=\"4052\" data-end=\"4071\"><strong data-start=\"4056\" data-end=\"4071\">Giri\u015f<\/strong><\/h3>\n<p data-start=\"4072\" data-end=\"4323\">ro5 4864, Onze <strong data-start=\"4077\" data-end=\"4104\">1 mg onderzoeksblotters<\/strong> zijn ontwikkeld voor <strong data-start=\"4126\" data-end=\"4183\">wetenschappelijk, analytisch en laboratoriumonderzoek<\/strong>.<br data-start=\"4184\" data-end=\"4187\" \/>Ze worden geproduceerd volgens <strong data-start=\"4218\" data-end=\"4248\">strikte laboratoriumnormen<\/strong>, sa\u011flayan <strong data-start=\"4265\" data-end=\"4320\">hoge zuiverheid, reproduceerbaarheid en stabiliteit<\/strong>. ro5 4864<\/p>\n<p data-start=\"4325\" data-end=\"4437\">Elke blotter bevat een <strong data-start=\"4348\" data-end=\"4376\">exacte dosering van 1 mg<\/strong>, wat betrouwbare en consistente resultaten mogelijk maakt.<\/p>\n<blockquote data-start=\"4438\" data-end=\"4547\">\n<p data-start=\"4440\" data-end=\"4547\">\u26a0\ufe0f <strong data-start=\"4443\" data-end=\"4547\">Sadece laboratuvar kullan\u0131m\u0131 i\u00e7in tasarlanm\u0131\u015ft\u0131r. \u0130nsan veya hayvan t\u00fcketimi i\u00e7in uygun de\u011fildir.<\/strong><\/p>\n<\/blockquote>\n<h3 data-start=\"4554\" data-end=\"4585\"><strong data-start=\"4558\" data-end=\"4585\">Temel \u00f6zellikler<\/strong><\/h3>\n<ul data-start=\"4586\" data-end=\"5054\">\n<li data-start=\"4586\" data-end=\"4656\">\n<p data-start=\"4588\" data-end=\"4656\"><strong data-start=\"4588\" data-end=\"4614\">Y\u00fcksek Safl\u0131k (\u226599%)<\/strong> - Ba\u011f\u0131ms\u0131z olarak test edilmi\u015f ve do\u011frulanm\u0131\u015ft\u0131r.<\/p>\n<\/li>\n<li data-start=\"4657\" data-end=\"4738\">\n<p data-start=\"4659\" data-end=\"4738\"><strong data-start=\"4659\" data-end=\"4689\">Precieze Dosering van 1 mg<\/strong> \u2013 Voor gecontroleerde en betrouwbare metingen. ro5 4864<\/p>\n<\/li>\n<li data-start=\"4739\" data-end=\"4820\">\n<p data-start=\"4741\" data-end=\"4820\"><strong data-start=\"4741\" data-end=\"4767\">Kararl\u0131 Bile\u015fim<\/strong> - Uygun \u015fekilde depoland\u0131\u011f\u0131nda kimyasal b\u00fct\u00fcnl\u00fc\u011f\u00fcn\u00fc korur.<\/p>\n<\/li>\n<li data-start=\"4821\" data-end=\"4900\">\n<p data-start=\"4823\" data-end=\"4900\"><strong data-start=\"4823\" data-end=\"4851\">Gecontroleerde Productie<\/strong> \u2013 Geproduceerd volgens ISO-laboratoriumnormen.<\/p>\n<\/li>\n<li data-start=\"4901\" data-end=\"4969\">\n<p data-start=\"4903\" data-end=\"4969\"><strong data-start=\"4903\" data-end=\"4933\">Vochtbestendige Verpakking<\/strong> \u2013 Beschermt tegen licht en lucht.<\/p>\n<\/li>\n<li data-start=\"4970\" data-end=\"5054\">\n<p data-start=\"4972\" data-end=\"5054\"><strong data-start=\"4972\" data-end=\"5005\">Sadece Ara\u015ft\u0131rma Ama\u00e7l\u0131 Kullan\u0131m \u0130\u00e7in<\/strong> \u2013 Bedoeld voor wetenschappelijke toepassingen.<\/p>\n<\/li>\n<\/ul>\n<h3 data-start=\"5061\" data-end=\"5078\"><strong data-start=\"5065\" data-end=\"5078\">Avantajlar<\/strong><\/h3>\n<ul data-start=\"5079\" data-end=\"5531\">\n<li data-start=\"5079\" data-end=\"5159\">\n<p data-start=\"5081\" data-end=\"5159\"><strong data-start=\"5081\" data-end=\"5117\">G\u00fcvenilir Ara\u015ft\u0131rma Sonu\u00e7lar\u0131<\/strong> \u2013 Consistente data bij herhaalde tests.<\/p>\n<\/li>\n<li data-start=\"5160\" data-end=\"5232\">\n<p data-start=\"5162\" data-end=\"5232\"><strong data-start=\"5162\" data-end=\"5183\">Stabiel en Zuiver<\/strong> \u2013 Vermindert variatie in onderzoeksuitkomsten.<\/p>\n<\/li>\n<li data-start=\"5233\" data-end=\"5336\">\n<p data-start=\"5235\" data-end=\"5336\"><strong data-start=\"5235\" data-end=\"5284\">Geoptimaliseerd voor Analytische Toepassingen<\/strong> \u2013 Geschikt voor kalibratie en vergelijkingstests.<\/p>\n<\/li>\n<li data-start=\"5337\" data-end=\"5432\">\n<p data-start=\"5339\" data-end=\"5432\"><strong data-start=\"5339\" data-end=\"5372\">Veilige Laboratoriumhantering<\/strong> \u2013 Pellet- of blottervorm zorgt voor nauwkeurige dosering.<\/p>\n<\/li>\n<li data-start=\"5433\" data-end=\"5531\">\n<p data-start=\"5435\" data-end=\"5531\"><strong data-start=\"5435\" data-end=\"5470\">Conform en Ethisch Geproduceerd<\/strong> \u2013 In overeenstemming met internationale veiligheidsnormen.<\/p>\n<\/li>\n<\/ul>\n<h3 data-start=\"5538\" data-end=\"5553\"><strong data-start=\"5542\" data-end=\"5553\">Kullan\u0131m<\/strong><\/h3>\n<ol data-start=\"5554\" data-end=\"5979\">\n<li data-start=\"5554\" data-end=\"5655\">\n<p data-start=\"5557\" data-end=\"5655\"><strong data-start=\"5557\" data-end=\"5592\">Sadece laboratuvar kullan\u0131m\u0131 i\u00e7in<\/strong> \u2013 Gebruik uitsluitend binnen erkende onderzoeksfaciliteiten.<\/p>\n<\/li>\n<li data-start=\"5656\" data-end=\"5723\">\n<p data-start=\"5659\" data-end=\"5723\"><strong data-start=\"5659\" data-end=\"5669\">Depolama<\/strong> - \u00dczerinde saklay\u0131n <strong data-start=\"5686\" data-end=\"5720\">serin, kuru ve karanl\u0131k bir yerde<\/strong>.<\/p>\n<\/li>\n<li data-start=\"5724\" data-end=\"5809\">\n<p data-start=\"5727\" data-end=\"5809\"><strong data-start=\"5727\" data-end=\"5744\">G\u00fcvenli \u00e7al\u0131\u015fma<\/strong> \u2013 Draag handschoenen, veiligheidsbril en beschermende kleding.<\/p>\n<\/li>\n<li data-start=\"5810\" data-end=\"5889\">\n<p data-start=\"5813\" data-end=\"5889\"><strong data-start=\"5813\" data-end=\"5825\">\u00d6l\u00e7\u00fcmler<\/strong> - Do\u011fru analizler i\u00e7in kalibre edilmi\u015f ekipman kullan\u0131n.<\/p>\n<\/li>\n<li data-start=\"5890\" data-end=\"5979\">\n<p data-start=\"5893\" data-end=\"5979\"><strong data-start=\"5893\" data-end=\"5920\">G\u00fcvenlik uyar\u0131s\u0131<\/strong> - \u0130nsan veya hayvan t\u00fcketimi i\u00e7in uygun de\u011fildir.<\/p>\n<\/li>\n<\/ol>\n<h3 data-start=\"5986\" data-end=\"6013\"><strong data-start=\"5990\" data-end=\"6013\">S\u0131k\u00e7a Sorulan Sorular<\/strong><\/h3>\n<p data-start=\"6015\" data-end=\"6197\"><strong data-start=\"6015\" data-end=\"6071\">1. Waarvoor worden 1 mg onderzoeksblotters gebruikt?<\/strong><br data-start=\"6071\" data-end=\"6074\" \/>Ze zijn bedoeld voor <strong data-start=\"6095\" data-end=\"6139\">bilimsel ve analitik ara\u015ft\u0131rma<\/strong>, zoals kalibratie en gecontroleerde chemische analyses.<\/p>\n<p data-start=\"6199\" data-end=\"6362\"><strong data-start=\"6199\" data-end=\"6267\">2. Kunnen deze blotters buiten een laboratorium worden gebruikt?<\/strong><br data-start=\"6267\" data-end=\"6270\" \/>Hay\u0131r. Bu \u00fcr\u00fcnler <strong data-start=\"6295\" data-end=\"6359\">sadece profesyonel laboratuvar ara\u015ft\u0131rmalar\u0131 i\u00e7in tasarlanm\u0131\u015ft\u0131r<\/strong>.<\/p>\n<p data-start=\"6364\" data-end=\"6502\"><strong data-start=\"6364\" data-end=\"6400\">3. Hoe moeten ze worden bewaard?<\/strong><br data-start=\"6400\" data-end=\"6403\" \/>Onlar\u0131 kendi <strong data-start=\"6420\" data-end=\"6457\">originele, luchtdichte verpakking<\/strong> bir <strong data-start=\"6465\" data-end=\"6499\">serin, kuru ve karanl\u0131k bir yerde<\/strong>.<\/p>\n<h3 data-start=\"6509\" data-end=\"6527\"><strong data-start=\"6513\" data-end=\"6527\">Sorumluluk Reddi<\/strong><\/h3>\n<p data-start=\"6528\" data-end=\"6760\">Bu \u00fcr\u00fcn <strong data-start=\"6543\" data-end=\"6592\">sadece ara\u015ft\u0131rma ama\u00e7l\u0131d\u0131r<\/strong>. <strong data-start=\"6594\" data-end=\"6652\">\u0130nsan veya hayvan t\u00fcketimi i\u00e7in uygun de\u011fildir.<\/strong><br data-start=\"6652\" data-end=\"6655\" \/>Sat\u0131n alarak, ge\u00e7erli t\u00fcm g\u00fcvenlik ve yasal gerekliliklere uydu\u011funuzu onaylam\u0131\u015f olursunuz.<a href=\"https:\/\/researchchemicalshop.eu\/tr\/dukkan\/okategoriserad\/4mmc-kopen\/\">4mmc sat\u0131n al<\/a><a href=\"https:\/\/researchchemicalshop.eu\/tr\/dukkan\/okategoriserad\/benzokain-tozu\/\">benzokain tozu<\/a><a href=\"https:\/\/researchchemicalshop.eu\/tr\/dukkan\/okategoriserad\/fentanyl-kopen\/\">fentanil sat\u0131n al<\/a><a href=\"https:\/\/researchchemicalshop.eu\/tr\/dukkan\/okategoriserad\/fentanyl-kopen\/\">fentanyl tablet\u200b<\/a><a href=\"https:\/\/researchchemicalshop.eu\/tr\/dukkan\/iboga-ibogaine\/iboga-kopen\/\">iboga sat\u0131n al<\/a><a href=\"https:\/\/researchchemicalshop.eu\/tr\/dukkan\/iboga-ibogaine\/buy-ibogaine-hcl-online\/\">ibogain hcl online sat\u0131n al<\/a><\/p>","protected":false},"excerpt":{"rendered":"<p>Introductie ro5 4864, Onze 1 mg onderzoeksblotters zijn ontwikkeld voor wetenschappelijk, analytisch en laboratoriumonderzoek.Ze worden geproduceerd volgens strikte laboratoriumnormen, wat<\/p>","protected":false},"featured_media":17089,"comment_status":"closed","ping_status":"closed","template":"","meta":[],"product_brand":[23],"product_cat":[74,776],"product_tag":[22,777,778],"class_list":{"0":"post-1615","1":"product","2":"type-product","3":"status-publish","4":"has-post-thumbnail","6":"product_brand-research-chemical","7":"product_cat-benzodiazepinen","8":"product_cat-ro5-4864","9":"product_tag-nl","10":"product_tag-ro5-4864","11":"product_tag-ro5-4864-reddit","13":"first","14":"instock","15":"shipping-taxable","16":"purchasable","17":"product-type-variable"},"_links":{"self":[{"href":"https:\/\/researchchemicalshop.eu\/tr\/wp-json\/wp\/v2\/product\/1615","targetHints":{"allow":["GET"]}}],"collection":[{"href":"https:\/\/researchchemicalshop.eu\/tr\/wp-json\/wp\/v2\/product"}],"about":[{"href":"https:\/\/researchchemicalshop.eu\/tr\/wp-json\/wp\/v2\/types\/product"}],"replies":[{"embeddable":true,"href":"https:\/\/researchchemicalshop.eu\/tr\/wp-json\/wp\/v2\/comments?post=1615"}],"version-history":[{"count":3,"href":"https:\/\/researchchemicalshop.eu\/tr\/wp-json\/wp\/v2\/product\/1615\/revisions"}],"predecessor-version":[{"id":16434,"href":"https:\/\/researchchemicalshop.eu\/tr\/wp-json\/wp\/v2\/product\/1615\/revisions\/16434"}],"wp:featuredmedia":[{"embeddable":true,"href":"https:\/\/researchchemicalshop.eu\/tr\/wp-json\/wp\/v2\/media\/17089"}],"wp:attachment":[{"href":"https:\/\/researchchemicalshop.eu\/tr\/wp-json\/wp\/v2\/media?parent=1615"}],"wp:term":[{"taxonomy":"product_brand","embeddable":true,"href":"https:\/\/researchchemicalshop.eu\/tr\/wp-json\/wp\/v2\/product_brand?post=1615"},{"taxonomy":"product_cat","embeddable":true,"href":"https:\/\/researchchemicalshop.eu\/tr\/wp-json\/wp\/v2\/product_cat?post=1615"},{"taxonomy":"product_tag","embeddable":true,"href":"https:\/\/researchchemicalshop.eu\/tr\/wp-json\/wp\/v2\/product_tag?post=1615"}],"curies":[{"name":"wp","href":"https:\/\/api.w.org\/{rel}","templated":true}]}}