{"id":1614,"date":"2026-02-09T11:57:05","date_gmt":"2026-02-09T11:57:05","guid":{"rendered":"https:\/\/researchchemicalshop.eu\/?post_type=product&#038;p=1614"},"modified":"2026-02-28T17:27:38","modified_gmt":"2026-02-28T17:27:38","slug":"o-dsmt-2","status":"publish","type":"product","link":"https:\/\/researchchemicalshop.eu\/tr\/urun\/o-dsmt-2\/","title":{"rendered":"O DSMT"},"content":{"rendered":"<h3 data-start=\"4199\" data-end=\"4218\"><strong data-start=\"4203\" data-end=\"4218\">Giri\u015f<\/strong><\/h3>\n<p data-start=\"4219\" data-end=\"4509\"><span class=\"___SBox_4905a-ko_ ___SText_1ifhk-ko_\" data-ui-name=\"Link.Text\">o dsmt kopen, o dsmt<\/span>, Bizim <strong data-start=\"4224\" data-end=\"4251\">30 mg onderzoekspellets<\/strong> zijn ontwikkeld volgens de hoogste normen van <strong data-start=\"4298\" data-end=\"4342\">wetenschappelijke precisie en zuiverheid<\/strong>.<br data-start=\"4343\" data-end=\"4346\" \/>Ze zijn uitsluitend bedoeld voor <strong data-start=\"4379\" data-end=\"4420\">laboratuvar ve anali\u0307ti\u0307k ara\u015ftirma<\/strong> ve teklif <strong data-start=\"4431\" data-end=\"4506\">constante dosering, reproduceerbare resultaten en chemische stabiliteit<\/strong>.<\/p>\n<p data-start=\"4511\" data-end=\"4655\">Geproduceerd onder <strong data-start=\"4530\" data-end=\"4560\">strikte kwaliteitscontrole<\/strong>, zijn deze pellets ideaal voor <strong data-start=\"4592\" data-end=\"4652\">kalibratie, kwantitatief onderzoek en chemische analyses<\/strong>.<\/p>\n<blockquote data-start=\"4656\" data-end=\"4765\">\n<p data-start=\"4658\" data-end=\"4765\">\u26a0\ufe0f <strong data-start=\"4661\" data-end=\"4765\">Sadece laboratuvar kullan\u0131m\u0131 i\u00e7in tasarlanm\u0131\u015ft\u0131r. \u0130nsan veya hayvan t\u00fcketimi i\u00e7in uygun de\u011fildir.<\/strong><\/p>\n<\/blockquote>\n<h3 data-start=\"4772\" data-end=\"4803\"><strong data-start=\"4776\" data-end=\"4803\">Temel \u00f6zellikler<\/strong><\/h3>\n<ul data-start=\"4804\" data-end=\"5331\">\n<li data-start=\"4804\" data-end=\"4874\">\n<p data-start=\"4806\" data-end=\"4874\"><strong data-start=\"4806\" data-end=\"4832\">Y\u00fcksek Safl\u0131k (\u226599%)<\/strong> - Ba\u011f\u0131ms\u0131z olarak test edilmi\u015f ve do\u011frulanm\u0131\u015ft\u0131r.<\/p>\n<\/li>\n<li data-start=\"4875\" data-end=\"4979\">\n<p data-start=\"4877\" data-end=\"4979\"><strong data-start=\"4877\" data-end=\"4917\">Exacte Dosering van 30 mg per Pellet<\/strong> \u2013 Voor betrouwbare en reproduceerbare onderzoeksresultaten.<\/p>\n<\/li>\n<li data-start=\"4980\" data-end=\"5063\">\n<p data-start=\"4982\" data-end=\"5063\"><strong data-start=\"4982\" data-end=\"5008\">Kararl\u0131 Bile\u015fim<\/strong> \u2013 Behoudt chemische integriteit bij correcte opslag.<\/p>\n<\/li>\n<li data-start=\"5064\" data-end=\"5148\">\n<p data-start=\"5066\" data-end=\"5148\"><strong data-start=\"5066\" data-end=\"5091\">Laboratuvar kalitesi<\/strong> \u2013 Geproduceerd volgens professionele kwaliteitsnormen.<\/p>\n<\/li>\n<li data-start=\"5149\" data-end=\"5236\">\n<p data-start=\"5151\" data-end=\"5236\"><strong data-start=\"5151\" data-end=\"5173\">G\u00fcvenli Paketleme<\/strong> \u2013 Luchtdicht en lichtbestendig voor langdurige houdbaarheid.<\/p>\n<\/li>\n<li data-start=\"5237\" data-end=\"5331\">\n<p data-start=\"5239\" data-end=\"5331\"><strong data-start=\"5239\" data-end=\"5272\">Sadece Ara\u015ft\u0131rma Ama\u00e7l\u0131 Kullan\u0131m \u0130\u00e7in<\/strong> - Analitik ve bilimsel ara\u015ft\u0131rmalar i\u00e7in tasarlanm\u0131\u015ft\u0131r.<\/p>\n<\/li>\n<\/ul>\n<h3 data-start=\"5338\" data-end=\"5355\"><strong data-start=\"5342\" data-end=\"5355\">Avantajlar<\/strong><\/h3>\n<ul data-start=\"5356\" data-end=\"5802\">\n<li data-start=\"5356\" data-end=\"5430\">\n<p data-start=\"5358\" data-end=\"5430\"><strong data-start=\"5358\" data-end=\"5384\">Betrouwbare Resultaten<\/strong> \u2013 Voor consistente en reproduceerbare data.<\/p>\n<\/li>\n<li data-start=\"5431\" data-end=\"5509\">\n<p data-start=\"5433\" data-end=\"5509\"><strong data-start=\"5433\" data-end=\"5459\">Gemakkelijk in Gebruik<\/strong> \u2013 De pelletvorm vermindert besmettingsrisico\u2019s.<\/p>\n<\/li>\n<li data-start=\"5510\" data-end=\"5600\">\n<p data-start=\"5512\" data-end=\"5600\"><strong data-start=\"5512\" data-end=\"5550\">Wetenschappelijk Geteste Kwaliteit<\/strong> \u2013 Elke batch wordt gecontroleerd op zuiverheid.<\/p>\n<\/li>\n<li data-start=\"5601\" data-end=\"5696\">\n<p data-start=\"5603\" data-end=\"5696\"><strong data-start=\"5603\" data-end=\"5629\">Uzun vadeli istikrar<\/strong> \u2013 Ontworpen om zijn samenstelling te behouden bij juiste opslag.<\/p>\n<\/li>\n<li data-start=\"5697\" data-end=\"5802\">\n<p data-start=\"5699\" data-end=\"5802\"><strong data-start=\"5699\" data-end=\"5736\">Etik ve Yasal Olarak \u00dcretilmi\u015ftir<\/strong> \u2013 In overeenstemming met internationale veiligheidsrichtlijnen.<\/p>\n<\/li>\n<\/ul>\n<h3 data-start=\"5809\" data-end=\"5824\"><strong data-start=\"5813\" data-end=\"5824\">Kullan\u0131m<\/strong><\/h3>\n<ol data-start=\"5825\" data-end=\"6227\">\n<li data-start=\"5825\" data-end=\"5926\">\n<p data-start=\"5828\" data-end=\"5926\"><strong data-start=\"5828\" data-end=\"5863\">Sadece laboratuvar kullan\u0131m\u0131 i\u00e7in<\/strong> - Yaln\u0131zca onayl\u0131 ara\u015ft\u0131rma kurumlar\u0131nda kullan\u0131n. <span class=\"___SBox_4905a-ko_ ___SText_1ifhk-ko_\" data-ui-name=\"Link.Text\">o dsmt<\/span><\/p>\n<\/li>\n<li data-start=\"5927\" data-end=\"5974\">\n<p data-start=\"5930\" data-end=\"5974\"><strong data-start=\"5930\" data-end=\"5940\">Depolama<\/strong> \u2013 Bewaar koel, droog en donker.<\/p>\n<\/li>\n<li data-start=\"5975\" data-end=\"6057\">\n<p data-start=\"5978\" data-end=\"6057\"><strong data-start=\"5978\" data-end=\"5995\">G\u00fcvenli \u00e7al\u0131\u015fma<\/strong> \u2013 Gebruik handschoenen, veiligheidsbril en laboratoriumjas.<\/p>\n<\/li>\n<li data-start=\"6058\" data-end=\"6137\">\n<p data-start=\"6061\" data-end=\"6137\"><strong data-start=\"6061\" data-end=\"6073\">\u00d6l\u00e7\u00fcmler<\/strong> - Do\u011fru analizler i\u00e7in kalibre edilmi\u015f ekipman kullan\u0131n.<\/p>\n<\/li>\n<li data-start=\"6138\" data-end=\"6227\">\n<p data-start=\"6141\" data-end=\"6227\"><strong data-start=\"6141\" data-end=\"6168\">G\u00fcvenlik uyar\u0131s\u0131<\/strong> - \u0130nsan veya hayvan t\u00fcketimi i\u00e7in uygun de\u011fildir.<\/p>\n<\/li>\n<\/ol>\n<h3 data-start=\"6234\" data-end=\"6261\"><strong data-start=\"6238\" data-end=\"6261\">S\u0131k\u00e7a Sorulan Sorular<\/strong><\/h3>\n<p data-start=\"6263\" data-end=\"6437\"><strong data-start=\"6263\" data-end=\"6319\">1. Waarvoor worden 30 mg onderzoekspellets gebruikt?<\/strong><br data-start=\"6319\" data-end=\"6322\" \/>\u015eunlar i\u00e7in kullan\u0131l\u0131rlar <strong data-start=\"6346\" data-end=\"6390\">analytisch en wetenschappelijk onderzoek<\/strong>, waaronder chemische analyses en kalibratie.<\/p>\n<p data-start=\"6439\" data-end=\"6601\"><strong data-start=\"6439\" data-end=\"6506\">2. Bu peletler laboratuvar d\u0131\u015f\u0131nda kullan\u0131labilir mi?<\/strong><br data-start=\"6506\" data-end=\"6509\" \/>Hay\u0131r. Bu \u00fcr\u00fcnler <strong data-start=\"6534\" data-end=\"6598\">sadece profesyonel laboratuvar ara\u015ft\u0131rmalar\u0131 i\u00e7in tasarlanm\u0131\u015ft\u0131r<\/strong>.<\/p>\n<p data-start=\"6603\" data-end=\"6749\"><strong data-start=\"6603\" data-end=\"6647\">3. Peletler nas\u0131l saklanmal\u0131d\u0131r?<\/strong><br data-start=\"6647\" data-end=\"6650\" \/>Onlar\u0131 kendi <strong data-start=\"6667\" data-end=\"6704\">originele, luchtdichte verpakking<\/strong> bir <strong data-start=\"6712\" data-end=\"6746\">serin, kuru ve karanl\u0131k bir yerde<\/strong>.<\/p>\n<h3 data-start=\"6756\" data-end=\"6774\"><strong data-start=\"6760\" data-end=\"6774\">Sorumluluk Reddi<\/strong><\/h3>\n<p data-start=\"6775\" data-end=\"6994\">Bu \u00fcr\u00fcn <strong data-start=\"6790\" data-end=\"6839\">sadece ara\u015ft\u0131rma ama\u00e7l\u0131d\u0131r<\/strong>. <strong data-start=\"6841\" data-end=\"6899\">\u0130nsan veya hayvan t\u00fcketimi i\u00e7in uygun de\u011fildir.<\/strong><br data-start=\"6899\" data-end=\"6902\" \/>Door aankoop bevestigt u dat u voldoet aan alle geldende wet- en veiligheidsvoorschriften.<\/p>\n<h2 class=\"ds-markdown-paragraph\"><span dir=\"auto\" style=\"color: #333333; font-size: 16px; vertical-align: inherit;\"><span dir=\"auto\" style=\"vertical-align: inherit;\">* <\/span><\/span><a style=\"font-size: 16px;\" href=\"https:\/\/researchchemicalshop.eu\/tr\/dukkan\/iboga-ibogaine\/buy-ibogaine-hcl-online\/\"><span dir=\"auto\" style=\"vertical-align: inherit;\"><span dir=\"auto\" style=\"vertical-align: inherit;\">Buy ibogaine hcl online<\/span><\/span><\/a><a style=\"font-size: 16px;\" href=\"https:\/\/researchchemicalshop.eu\/tr\/dukkan\/iboga-ibogaine\/iboga-root-bark\/\"><span dir=\"auto\" style=\"vertical-align: inherit;\"><span dir=\"auto\" style=\"vertical-align: inherit;\">\u200b iboga root bark<\/span><\/span><\/a><a style=\"font-size: 16px;\" href=\"https:\/\/researchchemicalshop.eu\/tr\/dukkan\/lizergamidler\/1cp-lsd\/\"><span dir=\"auto\" style=\"vertical-align: inherit;\"><span dir=\"auto\" style=\"vertical-align: inherit;\">\u200b 1cp lsd <\/span><\/span><\/a><a style=\"font-size: 16px;\" href=\"https:\/\/researchchemicalshop.eu\/tr\/dukkan\/pellets-for-pellet\/o-dsmt-50mg-pellets\/\"><span dir=\"auto\" style=\"vertical-align: inherit;\"><span dir=\"auto\" style=\"vertical-align: inherit;\">o-dsmt <\/span><\/span><\/a><a style=\"font-size: 16px;\" href=\"https:\/\/researchchemicalshop.eu\/tr\/dukkan\/lizergamidler\/1vlsd\/\"><span dir=\"auto\" style=\"vertical-align: inherit;\"><span dir=\"auto\" style=\"vertical-align: inherit;\">1vlsd<\/span><\/span><\/a><\/h2>","protected":false},"excerpt":{"rendered":"<h3><span dir=\"auto\" style=\"vertical-align: inherit;\"><span dir=\"auto\" style=\"vertical-align: inherit;\">O-DSMT properties<\/span><\/span><\/h3>\n<p><strong><span dir=\"auto\" style=\"vertical-align: inherit;\"><span dir=\"auto\" style=\"vertical-align: inherit;\">Synonym: <\/span><\/span><\/strong> <i><span dir=\"auto\" style=\"vertical-align: inherit;\"><span dir=\"auto\" style=\"vertical-align: inherit;\">O-Desmethyltramadol, 3-(2-((dimethylamino)methyl)-1-hydroxycyclohexyl)phenol <\/span><\/span><\/i><br \/>\n<strong><span dir=\"auto\" style=\"vertical-align: inherit;\"><span dir=\"auto\" style=\"vertical-align: inherit;\">CAS Number:<\/span><\/span><\/strong><span dir=\"auto\" style=\"vertical-align: inherit;\"><span dir=\"auto\" style=\"vertical-align: inherit;\"> 80456-81-1 <\/span><\/span><br \/>\n<strong><span dir=\"auto\" style=\"vertical-align: inherit;\"><span dir=\"auto\" style=\"vertical-align: inherit;\">Formula: <\/span><\/span><\/strong> <span title=\"Carbon\"><span dir=\"auto\" style=\"vertical-align: inherit;\"><span dir=\"auto\" style=\"vertical-align: inherit;\">C <\/span><\/span><\/span><sub><span dir=\"auto\" style=\"vertical-align: inherit;\"><span dir=\"auto\" style=\"vertical-align: inherit;\">15 <\/span><\/span><\/sub><span title=\"Hydrogen\"><span dir=\"auto\" style=\"vertical-align: inherit;\"><span dir=\"auto\" style=\"vertical-align: inherit;\">H <\/span><\/span><\/span><sub><span dir=\"auto\" style=\"vertical-align: inherit;\"><span dir=\"auto\" style=\"vertical-align: inherit;\">23 <\/span><\/span><\/sub><span title=\"Nitrogen\"><span dir=\"auto\" style=\"vertical-align: inherit;\"><span dir=\"auto\" style=\"vertical-align: inherit;\">N <\/span><\/span><\/span><span title=\"Oxygen\"><span dir=\"auto\" style=\"vertical-align: inherit;\"><span dir=\"auto\" style=\"vertical-align: inherit;\">O <\/span><\/span><\/span><sub><span dir=\"auto\" style=\"vertical-align: inherit;\"><span dir=\"auto\" style=\"vertical-align: inherit;\">2 <\/span><\/span><\/sub><br \/>\n<strong><span dir=\"auto\" style=\"vertical-align: inherit;\"><span dir=\"auto\" style=\"vertical-align: inherit;\">Molar mass:<\/span><\/span><\/strong><span dir=\"auto\" style=\"vertical-align: inherit;\"><span dir=\"auto\" style=\"vertical-align: inherit;\"> 249.354 g\/mol <\/span><\/span><br \/>\n<strong><span dir=\"auto\" style=\"vertical-align: inherit;\"><span dir=\"auto\" style=\"vertical-align: inherit;\">Purity:<\/span><\/span><\/strong><span dir=\"auto\" style=\"vertical-align: inherit;\"><span dir=\"auto\" style=\"vertical-align: inherit;\"> \u00a0&gt;97%<\/span><\/span><\/p>","protected":false},"featured_media":17048,"comment_status":"closed","ping_status":"closed","template":"","meta":[],"product_brand":[23],"product_cat":[766,767,459,71],"product_tag":[22,768,769,770,771,772,773,774,775],"class_list":{"0":"post-1614","1":"product","2":"type-product","3":"status-publish","4":"has-post-thumbnail","6":"product_brand-research-chemical","7":"product_cat-o-dsmt","8":"product_cat-o-dsmt-pellets","9":"product_cat-overig","10":"product_cat-pellets","11":"product_tag-nl","12":"product_tag-o-dsmt-ervaringen","13":"product_tag-o-dsmt","14":"product_tag-o-dsmt-bestellen","15":"product_tag-o-dsmt-kopen","16":"product_tag-o-dsmt-pellets","17":"product_tag-o-dsmt-psychonaut","18":"product_tag-o-dsmt-xl-pellets","19":"product_tag-what-is-o-dsmt","21":"first","22":"instock","23":"shipping-taxable","24":"purchasable","25":"product-type-variable"},"_links":{"self":[{"href":"https:\/\/researchchemicalshop.eu\/tr\/wp-json\/wp\/v2\/product\/1614","targetHints":{"allow":["GET"]}}],"collection":[{"href":"https:\/\/researchchemicalshop.eu\/tr\/wp-json\/wp\/v2\/product"}],"about":[{"href":"https:\/\/researchchemicalshop.eu\/tr\/wp-json\/wp\/v2\/types\/product"}],"replies":[{"embeddable":true,"href":"https:\/\/researchchemicalshop.eu\/tr\/wp-json\/wp\/v2\/comments?post=1614"}],"version-history":[{"count":5,"href":"https:\/\/researchchemicalshop.eu\/tr\/wp-json\/wp\/v2\/product\/1614\/revisions"}],"predecessor-version":[{"id":16466,"href":"https:\/\/researchchemicalshop.eu\/tr\/wp-json\/wp\/v2\/product\/1614\/revisions\/16466"}],"wp:featuredmedia":[{"embeddable":true,"href":"https:\/\/researchchemicalshop.eu\/tr\/wp-json\/wp\/v2\/media\/17048"}],"wp:attachment":[{"href":"https:\/\/researchchemicalshop.eu\/tr\/wp-json\/wp\/v2\/media?parent=1614"}],"wp:term":[{"taxonomy":"product_brand","embeddable":true,"href":"https:\/\/researchchemicalshop.eu\/tr\/wp-json\/wp\/v2\/product_brand?post=1614"},{"taxonomy":"product_cat","embeddable":true,"href":"https:\/\/researchchemicalshop.eu\/tr\/wp-json\/wp\/v2\/product_cat?post=1614"},{"taxonomy":"product_tag","embeddable":true,"href":"https:\/\/researchchemicalshop.eu\/tr\/wp-json\/wp\/v2\/product_tag?post=1614"}],"curies":[{"name":"wp","href":"https:\/\/api.w.org\/{rel}","templated":true}]}}