{"id":1613,"date":"2026-02-09T11:57:05","date_gmt":"2026-02-09T11:57:05","guid":{"rendered":"https:\/\/researchchemicalshop.eu\/?post_type=product&#038;p=1613"},"modified":"2026-02-28T17:26:30","modified_gmt":"2026-02-28T17:26:30","slug":"o-pce-2","status":"publish","type":"product","link":"https:\/\/researchchemicalshop.eu\/tr\/urun\/o-pce-2\/","title":{"rendered":"O-PCE 10mg Peletler"},"content":{"rendered":"<ul>\n<li style=\"list-style-type: none;\">\n<ul data-start=\"5403\" data-end=\"5835\">\n<li data-start=\"5403\" data-end=\"5487\">\n<p data-start=\"5405\" data-end=\"5487\"><strong data-start=\"5405\" data-end=\"5441\">G\u00fcvenilir Ara\u015ft\u0131rma Sonu\u00e7lar\u0131<\/strong> \u2013 Voor consistente en reproduceerbare data.<\/p>\n<\/li>\n<li data-start=\"5488\" data-end=\"5561\">\n<p data-start=\"5490\" data-end=\"5561\"><strong data-start=\"5490\" data-end=\"5511\">Uzun \u0130stikrar<\/strong> \u2013 Behoudt chemische integriteit tijdens opslag.<\/p>\n<\/li>\n<li data-start=\"5562\" data-end=\"5643\">\n<p data-start=\"5564\" data-end=\"5643\"><strong data-start=\"5564\" data-end=\"5597\">Laboratoriumgeteste Kwaliteit<\/strong> \u2013 Voldoet aan analytische kwaliteitsnormen.<\/p>\n<\/li>\n<li data-start=\"5644\" data-end=\"5740\">\n<p data-start=\"5646\" data-end=\"5740\"><strong data-start=\"5646\" data-end=\"5675\">Kullan\u0131c\u0131 dostu \u015fekil<\/strong> \u2013 Pellets zorgen voor veilige dosering en minder contaminatie.<\/p>\n<\/li>\n<li data-start=\"5741\" data-end=\"5835\">\n<p data-start=\"5743\" data-end=\"5835\"><strong data-start=\"5743\" data-end=\"5780\">Etik ve Yasal Olarak \u00dcretilmi\u015ftir<\/strong> \u2013 In overeenstemming met internationale richtlijnen.<\/p>\n<h3 data-start=\"4189\" data-end=\"4208\"><strong data-start=\"4193\" data-end=\"4208\">Giri\u015f<\/strong><\/h3>\n<p data-start=\"4209\" data-end=\"4475\"><span class=\"___SBox_4905a-ko_ ___SText_1ifhk-ko_\" data-ui-name=\"Link.Text\">o pce kopen, <\/span>Bizim <strong data-start=\"4214\" data-end=\"4241\">10 mg onderzoekspellets<\/strong> zijn ontwikkeld voor gebruik in <strong data-start=\"4274\" data-end=\"4331\">wetenschappelijk, analytisch en laboratoriumonderzoek<\/strong>.<br data-start=\"4332\" data-end=\"4335\" \/>Elke pellet is vervaardigd met <strong data-start=\"4366\" data-end=\"4400\">nauwkeurigheid en consistentie<\/strong>, waardoor betrouwbare en reproduceerbare resultaten worden gegarandeerd.<\/p>\n<p data-start=\"4477\" data-end=\"4721\">Geproduceerd onder <strong data-start=\"4496\" data-end=\"4526\">strikte kwaliteitscontrole<\/strong>, zijn deze pellets ideaal voor <strong data-start=\"4558\" data-end=\"4619\">chemische analyse, kalibratie en forensische toepassingen<\/strong>. Ze zijn geformuleerd om <strong data-start=\"4645\" data-end=\"4686\">zuiverheid, stabiliteit en prestaties<\/strong> te behouden bij correcte opslag.<\/p>\n<blockquote data-start=\"4722\" data-end=\"4832\">\n<p data-start=\"4724\" data-end=\"4832\">\u26a0\ufe0f <strong data-start=\"4727\" data-end=\"4832\">Uitsluitend bedoeld voor onderzoeksdoeleinden. Niet geschikt voor menselijke of dierlijke consumptie.<\/strong><\/p>\n<\/blockquote>\n<h3 data-start=\"4839\" data-end=\"4870\"><strong data-start=\"4843\" data-end=\"4870\">Temel \u00f6zellikler<\/strong><\/h3>\n<ul data-start=\"4871\" data-end=\"5378\">\n<li data-start=\"4871\" data-end=\"4956\">\n<p data-start=\"4873\" data-end=\"4956\"><strong data-start=\"4873\" data-end=\"4899\">Y\u00fcksek Safl\u0131k (\u226599%)<\/strong> \u2013 Onafhankelijk getest in geaccrediteerde laboratoria.<\/p>\n<\/li>\n<li data-start=\"4957\" data-end=\"5046\">\n<p data-start=\"4959\" data-end=\"5046\"><strong data-start=\"4959\" data-end=\"5001\">Precieze Dosering van 10 mg per Pellet<\/strong> \u2013 Voor nauwkeurige analytische resultaten.<\/p>\n<\/li>\n<li data-start=\"5047\" data-end=\"5119\">\n<p data-start=\"5049\" data-end=\"5119\"><strong data-start=\"5049\" data-end=\"5075\">Kararl\u0131 Bile\u015fim<\/strong> - Uzun s\u00fcreli dayan\u0131kl\u0131l\u0131k i\u00e7in tasarlanm\u0131\u015ft\u0131r.<\/p>\n<\/li>\n<li data-start=\"5120\" data-end=\"5210\">\n<p data-start=\"5122\" data-end=\"5210\"><strong data-start=\"5122\" data-end=\"5150\">Gecontroleerde Productie<\/strong> \u2013 Geproduceerd volgens internationale laboratoriumnormen.<\/p>\n<\/li>\n<li data-start=\"5211\" data-end=\"5284\">\n<p data-start=\"5213\" data-end=\"5284\"><strong data-start=\"5213\" data-end=\"5248\">G\u00fcvenli, hava ge\u00e7irmez ambalaj<\/strong> \u2013 Beschermt tegen licht en vocht.<\/p>\n<\/li>\n<li data-start=\"5285\" data-end=\"5378\">\n<p data-start=\"5287\" data-end=\"5378\"><strong data-start=\"5287\" data-end=\"5320\">Sadece Ara\u015ft\u0131rma Ama\u00e7l\u0131 Kullan\u0131m \u0130\u00e7in<\/strong> \u2013 Bedoeld voor professionele en academische doeleinden.<\/p>\n<\/li>\n<\/ul>\n<h3 data-start=\"5385\" data-end=\"5402\"><strong data-start=\"5389\" data-end=\"5402\">Avantajlar<\/strong><\/h3>\n<\/li>\n<\/ul>\n<h3 data-start=\"5842\" data-end=\"5857\"><strong data-start=\"5846\" data-end=\"5857\">Kullan\u0131m<\/strong><\/h3>\n<ol data-start=\"5858\" data-end=\"6273\">\n<li data-start=\"5858\" data-end=\"5959\">\n<p data-start=\"5861\" data-end=\"5959\"><strong data-start=\"5861\" data-end=\"5896\">Sadece laboratuvar kullan\u0131m\u0131 i\u00e7in<\/strong> - Yaln\u0131zca onayl\u0131 ara\u015ft\u0131rma kurumlar\u0131nda kullan\u0131n.<\/p>\n<\/li>\n<li data-start=\"5960\" data-end=\"6027\">\n<p data-start=\"5963\" data-end=\"6027\"><strong data-start=\"5963\" data-end=\"5973\">Depolama<\/strong> - \u00dczerinde saklay\u0131n <strong data-start=\"5990\" data-end=\"6024\">serin, kuru ve karanl\u0131k bir yerde<\/strong>.<\/p>\n<\/li>\n<li data-start=\"6028\" data-end=\"6115\">\n<p data-start=\"6031\" data-end=\"6115\"><strong data-start=\"6031\" data-end=\"6048\">G\u00fcvenli \u00e7al\u0131\u015fma<\/strong> \u2013 Gebruik handschoenen, veiligheidsbril en beschermende kleding.<\/p>\n<\/li>\n<li data-start=\"6116\" data-end=\"6183\">\n<p data-start=\"6119\" data-end=\"6183\"><strong data-start=\"6119\" data-end=\"6131\">\u00d6l\u00e7\u00fcmler<\/strong> \u2013 Gebruik gekalibreerde laboratoriuminstrumenten.<\/p>\n<\/li>\n<li data-start=\"6184\" data-end=\"6273\">\n<p data-start=\"6187\" data-end=\"6273\"><strong data-start=\"6187\" data-end=\"6214\">G\u00fcvenlik uyar\u0131s\u0131<\/strong> - \u0130nsan veya hayvan t\u00fcketimi i\u00e7in uygun de\u011fildir.<\/p>\n<\/li>\n<\/ol>\n<h3 data-start=\"6280\" data-end=\"6307\"><strong data-start=\"6284\" data-end=\"6307\">S\u0131k\u00e7a Sorulan Sorular<\/strong><\/h3>\n<p data-start=\"6309\" data-end=\"6483\"><strong data-start=\"6309\" data-end=\"6365\">1. Waarvoor worden 10 mg onderzoekspellets gebruikt?<\/strong><br data-start=\"6365\" data-end=\"6368\" \/>Ze zijn bedoeld voor <strong data-start=\"6389\" data-end=\"6433\">analytisch en wetenschappelijk onderzoek<\/strong>, waaronder kalibratie en gecontroleerde testen.<\/p>\n<p data-start=\"6485\" data-end=\"6647\"><strong data-start=\"6485\" data-end=\"6552\">2. Bu peletler laboratuvar d\u0131\u015f\u0131nda kullan\u0131labilir mi?<\/strong><br data-start=\"6552\" data-end=\"6555\" \/>Hay\u0131r. Bu \u00fcr\u00fcnler <strong data-start=\"6580\" data-end=\"6644\">sadece profesyonel laboratuvar ara\u015ft\u0131rmalar\u0131 i\u00e7in tasarlanm\u0131\u015ft\u0131r<\/strong>.<\/p>\n<p data-start=\"6649\" data-end=\"6799\"><strong data-start=\"6649\" data-end=\"6693\">3. Peletler nas\u0131l saklanmal\u0131d\u0131r?<\/strong><br data-start=\"6693\" data-end=\"6696\" \/>Onlar\u0131 kendi <strong data-start=\"6713\" data-end=\"6754\">orijinal, iyi kapat\u0131lm\u0131\u015f ambalaj<\/strong> bir <strong data-start=\"6762\" data-end=\"6796\">serin, kuru ve karanl\u0131k bir yerde<\/strong>.<\/p>\n<h3 data-start=\"6806\" data-end=\"6824\"><strong data-start=\"6810\" data-end=\"6824\">Sorumluluk Reddi<\/strong><\/h3>\n<p data-start=\"6825\" data-end=\"7049\">Bu \u00fcr\u00fcn <strong data-start=\"6840\" data-end=\"6889\">sadece ara\u015ft\u0131rma ama\u00e7l\u0131d\u0131r<\/strong>. <strong data-start=\"6891\" data-end=\"6949\">\u0130nsan veya hayvan t\u00fcketimi i\u00e7in uygun de\u011fildir.<\/strong><br data-start=\"6949\" data-end=\"6952\" \/>Door aankoop bevestigt u dat u voldoet aan alle toepasselijke wet- en veiligheidsvoorschriften.<\/p>\n<p class=\"ds-markdown-paragraph\"><span dir=\"auto\" style=\"vertical-align: inherit;\"><span dir=\"auto\" style=\"vertical-align: inherit;\">, <\/span><\/span><a href=\"https:\/\/researchchemicalshop.eu\/tr\/dukkan\/iboga-ibogaine\/buy-ibogaine-hcl-online\/\"><span dir=\"auto\" style=\"vertical-align: inherit;\"><span dir=\"auto\" style=\"vertical-align: inherit;\">Ibogaine HCL Sat\u0131n Al\u0131n <\/span><\/span><\/a><a href=\"https:\/\/researchchemicalshop.eu\/tr\/dukkan\/iboga-ibogaine\/iboga-root-bark\/\"><span dir=\"auto\" style=\"vertical-align: inherit;\"><span dir=\"auto\" style=\"vertical-align: inherit;\">\u0130boga k\u00f6k\u00fc kabu\u011fu <\/span><\/span><\/a><a href=\"https:\/\/researchchemicalshop.eu\/tr\/dukkan\/lizergamidler\/1cp-lsd\/\"><span dir=\"auto\" style=\"vertical-align: inherit;\"><span dir=\"auto\" style=\"vertical-align: inherit;\">1cP-LSD 150 MCG Art Blotters <\/span><\/span><\/a><a href=\"https:\/\/researchchemicalshop.eu\/tr\/dukkan\/peletler\/o-dsmt-50mg-pellets\/\"><span dir=\"auto\" style=\"vertical-align: inherit;\"><span dir=\"auto\" style=\"vertical-align: inherit;\">O-DSMT 50mg Pelet <\/span><\/span><\/a><a href=\"https:\/\/researchchemicalshop.eu\/tr\/dukkan\/lizergamidler\/1v-lsd-150-mcg-blotters\/\"><span dir=\"auto\" style=\"vertical-align: inherit;\"><span dir=\"auto\" style=\"vertical-align: inherit;\">1V-LSD 150 MCG Blotterlar<\/span><\/span><\/a><\/p>\n<\/li>\n<\/ul>","protected":false},"excerpt":{"rendered":"<h3><span dir=\"auto\" style=\"vertical-align: inherit;\"><span dir=\"auto\" style=\"vertical-align: inherit;\">O-PCE properties<\/span><\/span><\/h3>\n<p><strong><span dir=\"auto\" style=\"vertical-align: inherit;\"><span dir=\"auto\" style=\"vertical-align: inherit;\">Synonym:<\/span><\/span><\/strong><span dir=\"auto\" style=\"vertical-align: inherit;\"><span dir=\"auto\" style=\"vertical-align: inherit;\"> \u00a02\u2032-oxo-PCE, eticyclidone hydrochloride <\/span><\/span><br \/>\n<strong><span dir=\"auto\" style=\"vertical-align: inherit;\"><span dir=\"auto\" style=\"vertical-align: inherit;\">CAS Number:<\/span><\/span><\/strong><span dir=\"auto\" style=\"vertical-align: inherit;\"><span dir=\"auto\" style=\"vertical-align: inherit;\"> \u00a04551-92-2 <\/span><\/span><br \/>\n<strong><span dir=\"auto\" style=\"vertical-align: inherit;\"><span dir=\"auto\" style=\"vertical-align: inherit;\">Formula:<\/span><\/span><\/strong><span dir=\"auto\" style=\"vertical-align: inherit;\"><span dir=\"auto\" style=\"vertical-align: inherit;\"> \u00a02-(ethylamino)-2-phenyl-cyclohexanone hydrochloride <\/span><\/span><br \/>\n<strong><span dir=\"auto\" style=\"vertical-align: inherit;\"><span dir=\"auto\" style=\"vertical-align: inherit;\">Molar mass:<\/span><\/span><\/strong><span dir=\"auto\" style=\"vertical-align: inherit;\"><span dir=\"auto\" style=\"vertical-align: inherit;\"> \u00a0253.8 g\/mol <\/span><\/span><br \/>\n<strong><span dir=\"auto\" style=\"vertical-align: inherit;\"><span dir=\"auto\" style=\"vertical-align: inherit;\">Purity:<\/span><\/span><\/strong><span dir=\"auto\" style=\"vertical-align: inherit;\"><span dir=\"auto\" style=\"vertical-align: inherit;\"> \u00a0&gt;97%<\/span><\/span><\/p>","protected":false},"featured_media":17050,"comment_status":"closed","ping_status":"closed","template":"","meta":[],"product_brand":[23],"product_cat":[98,133,761,71],"product_tag":[22,926,762,134,763,764,765],"class_list":{"0":"post-1613","1":"product","2":"type-product","3":"status-publish","4":"has-post-thumbnail","6":"product_brand-research-chemical","7":"product_cat-arylcyclohexylamines","8":"product_cat-o-pce","9":"product_cat-o-pce-pellets","10":"product_cat-pellets","11":"product_tag-nl","12":"product_tag-o-pce-ervaring","13":"product_tag-o-pce-werking","14":"product_tag-o-pce","15":"product_tag-o-pce-ervaringen","16":"product_tag-o-pce-pellets","17":"product_tag-o-pce-poeder","19":"first","20":"instock","21":"shipping-taxable","22":"purchasable","23":"product-type-variable"},"_links":{"self":[{"href":"https:\/\/researchchemicalshop.eu\/tr\/wp-json\/wp\/v2\/product\/1613","targetHints":{"allow":["GET"]}}],"collection":[{"href":"https:\/\/researchchemicalshop.eu\/tr\/wp-json\/wp\/v2\/product"}],"about":[{"href":"https:\/\/researchchemicalshop.eu\/tr\/wp-json\/wp\/v2\/types\/product"}],"replies":[{"embeddable":true,"href":"https:\/\/researchchemicalshop.eu\/tr\/wp-json\/wp\/v2\/comments?post=1613"}],"version-history":[{"count":3,"href":"https:\/\/researchchemicalshop.eu\/tr\/wp-json\/wp\/v2\/product\/1613\/revisions"}],"predecessor-version":[{"id":16440,"href":"https:\/\/researchchemicalshop.eu\/tr\/wp-json\/wp\/v2\/product\/1613\/revisions\/16440"}],"wp:featuredmedia":[{"embeddable":true,"href":"https:\/\/researchchemicalshop.eu\/tr\/wp-json\/wp\/v2\/media\/17050"}],"wp:attachment":[{"href":"https:\/\/researchchemicalshop.eu\/tr\/wp-json\/wp\/v2\/media?parent=1613"}],"wp:term":[{"taxonomy":"product_brand","embeddable":true,"href":"https:\/\/researchchemicalshop.eu\/tr\/wp-json\/wp\/v2\/product_brand?post=1613"},{"taxonomy":"product_cat","embeddable":true,"href":"https:\/\/researchchemicalshop.eu\/tr\/wp-json\/wp\/v2\/product_cat?post=1613"},{"taxonomy":"product_tag","embeddable":true,"href":"https:\/\/researchchemicalshop.eu\/tr\/wp-json\/wp\/v2\/product_tag?post=1613"}],"curies":[{"name":"wp","href":"https:\/\/api.w.org\/{rel}","templated":true}]}}