{"id":1609,"date":"2026-02-09T11:57:05","date_gmt":"2026-02-09T11:57:05","guid":{"rendered":"https:\/\/researchchemicalshop.eu\/?post_type=product&#038;p=1609"},"modified":"2026-02-28T17:20:39","modified_gmt":"2026-02-28T17:20:39","slug":"flubromazepam","status":"publish","type":"product","link":"https:\/\/researchchemicalshop.eu\/tr\/urun\/flubromazepam\/","title":{"rendered":"Flubromazepam 8 MG Pelet"},"content":{"rendered":"<h3 data-start=\"4025\" data-end=\"4044\"><strong data-start=\"4029\" data-end=\"4044\">Giri\u015f<\/strong><\/h3>\n<p data-start=\"4045\" data-end=\"4302\"><span class=\"___SBox_4905a-ko_ ___SText_1ifhk-ko_\" data-ui-name=\"Link.Text\">flubromazepam kopen<\/span>, Bizim <strong data-start=\"4050\" data-end=\"4076\">8 mg onderzoekspellets<\/strong> i\u00e7in \u00f6zenle geli\u015ftirilmi\u015ftir. <strong data-start=\"4109\" data-end=\"4160\">analytisch, forensisch en laboratoriumonderzoek<\/strong>. <span dir=\"auto\" style=\"vertical-align: inherit;\">Flubromazepam<\/span><br data-start=\"4161\" data-end=\"4164\" \/>Elke pellet wordt geproduceerd onder <strong data-start=\"4201\" data-end=\"4239\">s\u0131k\u0131 laboratuvar ko\u015fullar\u0131<\/strong>, sa\u011flayan <strong data-start=\"4256\" data-end=\"4299\">zuiverheid, consistentie en stabiliteit<\/strong>.<\/p>\n<p data-start=\"4304\" data-end=\"4537\">Deze pellets zijn bedoeld voor professionele onderzoekers en wetenschappelijke instellingen en bieden <strong data-start=\"4406\" data-end=\"4448\">precisie en reproduceerbare resultaten<\/strong>. Ze zijn ideaal voor <strong data-start=\"4470\" data-end=\"4534\">kalibratie, kwantitatieve testen en forensische toepassingen<\/strong>.<\/p>\n<blockquote data-start=\"4538\" data-end=\"4647\">\n<p data-start=\"4540\" data-end=\"4647\">\u26a0\ufe0f <strong data-start=\"4543\" data-end=\"4647\">Sadece laboratuvar kullan\u0131m\u0131 i\u00e7in tasarlanm\u0131\u015ft\u0131r. \u0130nsan veya hayvan t\u00fcketimi i\u00e7in uygun de\u011fildir.<\/strong><\/p>\n<\/blockquote>\n<h3 data-start=\"4654\" data-end=\"4685\"><strong data-start=\"4658\" data-end=\"4685\">Temel \u00f6zellikler<\/strong><\/h3>\n<ul data-start=\"4686\" data-end=\"5205\">\n<li data-start=\"4686\" data-end=\"4756\">\n<p data-start=\"4688\" data-end=\"4756\"><strong data-start=\"4688\" data-end=\"4714\">Y\u00fcksek Safl\u0131k (\u226599%)<\/strong> - Ba\u011f\u0131ms\u0131z olarak test edilmi\u015f ve do\u011frulanm\u0131\u015ft\u0131r.<\/p>\n<\/li>\n<li data-start=\"4757\" data-end=\"4843\">\n<p data-start=\"4759\" data-end=\"4843\"><strong data-start=\"4759\" data-end=\"4800\">Precieze Dosering van 8 mg per Pellet<\/strong> - Tutarl\u0131 ara\u015ft\u0131rma sonu\u00e7lar\u0131 i\u00e7in.<\/p>\n<\/li>\n<li data-start=\"4844\" data-end=\"4927\">\n<p data-start=\"4846\" data-end=\"4927\"><strong data-start=\"4846\" data-end=\"4882\">Stabiele Chemische Samenstelling<\/strong> \u2013 Behoudt integriteit bij correcte opslag.<\/p>\n<\/li>\n<li data-start=\"4928\" data-end=\"5015\">\n<p data-start=\"4930\" data-end=\"5015\"><strong data-start=\"4930\" data-end=\"4979\">Geproduceerd onder Strikte Kwaliteitscontrole<\/strong> \u2013 In gecertificeerde laboratoria.<\/p>\n<\/li>\n<li data-start=\"5016\" data-end=\"5105\">\n<p data-start=\"5018\" data-end=\"5105\"><strong data-start=\"5018\" data-end=\"5045\">Beschermende Verpakking<\/strong> \u2013 Luchtdicht en lichtbestendig voor langdurige kwaliteit.<\/p>\n<\/li>\n<li data-start=\"5106\" data-end=\"5205\">\n<p data-start=\"5108\" data-end=\"5205\"><strong data-start=\"5108\" data-end=\"5141\">Sadece Ara\u015ft\u0131rma Ama\u00e7l\u0131 Kullan\u0131m \u0130\u00e7in<\/strong> \u2013 Ontworpen voor analytische en wetenschappelijke doeleinden. <span dir=\"auto\" style=\"vertical-align: inherit;\">Flubromazepam<\/span><\/p>\n<\/li>\n<\/ul>\n<h3 data-start=\"5212\" data-end=\"5229\"><strong data-start=\"5216\" data-end=\"5229\">Avantajlar<\/strong><\/h3>\n<ul data-start=\"5230\" data-end=\"5643\">\n<li data-start=\"5230\" data-end=\"5314\">\n<p data-start=\"5232\" data-end=\"5314\"><strong data-start=\"5232\" data-end=\"5268\">G\u00fcvenilir Ara\u015ft\u0131rma Sonu\u00e7lar\u0131<\/strong> \u2013 Voor reproduceerbare en nauwkeurige data.<\/p>\n<\/li>\n<li data-start=\"5315\" data-end=\"5392\">\n<p data-start=\"5317\" data-end=\"5392\"><strong data-start=\"5317\" data-end=\"5338\">Uzun \u0130stikrar<\/strong> \u2013 Chemisch stabiel bij juiste opslagomstandigheden.<\/p>\n<\/li>\n<li data-start=\"5393\" data-end=\"5484\">\n<p data-start=\"5395\" data-end=\"5484\"><strong data-start=\"5395\" data-end=\"5419\">Etik Olarak \u00dcretilmi\u015ftir<\/strong> \u2013 Voldoet aan internationale veiligheids- en kwaliteitsnormen.<\/p>\n<\/li>\n<li data-start=\"5485\" data-end=\"5560\">\n<p data-start=\"5487\" data-end=\"5560\"><strong data-start=\"5487\" data-end=\"5510\">Kullan\u0131c\u0131 dostu<\/strong> \u2013 De pelletvorm vermindert besmettingsrisico\u2019s.<\/p>\n<\/li>\n<li data-start=\"5561\" data-end=\"5643\">\n<p data-start=\"5563\" data-end=\"5643\"><strong data-start=\"5563\" data-end=\"5590\">Professionele Kwaliteit<\/strong> \u2013 Voldoet aan analytische laboratoriumstandaarden.<\/p>\n<\/li>\n<\/ul>\n<h3 data-start=\"5650\" data-end=\"5665\"><strong data-start=\"5654\" data-end=\"5665\">Kullan\u0131m<\/strong><\/h3>\n<ol data-start=\"5666\" data-end=\"6092\">\n<li data-start=\"5666\" data-end=\"5767\">\n<p data-start=\"5669\" data-end=\"5767\"><strong data-start=\"5669\" data-end=\"5704\">Sadece laboratuvar kullan\u0131m\u0131 i\u00e7in<\/strong> \u2013 Gebruik uitsluitend binnen erkende onderzoeksfaciliteiten.<\/p>\n<\/li>\n<li data-start=\"5768\" data-end=\"5835\">\n<p data-start=\"5771\" data-end=\"5835\"><strong data-start=\"5771\" data-end=\"5781\">Depolama<\/strong> - \u00dczerinde saklay\u0131n <strong data-start=\"5798\" data-end=\"5832\">serin, kuru ve karanl\u0131k bir yerde<\/strong>.<\/p>\n<\/li>\n<li data-start=\"5836\" data-end=\"5920\">\n<p data-start=\"5839\" data-end=\"5920\"><strong data-start=\"5839\" data-end=\"5856\">G\u00fcvenli \u00e7al\u0131\u015fma<\/strong> \u2013 Draag handschoenen, veiligheidsbril en een laboratoriumjas.<\/p>\n<\/li>\n<li data-start=\"5921\" data-end=\"6002\">\n<p data-start=\"5924\" data-end=\"6002\"><strong data-start=\"5924\" data-end=\"5936\">\u00d6l\u00e7\u00fcmler<\/strong> - Do\u011fru sonu\u00e7lar i\u00e7in kalibre edilmi\u015f ekipman kullan\u0131n.<\/p>\n<\/li>\n<li data-start=\"6003\" data-end=\"6092\">\n<p data-start=\"6006\" data-end=\"6092\"><strong data-start=\"6006\" data-end=\"6033\">G\u00fcvenlik uyar\u0131s\u0131<\/strong> - \u0130nsan veya hayvan t\u00fcketimi i\u00e7in uygun de\u011fildir.<\/p>\n<\/li>\n<\/ol>\n<h3 data-start=\"6099\" data-end=\"6126\"><strong data-start=\"6103\" data-end=\"6126\">S\u0131k\u00e7a Sorulan Sorular<\/strong><\/h3>\n<p data-start=\"6128\" data-end=\"6312\"><strong data-start=\"6128\" data-end=\"6183\">1. Waarvoor worden 8 mg onderzoekspellets gebruikt?<\/strong><br data-start=\"6183\" data-end=\"6186\" \/>\u015eunlar i\u00e7in kullan\u0131l\u0131rlar <strong data-start=\"6210\" data-end=\"6254\">bilimsel ve analitik ara\u015ft\u0131rma<\/strong>, waaronder kalibratie en chemische vergelijkingstesten.<\/p>\n<p data-start=\"6314\" data-end=\"6476\"><strong data-start=\"6314\" data-end=\"6381\">2. Bu peletler laboratuvar d\u0131\u015f\u0131nda kullan\u0131labilir mi?<\/strong><br data-start=\"6381\" data-end=\"6384\" \/>Hay\u0131r. Bu \u00fcr\u00fcnler <strong data-start=\"6409\" data-end=\"6473\">sadece profesyonel laboratuvar ara\u015ft\u0131rmalar\u0131 i\u00e7in tasarlanm\u0131\u015ft\u0131r<\/strong>.<\/p>\n<p data-start=\"6478\" data-end=\"6624\"><strong data-start=\"6478\" data-end=\"6522\">3. Peletler nas\u0131l saklanmal\u0131d\u0131r?<\/strong><br data-start=\"6522\" data-end=\"6525\" \/>Onlar\u0131 kendi <strong data-start=\"6542\" data-end=\"6579\">originele, luchtdichte verpakking<\/strong> bir <strong data-start=\"6587\" data-end=\"6621\">serin, kuru ve karanl\u0131k bir yerde<\/strong>.<\/p>\n<h3 data-start=\"6631\" data-end=\"6649\"><strong data-start=\"6635\" data-end=\"6649\">Sorumluluk Reddi<\/strong><\/h3>\n<p data-start=\"6650\" data-end=\"6882\">Bu \u00fcr\u00fcn <strong data-start=\"6665\" data-end=\"6714\">sadece ara\u015ft\u0131rma ama\u00e7l\u0131d\u0131r<\/strong>. <strong data-start=\"6716\" data-end=\"6774\">\u0130nsan veya hayvan t\u00fcketimi i\u00e7in uygun de\u011fildir.<\/strong><br data-start=\"6774\" data-end=\"6777\" \/>Sat\u0131n alarak, ge\u00e7erli t\u00fcm g\u00fcvenlik ve yasal gerekliliklere uydu\u011funuzu onaylam\u0131\u015f olursunuz.<\/p>\n<p class=\"ds-markdown-paragraph\"><span dir=\"auto\" style=\"vertical-align: inherit;\"><span dir=\"auto\" style=\"vertical-align: inherit;\">, <\/span><\/span><a href=\"https:\/\/researchchemicalshop.eu\/tr\/dukkan\/iboga-ibogaine\/buy-ibogaine-hcl-online\/\"><span dir=\"auto\" style=\"vertical-align: inherit;\"><span dir=\"auto\" style=\"vertical-align: inherit;\">Ibogaine HCL Sat\u0131n Al\u0131n <\/span><\/span><\/a><a href=\"https:\/\/researchchemicalshop.eu\/tr\/dukkan\/iboga-ibogaine\/iboga-root-bark\/\"><span dir=\"auto\" style=\"vertical-align: inherit;\"><span dir=\"auto\" style=\"vertical-align: inherit;\">\u0130boga k\u00f6k\u00fc kabu\u011fu <\/span><\/span><\/a><a href=\"https:\/\/researchchemicalshop.eu\/tr\/dukkan\/peletler\/o-dsmt-50mg-pellets\/\"><span dir=\"auto\" style=\"vertical-align: inherit;\"><span dir=\"auto\" style=\"vertical-align: inherit;\">O-DSMT 50mg Pelet <\/span><\/span><\/a><a href=\"https:\/\/researchchemicalshop.eu\/tr\/dukkan\/lizergamidler\/1vlsd\/\"><span dir=\"auto\" style=\"vertical-align: inherit;\"><span dir=\"auto\" style=\"vertical-align: inherit;\">1V-LSD 150 MCG Blotterlar <\/span><\/span><\/a><a href=\"https:\/\/researchchemicalshop.eu\/tr\/dukkan\/lizergamidler\/1cp-lsd\/\"><span dir=\"auto\" style=\"vertical-align: inherit;\"><span dir=\"auto\" style=\"vertical-align: inherit;\">1cP-LSD 150 MCG Art Blotters<\/span><\/span><\/a><\/p>","protected":false},"excerpt":{"rendered":"<h3><span data-sheets-value=\"{\" data-sheets-userformat=\"{\"><span dir=\"auto\" style=\"vertical-align: inherit;\"><span dir=\"auto\" style=\"vertical-align: inherit;\">Flubromazepam properties<\/span><\/span><\/span><\/h3>\n<p><strong><span dir=\"auto\" style=\"vertical-align: inherit;\"><span dir=\"auto\" style=\"vertical-align: inherit;\">Synonym:<\/span><\/span><\/strong><span dir=\"auto\" style=\"vertical-align: inherit;\"><span dir=\"auto\" style=\"vertical-align: inherit;\"> Flubromazepam <\/span><\/span><br \/>\n<strong><span dir=\"auto\" style=\"vertical-align: inherit;\"><span dir=\"auto\" style=\"vertical-align: inherit;\">CAS Number:<\/span><\/span><\/strong><span dir=\"auto\" style=\"vertical-align: inherit;\"><span dir=\"auto\" style=\"vertical-align: inherit;\"> 2647-50-9 <\/span><\/span><br \/>\n<strong><span dir=\"auto\" style=\"vertical-align: inherit;\"><span dir=\"auto\" style=\"vertical-align: inherit;\">Formula:<\/span><\/span><\/strong><span dir=\"auto\" style=\"vertical-align: inherit;\"><span dir=\"auto\" style=\"vertical-align: inherit;\"> 7-bromo-5-(2-fluorophenyl)-1,3-dihydro-2H-1,4-benzodiazepin-2-one <\/span><\/span><br \/>\n<strong><span dir=\"auto\" style=\"vertical-align: inherit;\"><span dir=\"auto\" style=\"vertical-align: inherit;\">Molar mass:<\/span><\/span><\/strong><span dir=\"auto\" style=\"vertical-align: inherit;\"><span dir=\"auto\" style=\"vertical-align: inherit;\"> 333.2 g\/mol <\/span><\/span><br \/>\n<strong><span dir=\"auto\" style=\"vertical-align: inherit;\"><span dir=\"auto\" style=\"vertical-align: inherit;\">Purity:<\/span><\/span><\/strong><span dir=\"auto\" style=\"vertical-align: inherit;\"><span dir=\"auto\" style=\"vertical-align: inherit;\"> &gt;98%<\/span><\/span><\/p>","protected":false},"featured_media":16990,"comment_status":"closed","ping_status":"closed","template":"","meta":[],"product_brand":[23],"product_cat":[74,153,534,71],"product_tag":[154,155,156,157,932,933,934,158,490,22],"class_list":{"0":"post-1609","1":"product","2":"type-product","3":"status-publish","4":"has-post-thumbnail","6":"product_brand-research-chemical","7":"product_cat-benzodiazepinen","8":"product_cat-flubromazepam","9":"product_cat-flubromazepam-pellets","10":"product_cat-pellets","11":"product_tag-flubromazepam","12":"product_tag-flubromazepam-effects","13":"product_tag-flubromazepam-ervaring","14":"product_tag-flubromazepam-halfwaardetijd","15":"product_tag-flubromazepam-kopen","16":"product_tag-flubromazepam-psychonaut","17":"product_tag-flubromazepam-slapen","18":"product_tag-flubromazepam-werking","19":"product_tag-how-to-test-flubromazepam-pellets","20":"product_tag-nl","22":"first","23":"instock","24":"shipping-taxable","25":"purchasable","26":"product-type-variable"},"_links":{"self":[{"href":"https:\/\/researchchemicalshop.eu\/tr\/wp-json\/wp\/v2\/product\/1609","targetHints":{"allow":["GET"]}}],"collection":[{"href":"https:\/\/researchchemicalshop.eu\/tr\/wp-json\/wp\/v2\/product"}],"about":[{"href":"https:\/\/researchchemicalshop.eu\/tr\/wp-json\/wp\/v2\/types\/product"}],"replies":[{"embeddable":true,"href":"https:\/\/researchchemicalshop.eu\/tr\/wp-json\/wp\/v2\/comments?post=1609"}],"version-history":[{"count":3,"href":"https:\/\/researchchemicalshop.eu\/tr\/wp-json\/wp\/v2\/product\/1609\/revisions"}],"predecessor-version":[{"id":16451,"href":"https:\/\/researchchemicalshop.eu\/tr\/wp-json\/wp\/v2\/product\/1609\/revisions\/16451"}],"wp:featuredmedia":[{"embeddable":true,"href":"https:\/\/researchchemicalshop.eu\/tr\/wp-json\/wp\/v2\/media\/16990"}],"wp:attachment":[{"href":"https:\/\/researchchemicalshop.eu\/tr\/wp-json\/wp\/v2\/media?parent=1609"}],"wp:term":[{"taxonomy":"product_brand","embeddable":true,"href":"https:\/\/researchchemicalshop.eu\/tr\/wp-json\/wp\/v2\/product_brand?post=1609"},{"taxonomy":"product_cat","embeddable":true,"href":"https:\/\/researchchemicalshop.eu\/tr\/wp-json\/wp\/v2\/product_cat?post=1609"},{"taxonomy":"product_tag","embeddable":true,"href":"https:\/\/researchchemicalshop.eu\/tr\/wp-json\/wp\/v2\/product_tag?post=1609"}],"curies":[{"name":"wp","href":"https:\/\/api.w.org\/{rel}","templated":true}]}}