{"id":1608,"date":"2026-02-09T11:57:05","date_gmt":"2026-02-09T11:57:05","guid":{"rendered":"https:\/\/researchchemicalshop.eu\/?post_type=product&#038;p=1608"},"modified":"2026-02-28T17:19:41","modified_gmt":"2026-02-28T17:19:41","slug":"3d-mxe","status":"publish","type":"product","link":"https:\/\/researchchemicalshop.eu\/tr\/urun\/3d-mxe\/","title":{"rendered":"3D MXE"},"content":{"rendered":"<h3 data-start=\"4005\" data-end=\"4024\"><strong data-start=\"4009\" data-end=\"4024\">Giri\u015f<\/strong><\/h3>\n<p data-start=\"4025\" data-end=\"4289\"><span class=\"___SBox_4905a-ko_ ___SText_1ifhk-ko_\" data-ui-name=\"Link.Text\">3d mxe sat\u0131n al<\/span>, Bizim <strong data-start=\"4030\" data-end=\"4057\">40 mg ara\u015ft\u0131rma peletleri<\/strong> i\u00e7in \u00f6zenle geli\u015ftirilmi\u015ftir. <strong data-start=\"4090\" data-end=\"4146\">bilimsel, analitik ve adli ara\u015ft\u0131rmalar<\/strong>.<br data-start=\"4147\" data-end=\"4150\" \/>A\u015fa\u011f\u0131dakiler alt\u0131nda \u00fcretilirler <strong data-start=\"4179\" data-end=\"4217\">s\u0131k\u0131 laboratuvar ko\u015fullar\u0131<\/strong> ve teklif <strong data-start=\"4228\" data-end=\"4286\">do\u011fru, tutarl\u0131 ve tekrarlanabilir sonu\u00e7lar<\/strong>.<\/p>\n<p data-start=\"4291\" data-end=\"4480\">Her pelet \u015funlar\u0131 i\u00e7erir <strong data-start=\"4309\" data-end=\"4339\">40 mg y\u00fcksek safl\u0131kta malzeme<\/strong>, 'ye g\u00f6re \u00fcretilmi\u015ftir. <strong data-start=\"4361\" data-end=\"4397\">kali\u0307te ve g\u00fcvenli\u0307k standartlari<\/strong> i\u00e7in <strong data-start=\"4401\" data-end=\"4447\">safl\u0131k, kararl\u0131l\u0131k ve g\u00fcvenilirlik<\/strong> her kullan\u0131mda garanti.<\/p>\n<blockquote data-start=\"4481\" data-end=\"4590\">\n<p data-start=\"4483\" data-end=\"4590\">\u26a0\ufe0f <strong data-start=\"4486\" data-end=\"4590\">Sadece laboratuvar kullan\u0131m\u0131 i\u00e7in tasarlanm\u0131\u015ft\u0131r. \u0130nsan veya hayvan t\u00fcketimi i\u00e7in uygun de\u011fildir.<\/strong><\/p>\n<\/blockquote>\n<h3 data-start=\"4597\" data-end=\"4628\"><strong data-start=\"4601\" data-end=\"4628\">Temel \u00f6zellikler<\/strong><\/h3>\n<ul data-start=\"4629\" data-end=\"5110\">\n<li data-start=\"4629\" data-end=\"4699\">\n<p data-start=\"4631\" data-end=\"4699\"><strong data-start=\"4631\" data-end=\"4657\">Y\u00fcksek Safl\u0131k (\u226599%)<\/strong> - Ba\u011f\u0131ms\u0131z olarak test edilmi\u015f ve do\u011frulanm\u0131\u015ft\u0131r.<\/p>\n<\/li>\n<li data-start=\"4700\" data-end=\"4785\">\n<p data-start=\"4702\" data-end=\"4785\"><strong data-start=\"4702\" data-end=\"4733\">Hassas 40 mg Dozaj<\/strong> - Do\u011fru ve g\u00fcvenilir analizler yap\u0131lmas\u0131n\u0131 sa\u011flar.<\/p>\n<\/li>\n<li data-start=\"4786\" data-end=\"4858\">\n<p data-start=\"4788\" data-end=\"4858\"><strong data-start=\"4788\" data-end=\"4814\">Kararl\u0131 Bile\u015fim<\/strong> - Uzun s\u00fcreli dayan\u0131kl\u0131l\u0131k i\u00e7in tasarlanm\u0131\u015ft\u0131r.<\/p>\n<\/li>\n<li data-start=\"4859\" data-end=\"4944\">\n<p data-start=\"4861\" data-end=\"4944\"><strong data-start=\"4861\" data-end=\"4886\">Laboratuvar kalitesi<\/strong> - Uluslararas\u0131 kalite standartlar\u0131na g\u00f6re \u00fcretilmi\u015ftir.<\/p>\n<\/li>\n<li data-start=\"4945\" data-end=\"5018\">\n<p data-start=\"4947\" data-end=\"5018\"><strong data-start=\"4947\" data-end=\"4982\">G\u00fcvenli, hava ge\u00e7irmez ambalaj<\/strong> - Neme ve \u0131\u015f\u0131\u011fa kar\u015f\u0131 korur.<\/p>\n<\/li>\n<li data-start=\"5019\" data-end=\"5110\">\n<p data-start=\"5021\" data-end=\"5110\"><strong data-start=\"5021\" data-end=\"5054\">Sadece Ara\u015ft\u0131rma Ama\u00e7l\u0131 Kullan\u0131m \u0130\u00e7in<\/strong> - Profesyonel ve analitik ara\u015ft\u0131rmalar i\u00e7in tasarlanm\u0131\u015ft\u0131r.<\/p>\n<\/li>\n<\/ul>\n<h3 data-start=\"5117\" data-end=\"5134\"><strong data-start=\"5121\" data-end=\"5134\">Avantajlar<\/strong><\/h3>\n<ul data-start=\"5135\" data-end=\"5567\">\n<li data-start=\"5135\" data-end=\"5218\">\n<p data-start=\"5137\" data-end=\"5218\"><strong data-start=\"5137\" data-end=\"5173\">G\u00fcvenilir Ara\u015ft\u0131rma Sonu\u00e7lar\u0131<\/strong> - Tekrarlanan \u00e7al\u0131\u015fmalarda tutarl\u0131 veriler.<\/p>\n<\/li>\n<li data-start=\"5219\" data-end=\"5309\">\n<p data-start=\"5221\" data-end=\"5309\"><strong data-start=\"5221\" data-end=\"5260\">Bilimsel olarak test edilmi\u015f safl\u0131k<\/strong> - Deneyler s\u0131ras\u0131nda varyasyonu en aza indirir.<\/p>\n<\/li>\n<li data-start=\"5310\" data-end=\"5391\">\n<p data-start=\"5312\" data-end=\"5391\"><strong data-start=\"5312\" data-end=\"5338\">Uzun vadeli istikrar<\/strong> - Uygun \u015fekilde depoland\u0131\u011f\u0131nda kimyasal b\u00fct\u00fcnl\u00fc\u011f\u00fcn\u00fc korur.<\/p>\n<\/li>\n<li data-start=\"5392\" data-end=\"5472\">\n<p data-start=\"5394\" data-end=\"5472\"><strong data-start=\"5394\" data-end=\"5423\">Kullan\u0131c\u0131 dostu \u015fekil<\/strong> - Peletler israf\u0131 ve kontaminasyonu \u00f6nler.<\/p>\n<\/li>\n<li data-start=\"5473\" data-end=\"5567\">\n<p data-start=\"5475\" data-end=\"5567\"><strong data-start=\"5475\" data-end=\"5512\">Etik ve Yasal Olarak \u00dcretilmi\u015ftir<\/strong> - Uluslararas\u0131 g\u00fcvenlik y\u00f6nergelerine uygundur.<\/p>\n<\/li>\n<\/ul>\n<h3 data-start=\"5574\" data-end=\"5589\"><strong data-start=\"5578\" data-end=\"5589\">Kullan\u0131m<\/strong><\/h3>\n<ol data-start=\"5590\" data-end=\"6014\">\n<li data-start=\"5590\" data-end=\"5691\">\n<p data-start=\"5593\" data-end=\"5691\"><strong data-start=\"5593\" data-end=\"5628\">Sadece laboratuvar kullan\u0131m\u0131 i\u00e7in<\/strong> - Yaln\u0131zca onayl\u0131 ara\u015ft\u0131rma kurumlar\u0131nda kullan\u0131n.<\/p>\n<\/li>\n<li data-start=\"5692\" data-end=\"5759\">\n<p data-start=\"5695\" data-end=\"5759\"><strong data-start=\"5695\" data-end=\"5705\">Depolama<\/strong> - \u00dczerinde saklay\u0131n <strong data-start=\"5722\" data-end=\"5756\">serin, kuru ve karanl\u0131k bir yerde<\/strong>.<\/p>\n<\/li>\n<li data-start=\"5760\" data-end=\"5842\">\n<p data-start=\"5763\" data-end=\"5842\"><strong data-start=\"5763\" data-end=\"5780\">G\u00fcvenli \u00e7al\u0131\u015fma<\/strong> - Eldiven, laboratuvar \u00f6nl\u00fc\u011f\u00fc ve koruyucu g\u00f6zl\u00fck kullan\u0131n.<\/p>\n<\/li>\n<li data-start=\"5843\" data-end=\"5924\">\n<p data-start=\"5846\" data-end=\"5924\"><strong data-start=\"5846\" data-end=\"5858\">\u00d6l\u00e7\u00fcmler<\/strong> - Do\u011fru sonu\u00e7lar i\u00e7in kalibre edilmi\u015f ekipman kullan\u0131n.<\/p>\n<\/li>\n<li data-start=\"5925\" data-end=\"6014\">\n<p data-start=\"5928\" data-end=\"6014\"><strong data-start=\"5928\" data-end=\"5955\">G\u00fcvenlik uyar\u0131s\u0131<\/strong> - \u0130nsan veya hayvan t\u00fcketimi i\u00e7in uygun de\u011fildir.<\/p>\n<\/li>\n<\/ol>\n<h3 data-start=\"6021\" data-end=\"6048\"><strong data-start=\"6025\" data-end=\"6048\">S\u0131k\u00e7a Sorulan Sorular<\/strong><\/h3>\n<p data-start=\"6050\" data-end=\"6241\"><strong data-start=\"6050\" data-end=\"6106\">1. 40 mg ara\u015ft\u0131rma peletleri ne i\u00e7in kullan\u0131l\u0131r?<\/strong><br data-start=\"6106\" data-end=\"6109\" \/>\u015eunlar i\u00e7in kullan\u0131l\u0131rlar <strong data-start=\"6133\" data-end=\"6177\">bilimsel ve analitik ara\u015ft\u0131rma<\/strong>, Kalibrasyon ve kontroll\u00fc laboratuvar deneyleri gibi.<\/p>\n<p data-start=\"6243\" data-end=\"6405\"><strong data-start=\"6243\" data-end=\"6310\">2. Bu peletler laboratuvar d\u0131\u015f\u0131nda kullan\u0131labilir mi?<\/strong><br data-start=\"6310\" data-end=\"6313\" \/>Hay\u0131r. Bu \u00fcr\u00fcnler <strong data-start=\"6338\" data-end=\"6402\">sadece profesyonel laboratuvar ara\u015ft\u0131rmalar\u0131 i\u00e7in tasarlanm\u0131\u015ft\u0131r<\/strong>.<\/p>\n<p data-start=\"6407\" data-end=\"6557\"><strong data-start=\"6407\" data-end=\"6451\">3. Peletler nas\u0131l saklanmal\u0131d\u0131r?<\/strong><br data-start=\"6451\" data-end=\"6454\" \/>Onlar\u0131 kendi <strong data-start=\"6471\" data-end=\"6512\">orijinal, iyi kapat\u0131lm\u0131\u015f ambalaj<\/strong> bir <strong data-start=\"6520\" data-end=\"6554\">serin, kuru ve karanl\u0131k bir yerde<\/strong>.<\/p>\n<h3 data-start=\"6564\" data-end=\"6582\"><strong data-start=\"6568\" data-end=\"6582\">Sorumluluk Reddi<\/strong><\/h3>\n<p data-start=\"6583\" data-end=\"6815\">Bu \u00fcr\u00fcn <strong data-start=\"6598\" data-end=\"6647\">sadece ara\u015ft\u0131rma ama\u00e7l\u0131d\u0131r<\/strong>. <strong data-start=\"6649\" data-end=\"6707\">\u0130nsan veya hayvan t\u00fcketimi i\u00e7in uygun de\u011fildir.<\/strong><br data-start=\"6707\" data-end=\"6710\" \/>Sat\u0131n alarak, ge\u00e7erli t\u00fcm g\u00fcvenlik ve yasal gerekliliklere uydu\u011funuzu onaylam\u0131\u015f olursunuz.<\/p>\n<h1 class=\"ds-markdown-paragraph\"><a style=\"font-size: 16px;\" href=\"https:\/\/researchchemicalshop.eu\/tr\/dukkan\/lizergamidler\/1vlsd\/\"><span dir=\"auto\" style=\"vertical-align: inherit;\"><span dir=\"auto\" style=\"vertical-align: inherit;\">1V-LSD 150 MCG Blotterlar <\/span><\/span><\/a><a style=\"font-size: 16px;\" href=\"https:\/\/researchchemicalshop.eu\/tr\/dukkan\/peletler\/o-dsmt-50mg-pellets\/\"><span dir=\"auto\" style=\"vertical-align: inherit;\"><span dir=\"auto\" style=\"vertical-align: inherit;\">O-DSMT 50mg Pelet <\/span><\/span><\/a><a style=\"font-size: 16px;\" href=\"https:\/\/researchchemicalshop.eu\/tr\/dukkan\/lizergamidler\/1cp-lsd\/\"><span dir=\"auto\" style=\"vertical-align: inherit;\"><span dir=\"auto\" style=\"vertical-align: inherit;\">1cP-LSD 150 MCG Art Blotters <\/span><\/span><\/a><a style=\"font-size: 16px;\" href=\"https:\/\/researchchemicalshop.eu\/tr\/dukkan\/iboga-ibogaine\/buy-ibogaine-hcl-online\/\"><span dir=\"auto\" style=\"vertical-align: inherit;\"><span dir=\"auto\" style=\"vertical-align: inherit;\">Ibogaine HCL Sat\u0131n Al\u0131n <\/span><\/span><\/a><a style=\"font-size: 16px;\" href=\"https:\/\/researchchemicalshop.eu\/tr\/dukkan\/iboga-ibogaine\/iboga-root-bark\/\"><span dir=\"auto\" style=\"vertical-align: inherit;\"><span dir=\"auto\" style=\"vertical-align: inherit;\">\u0130boga k\u00f6k\u00fc kabu\u011fu<\/span><\/span><\/a><\/h1>","protected":false},"excerpt":{"rendered":"<h3><span dir=\"auto\" style=\"vertical-align: inherit;\"><span dir=\"auto\" style=\"vertical-align: inherit;\">3D-MXE properties<\/span><\/span><\/h3>\n<p><strong><span dir=\"auto\" style=\"vertical-align: inherit;\"><span dir=\"auto\" style=\"vertical-align: inherit;\">Synonym:<\/span><\/span><\/strong><span dir=\"auto\" style=\"vertical-align: inherit;\"><span dir=\"auto\" style=\"vertical-align: inherit;\"> Deoksimetoksetamin <\/span><\/span><br \/>\n<strong><span dir=\"auto\" style=\"vertical-align: inherit;\"><span dir=\"auto\" style=\"vertical-align: inherit;\">CAS Number:<\/span><\/span><\/strong><span dir=\"auto\" style=\"vertical-align: inherit;\"><span dir=\"auto\" style=\"vertical-align: inherit;\"> 681440-83-5 <\/span><\/span><br \/>\n<strong><span dir=\"auto\" style=\"vertical-align: inherit;\"><span dir=\"auto\" style=\"vertical-align: inherit;\">Formula:<\/span><\/span><\/strong><span dir=\"auto\" style=\"vertical-align: inherit;\"><span dir=\"auto\" style=\"vertical-align: inherit;\"> 5-dehydro-1,3-quinodimethane <\/span><\/span><br \/>\n<strong><span dir=\"auto\" style=\"vertical-align: inherit;\"><span dir=\"auto\" style=\"vertical-align: inherit;\">Molar mass:<\/span><\/span><\/strong><span dir=\"auto\" style=\"vertical-align: inherit;\"><span dir=\"auto\" style=\"vertical-align: inherit;\"> 103.14 g\/mol <\/span><\/span><br \/>\n<strong><span dir=\"auto\" style=\"vertical-align: inherit;\"><span dir=\"auto\" style=\"vertical-align: inherit;\">Purity:<\/span><\/span><\/strong><span dir=\"auto\" style=\"vertical-align: inherit;\"><span dir=\"auto\" style=\"vertical-align: inherit;\"> &gt;97%<\/span><\/span><\/p>","protected":false},"featured_media":16856,"comment_status":"closed","ping_status":"closed","template":"","meta":[],"product_brand":[],"product_cat":[98,122,176,71],"product_tag":[756,757,22],"class_list":{"0":"post-1608","1":"product","2":"type-product","3":"status-publish","4":"has-post-thumbnail","6":"product_cat-arylcyclohexylamines","7":"product_cat-dmxe","8":"product_cat-dmxe-pellets","9":"product_cat-pellets","10":"product_tag-3d-mxe","11":"product_tag-3d-mxe-kopen","12":"product_tag-nl","14":"first","15":"instock","16":"shipping-taxable","17":"purchasable","18":"product-type-variable"},"_links":{"self":[{"href":"https:\/\/researchchemicalshop.eu\/tr\/wp-json\/wp\/v2\/product\/1608","targetHints":{"allow":["GET"]}}],"collection":[{"href":"https:\/\/researchchemicalshop.eu\/tr\/wp-json\/wp\/v2\/product"}],"about":[{"href":"https:\/\/researchchemicalshop.eu\/tr\/wp-json\/wp\/v2\/types\/product"}],"replies":[{"embeddable":true,"href":"https:\/\/researchchemicalshop.eu\/tr\/wp-json\/wp\/v2\/comments?post=1608"}],"version-history":[{"count":4,"href":"https:\/\/researchchemicalshop.eu\/tr\/wp-json\/wp\/v2\/product\/1608\/revisions"}],"predecessor-version":[{"id":16464,"href":"https:\/\/researchchemicalshop.eu\/tr\/wp-json\/wp\/v2\/product\/1608\/revisions\/16464"}],"wp:featuredmedia":[{"embeddable":true,"href":"https:\/\/researchchemicalshop.eu\/tr\/wp-json\/wp\/v2\/media\/16856"}],"wp:attachment":[{"href":"https:\/\/researchchemicalshop.eu\/tr\/wp-json\/wp\/v2\/media?parent=1608"}],"wp:term":[{"taxonomy":"product_brand","embeddable":true,"href":"https:\/\/researchchemicalshop.eu\/tr\/wp-json\/wp\/v2\/product_brand?post=1608"},{"taxonomy":"product_cat","embeddable":true,"href":"https:\/\/researchchemicalshop.eu\/tr\/wp-json\/wp\/v2\/product_cat?post=1608"},{"taxonomy":"product_tag","embeddable":true,"href":"https:\/\/researchchemicalshop.eu\/tr\/wp-json\/wp\/v2\/product_tag?post=1608"}],"curies":[{"name":"wp","href":"https:\/\/api.w.org\/{rel}","templated":true}]}}