{"id":1602,"date":"2026-02-09T11:57:05","date_gmt":"2026-02-09T11:57:05","guid":{"rendered":"https:\/\/researchchemicalshop.eu\/?post_type=product&#038;p=1602"},"modified":"2026-02-28T15:21:35","modified_gmt":"2026-02-28T15:21:35","slug":"2-fea","status":"publish","type":"product","link":"https:\/\/researchchemicalshop.eu\/tr\/urun\/2-fea\/","title":{"rendered":"2 FEA 60 MG Pelet"},"content":{"rendered":"<h3 data-start=\"3989\" data-end=\"4008\"><strong data-start=\"3993\" data-end=\"4008\">Giri\u015f<\/strong><\/h3>\n<p data-start=\"4009\" data-end=\"4295\"><span class=\"___SBox_4905a-ko_ ___SText_1ifhk-ko_\" data-ui-name=\"Link.Text\">2 fea<\/span>, Bizim <strong data-start=\"4014\" data-end=\"4041\">60 mg onderzoekspellets<\/strong> i\u00e7in \u00f6zenle geli\u015ftirilmi\u015ftir. <strong data-start=\"4074\" data-end=\"4130\">wetenschappelijk, forensisch en analytisch onderzoek<\/strong>. <span dir=\"auto\" style=\"vertical-align: inherit;\">2-FEA<\/span><br data-start=\"4131\" data-end=\"4134\" \/>Her bir pelet a\u015fa\u011f\u0131daki ko\u015fullar alt\u0131nda \u00fcretilir <strong data-start=\"4170\" data-end=\"4208\">s\u0131k\u0131 laboratuvar ko\u015fullar\u0131<\/strong>, sa\u011flayan <strong data-start=\"4225\" data-end=\"4292\">chemische stabiliteit, zuiverheid en reproduceerbare resultaten<\/strong>.<\/p>\n<p data-start=\"4297\" data-end=\"4394\">Ze zijn geschikt voor <strong data-start=\"4319\" data-end=\"4391\">analytische kalibratie, validatie en vergelijkend chemisch onderzoek<\/strong>.<\/p>\n<blockquote data-start=\"4396\" data-end=\"4505\">\n<p data-start=\"4398\" data-end=\"4505\">\u26a0\ufe0f <strong data-start=\"4401\" data-end=\"4505\">Sadece laboratuvar kullan\u0131m\u0131 i\u00e7in tasarlanm\u0131\u015ft\u0131r. \u0130nsan veya hayvan t\u00fcketimi i\u00e7in uygun de\u011fildir.<\/strong><\/p>\n<\/blockquote>\n<h3 data-start=\"4512\" data-end=\"4543\"><strong data-start=\"4516\" data-end=\"4543\">Temel \u00f6zellikler<\/strong><\/h3>\n<ul data-start=\"4544\" data-end=\"5057\">\n<li data-start=\"4544\" data-end=\"4614\">\n<p data-start=\"4546\" data-end=\"4614\"><strong data-start=\"4546\" data-end=\"4572\">Y\u00fcksek Safl\u0131k (\u226599%)<\/strong> - Ba\u011f\u0131ms\u0131z olarak test edilmi\u015f ve do\u011frulanm\u0131\u015ft\u0131r.<\/p>\n<\/li>\n<li data-start=\"4615\" data-end=\"4700\">\n<p data-start=\"4617\" data-end=\"4700\"><strong data-start=\"4617\" data-end=\"4648\">Precieze Dosering van 60 mg<\/strong> \u2013 Voor betrouwbare en reproduceerbare resultaten.<\/p>\n<\/li>\n<li data-start=\"4701\" data-end=\"4784\">\n<p data-start=\"4703\" data-end=\"4784\"><strong data-start=\"4703\" data-end=\"4739\">Stabiele Chemische Samenstelling<\/strong> \u2013 Behoudt integriteit bij correcte opslag.<\/p>\n<\/li>\n<li data-start=\"4785\" data-end=\"4871\">\n<p data-start=\"4787\" data-end=\"4871\"><strong data-start=\"4787\" data-end=\"4812\">Laboratuvar kalitesi<\/strong> - Uluslararas\u0131 g\u00fcvenlik standartlar\u0131na g\u00f6re \u00fcretilmi\u015ftir.<\/p>\n<\/li>\n<li data-start=\"4872\" data-end=\"4951\">\n<p data-start=\"4874\" data-end=\"4951\"><strong data-start=\"4874\" data-end=\"4901\">Beschermende Verpakking<\/strong> - Hava ge\u00e7irmez, neme dayan\u0131kl\u0131 ve \u0131\u015f\u0131k ge\u00e7irmez.<\/p>\n<\/li>\n<li data-start=\"4952\" data-end=\"5057\">\n<p data-start=\"4954\" data-end=\"5057\"><strong data-start=\"4954\" data-end=\"4991\">Alleen voor Professioneel Gebruik<\/strong> \u2013 Ontworpen voor erkende laboratoria en onderzoeksinstellingen.<\/p>\n<\/li>\n<\/ul>\n<h3 data-start=\"5064\" data-end=\"5081\"><strong data-start=\"5068\" data-end=\"5081\">Avantajlar<\/strong><\/h3>\n<ul data-start=\"5082\" data-end=\"5516\">\n<li data-start=\"5082\" data-end=\"5166\">\n<p data-start=\"5084\" data-end=\"5166\"><strong data-start=\"5084\" data-end=\"5120\">Consistente Onderzoeksresultaten<\/strong> \u2013 Voor nauwkeurige en reproduceerbare data.<\/p>\n<\/li>\n<li data-start=\"5167\" data-end=\"5272\">\n<p data-start=\"5169\" data-end=\"5272\"><strong data-start=\"5169\" data-end=\"5207\">Wetenschappelijk Geteste Kwaliteit<\/strong> - Her parti safl\u0131k ve stabilite a\u00e7\u0131s\u0131ndan kontrol edilir.<\/p>\n<\/li>\n<li data-start=\"5273\" data-end=\"5341\">\n<p data-start=\"5275\" data-end=\"5341\"><strong data-start=\"5275\" data-end=\"5301\">Uzun vadeli istikrar<\/strong> \u2013 Chemisch stabiel bij juiste opslag.<\/p>\n<\/li>\n<li data-start=\"5342\" data-end=\"5434\">\n<p data-start=\"5344\" data-end=\"5434\"><strong data-start=\"5344\" data-end=\"5368\">Etik Olarak \u00dcretilmi\u015ftir<\/strong> \u2013 In overeenstemming met internationale veiligheidsrichtlijnen.<\/p>\n<\/li>\n<li data-start=\"5435\" data-end=\"5516\">\n<p data-start=\"5437\" data-end=\"5516\"><strong data-start=\"5437\" data-end=\"5466\">Kullan\u0131c\u0131 dostu \u015fekil<\/strong> \u2013 Pellets verminderen risico\u2019s op contaminatie.<\/p>\n<\/li>\n<\/ul>\n<h3 data-start=\"5523\" data-end=\"5538\"><strong data-start=\"5527\" data-end=\"5538\">Kullan\u0131m<\/strong><\/h3>\n<ol data-start=\"5539\" data-end=\"5950\">\n<li data-start=\"5539\" data-end=\"5640\">\n<p data-start=\"5542\" data-end=\"5640\"><strong data-start=\"5542\" data-end=\"5577\">Sadece laboratuvar kullan\u0131m\u0131 i\u00e7in<\/strong> - Yaln\u0131zca onayl\u0131 ara\u015ft\u0131rma kurumlar\u0131nda kullan\u0131n.<\/p>\n<\/li>\n<li data-start=\"5641\" data-end=\"5708\">\n<p data-start=\"5644\" data-end=\"5708\"><strong data-start=\"5644\" data-end=\"5654\">Depolama<\/strong> - \u00dczerinde saklay\u0131n <strong data-start=\"5671\" data-end=\"5705\">serin, kuru ve karanl\u0131k bir yerde<\/strong>.<\/p>\n<\/li>\n<li data-start=\"5709\" data-end=\"5791\">\n<p data-start=\"5712\" data-end=\"5791\"><strong data-start=\"5712\" data-end=\"5729\">G\u00fcvenli \u00e7al\u0131\u015fma<\/strong> - Eldiven, laboratuvar \u00f6nl\u00fc\u011f\u00fc ve koruyucu g\u00f6zl\u00fck kullan\u0131n.<\/p>\n<\/li>\n<li data-start=\"5792\" data-end=\"5871\">\n<p data-start=\"5795\" data-end=\"5871\"><strong data-start=\"5795\" data-end=\"5807\">\u00d6l\u00e7\u00fcmler<\/strong> - Do\u011fru analizler i\u00e7in kalibre edilmi\u015f ekipman kullan\u0131n.<\/p>\n<\/li>\n<li data-start=\"5872\" data-end=\"5950\">\n<p data-start=\"5875\" data-end=\"5950\"><strong data-start=\"5875\" data-end=\"5891\">Waarschuwing<\/strong> - \u0130nsan veya hayvan t\u00fcketimi i\u00e7in uygun de\u011fildir.<\/p>\n<\/li>\n<\/ol>\n<h3 data-start=\"5957\" data-end=\"5984\"><strong data-start=\"5961\" data-end=\"5984\">S\u0131k\u00e7a Sorulan Sorular<\/strong><\/h3>\n<p data-start=\"5986\" data-end=\"6181\"><strong data-start=\"5986\" data-end=\"6042\">1. Waarvoor worden 60 mg onderzoekspellets gebruikt?<\/strong><br data-start=\"6042\" data-end=\"6045\" \/>\u015eunlar i\u00e7in kullan\u0131l\u0131rlar <strong data-start=\"6069\" data-end=\"6113\">bilimsel ve analitik ara\u015ft\u0131rma<\/strong>, waaronder kalibratie en gecontroleerde laboratoriumexperimenten.<\/p>\n<p data-start=\"6183\" data-end=\"6345\"><strong data-start=\"6183\" data-end=\"6250\">2. Bu peletler laboratuvar d\u0131\u015f\u0131nda kullan\u0131labilir mi?<\/strong><br data-start=\"6250\" data-end=\"6253\" \/>Hay\u0131r. Bu \u00fcr\u00fcnler <strong data-start=\"6278\" data-end=\"6342\">sadece profesyonel laboratuvar ara\u015ft\u0131rmalar\u0131 i\u00e7in tasarlanm\u0131\u015ft\u0131r<\/strong>.<\/p>\n<p data-start=\"6347\" data-end=\"6493\"><strong data-start=\"6347\" data-end=\"6391\">3. Peletler nas\u0131l saklanmal\u0131d\u0131r?<\/strong><br data-start=\"6391\" data-end=\"6394\" \/>Onlar\u0131 kendi <strong data-start=\"6411\" data-end=\"6448\">originele, luchtdichte verpakking<\/strong> bir <strong data-start=\"6456\" data-end=\"6490\">serin, kuru ve karanl\u0131k bir yerde<\/strong>.<\/p>\n<h3 data-start=\"6500\" data-end=\"6518\"><strong data-start=\"6504\" data-end=\"6518\">Sorumluluk Reddi<\/strong><\/h3>\n<p data-start=\"6519\" data-end=\"6751\">Bu \u00fcr\u00fcn <strong data-start=\"6534\" data-end=\"6583\">sadece ara\u015ft\u0131rma ama\u00e7l\u0131d\u0131r<\/strong>. <strong data-start=\"6585\" data-end=\"6643\">\u0130nsan veya hayvan t\u00fcketimi i\u00e7in uygun de\u011fildir.<\/strong><br data-start=\"6643\" data-end=\"6646\" \/>Sat\u0131n alarak, ge\u00e7erli t\u00fcm g\u00fcvenlik ve yasal gerekliliklere uydu\u011funuzu onaylam\u0131\u015f olursunuz.<\/p>\n<h3><strong><span dir=\"auto\" style=\"vertical-align: inherit;\"><span dir=\"auto\" style=\"vertical-align: inherit;\">2-FEA 60 MG Pellets \u2013 Stimulant Research Chemical for Scientific Research<\/span><\/span><\/strong><\/h3>\n<h4><strong><span dir=\"auto\" style=\"vertical-align: inherit;\"><span dir=\"auto\" style=\"vertical-align: inherit;\">What is 2-FEA?<\/span><\/span><\/strong><\/h4>\n<p class=\"ds-markdown-paragraph\"><span dir=\"auto\" style=\"vertical-align: inherit;\"><span dir=\"auto\" style=\"vertical-align: inherit;\">2-FEA (2-Fluoroethamphetamine) is a research chemical in the amphetamine family, known for its\u00a0 <\/span><\/span><strong><span dir=\"auto\" style=\"vertical-align: inherit;\"><span dir=\"auto\" style=\"vertical-align: inherit;\">stimulating and mild empathogenic properties<\/span><\/span><\/strong><span dir=\"auto\" style=\"vertical-align: inherit;\"><span dir=\"auto\" style=\"vertical-align: inherit;\"> . This substance is intended for\u00a0 <\/span><\/span><strong><span dir=\"auto\" style=\"vertical-align: inherit;\"><span dir=\"auto\" style=\"vertical-align: inherit;\">scientific analysis<\/span><\/span><\/strong><span dir=\"auto\" style=\"vertical-align: inherit;\"><span dir=\"auto\" style=\"vertical-align: inherit;\"> only \u00a0and is not endorsed for human use.<\/span><\/span><\/p>\n<p class=\"ds-markdown-paragraph\"><span dir=\"auto\" style=\"vertical-align: inherit;\"><span dir=\"auto\" style=\"vertical-align: inherit;\">Bizim\u00a0 <\/span><\/span><strong><span dir=\"auto\" style=\"vertical-align: inherit;\"><span dir=\"auto\" style=\"vertical-align: inherit;\">2-FEA 60 MG pellets<\/span><\/span><\/strong><span dir=\"auto\" style=\"vertical-align: inherit;\"><span dir=\"auto\" style=\"vertical-align: inherit;\"> \u00a0provide\u00a0 <\/span><\/span><strong><span dir=\"auto\" style=\"vertical-align: inherit;\"><span dir=\"auto\" style=\"vertical-align: inherit;\">precise dosing<\/span><\/span><\/strong><span dir=\"auto\" style=\"vertical-align: inherit;\"><span dir=\"auto\" style=\"vertical-align: inherit;\"> , ideal for controlled laboratory experiments and pharmacological research.<\/span><\/span><\/p>\n<h3><strong><span dir=\"auto\" style=\"vertical-align: inherit;\"><span dir=\"auto\" style=\"vertical-align: inherit;\">\u00dcr\u00fcn \u00f6zellikleri:<\/span><\/span><\/strong><\/h3>\n<p class=\"ds-markdown-paragraph\">\u2705\u00a0<strong><span dir=\"auto\" style=\"vertical-align: inherit;\"><span dir=\"auto\" style=\"vertical-align: inherit;\">Y\u00fcksek Safl\u0131k<\/span><\/span><\/strong><span dir=\"auto\" style=\"vertical-align: inherit;\"><span dir=\"auto\" style=\"vertical-align: inherit;\"> \u00a0- G\u00fcvenilir ara\u015ft\u0131rma sonu\u00e7lar\u0131 i\u00e7in optimize edilmi\u015ftir. <\/span><\/span><br \/>\n\u2705\u00a0<strong><span dir=\"auto\" style=\"vertical-align: inherit;\"><span dir=\"auto\" style=\"vertical-align: inherit;\">Precision Dosage<\/span><\/span><\/strong><span dir=\"auto\" style=\"vertical-align: inherit;\"><span dir=\"auto\" style=\"vertical-align: inherit;\"> \u00a0- Her pelet tam olarak \u015funlar\u0131 i\u00e7erir\u00a0 <\/span><\/span><strong><span dir=\"auto\" style=\"vertical-align: inherit;\"><span dir=\"auto\" style=\"vertical-align: inherit;\">60 mg of 2-FEA<\/span><\/span><\/strong><span dir=\"auto\" style=\"vertical-align: inherit;\"><span dir=\"auto\" style=\"vertical-align: inherit;\"> . <\/span><\/span><br \/>\n\u2705\u00a0<strong><span dir=\"auto\" style=\"vertical-align: inherit;\"><span dir=\"auto\" style=\"vertical-align: inherit;\">Quality Assured<\/span><\/span><\/strong><span dir=\"auto\" style=\"vertical-align: inherit;\"><span dir=\"auto\" style=\"vertical-align: inherit;\"> \u00a0\u2013 Manufactured under strict laboratory conditions. <\/span><\/span><br \/>\n\u2705\u00a0<strong><span dir=\"auto\" style=\"vertical-align: inherit;\"><span dir=\"auto\" style=\"vertical-align: inherit;\">Consistent Composition<\/span><\/span><\/strong><span dir=\"auto\" style=\"vertical-align: inherit;\"><span dir=\"auto\" style=\"vertical-align: inherit;\"> \u00a0\u2013 Suitable for repeatable experiments.<\/span><\/span><\/p>\n<h3><strong><span dir=\"auto\" style=\"vertical-align: inherit;\"><span dir=\"auto\" style=\"vertical-align: inherit;\">Possible Applications in Research:<\/span><\/span><\/strong><\/h3>\n<ul>\n<li>\n<p class=\"ds-markdown-paragraph\"><strong><span dir=\"auto\" style=\"vertical-align: inherit;\"><span dir=\"auto\" style=\"vertical-align: inherit;\">Neurochemical studies<\/span><\/span><\/strong><span dir=\"auto\" style=\"vertical-align: inherit;\"><span dir=\"auto\" style=\"vertical-align: inherit;\"> \u00a0\u2013 Effects on dopamine and noradrenaline systems.<\/span><\/span><\/p>\n<\/li>\n<li>\n<p class=\"ds-markdown-paragraph\"><strong><span dir=\"auto\" style=\"vertical-align: inherit;\"><span dir=\"auto\" style=\"vertical-align: inherit;\">Behavioural experiments<\/span><\/span><\/strong><span dir=\"auto\" style=\"vertical-align: inherit;\"><span dir=\"auto\" style=\"vertical-align: inherit;\"> \u00a0\u2013 Influence on motor activity and alertness.<\/span><\/span><\/p>\n<\/li>\n<li>\n<p class=\"ds-markdown-paragraph\"><strong><span dir=\"auto\" style=\"vertical-align: inherit;\"><span dir=\"auto\" style=\"vertical-align: inherit;\">Comparative pharmacology<\/span><\/span><\/strong><span dir=\"auto\" style=\"vertical-align: inherit;\"><span dir=\"auto\" style=\"vertical-align: inherit;\"> \u00a0\u2013 Analysis in relation to related amphetamine derivatives (e.g., 3-FEA, 4-FA).<\/span><\/span><\/p>\n<\/li>\n<\/ul>\n<h3><strong><span dir=\"auto\" style=\"vertical-align: inherit;\"><span dir=\"auto\" style=\"vertical-align: inherit;\">Safety Information &amp; Usage Guidelines:<\/span><\/span><\/strong><\/h3>\n<p class=\"ds-markdown-paragraph\">\u26a0\u00a0<strong><span dir=\"auto\" style=\"vertical-align: inherit;\"><span dir=\"auto\" style=\"vertical-align: inherit;\">For research use only<\/span><\/span><\/strong><span dir=\"auto\" style=\"vertical-align: inherit;\"><span dir=\"auto\" style=\"vertical-align: inherit;\"> \u00a0\u2013 Not suitable for human consumption. <\/span><\/span><br \/>\n\u26a0\u00a0<strong><span dir=\"auto\" style=\"vertical-align: inherit;\"><span dir=\"auto\" style=\"vertical-align: inherit;\">Recommended dosage for research:<\/span><\/span><\/strong><\/p>\n<ul>\n<li>\n<p class=\"ds-markdown-paragraph\"><strong><span dir=\"auto\" style=\"vertical-align: inherit;\"><span dir=\"auto\" style=\"vertical-align: inherit;\">60 mg<\/span><\/span><\/strong><span dir=\"auto\" style=\"vertical-align: inherit;\"><span dir=\"auto\" style=\"vertical-align: inherit;\"> \u00a0is a\u00a0 <\/span><\/span><strong><span dir=\"auto\" style=\"vertical-align: inherit;\"><span dir=\"auto\" style=\"vertical-align: inherit;\">medium dose<\/span><\/span><\/strong><span dir=\"auto\" style=\"vertical-align: inherit;\"><span dir=\"auto\" style=\"vertical-align: inherit;\"> ; lower doses (20-40 mg) may be considered for preliminary testing.<\/span><\/span><\/p>\n<\/li>\n<li>\n<p class=\"ds-markdown-paragraph\"><span dir=\"auto\" style=\"vertical-align: inherit;\"><span dir=\"auto\" style=\"vertical-align: inherit;\">Avoid combination with\u00a0 <\/span><\/span><strong><span dir=\"auto\" style=\"vertical-align: inherit;\"><span dir=\"auto\" style=\"vertical-align: inherit;\">MAOIs, SSRIs or other stimulants<\/span><\/span><\/strong><span dir=\"auto\" style=\"vertical-align: inherit;\"><span dir=\"auto\" style=\"vertical-align: inherit;\"> .<\/span><\/span><\/p>\n<\/li>\n<li>\n<p class=\"ds-markdown-paragraph\"><strong><span dir=\"auto\" style=\"vertical-align: inherit;\"><span dir=\"auto\" style=\"vertical-align: inherit;\">Always test<\/span><\/span><\/strong><span dir=\"auto\" style=\"vertical-align: inherit;\"><span dir=\"auto\" style=\"vertical-align: inherit;\"> \u00a0\u2013 Use reagent kits (Marquis, Mecke) to verify purity. <\/span><\/span><br \/>\n\u26a0\u00a0<strong><span dir=\"auto\" style=\"vertical-align: inherit;\"><span dir=\"auto\" style=\"vertical-align: inherit;\">Storage advice<\/span><\/span><\/strong><span dir=\"auto\" style=\"vertical-align: inherit;\"><span dir=\"auto\" style=\"vertical-align: inherit;\"> \u00a0\u2013 Store in a\u00a0 <\/span><\/span><strong><span dir=\"auto\" style=\"vertical-align: inherit;\"><span dir=\"auto\" style=\"vertical-align: inherit;\">cool, dry place<\/span><\/span><\/strong><span dir=\"auto\" style=\"vertical-align: inherit;\"><span dir=\"auto\" style=\"vertical-align: inherit;\"> , out of direct sunlight.<\/span><\/span><\/p>\n<\/li>\n<\/ul>\n<h3><strong><span dir=\"auto\" style=\"vertical-align: inherit;\"><span dir=\"auto\" style=\"vertical-align: inherit;\">Legal Status:<\/span><\/span><\/strong><\/h3>\n<ul>\n<li>\n<p class=\"ds-markdown-paragraph\"><strong><span dir=\"auto\" style=\"vertical-align: inherit;\"><span dir=\"auto\" style=\"vertical-align: inherit;\">2-FEA is an unregistered NPS (New Psychoactive Substance)<\/span><\/span><\/strong><span dir=\"auto\" style=\"vertical-align: inherit;\"><span dir=\"auto\" style=\"vertical-align: inherit;\"> in some countries\u00a0 <\/span><span dir=\"auto\" style=\"vertical-align: inherit;\">.<\/span><\/span><\/p>\n<\/li>\n<li>\n<p class=\"ds-markdown-paragraph\"><strong><span dir=\"auto\" style=\"vertical-align: inherit;\"><span dir=\"auto\" style=\"vertical-align: inherit;\">Not legal for recreational use<\/span><\/span><\/strong><span dir=\"auto\" style=\"vertical-align: inherit;\"><span dir=\"auto\" style=\"vertical-align: inherit;\"> \u00a0\u2013 Only for scientific institutions with proper permits.<\/span><\/span><\/p>\n<\/li>\n<\/ul>\n<h3><strong><span dir=\"auto\" style=\"vertical-align: inherit;\"><span dir=\"auto\" style=\"vertical-align: inherit;\">Why Buy Our 2-FEA Pellets?<\/span><\/span><\/strong><\/h3>\n<p class=\"ds-markdown-paragraph\">\ud83d\udd2c\u00a0<strong><span dir=\"auto\" style=\"vertical-align: inherit;\"><span dir=\"auto\" style=\"vertical-align: inherit;\">Advanced quality control<\/span><\/span><\/strong><span dir=\"auto\" style=\"vertical-align: inherit;\"><span dir=\"auto\" style=\"vertical-align: inherit;\"> \u00a0\u2013 HPLC\/MS analysis. <\/span><\/span><br \/>\n\ud83d\udce6\u00a0<strong><span dir=\"auto\" style=\"vertical-align: inherit;\"><span dir=\"auto\" style=\"vertical-align: inherit;\">Secure and discreet shipping<\/span><\/span><\/strong><span dir=\"auto\" style=\"vertical-align: inherit;\"><span dir=\"auto\" style=\"vertical-align: inherit;\"> \u00a0\u2013 Tracking available. <\/span><\/span><br \/>\n\ud83d\udcda\u00a0<strong><span dir=\"auto\" style=\"vertical-align: inherit;\"><span dir=\"auto\" style=\"vertical-align: inherit;\">Scientific support<\/span><\/span><\/strong><span dir=\"auto\" style=\"vertical-align: inherit;\"><span dir=\"auto\" style=\"vertical-align: inherit;\"> \u00a0\u2013 MSDS (Safety Data Sheet) available upon request.<\/span><\/span><\/p>\n<p class=\"ds-markdown-paragraph\"><strong><span dir=\"auto\" style=\"vertical-align: inherit;\"><span dir=\"auto\" style=\"vertical-align: inherit;\">Important note:<\/span><\/span><\/strong><br \/>\n<span dir=\"auto\" style=\"vertical-align: inherit;\"><span dir=\"auto\" style=\"vertical-align: inherit;\"> This product is\u00a0 <\/span><\/span><strong><span dir=\"auto\" style=\"vertical-align: inherit;\"><span dir=\"auto\" style=\"vertical-align: inherit;\">intended for research laboratories only<\/span><\/span><\/strong><span dir=\"auto\" style=\"vertical-align: inherit;\"><span dir=\"auto\" style=\"vertical-align: inherit;\"> \u00a0and not for private experimentation.<\/span><\/span><\/p>","protected":false},"excerpt":{"rendered":"<h2><span dir=\"auto\" style=\"vertical-align: inherit;\"><span dir=\"auto\" style=\"vertical-align: inherit;\">2-FEA pellets properties<\/span><\/span><\/h2>\n<p><strong><span dir=\"auto\" style=\"vertical-align: inherit;\"><span dir=\"auto\" style=\"vertical-align: inherit;\">Synonym<\/span><\/span><\/strong><span dir=\"auto\" style=\"vertical-align: inherit;\"><span dir=\"auto\" style=\"vertical-align: inherit;\"> : <\/span><\/span><i><span dir=\"auto\" style=\"vertical-align: inherit;\"><span dir=\"auto\" style=\"vertical-align: inherit;\">2-Fluorethamphetamine <\/span><\/span><\/i><br \/>\n<strong><span dir=\"auto\" style=\"vertical-align: inherit;\"><span dir=\"auto\" style=\"vertical-align: inherit;\">CAS Number<\/span><\/span><\/strong><span dir=\"auto\" style=\"vertical-align: inherit;\"><span dir=\"auto\" style=\"vertical-align: inherit;\"> : 0460-08-02 <\/span><\/span><br \/>\n<strong><span dir=\"auto\" style=\"vertical-align: inherit;\"><span dir=\"auto\" style=\"vertical-align: inherit;\">Formula<\/span><\/span><\/strong><span dir=\"auto\" style=\"vertical-align: inherit;\"><span dir=\"auto\" style=\"vertical-align: inherit;\"> : <\/span><\/span><br \/>\n<strong><span dir=\"auto\" style=\"vertical-align: inherit;\"><span dir=\"auto\" style=\"vertical-align: inherit;\">Molar mass<\/span><\/span><\/strong><span dir=\"auto\" style=\"vertical-align: inherit;\"><span dir=\"auto\" style=\"vertical-align: inherit;\"> : g\/mol <\/span><\/span><br \/>\n<strong><span dir=\"auto\" style=\"vertical-align: inherit;\"><span dir=\"auto\" style=\"vertical-align: inherit;\">Purity<\/span><\/span><\/strong><span dir=\"auto\" style=\"vertical-align: inherit;\"><span dir=\"auto\" style=\"vertical-align: inherit;\"> : \u226598%<\/span><\/span><\/p>","protected":false},"featured_media":16843,"comment_status":"closed","ping_status":"closed","template":"","meta":[],"product_brand":[23],"product_cat":[405,589,17,32,71],"product_tag":[267,268,406,746,22],"class_list":{"0":"post-1602","1":"product","2":"type-product","3":"status-publish","4":"has-post-thumbnail","6":"product_brand-research-chemical","7":"product_cat-2-fea","8":"product_cat-2-fea-pellets","9":"product_cat-bijna-verboden","10":"product_cat-gefluoreerden","11":"product_cat-pellets","12":"product_tag-2-fea","13":"product_tag-2-fea-kopen","14":"product_tag-2-fluoroethamfetamine","15":"product_tag-2fea","16":"product_tag-nl","18":"first","19":"instock","20":"shipping-taxable","21":"purchasable","22":"product-type-variable"},"_links":{"self":[{"href":"https:\/\/researchchemicalshop.eu\/tr\/wp-json\/wp\/v2\/product\/1602","targetHints":{"allow":["GET"]}}],"collection":[{"href":"https:\/\/researchchemicalshop.eu\/tr\/wp-json\/wp\/v2\/product"}],"about":[{"href":"https:\/\/researchchemicalshop.eu\/tr\/wp-json\/wp\/v2\/types\/product"}],"replies":[{"embeddable":true,"href":"https:\/\/researchchemicalshop.eu\/tr\/wp-json\/wp\/v2\/comments?post=1602"}],"version-history":[{"count":4,"href":"https:\/\/researchchemicalshop.eu\/tr\/wp-json\/wp\/v2\/product\/1602\/revisions"}],"predecessor-version":[{"id":16468,"href":"https:\/\/researchchemicalshop.eu\/tr\/wp-json\/wp\/v2\/product\/1602\/revisions\/16468"}],"wp:featuredmedia":[{"embeddable":true,"href":"https:\/\/researchchemicalshop.eu\/tr\/wp-json\/wp\/v2\/media\/16843"}],"wp:attachment":[{"href":"https:\/\/researchchemicalshop.eu\/tr\/wp-json\/wp\/v2\/media?parent=1602"}],"wp:term":[{"taxonomy":"product_brand","embeddable":true,"href":"https:\/\/researchchemicalshop.eu\/tr\/wp-json\/wp\/v2\/product_brand?post=1602"},{"taxonomy":"product_cat","embeddable":true,"href":"https:\/\/researchchemicalshop.eu\/tr\/wp-json\/wp\/v2\/product_cat?post=1602"},{"taxonomy":"product_tag","embeddable":true,"href":"https:\/\/researchchemicalshop.eu\/tr\/wp-json\/wp\/v2\/product_tag?post=1602"}],"curies":[{"name":"wp","href":"https:\/\/api.w.org\/{rel}","templated":true}]}}