{"id":16,"date":"2026-02-09T11:51:55","date_gmt":"2026-02-09T11:51:55","guid":{"rendered":"https:\/\/researchchemicalshop.eu\/?post_type=product&#038;p=16"},"modified":"2026-03-06T04:50:04","modified_gmt":"2026-03-06T04:50:04","slug":"3-cmc-kopen-3-chloromethcathinone","status":"publish","type":"product","link":"https:\/\/researchchemicalshop.eu\/tr\/urun\/3-cmc-kopen-3-chloromethcathinone\/","title":{"rendered":"3-CMC (3-Chloromethcathinone) Sat\u0131n Al\u0131n"},"content":{"rendered":"<h1><strong><span style=\"vertical-align: inherit;\"><span style=\"vertical-align: inherit;\">Order 3 cmc (3-Chloromethcathinone) \u2013 Pure Research Chemical<\/span><\/span><\/strong><\/h1>\n<p data-start=\"7172\" data-end=\"7469\"><strong data-start=\"7172\" data-end=\"7181\">3-CMC<\/strong>, veya <strong data-start=\"7186\" data-end=\"7210\">3-Chloormethcathinon<\/strong>, bir <strong data-start=\"7219\" data-end=\"7253\">sentetik uyar\u0131c\u0131<\/strong> bir \u015fey yok. <strong data-start=\"7261\" data-end=\"7279\">cathinonklasse<\/strong>, ile ilgili <strong data-start=\"7293\" data-end=\"7302\">3-MMC<\/strong> ve <strong data-start=\"7306\" data-end=\"7320\">mephedrone<\/strong>.<br data-start=\"7321\" data-end=\"7324\" \/>Het heeft een <strong data-start=\"7338\" data-end=\"7375\">chloorsubstitutie op de 3-positie<\/strong> van de fenylring en wordt onderzocht binnen <strong data-start=\"7420\" data-end=\"7466\">adli\u0307 ve farmakoloji\u0307k laboratuvarlar<\/strong>. <span class=\"___SBox_epc1q-ko_ ___SText_zko9t-ko_\" data-ui-name=\"Link.Text\">3 cmc kopen<\/span><\/p>\n<p data-start=\"7471\" data-end=\"7575\">3-CMC heeft <strong data-start=\"7483\" data-end=\"7511\">t\u0131bbi kullan\u0131m yok<\/strong> en valt in veel landen onder <strong data-start=\"7541\" data-end=\"7574\">gereguleerde stoffenwetgeving<\/strong>.<\/p>\n<hr data-start=\"7577\" data-end=\"7580\" \/>\n<h2 data-start=\"7582\" data-end=\"7629\"><strong data-start=\"7585\" data-end=\"7629\">Kimyasal ve Farmakolojik Arka Plan<\/strong><\/h2>\n<p data-start=\"7631\" data-end=\"7656\"><strong data-start=\"7631\" data-end=\"7656\">\u00d6nemli veriler:<\/strong><\/p>\n<ul data-start=\"7657\" data-end=\"7937\">\n<li data-start=\"7657\" data-end=\"7721\">\n<p data-start=\"7659\" data-end=\"7721\"><strong data-start=\"7659\" data-end=\"7674\">IUPAC ad\u0131:<\/strong> 1-(3-chloorfenyl)-2-(methylamino)propan-1-on<\/p>\n<\/li>\n<li data-start=\"7722\" data-end=\"7757\">\n<p data-start=\"7724\" data-end=\"7757\"><strong data-start=\"7724\" data-end=\"7744\">Molek\u00fcler form\u00fcl:<\/strong> C10H12ClNO<\/p>\n<\/li>\n<li data-start=\"7758\" data-end=\"7794\">\n<p data-start=\"7760\" data-end=\"7794\"><strong data-start=\"7760\" data-end=\"7778\">Molek\u00fcler k\u00fctle:<\/strong> \u00b1197,66 g\/mol<\/p>\n<\/li>\n<li data-start=\"7795\" data-end=\"7847\">\n<p data-start=\"7797\" data-end=\"7847\"><strong data-start=\"7797\" data-end=\"7818\">Kimyasal s\u0131n\u0131f:<\/strong> Gesubstitueerde cathinonen<\/p>\n<\/li>\n<li data-start=\"7848\" data-end=\"7937\">\n<p data-start=\"7850\" data-end=\"7937\"><strong data-start=\"7850\" data-end=\"7870\">Resept\u00f6r \u00e7al\u0131\u015fmas\u0131:<\/strong> Be\u00efnvloedt dopamine-, serotonine- en noradrenaline-transporters.<\/p>\n<\/li>\n<\/ul>\n<p data-start=\"7939\" data-end=\"8082\">Bu <strong data-start=\"7942\" data-end=\"7963\">chloorsubstitutie<\/strong> be\u00efnvloedt receptorbinding en metabole stabiliteit, waardoor het interessant is voor <strong data-start=\"8049\" data-end=\"8081\">structure\u2013activity-onderzoek<\/strong>.<\/p>\n<hr data-start=\"8084\" data-end=\"8087\" \/>\n<h2 data-start=\"8089\" data-end=\"8116\"><strong data-start=\"8092\" data-end=\"8116\">Ara\u015ft\u0131rma ama\u00e7lar\u0131<\/strong><\/h2>\n<p data-start=\"8118\" data-end=\"8146\">3-CMC wordt onderzocht voor:<\/p>\n<ul data-start=\"8147\" data-end=\"8435\">\n<li data-start=\"8147\" data-end=\"8209\">\n<p data-start=\"8149\" data-end=\"8209\"><strong data-start=\"8149\" data-end=\"8172\">Analitik kimya:<\/strong> detectie via GC-MS, LC-MS en FTIR.<\/p>\n<\/li>\n<li data-start=\"8210\" data-end=\"8302\">\n<p data-start=\"8212\" data-end=\"8302\"><strong data-start=\"8212\" data-end=\"8240\">Adli toksikoloji:<\/strong> identificatie in biologische of in beslag genomen monsters.<\/p>\n<\/li>\n<li data-start=\"8303\" data-end=\"8368\">\n<p data-start=\"8305\" data-end=\"8368\"><strong data-start=\"8305\" data-end=\"8322\">Farmacologie:<\/strong> onderzoek naar neurotransmittermechanismen.<\/p>\n<\/li>\n<li data-start=\"8369\" data-end=\"8435\">\n<p data-start=\"8371\" data-end=\"8435\"><strong data-start=\"8371\" data-end=\"8391\">Halk sa\u011fl\u0131\u011f\u0131:<\/strong> opname in waarschuwingssystemen voor NPS. <span class=\"___SBox_epc1q-ko_ ___SText_zko9t-ko_\" data-ui-name=\"Link.Text\">3 cmc kopen<\/span><\/p>\n<\/li>\n<\/ul>\n<hr data-start=\"8437\" data-end=\"8440\" \/>\n<h2 data-start=\"8442\" data-end=\"8486\"><strong data-start=\"8445\" data-end=\"8486\">G\u00fcvenlik ve Yasal Hususlar<\/strong><\/h2>\n<p data-start=\"8488\" data-end=\"8648\"><strong data-start=\"8488\" data-end=\"8503\">G\u00fcvenlik:<\/strong><br data-start=\"8503\" data-end=\"8506\" \/>Yaln\u0131zca <strong data-start=\"8527\" data-end=\"8559\">kali\u0307fi\u0307ye ara\u015ftirmacilar<\/strong> at <strong data-start=\"8563\" data-end=\"8587\">lisansl\u0131 laboratuvarlar<\/strong> met gebruik van <strong data-start=\"8604\" data-end=\"8613\">PBM\u2019s<\/strong>.<br data-start=\"8614\" data-end=\"8617\" \/>Vermijd contact of inademing.<\/p>\n<p data-start=\"8650\" data-end=\"8836\"><strong data-start=\"8650\" data-end=\"8672\">Yasal stat\u00fc:<\/strong><br data-start=\"8672\" data-end=\"8675\" \/>3-CMC is in de meeste landen <strong data-start=\"8704\" data-end=\"8731\">yasaklanm\u0131\u015f veya d\u00fczenlenmi\u015f<\/strong> aras\u0131nda <strong data-start=\"8741\" data-end=\"8775\">psi\u0307koakti\u0307f maddeler mevzuati<\/strong>.<br data-start=\"8776\" data-end=\"8779\" \/>Ara\u015ft\u0131rma ko\u015fullar\u0131 d\u0131\u015f\u0131nda kullan\u0131m <strong data-start=\"8822\" data-end=\"8835\">Cezaland\u0131r\u0131labilir<\/strong>.<\/p>\n<hr data-start=\"8838\" data-end=\"8841\" \/>\n<h2 data-start=\"8843\" data-end=\"8877\"><strong data-start=\"8846\" data-end=\"8877\">S\u0131k\u00e7a sorulan sorular (SSS)<\/strong><\/h2>\n<h3 data-start=\"8879\" data-end=\"8922\"><strong data-start=\"8883\" data-end=\"8922\">1. Waarvoor wordt 3-CMC onderzocht?<\/strong><\/h3>\n<p data-start=\"8923\" data-end=\"9009\">\u0130\u00e7in <strong data-start=\"8928\" data-end=\"8982\">analytisch, forensisch en farmacologisch onderzoek<\/strong> naar cathinonverbindingen.<\/p>\n<h3 data-start=\"9011\" data-end=\"9038\"><strong data-start=\"9015\" data-end=\"9038\">2. Is 3-CMC legaal?<\/strong><\/h3>\n<p data-start=\"9039\" data-end=\"9101\">Nee, in de meeste landen is 3-CMC <strong data-start=\"9073\" data-end=\"9100\">d\u00fczenlenmi\u015f veya yasaklanm\u0131\u015f<\/strong>.<\/p>\n<h3 data-start=\"9103\" data-end=\"9154\"><strong data-start=\"9107\" data-end=\"9154\">3. Hoe moet 3-CMC veilig worden gehanteerd?<\/strong><\/h3>\n<p data-start=\"9155\" data-end=\"9266\">Sadece <strong data-start=\"9167\" data-end=\"9197\">profesyonel ara\u015ft\u0131rmac\u0131lar<\/strong> in gecontroleerde laboratoria met juiste <strong data-start=\"9239\" data-end=\"9265\">g\u00fcvenli\u0307k \u00f6nlemleri\u0307<\/strong>.<\/p>","protected":false},"excerpt":{"rendered":"<h2><span style=\"vertical-align: inherit;\"><span style=\"vertical-align: inherit;\"><span style=\"vertical-align: inherit;\"><span style=\"vertical-align: inherit;\">3-CMC Buy<\/span><\/span><\/span><\/span><\/h2>\n<p><span style=\"vertical-align: inherit;\"><span style=\"vertical-align: inherit;\"><span style=\"vertical-align: inherit;\"><span style=\"vertical-align: inherit;\">Synonym: 3-Chloromethcathinone <\/span><\/span><\/span><\/span><br \/>\n<span style=\"vertical-align: inherit;\"><span style=\"vertical-align: inherit;\"><span style=\"vertical-align: inherit;\"><span style=\"vertical-align: inherit;\">CAS number: 1607439-32-6 <\/span><\/span><\/span><\/span><br \/>\n<span style=\"vertical-align: inherit;\"><span style=\"vertical-align: inherit;\"><span style=\"vertical-align: inherit;\"><span style=\"vertical-align: inherit;\">Formula: C10H12ClNO \u2022 HCL <\/span><\/span><\/span><\/span><br \/>\n<span style=\"vertical-align: inherit;\"><span style=\"vertical-align: inherit;\"><span style=\"vertical-align: inherit;\"><span style=\"vertical-align: inherit;\">Molar mass: 234.1 g\/mol <\/span><\/span><\/span><\/span><br \/>\n<span style=\"vertical-align: inherit;\"><span style=\"vertical-align: inherit;\"><span style=\"vertical-align: inherit;\"><span style=\"vertical-align: inherit;\">Purity: \u226598%<\/span><\/span><\/span><\/span><\/p>","protected":false},"featured_media":16855,"comment_status":"closed","ping_status":"closed","template":"","meta":[],"product_brand":[23],"product_cat":[36],"product_tag":[37,38,39,22],"class_list":{"0":"post-16","1":"product","2":"type-product","3":"status-publish","4":"has-post-thumbnail","6":"product_brand-research-chemical","7":"product_cat-verboden","8":"product_tag-3-cmc","9":"product_tag-3-cmc-bestellen","10":"product_tag-3-cmc-kopen","11":"product_tag-nl","13":"first","14":"instock","15":"shipping-taxable","16":"purchasable","17":"product-type-simple"},"_links":{"self":[{"href":"https:\/\/researchchemicalshop.eu\/tr\/wp-json\/wp\/v2\/product\/16","targetHints":{"allow":["GET"]}}],"collection":[{"href":"https:\/\/researchchemicalshop.eu\/tr\/wp-json\/wp\/v2\/product"}],"about":[{"href":"https:\/\/researchchemicalshop.eu\/tr\/wp-json\/wp\/v2\/types\/product"}],"replies":[{"embeddable":true,"href":"https:\/\/researchchemicalshop.eu\/tr\/wp-json\/wp\/v2\/comments?post=16"}],"version-history":[{"count":1,"href":"https:\/\/researchchemicalshop.eu\/tr\/wp-json\/wp\/v2\/product\/16\/revisions"}],"predecessor-version":[{"id":16766,"href":"https:\/\/researchchemicalshop.eu\/tr\/wp-json\/wp\/v2\/product\/16\/revisions\/16766"}],"wp:featuredmedia":[{"embeddable":true,"href":"https:\/\/researchchemicalshop.eu\/tr\/wp-json\/wp\/v2\/media\/16855"}],"wp:attachment":[{"href":"https:\/\/researchchemicalshop.eu\/tr\/wp-json\/wp\/v2\/media?parent=16"}],"wp:term":[{"taxonomy":"product_brand","embeddable":true,"href":"https:\/\/researchchemicalshop.eu\/tr\/wp-json\/wp\/v2\/product_brand?post=16"},{"taxonomy":"product_cat","embeddable":true,"href":"https:\/\/researchchemicalshop.eu\/tr\/wp-json\/wp\/v2\/product_cat?post=16"},{"taxonomy":"product_tag","embeddable":true,"href":"https:\/\/researchchemicalshop.eu\/tr\/wp-json\/wp\/v2\/product_tag?post=16"}],"curies":[{"name":"wp","href":"https:\/\/api.w.org\/{rel}","templated":true}]}}