{"id":1567,"date":"2026-02-09T11:56:55","date_gmt":"2026-02-09T11:56:55","guid":{"rendered":"https:\/\/researchchemicalshop.eu\/?post_type=product&#038;p=1567"},"modified":"2026-02-28T17:44:54","modified_gmt":"2026-02-28T17:44:54","slug":"4c-e","status":"publish","type":"product","link":"https:\/\/researchchemicalshop.eu\/tr\/urun\/4c-e\/","title":{"rendered":"4C E"},"content":{"rendered":"<h3 data-start=\"4945\" data-end=\"4962\">Giri\u015f<\/h3>\n<p data-start=\"4963\" data-end=\"5451\"><strong data-start=\"4963\" data-end=\"4971\"><span class=\"___SBox_epc1q-kmt_ ___SText_zko9t-kmt_\" data-ui-name=\"Link.Text\">4c e<\/span>, 4C-E<\/strong> (tam kimyasal ad\u0131: 1-(2,5-dimetoksi-4-etilfenil)b\u00fctan-2-amin) a\u015fa\u011f\u0131dakilere aittir <strong data-start=\"5059\" data-end=\"5065\">4C<\/strong>-Uzun bir \u03b1-etil yan dal\u0131na ve fenil halkas\u0131n\u0131n 2. ve 5. pozisyonlar\u0131nda metoksi gruplar\u0131na sahip bile\u015fikler olan s\u00fcbstit\u00fce fenetilaminler s\u0131n\u0131f\u0131. 4C-E nispeten bilinmedi\u011finden, hakk\u0131nda s\u0131n\u0131rl\u0131 yay\u0131n vard\u0131r, ancak yap\u0131-aktivite ili\u015fkilerini ara\u015ft\u0131ran kimyasal ve farmakolojik ara\u015ft\u0131rma alanlar\u0131nda ilgi \u00e7ekmektedir. 4C E<\/p>\n<p data-start=\"5453\" data-end=\"5598\">E\u011fer arama yaparsan\u0131z \u201c<strong data-start=\"5469\" data-end=\"5483\">4C-E Sat\u0131n Al\u0131n<\/strong>\u201d, bu a\u00e7\u0131klama 4C-E'nin ne oldu\u011funu, ne bilindi\u011fini ve bilimsel olarak nas\u0131l ele al\u0131nd\u0131\u011f\u0131n\u0131 anlamaya yard\u0131mc\u0131 olur.<\/p>\n<hr data-start=\"5600\" data-end=\"5603\" \/>\n<h3 data-start=\"5605\" data-end=\"5634\">Temel \u00f6zellikler<\/h3>\n<div class=\"_tableContainer_1rjym_1\">\n<div class=\"group _tableWrapper_1rjym_13 flex w-fit flex-col-reverse\" tabindex=\"-1\">\n<table class=\"w-fit min-w-(--thread-content-width)\" data-start=\"5636\" data-end=\"6339\">\n<thead data-start=\"5636\" data-end=\"5662\">\n<tr data-start=\"5636\" data-end=\"5662\">\n<th data-start=\"5636\" data-end=\"5646\" data-col-size=\"sm\">\u00d6zellik<\/th>\n<th data-start=\"5646\" data-end=\"5662\" data-col-size=\"lg\">A\u00e7\u0131klama<\/th>\n<\/tr>\n<\/thead>\n<tbody data-start=\"5673\" data-end=\"6339\">\n<tr data-start=\"5673\" data-end=\"5800\">\n<td data-start=\"5673\" data-end=\"5699\" data-col-size=\"sm\"><strong data-start=\"5675\" data-end=\"5698\">Kimyasal Yap\u0131<\/strong><\/td>\n<td data-start=\"5699\" data-end=\"5800\" data-col-size=\"lg\">\u0130ki metoksi grubu (2. ve 5. pozisyonlar) ve fenil halkas\u0131n\u0131n 4. pozisyonunda bir etil s\u00fcbstit\u00fcenti i\u00e7erir<\/td>\n<\/tr>\n<tr data-start=\"5801\" data-end=\"5921\">\n<td data-start=\"5801\" data-end=\"5822\" data-col-size=\"sm\"><strong data-start=\"5803\" data-end=\"5821\">\u03b1-Etil Yan Dal<\/strong><\/td>\n<td data-start=\"5822\" data-end=\"5921\" data-col-size=\"lg\">4C ailesine aittir (yani \u03b1-etil fenetilaminler)<\/td>\n<\/tr>\n<tr data-start=\"5922\" data-end=\"6061\">\n<td data-start=\"5922\" data-end=\"5947\" data-col-size=\"sm\"><strong data-start=\"5924\" data-end=\"5946\">Resept\u00f6r etkile\u015fimi<\/strong><\/td>\n<td data-start=\"5947\" data-end=\"6061\" data-col-size=\"lg\">Muhtemelen serotonin 5-HT\u2082A resept\u00f6rlerinde k\u0131smi agonist (di\u011fer 4C bile\u015fikleri ile benzer \u015fekilde)<\/td>\n<\/tr>\n<tr data-start=\"6062\" data-end=\"6179\">\n<td data-start=\"6062\" data-end=\"6085\" data-col-size=\"sm\"><strong data-start=\"6064\" data-end=\"6084\">Ara\u015ft\u0131rma durumu<\/strong><\/td>\n<td data-start=\"6085\" data-end=\"6179\" data-col-size=\"lg\">Az say\u0131da ampirik ara\u015ft\u0131rma; \u00e7o\u011funlukla teorik, hesaplamal\u0131 veya anekdotsal veriler<\/td>\n<\/tr>\n<tr data-start=\"6180\" data-end=\"6339\">\n<td data-start=\"6180\" data-end=\"6223\" data-col-size=\"sm\"><strong data-start=\"6182\" data-end=\"6222\">Fiziksel ve tedavi \u00f6zellikleri<\/strong><\/td>\n<td data-start=\"6223\" data-end=\"6339\" data-col-size=\"lg\">Safl\u0131k, stabilite ve depolamaya dikkat edilerek kontroll\u00fc laboratuvar ko\u015fullar\u0131 alt\u0131nda kullan\u0131lmal\u0131d\u0131r<\/td>\n<\/tr>\n<\/tbody>\n<\/table>\n<\/div>\n<\/div>\n<hr data-start=\"6341\" data-end=\"6344\" \/>\n<h3 data-start=\"6346\" data-end=\"6381\">Faydalar \/ Potansiyel De\u011fer<\/h3>\n<ul data-start=\"6383\" data-end=\"7205\">\n<li data-start=\"6383\" data-end=\"6637\">\n<p data-start=\"6385\" data-end=\"6637\"><strong data-start=\"6385\" data-end=\"6420\">Yap\u0131-Etkinli\u011fi Anlamak<\/strong>: 4C-E, \u03b1-etil ikamesinin (2C analoglar\u0131ndaki \u03b1-metilin aksine) potens, resept\u00f6r etkinli\u011fi, metabolik stabilite ve yan etkileri nas\u0131l etkiledi\u011fini anlamak i\u00e7in bir kar\u015f\u0131la\u015ft\u0131r\u0131c\u0131 olarak hizmet edebilir.<\/p>\n<\/li>\n<li data-start=\"6638\" data-end=\"6808\">\n<p data-start=\"6640\" data-end=\"6808\"><strong data-start=\"6640\" data-end=\"6666\">Yenilik ve Ke\u015fif<\/strong>: Daha az belgelenmi\u015f oldu\u011fu i\u00e7in, 4C-E \u00e7al\u0131\u015fmalar\u0131 beklenmedik davran\u0131\u015flar\u0131, ba\u011flanma yak\u0131nl\u0131klar\u0131n\u0131 veya metabolitleri ortaya \u00e7\u0131karabilir.<\/p>\n<\/li>\n<li data-start=\"6809\" data-end=\"7010\">\n<p data-start=\"6811\" data-end=\"7010\"><strong data-start=\"6811\" data-end=\"6842\">Bilimsel \u0130lgi Alanlar\u0131<\/strong>: S\u00fcbstit\u00fce fenetilaminler \u00fczerine ara\u015ft\u0131rma spektrumunu geni\u015fletir ve t\u0131bbi kimya, n\u00f6rofarmakoloji veya hesaplamal\u0131 modellemeye katk\u0131da bulunabilir.<\/p>\n<\/li>\n<li data-start=\"7011\" data-end=\"7205\">\n<p data-start=\"7013\" data-end=\"7205\"><strong data-start=\"7013\" data-end=\"7038\">Se\u00e7ilmi\u015f \u00c7al\u0131\u015fmalar<\/strong>: Kontroll\u00fc ortamlarda, 4C-E hangi yap\u0131sal pozisyonlar\u0131n psychedelic potens veya g\u00fcvenlik marjlar\u0131 \u00fczerinde \u00f6nemli bir etkiye sahip oldu\u011funu netle\u015ftirmeye yard\u0131mc\u0131 olabilir.<\/p>\n<\/li>\n<\/ul>\n<hr data-start=\"7207\" data-end=\"7210\" \/>\n<h3 data-start=\"7212\" data-end=\"7259\">Nas\u0131l kullan\u0131l\u0131r \/ Kullan\u0131m k\u0131lavuzlar\u0131<\/h3>\n<blockquote data-start=\"7261\" data-end=\"7493\">\n<p data-start=\"7263\" data-end=\"7493\"><strong data-start=\"7263\" data-end=\"7288\">\u00d6nemli Not<\/strong>: A\u015fa\u011f\u0131dakiler a\u015fa\u011f\u0131dakiler i\u00e7in tasarlanm\u0131\u015ft\u0131r <strong data-start=\"7319\" data-end=\"7377\">yetkili ara\u015ft\u0131rmac\u0131lar ve kalifiye kimyagerler<\/strong> yasal \u00e7er\u00e7eveler dahilinde faaliyet g\u00f6stermektedir. Bu <strong data-start=\"7422\" data-end=\"7430\">de\u011fil<\/strong> izinsiz veya e\u011flence ama\u00e7l\u0131 kullan\u0131m i\u00e7in tavsiye niteli\u011findedir.<\/p>\n<\/blockquote>\n<ol data-start=\"7495\" data-end=\"8709\">\n<li data-start=\"7495\" data-end=\"7687\">\n<p data-start=\"7498\" data-end=\"7528\"><strong data-start=\"7498\" data-end=\"7526\">Safl\u0131k ve Do\u011frulama<\/strong><\/p>\n<ul data-start=\"7532\" data-end=\"7687\">\n<li data-start=\"7532\" data-end=\"7612\">\n<p data-start=\"7534\" data-end=\"7612\">Y\u00fcksek safl\u0131kta (\u2265 98 %) ve analiz sertifikas\u0131na sahip numune kullan\u0131n.<\/p>\n<\/li>\n<li data-start=\"7616\" data-end=\"7687\">\n<p data-start=\"7618\" data-end=\"7687\">NMR, MS, HPLC veya di\u011fer analitik y\u00f6ntemlerle kimli\u011fi do\u011frulay\u0131n.<\/p>\n<\/li>\n<\/ul>\n<\/li>\n<li data-start=\"7689\" data-end=\"7879\">\n<p data-start=\"7692\" data-end=\"7704\"><strong data-start=\"7692\" data-end=\"7702\">Depolama<\/strong><\/p>\n<ul data-start=\"7708\" data-end=\"7879\">\n<li data-start=\"7708\" data-end=\"7798\">\n<p data-start=\"7710\" data-end=\"7798\">\u0130nert, kuru ortamda saklay\u0131n (\u00f6rn. azot veya argon alt\u0131nda amber cam \u015fi\u015feler).<\/p>\n<\/li>\n<li data-start=\"7802\" data-end=\"7879\">\n<p data-start=\"7804\" data-end=\"7879\">Bozulmay\u0131 s\u0131n\u0131rland\u0131rmak i\u00e7in d\u00fc\u015f\u00fck s\u0131cakl\u0131kta (\u00f6rn. -20 \u00b0C veya so\u011futma) saklay\u0131n. 4C E<\/p>\n<\/li>\n<\/ul>\n<\/li>\n<li data-start=\"7881\" data-end=\"8193\">\n<p data-start=\"7884\" data-end=\"7921\"><strong data-start=\"7884\" data-end=\"7919\">Tart\u0131m ve \u00c7\u00f6zelti Haz\u0131rlama<\/strong><\/p>\n<ul data-start=\"7925\" data-end=\"8193\">\n<li data-start=\"7925\" data-end=\"8045\">\n<p data-start=\"7927\" data-end=\"8045\">Madde higroskopik ise bir mikro terazi kullan\u0131n ve kontroll\u00fc atmosferde (eldiven kutusu veya kuru oda) tart\u0131n.<\/p>\n<\/li>\n<li data-start=\"8049\" data-end=\"8193\">\n<p data-start=\"8051\" data-end=\"8193\">Stok \u00e7\u00f6zeltiler i\u00e7in uygun \u00e7\u00f6z\u00fcc\u00fclerde (\u00f6rn. DMSO, metanol) \u00e7\u00f6z\u00fcn, daha fazla seyreltmeden \u00f6nce tam \u00e7\u00f6z\u00fcnmenin ger\u00e7ekle\u015fti\u011finden emin olun.<\/p>\n<\/li>\n<\/ul>\n<\/li>\n<li data-start=\"8195\" data-end=\"8435\">\n<p data-start=\"8198\" data-end=\"8251\"><strong data-start=\"8198\" data-end=\"8249\">Dozaj (Deneysel \/ Kar\u015f\u0131la\u015ft\u0131rmal\u0131 Kullan\u0131m)<\/strong><\/p>\n<ul data-start=\"8255\" data-end=\"8435\">\n<li data-start=\"8255\" data-end=\"8353\">\n<p data-start=\"8257\" data-end=\"8353\">Resept\u00f6r ba\u011flanma deneyleri veya in vitro testler i\u00e7in minimum test dozlar\u0131 (mikrogram \u00f6l\u00e7e\u011fi) ile ba\u015flay\u0131n.<\/p>\n<\/li>\n<li data-start=\"8357\" data-end=\"8435\">\n<p data-start=\"8359\" data-end=\"8435\">S\u0131k\u0131 kontrollerle, tekrarlanan \u00f6l\u00e7\u00fcmlerle \u00e7al\u0131\u015f\u0131n ve bo\u015fluklar\/placebo'lar kullan\u0131n.<\/p>\n<\/li>\n<\/ul>\n<\/li>\n<li data-start=\"8437\" data-end=\"8709\">\n<p data-start=\"8440\" data-end=\"8469\"><strong data-start=\"8440\" data-end=\"8467\">G\u00fcvenlik \/ Kontrol<\/strong><\/p>\n<ul data-start=\"8473\" data-end=\"8709\">\n<li data-start=\"8473\" data-end=\"8564\">\n<p data-start=\"8475\" data-end=\"8564\">Solunmas\u0131n\u0131 veya cilde maruz kalmas\u0131n\u0131 \u00f6nlemek i\u00e7in egzoz davlumbaz\u0131nda veya muhafaza sisteminde \u00e7al\u0131\u015f\u0131n.<\/p>\n<\/li>\n<li data-start=\"8568\" data-end=\"8618\">\n<p data-start=\"8570\" data-end=\"8618\">Eldiven, koruyucu g\u00f6zl\u00fck ve laboratuvar \u00f6nl\u00fc\u011f\u00fc kullan\u0131n.<\/p>\n<\/li>\n<li data-start=\"8622\" data-end=\"8709\">\n<p data-start=\"8624\" data-end=\"8709\">At\u0131klar\u0131 kurumsal ve yasal kimyasal g\u00fcvenlik prosed\u00fcrlerine g\u00f6re bertaraf edin.<\/p>\n<\/li>\n<\/ul>\n<\/li>\n<\/ol>\n<hr data-start=\"8711\" data-end=\"8714\" \/>\n<h3 data-start=\"8716\" data-end=\"8747\">S\u0131k\u00e7a sorulan sorular (SSS)<\/h3>\n<p data-start=\"8749\" data-end=\"9021\"><strong data-start=\"8749\" data-end=\"8803\">1. 4C-E ve 2C analoglar\u0131 aras\u0131ndaki fark nedir?<\/strong><br data-start=\"8803\" data-end=\"8806\" \/>4C-E, \u03b1-metil yerine (2C ailesinde oldu\u011fu gibi) bir \u03b1-etil yan dal\u0131na sahiptir. Bu uzama genellikle potensi azalt\u0131r ancak metabolik stabiliteyi art\u0131rabilir.<\/p>\n<p data-start=\"9023\" data-end=\"9386\"><strong data-start=\"9023\" data-end=\"9076\">2. 4C-E sat\u0131n almak (\u201c4C-E sat\u0131n almak\u201d) yasal m\u0131d\u0131r?<\/strong><br data-start=\"9076\" data-end=\"9079\" \/>4C-E'nin yasall\u0131\u011f\u0131 (ve <strong data-start=\"9125\" data-end=\"9139\">4C-E Sat\u0131n Al\u0131n<\/strong>) tamamen sizin yetki alan\u0131n\u0131za ba\u011fl\u0131d\u0131r. Bir\u00e7ok \u00fclkede, s\u00fcbstit\u00fce fenetilaminler veya analoglar\u0131 analog mevzuat\u0131 veya yasakl\u0131 maddeler kapsam\u0131ndad\u0131r. Maddeyi sat\u0131n almadan veya denemeden \u00f6nce daima yerel yasalar\u0131 kontrol edin.<\/p>\n<p data-start=\"9388\" data-end=\"9657\"><strong data-start=\"9388\" data-end=\"9450\">3. Belgelenmi\u015f insan deneyleri veya etkileri var m\u0131?<\/strong><br data-start=\"9450\" data-end=\"9453\" \/>Hay\u0131r, 4C-E i\u00e7in sa\u011flam kontroll\u00fc insan deneyleri veya klinik veriler bulunmamaktad\u0131r. Mevcut bilgilerin \u00e7o\u011fu spek\u00fclatif, anekdotal veya hesaplama modellerine ve analojilere dayanmaktad\u0131r. <a href=\"https:\/\/researchchemicalshop.eu\/tr\/dukkan\/okategoriserad\/4mmc-kopen\/\">4mmc sat\u0131n al<\/a><a href=\"https:\/\/researchchemicalshop.eu\/tr\/dukkan\/okategoriserad\/benzokain-tozu\/\">benzokain tozu<\/a><a href=\"https:\/\/researchchemicalshop.eu\/tr\/dukkan\/okategoriserad\/fentanyl-kopen\/\">fentanil sat\u0131n al<\/a><\/p>","protected":false},"excerpt":{"rendered":"<h2>4C-E eigenschappen<\/h2>\n<p><strong>Synoniemen<\/strong>:<br \/>\n<strong>CAS Nummer<\/strong>:<br \/>\n<strong>Formule<\/strong>:<br \/>\n<strong>Molmassa<\/strong>:\u00a0 g\/mol<br \/>\n<strong>Safl\u0131k<\/strong>: \u226597%<\/p>","protected":false},"featured_media":16885,"comment_status":"closed","ping_status":"closed","template":"","meta":[],"product_brand":[23],"product_cat":[702,17,18,26],"product_tag":[703,704,705,706,707,708,709,710,711,712,22],"class_list":{"0":"post-1567","1":"product","2":"type-product","3":"status-publish","4":"has-post-thumbnail","6":"product_brand-research-chemical","7":"product_cat-4c-e","8":"product_cat-bijna-verboden","9":"product_cat-fenethylamine","10":"product_cat-sale","11":"product_tag-4c-e","12":"product_tag-4c-e-bestellen","13":"product_tag-4c-e-blotters-4c-e-nederland","14":"product_tag-4c-e-hoogwaardige-kwaliteit","15":"product_tag-4c-e-kopen","16":"product_tag-4c-e-poeder","17":"product_tag-4c-e-research-chemical","18":"product_tag-4c-e-snelle-levering","19":"product_tag-4c-e-veilig-bestellen","20":"product_tag-4c-e-voor-onderzoek","21":"product_tag-nl","23":"first","24":"instock","25":"sale","26":"shipping-taxable","27":"purchasable","28":"product-type-variable"},"_links":{"self":[{"href":"https:\/\/researchchemicalshop.eu\/tr\/wp-json\/wp\/v2\/product\/1567","targetHints":{"allow":["GET"]}}],"collection":[{"href":"https:\/\/researchchemicalshop.eu\/tr\/wp-json\/wp\/v2\/product"}],"about":[{"href":"https:\/\/researchchemicalshop.eu\/tr\/wp-json\/wp\/v2\/types\/product"}],"replies":[{"embeddable":true,"href":"https:\/\/researchchemicalshop.eu\/tr\/wp-json\/wp\/v2\/comments?post=1567"}],"version-history":[{"count":1,"href":"https:\/\/researchchemicalshop.eu\/tr\/wp-json\/wp\/v2\/product\/1567\/revisions"}],"predecessor-version":[{"id":16478,"href":"https:\/\/researchchemicalshop.eu\/tr\/wp-json\/wp\/v2\/product\/1567\/revisions\/16478"}],"wp:featuredmedia":[{"embeddable":true,"href":"https:\/\/researchchemicalshop.eu\/tr\/wp-json\/wp\/v2\/media\/16885"}],"wp:attachment":[{"href":"https:\/\/researchchemicalshop.eu\/tr\/wp-json\/wp\/v2\/media?parent=1567"}],"wp:term":[{"taxonomy":"product_brand","embeddable":true,"href":"https:\/\/researchchemicalshop.eu\/tr\/wp-json\/wp\/v2\/product_brand?post=1567"},{"taxonomy":"product_cat","embeddable":true,"href":"https:\/\/researchchemicalshop.eu\/tr\/wp-json\/wp\/v2\/product_cat?post=1567"},{"taxonomy":"product_tag","embeddable":true,"href":"https:\/\/researchchemicalshop.eu\/tr\/wp-json\/wp\/v2\/product_tag?post=1567"}],"curies":[{"name":"wp","href":"https:\/\/api.w.org\/{rel}","templated":true}]}}