{"id":1324,"date":"2026-02-09T11:56:22","date_gmt":"2026-02-09T11:56:22","guid":{"rendered":"https:\/\/researchchemicalshop.eu\/?post_type=product&#038;p=1324"},"modified":"2026-02-28T18:01:01","modified_gmt":"2026-02-28T18:01:01","slug":"5-meo-dmt-freebase-2","status":"publish","type":"product","link":"https:\/\/researchchemicalshop.eu\/tr\/urun\/5-meo-dmt-freebase-2\/","title":{"rendered":"5 MeO DMT Freebase po\u015fet 0.25gr"},"content":{"rendered":"<h3 data-start=\"3896\" data-end=\"3917\"><strong data-start=\"3900\" data-end=\"3915\">Giri\u015f<\/strong><\/h3>\n<p data-start=\"3918\" data-end=\"4365\"><strong data-start=\"3918\" data-end=\"3952\">5-MeO-DMT Freebase 0,25g Zakje<\/strong> bevat <strong data-start=\"3959\" data-end=\"4014\">250 mg 5-MeO-DMT (5-Methoxy-N,N-dimethyltryptamine)<\/strong> van <strong data-start=\"4019\" data-end=\"4044\">laboratoriumkwaliteit<\/strong> - bir <strong data-start=\"4051\" data-end=\"4097\">natuurlijk voorkomend tryptamine-alkalo\u00efde<\/strong> dat voorkomt in bepaalde planten en amfibie\u00ebn.<br data-start=\"4144\" data-end=\"4147\" \/>\u0130\u00e7eride <strong data-start=\"4154\" data-end=\"4206\">chemisch, farmacologisch en analytisch onderzoek<\/strong> wordt 5-MeO-DMT gebruikt voor <strong data-start=\"4237\" data-end=\"4282\">onderzoek naar serotonine-receptorbinding<\/strong>, <strong data-start=\"4284\" data-end=\"4326\">yap\u0131-aktivite ili\u015fkileri (SAR)<\/strong> ve <strong data-start=\"4330\" data-end=\"4362\">indool-alkalo\u00efde metabolisme<\/strong>.<\/p>\n<p data-start=\"4367\" data-end=\"4530\">De freebasevorm wordt geleverd met een <strong data-start=\"4406\" data-end=\"4430\">\u2265 98%'nin safl\u0131\u011f\u0131<\/strong>, getest via <strong data-start=\"4443\" data-end=\"4458\">HPLC ve NMR<\/strong>, en verpakt in een <strong data-start=\"4478\" data-end=\"4527\">vochtbestendig hersluitbaar laboratoriumzakje<\/strong>.<\/p>\n<blockquote data-start=\"4532\" data-end=\"4676\">\n<p data-start=\"4534\" data-end=\"4676\">\u26a0\ufe0f <strong data-start=\"4537\" data-end=\"4548\">Not:<\/strong> 5-MeO-DMT is uitsluitend bedoeld voor <strong data-start=\"4587\" data-end=\"4622\">ara\u015ft\u0131rma ve analitik kullan\u0131m<\/strong> \u2014 <strong data-start=\"4625\" data-end=\"4673\">insan veya hayvan t\u00fcketimi i\u00e7in de\u011fil<\/strong>.<\/p>\n<\/blockquote>\n<hr data-start=\"4678\" data-end=\"4681\" \/>\n<h3 data-start=\"4683\" data-end=\"4714\"><strong data-start=\"4687\" data-end=\"4714\">Temel \u00f6zellikler<\/strong><\/h3>\n<div class=\"_tableContainer_1rjym_1\">\n<div class=\"group _tableWrapper_1rjym_13 flex w-fit flex-col-reverse\" tabindex=\"-1\">\n<table class=\"w-fit min-w-(--thread-content-width)\" data-start=\"4716\" data-end=\"5234\">\n<thead data-start=\"4716\" data-end=\"4742\">\n<tr data-start=\"4716\" data-end=\"4742\">\n<th data-start=\"4716\" data-end=\"4726\" data-col-size=\"sm\">\u00d6zellik<\/th>\n<th data-start=\"4726\" data-end=\"4742\" data-col-size=\"md\">A\u00e7\u0131klama<\/th>\n<\/tr>\n<\/thead>\n<tbody data-start=\"4771\" data-end=\"5234\">\n<tr data-start=\"4771\" data-end=\"4828\">\n<td data-start=\"4771\" data-end=\"4792\" data-col-size=\"sm\"><strong data-start=\"4773\" data-end=\"4791\">Kimyasal Ad\u0131<\/strong><\/td>\n<td data-start=\"4792\" data-end=\"4828\" data-col-size=\"md\">5-Methoxy-N,N-dimethyltryptamine<\/td>\n<\/tr>\n<tr data-start=\"4829\" data-end=\"4867\">\n<td data-start=\"4829\" data-end=\"4854\" data-col-size=\"sm\"><strong data-start=\"4831\" data-end=\"4853\">Ortak \u0130sim<\/strong><\/td>\n<td data-start=\"4854\" data-end=\"4867\" data-col-size=\"md\">5-MeO-DMT<\/td>\n<\/tr>\n<tr data-start=\"4868\" data-end=\"4905\">\n<td data-start=\"4868\" data-end=\"4892\" data-col-size=\"sm\"><strong data-start=\"4870\" data-end=\"4891\">Kimyasal Form\u00fcl<\/strong><\/td>\n<td data-start=\"4892\" data-end=\"4905\" data-col-size=\"md\">C\u2081\u2083H\u2081\u2088N\u2082O<\/td>\n<\/tr>\n<tr data-start=\"4906\" data-end=\"4944\">\n<td data-start=\"4906\" data-end=\"4928\" data-col-size=\"sm\"><strong data-start=\"4908\" data-end=\"4927\">Molek\u00fcler a\u011f\u0131rl\u0131k<\/strong><\/td>\n<td data-start=\"4928\" data-end=\"4944\" data-col-size=\"md\">218,30 g\/mol<\/td>\n<\/tr>\n<tr data-start=\"4945\" data-end=\"4981\">\n<td data-start=\"4945\" data-end=\"4956\" data-col-size=\"sm\"><strong data-start=\"4947\" data-end=\"4955\">Form<\/strong><\/td>\n<td data-start=\"4956\" data-end=\"4981\" data-col-size=\"md\">Freebase (poedervorm)<\/td>\n<\/tr>\n<tr data-start=\"4982\" data-end=\"5032\">\n<td data-start=\"4982\" data-end=\"5000\" data-col-size=\"sm\"><strong data-start=\"4984\" data-end=\"4999\">Miktar<\/strong><\/td>\n<td data-start=\"5000\" data-end=\"5032\" data-col-size=\"md\">0,25 gram (250 mg) per zakje<\/td>\n<\/tr>\n<tr data-start=\"5033\" data-end=\"5084\">\n<td data-start=\"5033\" data-end=\"5050\" data-col-size=\"sm\"><strong data-start=\"5035\" data-end=\"5049\">Safl\u0131k<\/strong><\/td>\n<td data-start=\"5050\" data-end=\"5084\" data-col-size=\"md\">\u2265 98% (HPLC ve NMR ile test edilmi\u015ftir)<\/td>\n<\/tr>\n<tr data-start=\"5085\" data-end=\"5159\">\n<td data-start=\"5085\" data-end=\"5099\" data-col-size=\"sm\"><strong data-start=\"5087\" data-end=\"5098\">Kullan\u0131m<\/strong><\/td>\n<td data-start=\"5099\" data-end=\"5159\" data-col-size=\"md\">Sadece analitik, adli ve kimyasal ara\u015ft\u0131rmalar i\u00e7in<\/td>\n<\/tr>\n<tr data-start=\"5160\" data-end=\"5234\">\n<td data-start=\"5160\" data-end=\"5177\" data-col-size=\"sm\"><strong data-start=\"5162\" data-end=\"5176\">Paketleme<\/strong><\/td>\n<td data-start=\"5177\" data-end=\"5234\" data-col-size=\"md\">Vocht- en antistatisch hersluitbaar laboratoriumzakje<\/td>\n<\/tr>\n<\/tbody>\n<\/table>\n<\/div>\n<\/div>\n<hr data-start=\"5236\" data-end=\"5239\" \/>\n<h3 data-start=\"5241\" data-end=\"5258\"><strong data-start=\"5245\" data-end=\"5258\">Avantajlar<\/strong><\/h3>\n<ul data-start=\"5260\" data-end=\"5697\">\n<li data-start=\"5260\" data-end=\"5352\">\n<p data-start=\"5262\" data-end=\"5352\"><strong data-start=\"5262\" data-end=\"5281\">Y\u00fcksek Safl\u0131k<\/strong> - G\u00fcvenilir test sonu\u00e7lar\u0131 i\u00e7in \u2265 98% laboratuvar s\u0131n\u0131f\u0131.<\/p>\n<\/li>\n<li data-start=\"5353\" data-end=\"5438\">\n<p data-start=\"5355\" data-end=\"5438\"><strong data-start=\"5355\" data-end=\"5372\">Freebase Vorm<\/strong> \u2013 Geschikt voor chromatografische en spectroscopische methoden.<\/p>\n<\/li>\n<li data-start=\"5439\" data-end=\"5517\">\n<p data-start=\"5441\" data-end=\"5517\"><strong data-start=\"5441\" data-end=\"5471\">Geni\u015f Ara\u015ft\u0131rma Kaplamas\u0131<\/strong> \u2013 Compatibel met GC\/MS, LC-MS, FTIR en NMR.<\/p>\n<\/li>\n<li data-start=\"5518\" data-end=\"5631\">\n<p data-start=\"5520\" data-end=\"5631\"><strong data-start=\"5520\" data-end=\"5546\">Structureel Belangrijk<\/strong> \u2013 Relevante stof voor onderzoek naar serotonine-receptoren en tryptamine-analogen.<\/p>\n<\/li>\n<li data-start=\"5632\" data-end=\"5697\">\n<p data-start=\"5634\" data-end=\"5697\"><strong data-start=\"5634\" data-end=\"5656\">G\u00fcvenli Paketleme<\/strong> \u2013 Beschermt tegen vocht en degradatie.<\/p>\n<\/li>\n<\/ul>\n<hr data-start=\"5699\" data-end=\"5702\" \/>\n<h3 data-start=\"5704\" data-end=\"5756\"><strong data-start=\"5708\" data-end=\"5754\">Kullan\u0131m (Sadece Ara\u015ft\u0131rma Ama\u00e7l\u0131)<\/strong><\/h3>\n<ol data-start=\"5758\" data-end=\"6162\">\n<li data-start=\"5758\" data-end=\"5869\">\n<p data-start=\"5761\" data-end=\"5869\"><strong data-start=\"5761\" data-end=\"5776\">Elle\u00e7leme:<\/strong> Gebruik handschoenen, veiligheidsbril en labjas; werk onder gecontroleerde omstandigheden.<\/p>\n<\/li>\n<li data-start=\"5870\" data-end=\"5944\">\n<p data-start=\"5873\" data-end=\"5944\"><strong data-start=\"5873\" data-end=\"5886\">\u00d6l\u00e7\u00fcler:<\/strong> Gebruik geijkte instrumenten voor nauwkeurige dosering.<\/p>\n<\/li>\n<li data-start=\"5945\" data-end=\"6023\">\n<p data-start=\"5948\" data-end=\"6023\"><strong data-start=\"5948\" data-end=\"5959\">Depolama:<\/strong> Orijinal ambalaj\u0131nda serin (2-8\u00b0C), kuru ve karanl\u0131kta saklay\u0131n.<\/p>\n<\/li>\n<li data-start=\"6024\" data-end=\"6088\">\n<p data-start=\"6027\" data-end=\"6088\"><strong data-start=\"6027\" data-end=\"6039\">Analiz:<\/strong> Geschikt voor GC\/MS, LC-MS, HPLC, FTIR en NMR.<\/p>\n<\/li>\n<li data-start=\"6089\" data-end=\"6162\">\n<p data-start=\"6092\" data-end=\"6162\"><strong data-start=\"6092\" data-end=\"6109\">Dok\u00fcmantasyon:<\/strong> Noteer batchnummers, zuiverheid en testresultaten.<\/p>\n<\/li>\n<\/ol>\n<hr data-start=\"6164\" data-end=\"6167\" \/>\n<h3 data-start=\"6169\" data-end=\"6204\"><strong data-start=\"6173\" data-end=\"6202\">S\u0131k\u00e7a sorulan sorular (SSS)<\/strong><\/h3>\n<p data-start=\"6206\" data-end=\"6397\"><strong data-start=\"6206\" data-end=\"6230\">1. Wat is 5-MeO-DMT?<\/strong><br data-start=\"6230\" data-end=\"6233\" \/><strong data-start=\"6233\" data-end=\"6281\">5-MeO-DMT (5-Methoxy-N,N-dimethyltryptamine)<\/strong> bir <strong data-start=\"6289\" data-end=\"6313\">tryptamine-alkalo\u00efde<\/strong> die wordt gebruikt voor onderzoek naar serotonine-receptoren en indoolstructuren.<\/p>\n<p data-start=\"6399\" data-end=\"6551\"><strong data-start=\"6399\" data-end=\"6455\">2. Wat zit er in het 5-MeO-DMT Freebase 0,25g Zakje?<\/strong><br data-start=\"6455\" data-end=\"6458\" \/>Het zakje bevat <strong data-start=\"6474\" data-end=\"6496\">0,25 gram (250 mg)<\/strong> <strong data-start=\"6497\" data-end=\"6519\">5-MeO-DMT freebase<\/strong> met een zuiverheid van \u2265 98%.<\/p>\n<p data-start=\"6553\" data-end=\"6776\"><strong data-start=\"6553\" data-end=\"6596\">3. Is het legaal om 5-MeO-DMT te kopen?<\/strong><br data-start=\"6596\" data-end=\"6599\" \/>Bu <strong data-start=\"6602\" data-end=\"6630\">legaliteit van 5-MeO-DMT<\/strong> verschilt per land. In sommige landen valt het onder gereguleerde stoffen. Controleer altijd de lokale wetgeving voordat u <strong data-start=\"6754\" data-end=\"6773\">5-MeO-DMT koopt<\/strong>.<\/p>\n<div class=\"markdown-table-wrapper\"><\/div>","protected":false},"excerpt":{"rendered":"<h2><strong><span dir=\"auto\" style=\"vertical-align: inherit;\"><span dir=\"auto\" style=\"vertical-align: inherit;\">5-MeO-DMT Freebase bag with 0.25 grams<\/span><\/span><\/strong><\/h2>","protected":false},"featured_media":16918,"comment_status":"closed","ping_status":"closed","template":"","meta":[],"product_brand":[],"product_cat":[468],"product_tag":[226,22],"class_list":{"0":"post-1324","1":"product","2":"type-product","3":"status-publish","4":"has-post-thumbnail","6":"product_cat-b2b","7":"product_tag-5-meo-dmt-freebase","8":"product_tag-nl","10":"first","11":"instock","12":"shipping-taxable","13":"purchasable","14":"product-type-variable"},"_links":{"self":[{"href":"https:\/\/researchchemicalshop.eu\/tr\/wp-json\/wp\/v2\/product\/1324","targetHints":{"allow":["GET"]}}],"collection":[{"href":"https:\/\/researchchemicalshop.eu\/tr\/wp-json\/wp\/v2\/product"}],"about":[{"href":"https:\/\/researchchemicalshop.eu\/tr\/wp-json\/wp\/v2\/types\/product"}],"replies":[{"embeddable":true,"href":"https:\/\/researchchemicalshop.eu\/tr\/wp-json\/wp\/v2\/comments?post=1324"}],"version-history":[{"count":3,"href":"https:\/\/researchchemicalshop.eu\/tr\/wp-json\/wp\/v2\/product\/1324\/revisions"}],"predecessor-version":[{"id":16661,"href":"https:\/\/researchchemicalshop.eu\/tr\/wp-json\/wp\/v2\/product\/1324\/revisions\/16661"}],"wp:featuredmedia":[{"embeddable":true,"href":"https:\/\/researchchemicalshop.eu\/tr\/wp-json\/wp\/v2\/media\/16918"}],"wp:attachment":[{"href":"https:\/\/researchchemicalshop.eu\/tr\/wp-json\/wp\/v2\/media?parent=1324"}],"wp:term":[{"taxonomy":"product_brand","embeddable":true,"href":"https:\/\/researchchemicalshop.eu\/tr\/wp-json\/wp\/v2\/product_brand?post=1324"},{"taxonomy":"product_cat","embeddable":true,"href":"https:\/\/researchchemicalshop.eu\/tr\/wp-json\/wp\/v2\/product_cat?post=1324"},{"taxonomy":"product_tag","embeddable":true,"href":"https:\/\/researchchemicalshop.eu\/tr\/wp-json\/wp\/v2\/product_tag?post=1324"}],"curies":[{"name":"wp","href":"https:\/\/api.w.org\/{rel}","templated":true}]}}