{"id":1321,"date":"2026-02-09T11:56:22","date_gmt":"2026-02-09T11:56:22","guid":{"rendered":"https:\/\/researchchemicalshop.eu\/?post_type=product&#038;p=1321"},"modified":"2026-02-28T17:58:15","modified_gmt":"2026-02-28T17:58:15","slug":"5-mapb-3","status":"publish","type":"product","link":"https:\/\/researchchemicalshop.eu\/tr\/urun\/5-mapb-3\/","title":{"rendered":"5 MAPB 5ml T\u00fcp"},"content":{"rendered":"<ul>\n<li>\n<h3 data-start=\"4017\" data-end=\"4038\"><strong data-start=\"4021\" data-end=\"4036\">Giri\u015f<\/strong><\/h3>\n<p data-start=\"4039\" data-end=\"4448\"><strong data-start=\"4039\" data-end=\"4060\">5-MAPB 5ml Buisje<\/strong> bevat een <strong data-start=\"4071\" data-end=\"4115\">nauwkeurig bereide laboratoriumoplossing<\/strong> van <strong data-start=\"4120\" data-end=\"4166\">5-MAPB (5-(2-Methylaminopropyl)benzofuran)<\/strong> - bir <strong data-start=\"4173\" data-end=\"4202\">benzofuraan-onderzoekstof<\/strong> ile yap\u0131sal olarak ili\u015fkili olan <strong data-start=\"4234\" data-end=\"4243\">6-APB<\/strong> ve <strong data-start=\"4247\" data-end=\"4255\">MDMA<\/strong>. 5 mapb<br data-start=\"4256\" data-end=\"4259\" \/>\u0130\u00e7eride <strong data-start=\"4266\" data-end=\"4307\">anali\u0307ti\u0307k ve n\u00f6roki\u0307myasal ara\u015ftirmalar<\/strong> wordt 5-MAPB gebruikt voor studies naar <strong data-start=\"4348\" data-end=\"4374\">monoamine-transporters<\/strong>, <strong data-start=\"4376\" data-end=\"4402\">serotonerge activiteit<\/strong> ve <strong data-start=\"4406\" data-end=\"4445\">chromatografische referentieanalyse<\/strong>.<\/p>\n<p data-start=\"4450\" data-end=\"4650\">De oplossing wordt bereid met <strong data-start=\"4480\" data-end=\"4503\">\u2265 98% zuiver 5-MAPB<\/strong>, opgelost in een <strong data-start=\"4521\" data-end=\"4553\">onderzoeksklasse-oplosmiddel<\/strong>, en verpakt in een <strong data-start=\"4573\" data-end=\"4607\">amberkleurig 5ml glazen buisje<\/strong> ter bescherming tegen licht en oxidatie.<\/p>\n<blockquote data-start=\"4652\" data-end=\"4798\">\n<p data-start=\"4654\" data-end=\"4798\">\u26a0\ufe0f <strong data-start=\"4657\" data-end=\"4668\">Not:<\/strong> Bu \u00fcr\u00fcn yaln\u0131zca a\u015fa\u011f\u0131dakiler i\u00e7in tasarlanm\u0131\u015ft\u0131r <strong data-start=\"4709\" data-end=\"4744\">ara\u015ft\u0131rma ve analitik kullan\u0131m<\/strong> \u2014 <strong data-start=\"4747\" data-end=\"4795\">insan veya hayvan t\u00fcketimi i\u00e7in de\u011fil<\/strong>.<\/p>\n<\/blockquote>\n<hr data-start=\"4800\" data-end=\"4803\" \/>\n<h3 data-start=\"4805\" data-end=\"4836\"><strong data-start=\"4809\" data-end=\"4836\">Temel \u00f6zellikler<\/strong><\/h3>\n<div class=\"_tableContainer_1rjym_1\">\n<div class=\"group _tableWrapper_1rjym_13 flex w-fit flex-col-reverse\" tabindex=\"-1\">\n<table class=\"w-fit min-w-(--thread-content-width)\" data-start=\"4838\" data-end=\"5435\">\n<thead data-start=\"4838\" data-end=\"4864\">\n<tr data-start=\"4838\" data-end=\"4864\">\n<th data-start=\"4838\" data-end=\"4848\" data-col-size=\"sm\">\u00d6zellik<\/th>\n<th data-start=\"4848\" data-end=\"4864\" data-col-size=\"md\">A\u00e7\u0131klama<\/th>\n<\/tr>\n<\/thead>\n<tbody data-start=\"4893\" data-end=\"5435\">\n<tr data-start=\"4893\" data-end=\"4951\">\n<td data-start=\"4893\" data-end=\"4914\" data-col-size=\"sm\"><strong data-start=\"4895\" data-end=\"4913\">Kimyasal Ad\u0131<\/strong><\/td>\n<td data-start=\"4914\" data-end=\"4951\" data-col-size=\"md\">5-(2-Methylaminopropyl)benzofuran<\/td>\n<\/tr>\n<tr data-start=\"4952\" data-end=\"4987\">\n<td data-start=\"4952\" data-end=\"4977\" data-col-size=\"sm\"><strong data-start=\"4954\" data-end=\"4976\">Ortak \u0130sim<\/strong><\/td>\n<td data-start=\"4977\" data-end=\"4987\" data-col-size=\"md\">5-MAPB<\/td>\n<\/tr>\n<tr data-start=\"4988\" data-end=\"5024\">\n<td data-start=\"4988\" data-end=\"5012\" data-col-size=\"sm\"><strong data-start=\"4990\" data-end=\"5011\">Kimyasal Form\u00fcl<\/strong><\/td>\n<td data-start=\"5012\" data-end=\"5024\" data-col-size=\"md\">C\u2081\u2082H\u2081\u2087NO<\/td>\n<\/tr>\n<tr data-start=\"5025\" data-end=\"5063\">\n<td data-start=\"5025\" data-end=\"5047\" data-col-size=\"sm\"><strong data-start=\"5027\" data-end=\"5046\">Molek\u00fcler a\u011f\u0131rl\u0131k<\/strong><\/td>\n<td data-start=\"5047\" data-end=\"5063\" data-col-size=\"md\">191,27 g\/mol<\/td>\n<\/tr>\n<tr data-start=\"5064\" data-end=\"5125\">\n<td data-start=\"5064\" data-end=\"5075\" data-col-size=\"sm\"><strong data-start=\"5066\" data-end=\"5074\">Form<\/strong><\/td>\n<td data-start=\"5075\" data-end=\"5125\" data-col-size=\"md\">Vloeibare oplossing (in onderzoeksoplosmiddel)<\/td>\n<\/tr>\n<tr data-start=\"5126\" data-end=\"5189\">\n<td data-start=\"5126\" data-end=\"5145\" data-col-size=\"sm\"><strong data-start=\"5128\" data-end=\"5144\">Concentratie<\/strong><\/td>\n<td data-start=\"5145\" data-end=\"5189\" data-col-size=\"md\">Laboratoriumstandaard (batchafhankelijk)<\/td>\n<\/tr>\n<tr data-start=\"5190\" data-end=\"5237\">\n<td data-start=\"5190\" data-end=\"5203\" data-col-size=\"sm\"><strong data-start=\"5192\" data-end=\"5202\">Volume<\/strong><\/td>\n<td data-start=\"5203\" data-end=\"5237\" data-col-size=\"md\">5ml amberkleurig glazen buisje<\/td>\n<\/tr>\n<tr data-start=\"5238\" data-end=\"5289\">\n<td data-start=\"5238\" data-end=\"5255\" data-col-size=\"sm\"><strong data-start=\"5240\" data-end=\"5254\">Safl\u0131k<\/strong><\/td>\n<td data-start=\"5255\" data-end=\"5289\" data-col-size=\"md\">\u2265 98% (HPLC ve NMR ile test edilmi\u015ftir)<\/td>\n<\/tr>\n<tr data-start=\"5290\" data-end=\"5369\">\n<td data-start=\"5290\" data-end=\"5304\" data-col-size=\"sm\"><strong data-start=\"5292\" data-end=\"5303\">Kullan\u0131m<\/strong><\/td>\n<td data-start=\"5304\" data-end=\"5369\" data-col-size=\"md\">Sadece analitik, adli ve n\u00f6rokimyasal ara\u015ft\u0131rmalar i\u00e7in<\/td>\n<\/tr>\n<tr data-start=\"5370\" data-end=\"5435\">\n<td data-start=\"5370\" data-end=\"5387\" data-col-size=\"sm\"><strong data-start=\"5372\" data-end=\"5386\">Paketleme<\/strong><\/td>\n<td data-start=\"5387\" data-end=\"5435\" data-col-size=\"md\">Amberkleurig glas met luchtdichte afsluiting<\/td>\n<\/tr>\n<\/tbody>\n<\/table>\n<\/div>\n<\/div>\n<hr data-start=\"5437\" data-end=\"5440\" \/>\n<h3 data-start=\"5442\" data-end=\"5459\"><strong data-start=\"5446\" data-end=\"5459\">Avantajlar<\/strong><\/h3>\n<ul data-start=\"5461\" data-end=\"5878\">\n<li data-start=\"5461\" data-end=\"5556\">\n<p data-start=\"5463\" data-end=\"5556\"><strong data-start=\"5463\" data-end=\"5482\">Y\u00fcksek Safl\u0131k<\/strong> \u2013 Bereid met \u2265 98% zuiver 5-MAPB voor betrouwbare onderzoeksresultaten.<\/p>\n<\/li>\n<li data-start=\"5557\" data-end=\"5636\">\n<p data-start=\"5559\" data-end=\"5636\"><strong data-start=\"5559\" data-end=\"5586\">Gebruiksklare Oplossing<\/strong> \u2013 5ml buisje vereenvoudigt dosering en analyse.<\/p>\n<\/li>\n<li data-start=\"5637\" data-end=\"5708\">\n<p data-start=\"5639\" data-end=\"5708\"><strong data-start=\"5639\" data-end=\"5662\">Lichtbestendig Glas<\/strong> \u2013 Beschermt de verbinding tegen degradatie. 5 mapb<\/p>\n<\/li>\n<li data-start=\"5709\" data-end=\"5799\">\n<p data-start=\"5711\" data-end=\"5799\"><strong data-start=\"5711\" data-end=\"5741\">Geni\u015f Ara\u015ft\u0131rma Kaplamas\u0131<\/strong> \u2013 Geschikt voor GC\/MS, LC-MS, HPLC, FTIR en UV-analyse.<\/p>\n<\/li>\n<li data-start=\"5800\" data-end=\"5878\">\n<p data-start=\"5802\" data-end=\"5878\"><strong data-start=\"5802\" data-end=\"5825\">Batch-gecontroleerd<\/strong> \u2013 Elke batch getest op concentratie en zuiverheid.<\/p>\n<\/li>\n<\/ul>\n<hr data-start=\"5880\" data-end=\"5883\" \/>\n<h3 data-start=\"5885\" data-end=\"5937\"><strong data-start=\"5889\" data-end=\"5935\">Kullan\u0131m (Sadece Ara\u015ft\u0131rma Ama\u00e7l\u0131)<\/strong><\/h3>\n<ol data-start=\"5939\" data-end=\"6330\">\n<li data-start=\"5939\" data-end=\"6033\">\n<p data-start=\"5942\" data-end=\"6033\"><strong data-start=\"5942\" data-end=\"5957\">Elle\u00e7leme:<\/strong> Gebruik handschoenen, veiligheidsbril en labjas; werk onder een zuurkast.<\/p>\n<\/li>\n<li data-start=\"6034\" data-end=\"6096\">\n<p data-start=\"6037\" data-end=\"6096\"><strong data-start=\"6037\" data-end=\"6050\">\u00d6l\u00e7\u00fcler:<\/strong> Gebruik pipetten voor nauwkeurige dosering.<\/p>\n<\/li>\n<li data-start=\"6097\" data-end=\"6167\">\n<p data-start=\"6100\" data-end=\"6167\"><strong data-start=\"6100\" data-end=\"6111\">Depolama:<\/strong> Bewaar koel (2\u20138\u00b0C), droog en donker; niet invriezen.<\/p>\n<\/li>\n<li data-start=\"6168\" data-end=\"6263\">\n<p data-start=\"6171\" data-end=\"6263\"><strong data-start=\"6171\" data-end=\"6183\">Analiz:<\/strong> Geschikt voor chromatografie, spectroscopie en forensische referentieanalyse.<\/p>\n<\/li>\n<li data-start=\"6264\" data-end=\"6330\">\n<p data-start=\"6267\" data-end=\"6330\"><strong data-start=\"6267\" data-end=\"6284\">Dok\u00fcmantasyon:<\/strong> Noteer batchnummers en analysecertificaten.<\/p>\n<\/li>\n<\/ol>\n<hr data-start=\"6332\" data-end=\"6335\" \/>\n<h3 data-start=\"6337\" data-end=\"6372\"><strong data-start=\"6341\" data-end=\"6370\">S\u0131k\u00e7a sorulan sorular (SSS)<\/strong><\/h3>\n<p data-start=\"6374\" data-end=\"6553\"><strong data-start=\"6374\" data-end=\"6395\">1. Wat is 5-MAPB?<\/strong><br data-start=\"6395\" data-end=\"6398\" \/><strong data-start=\"6398\" data-end=\"6444\">5-MAPB (5-(2-Methylaminopropyl)benzofuran)<\/strong> bir <strong data-start=\"6452\" data-end=\"6490\">synthetische benzofuraanverbinding<\/strong> die wordt gebruikt in analytisch en neurochemisch onderzoek.<\/p>\n<p data-start=\"6555\" data-end=\"6708\"><strong data-start=\"6555\" data-end=\"6598\">2. Wat zit er in het 5-MAPB 5ml Buisje?<\/strong><br data-start=\"6598\" data-end=\"6601\" \/>Het buisje bevat <strong data-start=\"6618\" data-end=\"6642\">5ml 5-MAPB-oplossing<\/strong> (\u2265 98% zuiverheid), klaar voor gebruik in laboratoriumanalyses.<\/p>\n<p data-start=\"6710\" data-end=\"6922\"><strong data-start=\"6710\" data-end=\"6750\">3. Is het legaal om 5-MAPB te kopen?<\/strong><br data-start=\"6750\" data-end=\"6753\" \/>Bu <strong data-start=\"6756\" data-end=\"6781\">legaliteit van 5-MAPB<\/strong> verschilt per land. In sommige landen is het gereguleerd onder de Opiumwet; controleer altijd lokale wetgeving voordat u <strong data-start=\"6903\" data-end=\"6919\">5-MAPB koopt<\/strong>.<\/p>\n<\/li>\n<\/ul>","protected":false},"excerpt":{"rendered":"<h2><strong><span dir=\"auto\" style=\"vertical-align: inherit;\"><span dir=\"auto\" style=\"vertical-align: inherit;\">5-MAPB 5ml Tube<\/span><\/span><\/strong><\/h2>","protected":false},"featured_media":16912,"comment_status":"closed","ping_status":"closed","template":"","meta":[],"product_brand":[],"product_cat":[468],"product_tag":[137,22],"class_list":{"0":"post-1321","1":"product","2":"type-product","3":"status-publish","4":"has-post-thumbnail","6":"product_cat-b2b","7":"product_tag-5-mapb","8":"product_tag-nl","10":"first","11":"instock","12":"shipping-taxable","13":"purchasable","14":"product-type-variable"},"_links":{"self":[{"href":"https:\/\/researchchemicalshop.eu\/tr\/wp-json\/wp\/v2\/product\/1321","targetHints":{"allow":["GET"]}}],"collection":[{"href":"https:\/\/researchchemicalshop.eu\/tr\/wp-json\/wp\/v2\/product"}],"about":[{"href":"https:\/\/researchchemicalshop.eu\/tr\/wp-json\/wp\/v2\/types\/product"}],"replies":[{"embeddable":true,"href":"https:\/\/researchchemicalshop.eu\/tr\/wp-json\/wp\/v2\/comments?post=1321"}],"version-history":[{"count":1,"href":"https:\/\/researchchemicalshop.eu\/tr\/wp-json\/wp\/v2\/product\/1321\/revisions"}],"predecessor-version":[{"id":16498,"href":"https:\/\/researchchemicalshop.eu\/tr\/wp-json\/wp\/v2\/product\/1321\/revisions\/16498"}],"wp:featuredmedia":[{"embeddable":true,"href":"https:\/\/researchchemicalshop.eu\/tr\/wp-json\/wp\/v2\/media\/16912"}],"wp:attachment":[{"href":"https:\/\/researchchemicalshop.eu\/tr\/wp-json\/wp\/v2\/media?parent=1321"}],"wp:term":[{"taxonomy":"product_brand","embeddable":true,"href":"https:\/\/researchchemicalshop.eu\/tr\/wp-json\/wp\/v2\/product_brand?post=1321"},{"taxonomy":"product_cat","embeddable":true,"href":"https:\/\/researchchemicalshop.eu\/tr\/wp-json\/wp\/v2\/product_cat?post=1321"},{"taxonomy":"product_tag","embeddable":true,"href":"https:\/\/researchchemicalshop.eu\/tr\/wp-json\/wp\/v2\/product_tag?post=1321"}],"curies":[{"name":"wp","href":"https:\/\/api.w.org\/{rel}","templated":true}]}}