{"id":1312,"date":"2026-02-09T11:56:21","date_gmt":"2026-02-09T11:56:21","guid":{"rendered":"https:\/\/researchchemicalshop.eu\/?post_type=product&#038;p=1312"},"modified":"2026-02-13T13:27:56","modified_gmt":"2026-02-13T13:27:56","slug":"1p-lsd-2","status":"publish","type":"product","link":"https:\/\/researchchemicalshop.eu\/tr\/urun\/1p-lsd-2\/","title":{"rendered":"1P LSD torbas\u0131 1 kurutma ka\u011f\u0131d\u0131"},"content":{"rendered":"<h3 data-start=\"4209\" data-end=\"4230\"><strong data-start=\"4213\" data-end=\"4228\">Giri\u015f<\/strong><\/h3>\n<p data-start=\"4231\" data-end=\"4639\"><strong data-start=\"4231\" data-end=\"4259\">1P-LSD Zakje (1 Blotter)<\/strong> bevat <strong data-start=\"4266\" data-end=\"4302\">\u00e9\u00e9n nauwkeurig afgewogen blotter<\/strong> ge\u00efmpregneerd met <strong data-start=\"4321\" data-end=\"4371\">1P-LSD (1-Propionyl-lyserginezuurdiethylamide)<\/strong> - bir <strong data-start=\"4378\" data-end=\"4404\">lysergamide-verbinding<\/strong> ile yap\u0131sal olarak ili\u015fkili olan <strong data-start=\"4436\" data-end=\"4446\">LSD-25<\/strong>. 1p lsd kopen<br data-start=\"4447\" data-end=\"4450\" \/>\u0130\u00e7eride <strong data-start=\"4457\" data-end=\"4498\">anali\u0307ti\u0307k ve n\u00f6roki\u0307myasal ara\u015ftirmalar<\/strong> wordt 1P-LSD gebruikt als <strong data-start=\"4525\" data-end=\"4543\">referans madde<\/strong> \u00e7al\u0131\u015fmalar\u0131nda <strong data-start=\"4561\" data-end=\"4580\">receptorbinding<\/strong>, <strong data-start=\"4582\" data-end=\"4597\">metabolizma<\/strong> ve <strong data-start=\"4601\" data-end=\"4636\">chromatografische identificatie<\/strong>.<\/p>\n<p data-start=\"4641\" data-end=\"4856\">Elke blotter wordt geproduceerd onder <strong data-start=\"4679\" data-end=\"4724\">gecontroleerde laboratoriumomstandigheden<\/strong>, met een <strong data-start=\"4734\" data-end=\"4758\">\u2265 98%'nin safl\u0131\u011f\u0131<\/strong>, taraf\u0131ndan onaylanm\u0131\u015ft\u0131r. <strong data-start=\"4775\" data-end=\"4799\">HPLC- en NMR-analyse<\/strong>, en verpakt in een <strong data-start=\"4819\" data-end=\"4853\">licht- en vochtbestendig zakje<\/strong>.<\/p>\n<blockquote data-start=\"4858\" data-end=\"4999\">\n<p data-start=\"4860\" data-end=\"4999\">\u26a0\ufe0f <strong data-start=\"4863\" data-end=\"4874\">Not:<\/strong> 1P-LSD is uitsluitend bedoeld voor <strong data-start=\"4910\" data-end=\"4945\">ara\u015ft\u0131rma ve analitik kullan\u0131m<\/strong> \u2014 <strong data-start=\"4948\" data-end=\"4996\">insan veya hayvan t\u00fcketimi i\u00e7in de\u011fil<\/strong>.<\/p>\n<\/blockquote>\n<hr data-start=\"5001\" data-end=\"5004\" \/>\n<h3 data-start=\"5006\" data-end=\"5037\"><strong data-start=\"5010\" data-end=\"5037\">Temel \u00f6zellikler<\/strong><\/h3>\n<div class=\"_tableContainer_1rjym_1\">\n<div class=\"group _tableWrapper_1rjym_13 flex w-fit flex-col-reverse\" tabindex=\"-1\">\n<table class=\"w-fit min-w-(--thread-content-width)\" data-start=\"5039\" data-end=\"5602\">\n<thead data-start=\"5039\" data-end=\"5065\">\n<tr data-start=\"5039\" data-end=\"5065\">\n<th data-start=\"5039\" data-end=\"5049\" data-col-size=\"sm\">\u00d6zellik<\/th>\n<th data-start=\"5049\" data-end=\"5065\" data-col-size=\"md\">A\u00e7\u0131klama<\/th>\n<\/tr>\n<\/thead>\n<tbody data-start=\"5094\" data-end=\"5602\">\n<tr data-start=\"5094\" data-end=\"5156\">\n<td data-start=\"5094\" data-end=\"5115\" data-col-size=\"sm\"><strong data-start=\"5096\" data-end=\"5114\">Kimyasal Ad\u0131<\/strong><\/td>\n<td data-start=\"5115\" data-end=\"5156\" data-col-size=\"md\">1-Propionyl-lyserginezuurdiethylamide<\/td>\n<\/tr>\n<tr data-start=\"5157\" data-end=\"5192\">\n<td data-start=\"5157\" data-end=\"5182\" data-col-size=\"sm\"><strong data-start=\"5159\" data-end=\"5181\">Ortak \u0130sim<\/strong><\/td>\n<td data-start=\"5182\" data-end=\"5192\" data-col-size=\"md\">1P-LSD<\/td>\n<\/tr>\n<tr data-start=\"5193\" data-end=\"5231\">\n<td data-start=\"5193\" data-end=\"5217\" data-col-size=\"sm\"><strong data-start=\"5195\" data-end=\"5216\">Kimyasal Form\u00fcl<\/strong><\/td>\n<td data-start=\"5217\" data-end=\"5231\" data-col-size=\"md\">C\u2082\u2083H\u2082\u2089N\u2083O\u2082<\/td>\n<\/tr>\n<tr data-start=\"5232\" data-end=\"5270\">\n<td data-start=\"5232\" data-end=\"5254\" data-col-size=\"sm\"><strong data-start=\"5234\" data-end=\"5253\">Molek\u00fcler a\u011f\u0131rl\u0131k<\/strong><\/td>\n<td data-start=\"5254\" data-end=\"5270\" data-col-size=\"md\">379,50 g\/mol<\/td>\n<\/tr>\n<tr data-start=\"5271\" data-end=\"5302\">\n<td data-start=\"5271\" data-end=\"5282\" data-col-size=\"sm\"><strong data-start=\"5273\" data-end=\"5281\">Form<\/strong><\/td>\n<td data-start=\"5282\" data-end=\"5302\" data-col-size=\"md\">Blotter (1 stuk)<\/td>\n<\/tr>\n<tr data-start=\"5303\" data-end=\"5347\">\n<td data-start=\"5303\" data-end=\"5318\" data-col-size=\"sm\"><strong data-start=\"5305\" data-end=\"5317\">Dozaj<\/strong><\/td>\n<td data-start=\"5318\" data-end=\"5347\" data-col-size=\"md\">1 blotter (meestal 100\u00b5g)<\/td>\n<\/tr>\n<tr data-start=\"5348\" data-end=\"5399\">\n<td data-start=\"5348\" data-end=\"5365\" data-col-size=\"sm\"><strong data-start=\"5350\" data-end=\"5364\">Safl\u0131k<\/strong><\/td>\n<td data-start=\"5365\" data-end=\"5399\" data-col-size=\"md\">\u2265 98% (HPLC ve NMR ile test edilmi\u015ftir)<\/td>\n<\/tr>\n<tr data-start=\"5400\" data-end=\"5458\">\n<td data-start=\"5400\" data-end=\"5423\" data-col-size=\"sm\"><strong data-start=\"5402\" data-end=\"5422\">Kimyasal S\u0131n\u0131f<\/strong><\/td>\n<td data-start=\"5423\" data-end=\"5458\" data-col-size=\"md\">Lisergamid \/ ergolin t\u00fcrevi<\/td>\n<\/tr>\n<tr data-start=\"5459\" data-end=\"5538\">\n<td data-start=\"5459\" data-end=\"5473\" data-col-size=\"sm\"><strong data-start=\"5461\" data-end=\"5472\">Kullan\u0131m<\/strong><\/td>\n<td data-start=\"5473\" data-end=\"5538\" data-col-size=\"md\">Sadece analitik, adli ve n\u00f6rokimyasal ara\u015ft\u0131rmalar i\u00e7in<\/td>\n<\/tr>\n<tr data-start=\"5539\" data-end=\"5602\">\n<td data-start=\"5539\" data-end=\"5556\" data-col-size=\"sm\"><strong data-start=\"5541\" data-end=\"5555\">Paketleme<\/strong><\/td>\n<td data-start=\"5556\" data-end=\"5602\" data-col-size=\"md\">Licht- en vochtbestendige folie verpakking<\/td>\n<\/tr>\n<\/tbody>\n<\/table>\n<\/div>\n<\/div>\n<hr data-start=\"5604\" data-end=\"5607\" \/>\n<h3 data-start=\"5609\" data-end=\"5626\"><strong data-start=\"5613\" data-end=\"5626\">Avantajlar<\/strong><\/h3>\n<ul data-start=\"5628\" data-end=\"6044\">\n<li data-start=\"5628\" data-end=\"5720\">\n<p data-start=\"5630\" data-end=\"5720\"><strong data-start=\"5630\" data-end=\"5649\">Y\u00fcksek Safl\u0131k<\/strong> - G\u00fcvenilir test sonu\u00e7lar\u0131 i\u00e7in \u2265 98% laboratuvar s\u0131n\u0131f\u0131.<\/p>\n<\/li>\n<li data-start=\"5721\" data-end=\"5794\">\n<p data-start=\"5723\" data-end=\"5794\"><strong data-start=\"5723\" data-end=\"5747\">Hassas dozaj<\/strong> \u2013 Elke blotter bevat exact afgemeten 1P-LSD.<\/p>\n<\/li>\n<li data-start=\"5795\" data-end=\"5880\">\n<p data-start=\"5797\" data-end=\"5880\"><strong data-start=\"5797\" data-end=\"5822\">Koruyucu Ambalaj<\/strong> \u2013 Lichtdicht en vochtbestendig voor lange houdbaarheid.<\/p>\n<\/li>\n<li data-start=\"5881\" data-end=\"5965\">\n<p data-start=\"5883\" data-end=\"5965\"><strong data-start=\"5883\" data-end=\"5907\">Tamamen izlenebilir<\/strong> \u2013 Productie onder gecontroleerde laboratoriumcondities.<\/p>\n<\/li>\n<li data-start=\"5966\" data-end=\"6044\">\n<p data-start=\"5968\" data-end=\"6044\"><strong data-start=\"5968\" data-end=\"5998\">Geni\u015f Ara\u015ft\u0131rma Kaplamas\u0131<\/strong> \u2013 Geschikt voor GC\/MS, LC-MS, FTIR en HPLC. 1p lsd kopen<\/p>\n<\/li>\n<\/ul>\n<hr data-start=\"6046\" data-end=\"6049\" \/>\n<h3 data-start=\"6051\" data-end=\"6103\"><strong data-start=\"6055\" data-end=\"6101\">Kullan\u0131m (Sadece Ara\u015ft\u0131rma Ama\u00e7l\u0131)<\/strong><\/h3>\n<ol data-start=\"6105\" data-end=\"6490\">\n<li data-start=\"6105\" data-end=\"6198\">\n<p data-start=\"6108\" data-end=\"6198\"><strong data-start=\"6108\" data-end=\"6123\">Elle\u00e7leme:<\/strong> Gebruik handschoenen, veiligheidsbril en labjas; vermijd direct contact.<\/p>\n<\/li>\n<li data-start=\"6199\" data-end=\"6274\">\n<p data-start=\"6202\" data-end=\"6274\"><strong data-start=\"6202\" data-end=\"6215\">\u00d6l\u00e7\u00fcler:<\/strong> Noteer dosering, batchnummer en zuiverheid voor analyse.<\/p>\n<\/li>\n<li data-start=\"6275\" data-end=\"6329\">\n<p data-start=\"6278\" data-end=\"6329\"><strong data-start=\"6278\" data-end=\"6289\">Depolama:<\/strong> Serin (2-8\u00b0C), kuru ve karanl\u0131kta saklay\u0131n.<\/p>\n<\/li>\n<li data-start=\"6330\" data-end=\"6413\">\n<p data-start=\"6333\" data-end=\"6413\"><strong data-start=\"6333\" data-end=\"6345\">Analiz:<\/strong> Geschikt voor chromatografie, spectroscopie en receptoronderzoek.<\/p>\n<\/li>\n<li data-start=\"6414\" data-end=\"6490\">\n<p data-start=\"6417\" data-end=\"6490\"><strong data-start=\"6417\" data-end=\"6434\">Dok\u00fcmantasyon:<\/strong> Registreer onderzoeksresultaten voor herhaalbaarheid.<\/p>\n<\/li>\n<\/ol>\n<hr data-start=\"6492\" data-end=\"6495\" \/>\n<h3 data-start=\"6497\" data-end=\"6532\"><strong data-start=\"6501\" data-end=\"6530\">S\u0131k\u00e7a sorulan sorular (SSS)<\/strong><\/h3>\n<p data-start=\"6534\" data-end=\"6725\"><strong data-start=\"6534\" data-end=\"6555\">1. Wat is 1P-LSD?<\/strong><br data-start=\"6555\" data-end=\"6558\" \/><strong data-start=\"6558\" data-end=\"6568\">1P-LSD<\/strong> bir <strong data-start=\"6576\" data-end=\"6602\">lysergamide-verbinding<\/strong> die structureel verwant is aan LSD-25 en gebruikt wordt voor onderzoek naar receptorbinding en neurochemische processen.<\/p>\n<p data-start=\"6727\" data-end=\"6884\"><strong data-start=\"6727\" data-end=\"6777\">2. Wat zit er in het 1P-LSD Zakje (1 Blotter)?<\/strong><br data-start=\"6777\" data-end=\"6780\" \/>Het zakje bevat <strong data-start=\"6796\" data-end=\"6841\">\u00e9\u00e9n blotter met 1P-LSD (\u2265 98% zuiverheid)<\/strong> voor analytisch en forensisch onderzoek.<\/p>\n<p data-start=\"6886\" data-end=\"7100\"><strong data-start=\"6886\" data-end=\"6926\">3. Is het legaal om 1P-LSD te kopen?<\/strong><br data-start=\"6926\" data-end=\"6929\" \/>Bu <strong data-start=\"6932\" data-end=\"6957\">legaliteit van 1P-LSD<\/strong> verschilt per land. In sommige landen valt het onder gereguleerde stoffen. Controleer altijd de lokale wetgeving voordat u <strong data-start=\"7081\" data-end=\"7097\">1P-LSD koopt<\/strong>.<\/p>\n<div class=\"markdown-table-wrapper\"><\/div>","protected":false},"excerpt":{"rendered":"<h2><strong><span dir=\"auto\" style=\"vertical-align: inherit;\"><span dir=\"auto\" style=\"vertical-align: inherit;\">1P-LSD bag with 1 blotter<\/span><\/span><\/strong><\/h2>\n<ul>\n<li><strong><span dir=\"auto\" style=\"vertical-align: inherit;\"><span dir=\"auto\" style=\"vertical-align: inherit;\">Retail packaging<\/span><\/span><br \/>\n<\/strong><\/li>\n<li><strong><span dir=\"auto\" style=\"vertical-align: inherit;\"><span dir=\"auto\" style=\"vertical-align: inherit;\">Amount of blotters per bag: 1<\/span><\/span><\/strong><\/li>\n<li><strong><span dir=\"auto\" style=\"vertical-align: inherit;\"><span dir=\"auto\" style=\"vertical-align: inherit;\">Prices exclude 21% VAT<\/span><\/span><\/strong><\/li>\n<li><strong><span dir=\"auto\" style=\"vertical-align: inherit;\"><span dir=\"auto\" style=\"vertical-align: inherit;\">Recommended retail price: \u20ac10.00 incl. VAT<\/span><\/span><\/strong><\/li>\n<\/ul>","protected":false},"featured_media":1341,"comment_status":"closed","ping_status":"closed","template":"","meta":[],"product_brand":[],"product_cat":[468],"product_tag":[272,273,450,22],"class_list":{"0":"post-1312","1":"product","2":"type-product","3":"status-publish","4":"has-post-thumbnail","6":"product_cat-b2b","7":"product_tag-1p-lsd","8":"product_tag-1p-lsd-kopen","9":"product_tag-microdose-1p-lsd","10":"product_tag-nl","12":"first","13":"instock","14":"shipping-taxable","15":"purchasable","16":"product-type-variable"},"_links":{"self":[{"href":"https:\/\/researchchemicalshop.eu\/tr\/wp-json\/wp\/v2\/product\/1312","targetHints":{"allow":["GET"]}}],"collection":[{"href":"https:\/\/researchchemicalshop.eu\/tr\/wp-json\/wp\/v2\/product"}],"about":[{"href":"https:\/\/researchchemicalshop.eu\/tr\/wp-json\/wp\/v2\/types\/product"}],"replies":[{"embeddable":true,"href":"https:\/\/researchchemicalshop.eu\/tr\/wp-json\/wp\/v2\/comments?post=1312"}],"version-history":[{"count":2,"href":"https:\/\/researchchemicalshop.eu\/tr\/wp-json\/wp\/v2\/product\/1312\/revisions"}],"predecessor-version":[{"id":16663,"href":"https:\/\/researchchemicalshop.eu\/tr\/wp-json\/wp\/v2\/product\/1312\/revisions\/16663"}],"wp:featuredmedia":[{"embeddable":true,"href":"https:\/\/researchchemicalshop.eu\/tr\/wp-json\/wp\/v2\/media\/1341"}],"wp:attachment":[{"href":"https:\/\/researchchemicalshop.eu\/tr\/wp-json\/wp\/v2\/media?parent=1312"}],"wp:term":[{"taxonomy":"product_brand","embeddable":true,"href":"https:\/\/researchchemicalshop.eu\/tr\/wp-json\/wp\/v2\/product_brand?post=1312"},{"taxonomy":"product_cat","embeddable":true,"href":"https:\/\/researchchemicalshop.eu\/tr\/wp-json\/wp\/v2\/product_cat?post=1312"},{"taxonomy":"product_tag","embeddable":true,"href":"https:\/\/researchchemicalshop.eu\/tr\/wp-json\/wp\/v2\/product_tag?post=1312"}],"curies":[{"name":"wp","href":"https:\/\/api.w.org\/{rel}","templated":true}]}}