{"id":1307,"date":"2026-02-09T11:56:21","date_gmt":"2026-02-09T11:56:21","guid":{"rendered":"https:\/\/researchchemicalshop.eu\/?post_type=product&#038;p=1307"},"modified":"2026-02-28T18:09:45","modified_gmt":"2026-02-28T18:09:45","slug":"3-me-pce-hcl","status":"publish","type":"product","link":"https:\/\/researchchemicalshop.eu\/tr\/urun\/3-me-pce-hcl\/","title":{"rendered":"3 Me PCE HCl (3-Metiletisiklidin)"},"content":{"rendered":"<h3 data-start=\"4151\" data-end=\"4172\"><strong data-start=\"4155\" data-end=\"4170\">Giri\u015f<\/strong><\/h3>\n<p data-start=\"4173\" data-end=\"4576\"><strong data-start=\"4173\" data-end=\"4213\">3-Me-PCE HCl (3-Metiletisiklidin)<\/strong> bir <strong data-start=\"4221\" data-end=\"4268\">dissosiyatif arilsikloheksilamin bile\u015fi\u011fi<\/strong> ve bir <strong data-start=\"4276\" data-end=\"4322\">PCE'nin (Etisiklidin) yap\u0131sal analo\u011fu<\/strong> ve <strong data-start=\"4326\" data-end=\"4363\">3-MeO-PCE (3-Metoksietisiklidin)<\/strong>. 3-me-pce<br data-start=\"4364\" data-end=\"4367\" \/>\u0130\u00e7inde kullan\u0131l\u0131r <strong data-start=\"4389\" data-end=\"4442\">analitik, adli ve n\u00f6rokimyasal ara\u015ft\u0131rmalar<\/strong> i\u00e7in <strong data-start=\"4446\" data-end=\"4474\">NMDA resept\u00f6r antagonizmas\u0131<\/strong>, <strong data-start=\"4476\" data-end=\"4518\">yap\u0131-aktivite ili\u015fkileri (SAR)<\/strong> ve <strong data-start=\"4522\" data-end=\"4559\">farmakoloji\u0307k ba\u011flanma profi\u0307lleri\u0307<\/strong> \u00e7al\u0131\u015fma.<\/p>\n<p data-start=\"4578\" data-end=\"4811\">\u00dcr\u00fcn \u015fu \u015fekilde gelir <strong data-start=\"4613\" data-end=\"4665\">y\u00fcksek safl\u0131kta kristal hidroklor\u00fcr tuzu (\u2265 98%)<\/strong>, alt\u0131nda \u00fcretilen <strong data-start=\"4686\" data-end=\"4726\">kontroll\u00fc laboratuvar ko\u015fullar\u0131<\/strong>. \u015eunlar i\u00e7in idealdir <strong data-start=\"4740\" data-end=\"4773\">kromatografi, spektroskopi<\/strong> ve kar\u015f\u0131la\u015ft\u0131rmal\u0131 kimyasal \u00e7al\u0131\u015fmalar.<\/p>\n<blockquote data-start=\"4813\" data-end=\"4960\">\n<p data-start=\"4815\" data-end=\"4960\">\u26a0\ufe0f <strong data-start=\"4818\" data-end=\"4829\">Not:<\/strong> 3-Me-PCE HCl sadece a\u015fa\u011f\u0131dakiler i\u00e7in tasarlanm\u0131\u015ft\u0131r <strong data-start=\"4871\" data-end=\"4906\">ara\u015ft\u0131rma ve analitik kullan\u0131m<\/strong> \u2014 <strong data-start=\"4909\" data-end=\"4957\">insan veya hayvan t\u00fcketimi i\u00e7in de\u011fil<\/strong>.<\/p>\n<\/blockquote>\n<hr data-start=\"4962\" data-end=\"4965\" \/>\n<h3 data-start=\"4967\" data-end=\"4998\"><strong data-start=\"4971\" data-end=\"4998\">Temel \u00f6zellikler<\/strong><\/h3>\n<div class=\"_tableContainer_1rjym_1\">\n<div class=\"group _tableWrapper_1rjym_13 flex w-fit flex-col-reverse\" tabindex=\"-1\">\n<table class=\"w-fit min-w-(--thread-content-width)\" data-start=\"5000\" data-end=\"5576\">\n<thead data-start=\"5000\" data-end=\"5026\">\n<tr data-start=\"5000\" data-end=\"5026\">\n<th data-start=\"5000\" data-end=\"5010\" data-col-size=\"sm\">\u00d6zellik<\/th>\n<th data-start=\"5010\" data-end=\"5026\" data-col-size=\"md\">A\u00e7\u0131klama<\/th>\n<\/tr>\n<\/thead>\n<tbody data-start=\"5055\" data-end=\"5576\">\n<tr data-start=\"5055\" data-end=\"5115\">\n<td data-start=\"5055\" data-end=\"5076\" data-col-size=\"sm\"><strong data-start=\"5057\" data-end=\"5075\">Kimyasal Ad\u0131<\/strong><\/td>\n<td data-start=\"5076\" data-end=\"5115\" data-col-size=\"md\">3-Metiletisiklidin Hidroklor\u00fcr<\/td>\n<\/tr>\n<tr data-start=\"5116\" data-end=\"5157\">\n<td data-start=\"5116\" data-end=\"5141\" data-col-size=\"sm\"><strong data-start=\"5118\" data-end=\"5140\">Ortak \u0130sim<\/strong><\/td>\n<td data-start=\"5141\" data-end=\"5157\" data-col-size=\"md\">3-Me-PCE HCl<\/td>\n<\/tr>\n<tr data-start=\"5158\" data-end=\"5197\">\n<td data-start=\"5158\" data-end=\"5182\" data-col-size=\"sm\"><strong data-start=\"5160\" data-end=\"5181\">Kimyasal Form\u00fcl<\/strong><\/td>\n<td data-start=\"5182\" data-end=\"5197\" data-col-size=\"md\">C\u2081\u2084H\u2082\u2081N-HCl<\/td>\n<\/tr>\n<tr data-start=\"5198\" data-end=\"5236\">\n<td data-start=\"5198\" data-end=\"5220\" data-col-size=\"sm\"><strong data-start=\"5200\" data-end=\"5219\">Molek\u00fcler a\u011f\u0131rl\u0131k<\/strong><\/td>\n<td data-start=\"5220\" data-end=\"5236\" data-col-size=\"md\">239,79 g\/mol<\/td>\n<\/tr>\n<tr data-start=\"5237\" data-end=\"5272\">\n<td data-start=\"5237\" data-end=\"5248\" data-col-size=\"sm\"><strong data-start=\"5239\" data-end=\"5247\">Form<\/strong><\/td>\n<td data-start=\"5248\" data-end=\"5272\" data-col-size=\"md\">Kristalin HCl tuzu<\/td>\n<\/tr>\n<tr data-start=\"5273\" data-end=\"5324\">\n<td data-start=\"5273\" data-end=\"5290\" data-col-size=\"sm\"><strong data-start=\"5275\" data-end=\"5289\">Safl\u0131k<\/strong><\/td>\n<td data-start=\"5290\" data-end=\"5324\" data-col-size=\"md\">\u2265 98% (HPLC ve NMR ile test edilmi\u015ftir)<\/td>\n<\/tr>\n<tr data-start=\"5325\" data-end=\"5389\">\n<td data-start=\"5325\" data-end=\"5348\" data-col-size=\"sm\"><strong data-start=\"5327\" data-end=\"5347\">Kimyasal S\u0131n\u0131f<\/strong><\/td>\n<td data-start=\"5348\" data-end=\"5389\" data-col-size=\"md\">Arilsikloheksilamin \/ NMDA antagonisti<\/td>\n<\/tr>\n<tr data-start=\"5390\" data-end=\"5469\">\n<td data-start=\"5390\" data-end=\"5404\" data-col-size=\"sm\"><strong data-start=\"5392\" data-end=\"5403\">Kullan\u0131m<\/strong><\/td>\n<td data-start=\"5404\" data-end=\"5469\" data-col-size=\"md\">Sadece analitik, adli ve n\u00f6rokimyasal ara\u015ft\u0131rmalar i\u00e7in<\/td>\n<\/tr>\n<tr data-start=\"5470\" data-end=\"5537\">\n<td data-start=\"5470\" data-end=\"5487\" data-col-size=\"sm\"><strong data-start=\"5472\" data-end=\"5486\">Paketleme<\/strong><\/td>\n<td data-start=\"5487\" data-end=\"5537\" data-col-size=\"md\">A\u00e7\u0131l\u0131p kapanabilir, neme dayan\u0131kl\u0131 laboratuvar \u00e7antas\u0131<\/td>\n<\/tr>\n<tr data-start=\"5538\" data-end=\"5576\">\n<td data-start=\"5538\" data-end=\"5556\" data-col-size=\"sm\"><strong data-start=\"5540\" data-end=\"5555\">Miktar<\/strong><\/td>\n<td data-start=\"5556\" data-end=\"5576\" data-col-size=\"md\">Po\u015fet ba\u015f\u0131na 1 gram<\/td>\n<\/tr>\n<\/tbody>\n<\/table>\n<\/div>\n<\/div>\n<hr data-start=\"5578\" data-end=\"5581\" \/>\n<h3 data-start=\"5583\" data-end=\"5600\"><strong data-start=\"5587\" data-end=\"5600\">Avantajlar<\/strong><\/h3>\n<ul data-start=\"5602\" data-end=\"6001\">\n<li data-start=\"5602\" data-end=\"5694\">\n<p data-start=\"5604\" data-end=\"5694\"><strong data-start=\"5604\" data-end=\"5623\">Y\u00fcksek Safl\u0131k<\/strong> - G\u00fcvenilir test sonu\u00e7lar\u0131 i\u00e7in \u2265 98% laboratuvar s\u0131n\u0131f\u0131.<\/p>\n<\/li>\n<li data-start=\"5695\" data-end=\"5778\">\n<p data-start=\"5697\" data-end=\"5778\"><strong data-start=\"5697\" data-end=\"5718\">Kararl\u0131 tuz formu<\/strong> - HCl formu geli\u015fmi\u015f stabilite ve \u00e7\u00f6z\u00fcn\u00fcrl\u00fck sunar. 3-me-pce<\/p>\n<\/li>\n<li data-start=\"5779\" data-end=\"5847\">\n<p data-start=\"5781\" data-end=\"5847\"><strong data-start=\"5781\" data-end=\"5801\">Genel olarak uygulanabilir<\/strong> - GC\/MS, LC-MS, FTIR ve HPLC i\u00e7in uygundur.<\/p>\n<\/li>\n<li data-start=\"5848\" data-end=\"5930\">\n<p data-start=\"5850\" data-end=\"5930\"><strong data-start=\"5850\" data-end=\"5875\">\u0130zlenebilir Kalite<\/strong> - Her parti HPLC ve NMR ile test edilmi\u015f ve do\u011frulanm\u0131\u015ft\u0131r.<\/p>\n<\/li>\n<li data-start=\"5931\" data-end=\"6001\">\n<p data-start=\"5933\" data-end=\"6001\"><strong data-start=\"5933\" data-end=\"5958\">Koruyucu Ambalaj<\/strong> - Nem, \u0131\u015f\u0131k ve kirlenmeyi \u00f6nler.<\/p>\n<\/li>\n<\/ul>\n<hr data-start=\"6003\" data-end=\"6006\" \/>\n<h3 data-start=\"6008\" data-end=\"6060\"><strong data-start=\"6012\" data-end=\"6058\">Kullan\u0131m (Sadece Ara\u015ft\u0131rma Ama\u00e7l\u0131)<\/strong><\/h3>\n<ol data-start=\"6062\" data-end=\"6432\">\n<li data-start=\"6062\" data-end=\"6131\">\n<p data-start=\"6065\" data-end=\"6131\"><strong data-start=\"6065\" data-end=\"6080\">Elle\u00e7leme:<\/strong> Eldiven, koruyucu g\u00f6zl\u00fck ve laboratuvar \u00f6nl\u00fc\u011f\u00fc kullan\u0131n.<\/p>\n<\/li>\n<li data-start=\"6132\" data-end=\"6217\">\n<p data-start=\"6135\" data-end=\"6217\"><strong data-start=\"6135\" data-end=\"6148\">\u00d6l\u00e7\u00fcler:<\/strong> Do\u011fru dozajlama i\u00e7in kalibre edilmi\u015f laboratuvar terazileri kullan\u0131n.<\/p>\n<\/li>\n<li data-start=\"6218\" data-end=\"6272\">\n<p data-start=\"6221\" data-end=\"6272\"><strong data-start=\"6221\" data-end=\"6232\">Depolama:<\/strong> Serin (2-8\u00b0C), kuru ve karanl\u0131kta saklay\u0131n.<\/p>\n<\/li>\n<li data-start=\"6273\" data-end=\"6359\">\n<p data-start=\"6276\" data-end=\"6359\"><strong data-start=\"6276\" data-end=\"6288\">Analiz:<\/strong> Kromatografi, spektroskopi ve adli t\u0131p i\u00e7in uygundur.<\/p>\n<\/li>\n<li data-start=\"6360\" data-end=\"6432\">\n<p data-start=\"6363\" data-end=\"6432\"><strong data-start=\"6363\" data-end=\"6380\">Dok\u00fcmantasyon:<\/strong> Parti numaras\u0131n\u0131, safl\u0131\u011f\u0131 ve test sonu\u00e7lar\u0131n\u0131 not edin.<\/p>\n<\/li>\n<\/ol>\n<hr data-start=\"6434\" data-end=\"6437\" \/>\n<h3 data-start=\"6439\" data-end=\"6474\"><strong data-start=\"6443\" data-end=\"6472\">S\u0131k\u00e7a sorulan sorular (SSS)<\/strong><\/h3>\n<p data-start=\"6476\" data-end=\"6675\"><strong data-start=\"6476\" data-end=\"6503\">1. 3-Me-PCE HCl nedir?<\/strong><br data-start=\"6503\" data-end=\"6506\" \/><strong data-start=\"6506\" data-end=\"6518\">3-Me-PCE<\/strong> bir <strong data-start=\"6526\" data-end=\"6554\">dissosiyatif ba\u011flant\u0131<\/strong> arilsikloheksilamin s\u0131n\u0131f\u0131ndan, PCE ve 3-MeO-PCE ile ili\u015fkili ve NMDA resept\u00f6rleri \u00fczerine ara\u015ft\u0131rmalar i\u00e7in kullan\u0131l\u0131r.<\/p>\n<p data-start=\"6677\" data-end=\"6833\"><strong data-start=\"6677\" data-end=\"6723\">2. 3-Me-PCE HCl \u00fcr\u00fcn\u00fcn\u00fcn i\u00e7inde ne bulunur?<\/strong><br data-start=\"6723\" data-end=\"6726\" \/>\u00dcr\u00fcn \u015funlar\u0131 i\u00e7erir <strong data-start=\"6744\" data-end=\"6773\">\u2265 98% saf 3-Me-PCE HCl<\/strong> Kristal formda, laboratuvar testleri i\u00e7in paketlenmi\u015ftir.<\/p>\n<p data-start=\"6835\" data-end=\"7000\"><strong data-start=\"6835\" data-end=\"6877\">3. 3-Me-PCE sat\u0131n almak yasal m\u0131?<\/strong><br data-start=\"6877\" data-end=\"6880\" \/>Bu <strong data-start=\"6883\" data-end=\"6910\">3-Me-PCE'nin yasall\u0131\u011f\u0131<\/strong> \u00fclkeden \u00fclkeye de\u011fi\u015fir. Her zaman \u00f6nce yerel yasalar\u0131 kontrol edin <strong data-start=\"6979\" data-end=\"6997\">3-Me-PCE sat\u0131n al\u0131yor<\/strong>.<\/p>","protected":false},"excerpt":{"rendered":"<h3><span dir=\"auto\" style=\"vertical-align: inherit;\"><span dir=\"auto\" style=\"vertical-align: inherit;\">3-Me-PCE properties<\/span><\/span><\/h3>\n<p><strong><span dir=\"auto\" style=\"vertical-align: inherit;\"><span dir=\"auto\" style=\"vertical-align: inherit;\">Synonym<\/span><\/span><\/strong><span dir=\"auto\" style=\"vertical-align: inherit;\"><span dir=\"auto\" style=\"vertical-align: inherit;\"> : 3-Methyleticyclidine <\/span><\/span><br \/>\n<strong><span dir=\"auto\" style=\"vertical-align: inherit;\"><span dir=\"auto\" style=\"vertical-align: inherit;\">CAS <\/span><\/span><\/strong> <strong><span dir=\"auto\" style=\"vertical-align: inherit;\"><span dir=\"auto\" style=\"vertical-align: inherit;\">Number<\/span><\/span><\/strong><span dir=\"auto\" style=\"vertical-align: inherit;\"><span dir=\"auto\" style=\"vertical-align: inherit;\"> : n\/a <\/span><\/span><br \/>\n<strong><span dir=\"auto\" style=\"vertical-align: inherit;\"><span dir=\"auto\" style=\"vertical-align: inherit;\">Formula<\/span><\/span><\/strong><span dir=\"auto\" style=\"vertical-align: inherit;\"><span dir=\"auto\" style=\"vertical-align: inherit;\"> : N-ethyl-1-(3-methylphenyl)cyclohexan-1-amine <\/span><\/span><br \/>\n<strong><span dir=\"auto\" style=\"vertical-align: inherit;\"><span dir=\"auto\" style=\"vertical-align: inherit;\">Molar mass<\/span><\/span><\/strong><span dir=\"auto\" style=\"vertical-align: inherit;\"><span dir=\"auto\" style=\"vertical-align: inherit;\"> : n\/a <\/span><\/span><br \/>\n<strong><span dir=\"auto\" style=\"vertical-align: inherit;\"><span dir=\"auto\" style=\"vertical-align: inherit;\">Purity<\/span><\/span><\/strong><span dir=\"auto\" style=\"vertical-align: inherit;\"><span dir=\"auto\" style=\"vertical-align: inherit;\"> : &gt;97%<\/span><\/span><\/p>","protected":false},"featured_media":16870,"comment_status":"closed","ping_status":"closed","template":"","meta":[],"product_brand":[23],"product_cat":[604,98],"product_tag":[605,606,607,22],"class_list":{"0":"post-1307","1":"product","2":"type-product","3":"status-publish","4":"has-post-thumbnail","6":"product_brand-research-chemical","7":"product_cat-3-me-pce","8":"product_cat-arylcyclohexylamines","9":"product_tag-3-me-pce","10":"product_tag-3-me-pce-hcl","11":"product_tag-3-me-pce-kopen","12":"product_tag-nl","14":"first","15":"instock","16":"shipping-taxable","17":"purchasable","18":"product-type-variable"},"_links":{"self":[{"href":"https:\/\/researchchemicalshop.eu\/tr\/wp-json\/wp\/v2\/product\/1307","targetHints":{"allow":["GET"]}}],"collection":[{"href":"https:\/\/researchchemicalshop.eu\/tr\/wp-json\/wp\/v2\/product"}],"about":[{"href":"https:\/\/researchchemicalshop.eu\/tr\/wp-json\/wp\/v2\/types\/product"}],"replies":[{"embeddable":true,"href":"https:\/\/researchchemicalshop.eu\/tr\/wp-json\/wp\/v2\/comments?post=1307"}],"version-history":[{"count":1,"href":"https:\/\/researchchemicalshop.eu\/tr\/wp-json\/wp\/v2\/product\/1307\/revisions"}],"predecessor-version":[{"id":16510,"href":"https:\/\/researchchemicalshop.eu\/tr\/wp-json\/wp\/v2\/product\/1307\/revisions\/16510"}],"wp:featuredmedia":[{"embeddable":true,"href":"https:\/\/researchchemicalshop.eu\/tr\/wp-json\/wp\/v2\/media\/16870"}],"wp:attachment":[{"href":"https:\/\/researchchemicalshop.eu\/tr\/wp-json\/wp\/v2\/media?parent=1307"}],"wp:term":[{"taxonomy":"product_brand","embeddable":true,"href":"https:\/\/researchchemicalshop.eu\/tr\/wp-json\/wp\/v2\/product_brand?post=1307"},{"taxonomy":"product_cat","embeddable":true,"href":"https:\/\/researchchemicalshop.eu\/tr\/wp-json\/wp\/v2\/product_cat?post=1307"},{"taxonomy":"product_tag","embeddable":true,"href":"https:\/\/researchchemicalshop.eu\/tr\/wp-json\/wp\/v2\/product_tag?post=1307"}],"curies":[{"name":"wp","href":"https:\/\/api.w.org\/{rel}","templated":true}]}}