{"id":1304,"date":"2026-02-09T11:56:21","date_gmt":"2026-02-09T11:56:21","guid":{"rendered":"https:\/\/researchchemicalshop.eu\/?post_type=product&#038;p=1304"},"modified":"2026-02-28T18:06:22","modified_gmt":"2026-02-28T18:06:22","slug":"4-ben-tmp","status":"publish","type":"product","link":"https:\/\/researchchemicalshop.eu\/tr\/urun\/4-ben-tmp\/","title":{"rendered":"4 Me TMP (4-Metilmetilfenidat)"},"content":{"rendered":"<h3 data-start=\"4232\" data-end=\"4253\"><strong data-start=\"4236\" data-end=\"4251\">Giri\u015f<\/strong><\/h3>\n<p data-start=\"4254\" data-end=\"4609\"><strong data-start=\"4254\" data-end=\"4291\">4-Me-TMP (4-Methylmethylfenidaat)<\/strong> bir <strong data-start=\"4299\" data-end=\"4324\">piperidine-verbinding<\/strong> bir \u015fey yok. <strong data-start=\"4332\" data-end=\"4351\">fenidaatfamilie<\/strong>, ile yap\u0131sal olarak ili\u015fkili <strong data-start=\"4377\" data-end=\"4395\">methylfenidaat<\/strong> ve <strong data-start=\"4399\" data-end=\"4416\">ethylfenidaat<\/strong>. 4-me-tmp<br data-start=\"4417\" data-end=\"4420\" \/>Het bevat een <strong data-start=\"4434\" data-end=\"4474\">methylsubstitutie op de para-positie<\/strong> van de fenylring, wat het ideaal maakt voor onderzoek naar <strong data-start=\"4534\" data-end=\"4576\">yap\u0131-aktivite ili\u015fkileri (SAR)<\/strong> ve <strong data-start=\"4580\" data-end=\"4606\">monoamine-transporters<\/strong>.<\/p>\n<p data-start=\"4611\" data-end=\"4823\">\u0130\u00e7eride <strong data-start=\"4618\" data-end=\"4659\">anali\u0307ti\u0307k ve n\u00f6roki\u0307myasal ara\u015ftirmalar<\/strong> wordt 4-Me-TMP gebruikt om <strong data-start=\"4687\" data-end=\"4727\">dopamine- en noradrenaline-heropname<\/strong> te bestuderen. Elke batch heeft een <strong data-start=\"4764\" data-end=\"4788\">\u2265 98%'nin safl\u0131\u011f\u0131<\/strong>, getest via <strong data-start=\"4801\" data-end=\"4809\">HPLC<\/strong> ve <strong data-start=\"4813\" data-end=\"4820\">NMR<\/strong>.<\/p>\n<blockquote data-start=\"4825\" data-end=\"4971\">\n<p data-start=\"4827\" data-end=\"4971\">\u26a0\ufe0f <strong data-start=\"4830\" data-end=\"4841\">Not:<\/strong> Bu \u00fcr\u00fcn yaln\u0131zca a\u015fa\u011f\u0131dakiler i\u00e7in tasarlanm\u0131\u015ft\u0131r <strong data-start=\"4882\" data-end=\"4917\">ara\u015ft\u0131rma ve analitik kullan\u0131m<\/strong> \u2014 <strong data-start=\"4920\" data-end=\"4968\">insan veya hayvan t\u00fcketimi i\u00e7in de\u011fil<\/strong>.<\/p>\n<\/blockquote>\n<hr data-start=\"4973\" data-end=\"4976\" \/>\n<h3 data-start=\"4978\" data-end=\"5009\"><strong data-start=\"4982\" data-end=\"5009\">Temel \u00f6zellikler<\/strong><\/h3>\n<div class=\"_tableContainer_1rjym_1\">\n<div class=\"group _tableWrapper_1rjym_13 flex w-fit flex-col-reverse\" tabindex=\"-1\">\n<table class=\"w-fit min-w-(--thread-content-width)\" data-start=\"5011\" data-end=\"5579\">\n<thead data-start=\"5011\" data-end=\"5037\">\n<tr data-start=\"5011\" data-end=\"5037\">\n<th data-start=\"5011\" data-end=\"5021\" data-col-size=\"sm\">\u00d6zellik<\/th>\n<th data-start=\"5021\" data-end=\"5037\" data-col-size=\"md\">A\u00e7\u0131klama<\/th>\n<\/tr>\n<\/thead>\n<tbody data-start=\"5066\" data-end=\"5579\">\n<tr data-start=\"5066\" data-end=\"5127\">\n<td data-start=\"5066\" data-end=\"5087\" data-col-size=\"sm\"><strong data-start=\"5068\" data-end=\"5086\">Kimyasal Ad\u0131<\/strong><\/td>\n<td data-start=\"5087\" data-end=\"5127\" data-col-size=\"md\">4-Methylmethylfenidaat Hydrochloride<\/td>\n<\/tr>\n<tr data-start=\"5128\" data-end=\"5165\">\n<td data-start=\"5128\" data-end=\"5153\" data-col-size=\"sm\"><strong data-start=\"5130\" data-end=\"5152\">Ortak \u0130sim<\/strong><\/td>\n<td data-start=\"5153\" data-end=\"5165\" data-col-size=\"md\">4-Me-TMP<\/td>\n<\/tr>\n<tr data-start=\"5166\" data-end=\"5207\">\n<td data-start=\"5166\" data-end=\"5190\" data-col-size=\"sm\"><strong data-start=\"5168\" data-end=\"5189\">Kimyasal Form\u00fcl<\/strong><\/td>\n<td data-start=\"5190\" data-end=\"5207\" data-col-size=\"md\">C\u2081\u2085H\u2082\u2081NO\u2082\u00b7HCl<\/td>\n<\/tr>\n<tr data-start=\"5208\" data-end=\"5246\">\n<td data-start=\"5208\" data-end=\"5230\" data-col-size=\"sm\"><strong data-start=\"5210\" data-end=\"5229\">Molek\u00fcler a\u011f\u0131rl\u0131k<\/strong><\/td>\n<td data-start=\"5230\" data-end=\"5246\" data-col-size=\"md\">283,79 g\/mol<\/td>\n<\/tr>\n<tr data-start=\"5247\" data-end=\"5282\">\n<td data-start=\"5247\" data-end=\"5258\" data-col-size=\"sm\"><strong data-start=\"5249\" data-end=\"5257\">Form<\/strong><\/td>\n<td data-start=\"5258\" data-end=\"5282\" data-col-size=\"md\">Kristalin HCl tuzu<\/td>\n<\/tr>\n<tr data-start=\"5283\" data-end=\"5334\">\n<td data-start=\"5283\" data-end=\"5300\" data-col-size=\"sm\"><strong data-start=\"5285\" data-end=\"5299\">Safl\u0131k<\/strong><\/td>\n<td data-start=\"5300\" data-end=\"5334\" data-col-size=\"md\">\u2265 98% (HPLC ve NMR ile test edilmi\u015ftir)<\/td>\n<\/tr>\n<tr data-start=\"5335\" data-end=\"5392\">\n<td data-start=\"5335\" data-end=\"5358\" data-col-size=\"sm\"><strong data-start=\"5337\" data-end=\"5357\">Kimyasal S\u0131n\u0131f<\/strong><\/td>\n<td data-start=\"5358\" data-end=\"5392\" data-col-size=\"md\">Piperidine \/ Fenidaat-derivaat<\/td>\n<\/tr>\n<tr data-start=\"5393\" data-end=\"5472\">\n<td data-start=\"5393\" data-end=\"5407\" data-col-size=\"sm\"><strong data-start=\"5395\" data-end=\"5406\">Kullan\u0131m<\/strong><\/td>\n<td data-start=\"5407\" data-end=\"5472\" data-col-size=\"md\">Sadece analitik, adli ve n\u00f6rokimyasal ara\u015ft\u0131rmalar i\u00e7in<\/td>\n<\/tr>\n<tr data-start=\"5473\" data-end=\"5540\">\n<td data-start=\"5473\" data-end=\"5490\" data-col-size=\"sm\"><strong data-start=\"5475\" data-end=\"5489\">Paketleme<\/strong><\/td>\n<td data-start=\"5490\" data-end=\"5540\" data-col-size=\"md\">A\u00e7\u0131l\u0131p kapanabilir, neme dayan\u0131kl\u0131 laboratuvar \u00e7antas\u0131<\/td>\n<\/tr>\n<tr data-start=\"5541\" data-end=\"5579\">\n<td data-start=\"5541\" data-end=\"5559\" data-col-size=\"sm\"><strong data-start=\"5543\" data-end=\"5558\">Miktar<\/strong><\/td>\n<td data-start=\"5559\" data-end=\"5579\" data-col-size=\"md\">Po\u015fet ba\u015f\u0131na 1 gram<\/td>\n<\/tr>\n<\/tbody>\n<\/table>\n<\/div>\n<\/div>\n<hr data-start=\"5581\" data-end=\"5584\" \/>\n<h3 data-start=\"5586\" data-end=\"5603\"><strong data-start=\"5590\" data-end=\"5603\">Avantajlar<\/strong><\/h3>\n<ul data-start=\"5605\" data-end=\"6044\">\n<li data-start=\"5605\" data-end=\"5697\">\n<p data-start=\"5607\" data-end=\"5697\"><strong data-start=\"5607\" data-end=\"5626\">Y\u00fcksek Safl\u0131k<\/strong> - G\u00fcvenilir test sonu\u00e7lar\u0131 i\u00e7in \u2265 98% laboratuvar s\u0131n\u0131f\u0131.<\/p>\n<\/li>\n<li data-start=\"5698\" data-end=\"5787\">\n<p data-start=\"5700\" data-end=\"5787\"><strong data-start=\"5700\" data-end=\"5742\">Structureel Verwant aan Methylfenidaat<\/strong> \u2013 Geschikt voor SAR- en receptoronderzoek.<\/p>\n<\/li>\n<li data-start=\"5788\" data-end=\"5872\">\n<p data-start=\"5790\" data-end=\"5872\"><strong data-start=\"5790\" data-end=\"5811\">Kararl\u0131 tuz formu<\/strong> \u2013 HCl-vorm biedt verbeterde oplosbaarheid en houdbaarheid. 4-me-tmp<\/p>\n<\/li>\n<li data-start=\"5873\" data-end=\"5966\">\n<p data-start=\"5875\" data-end=\"5966\"><strong data-start=\"5875\" data-end=\"5905\">Geni\u015f Ara\u015ft\u0131rma Kaplamas\u0131<\/strong> \u2013 Geschikt voor GC\/MS, LC-MS, FTIR, HPLC en spectroscopie.<\/p>\n<\/li>\n<li data-start=\"5967\" data-end=\"6044\">\n<p data-start=\"5969\" data-end=\"6044\"><strong data-start=\"5969\" data-end=\"6003\">Volledig Traceerbare Productie<\/strong> \u2013 Elke batch getest en gecertificeerd.<\/p>\n<\/li>\n<\/ul>\n<hr data-start=\"6046\" data-end=\"6049\" \/>\n<h3 data-start=\"6051\" data-end=\"6103\"><strong data-start=\"6055\" data-end=\"6101\">Kullan\u0131m (Sadece Ara\u015ft\u0131rma Ama\u00e7l\u0131)<\/strong><\/h3>\n<ol data-start=\"6105\" data-end=\"6450\">\n<li data-start=\"6105\" data-end=\"6174\">\n<p data-start=\"6108\" data-end=\"6174\"><strong data-start=\"6108\" data-end=\"6123\">Elle\u00e7leme:<\/strong> Eldiven, koruyucu g\u00f6zl\u00fck ve laboratuvar \u00f6nl\u00fc\u011f\u00fc kullan\u0131n.<\/p>\n<\/li>\n<li data-start=\"6175\" data-end=\"6238\">\n<p data-start=\"6178\" data-end=\"6238\"><strong data-start=\"6178\" data-end=\"6191\">\u00d6l\u00e7\u00fcler:<\/strong> Gebruik nauwkeurige laboratoriumweegschalen.<\/p>\n<\/li>\n<li data-start=\"6239\" data-end=\"6293\">\n<p data-start=\"6242\" data-end=\"6293\"><strong data-start=\"6242\" data-end=\"6253\">Depolama:<\/strong> Serin (2-8\u00b0C), kuru ve karanl\u0131kta saklay\u0131n.<\/p>\n<\/li>\n<li data-start=\"6294\" data-end=\"6377\">\n<p data-start=\"6297\" data-end=\"6377\"><strong data-start=\"6297\" data-end=\"6309\">Analiz:<\/strong> Geschikt voor chromatografie, spectroscopie en receptoronderzoek.<\/p>\n<\/li>\n<li data-start=\"6378\" data-end=\"6450\">\n<p data-start=\"6381\" data-end=\"6450\"><strong data-start=\"6381\" data-end=\"6398\">Dok\u00fcmantasyon:<\/strong> Noteer batchnummer, analysemethode en resultaten.<\/p>\n<\/li>\n<\/ol>\n<hr data-start=\"6452\" data-end=\"6455\" \/>\n<h3 data-start=\"6457\" data-end=\"6492\"><strong data-start=\"6461\" data-end=\"6490\">S\u0131k\u00e7a sorulan sorular (SSS)<\/strong><\/h3>\n<p data-start=\"6494\" data-end=\"6694\"><strong data-start=\"6494\" data-end=\"6517\">1. Wat is 4-Me-TMP?<\/strong><br data-start=\"6517\" data-end=\"6520\" \/><strong data-start=\"6520\" data-end=\"6557\">4-Me-TMP (4-Methylmethylfenidaat)<\/strong> bir <strong data-start=\"6565\" data-end=\"6611\">onderzoekssubstantie uit de fenidaatklasse<\/strong>, verwant aan methylfenidaat, gebruikt voor onderzoek naar dopamine-transporters.<\/p>\n<p data-start=\"6696\" data-end=\"6825\"><strong data-start=\"6696\" data-end=\"6737\">2. Wat is de zuiverheid van 4-Me-TMP?<\/strong><br data-start=\"6737\" data-end=\"6740\" \/>Elke batch heeft een <strong data-start=\"6761\" data-end=\"6785\">\u2265 98%'nin safl\u0131\u011f\u0131<\/strong>, bevestigd door HPLC- en NMR-analyse.<\/p>\n<p data-start=\"6827\" data-end=\"6992\"><strong data-start=\"6827\" data-end=\"6869\">3. Is het legaal om 4-Me-TMP te kopen?<\/strong><br data-start=\"6869\" data-end=\"6872\" \/>Bu <strong data-start=\"6875\" data-end=\"6902\">legaliteit van 4-Me-TMP<\/strong> \u00fclkeden \u00fclkeye de\u011fi\u015fir. Her zaman \u00f6nce yerel yasalar\u0131 kontrol edin <strong data-start=\"6971\" data-end=\"6989\">4-Me-TMP koopt<\/strong>.<\/p>\n<p class=\"ds-markdown-paragraph\">","protected":false},"excerpt":{"rendered":"<h3><span data-sheets-value=\"{\" data-sheets-userformat=\"{\">4-Me-TMP eigenschappen<\/span><\/h3>\n<p><strong>Synoniem: <\/strong><i>threo<\/i>-4-Methylmethylphenidate<span class=\"ml-1\"><br \/>\n<\/span><strong>CAS Nummer: 191790-79-1<\/strong><br \/>\n<strong>Formule: C15H21NO2<\/strong><br \/>\n<strong>Molmassa: <span class=\"nowrap\">247.338<\/span>\u00a0g\u00b7mol<\/strong><br \/>\n<strong>Safl\u0131k:<\/strong> &gt;99%<\/p>","protected":false},"featured_media":16908,"comment_status":"closed","ping_status":"closed","template":"","meta":[],"product_brand":[],"product_cat":[596,32],"product_tag":[597,22],"class_list":{"0":"post-1304","1":"product","2":"type-product","3":"status-publish","4":"has-post-thumbnail","6":"product_cat-4-me-tmp","7":"product_cat-gefluoreerden","8":"product_tag-4-me-tmp","9":"product_tag-nl","11":"first","12":"instock","13":"shipping-taxable","14":"purchasable","15":"product-type-variable"},"_links":{"self":[{"href":"https:\/\/researchchemicalshop.eu\/tr\/wp-json\/wp\/v2\/product\/1304","targetHints":{"allow":["GET"]}}],"collection":[{"href":"https:\/\/researchchemicalshop.eu\/tr\/wp-json\/wp\/v2\/product"}],"about":[{"href":"https:\/\/researchchemicalshop.eu\/tr\/wp-json\/wp\/v2\/types\/product"}],"replies":[{"embeddable":true,"href":"https:\/\/researchchemicalshop.eu\/tr\/wp-json\/wp\/v2\/comments?post=1304"}],"version-history":[{"count":2,"href":"https:\/\/researchchemicalshop.eu\/tr\/wp-json\/wp\/v2\/product\/1304\/revisions"}],"predecessor-version":[{"id":16507,"href":"https:\/\/researchchemicalshop.eu\/tr\/wp-json\/wp\/v2\/product\/1304\/revisions\/16507"}],"wp:featuredmedia":[{"embeddable":true,"href":"https:\/\/researchchemicalshop.eu\/tr\/wp-json\/wp\/v2\/media\/16908"}],"wp:attachment":[{"href":"https:\/\/researchchemicalshop.eu\/tr\/wp-json\/wp\/v2\/media?parent=1304"}],"wp:term":[{"taxonomy":"product_brand","embeddable":true,"href":"https:\/\/researchchemicalshop.eu\/tr\/wp-json\/wp\/v2\/product_brand?post=1304"},{"taxonomy":"product_cat","embeddable":true,"href":"https:\/\/researchchemicalshop.eu\/tr\/wp-json\/wp\/v2\/product_cat?post=1304"},{"taxonomy":"product_tag","embeddable":true,"href":"https:\/\/researchchemicalshop.eu\/tr\/wp-json\/wp\/v2\/product_tag?post=1304"}],"curies":[{"name":"wp","href":"https:\/\/api.w.org\/{rel}","templated":true}]}}