{"id":1302,"date":"2026-02-09T11:56:21","date_gmt":"2026-02-09T11:56:21","guid":{"rendered":"https:\/\/researchchemicalshop.eu\/?post_type=product&#038;p=1302"},"modified":"2026-02-13T13:26:16","modified_gmt":"2026-02-13T13:26:16","slug":"beta-k-2c-b","status":"publish","type":"product","link":"https:\/\/researchchemicalshop.eu\/tr\/urun\/beta-k-2c-b\/","title":{"rendered":"Beta k 2C B \u03b2k-2C-B 80mg Pelet"},"content":{"rendered":"<h3 data-start=\"4058\" data-end=\"4079\"><strong data-start=\"4062\" data-end=\"4077\">Giri\u015f<\/strong><\/h3>\n<p data-start=\"4080\" data-end=\"4458\"><strong data-start=\"4080\" data-end=\"4118\">Beta-k-2C-B (\u03b2k-2C-B) 80mg Pellets<\/strong> i\u00e7erir <strong data-start=\"4128\" data-end=\"4180\">80 milligram hoogzuiver \u03b2k-2C-B (Beta-keto-2C-B)<\/strong> - bir <strong data-start=\"4187\" data-end=\"4225\">synthetisch fenethylamine-derivaat<\/strong> ve <strong data-start=\"4229\" data-end=\"4251\">beta-keton-analoog<\/strong> van <strong data-start=\"4256\" data-end=\"4264\">2C-B<\/strong>. bk 2c\u00a0<br data-start=\"4265\" data-end=\"4268\" \/>\u03b2k-2C-B behoort tot de <strong data-start=\"4291\" data-end=\"4324\">2C-familie van fenethylamines<\/strong> ve i\u00e7inde kullan\u0131l\u0131r <strong data-start=\"4346\" data-end=\"4384\">adli\u0307 ve anali\u0307ti\u0307k i\u0307ncelemeler<\/strong> i\u00e7in <strong data-start=\"4390\" data-end=\"4432\">yap\u0131-aktivite ili\u015fkileri (SAR)<\/strong> ve <strong data-start=\"4436\" data-end=\"4455\">receptorbinding<\/strong>.<\/p>\n<p data-start=\"4460\" data-end=\"4655\">Her pelet \u015funlar\u0131 i\u00e7erir <strong data-start=\"4478\" data-end=\"4494\">80mg \u03b2k-2C-B<\/strong> met een <strong data-start=\"4503\" data-end=\"4527\">\u2265 98%'nin safl\u0131\u011f\u0131<\/strong>, getest via <strong data-start=\"4540\" data-end=\"4555\">HPLC ve NMR<\/strong>. De pellets worden geleverd in <strong data-start=\"4587\" data-end=\"4608\">blisterverpakking<\/strong> voor optimale stabiliteit en nauwkeurigheid.<\/p>\n<blockquote data-start=\"4657\" data-end=\"4803\">\n<p data-start=\"4659\" data-end=\"4803\">\u26a0\ufe0f <strong data-start=\"4662\" data-end=\"4673\">Not:<\/strong> Bu \u00fcr\u00fcn yaln\u0131zca a\u015fa\u011f\u0131dakiler i\u00e7in tasarlanm\u0131\u015ft\u0131r <strong data-start=\"4714\" data-end=\"4749\">ara\u015ft\u0131rma ve analitik kullan\u0131m<\/strong> \u2014 <strong data-start=\"4752\" data-end=\"4800\">insan veya hayvan t\u00fcketimi i\u00e7in de\u011fil<\/strong>.<\/p>\n<\/blockquote>\n<hr data-start=\"4805\" data-end=\"4808\" \/>\n<h3 data-start=\"4810\" data-end=\"4841\"><strong data-start=\"4814\" data-end=\"4841\">Temel \u00f6zellikler<\/strong><\/h3>\n<div class=\"_tableContainer_1rjym_1\">\n<div class=\"group _tableWrapper_1rjym_13 flex w-fit flex-col-reverse\" tabindex=\"-1\">\n<table class=\"w-fit min-w-(--thread-content-width)\" data-start=\"4843\" data-end=\"5416\">\n<thead data-start=\"4843\" data-end=\"4869\">\n<tr data-start=\"4843\" data-end=\"4869\">\n<th data-start=\"4843\" data-end=\"4853\" data-col-size=\"sm\">\u00d6zellik<\/th>\n<th data-start=\"4853\" data-end=\"4869\" data-col-size=\"md\">A\u00e7\u0131klama<\/th>\n<\/tr>\n<\/thead>\n<tbody data-start=\"4898\" data-end=\"5416\">\n<tr data-start=\"4898\" data-end=\"4951\">\n<td data-start=\"4898\" data-end=\"4919\" data-col-size=\"sm\"><strong data-start=\"4900\" data-end=\"4918\">Kimyasal Ad\u0131<\/strong><\/td>\n<td data-start=\"4919\" data-end=\"4951\" data-col-size=\"md\">Beta-keto-2C-B Hydrochloride<\/td>\n<\/tr>\n<tr data-start=\"4952\" data-end=\"4988\">\n<td data-start=\"4952\" data-end=\"4977\" data-col-size=\"sm\"><strong data-start=\"4954\" data-end=\"4976\">Ortak \u0130sim<\/strong><\/td>\n<td data-start=\"4977\" data-end=\"4988\" data-col-size=\"md\">\u03b2k-2C-B<\/td>\n<\/tr>\n<tr data-start=\"4989\" data-end=\"5032\">\n<td data-start=\"4989\" data-end=\"5013\" data-col-size=\"sm\"><strong data-start=\"4991\" data-end=\"5012\">Kimyasal Form\u00fcl<\/strong><\/td>\n<td data-start=\"5013\" data-end=\"5032\" data-col-size=\"md\">C\u2081\u2080H\u2081\u2082BrNO\u2083\u00b7HCl<\/td>\n<\/tr>\n<tr data-start=\"5033\" data-end=\"5071\">\n<td data-start=\"5033\" data-end=\"5055\" data-col-size=\"sm\"><strong data-start=\"5035\" data-end=\"5054\">Molek\u00fcler a\u011f\u0131rl\u0131k<\/strong><\/td>\n<td data-start=\"5055\" data-end=\"5071\" data-col-size=\"md\">310,57 g\/mol<\/td>\n<\/tr>\n<tr data-start=\"5072\" data-end=\"5106\">\n<td data-start=\"5072\" data-end=\"5087\" data-col-size=\"sm\"><strong data-start=\"5074\" data-end=\"5086\">Dozaj<\/strong><\/td>\n<td data-start=\"5087\" data-end=\"5106\" data-col-size=\"md\">80mg per pellet<\/td>\n<\/tr>\n<tr data-start=\"5107\" data-end=\"5154\">\n<td data-start=\"5107\" data-end=\"5118\" data-col-size=\"sm\"><strong data-start=\"5109\" data-end=\"5117\">Form<\/strong><\/td>\n<td data-start=\"5118\" data-end=\"5154\" data-col-size=\"md\">Kat\u0131 pelet (blister ambalaj)<\/td>\n<\/tr>\n<tr data-start=\"5155\" data-end=\"5206\">\n<td data-start=\"5155\" data-end=\"5172\" data-col-size=\"sm\"><strong data-start=\"5157\" data-end=\"5171\">Safl\u0131k<\/strong><\/td>\n<td data-start=\"5172\" data-end=\"5206\" data-col-size=\"md\">\u2265 98% (HPLC ve NMR ile test edilmi\u015ftir)<\/td>\n<\/tr>\n<tr data-start=\"5207\" data-end=\"5265\">\n<td data-start=\"5207\" data-end=\"5230\" data-col-size=\"sm\"><strong data-start=\"5209\" data-end=\"5229\">Kimyasal S\u0131n\u0131f<\/strong><\/td>\n<td data-start=\"5230\" data-end=\"5265\" data-col-size=\"md\">Fenethylamine \/ \u03b2-keton-analoog<\/td>\n<\/tr>\n<tr data-start=\"5266\" data-end=\"5345\">\n<td data-start=\"5266\" data-end=\"5280\" data-col-size=\"sm\"><strong data-start=\"5268\" data-end=\"5279\">Kullan\u0131m<\/strong><\/td>\n<td data-start=\"5280\" data-end=\"5345\" data-col-size=\"md\">Sadece analitik, adli ve n\u00f6rokimyasal ara\u015ft\u0131rmalar i\u00e7in<\/td>\n<\/tr>\n<tr data-start=\"5346\" data-end=\"5416\">\n<td data-start=\"5346\" data-end=\"5363\" data-col-size=\"sm\"><strong data-start=\"5348\" data-end=\"5362\">Paketleme<\/strong><\/td>\n<td data-start=\"5363\" data-end=\"5416\" data-col-size=\"md\">Blisterstrip met verzegeling tegen vocht en licht<\/td>\n<\/tr>\n<\/tbody>\n<\/table>\n<\/div>\n<\/div>\n<hr data-start=\"5418\" data-end=\"5421\" \/>\n<h3 data-start=\"5423\" data-end=\"5440\"><strong data-start=\"5427\" data-end=\"5440\">Avantajlar<\/strong><\/h3>\n<ul data-start=\"5442\" data-end=\"5851\">\n<li data-start=\"5442\" data-end=\"5534\">\n<p data-start=\"5444\" data-end=\"5534\"><strong data-start=\"5444\" data-end=\"5463\">Y\u00fcksek Safl\u0131k<\/strong> - G\u00fcvenilir test sonu\u00e7lar\u0131 i\u00e7in \u2265 98% laboratuvar s\u0131n\u0131f\u0131.<\/p>\n<\/li>\n<li data-start=\"5535\" data-end=\"5628\">\n<p data-start=\"5537\" data-end=\"5628\"><strong data-start=\"5537\" data-end=\"5569\">Structureel Analoog van 2C-B<\/strong> \u2013 Geschikt voor SAR-vergelijkingen en receptoronderzoek.<\/p>\n<\/li>\n<li data-start=\"5629\" data-end=\"5704\">\n<p data-start=\"5631\" data-end=\"5704\"><strong data-start=\"5631\" data-end=\"5655\">Nauwkeurig Gedoseerd<\/strong> \u2013 80mg per pellet voor consistente resultaten.<\/p>\n<\/li>\n<li data-start=\"5705\" data-end=\"5783\">\n<p data-start=\"5707\" data-end=\"5783\"><strong data-start=\"5707\" data-end=\"5737\">Geni\u015f Ara\u015ft\u0131rma Kaplamas\u0131<\/strong> - GC\/MS, LC-MS, FTIR ve HPLC i\u00e7in uygundur.<\/p>\n<\/li>\n<li data-start=\"5784\" data-end=\"5851\">\n<p data-start=\"5786\" data-end=\"5851\"><strong data-start=\"5786\" data-end=\"5813\">Geverifieerde Productie<\/strong> \u2013 Elke batch getest en traceerbaar.<\/p>\n<\/li>\n<\/ul>\n<hr data-start=\"5853\" data-end=\"5856\" \/>\n<h3 data-start=\"5858\" data-end=\"5910\"><strong data-start=\"5862\" data-end=\"5908\">Kullan\u0131m (Sadece Ara\u015ft\u0131rma Ama\u00e7l\u0131)<\/strong><\/h3>\n<ol data-start=\"5912\" data-end=\"6255\">\n<li data-start=\"5912\" data-end=\"5981\">\n<p data-start=\"5915\" data-end=\"5981\"><strong data-start=\"5915\" data-end=\"5930\">Elle\u00e7leme:<\/strong> Eldiven, koruyucu g\u00f6zl\u00fck ve laboratuvar \u00f6nl\u00fc\u011f\u00fc kullan\u0131n.<\/p>\n<\/li>\n<li data-start=\"5982\" data-end=\"6058\">\n<p data-start=\"5985\" data-end=\"6058\"><strong data-start=\"5985\" data-end=\"5998\">\u00d6l\u00e7\u00fcler:<\/strong> Elke pellet bevat 80mg; noteer batchnummer en zuiverheid.<\/p>\n<\/li>\n<li data-start=\"6059\" data-end=\"6113\">\n<p data-start=\"6062\" data-end=\"6113\"><strong data-start=\"6062\" data-end=\"6073\">Depolama:<\/strong> Serin (2-8\u00b0C), kuru ve karanl\u0131kta saklay\u0131n.<\/p>\n<\/li>\n<li data-start=\"6114\" data-end=\"6190\">\n<p data-start=\"6117\" data-end=\"6190\"><strong data-start=\"6117\" data-end=\"6129\">Analiz:<\/strong> Geschikt voor chromatografie en spectroscopisch onderzoek. bk 2c<\/p>\n<\/li>\n<li data-start=\"6191\" data-end=\"6255\">\n<p data-start=\"6194\" data-end=\"6255\"><strong data-start=\"6194\" data-end=\"6211\">Dok\u00fcmantasyon:<\/strong> Noteer testresultaten en analysemethoden.<\/p>\n<\/li>\n<\/ol>\n<hr data-start=\"6257\" data-end=\"6260\" \/>\n<h3 data-start=\"6262\" data-end=\"6297\"><strong data-start=\"6266\" data-end=\"6295\">S\u0131k\u00e7a sorulan sorular (SSS)<\/strong><\/h3>\n<p data-start=\"6299\" data-end=\"6458\"><strong data-start=\"6299\" data-end=\"6321\">1. Wat is \u03b2k-2C-B?<\/strong><br data-start=\"6321\" data-end=\"6324\" \/><strong data-start=\"6324\" data-end=\"6352\">\u03b2k-2C-B (Beta-keto-2C-B)<\/strong> bir <strong data-start=\"6360\" data-end=\"6385\">fenethylamine-analoog<\/strong> van 2C-B met een extra \u03b2-ketongroep, gebruikt in analytisch onderzoek.<\/p>\n<p data-start=\"6460\" data-end=\"6597\"><strong data-start=\"6460\" data-end=\"6505\">2. Wat zit er in de \u03b2k-2C-B 80mg Pellets?<\/strong><br data-start=\"6505\" data-end=\"6508\" \/>Her pelet \u015funlar\u0131 i\u00e7erir <strong data-start=\"6526\" data-end=\"6561\">80mg \u03b2k-2C-B (\u2265 98% zuiverheid)<\/strong>, getest op laboratoriumkwaliteit.<\/p>\n<p data-start=\"6599\" data-end=\"6761\"><strong data-start=\"6599\" data-end=\"6640\">3. Is het legaal om \u03b2k-2C-B te kopen?<\/strong><br data-start=\"6640\" data-end=\"6643\" \/>Bu <strong data-start=\"6646\" data-end=\"6672\">legaliteit van \u03b2k-2C-B<\/strong> \u00fclkeden \u00fclkeye de\u011fi\u015fir. Her zaman \u00f6nce yerel yasalar\u0131 kontrol edin <strong data-start=\"6741\" data-end=\"6758\">\u03b2k-2C-B koopt<\/strong>.<\/p>","protected":false},"excerpt":{"rendered":"<p>Introductie Beta-k-2C-B (\u03b2k-2C-B) 80mg Pellets bevatten 80 milligram hoogzuiver \u03b2k-2C-B (Beta-keto-2C-B) \u2014 een synthetisch fenethylamine-derivaat en beta-keton-analoog van 2C-B. bk<\/p>","protected":false},"featured_media":1332,"comment_status":"closed","ping_status":"closed","template":"","meta":[],"product_brand":[],"product_cat":[17,181,591,18,71,26],"product_tag":[546,592,182,22],"class_list":{"0":"post-1302","1":"product","2":"type-product","3":"status-publish","4":"has-post-thumbnail","6":"product_cat-bijna-verboden","7":"product_cat-bk-2c-b","8":"product_cat-bk-2c-b-pellets","9":"product_cat-fenethylamine","10":"product_cat-pellets","11":"product_cat-sale","12":"product_tag-beta-k-2c-b","13":"product_tag-bk-2c","14":"product_tag-bk-2c-b","15":"product_tag-nl","17":"first","18":"instock","19":"sale","20":"shipping-taxable","21":"purchasable","22":"product-type-variable"},"_links":{"self":[{"href":"https:\/\/researchchemicalshop.eu\/tr\/wp-json\/wp\/v2\/product\/1302","targetHints":{"allow":["GET"]}}],"collection":[{"href":"https:\/\/researchchemicalshop.eu\/tr\/wp-json\/wp\/v2\/product"}],"about":[{"href":"https:\/\/researchchemicalshop.eu\/tr\/wp-json\/wp\/v2\/types\/product"}],"replies":[{"embeddable":true,"href":"https:\/\/researchchemicalshop.eu\/tr\/wp-json\/wp\/v2\/comments?post=1302"}],"version-history":[{"count":2,"href":"https:\/\/researchchemicalshop.eu\/tr\/wp-json\/wp\/v2\/product\/1302\/revisions"}],"predecessor-version":[{"id":16660,"href":"https:\/\/researchchemicalshop.eu\/tr\/wp-json\/wp\/v2\/product\/1302\/revisions\/16660"}],"wp:featuredmedia":[{"embeddable":true,"href":"https:\/\/researchchemicalshop.eu\/tr\/wp-json\/wp\/v2\/media\/1332"}],"wp:attachment":[{"href":"https:\/\/researchchemicalshop.eu\/tr\/wp-json\/wp\/v2\/media?parent=1302"}],"wp:term":[{"taxonomy":"product_brand","embeddable":true,"href":"https:\/\/researchchemicalshop.eu\/tr\/wp-json\/wp\/v2\/product_brand?post=1302"},{"taxonomy":"product_cat","embeddable":true,"href":"https:\/\/researchchemicalshop.eu\/tr\/wp-json\/wp\/v2\/product_cat?post=1302"},{"taxonomy":"product_tag","embeddable":true,"href":"https:\/\/researchchemicalshop.eu\/tr\/wp-json\/wp\/v2\/product_tag?post=1302"}],"curies":[{"name":"wp","href":"https:\/\/api.w.org\/{rel}","templated":true}]}}