{"id":1278,"date":"2026-02-09T11:56:13","date_gmt":"2026-02-09T11:56:13","guid":{"rendered":"https:\/\/researchchemicalshop.eu\/?post_type=product&#038;p=1278"},"modified":"2026-02-13T11:22:07","modified_gmt":"2026-02-13T11:22:07","slug":"d-mex","status":"publish","type":"product","link":"https:\/\/researchchemicalshop.eu\/tr\/urun\/d-mex\/","title":{"rendered":"RC+ D MEX 40mg Blister"},"content":{"rendered":"<h3 data-start=\"4145\" data-end=\"4166\"><strong data-start=\"4149\" data-end=\"4164\">Giri\u015f<\/strong><\/h3>\n<p data-start=\"4167\" data-end=\"4538\"><strong data-start=\"4167\" data-end=\"4193\">RC+ D-MEX 40mg Blister<\/strong> bevat <strong data-start=\"4200\" data-end=\"4242\">40 milligram DMXE (Deoxymethoxetamine)<\/strong> - bir <strong data-start=\"4249\" data-end=\"4282\">arylcyclohexylamineverbinding<\/strong> die verwant is aan <strong data-start=\"4302\" data-end=\"4325\">MXE (Methoxetamine)<\/strong> ve <strong data-start=\"4329\" data-end=\"4341\">ketamine<\/strong>. dmxe ervaring<br data-start=\"4342\" data-end=\"4345\" \/>\u0130\u00e7inde kullan\u0131l\u0131r <strong data-start=\"4367\" data-end=\"4405\">adli\u0307 ve anali\u0307ti\u0307k i\u0307ncelemeler<\/strong> i\u00e7in <strong data-start=\"4409\" data-end=\"4437\">NMDA resept\u00f6r etkile\u015fimleri<\/strong>, <strong data-start=\"4439\" data-end=\"4481\">yap\u0131-aktivite ili\u015fkileri (SAR)<\/strong> ve <strong data-start=\"4485\" data-end=\"4520\">kromatografik \u00f6zellikler<\/strong> te onderzoeken.<\/p>\n<p data-start=\"4540\" data-end=\"4822\">Her pelet \u015funlar\u0131 i\u00e7erir <strong data-start=\"4558\" data-end=\"4571\">40mg \u00b12mg<\/strong> en wordt geproduceerd onder <strong data-start=\"4600\" data-end=\"4645\">gecontroleerde laboratoriumomstandigheden<\/strong>.<br data-start=\"4646\" data-end=\"4649\" \/>Elke batch heeft een <strong data-start=\"4670\" data-end=\"4694\">\u2265 98%'nin safl\u0131\u011f\u0131<\/strong>, bevestigd via <strong data-start=\"4710\" data-end=\"4725\">HPLC ve NMR<\/strong>. De pellets zijn <strong data-start=\"4743\" data-end=\"4777\">verzegeld in blisterverpakking<\/strong> om stabiliteit en kwaliteit te garanderen.<\/p>\n<blockquote data-start=\"4824\" data-end=\"4968\">\n<p data-start=\"4826\" data-end=\"4968\">\u26a0\ufe0f <strong data-start=\"4829\" data-end=\"4840\">Not:<\/strong> RC+ D-MEX is uitsluitend bedoeld voor <strong data-start=\"4879\" data-end=\"4914\">ara\u015ft\u0131rma ve analitik kullan\u0131m<\/strong> \u2014 <strong data-start=\"4917\" data-end=\"4966\">insan veya hayvan t\u00fcketimi i\u00e7in de\u011fildir.<\/strong><\/p>\n<\/blockquote>\n<hr data-start=\"4970\" data-end=\"4973\" \/>\n<h3 data-start=\"4975\" data-end=\"5006\"><strong data-start=\"4979\" data-end=\"5006\">Temel \u00f6zellikler<\/strong><\/h3>\n<div class=\"_tableContainer_1rjym_1\">\n<div class=\"group _tableWrapper_1rjym_13 flex w-fit flex-col-reverse\" tabindex=\"-1\">\n<table class=\"w-fit min-w-(--thread-content-width)\" data-start=\"5008\" data-end=\"5627\">\n<thead data-start=\"5008\" data-end=\"5034\">\n<tr data-start=\"5008\" data-end=\"5034\">\n<th data-start=\"5008\" data-end=\"5018\" data-col-size=\"sm\">\u00d6zellik<\/th>\n<th data-start=\"5018\" data-end=\"5034\" data-col-size=\"md\">A\u00e7\u0131klama<\/th>\n<\/tr>\n<\/thead>\n<tbody data-start=\"5063\" data-end=\"5627\">\n<tr data-start=\"5063\" data-end=\"5120\">\n<td data-start=\"5063\" data-end=\"5084\" data-col-size=\"sm\"><strong data-start=\"5065\" data-end=\"5083\">Kimyasal Ad\u0131<\/strong><\/td>\n<td data-start=\"5084\" data-end=\"5120\" data-col-size=\"md\">Deoxymethoxetamine Hydrochloride<\/td>\n<\/tr>\n<tr data-start=\"5121\" data-end=\"5162\">\n<td data-start=\"5121\" data-end=\"5146\" data-col-size=\"sm\"><strong data-start=\"5123\" data-end=\"5145\">Ortak \u0130sim<\/strong><\/td>\n<td data-start=\"5146\" data-end=\"5162\" data-col-size=\"md\">D-MEX \/ DMXE<\/td>\n<\/tr>\n<tr data-start=\"5163\" data-end=\"5203\">\n<td data-start=\"5163\" data-end=\"5187\" data-col-size=\"sm\"><strong data-start=\"5165\" data-end=\"5186\">Kimyasal Form\u00fcl<\/strong><\/td>\n<td data-start=\"5187\" data-end=\"5203\" data-col-size=\"md\">C\u2081\u2085H\u2082\u2081NO\u00b7HCl<\/td>\n<\/tr>\n<tr data-start=\"5204\" data-end=\"5242\">\n<td data-start=\"5204\" data-end=\"5226\" data-col-size=\"sm\"><strong data-start=\"5206\" data-end=\"5225\">Molek\u00fcler a\u011f\u0131rl\u0131k<\/strong><\/td>\n<td data-start=\"5226\" data-end=\"5242\" data-col-size=\"md\">267,79 g\/mol<\/td>\n<\/tr>\n<tr data-start=\"5243\" data-end=\"5277\">\n<td data-start=\"5243\" data-end=\"5258\" data-col-size=\"sm\"><strong data-start=\"5245\" data-end=\"5257\">Dozaj<\/strong><\/td>\n<td data-start=\"5258\" data-end=\"5277\" data-col-size=\"md\">40mg per pellet<\/td>\n<\/tr>\n<tr data-start=\"5278\" data-end=\"5325\">\n<td data-start=\"5278\" data-end=\"5289\" data-col-size=\"sm\"><strong data-start=\"5280\" data-end=\"5288\">Form<\/strong><\/td>\n<td data-start=\"5289\" data-end=\"5325\" data-col-size=\"md\">Kat\u0131 pelet (blister ambalaj)<\/td>\n<\/tr>\n<tr data-start=\"5326\" data-end=\"5377\">\n<td data-start=\"5326\" data-end=\"5343\" data-col-size=\"sm\"><strong data-start=\"5328\" data-end=\"5342\">Safl\u0131k<\/strong><\/td>\n<td data-start=\"5343\" data-end=\"5377\" data-col-size=\"md\">\u2265 98% (HPLC ve NMR ile test edilmi\u015ftir)<\/td>\n<\/tr>\n<tr data-start=\"5378\" data-end=\"5448\">\n<td data-start=\"5378\" data-end=\"5401\" data-col-size=\"sm\"><strong data-start=\"5380\" data-end=\"5400\">Kimyasal S\u0131n\u0131f<\/strong><\/td>\n<td data-start=\"5401\" data-end=\"5448\" data-col-size=\"md\">Arylcyclohexylamine \/ Dissociatieve analoog<\/td>\n<\/tr>\n<tr data-start=\"5449\" data-end=\"5528\">\n<td data-start=\"5449\" data-end=\"5463\" data-col-size=\"sm\"><strong data-start=\"5451\" data-end=\"5462\">Kullan\u0131m<\/strong><\/td>\n<td data-start=\"5463\" data-end=\"5528\" data-col-size=\"md\">Sadece analitik, adli ve n\u00f6rokimyasal ara\u015ft\u0131rmalar i\u00e7in<\/td>\n<\/tr>\n<tr data-start=\"5529\" data-end=\"5578\">\n<td data-start=\"5529\" data-end=\"5546\" data-col-size=\"sm\"><strong data-start=\"5531\" data-end=\"5545\">Paketleme<\/strong><\/td>\n<td data-start=\"5546\" data-end=\"5578\" data-col-size=\"md\">Blisterstrip met verzegeling<\/td>\n<\/tr>\n<tr data-start=\"5579\" data-end=\"5627\">\n<td data-start=\"5579\" data-end=\"5597\" data-col-size=\"sm\"><strong data-start=\"5581\" data-end=\"5596\">Miktar<\/strong><\/td>\n<td data-start=\"5597\" data-end=\"5627\" data-col-size=\"md\">1 blister met 40mg pellets<\/td>\n<\/tr>\n<\/tbody>\n<\/table>\n<\/div>\n<\/div>\n<hr data-start=\"5629\" data-end=\"5632\" \/>\n<h3 data-start=\"5634\" data-end=\"5651\"><strong data-start=\"5638\" data-end=\"5651\">Avantajlar<\/strong><\/h3>\n<ul data-start=\"5653\" data-end=\"6019\">\n<li data-start=\"5653\" data-end=\"5707\">\n<p data-start=\"5655\" data-end=\"5707\"><strong data-start=\"5655\" data-end=\"5674\">Y\u00fcksek Safl\u0131k<\/strong> \u2013 \u2265 98% laboratoriumkwaliteit.<\/p>\n<\/li>\n<li data-start=\"5708\" data-end=\"5783\">\n<p data-start=\"5710\" data-end=\"5783\"><strong data-start=\"5710\" data-end=\"5734\">Nauwkeurig Gedoseerd<\/strong> \u2013 40mg per pellet voor consistente resultaten.<\/p>\n<\/li>\n<li data-start=\"5784\" data-end=\"5862\">\n<p data-start=\"5786\" data-end=\"5862\"><strong data-start=\"5786\" data-end=\"5808\">G\u00fcvenli Paketleme<\/strong> \u2013 Blisterverpakking beschermt tegen licht en vocht.<\/p>\n<\/li>\n<li data-start=\"5863\" data-end=\"5941\">\n<p data-start=\"5865\" data-end=\"5941\"><strong data-start=\"5865\" data-end=\"5895\">Geni\u015f Ara\u015ft\u0131rma Kaplamas\u0131<\/strong> - GC\/MS, LC-MS, FTIR ve HPLC i\u00e7in uygundur.<\/p>\n<\/li>\n<li data-start=\"5942\" data-end=\"6019\">\n<p data-start=\"5944\" data-end=\"6019\"><strong data-start=\"5944\" data-end=\"5978\">Traceerbare Kwaliteitscontrole<\/strong> \u2013 Elke batch getest en gedocumenteerd.<\/p>\n<\/li>\n<\/ul>\n<hr data-start=\"6021\" data-end=\"6024\" \/>\n<h3 data-start=\"6026\" data-end=\"6078\"><strong data-start=\"6030\" data-end=\"6076\">Kullan\u0131m (Sadece Ara\u015ft\u0131rma Ama\u00e7l\u0131)<\/strong><\/h3>\n<ol data-start=\"6080\" data-end=\"6397\">\n<li data-start=\"6080\" data-end=\"6149\">\n<p data-start=\"6083\" data-end=\"6149\"><strong data-start=\"6083\" data-end=\"6098\">Elle\u00e7leme:<\/strong> Eldiven, koruyucu g\u00f6zl\u00fck ve laboratuvar \u00f6nl\u00fc\u011f\u00fc kullan\u0131n.<\/p>\n<\/li>\n<li data-start=\"6150\" data-end=\"6212\">\n<p data-start=\"6153\" data-end=\"6212\"><strong data-start=\"6153\" data-end=\"6166\">\u00d6l\u00e7\u00fcler:<\/strong> Noteer batchnummer, dosering en zuiverheid.<\/p>\n<\/li>\n<li data-start=\"6213\" data-end=\"6267\">\n<p data-start=\"6216\" data-end=\"6267\"><strong data-start=\"6216\" data-end=\"6227\">Depolama:<\/strong> Serin (2-8\u00b0C), kuru ve karanl\u0131kta saklay\u0131n.<\/p>\n<\/li>\n<li data-start=\"6268\" data-end=\"6332\">\n<p data-start=\"6271\" data-end=\"6332\"><strong data-start=\"6271\" data-end=\"6283\">Analiz:<\/strong> Geschikt voor chromatografie en spectroscopie.<\/p>\n<\/li>\n<li data-start=\"6333\" data-end=\"6397\">\n<p data-start=\"6336\" data-end=\"6397\"><strong data-start=\"6336\" data-end=\"6353\">Dok\u00fcmantasyon:<\/strong> Sonu\u00e7lar\u0131 ve analiz y\u00f6ntemlerini kaydedin.<\/p>\n<\/li>\n<\/ol>\n<hr data-start=\"6399\" data-end=\"6402\" \/>\n<h3 data-start=\"6404\" data-end=\"6439\"><strong data-start=\"6408\" data-end=\"6437\">S\u0131k\u00e7a sorulan sorular (SSS)<\/strong><\/h3>\n<p data-start=\"6441\" data-end=\"6611\"><strong data-start=\"6441\" data-end=\"6472\">1. Wat is RC+ D-MEX (DMXE)?<\/strong><br data-start=\"6472\" data-end=\"6475\" \/>A <strong data-start=\"6479\" data-end=\"6503\">onderzoekssubstantie<\/strong> bir \u015fey yok. <strong data-start=\"6511\" data-end=\"6540\">arilsikloheksilamin s\u0131n\u0131f\u0131<\/strong>, verwant aan MXE, gebruikt voor onderzoek naar NMDA-receptorbinding.<\/p>\n<p data-start=\"6613\" data-end=\"6736\"><strong data-start=\"6613\" data-end=\"6653\">2. Safl\u0131k ve dozaj nedir?<\/strong><br data-start=\"6653\" data-end=\"6656\" \/>Her pelet \u015funlar\u0131 i\u00e7erir <strong data-start=\"6674\" data-end=\"6706\">40mg DMXE (\u2265 98% zuiverheid)<\/strong>, HPLC ve NMR ile onaylanm\u0131\u015ft\u0131r.<\/p>\n<p data-start=\"6738\" data-end=\"6901\"><strong data-start=\"6738\" data-end=\"6781\">3. Is het legaal om RC+ D-MEX te kopen?<\/strong><br data-start=\"6781\" data-end=\"6784\" \/>Bu <strong data-start=\"6787\" data-end=\"6810\">legaliteit van DMXE<\/strong> \u00fclkeden \u00fclkeye de\u011fi\u015fir. Her zaman \u00f6nce yerel yasalar\u0131 kontrol edin <strong data-start=\"6879\" data-end=\"6898\">RC+ D-MEX koopt<\/strong>.<\/p>","protected":false},"excerpt":{"rendered":"<p><span dir=\"auto\" style=\"vertical-align: inherit;\"><span dir=\"auto\" style=\"vertical-align: inherit;\">RC+ D-MEX 40mg Blister<\/span><\/span><\/p>\n<p><span dir=\"auto\" style=\"vertical-align: inherit;\"><span dir=\"auto\" style=\"vertical-align: inherit;\">CAS Number: 681440-83-5 <\/span><\/span><br \/>\n<span dir=\"auto\" style=\"vertical-align: inherit;\"><span dir=\"auto\" style=\"vertical-align: inherit;\">Formula: 5-dehydro-1,3-quinodimethane <\/span><\/span><br \/>\n<span dir=\"auto\" style=\"vertical-align: inherit;\"><span dir=\"auto\" style=\"vertical-align: inherit;\">Molar mass: 103.14 g\/mol <\/span><\/span><br \/>\n<span dir=\"auto\" style=\"vertical-align: inherit;\"><span dir=\"auto\" style=\"vertical-align: inherit;\">Purity: &gt;97%<\/span><\/span><\/p>","protected":false},"featured_media":1296,"comment_status":"closed","ping_status":"closed","template":"","meta":[],"product_brand":[23],"product_cat":[468],"product_tag":[951,123,177,178,124,125,22,582],"class_list":{"0":"post-1278","1":"product","2":"type-product","3":"status-publish","4":"has-post-thumbnail","6":"product_brand-research-chemical","7":"product_cat-b2b","8":"product_tag-d-mex","9":"product_tag-dmxe","10":"product_tag-dmxe-dosage","11":"product_tag-dmxe-duration","12":"product_tag-dmxe-ervaring","13":"product_tag-dmxe-psychonaut","14":"product_tag-nl","15":"product_tag-what-is-dmxe","17":"first","18":"instock","19":"shipping-taxable","20":"purchasable","21":"product-type-variable"},"_links":{"self":[{"href":"https:\/\/researchchemicalshop.eu\/tr\/wp-json\/wp\/v2\/product\/1278","targetHints":{"allow":["GET"]}}],"collection":[{"href":"https:\/\/researchchemicalshop.eu\/tr\/wp-json\/wp\/v2\/product"}],"about":[{"href":"https:\/\/researchchemicalshop.eu\/tr\/wp-json\/wp\/v2\/types\/product"}],"replies":[{"embeddable":true,"href":"https:\/\/researchchemicalshop.eu\/tr\/wp-json\/wp\/v2\/comments?post=1278"}],"version-history":[{"count":1,"href":"https:\/\/researchchemicalshop.eu\/tr\/wp-json\/wp\/v2\/product\/1278\/revisions"}],"predecessor-version":[{"id":16532,"href":"https:\/\/researchchemicalshop.eu\/tr\/wp-json\/wp\/v2\/product\/1278\/revisions\/16532"}],"wp:featuredmedia":[{"embeddable":true,"href":"https:\/\/researchchemicalshop.eu\/tr\/wp-json\/wp\/v2\/media\/1296"}],"wp:attachment":[{"href":"https:\/\/researchchemicalshop.eu\/tr\/wp-json\/wp\/v2\/media?parent=1278"}],"wp:term":[{"taxonomy":"product_brand","embeddable":true,"href":"https:\/\/researchchemicalshop.eu\/tr\/wp-json\/wp\/v2\/product_brand?post=1278"},{"taxonomy":"product_cat","embeddable":true,"href":"https:\/\/researchchemicalshop.eu\/tr\/wp-json\/wp\/v2\/product_cat?post=1278"},{"taxonomy":"product_tag","embeddable":true,"href":"https:\/\/researchchemicalshop.eu\/tr\/wp-json\/wp\/v2\/product_tag?post=1278"}],"curies":[{"name":"wp","href":"https:\/\/api.w.org\/{rel}","templated":true}]}}