{"id":1276,"date":"2026-02-09T11:56:13","date_gmt":"2026-02-09T11:56:13","guid":{"rendered":"https:\/\/researchchemicalshop.eu\/?post_type=product&#038;p=1276"},"modified":"2026-02-13T11:19:51","modified_gmt":"2026-02-13T11:19:51","slug":"rc-moxy-10mg-blister","status":"publish","type":"product","link":"https:\/\/researchchemicalshop.eu\/tr\/urun\/rc-moxy-10mg-blister\/","title":{"rendered":"RC+ Moxy 10mg Blister"},"content":{"rendered":"<h3 data-start=\"3993\" data-end=\"4014\"><strong data-start=\"3997\" data-end=\"4012\">Giri\u015f<\/strong><\/h3>\n<p data-start=\"4015\" data-end=\"4459\"><strong data-start=\"4015\" data-end=\"4040\">RC+ Moxy 10mg Blister<\/strong> bevat <strong data-start=\"4047\" data-end=\"4117\">10 milligram 5-MeO-MiPT (5-Methoxy-N-methyl-N-isopropyltryptamine)<\/strong> - bir <strong data-start=\"4124\" data-end=\"4148\">tryptamineverbinding<\/strong> die veel wordt gebruikt in <strong data-start=\"4176\" data-end=\"4217\">neurochemisch en analytisch onderzoek<\/strong>. moxy 5 meo mipt<br data-start=\"4218\" data-end=\"4221\" \/>Het is structureel verwant aan andere <strong data-start=\"4259\" data-end=\"4280\">5-MeO-tryptamines<\/strong> zoals <strong data-start=\"4287\" data-end=\"4300\">5-MeO-DMT<\/strong> ve <strong data-start=\"4304\" data-end=\"4318\">5-MeO-DiPT<\/strong>, en wordt gebruikt in studies naar <strong data-start=\"4354\" data-end=\"4373\">receptorbinding<\/strong>, <strong data-start=\"4375\" data-end=\"4417\">yap\u0131-aktivite ili\u015fkileri (SAR)<\/strong> ve <strong data-start=\"4421\" data-end=\"4456\">kromatografik \u00f6zellikler<\/strong>.<\/p>\n<p data-start=\"4461\" data-end=\"4624\">Elke pellet heeft een <strong data-start=\"4483\" data-end=\"4507\">\u2265 98%'nin safl\u0131\u011f\u0131<\/strong>, bevestigd via <strong data-start=\"4523\" data-end=\"4538\">HPLC ve NMR<\/strong>, en is <strong data-start=\"4546\" data-end=\"4580\">verzegeld in blisterverpakking<\/strong> voor maximale stabiliteit en bescherming.<\/p>\n<blockquote data-start=\"4626\" data-end=\"4769\">\n<p data-start=\"4628\" data-end=\"4769\">\u26a0\ufe0f <strong data-start=\"4631\" data-end=\"4642\">Not:<\/strong> RC+ Moxy is uitsluitend bedoeld voor <strong data-start=\"4680\" data-end=\"4715\">ara\u015ft\u0131rma ve analitik kullan\u0131m<\/strong> \u2014 <strong data-start=\"4718\" data-end=\"4766\">insan veya hayvan t\u00fcketimi i\u00e7in de\u011fil<\/strong>.<\/p>\n<\/blockquote>\n<hr data-start=\"4771\" data-end=\"4774\" \/>\n<h3 data-start=\"4776\" data-end=\"4807\"><strong data-start=\"4780\" data-end=\"4807\">Temel \u00f6zellikler<\/strong><\/h3>\n<div class=\"_tableContainer_1rjym_1\">\n<div class=\"group _tableWrapper_1rjym_13 flex w-fit flex-col-reverse\" tabindex=\"-1\">\n<table class=\"w-fit min-w-(--thread-content-width)\" data-start=\"4809\" data-end=\"5498\">\n<thead data-start=\"4809\" data-end=\"4835\">\n<tr data-start=\"4809\" data-end=\"4835\">\n<th data-start=\"4809\" data-end=\"4819\" data-col-size=\"sm\">\u00d6zellik<\/th>\n<th data-start=\"4819\" data-end=\"4835\" data-col-size=\"md\">A\u00e7\u0131klama<\/th>\n<\/tr>\n<\/thead>\n<tbody data-start=\"4864\" data-end=\"5498\">\n<tr data-start=\"4864\" data-end=\"4943\">\n<td data-start=\"4864\" data-end=\"4885\" data-col-size=\"sm\"><strong data-start=\"4866\" data-end=\"4884\">Kimyasal Ad\u0131<\/strong><\/td>\n<td data-start=\"4885\" data-end=\"4943\" data-col-size=\"md\">5-Methoxy-N-methyl-N-isopropyltryptamine Hydrochloride<\/td>\n<\/tr>\n<tr data-start=\"4944\" data-end=\"4990\">\n<td data-start=\"4944\" data-end=\"4969\" data-col-size=\"sm\"><strong data-start=\"4946\" data-end=\"4968\">Ortak \u0130sim<\/strong><\/td>\n<td data-start=\"4969\" data-end=\"4990\" data-col-size=\"md\">5-MeO-MiPT \/ Moxy<\/td>\n<\/tr>\n<tr data-start=\"4991\" data-end=\"5034\">\n<td data-start=\"4991\" data-end=\"5009\" data-col-size=\"sm\"><strong data-start=\"4993\" data-end=\"5008\">Productnaam<\/strong><\/td>\n<td data-start=\"5009\" data-end=\"5034\" data-col-size=\"md\">RC+ Moxy 10mg Blister<\/td>\n<\/tr>\n<tr data-start=\"5035\" data-end=\"5076\">\n<td data-start=\"5035\" data-end=\"5059\" data-col-size=\"sm\"><strong data-start=\"5037\" data-end=\"5058\">Kimyasal Form\u00fcl<\/strong><\/td>\n<td data-start=\"5059\" data-end=\"5076\" data-col-size=\"md\">C\u2081\u2085H\u2082\u2082N\u2082O\u00b7HCl<\/td>\n<\/tr>\n<tr data-start=\"5077\" data-end=\"5115\">\n<td data-start=\"5077\" data-end=\"5099\" data-col-size=\"sm\"><strong data-start=\"5079\" data-end=\"5098\">Molek\u00fcler a\u011f\u0131rl\u0131k<\/strong><\/td>\n<td data-start=\"5099\" data-end=\"5115\" data-col-size=\"md\">282,81 g\/mol<\/td>\n<\/tr>\n<tr data-start=\"5116\" data-end=\"5150\">\n<td data-start=\"5116\" data-end=\"5131\" data-col-size=\"sm\"><strong data-start=\"5118\" data-end=\"5130\">Dozaj<\/strong><\/td>\n<td data-start=\"5131\" data-end=\"5150\" data-col-size=\"md\">10mg per pellet<\/td>\n<\/tr>\n<tr data-start=\"5151\" data-end=\"5198\">\n<td data-start=\"5151\" data-end=\"5162\" data-col-size=\"sm\"><strong data-start=\"5153\" data-end=\"5161\">Form<\/strong><\/td>\n<td data-start=\"5162\" data-end=\"5198\" data-col-size=\"md\">Kat\u0131 pelet (blister ambalaj)<\/td>\n<\/tr>\n<tr data-start=\"5199\" data-end=\"5250\">\n<td data-start=\"5199\" data-end=\"5216\" data-col-size=\"sm\"><strong data-start=\"5201\" data-end=\"5215\">Safl\u0131k<\/strong><\/td>\n<td data-start=\"5216\" data-end=\"5250\" data-col-size=\"md\">\u2265 98% (HPLC ve NMR ile test edilmi\u015ftir)<\/td>\n<\/tr>\n<tr data-start=\"5251\" data-end=\"5297\">\n<td data-start=\"5251\" data-end=\"5274\" data-col-size=\"sm\"><strong data-start=\"5253\" data-end=\"5273\">Kimyasal S\u0131n\u0131f<\/strong><\/td>\n<td data-start=\"5274\" data-end=\"5297\" data-col-size=\"md\">Tryptamine-derivaat<\/td>\n<\/tr>\n<tr data-start=\"5298\" data-end=\"5377\">\n<td data-start=\"5298\" data-end=\"5312\" data-col-size=\"sm\"><strong data-start=\"5300\" data-end=\"5311\">Kullan\u0131m<\/strong><\/td>\n<td data-start=\"5312\" data-end=\"5377\" data-col-size=\"md\">Sadece analitik, adli ve n\u00f6rokimyasal ara\u015ft\u0131rmalar i\u00e7in<\/td>\n<\/tr>\n<tr data-start=\"5378\" data-end=\"5438\">\n<td data-start=\"5378\" data-end=\"5395\" data-col-size=\"sm\"><strong data-start=\"5380\" data-end=\"5394\">Paketleme<\/strong><\/td>\n<td data-start=\"5395\" data-end=\"5438\" data-col-size=\"md\">Blisterstrip met verzegelde bescherming<\/td>\n<\/tr>\n<tr data-start=\"5439\" data-end=\"5498\">\n<td data-start=\"5439\" data-end=\"5457\" data-col-size=\"sm\"><strong data-start=\"5441\" data-end=\"5456\">Miktar<\/strong><\/td>\n<td data-start=\"5457\" data-end=\"5498\" data-col-size=\"md\">Blisterverpakking met 10mg per pellet<\/td>\n<\/tr>\n<\/tbody>\n<\/table>\n<\/div>\n<\/div>\n<hr data-start=\"5500\" data-end=\"5503\" \/>\n<h3 data-start=\"5505\" data-end=\"5522\"><strong data-start=\"5509\" data-end=\"5522\">Avantajlar<\/strong><\/h3>\n<ul data-start=\"5524\" data-end=\"5922\">\n<li data-start=\"5524\" data-end=\"5578\">\n<p data-start=\"5526\" data-end=\"5578\"><strong data-start=\"5526\" data-end=\"5545\">Y\u00fcksek Safl\u0131k<\/strong> \u2013 \u2265 98% laboratoriumkwaliteit.<\/p>\n<\/li>\n<li data-start=\"5579\" data-end=\"5659\">\n<p data-start=\"5581\" data-end=\"5659\"><strong data-start=\"5581\" data-end=\"5598\">Stabiele Vorm<\/strong> \u2013 Nauwkeurig gedoseerde 10mg pellets in blisterverpakking.<\/p>\n<\/li>\n<li data-start=\"5660\" data-end=\"5738\">\n<p data-start=\"5662\" data-end=\"5738\"><strong data-start=\"5662\" data-end=\"5692\">Geni\u015f Ara\u015ft\u0131rma Kaplamas\u0131<\/strong> - GC\/MS, LC-MS, FTIR ve HPLC i\u00e7in uygundur.<\/p>\n<\/li>\n<li data-start=\"5739\" data-end=\"5832\">\n<p data-start=\"5741\" data-end=\"5832\"><strong data-start=\"5741\" data-end=\"5766\">Betrouwbare Kwaliteit<\/strong> \u2013 Geproduceerd onder gecontroleerde laboratoriumomstandigheden.<\/p>\n<\/li>\n<li data-start=\"5833\" data-end=\"5922\">\n<p data-start=\"5835\" data-end=\"5922\"><strong data-start=\"5835\" data-end=\"5864\">Ideaal voor SAR-onderzoek<\/strong> \u2013 Geschikt voor structurele en farmacologische studies.<\/p>\n<\/li>\n<\/ul>\n<hr data-start=\"5924\" data-end=\"5927\" \/>\n<h3 data-start=\"5929\" data-end=\"5981\"><strong data-start=\"5933\" data-end=\"5979\">Kullan\u0131m (Sadece Ara\u015ft\u0131rma Ama\u00e7l\u0131)<\/strong><\/h3>\n<ol data-start=\"5983\" data-end=\"6302\">\n<li data-start=\"5983\" data-end=\"6052\">\n<p data-start=\"5986\" data-end=\"6052\"><strong data-start=\"5986\" data-end=\"6001\">Elle\u00e7leme:<\/strong> Gebruik handschoenen, veiligheidsbril en labjas. moxy 5 meo mipt<\/p>\n<\/li>\n<li data-start=\"6053\" data-end=\"6115\">\n<p data-start=\"6056\" data-end=\"6115\"><strong data-start=\"6056\" data-end=\"6069\">\u00d6l\u00e7\u00fcler:<\/strong> Noteer batchnummer, dosering en zuiverheid.<\/p>\n<\/li>\n<li data-start=\"6116\" data-end=\"6170\">\n<p data-start=\"6119\" data-end=\"6170\"><strong data-start=\"6119\" data-end=\"6130\">Depolama:<\/strong> Serin (2-8\u00b0C), kuru ve karanl\u0131kta saklay\u0131n.<\/p>\n<\/li>\n<li data-start=\"6171\" data-end=\"6235\">\n<p data-start=\"6174\" data-end=\"6235\"><strong data-start=\"6174\" data-end=\"6186\">Analiz:<\/strong> Geschikt voor chromatografie en spectroscopie.<\/p>\n<\/li>\n<li data-start=\"6236\" data-end=\"6302\">\n<p data-start=\"6239\" data-end=\"6302\"><strong data-start=\"6239\" data-end=\"6256\">Dok\u00fcmantasyon:<\/strong> Registreer resultaten voor traceerbaarheid.<\/p>\n<\/li>\n<\/ol>\n<hr data-start=\"6304\" data-end=\"6307\" \/>\n<h3 data-start=\"6309\" data-end=\"6344\"><strong data-start=\"6313\" data-end=\"6342\">S\u0131k\u00e7a sorulan sorular (SSS)<\/strong><\/h3>\n<p data-start=\"6346\" data-end=\"6495\"><strong data-start=\"6346\" data-end=\"6382\">1. Wat is RC+ Moxy (5-MeO-MiPT)?<\/strong><br data-start=\"6382\" data-end=\"6385\" \/>A <strong data-start=\"6389\" data-end=\"6411\">tryptamine-analoog<\/strong>, gebruikt voor analytisch en neurochemisch onderzoek naar receptorbinding en SAR.<\/p>\n<p data-start=\"6497\" data-end=\"6623\"><strong data-start=\"6497\" data-end=\"6537\">2. Wat is de dosering en zuiverheid?<\/strong><br data-start=\"6537\" data-end=\"6540\" \/>Her pelet \u015funlar\u0131 i\u00e7erir <strong data-start=\"6558\" data-end=\"6596\">10mg 5-MeO-MiPT (\u2265 98% zuiverheid)<\/strong>, HPLC ve NMR ile test edilmi\u015ftir.<\/p>\n<p data-start=\"6625\" data-end=\"6792\"><strong data-start=\"6625\" data-end=\"6667\">3. Is het legaal om RC+ Moxy te kopen?<\/strong><br data-start=\"6667\" data-end=\"6670\" \/>Bu <strong data-start=\"6673\" data-end=\"6702\">legaliteit van 5-MeO-MiPT<\/strong> \u00fclkeden \u00fclkeye de\u011fi\u015fir. Her zaman \u00f6nce yerel yasalar\u0131 kontrol edin <strong data-start=\"6771\" data-end=\"6789\">RC+ Moxy koopt<\/strong>.<\/p>","protected":false},"excerpt":{"rendered":"<p><strong><span dir=\"auto\" style=\"vertical-align: inherit;\"><span dir=\"auto\" style=\"vertical-align: inherit;\">CAS Number:<\/span><\/span><\/strong><span dir=\"auto\" style=\"vertical-align: inherit;\"><span dir=\"auto\" style=\"vertical-align: inherit;\"> 96096-55-8 <\/span><\/span><br \/>\n<strong><span dir=\"auto\" style=\"vertical-align: inherit;\"><span dir=\"auto\" style=\"vertical-align: inherit;\">Formula:<\/span><\/span><\/strong><span dir=\"auto\" style=\"vertical-align: inherit;\"><span dir=\"auto\" style=\"vertical-align: inherit;\"> N-[2-(5-methoxy-1H-indol-3-yl)ethyl]-N-methylpropan-2-amine <\/span><\/span><br \/>\n<strong><span dir=\"auto\" style=\"vertical-align: inherit;\"><span dir=\"auto\" style=\"vertical-align: inherit;\">Molecular weight:<\/span><\/span><\/strong><span dir=\"auto\" style=\"vertical-align: inherit;\"><span dir=\"auto\" style=\"vertical-align: inherit;\"> 246.354 g mol <\/span><\/span><br \/>\n<strong><span dir=\"auto\" style=\"vertical-align: inherit;\"><span dir=\"auto\" style=\"vertical-align: inherit;\">Purity:<\/span><\/span><\/strong><span dir=\"auto\" style=\"vertical-align: inherit;\"><span dir=\"auto\" style=\"vertical-align: inherit;\"> &gt;97%<\/span><\/span><\/p>\n","protected":false},"featured_media":1294,"comment_status":"closed","ping_status":"closed","template":"","meta":[],"product_brand":[23],"product_cat":[468],"product_tag":[571,572,573,22,574,950],"class_list":{"0":"post-1276","1":"product","2":"type-product","3":"status-publish","4":"has-post-thumbnail","6":"product_brand-research-chemical","7":"product_cat-b2b","8":"product_tag-5-meo-mipt-moxy","9":"product_tag-5-meo-mipt-moxy-purifie","10":"product_tag-moxy-5-meo-mipt","11":"product_tag-nl","12":"product_tag-purifie-moxy-5-meo-mipt","13":"product_tag-rc-moxy-10mg-blister","15":"first","16":"instock","17":"shipping-taxable","18":"purchasable","19":"product-type-variable"},"_links":{"self":[{"href":"https:\/\/researchchemicalshop.eu\/tr\/wp-json\/wp\/v2\/product\/1276","targetHints":{"allow":["GET"]}}],"collection":[{"href":"https:\/\/researchchemicalshop.eu\/tr\/wp-json\/wp\/v2\/product"}],"about":[{"href":"https:\/\/researchchemicalshop.eu\/tr\/wp-json\/wp\/v2\/types\/product"}],"replies":[{"embeddable":true,"href":"https:\/\/researchchemicalshop.eu\/tr\/wp-json\/wp\/v2\/comments?post=1276"}],"version-history":[{"count":1,"href":"https:\/\/researchchemicalshop.eu\/tr\/wp-json\/wp\/v2\/product\/1276\/revisions"}],"predecessor-version":[{"id":16530,"href":"https:\/\/researchchemicalshop.eu\/tr\/wp-json\/wp\/v2\/product\/1276\/revisions\/16530"}],"wp:featuredmedia":[{"embeddable":true,"href":"https:\/\/researchchemicalshop.eu\/tr\/wp-json\/wp\/v2\/media\/1294"}],"wp:attachment":[{"href":"https:\/\/researchchemicalshop.eu\/tr\/wp-json\/wp\/v2\/media?parent=1276"}],"wp:term":[{"taxonomy":"product_brand","embeddable":true,"href":"https:\/\/researchchemicalshop.eu\/tr\/wp-json\/wp\/v2\/product_brand?post=1276"},{"taxonomy":"product_cat","embeddable":true,"href":"https:\/\/researchchemicalshop.eu\/tr\/wp-json\/wp\/v2\/product_cat?post=1276"},{"taxonomy":"product_tag","embeddable":true,"href":"https:\/\/researchchemicalshop.eu\/tr\/wp-json\/wp\/v2\/product_tag?post=1276"}],"curies":[{"name":"wp","href":"https:\/\/api.w.org\/{rel}","templated":true}]}}