{"id":1274,"date":"2026-02-09T11:56:13","date_gmt":"2026-02-09T11:56:13","guid":{"rendered":"https:\/\/researchchemicalshop.eu\/?post_type=product&#038;p=1274"},"modified":"2026-03-02T02:10:38","modified_gmt":"2026-03-02T02:10:38","slug":"tropacocaine-hcl","status":"publish","type":"product","link":"https:\/\/researchchemicalshop.eu\/tr\/urun\/tropacocaine-hcl\/","title":{"rendered":"Tropacocaine HCl"},"content":{"rendered":"<h3 data-start=\"4150\" data-end=\"4171\"><strong data-start=\"4154\" data-end=\"4169\">Giri\u015f<\/strong><\/h3>\n<p data-start=\"4172\" data-end=\"4605\"><strong data-start=\"4172\" data-end=\"4221\">Tropacocaine HCl (Tropacocaine Hydrochloride)<\/strong> bir <strong data-start=\"4229\" data-end=\"4249\">tropaanalkalo\u00efde<\/strong> en behoort tot de <strong data-start=\"4268\" data-end=\"4301\">ester-type lokale anesthetica<\/strong>.<br data-start=\"4302\" data-end=\"4305\" \/>Het is structureel verwant aan <strong data-start=\"4336\" data-end=\"4347\">coca\u00efne<\/strong>, maar heeft <strong data-start=\"4360\" data-end=\"4420\">verschillende chemische en farmacologische eigenschappen<\/strong>. tropacocaine<br data-start=\"4421\" data-end=\"4424\" \/>\u0130\u00e7inde kullan\u0131l\u0131r <strong data-start=\"4446\" data-end=\"4484\">adli\u0307 ve anali\u0307ti\u0307k i\u0307ncelemeler<\/strong> i\u00e7in <strong data-start=\"4490\" data-end=\"4508\">esterhydrolyse<\/strong>, <strong data-start=\"4510\" data-end=\"4529\">receptorbinding<\/strong> ve <strong data-start=\"4533\" data-end=\"4575\">yap\u0131-aktivite ili\u015fkileri (SAR)<\/strong> binnen tropaanverbindingen.<\/p>\n<p data-start=\"4607\" data-end=\"4875\">Elke batch wordt geproduceerd onder <strong data-start=\"4643\" data-end=\"4688\">gecontroleerde laboratoriumomstandigheden<\/strong> ve \u00fczerinde test edildi <strong data-start=\"4706\" data-end=\"4730\">\u2265 98%'nin safl\u0131\u011f\u0131<\/strong> \u00fczerinden <strong data-start=\"4735\" data-end=\"4750\">HPLC ve NMR<\/strong>.<br data-start=\"4751\" data-end=\"4754\" \/>Tropacocaine HCl wordt geleverd in <strong data-start=\"4789\" data-end=\"4823\">kristallijne hydrochloridevorm<\/strong> voor optimale stabiliteit en reproduceerbaarheid.<\/p>\n<blockquote data-start=\"4877\" data-end=\"5028\">\n<p data-start=\"4879\" data-end=\"5028\">\u26a0\ufe0f <strong data-start=\"4882\" data-end=\"4893\">Not:<\/strong> Tropacocaine HCl is uitsluitend bedoeld voor <strong data-start=\"4939\" data-end=\"4974\">ara\u015ft\u0131rma ve analitik kullan\u0131m<\/strong> \u2014 <strong data-start=\"4977\" data-end=\"5026\">insan veya hayvan t\u00fcketimi i\u00e7in de\u011fildir.<\/strong><\/p>\n<\/blockquote>\n<hr data-start=\"5030\" data-end=\"5033\" \/>\n<h3 data-start=\"5035\" data-end=\"5066\"><strong data-start=\"5039\" data-end=\"5066\">Temel \u00f6zellikler<\/strong><\/h3>\n<div class=\"_tableContainer_1rjym_1\">\n<div class=\"group _tableWrapper_1rjym_13 flex w-fit flex-col-reverse\" tabindex=\"-1\">\n<table class=\"w-fit min-w-(--thread-content-width)\" data-start=\"5068\" data-end=\"5684\">\n<thead data-start=\"5068\" data-end=\"5094\">\n<tr data-start=\"5068\" data-end=\"5094\">\n<th data-start=\"5068\" data-end=\"5078\" data-col-size=\"sm\">\u00d6zellik<\/th>\n<th data-start=\"5078\" data-end=\"5094\" data-col-size=\"md\">A\u00e7\u0131klama<\/th>\n<\/tr>\n<\/thead>\n<tbody data-start=\"5123\" data-end=\"5684\">\n<tr data-start=\"5123\" data-end=\"5174\">\n<td data-start=\"5123\" data-end=\"5144\" data-col-size=\"sm\"><strong data-start=\"5125\" data-end=\"5143\">Kimyasal Ad\u0131<\/strong><\/td>\n<td data-start=\"5144\" data-end=\"5174\" data-col-size=\"md\">Tropacocaine Hydrochloride<\/td>\n<\/tr>\n<tr data-start=\"5175\" data-end=\"5220\">\n<td data-start=\"5175\" data-end=\"5200\" data-col-size=\"sm\"><strong data-start=\"5177\" data-end=\"5199\">Ortak \u0130sim<\/strong><\/td>\n<td data-start=\"5200\" data-end=\"5220\" data-col-size=\"md\">Tropacocaine HCl<\/td>\n<\/tr>\n<tr data-start=\"5221\" data-end=\"5262\">\n<td data-start=\"5221\" data-end=\"5245\" data-col-size=\"sm\"><strong data-start=\"5223\" data-end=\"5244\">Kimyasal Form\u00fcl<\/strong><\/td>\n<td data-start=\"5245\" data-end=\"5262\" data-col-size=\"md\">C\u2081\u2085H\u2082\u2080NO\u2082\u00b7HCl<\/td>\n<\/tr>\n<tr data-start=\"5263\" data-end=\"5301\">\n<td data-start=\"5263\" data-end=\"5285\" data-col-size=\"sm\"><strong data-start=\"5265\" data-end=\"5284\">Molek\u00fcler a\u011f\u0131rl\u0131k<\/strong><\/td>\n<td data-start=\"5285\" data-end=\"5301\" data-col-size=\"md\">283,78 g\/mol<\/td>\n<\/tr>\n<tr data-start=\"5302\" data-end=\"5346\">\n<td data-start=\"5302\" data-end=\"5313\" data-col-size=\"sm\"><strong data-start=\"5304\" data-end=\"5312\">Form<\/strong><\/td>\n<td data-start=\"5313\" data-end=\"5346\" data-col-size=\"md\">Kristallijn poeder (HCl-zout)<\/td>\n<\/tr>\n<tr data-start=\"5347\" data-end=\"5398\">\n<td data-start=\"5347\" data-end=\"5364\" data-col-size=\"sm\"><strong data-start=\"5349\" data-end=\"5363\">Safl\u0131k<\/strong><\/td>\n<td data-start=\"5364\" data-end=\"5398\" data-col-size=\"md\">\u2265 98% (HPLC ve NMR ile test edilmi\u015ftir)<\/td>\n<\/tr>\n<tr data-start=\"5399\" data-end=\"5466\">\n<td data-start=\"5399\" data-end=\"5422\" data-col-size=\"sm\"><strong data-start=\"5401\" data-end=\"5421\">Kimyasal S\u0131n\u0131f<\/strong><\/td>\n<td data-start=\"5422\" data-end=\"5466\" data-col-size=\"md\">Tropaanalkalo\u00efde \/ Ester-type verbinding<\/td>\n<\/tr>\n<tr data-start=\"5467\" data-end=\"5547\">\n<td data-start=\"5467\" data-end=\"5481\" data-col-size=\"sm\"><strong data-start=\"5469\" data-end=\"5480\">Kullan\u0131m<\/strong><\/td>\n<td data-start=\"5481\" data-end=\"5547\" data-col-size=\"md\">Alleen voor analytisch, forensisch en farmacologisch onderzoek<\/td>\n<\/tr>\n<tr data-start=\"5548\" data-end=\"5615\">\n<td data-start=\"5548\" data-end=\"5565\" data-col-size=\"sm\"><strong data-start=\"5550\" data-end=\"5564\">Paketleme<\/strong><\/td>\n<td data-start=\"5565\" data-end=\"5615\" data-col-size=\"md\">A\u00e7\u0131l\u0131p kapanabilir, neme dayan\u0131kl\u0131 laboratuvar \u00e7antas\u0131<\/td>\n<\/tr>\n<tr data-start=\"5616\" data-end=\"5684\">\n<td data-start=\"5616\" data-end=\"5634\" data-col-size=\"sm\"><strong data-start=\"5618\" data-end=\"5633\">Miktar<\/strong><\/td>\n<td data-start=\"5634\" data-end=\"5684\" data-col-size=\"md\">Meestal geleverd per 1 gram (batchafhankelijk)<\/td>\n<\/tr>\n<\/tbody>\n<\/table>\n<\/div>\n<\/div>\n<hr data-start=\"5686\" data-end=\"5689\" \/>\n<h3 data-start=\"5691\" data-end=\"5708\"><strong data-start=\"5695\" data-end=\"5708\">Avantajlar<\/strong><\/h3>\n<ul data-start=\"5710\" data-end=\"6097\">\n<li data-start=\"5710\" data-end=\"5792\">\n<p data-start=\"5712\" data-end=\"5792\"><strong data-start=\"5712\" data-end=\"5731\">Y\u00fcksek Safl\u0131k<\/strong> \u2013 \u2265 98% laboratoriumkwaliteit voor betrouwbare resultaten.<\/p>\n<\/li>\n<li data-start=\"5793\" data-end=\"5867\">\n<p data-start=\"5795\" data-end=\"5867\"><strong data-start=\"5795\" data-end=\"5822\">Stabiele Zoutvorm (HCl)<\/strong> \u2013 Verhoogde oplosbaarheid en houdbaarheid.<\/p>\n<\/li>\n<li data-start=\"5868\" data-end=\"5958\">\n<p data-start=\"5870\" data-end=\"5958\"><strong data-start=\"5870\" data-end=\"5900\">Geni\u015f Ara\u015ft\u0131rma Kaplamas\u0131<\/strong> \u2013 Geschikt voor forensisch en farmacologisch onderzoek.<\/p>\n<\/li>\n<li data-start=\"5959\" data-end=\"6026\">\n<p data-start=\"5961\" data-end=\"6026\"><strong data-start=\"5961\" data-end=\"5994\">Compatibel met Meettechnieken<\/strong> \u2013 GC\/MS, LC-MS, FTIR en HPLC.<\/p>\n<\/li>\n<li data-start=\"6027\" data-end=\"6097\">\n<p data-start=\"6029\" data-end=\"6097\"><strong data-start=\"6029\" data-end=\"6048\">Tamamen Test Edildi<\/strong> \u2013 Elke batch wordt onafhankelijk geverifieerd.<\/p>\n<\/li>\n<\/ul>\n<hr data-start=\"6099\" data-end=\"6102\" \/>\n<h3 data-start=\"6104\" data-end=\"6156\"><strong data-start=\"6108\" data-end=\"6154\">Kullan\u0131m (Sadece Ara\u015ft\u0131rma Ama\u00e7l\u0131)<\/strong><\/h3>\n<ol data-start=\"6158\" data-end=\"6485\">\n<li data-start=\"6158\" data-end=\"6227\">\n<p data-start=\"6161\" data-end=\"6227\"><strong data-start=\"6161\" data-end=\"6176\">Elle\u00e7leme:<\/strong> Eldiven, koruyucu g\u00f6zl\u00fck ve laboratuvar \u00f6nl\u00fc\u011f\u00fc kullan\u0131n.<\/p>\n<\/li>\n<li data-start=\"6228\" data-end=\"6290\">\n<p data-start=\"6231\" data-end=\"6290\"><strong data-start=\"6231\" data-end=\"6244\">\u00d6l\u00e7\u00fcler:<\/strong> Weeg nauwkeurig met een analytische balans.<\/p>\n<\/li>\n<li data-start=\"6291\" data-end=\"6345\">\n<p data-start=\"6294\" data-end=\"6345\"><strong data-start=\"6294\" data-end=\"6305\">Depolama:<\/strong> Serin (2-8\u00b0C), kuru ve karanl\u0131kta saklay\u0131n.<\/p>\n<\/li>\n<li data-start=\"6346\" data-end=\"6423\">\n<p data-start=\"6349\" data-end=\"6423\"><strong data-start=\"6349\" data-end=\"6361\">Analiz:<\/strong> Geschikt voor chromatografisch en farmacologisch onderzoek.<\/p>\n<\/li>\n<li data-start=\"6424\" data-end=\"6485\">\n<p data-start=\"6427\" data-end=\"6485\"><strong data-start=\"6427\" data-end=\"6444\">Dok\u00fcmantasyon:<\/strong> Noteer batchnummer en analysemethoden.<\/p>\n<\/li>\n<\/ol>\n<hr data-start=\"6487\" data-end=\"6490\" \/>\n<h3 data-start=\"6492\" data-end=\"6527\"><strong data-start=\"6496\" data-end=\"6525\">S\u0131k\u00e7a sorulan sorular (SSS)<\/strong><\/h3>\n<p data-start=\"6529\" data-end=\"6699\"><strong data-start=\"6529\" data-end=\"6560\">1. Wat is Tropacocaine HCl?<\/strong><br data-start=\"6560\" data-end=\"6563\" \/><strong data-start=\"6563\" data-end=\"6593\">Tropacocaine Hydrochloride<\/strong> bir <strong data-start=\"6601\" data-end=\"6622\">tropaanverbinding<\/strong> verwant aan coca\u00efne, gebruikt voor analytisch en farmacologisch onderzoek.<\/p>\n<p data-start=\"6701\" data-end=\"6817\"><strong data-start=\"6701\" data-end=\"6739\">2. Hoe zuiver is Tropacocaine HCl?<\/strong><br data-start=\"6739\" data-end=\"6742\" \/>Elke batch heeft een <strong data-start=\"6763\" data-end=\"6787\">\u2265 98%'nin safl\u0131\u011f\u0131<\/strong>, HPLC ve NMR ile onaylanm\u0131\u015ft\u0131r.<\/p>\n<p data-start=\"6819\" data-end=\"7008\"><strong data-start=\"6819\" data-end=\"6869\">3. Is het legaal om Tropacocaine HCl te kopen?<\/strong><br data-start=\"6869\" data-end=\"6872\" \/>Bu <strong data-start=\"6875\" data-end=\"6910\">legaliteit van Tropacocaine HCl<\/strong> \u00fclkeden \u00fclkeye de\u011fi\u015fir. Her zaman \u00f6nce yerel yasalar\u0131 kontrol edin <strong data-start=\"6979\" data-end=\"7005\">Tropacocaine HCl koopt<\/strong>.<\/p>","protected":false},"excerpt":{"rendered":"<h3><span data-sheets-value=\"{\" data-sheets-userformat=\"{\"><span dir=\"auto\" style=\"vertical-align: inherit;\"><span dir=\"auto\" style=\"vertical-align: inherit;\">Tropacocaine HCl properties<\/span><\/span><\/span><\/h3>\n<p><strong><span dir=\"auto\" style=\"vertical-align: inherit;\"><span dir=\"auto\" style=\"vertical-align: inherit;\">Synonym: <\/span><\/span><\/strong><span class=\"ml-1\"><span dir=\"auto\" style=\"vertical-align: inherit;\"><span dir=\"auto\" style=\"vertical-align: inherit;\">NSC 76018 <\/span><\/span><br \/>\n<\/span><strong><span dir=\"auto\" style=\"vertical-align: inherit;\"><span dir=\"auto\" style=\"vertical-align: inherit;\">CAS Number:<\/span><\/span><\/strong><span dir=\"auto\" style=\"vertical-align: inherit;\"><span dir=\"auto\" style=\"vertical-align: inherit;\"> 637-23-0 <\/span><\/span><br \/>\n<strong><span dir=\"auto\" style=\"vertical-align: inherit;\"><span dir=\"auto\" style=\"vertical-align: inherit;\">Formula:<\/span><\/span><\/strong><span dir=\"auto\" style=\"vertical-align: inherit;\"><span dir=\"auto\" style=\"vertical-align: inherit;\"> C <\/span><\/span><sub><small><span dir=\"auto\" style=\"vertical-align: inherit;\"><span dir=\"auto\" style=\"vertical-align: inherit;\">15<\/span><\/span><\/small><\/sub><span dir=\"auto\" style=\"vertical-align: inherit;\"><span dir=\"auto\" style=\"vertical-align: inherit;\"> H <\/span><\/span><sub><small><span dir=\"auto\" style=\"vertical-align: inherit;\"><span dir=\"auto\" style=\"vertical-align: inherit;\">19<\/span><\/span><\/small><\/sub><span dir=\"auto\" style=\"vertical-align: inherit;\"><span dir=\"auto\" style=\"vertical-align: inherit;\"> NO <\/span><\/span><sub><small><span dir=\"auto\" style=\"vertical-align: inherit;\"><span dir=\"auto\" style=\"vertical-align: inherit;\">2<\/span><\/span><\/small><\/sub><span dir=\"auto\" style=\"vertical-align: inherit;\"><span dir=\"auto\" style=\"vertical-align: inherit;\"> \u00a0\u2022 HCl <\/span><\/span><br \/>\n<strong><span dir=\"auto\" style=\"vertical-align: inherit;\"><span dir=\"auto\" style=\"vertical-align: inherit;\">Molar Mass:<\/span><\/span><\/strong><span dir=\"auto\" style=\"vertical-align: inherit;\"><span dir=\"auto\" style=\"vertical-align: inherit;\"> 281.8 <\/span><\/span><br \/>\n<strong><span dir=\"auto\" style=\"vertical-align: inherit;\"><span dir=\"auto\" style=\"vertical-align: inherit;\">Purity:<\/span><\/span><\/strong><span dir=\"auto\" style=\"vertical-align: inherit;\"><span dir=\"auto\" style=\"vertical-align: inherit;\"> &gt;98%<\/span><\/span><\/p>","protected":false},"featured_media":17093,"comment_status":"closed","ping_status":"closed","template":"","meta":[],"product_brand":[],"product_cat":[459,562],"product_tag":[22,563,564,565],"class_list":{"0":"post-1274","1":"product","2":"type-product","3":"status-publish","4":"has-post-thumbnail","6":"product_cat-overig","7":"product_cat-tropacocaine","8":"product_tag-nl","9":"product_tag-tropacocaine","10":"product_tag-tropacocaine-hcl","11":"product_tag-tropacocaine-kopen","13":"first","14":"instock","15":"shipping-taxable","16":"purchasable","17":"product-type-variable"},"_links":{"self":[{"href":"https:\/\/researchchemicalshop.eu\/tr\/wp-json\/wp\/v2\/product\/1274","targetHints":{"allow":["GET"]}}],"collection":[{"href":"https:\/\/researchchemicalshop.eu\/tr\/wp-json\/wp\/v2\/product"}],"about":[{"href":"https:\/\/researchchemicalshop.eu\/tr\/wp-json\/wp\/v2\/types\/product"}],"replies":[{"embeddable":true,"href":"https:\/\/researchchemicalshop.eu\/tr\/wp-json\/wp\/v2\/comments?post=1274"}],"version-history":[{"count":1,"href":"https:\/\/researchchemicalshop.eu\/tr\/wp-json\/wp\/v2\/product\/1274\/revisions"}],"predecessor-version":[{"id":16528,"href":"https:\/\/researchchemicalshop.eu\/tr\/wp-json\/wp\/v2\/product\/1274\/revisions\/16528"}],"wp:featuredmedia":[{"embeddable":true,"href":"https:\/\/researchchemicalshop.eu\/tr\/wp-json\/wp\/v2\/media\/17093"}],"wp:attachment":[{"href":"https:\/\/researchchemicalshop.eu\/tr\/wp-json\/wp\/v2\/media?parent=1274"}],"wp:term":[{"taxonomy":"product_brand","embeddable":true,"href":"https:\/\/researchchemicalshop.eu\/tr\/wp-json\/wp\/v2\/product_brand?post=1274"},{"taxonomy":"product_cat","embeddable":true,"href":"https:\/\/researchchemicalshop.eu\/tr\/wp-json\/wp\/v2\/product_cat?post=1274"},{"taxonomy":"product_tag","embeddable":true,"href":"https:\/\/researchchemicalshop.eu\/tr\/wp-json\/wp\/v2\/product_tag?post=1274"}],"curies":[{"name":"wp","href":"https:\/\/api.w.org\/{rel}","templated":true}]}}