{"id":1273,"date":"2026-02-09T11:56:12","date_gmt":"2026-02-09T11:56:12","guid":{"rendered":"https:\/\/researchchemicalshop.eu\/?post_type=product&#038;p=1273"},"modified":"2026-03-05T16:22:54","modified_gmt":"2026-03-05T16:22:54","slug":"dck-2","status":"publish","type":"product","link":"https:\/\/researchchemicalshop.eu\/tr\/urun\/dck-2\/","title":{"rendered":"DCK (Deschloroketamine)"},"content":{"rendered":"<h3 data-start=\"4022\" data-end=\"4043\"><strong data-start=\"4026\" data-end=\"4041\">Giri\u015f<\/strong><\/h3>\n<p data-start=\"4044\" data-end=\"4403\"><strong data-start=\"4044\" data-end=\"4071\">DCK (Deschloroketamine)<\/strong>, ook bekend als <strong data-start=\"4088\" data-end=\"4109\">O-PCM (2-oxo-PCM)<\/strong>, bir <strong data-start=\"4118\" data-end=\"4155\">dissociatieve arylcyclohexylamine<\/strong> ile yap\u0131sal olarak ili\u015fkili olan <strong data-start=\"4187\" data-end=\"4199\">ketamine<\/strong> ve <strong data-start=\"4203\" data-end=\"4219\">PCE-analogen<\/strong>. dck<br data-start=\"4220\" data-end=\"4223\" \/>\u0130\u00e7inde kullan\u0131l\u0131r <strong data-start=\"4245\" data-end=\"4283\">analytisch en forensisch onderzoek<\/strong> i\u00e7in <strong data-start=\"4289\" data-end=\"4317\">NMDA resept\u00f6r etkile\u015fimleri<\/strong>, <strong data-start=\"4319\" data-end=\"4361\">yap\u0131-aktivite ili\u015fkileri (SAR)<\/strong> ve <strong data-start=\"4365\" data-end=\"4400\">kromatografik \u00f6zellikler<\/strong>.<\/p>\n<p data-start=\"4405\" data-end=\"4697\">Elke batch wordt geproduceerd onder <strong data-start=\"4441\" data-end=\"4486\">gecontroleerde laboratoriumomstandigheden<\/strong> ve \u00fczerinde test edildi <strong data-start=\"4504\" data-end=\"4528\">\u2265 98%'nin safl\u0131\u011f\u0131<\/strong> \u00fczerinden <strong data-start=\"4533\" data-end=\"4557\">HPLC- en NMR-analyse<\/strong>.<br data-start=\"4558\" data-end=\"4561\" \/>DCK wordt geleverd in <strong data-start=\"4583\" data-end=\"4623\">kristallijne hydrochloridevorm (HCl)<\/strong>, sa\u011flayan <strong data-start=\"4640\" data-end=\"4672\">stabiliteit en oplosbaarheid<\/strong> bij onderzoeksgebruik.<\/p>\n<blockquote data-start=\"4699\" data-end=\"4837\">\n<p data-start=\"4701\" data-end=\"4837\">\u26a0\ufe0f <strong data-start=\"4704\" data-end=\"4715\">Not:<\/strong> DCK is uitsluitend bedoeld voor <strong data-start=\"4748\" data-end=\"4783\">ara\u015ft\u0131rma ve analitik kullan\u0131m<\/strong> \u2014 <strong data-start=\"4786\" data-end=\"4835\">insan veya hayvan t\u00fcketimi i\u00e7in de\u011fildir.<\/strong><\/p>\n<\/blockquote>\n<hr data-start=\"4839\" data-end=\"4842\" \/>\n<h3 data-start=\"4844\" data-end=\"4875\"><strong data-start=\"4848\" data-end=\"4875\">Temel \u00f6zellikler<\/strong><\/h3>\n<div class=\"_tableContainer_1rjym_1\">\n<div class=\"group _tableWrapper_1rjym_13 flex w-fit flex-col-reverse\" tabindex=\"-1\">\n<table class=\"w-fit min-w-(--thread-content-width)\" data-start=\"4877\" data-end=\"5536\">\n<thead data-start=\"4877\" data-end=\"4903\">\n<tr data-start=\"4877\" data-end=\"4903\">\n<th data-start=\"4877\" data-end=\"4887\" data-col-size=\"sm\">\u00d6zellik<\/th>\n<th data-start=\"4887\" data-end=\"4903\" data-col-size=\"md\">A\u00e7\u0131klama<\/th>\n<\/tr>\n<\/thead>\n<tbody data-start=\"4932\" data-end=\"5536\">\n<tr data-start=\"4932\" data-end=\"5007\">\n<td data-start=\"4932\" data-end=\"4953\" data-col-size=\"sm\"><strong data-start=\"4934\" data-end=\"4952\">Kimyasal Ad\u0131<\/strong><\/td>\n<td data-start=\"4953\" data-end=\"5007\" data-col-size=\"md\">2-Phenyl-2-(methylamino)cyclohexanon Hydrochloride<\/td>\n<\/tr>\n<tr data-start=\"5008\" data-end=\"5068\">\n<td data-start=\"5008\" data-end=\"5033\" data-col-size=\"sm\"><strong data-start=\"5010\" data-end=\"5032\">Ortak \u0130sim<\/strong><\/td>\n<td data-start=\"5033\" data-end=\"5068\" data-col-size=\"md\">DCK \/ Deschloroketamine \/ O-PCM<\/td>\n<\/tr>\n<tr data-start=\"5069\" data-end=\"5109\">\n<td data-start=\"5069\" data-end=\"5093\" data-col-size=\"sm\"><strong data-start=\"5071\" data-end=\"5092\">Kimyasal Form\u00fcl<\/strong><\/td>\n<td data-start=\"5093\" data-end=\"5109\" data-col-size=\"md\">C\u2081\u2083H\u2081\u2087NO\u00b7HCl<\/td>\n<\/tr>\n<tr data-start=\"5110\" data-end=\"5148\">\n<td data-start=\"5110\" data-end=\"5132\" data-col-size=\"sm\"><strong data-start=\"5112\" data-end=\"5131\">Molek\u00fcler a\u011f\u0131rl\u0131k<\/strong><\/td>\n<td data-start=\"5132\" data-end=\"5148\" data-col-size=\"md\">239,74 g\/mol<\/td>\n<\/tr>\n<tr data-start=\"5149\" data-end=\"5193\">\n<td data-start=\"5149\" data-end=\"5160\" data-col-size=\"sm\"><strong data-start=\"5151\" data-end=\"5159\">Form<\/strong><\/td>\n<td data-start=\"5160\" data-end=\"5193\" data-col-size=\"md\">Kristallijn poeder (HCl-zout)<\/td>\n<\/tr>\n<tr data-start=\"5194\" data-end=\"5245\">\n<td data-start=\"5194\" data-end=\"5211\" data-col-size=\"sm\"><strong data-start=\"5196\" data-end=\"5210\">Safl\u0131k<\/strong><\/td>\n<td data-start=\"5211\" data-end=\"5245\" data-col-size=\"md\">\u2265 98% (HPLC ve NMR ile test edilmi\u015ftir)<\/td>\n<\/tr>\n<tr data-start=\"5246\" data-end=\"5319\">\n<td data-start=\"5246\" data-end=\"5269\" data-col-size=\"sm\"><strong data-start=\"5248\" data-end=\"5268\">Kimyasal S\u0131n\u0131f<\/strong><\/td>\n<td data-start=\"5269\" data-end=\"5319\" data-col-size=\"md\">Arilsikloheksilamin \/ Dissosiyatif bile\u015fik<\/td>\n<\/tr>\n<tr data-start=\"5320\" data-end=\"5399\">\n<td data-start=\"5320\" data-end=\"5334\" data-col-size=\"sm\"><strong data-start=\"5322\" data-end=\"5333\">Kullan\u0131m<\/strong><\/td>\n<td data-start=\"5334\" data-end=\"5399\" data-col-size=\"md\">Sadece analitik, adli ve n\u00f6rokimyasal ara\u015ft\u0131rmalar i\u00e7in<\/td>\n<\/tr>\n<tr data-start=\"5400\" data-end=\"5467\">\n<td data-start=\"5400\" data-end=\"5417\" data-col-size=\"sm\"><strong data-start=\"5402\" data-end=\"5416\">Paketleme<\/strong><\/td>\n<td data-start=\"5417\" data-end=\"5467\" data-col-size=\"md\">A\u00e7\u0131l\u0131p kapanabilir, neme dayan\u0131kl\u0131 laboratuvar \u00e7antas\u0131<\/td>\n<\/tr>\n<tr data-start=\"5468\" data-end=\"5536\">\n<td data-start=\"5468\" data-end=\"5486\" data-col-size=\"sm\"><strong data-start=\"5470\" data-end=\"5485\">Miktar<\/strong><\/td>\n<td data-start=\"5486\" data-end=\"5536\" data-col-size=\"md\">Meestal geleverd per 1 gram (batchafhankelijk)<\/td>\n<\/tr>\n<\/tbody>\n<\/table>\n<\/div>\n<\/div>\n<hr data-start=\"5538\" data-end=\"5541\" \/>\n<h3 data-start=\"5543\" data-end=\"5560\"><strong data-start=\"5547\" data-end=\"5560\">Avantajlar<\/strong><\/h3>\n<ul data-start=\"5562\" data-end=\"5960\">\n<li data-start=\"5562\" data-end=\"5654\">\n<p data-start=\"5564\" data-end=\"5654\"><strong data-start=\"5564\" data-end=\"5583\">Y\u00fcksek Safl\u0131k<\/strong> - G\u00fcvenilir test sonu\u00e7lar\u0131 i\u00e7in \u2265 98% laboratuvar s\u0131n\u0131f\u0131.<\/p>\n<\/li>\n<li data-start=\"5655\" data-end=\"5723\">\n<p data-start=\"5657\" data-end=\"5723\"><strong data-start=\"5657\" data-end=\"5678\">Kararl\u0131 HCl formu<\/strong> \u2013 Verbetert houdbaarheid en oplosbaarheid.<\/p>\n<\/li>\n<li data-start=\"5724\" data-end=\"5805\">\n<p data-start=\"5726\" data-end=\"5805\"><strong data-start=\"5726\" data-end=\"5765\">Ideaal voor Neurochemisch Onderzoek<\/strong> \u2013 Geschikt voor NMDA- en SAR-studies.<\/p>\n<\/li>\n<li data-start=\"5806\" data-end=\"5885\">\n<p data-start=\"5808\" data-end=\"5885\"><strong data-start=\"5808\" data-end=\"5838\">Geni\u015f Ara\u015ft\u0131rma Kaplamas\u0131<\/strong> \u2013 Compatibel met GC\/MS, LC-MS, FTIR en HPLC.<\/p>\n<\/li>\n<li data-start=\"5886\" data-end=\"5960\">\n<p data-start=\"5888\" data-end=\"5960\"><strong data-start=\"5888\" data-end=\"5914\">Geteste Batchkwaliteit<\/strong> \u2013 Elke batch gedocumenteerd en traceerbaar.<\/p>\n<\/li>\n<\/ul>\n<hr data-start=\"5962\" data-end=\"5965\" \/>\n<h3 data-start=\"5967\" data-end=\"6019\"><strong data-start=\"5971\" data-end=\"6017\">Kullan\u0131m (Sadece Ara\u015ft\u0131rma Ama\u00e7l\u0131)<\/strong><\/h3>\n<ol data-start=\"6021\" data-end=\"6345\">\n<li data-start=\"6021\" data-end=\"6090\">\n<p data-start=\"6024\" data-end=\"6090\"><strong data-start=\"6024\" data-end=\"6039\">Elle\u00e7leme:<\/strong> Eldiven, koruyucu g\u00f6zl\u00fck ve laboratuvar \u00f6nl\u00fc\u011f\u00fc kullan\u0131n.<\/p>\n<\/li>\n<li data-start=\"6091\" data-end=\"6153\">\n<p data-start=\"6094\" data-end=\"6153\"><strong data-start=\"6094\" data-end=\"6107\">\u00d6l\u00e7\u00fcler:<\/strong> Weeg nauwkeurig met een analytische balans. dck<\/p>\n<\/li>\n<li data-start=\"6154\" data-end=\"6208\">\n<p data-start=\"6157\" data-end=\"6208\"><strong data-start=\"6157\" data-end=\"6168\">Depolama:<\/strong> Serin (2-8\u00b0C), kuru ve karanl\u0131kta saklay\u0131n.<\/p>\n<\/li>\n<li data-start=\"6209\" data-end=\"6283\">\n<p data-start=\"6212\" data-end=\"6283\"><strong data-start=\"6212\" data-end=\"6224\">Analiz:<\/strong> Geschikt voor chromatografie en neurochemisch onderzoek.<\/p>\n<\/li>\n<li data-start=\"6284\" data-end=\"6345\">\n<p data-start=\"6287\" data-end=\"6345\"><strong data-start=\"6287\" data-end=\"6304\">Dok\u00fcmantasyon:<\/strong> Noteer batchnummer en analysemethoden.<\/p>\n<\/li>\n<\/ol>\n<hr data-start=\"6347\" data-end=\"6350\" \/>\n<h3 data-start=\"6352\" data-end=\"6387\"><strong data-start=\"6356\" data-end=\"6385\">S\u0131k\u00e7a sorulan sorular (SSS)<\/strong><\/h3>\n<p data-start=\"6389\" data-end=\"6562\"><strong data-start=\"6389\" data-end=\"6427\">1. Wat is DCK (Deschloroketamine)?<\/strong><br data-start=\"6427\" data-end=\"6430\" \/><strong data-start=\"6430\" data-end=\"6437\">DCK<\/strong> bir <strong data-start=\"6445\" data-end=\"6469\">onderzoekssubstantie<\/strong> verwant aan ketamine, gebruikt in laboratoria voor onderzoek naar NMDA-receptoractiviteit.<\/p>\n<p data-start=\"6564\" data-end=\"6664\"><strong data-start=\"6564\" data-end=\"6589\">2. Hoe zuiver is DCK?<\/strong><br data-start=\"6589\" data-end=\"6592\" \/>Elke batch heeft een <strong data-start=\"6613\" data-end=\"6637\">\u2265 98%'nin safl\u0131\u011f\u0131<\/strong>, HPLC ve NMR ile test edilmi\u015ftir.<\/p>\n<p data-start=\"6666\" data-end=\"6816\"><strong data-start=\"6666\" data-end=\"6703\">3. Is het legaal om DCK te kopen?<\/strong><br data-start=\"6703\" data-end=\"6706\" \/>Bu <strong data-start=\"6709\" data-end=\"6731\">legaliteit van DCK<\/strong> \u00fclkeden \u00fclkeye de\u011fi\u015fir. Her zaman \u00f6nce yerel yasalar\u0131 kontrol edin <strong data-start=\"6800\" data-end=\"6813\">DCK koopt<\/strong>.<\/p>\n<ul>\n<li><\/li>\n<\/ul>","protected":false},"excerpt":{"rendered":"<h3>DCK eigenschappen<\/h3>\n<p><strong>Synoniem:<\/strong> 2\u2032-oxo-PCM, deschloroketamine<br \/>\n<strong>CAS Nummer:<\/strong> 4631-27-0<br \/>\n<strong>Formule:<\/strong> 2-(methylamino)-2-phenyl-cyclohexanone<br \/>\n<strong>Molmassa:<\/strong> 239,7 g\/mol<br \/>\n<strong>Safl\u0131k:<\/strong> &gt;97%<\/p>","protected":false},"featured_media":16968,"comment_status":"closed","ping_status":"closed","template":"","meta":[],"product_brand":[],"product_cat":[98,559],"product_tag":[512,560,561,22],"class_list":{"0":"post-1273","1":"product","2":"type-product","3":"status-publish","4":"has-post-thumbnail","6":"product_cat-arylcyclohexylamines","7":"product_cat-dck","8":"product_tag-2f-dck-kopen","9":"product_tag-dck","10":"product_tag-dcks","11":"product_tag-nl","13":"first","14":"instock","15":"shipping-taxable","16":"purchasable","17":"product-type-variable"},"_links":{"self":[{"href":"https:\/\/researchchemicalshop.eu\/tr\/wp-json\/wp\/v2\/product\/1273","targetHints":{"allow":["GET"]}}],"collection":[{"href":"https:\/\/researchchemicalshop.eu\/tr\/wp-json\/wp\/v2\/product"}],"about":[{"href":"https:\/\/researchchemicalshop.eu\/tr\/wp-json\/wp\/v2\/types\/product"}],"replies":[{"embeddable":true,"href":"https:\/\/researchchemicalshop.eu\/tr\/wp-json\/wp\/v2\/comments?post=1273"}],"version-history":[{"count":1,"href":"https:\/\/researchchemicalshop.eu\/tr\/wp-json\/wp\/v2\/product\/1273\/revisions"}],"predecessor-version":[{"id":16539,"href":"https:\/\/researchchemicalshop.eu\/tr\/wp-json\/wp\/v2\/product\/1273\/revisions\/16539"}],"wp:featuredmedia":[{"embeddable":true,"href":"https:\/\/researchchemicalshop.eu\/tr\/wp-json\/wp\/v2\/media\/16968"}],"wp:attachment":[{"href":"https:\/\/researchchemicalshop.eu\/tr\/wp-json\/wp\/v2\/media?parent=1273"}],"wp:term":[{"taxonomy":"product_brand","embeddable":true,"href":"https:\/\/researchchemicalshop.eu\/tr\/wp-json\/wp\/v2\/product_brand?post=1273"},{"taxonomy":"product_cat","embeddable":true,"href":"https:\/\/researchchemicalshop.eu\/tr\/wp-json\/wp\/v2\/product_cat?post=1273"},{"taxonomy":"product_tag","embeddable":true,"href":"https:\/\/researchchemicalshop.eu\/tr\/wp-json\/wp\/v2\/product_tag?post=1273"}],"curies":[{"name":"wp","href":"https:\/\/api.w.org\/{rel}","templated":true}]}}