{"id":1272,"date":"2026-02-09T11:56:12","date_gmt":"2026-02-09T11:56:12","guid":{"rendered":"https:\/\/researchchemicalshop.eu\/?post_type=product&#038;p=1272"},"modified":"2026-02-13T11:28:32","modified_gmt":"2026-02-13T11:28:32","slug":"2f-dck-2","status":"publish","type":"product","link":"https:\/\/researchchemicalshop.eu\/tr\/urun\/2f-dck-2\/","title":{"rendered":"2F-DCK 100 MG Pelet"},"content":{"rendered":"<h3 data-start=\"4089\" data-end=\"4110\"><strong data-start=\"4093\" data-end=\"4108\">Giri\u015f<\/strong><\/h3>\n<p data-start=\"4111\" data-end=\"4533\"><strong data-start=\"4111\" data-end=\"4135\">2F-DCK 100mg Pelet<\/strong> i\u00e7erir <strong data-start=\"4145\" data-end=\"4202\">100 miligram 2-Fluorodeschloroketamine Hydrochloride<\/strong>, a <strong data-start=\"4208\" data-end=\"4255\">dissosiyatif arilsikloheksilamin bile\u015fi\u011fi<\/strong> ve <strong data-start=\"4259\" data-end=\"4304\">Deschloroketamine'in (DCK) flor analo\u011fu<\/strong>. 2f dck al<br data-start=\"4305\" data-end=\"4308\" \/>Bu bir <strong data-start=\"4327\" data-end=\"4353\">ketamin analog s\u0131n\u0131f\u0131<\/strong> ve i\u00e7inde kullan\u0131l\u0131r <strong data-start=\"4375\" data-end=\"4413\">adli\u0307 ve anali\u0307ti\u0307k i\u0307ncelemeler<\/strong> i\u00e7in <strong data-start=\"4419\" data-end=\"4447\">NMDA resept\u00f6r etkile\u015fimleri<\/strong>, <strong data-start=\"4449\" data-end=\"4491\">yap\u0131-aktivite ili\u015fkileri (SAR)<\/strong> ve <strong data-start=\"4495\" data-end=\"4530\">kromatografik \u00f6zellikler<\/strong>.<\/p>\n<p data-start=\"4535\" data-end=\"4775\">Her bir pelet <strong data-start=\"4550\" data-end=\"4614\">kontroll\u00fc laboratuvar ko\u015fullar\u0131nda \u00fcretilmi\u015ftir<\/strong> ve \u00fczerinde test edildi <strong data-start=\"4632\" data-end=\"4656\">\u2265 98%'nin safl\u0131\u011f\u0131<\/strong> \u00fczerinden <strong data-start=\"4661\" data-end=\"4676\">HPLC ve NMR<\/strong>.<br data-start=\"4677\" data-end=\"4680\" \/>Bu <strong data-start=\"4683\" data-end=\"4705\">100 mg'l\u0131k dozaj<\/strong> i\u00e7in uygun hale getirir <strong data-start=\"4730\" data-end=\"4772\">kantitatif analitik uygulamalar<\/strong>. 2f dck al<\/p>\n<blockquote data-start=\"4777\" data-end=\"4918\">\n<p data-start=\"4779\" data-end=\"4918\">\u26a0\ufe0f <strong data-start=\"4782\" data-end=\"4793\">Not:<\/strong> 2F-DCK sadece a\u015fa\u011f\u0131dakiler i\u00e7in tasarlanm\u0131\u015ft\u0131r <strong data-start=\"4829\" data-end=\"4864\">ara\u015ft\u0131rma ve analitik kullan\u0131m<\/strong> \u2014 <strong data-start=\"4867\" data-end=\"4916\">insan veya hayvan t\u00fcketimi i\u00e7in de\u011fildir.<\/strong><\/p>\n<\/blockquote>\n<hr data-start=\"4920\" data-end=\"4923\" \/>\n<h3 data-start=\"4925\" data-end=\"4956\"><strong data-start=\"4929\" data-end=\"4956\">Temel \u00f6zellikler<\/strong><\/h3>\n<div class=\"_tableContainer_1rjym_1\">\n<div class=\"group _tableWrapper_1rjym_13 flex w-fit flex-col-reverse\" tabindex=\"-1\">\n<table class=\"w-fit min-w-(--thread-content-width)\" data-start=\"4958\" data-end=\"5594\">\n<thead data-start=\"4958\" data-end=\"4984\">\n<tr data-start=\"4958\" data-end=\"4984\">\n<th data-start=\"4958\" data-end=\"4968\" data-col-size=\"sm\">\u00d6zellik<\/th>\n<th data-start=\"4968\" data-end=\"4984\" data-col-size=\"md\">A\u00e7\u0131klama<\/th>\n<\/tr>\n<\/thead>\n<tbody data-start=\"5013\" data-end=\"5594\">\n<tr data-start=\"5013\" data-end=\"5077\">\n<td data-start=\"5013\" data-end=\"5034\" data-col-size=\"sm\"><strong data-start=\"5015\" data-end=\"5033\">Kimyasal Ad\u0131<\/strong><\/td>\n<td data-start=\"5034\" data-end=\"5077\" data-col-size=\"md\">2-Fluorodeskloroketamin Hidroklor\u00fcr<\/td>\n<\/tr>\n<tr data-start=\"5078\" data-end=\"5113\">\n<td data-start=\"5078\" data-end=\"5103\" data-col-size=\"sm\"><strong data-start=\"5080\" data-end=\"5102\">Ortak \u0130sim<\/strong><\/td>\n<td data-start=\"5103\" data-end=\"5113\" data-col-size=\"md\">2F-DCK<\/td>\n<\/tr>\n<tr data-start=\"5114\" data-end=\"5155\">\n<td data-start=\"5114\" data-end=\"5138\" data-col-size=\"sm\"><strong data-start=\"5116\" data-end=\"5137\">Kimyasal Form\u00fcl<\/strong><\/td>\n<td data-start=\"5138\" data-end=\"5155\" data-col-size=\"md\">C\u2081\u2083H\u2081\u2086FNO-HCl<\/td>\n<\/tr>\n<tr data-start=\"5156\" data-end=\"5194\">\n<td data-start=\"5156\" data-end=\"5178\" data-col-size=\"sm\"><strong data-start=\"5158\" data-end=\"5177\">Molek\u00fcler a\u011f\u0131rl\u0131k<\/strong><\/td>\n<td data-start=\"5178\" data-end=\"5194\" data-col-size=\"md\">257,73 g\/mol<\/td>\n<\/tr>\n<tr data-start=\"5195\" data-end=\"5230\">\n<td data-start=\"5195\" data-end=\"5210\" data-col-size=\"sm\"><strong data-start=\"5197\" data-end=\"5209\">Dozaj<\/strong><\/td>\n<td data-start=\"5210\" data-end=\"5230\" data-col-size=\"md\">Pelet ba\u015f\u0131na 100 mg<\/td>\n<\/tr>\n<tr data-start=\"5231\" data-end=\"5278\">\n<td data-start=\"5231\" data-end=\"5242\" data-col-size=\"sm\"><strong data-start=\"5233\" data-end=\"5241\">Form<\/strong><\/td>\n<td data-start=\"5242\" data-end=\"5278\" data-col-size=\"md\">Kat\u0131 pelet (blister ambalaj)<\/td>\n<\/tr>\n<tr data-start=\"5279\" data-end=\"5330\">\n<td data-start=\"5279\" data-end=\"5296\" data-col-size=\"sm\"><strong data-start=\"5281\" data-end=\"5295\">Safl\u0131k<\/strong><\/td>\n<td data-start=\"5296\" data-end=\"5330\" data-col-size=\"md\">\u2265 98% (HPLC ve NMR ile test edilmi\u015ftir)<\/td>\n<\/tr>\n<tr data-start=\"5331\" data-end=\"5404\">\n<td data-start=\"5331\" data-end=\"5354\" data-col-size=\"sm\"><strong data-start=\"5333\" data-end=\"5353\">Kimyasal S\u0131n\u0131f<\/strong><\/td>\n<td data-start=\"5354\" data-end=\"5404\" data-col-size=\"md\">Arilsikloheksilamin \/ Dissosiyatif bile\u015fik<\/td>\n<\/tr>\n<tr data-start=\"5405\" data-end=\"5484\">\n<td data-start=\"5405\" data-end=\"5419\" data-col-size=\"sm\"><strong data-start=\"5407\" data-end=\"5418\">Kullan\u0131m<\/strong><\/td>\n<td data-start=\"5419\" data-end=\"5484\" data-col-size=\"md\">Sadece analitik, adli ve n\u00f6rokimyasal ara\u015ft\u0131rmalar i\u00e7in<\/td>\n<\/tr>\n<tr data-start=\"5485\" data-end=\"5544\">\n<td data-start=\"5485\" data-end=\"5502\" data-col-size=\"sm\"><strong data-start=\"5487\" data-end=\"5501\">Paketleme<\/strong><\/td>\n<td data-start=\"5502\" data-end=\"5544\" data-col-size=\"md\">Kapal\u0131 ambalajl\u0131 blister \u015ferit<\/td>\n<\/tr>\n<tr data-start=\"5545\" data-end=\"5594\">\n<td data-start=\"5545\" data-end=\"5563\" data-col-size=\"sm\"><strong data-start=\"5547\" data-end=\"5562\">Miktar<\/strong><\/td>\n<td data-start=\"5563\" data-end=\"5594\" data-col-size=\"md\">100 mg pelet i\u00e7eren 1 blister<\/td>\n<\/tr>\n<\/tbody>\n<\/table>\n<\/div>\n<\/div>\n<hr data-start=\"5596\" data-end=\"5599\" \/>\n<h3 data-start=\"5601\" data-end=\"5618\"><strong data-start=\"5605\" data-end=\"5618\">Avantajlar<\/strong><\/h3>\n<ul data-start=\"5620\" data-end=\"6016\">\n<li data-start=\"5620\" data-end=\"5704\">\n<p data-start=\"5622\" data-end=\"5704\"><strong data-start=\"5622\" data-end=\"5649\">Y\u00fcksek Safl\u0131k (\u2265 98%)<\/strong> - Laboratuvar testleri i\u00e7in g\u00fcvenilir sonu\u00e7lar.<\/p>\n<\/li>\n<li data-start=\"5705\" data-end=\"5786\">\n<p data-start=\"5707\" data-end=\"5786\"><strong data-start=\"5707\" data-end=\"5746\">Standartla\u015ft\u0131r\u0131lm\u0131\u015f Dozaj (100mg)<\/strong> - Kantitatif analizler i\u00e7in idealdir.<\/p>\n<\/li>\n<li data-start=\"5787\" data-end=\"5854\">\n<p data-start=\"5789\" data-end=\"5854\"><strong data-start=\"5789\" data-end=\"5810\">Kararl\u0131 HCl formu<\/strong> - Raf \u00f6mr\u00fcn\u00fc ve \u00e7\u00f6z\u00fcn\u00fcrl\u00fc\u011f\u00fc artt\u0131r\u0131r.<\/p>\n<\/li>\n<li data-start=\"5855\" data-end=\"5933\">\n<p data-start=\"5857\" data-end=\"5933\"><strong data-start=\"5857\" data-end=\"5887\">Geni\u015f Ara\u015ft\u0131rma Kaplamas\u0131<\/strong> - GC\/MS, LC-MS, FTIR ve HPLC i\u00e7in uygundur.<\/p>\n<\/li>\n<li data-start=\"5934\" data-end=\"6016\">\n<p data-start=\"5936\" data-end=\"6016\"><strong data-start=\"5936\" data-end=\"5955\">Tamamen Test Edildi<\/strong> - Her parti ba\u011f\u0131ms\u0131z olarak do\u011frulanm\u0131\u015f ve belgelenmi\u015ftir.<\/p>\n<\/li>\n<\/ul>\n<hr data-start=\"6018\" data-end=\"6021\" \/>\n<h3 data-start=\"6023\" data-end=\"6075\"><strong data-start=\"6027\" data-end=\"6073\">Kullan\u0131m (Sadece Ara\u015ft\u0131rma Ama\u00e7l\u0131)<\/strong><\/h3>\n<ol data-start=\"6077\" data-end=\"6416\">\n<li data-start=\"6077\" data-end=\"6146\">\n<p data-start=\"6080\" data-end=\"6146\"><strong data-start=\"6080\" data-end=\"6095\">Elle\u00e7leme:<\/strong> Eldiven, koruyucu g\u00f6zl\u00fck ve laboratuvar \u00f6nl\u00fc\u011f\u00fc kullan\u0131n.<\/p>\n<\/li>\n<li data-start=\"6147\" data-end=\"6219\">\n<p data-start=\"6150\" data-end=\"6219\"><strong data-start=\"6150\" data-end=\"6163\">\u00d6l\u00e7\u00fcler:<\/strong> Her pellet 100 mg \u00b12 mg i\u00e7erir; parti bilgisine dikkat edin.<\/p>\n<\/li>\n<li data-start=\"6220\" data-end=\"6274\">\n<p data-start=\"6223\" data-end=\"6274\"><strong data-start=\"6223\" data-end=\"6234\">Depolama:<\/strong> Serin (2-8\u00b0C), kuru ve karanl\u0131kta saklay\u0131n.<\/p>\n<\/li>\n<li data-start=\"6275\" data-end=\"6351\">\n<p data-start=\"6278\" data-end=\"6351\"><strong data-start=\"6278\" data-end=\"6290\">Analiz:<\/strong> Kromatografik ve n\u00f6rokimyasal \u00e7al\u0131\u015fmalar i\u00e7in uygundur.<\/p>\n<\/li>\n<li data-start=\"6352\" data-end=\"6416\">\n<p data-start=\"6355\" data-end=\"6416\"><strong data-start=\"6355\" data-end=\"6372\">Dok\u00fcmantasyon:<\/strong> Sonu\u00e7lar\u0131 ve analiz y\u00f6ntemlerini kaydedin.<\/p>\n<\/li>\n<\/ol>\n<hr data-start=\"6418\" data-end=\"6421\" \/>\n<h3 data-start=\"6423\" data-end=\"6458\"><strong data-start=\"6427\" data-end=\"6456\">S\u0131k\u00e7a sorulan sorular (SSS)<\/strong><\/h3>\n<p data-start=\"6460\" data-end=\"6611\"><strong data-start=\"6460\" data-end=\"6509\">1. 2F-DCK (2-Fluorodeschloroketamine) nedir?<\/strong><br data-start=\"6509\" data-end=\"6512\" \/>A <strong data-start=\"6516\" data-end=\"6555\">Deschloroketamine'in flor analo\u011fu<\/strong>, analitik ve n\u00f6rokimyasal ara\u015ft\u0131rmalar i\u00e7in kullan\u0131l\u0131r.<\/p>\n<p data-start=\"6613\" data-end=\"6739\"><strong data-start=\"6613\" data-end=\"6653\">2. Safl\u0131k ve dozaj nedir?<\/strong><br data-start=\"6653\" data-end=\"6656\" \/>Her pelet \u015funlar\u0131 i\u00e7erir <strong data-start=\"6674\" data-end=\"6709\">100mg 2F-DCK (\u2265 98% safl\u0131kta)<\/strong>, HPLC ve NMR ile onaylanm\u0131\u015ft\u0131r.<\/p>\n<p data-start=\"6741\" data-end=\"6900\"><strong data-start=\"6741\" data-end=\"6781\">3. 2F-DCK sat\u0131n almak yasal m\u0131?<\/strong><br data-start=\"6781\" data-end=\"6784\" \/>Bu <strong data-start=\"6787\" data-end=\"6812\">2F-DCK'n\u0131n yasall\u0131\u011f\u0131<\/strong> \u00fclkeden \u00fclkeye de\u011fi\u015fir. Her zaman \u00f6nce yerel yasalar\u0131 kontrol edin <strong data-start=\"6881\" data-end=\"6897\">2F-DCK sat\u0131n al\u0131r<\/strong>.<\/p>\n<ul>\n<li><\/li>\n<\/ul>","protected":false},"excerpt":{"rendered":"<p>Introductie 2F-DCK 100mg Pellets bevatten 100 milligram 2-Fluorodeschloroketamine Hydrochloride, een dissociatieve arylcyclohexylamineverbinding en fluor-analoog van Deschloroketamine (DCK). 2f dck kopen\u200bHet<\/p>","protected":false},"featured_media":1290,"comment_status":"closed","ping_status":"closed","template":"","meta":[],"product_brand":[],"product_cat":[97,557,98,71],"product_tag":[511,512,22],"class_list":{"0":"post-1272","1":"product","2":"type-product","3":"status-publish","4":"has-post-thumbnail","6":"product_cat-2f-dck","7":"product_cat-2f-dck-pellets","8":"product_cat-arylcyclohexylamines","9":"product_cat-pellets","10":"product_tag-2f-dck","11":"product_tag-2f-dck-kopen","12":"product_tag-nl","14":"first","15":"instock","16":"shipping-taxable","17":"purchasable","18":"product-type-variable"},"_links":{"self":[{"href":"https:\/\/researchchemicalshop.eu\/tr\/wp-json\/wp\/v2\/product\/1272","targetHints":{"allow":["GET"]}}],"collection":[{"href":"https:\/\/researchchemicalshop.eu\/tr\/wp-json\/wp\/v2\/product"}],"about":[{"href":"https:\/\/researchchemicalshop.eu\/tr\/wp-json\/wp\/v2\/types\/product"}],"replies":[{"embeddable":true,"href":"https:\/\/researchchemicalshop.eu\/tr\/wp-json\/wp\/v2\/comments?post=1272"}],"version-history":[{"count":1,"href":"https:\/\/researchchemicalshop.eu\/tr\/wp-json\/wp\/v2\/product\/1272\/revisions"}],"predecessor-version":[{"id":16537,"href":"https:\/\/researchchemicalshop.eu\/tr\/wp-json\/wp\/v2\/product\/1272\/revisions\/16537"}],"wp:featuredmedia":[{"embeddable":true,"href":"https:\/\/researchchemicalshop.eu\/tr\/wp-json\/wp\/v2\/media\/1290"}],"wp:attachment":[{"href":"https:\/\/researchchemicalshop.eu\/tr\/wp-json\/wp\/v2\/media?parent=1272"}],"wp:term":[{"taxonomy":"product_brand","embeddable":true,"href":"https:\/\/researchchemicalshop.eu\/tr\/wp-json\/wp\/v2\/product_brand?post=1272"},{"taxonomy":"product_cat","embeddable":true,"href":"https:\/\/researchchemicalshop.eu\/tr\/wp-json\/wp\/v2\/product_cat?post=1272"},{"taxonomy":"product_tag","embeddable":true,"href":"https:\/\/researchchemicalshop.eu\/tr\/wp-json\/wp\/v2\/product_tag?post=1272"}],"curies":[{"name":"wp","href":"https:\/\/api.w.org\/{rel}","templated":true}]}}