{"id":1271,"date":"2026-02-09T11:56:12","date_gmt":"2026-02-09T11:56:12","guid":{"rendered":"https:\/\/researchchemicalshop.eu\/?post_type=product&#038;p=1271"},"modified":"2026-03-05T16:09:10","modified_gmt":"2026-03-05T16:09:10","slug":"2f-dck","status":"publish","type":"product","link":"https:\/\/researchchemicalshop.eu\/tr\/urun\/2f-dck\/","title":{"rendered":"2F DCK 50 MG Pelet"},"content":{"rendered":"<h3 data-start=\"4272\" data-end=\"4293\"><strong data-start=\"4276\" data-end=\"4291\">Giri\u015f<\/strong><\/h3>\n<p data-start=\"4294\" data-end=\"4732\"><strong data-start=\"4294\" data-end=\"4317\">2F-DCK 50mg Pellets<\/strong> i\u00e7erir <strong data-start=\"4327\" data-end=\"4383\">50 milligram 2-Fluorodeschloroketamine Hydrochloride<\/strong>, a <strong data-start=\"4389\" data-end=\"4426\">dissociatieve arylcyclohexylamine<\/strong> ve <strong data-start=\"4430\" data-end=\"4475\">Deschloroketamine'in (DCK) flor analo\u011fu<\/strong>. 2f dck kopen<br data-start=\"4476\" data-end=\"4479\" \/>Bu bir <strong data-start=\"4498\" data-end=\"4525\">ketamine-analoogfamilie<\/strong> ve i\u00e7inde kullan\u0131l\u0131r <strong data-start=\"4547\" data-end=\"4585\">adli\u0307 ve anali\u0307ti\u0307k i\u0307ncelemeler<\/strong> i\u00e7in <strong data-start=\"4591\" data-end=\"4615\">NMDA-receptorbinding<\/strong>, <strong data-start=\"4617\" data-end=\"4659\">yap\u0131-aktivite ili\u015fkileri (SAR)<\/strong> ve <strong data-start=\"4663\" data-end=\"4698\">kromatografik \u00f6zellikler<\/strong> van dissociatieve verbindingen.<\/p>\n<p data-start=\"4734\" data-end=\"4991\">Elke pellet wordt <strong data-start=\"4752\" data-end=\"4803\">onder gecontroleerde laboratoriumomstandigheden<\/strong> geproduceerd en getest op een <strong data-start=\"4834\" data-end=\"4858\">\u2265 98%'nin safl\u0131\u011f\u0131<\/strong> \u00fczerinden <strong data-start=\"4863\" data-end=\"4878\">HPLC ve NMR<\/strong>.<br data-start=\"4879\" data-end=\"4882\" \/>Bu <strong data-start=\"4885\" data-end=\"4925\">gestandaardiseerde dosering van 50mg<\/strong> zorgt voor betrouwbare en reproduceerbare onderzoeksresultaten.<\/p>\n<blockquote data-start=\"4993\" data-end=\"5134\">\n<p data-start=\"4995\" data-end=\"5134\">\u26a0\ufe0f <strong data-start=\"4998\" data-end=\"5009\">Not:<\/strong> 2F-DCK sadece a\u015fa\u011f\u0131dakiler i\u00e7in tasarlanm\u0131\u015ft\u0131r <strong data-start=\"5045\" data-end=\"5080\">ara\u015ft\u0131rma ve analitik kullan\u0131m<\/strong> \u2014 <strong data-start=\"5083\" data-end=\"5132\">insan veya hayvan t\u00fcketimi i\u00e7in de\u011fildir.<\/strong><\/p>\n<\/blockquote>\n<hr data-start=\"5136\" data-end=\"5139\" \/>\n<h3 data-start=\"5141\" data-end=\"5172\"><strong data-start=\"5145\" data-end=\"5172\">Temel \u00f6zellikler<\/strong><\/h3>\n<div class=\"_tableContainer_1rjym_1\">\n<div class=\"group _tableWrapper_1rjym_13 flex w-fit flex-col-reverse\" tabindex=\"-1\">\n<table class=\"w-fit min-w-(--thread-content-width)\" data-start=\"5174\" data-end=\"5798\">\n<thead data-start=\"5174\" data-end=\"5200\">\n<tr data-start=\"5174\" data-end=\"5200\">\n<th data-start=\"5174\" data-end=\"5184\" data-col-size=\"sm\">\u00d6zellik<\/th>\n<th data-start=\"5184\" data-end=\"5200\" data-col-size=\"md\">A\u00e7\u0131klama<\/th>\n<\/tr>\n<\/thead>\n<tbody data-start=\"5229\" data-end=\"5798\">\n<tr data-start=\"5229\" data-end=\"5293\">\n<td data-start=\"5229\" data-end=\"5250\" data-col-size=\"sm\"><strong data-start=\"5231\" data-end=\"5249\">Kimyasal Ad\u0131<\/strong><\/td>\n<td data-start=\"5250\" data-end=\"5293\" data-col-size=\"md\">2-Fluorodeskloroketamin Hidroklor\u00fcr<\/td>\n<\/tr>\n<tr data-start=\"5294\" data-end=\"5329\">\n<td data-start=\"5294\" data-end=\"5319\" data-col-size=\"sm\"><strong data-start=\"5296\" data-end=\"5318\">Ortak \u0130sim<\/strong><\/td>\n<td data-start=\"5319\" data-end=\"5329\" data-col-size=\"md\">2F-DCK<\/td>\n<\/tr>\n<tr data-start=\"5330\" data-end=\"5371\">\n<td data-start=\"5330\" data-end=\"5354\" data-col-size=\"sm\"><strong data-start=\"5332\" data-end=\"5353\">Kimyasal Form\u00fcl<\/strong><\/td>\n<td data-start=\"5354\" data-end=\"5371\" data-col-size=\"md\">C\u2081\u2083H\u2081\u2086FNO-HCl<\/td>\n<\/tr>\n<tr data-start=\"5372\" data-end=\"5410\">\n<td data-start=\"5372\" data-end=\"5394\" data-col-size=\"sm\"><strong data-start=\"5374\" data-end=\"5393\">Molek\u00fcler a\u011f\u0131rl\u0131k<\/strong><\/td>\n<td data-start=\"5394\" data-end=\"5410\" data-col-size=\"md\">257,73 g\/mol<\/td>\n<\/tr>\n<tr data-start=\"5411\" data-end=\"5445\">\n<td data-start=\"5411\" data-end=\"5426\" data-col-size=\"sm\"><strong data-start=\"5413\" data-end=\"5425\">Dozaj<\/strong><\/td>\n<td data-start=\"5426\" data-end=\"5445\" data-col-size=\"md\">50mg per pellet<\/td>\n<\/tr>\n<tr data-start=\"5446\" data-end=\"5493\">\n<td data-start=\"5446\" data-end=\"5457\" data-col-size=\"sm\"><strong data-start=\"5448\" data-end=\"5456\">Form<\/strong><\/td>\n<td data-start=\"5457\" data-end=\"5493\" data-col-size=\"md\">Kat\u0131 pelet (blister ambalaj)<\/td>\n<\/tr>\n<tr data-start=\"5494\" data-end=\"5545\">\n<td data-start=\"5494\" data-end=\"5511\" data-col-size=\"sm\"><strong data-start=\"5496\" data-end=\"5510\">Safl\u0131k<\/strong><\/td>\n<td data-start=\"5511\" data-end=\"5545\" data-col-size=\"md\">\u2265 98% (HPLC ve NMR ile test edilmi\u015ftir)<\/td>\n<\/tr>\n<tr data-start=\"5546\" data-end=\"5619\">\n<td data-start=\"5546\" data-end=\"5569\" data-col-size=\"sm\"><strong data-start=\"5548\" data-end=\"5568\">Kimyasal S\u0131n\u0131f<\/strong><\/td>\n<td data-start=\"5569\" data-end=\"5619\" data-col-size=\"md\">Arilsikloheksilamin \/ Dissosiyatif bile\u015fik<\/td>\n<\/tr>\n<tr data-start=\"5620\" data-end=\"5699\">\n<td data-start=\"5620\" data-end=\"5634\" data-col-size=\"sm\"><strong data-start=\"5622\" data-end=\"5633\">Kullan\u0131m<\/strong><\/td>\n<td data-start=\"5634\" data-end=\"5699\" data-col-size=\"md\">Sadece analitik, adli ve n\u00f6rokimyasal ara\u015ft\u0131rmalar i\u00e7in<\/td>\n<\/tr>\n<tr data-start=\"5700\" data-end=\"5749\">\n<td data-start=\"5700\" data-end=\"5717\" data-col-size=\"sm\"><strong data-start=\"5702\" data-end=\"5716\">Paketleme<\/strong><\/td>\n<td data-start=\"5717\" data-end=\"5749\" data-col-size=\"md\">Blisterstrip met verzegeling<\/td>\n<\/tr>\n<tr data-start=\"5750\" data-end=\"5798\">\n<td data-start=\"5750\" data-end=\"5768\" data-col-size=\"sm\"><strong data-start=\"5752\" data-end=\"5767\">Miktar<\/strong><\/td>\n<td data-start=\"5768\" data-end=\"5798\" data-col-size=\"md\">1 blister met 50mg pellets<\/td>\n<\/tr>\n<\/tbody>\n<\/table>\n<\/div>\n<\/div>\n<hr data-start=\"5800\" data-end=\"5803\" \/>\n<h3 data-start=\"5805\" data-end=\"5822\"><strong data-start=\"5809\" data-end=\"5822\">Avantajlar<\/strong><\/h3>\n<ul data-start=\"5824\" data-end=\"6223\">\n<li data-start=\"5824\" data-end=\"5917\">\n<p data-start=\"5826\" data-end=\"5917\"><strong data-start=\"5826\" data-end=\"5853\">Y\u00fcksek Safl\u0131k (\u2265 98%)<\/strong> \u2013 Consistente onderzoeksresultaten van laboratoriumkwaliteit.<\/p>\n<\/li>\n<li data-start=\"5918\" data-end=\"5997\">\n<p data-start=\"5920\" data-end=\"5997\"><strong data-start=\"5920\" data-end=\"5951\">Gestandaardiseerde Dosering<\/strong> \u2013 50mg per pellet voor nauwkeurige analyse.<\/p>\n<\/li>\n<li data-start=\"5998\" data-end=\"6067\">\n<p data-start=\"6000\" data-end=\"6067\"><strong data-start=\"6000\" data-end=\"6021\">Kararl\u0131 HCl formu<\/strong> \u2013 Verbeterde oplosbaarheid en houdbaarheid.<\/p>\n<\/li>\n<li data-start=\"6068\" data-end=\"6146\">\n<p data-start=\"6070\" data-end=\"6146\"><strong data-start=\"6070\" data-end=\"6100\">Geni\u015f Ara\u015ft\u0131rma Kaplamas\u0131<\/strong> \u2013 Geschikt voor GC\/MS, LC-MS, FTIR en HPLC. 2f dck kopen<\/p>\n<\/li>\n<li data-start=\"6147\" data-end=\"6223\">\n<p data-start=\"6149\" data-end=\"6223\"><strong data-start=\"6149\" data-end=\"6174\">Traceerbare Productie<\/strong> \u2013 Elke batch getest en volledig geregistreerd.<\/p>\n<\/li>\n<\/ul>\n<hr data-start=\"6225\" data-end=\"6228\" \/>\n<h3 data-start=\"6230\" data-end=\"6282\"><strong data-start=\"6234\" data-end=\"6280\">Kullan\u0131m (Sadece Ara\u015ft\u0131rma Ama\u00e7l\u0131)<\/strong><\/h3>\n<ol data-start=\"6284\" data-end=\"6629\">\n<li data-start=\"6284\" data-end=\"6353\">\n<p data-start=\"6287\" data-end=\"6353\"><strong data-start=\"6287\" data-end=\"6302\">Elle\u00e7leme:<\/strong> Eldiven, koruyucu g\u00f6zl\u00fck ve laboratuvar \u00f6nl\u00fc\u011f\u00fc kullan\u0131n.<\/p>\n<\/li>\n<li data-start=\"6354\" data-end=\"6425\">\n<p data-start=\"6357\" data-end=\"6425\"><strong data-start=\"6357\" data-end=\"6370\">\u00d6l\u00e7\u00fcler:<\/strong> Elke pellet bevat 50mg \u00b12mg; noteer batchinformatie.<\/p>\n<\/li>\n<li data-start=\"6426\" data-end=\"6480\">\n<p data-start=\"6429\" data-end=\"6480\"><strong data-start=\"6429\" data-end=\"6440\">Depolama:<\/strong> Serin (2-8\u00b0C), kuru ve karanl\u0131kta saklay\u0131n.<\/p>\n<\/li>\n<li data-start=\"6481\" data-end=\"6564\">\n<p data-start=\"6484\" data-end=\"6564\"><strong data-start=\"6484\" data-end=\"6496\">Analiz:<\/strong> Geschikt voor chromatografische en spectroscopische toepassingen.<\/p>\n<\/li>\n<li data-start=\"6565\" data-end=\"6629\">\n<p data-start=\"6568\" data-end=\"6629\"><strong data-start=\"6568\" data-end=\"6585\">Dok\u00fcmantasyon:<\/strong> Sonu\u00e7lar\u0131 ve analiz y\u00f6ntemlerini kaydedin.<\/p>\n<\/li>\n<\/ol>\n<hr data-start=\"6631\" data-end=\"6634\" \/>\n<h3 data-start=\"6636\" data-end=\"6671\"><strong data-start=\"6640\" data-end=\"6669\">S\u0131k\u00e7a sorulan sorular (SSS)<\/strong><\/h3>\n<p data-start=\"6673\" data-end=\"6824\"><strong data-start=\"6673\" data-end=\"6722\">1. 2F-DCK (2-Fluorodeschloroketamine) nedir?<\/strong><br data-start=\"6722\" data-end=\"6725\" \/>A <strong data-start=\"6729\" data-end=\"6768\">Deschloroketamine'in flor analo\u011fu<\/strong>, analitik ve n\u00f6rokimyasal ara\u015ft\u0131rmalar i\u00e7in kullan\u0131l\u0131r.<\/p>\n<p data-start=\"6826\" data-end=\"6951\"><strong data-start=\"6826\" data-end=\"6866\">2. Safl\u0131k ve dozaj nedir?<\/strong><br data-start=\"6866\" data-end=\"6869\" \/>Her pelet \u015funlar\u0131 i\u00e7erir <strong data-start=\"6887\" data-end=\"6921\">50mg 2F-DCK (\u2265 98% zuiverheid)<\/strong>, HPLC ve NMR ile onaylanm\u0131\u015ft\u0131r.<\/p>\n<p data-start=\"6953\" data-end=\"7112\"><strong data-start=\"6953\" data-end=\"6993\">3. 2F-DCK sat\u0131n almak yasal m\u0131?<\/strong><br data-start=\"6993\" data-end=\"6996\" \/>Bu <strong data-start=\"6999\" data-end=\"7024\">2F-DCK'n\u0131n yasall\u0131\u011f\u0131<\/strong> \u00fclkeden \u00fclkeye de\u011fi\u015fir. Her zaman \u00f6nce yerel yasalar\u0131 kontrol edin <strong data-start=\"7093\" data-end=\"7109\">2F-DCK sat\u0131n al\u0131r<\/strong>.<\/p>\n<p class=\"ds-markdown-paragraph\">","protected":false},"excerpt":{"rendered":"<p>Introductie 2F-DCK 50mg Pellets bevatten 50 milligram 2-Fluorodeschloroketamine Hydrochloride, een dissociatieve arylcyclohexylamine en fluor-analoog van Deschloroketamine (DCK). 2f dck kopenHet<\/p>","protected":false},"featured_media":16838,"comment_status":"closed","ping_status":"closed","template":"","meta":[],"product_brand":[23],"product_cat":[97,557,98,71],"product_tag":[511,512,558,99,514,22],"class_list":{"0":"post-1271","1":"product","2":"type-product","3":"status-publish","4":"has-post-thumbnail","6":"product_brand-research-chemical","7":"product_cat-2f-dck","8":"product_cat-2f-dck-pellets","9":"product_cat-arylcyclohexylamines","10":"product_cat-pellets","11":"product_tag-2f-dck","12":"product_tag-2f-dck-kopen","13":"product_tag-2f-ketamine","14":"product_tag-2f-dck-hcl","15":"product_tag-ketamine-kopen","16":"product_tag-nl","18":"first","19":"instock","20":"shipping-taxable","21":"purchasable","22":"product-type-variable"},"_links":{"self":[{"href":"https:\/\/researchchemicalshop.eu\/tr\/wp-json\/wp\/v2\/product\/1271","targetHints":{"allow":["GET"]}}],"collection":[{"href":"https:\/\/researchchemicalshop.eu\/tr\/wp-json\/wp\/v2\/product"}],"about":[{"href":"https:\/\/researchchemicalshop.eu\/tr\/wp-json\/wp\/v2\/types\/product"}],"replies":[{"embeddable":true,"href":"https:\/\/researchchemicalshop.eu\/tr\/wp-json\/wp\/v2\/comments?post=1271"}],"version-history":[{"count":2,"href":"https:\/\/researchchemicalshop.eu\/tr\/wp-json\/wp\/v2\/product\/1271\/revisions"}],"predecessor-version":[{"id":16538,"href":"https:\/\/researchchemicalshop.eu\/tr\/wp-json\/wp\/v2\/product\/1271\/revisions\/16538"}],"wp:featuredmedia":[{"embeddable":true,"href":"https:\/\/researchchemicalshop.eu\/tr\/wp-json\/wp\/v2\/media\/16838"}],"wp:attachment":[{"href":"https:\/\/researchchemicalshop.eu\/tr\/wp-json\/wp\/v2\/media?parent=1271"}],"wp:term":[{"taxonomy":"product_brand","embeddable":true,"href":"https:\/\/researchchemicalshop.eu\/tr\/wp-json\/wp\/v2\/product_brand?post=1271"},{"taxonomy":"product_cat","embeddable":true,"href":"https:\/\/researchchemicalshop.eu\/tr\/wp-json\/wp\/v2\/product_cat?post=1271"},{"taxonomy":"product_tag","embeddable":true,"href":"https:\/\/researchchemicalshop.eu\/tr\/wp-json\/wp\/v2\/product_tag?post=1271"}],"curies":[{"name":"wp","href":"https:\/\/api.w.org\/{rel}","templated":true}]}}