{"id":1268,"date":"2026-02-09T11:56:12","date_gmt":"2026-02-09T11:56:12","guid":{"rendered":"https:\/\/researchchemicalshop.eu\/?post_type=product&#038;p=1268"},"modified":"2026-03-05T16:02:43","modified_gmt":"2026-03-05T16:02:43","slug":"bromonordiazepam","status":"publish","type":"product","link":"https:\/\/researchchemicalshop.eu\/tr\/urun\/bromonordiazepam\/","title":{"rendered":"Bromonordiazepam 2,5 MG Pellets"},"content":{"rendered":"<h3 data-start=\"3959\" data-end=\"3980\"><strong data-start=\"3963\" data-end=\"3978\">Giri\u015f<\/strong><\/h3>\n<p data-start=\"3981\" data-end=\"4362\"><strong data-start=\"3981\" data-end=\"4015\">Bromonordiazepam 2,5mg Pellets<\/strong> i\u00e7erir <strong data-start=\"4025\" data-end=\"4059\">2,5 milligram Bromonordiazepam<\/strong>, a <strong data-start=\"4065\" data-end=\"4106\">langwerkende benzodiazepineverbinding<\/strong> ile yap\u0131sal olarak ili\u015fkili olan <strong data-start=\"4138\" data-end=\"4153\">Nordiazepam<\/strong> ve <strong data-start=\"4157\" data-end=\"4169\">Diazepam<\/strong>. bromonordiazepam<br data-start=\"4170\" data-end=\"4173\" \/>\u0130\u00e7inde kullan\u0131l\u0131r <strong data-start=\"4195\" data-end=\"4233\">adli\u0307 ve anali\u0307ti\u0307k i\u0307ncelemeler<\/strong> i\u00e7in <strong data-start=\"4239\" data-end=\"4265\">GABA-A-receptorbinding<\/strong>, <strong data-start=\"4267\" data-end=\"4282\">metabolizma<\/strong> ve <strong data-start=\"4286\" data-end=\"4328\">yap\u0131-aktivite ili\u015fkileri (SAR)<\/strong> binnen de benzodiazepineklasse.<\/p>\n<p data-start=\"4364\" data-end=\"4583\">Her bir pelet <strong data-start=\"4379\" data-end=\"4407\">laboratoriumgeformuleerd<\/strong> ve \u00fczerinde test edildi <strong data-start=\"4425\" data-end=\"4449\">\u2265 98%'nin safl\u0131\u011f\u0131<\/strong> \u00fczerinden <strong data-start=\"4454\" data-end=\"4469\">HPLC ve NMR<\/strong>.<br data-start=\"4470\" data-end=\"4473\" \/>Bu <strong data-start=\"4476\" data-end=\"4517\">gestandaardiseerde dosering van 2,5mg<\/strong> zorgt voor reproduceerbare en betrouwbare onderzoeksresultaten.<\/p>\n<blockquote data-start=\"4585\" data-end=\"4736\">\n<p data-start=\"4587\" data-end=\"4736\">\u26a0\ufe0f <strong data-start=\"4590\" data-end=\"4601\">Not:<\/strong> Bromonordiazepam is uitsluitend bedoeld voor <strong data-start=\"4647\" data-end=\"4682\">ara\u015ft\u0131rma ve analitik kullan\u0131m<\/strong> \u2014 <strong data-start=\"4685\" data-end=\"4734\">insan veya hayvan t\u00fcketimi i\u00e7in de\u011fildir.<\/strong><\/p>\n<\/blockquote>\n<hr data-start=\"4738\" data-end=\"4741\" \/>\n<h3 data-start=\"4743\" data-end=\"4774\"><strong data-start=\"4747\" data-end=\"4774\">Temel \u00f6zellikler<\/strong><\/h3>\n<div class=\"_tableContainer_1rjym_1\">\n<div class=\"group _tableWrapper_1rjym_13 flex w-fit flex-col-reverse\" tabindex=\"-1\">\n<table class=\"w-fit min-w-(--thread-content-width)\" data-start=\"4776\" data-end=\"5322\">\n<thead data-start=\"4776\" data-end=\"4802\">\n<tr data-start=\"4776\" data-end=\"4802\">\n<th data-start=\"4776\" data-end=\"4786\" data-col-size=\"sm\">\u00d6zellik<\/th>\n<th data-start=\"4786\" data-end=\"4802\" data-col-size=\"md\">A\u00e7\u0131klama<\/th>\n<\/tr>\n<\/thead>\n<tbody data-start=\"4831\" data-end=\"5322\">\n<tr data-start=\"4831\" data-end=\"4872\">\n<td data-start=\"4831\" data-end=\"4852\" data-col-size=\"sm\"><strong data-start=\"4833\" data-end=\"4851\">Kimyasal Ad\u0131<\/strong><\/td>\n<td data-start=\"4852\" data-end=\"4872\" data-col-size=\"md\">Bromonordiazepam<\/td>\n<\/tr>\n<tr data-start=\"4873\" data-end=\"4914\">\n<td data-start=\"4873\" data-end=\"4897\" data-col-size=\"sm\"><strong data-start=\"4875\" data-end=\"4896\">Kimyasal Form\u00fcl<\/strong><\/td>\n<td data-start=\"4897\" data-end=\"4914\" data-col-size=\"md\">C\u2081\u2085H\u2081\u2080BrClN\u2082O<\/td>\n<\/tr>\n<tr data-start=\"4915\" data-end=\"4953\">\n<td data-start=\"4915\" data-end=\"4937\" data-col-size=\"sm\"><strong data-start=\"4917\" data-end=\"4936\">Molek\u00fcler a\u011f\u0131rl\u0131k<\/strong><\/td>\n<td data-start=\"4937\" data-end=\"4953\" data-col-size=\"md\">365,61 g\/mol<\/td>\n<\/tr>\n<tr data-start=\"4954\" data-end=\"4989\">\n<td data-start=\"4954\" data-end=\"4969\" data-col-size=\"sm\"><strong data-start=\"4956\" data-end=\"4968\">Dozaj<\/strong><\/td>\n<td data-start=\"4969\" data-end=\"4989\" data-col-size=\"md\">2,5mg per pellet<\/td>\n<\/tr>\n<tr data-start=\"4990\" data-end=\"5037\">\n<td data-start=\"4990\" data-end=\"5001\" data-col-size=\"sm\"><strong data-start=\"4992\" data-end=\"5000\">Form<\/strong><\/td>\n<td data-start=\"5001\" data-end=\"5037\" data-col-size=\"md\">Kat\u0131 pelet (blister ambalaj)<\/td>\n<\/tr>\n<tr data-start=\"5038\" data-end=\"5089\">\n<td data-start=\"5038\" data-end=\"5055\" data-col-size=\"sm\"><strong data-start=\"5040\" data-end=\"5054\">Safl\u0131k<\/strong><\/td>\n<td data-start=\"5055\" data-end=\"5089\" data-col-size=\"md\">\u2265 98% (HPLC ve NMR ile test edilmi\u015ftir)<\/td>\n<\/tr>\n<tr data-start=\"5090\" data-end=\"5140\">\n<td data-start=\"5090\" data-end=\"5113\" data-col-size=\"sm\"><strong data-start=\"5092\" data-end=\"5112\">Kimyasal S\u0131n\u0131f<\/strong><\/td>\n<td data-start=\"5113\" data-end=\"5140\" data-col-size=\"md\">Benzodiazepine-derivaat<\/td>\n<\/tr>\n<tr data-start=\"5141\" data-end=\"5221\">\n<td data-start=\"5141\" data-end=\"5155\" data-col-size=\"sm\"><strong data-start=\"5143\" data-end=\"5154\">Kullan\u0131m<\/strong><\/td>\n<td data-start=\"5155\" data-end=\"5221\" data-col-size=\"md\">Alleen voor analytisch, forensisch en farmacologisch onderzoek<\/td>\n<\/tr>\n<tr data-start=\"5222\" data-end=\"5271\">\n<td data-start=\"5222\" data-end=\"5239\" data-col-size=\"sm\"><strong data-start=\"5224\" data-end=\"5238\">Paketleme<\/strong><\/td>\n<td data-start=\"5239\" data-end=\"5271\" data-col-size=\"md\">Blisterstrip met verzegeling<\/td>\n<\/tr>\n<tr data-start=\"5272\" data-end=\"5322\">\n<td data-start=\"5272\" data-end=\"5290\" data-col-size=\"sm\"><strong data-start=\"5274\" data-end=\"5289\">Miktar<\/strong><\/td>\n<td data-start=\"5290\" data-end=\"5322\" data-col-size=\"md\">Meerdere pellets per blister<\/td>\n<\/tr>\n<\/tbody>\n<\/table>\n<\/div>\n<\/div>\n<hr data-start=\"5324\" data-end=\"5327\" \/>\n<h3 data-start=\"5329\" data-end=\"5346\"><strong data-start=\"5333\" data-end=\"5346\">Avantajlar<\/strong><\/h3>\n<ul data-start=\"5348\" data-end=\"5732\">\n<li data-start=\"5348\" data-end=\"5432\">\n<p data-start=\"5350\" data-end=\"5432\"><strong data-start=\"5350\" data-end=\"5377\">Y\u00fcksek Safl\u0131k (\u2265 98%)<\/strong> \u2013 Laboratoriumkwaliteit voor betrouwbare resultaten. bromonordiazepam<\/p>\n<\/li>\n<li data-start=\"5433\" data-end=\"5515\">\n<p data-start=\"5435\" data-end=\"5515\"><strong data-start=\"5435\" data-end=\"5474\">Gestandaardiseerde Dosering (2,5mg)<\/strong> \u2013 Zorgt voor reproduceerbare metingen.<\/p>\n<\/li>\n<li data-start=\"5516\" data-end=\"5583\">\n<p data-start=\"5518\" data-end=\"5583\"><strong data-start=\"5518\" data-end=\"5541\">Stabiele Vaste Vorm<\/strong> \u2013 Eenvoudig te hanteren en op te slaan.<\/p>\n<\/li>\n<li data-start=\"5584\" data-end=\"5664\">\n<p data-start=\"5586\" data-end=\"5664\"><strong data-start=\"5586\" data-end=\"5616\">Geni\u015f Ara\u015ft\u0131rma Kaplamas\u0131<\/strong> \u2013 Geschikt voor GC\/MS, LC-MS en HPLC-analyse.<\/p>\n<\/li>\n<li data-start=\"5665\" data-end=\"5732\">\n<p data-start=\"5667\" data-end=\"5732\"><strong data-start=\"5667\" data-end=\"5692\">\u0130zlenebilir Kalite<\/strong> \u2013 Elke batch getest en geregistreerd.<\/p>\n<\/li>\n<\/ul>\n<hr data-start=\"5734\" data-end=\"5737\" \/>\n<h3 data-start=\"5739\" data-end=\"5791\"><strong data-start=\"5743\" data-end=\"5789\">Kullan\u0131m (Sadece Ara\u015ft\u0131rma Ama\u00e7l\u0131)<\/strong><\/h3>\n<ol data-start=\"5793\" data-end=\"6126\">\n<li data-start=\"5793\" data-end=\"5862\">\n<p data-start=\"5796\" data-end=\"5862\"><strong data-start=\"5796\" data-end=\"5811\">Elle\u00e7leme:<\/strong> Eldiven, koruyucu g\u00f6zl\u00fck ve laboratuvar \u00f6nl\u00fc\u011f\u00fc kullan\u0131n.<\/p>\n<\/li>\n<li data-start=\"5863\" data-end=\"5937\">\n<p data-start=\"5866\" data-end=\"5937\"><strong data-start=\"5866\" data-end=\"5879\">\u00d6l\u00e7\u00fcler:<\/strong> Elke pellet bevat 2,5mg \u00b10,1mg; noteer batchinformatie.<\/p>\n<\/li>\n<li data-start=\"5938\" data-end=\"5992\">\n<p data-start=\"5941\" data-end=\"5992\"><strong data-start=\"5941\" data-end=\"5952\">Depolama:<\/strong> Serin (2-8\u00b0C), kuru ve karanl\u0131kta saklay\u0131n.<\/p>\n<\/li>\n<li data-start=\"5993\" data-end=\"6061\">\n<p data-start=\"5996\" data-end=\"6061\"><strong data-start=\"5996\" data-end=\"6008\">Analiz:<\/strong> Geschikt voor chromatografie en receptoronderzoek.<\/p>\n<\/li>\n<li data-start=\"6062\" data-end=\"6126\">\n<p data-start=\"6065\" data-end=\"6126\"><strong data-start=\"6065\" data-end=\"6082\">Dok\u00fcmantasyon:<\/strong> Sonu\u00e7lar\u0131 ve analiz y\u00f6ntemlerini kaydedin.<\/p>\n<\/li>\n<\/ol>\n<hr data-start=\"6128\" data-end=\"6131\" \/>\n<h3 data-start=\"6133\" data-end=\"6168\"><strong data-start=\"6137\" data-end=\"6166\">S\u0131k\u00e7a sorulan sorular (SSS)<\/strong><\/h3>\n<p data-start=\"6170\" data-end=\"6308\"><strong data-start=\"6170\" data-end=\"6201\">1. Wat is Bromonordiazepam?<\/strong><br data-start=\"6201\" data-end=\"6204\" \/>A <strong data-start=\"6208\" data-end=\"6234\">benzodiazepine-analoog<\/strong> gebruikt voor onderzoek naar GABA-A-receptorinteracties en metabolisme.<\/p>\n<p data-start=\"6310\" data-end=\"6439\"><strong data-start=\"6310\" data-end=\"6343\">2. Hoe zuiver is het product?<\/strong><br data-start=\"6343\" data-end=\"6346\" \/>Her pelet \u015funlar\u0131 i\u00e7erir <strong data-start=\"6364\" data-end=\"6409\">2,5mg Bromonordiazepam (\u2265 98% zuiverheid)<\/strong>, HPLC ve NMR ile onaylanm\u0131\u015ft\u0131r.<\/p>\n<p data-start=\"6441\" data-end=\"6630\"><strong data-start=\"6441\" data-end=\"6491\">3. Is het legaal om Bromonordiazepam te kopen?<\/strong><br data-start=\"6491\" data-end=\"6494\" \/>Bu <strong data-start=\"6497\" data-end=\"6532\">legaliteit van Bromonordiazepam<\/strong> \u00fclkeden \u00fclkeye de\u011fi\u015fir. Her zaman \u00f6nce yerel yasalar\u0131 kontrol edin <strong data-start=\"6601\" data-end=\"6627\">Bromonordiazepam koopt<\/strong>. <a href=\"https:\/\/researchchemicalshop.eu\/tr\/dukkan\/okategoriserad\/4mmc-kopen\/\">4mmc sat\u0131n al<\/a><\/p>","protected":false},"excerpt":{"rendered":"<p>Introductie Bromonordiazepam 2,5mg Pellets bevatten 2,5 milligram Bromonordiazepam, een langwerkende benzodiazepineverbinding die structureel verwant is aan Nordiazepam en Diazepam. bromonordiazepamHet<\/p>","protected":false},"featured_media":16947,"comment_status":"closed","ping_status":"closed","template":"","meta":[],"product_brand":[],"product_cat":[74,554,555,71],"product_tag":[502,22],"class_list":{"0":"post-1268","1":"product","2":"type-product","3":"status-publish","4":"has-post-thumbnail","6":"product_cat-benzodiazepinen","7":"product_cat-bromonordiazepam","8":"product_cat-bromonordiazepam-pellets","9":"product_cat-pellets","10":"product_tag-bromonordiazepam","11":"product_tag-nl","13":"first","14":"instock","15":"shipping-taxable","16":"purchasable","17":"product-type-variable"},"_links":{"self":[{"href":"https:\/\/researchchemicalshop.eu\/tr\/wp-json\/wp\/v2\/product\/1268","targetHints":{"allow":["GET"]}}],"collection":[{"href":"https:\/\/researchchemicalshop.eu\/tr\/wp-json\/wp\/v2\/product"}],"about":[{"href":"https:\/\/researchchemicalshop.eu\/tr\/wp-json\/wp\/v2\/types\/product"}],"replies":[{"embeddable":true,"href":"https:\/\/researchchemicalshop.eu\/tr\/wp-json\/wp\/v2\/comments?post=1268"}],"version-history":[{"count":1,"href":"https:\/\/researchchemicalshop.eu\/tr\/wp-json\/wp\/v2\/product\/1268\/revisions"}],"predecessor-version":[{"id":16544,"href":"https:\/\/researchchemicalshop.eu\/tr\/wp-json\/wp\/v2\/product\/1268\/revisions\/16544"}],"wp:featuredmedia":[{"embeddable":true,"href":"https:\/\/researchchemicalshop.eu\/tr\/wp-json\/wp\/v2\/media\/16947"}],"wp:attachment":[{"href":"https:\/\/researchchemicalshop.eu\/tr\/wp-json\/wp\/v2\/media?parent=1268"}],"wp:term":[{"taxonomy":"product_brand","embeddable":true,"href":"https:\/\/researchchemicalshop.eu\/tr\/wp-json\/wp\/v2\/product_brand?post=1268"},{"taxonomy":"product_cat","embeddable":true,"href":"https:\/\/researchchemicalshop.eu\/tr\/wp-json\/wp\/v2\/product_cat?post=1268"},{"taxonomy":"product_tag","embeddable":true,"href":"https:\/\/researchchemicalshop.eu\/tr\/wp-json\/wp\/v2\/product_tag?post=1268"}],"curies":[{"name":"wp","href":"https:\/\/api.w.org\/{rel}","templated":true}]}}