{"id":1095,"date":"2026-02-09T11:55:47","date_gmt":"2026-02-09T11:55:47","guid":{"rendered":"https:\/\/researchchemicalshop.eu\/?post_type=product&#038;p=1095"},"modified":"2026-02-13T11:42:09","modified_gmt":"2026-02-13T11:42:09","slug":"2f-dck-3","status":"publish","type":"product","link":"https:\/\/researchchemicalshop.eu\/tr\/urun\/2f-dck-3\/","title":{"rendered":"2F-DCK HCl po\u015fet 1gr"},"content":{"rendered":"<h2 data-start=\"3631\" data-end=\"3657\"><strong data-start=\"3634\" data-end=\"3657\">\u00dcr\u00fcn A\u00e7\u0131klamas\u0131<\/strong><\/h2>\n<p data-start=\"3659\" data-end=\"3993\"><strong data-start=\"3659\" data-end=\"3716\">2F-DCK HCl (2-Fluoro Deschloroketamine Hydrochloride)<\/strong> bir <strong data-start=\"3724\" data-end=\"3762\">onderzoeksstof van hoge zuiverheid<\/strong>, behorend tot de <strong data-start=\"3780\" data-end=\"3809\">arilsikloheksilamin s\u0131n\u0131f\u0131<\/strong>, verwant aan ketamine-analogen. 2f-dck hcl\u00a0<br data-start=\"3841\" data-end=\"3844\" \/>Deze verbinding is bedoeld voor <strong data-start=\"3876\" data-end=\"3914\">analytisch en forensisch onderzoek<\/strong> en ondersteunt <strong data-start=\"3930\" data-end=\"3990\">structurele analyse, validatie en toxicologische studies<\/strong>.<\/p>\n<p data-start=\"3995\" data-end=\"4126\">Elk <strong data-start=\"3999\" data-end=\"4019\">2F-DCK HCl zakje<\/strong> bevat <strong data-start=\"4026\" data-end=\"4060\">1 gram analytisch zuivere stof<\/strong>, zorgvuldig verpakt om stabiliteit en consistentie te garanderen.<\/p>\n<p data-start=\"4128\" data-end=\"4264\">\u26a0\ufe0f <strong data-start=\"4131\" data-end=\"4142\">Not:<\/strong> Bu \u00fcr\u00fcn <strong data-start=\"4158\" data-end=\"4207\">sadece ara\u015ft\u0131rma ama\u00e7l\u0131d\u0131r<\/strong> ve <strong data-start=\"4211\" data-end=\"4263\">niet geschikt voor menselijk of dierlijk gebruik<\/strong>.<\/p>\n<hr data-start=\"4266\" data-end=\"4269\" \/>\n<h2 data-start=\"4271\" data-end=\"4301\"><strong data-start=\"4274\" data-end=\"4301\">Temel \u00f6zellikler<\/strong><\/h2>\n<ul data-start=\"4303\" data-end=\"4665\">\n<li data-start=\"4303\" data-end=\"4386\">\n<p data-start=\"4305\" data-end=\"4386\"><strong data-start=\"4305\" data-end=\"4325\">Y\u00fcksek Safl\u0131kta:<\/strong> Laboratoriumkwaliteit, geschikt voor analytisch onderzoek.<\/p>\n<\/li>\n<li data-start=\"4387\" data-end=\"4460\">\n<p data-start=\"4389\" data-end=\"4460\"><strong data-start=\"4389\" data-end=\"4411\">Stabiele HCl-Vorm:<\/strong> Goede oplosbaarheid en langdurige stabiliteit.<\/p>\n<\/li>\n<li data-start=\"4461\" data-end=\"4517\">\n<p data-start=\"4463\" data-end=\"4517\"><strong data-start=\"4463\" data-end=\"4486\">Nauwkeurig Gewogen:<\/strong> 1 gram per luchtdicht zakje.<\/p>\n<\/li>\n<li data-start=\"4518\" data-end=\"4584\">\n<p data-start=\"4520\" data-end=\"4584\"><strong data-start=\"4520\" data-end=\"4543\">Veilige Verpakking:<\/strong> Beschermt tegen contaminatie en vocht.<\/p>\n<\/li>\n<li data-start=\"4585\" data-end=\"4665\">\n<p data-start=\"4587\" data-end=\"4665\"><strong data-start=\"4587\" data-end=\"4614\">Conform EU-Regelgeving:<\/strong> Geproduceerd volgens Europese veiligheidsnormen.<\/p>\n<\/li>\n<\/ul>\n<hr data-start=\"4667\" data-end=\"4670\" \/>\n<h2 data-start=\"4672\" data-end=\"4703\"><strong data-start=\"4675\" data-end=\"4703\">Voordelen voor Onderzoek<\/strong><\/h2>\n<ul data-start=\"4705\" data-end=\"4964\">\n<li data-start=\"4705\" data-end=\"4765\">\n<p data-start=\"4707\" data-end=\"4765\">\u015eunlar i\u00e7in uygundur <strong data-start=\"4721\" data-end=\"4762\">forensisch en toxicologisch onderzoek<\/strong>.<\/p>\n<\/li>\n<li data-start=\"4766\" data-end=\"4833\">\n<p data-start=\"4768\" data-end=\"4833\">Ondersteunt <strong data-start=\"4780\" data-end=\"4804\">analytische methoden<\/strong> zoals LC-MS, GC-MS en NMR.<\/p>\n<\/li>\n<li data-start=\"4834\" data-end=\"4907\">\n<p data-start=\"4836\" data-end=\"4907\">Biedt <strong data-start=\"4842\" data-end=\"4876\">betrouwbare referentiemonsters<\/strong> voor kwantitatieve analyses.<\/p>\n<\/li>\n<li data-start=\"4908\" data-end=\"4964\">\n<p data-start=\"4910\" data-end=\"4964\">Sa\u011flar <strong data-start=\"4921\" data-end=\"4961\">reproduceerbare onderzoeksresultaten<\/strong>. 2f-dck hcl<\/p>\n<\/li>\n<\/ul>\n<hr data-start=\"4966\" data-end=\"4969\" \/>\n<h2 data-start=\"4971\" data-end=\"5005\"><strong data-start=\"4974\" data-end=\"5005\">Gebruik (Onderzoekscontext)<\/strong><\/h2>\n<ol data-start=\"5007\" data-end=\"5211\">\n<li data-start=\"5007\" data-end=\"5052\">\n<p data-start=\"5010\" data-end=\"5052\">Alleen gebruiken in erkende laboratoria.<\/p>\n<\/li>\n<li data-start=\"5053\" data-end=\"5113\">\n<p data-start=\"5056\" data-end=\"5113\">Draag handschoenen, veiligheidsbril en laboratoriumjas.<\/p>\n<\/li>\n<li data-start=\"5114\" data-end=\"5161\">\n<p data-start=\"5117\" data-end=\"5161\">Bewaar koel, droog en donker (onder 25\u00b0C).<\/p>\n<\/li>\n<li data-start=\"5162\" data-end=\"5211\">\n<p data-start=\"5165\" data-end=\"5211\">Verwijder resten volgens lokale regelgeving.<\/p>\n<\/li>\n<\/ol>\n<blockquote data-start=\"5213\" data-end=\"5303\">\n<p data-start=\"5215\" data-end=\"5303\"><strong data-start=\"5215\" data-end=\"5226\">Not:<\/strong> <em data-start=\"5227\" data-end=\"5249\">2F-DCK HCl po\u015fet 1gr<\/em> is <strong data-start=\"5253\" data-end=\"5302\">sadece ara\u015ft\u0131rma ama\u00e7l\u0131d\u0131r<\/strong>.<\/p>\n<\/blockquote>\n<hr data-start=\"5305\" data-end=\"5308\" \/>\n<h2 data-start=\"5310\" data-end=\"5344\"><strong data-start=\"5313\" data-end=\"5344\">S\u0131k\u00e7a sorulan sorular (SSS)<\/strong><\/h2>\n<p data-start=\"5346\" data-end=\"5496\"><strong data-start=\"5346\" data-end=\"5388\">1. Waarvoor wordt 2F-DCK HCl gebruikt?<\/strong><br data-start=\"5388\" data-end=\"5391\" \/>Deze stof wordt gebruikt voor <strong data-start=\"5421\" data-end=\"5459\">analytisch en forensisch onderzoek<\/strong> van arylcyclohexylamineverbindingen.<\/p>\n<p data-start=\"5498\" data-end=\"5593\"><strong data-start=\"5498\" data-end=\"5533\">2. Hoeveel zit er in \u00e9\u00e9n zakje?<\/strong><br data-start=\"5533\" data-end=\"5536\" \/>Elk zakje bevat <strong data-start=\"5552\" data-end=\"5562\">1 gram<\/strong> analytisch zuivere 2F-DCK HCl.<\/p>\n<p data-start=\"5595\" data-end=\"5752\"><strong data-start=\"5595\" data-end=\"5642\">3. Mag ik 2F-DCK HCl kopen als particulier?<\/strong><br data-start=\"5642\" data-end=\"5645\" \/>Nee, dit product is alleen verkrijgbaar voor <strong data-start=\"5690\" data-end=\"5724\">erkende onderzoeksinstellingen<\/strong> met de juiste vergunningen.<\/p>","protected":false},"excerpt":{"rendered":"<p>Productbeschrijving 2F-DCK HCl (2-Fluoro Deschloroketamine Hydrochloride) is een onderzoeksstof van hoge zuiverheid, behorend tot de arylcyclohexylamineklasse, verwant aan ketamine-analogen. 2f-dck<\/p>","protected":false},"featured_media":1122,"comment_status":"closed","ping_status":"closed","template":"","meta":[],"product_brand":[23],"product_cat":[468],"product_tag":[511,512,99,513,514,22,515],"class_list":{"0":"post-1095","1":"product","2":"type-product","3":"status-publish","4":"has-post-thumbnail","6":"product_brand-research-chemical","7":"product_cat-b2b","8":"product_tag-2f-dck","9":"product_tag-2f-dck-kopen","10":"product_tag-2f-dck-hcl","11":"product_tag-2f-dck-reddit","12":"product_tag-ketamine-kopen","13":"product_tag-nl","14":"product_tag-what-is-2f-dck","16":"first","17":"instock","18":"shipping-taxable","19":"purchasable","20":"product-type-variable"},"_links":{"self":[{"href":"https:\/\/researchchemicalshop.eu\/tr\/wp-json\/wp\/v2\/product\/1095","targetHints":{"allow":["GET"]}}],"collection":[{"href":"https:\/\/researchchemicalshop.eu\/tr\/wp-json\/wp\/v2\/product"}],"about":[{"href":"https:\/\/researchchemicalshop.eu\/tr\/wp-json\/wp\/v2\/types\/product"}],"replies":[{"embeddable":true,"href":"https:\/\/researchchemicalshop.eu\/tr\/wp-json\/wp\/v2\/comments?post=1095"}],"version-history":[{"count":1,"href":"https:\/\/researchchemicalshop.eu\/tr\/wp-json\/wp\/v2\/product\/1095\/revisions"}],"predecessor-version":[{"id":16552,"href":"https:\/\/researchchemicalshop.eu\/tr\/wp-json\/wp\/v2\/product\/1095\/revisions\/16552"}],"wp:featuredmedia":[{"embeddable":true,"href":"https:\/\/researchchemicalshop.eu\/tr\/wp-json\/wp\/v2\/media\/1122"}],"wp:attachment":[{"href":"https:\/\/researchchemicalshop.eu\/tr\/wp-json\/wp\/v2\/media?parent=1095"}],"wp:term":[{"taxonomy":"product_brand","embeddable":true,"href":"https:\/\/researchchemicalshop.eu\/tr\/wp-json\/wp\/v2\/product_brand?post=1095"},{"taxonomy":"product_cat","embeddable":true,"href":"https:\/\/researchchemicalshop.eu\/tr\/wp-json\/wp\/v2\/product_cat?post=1095"},{"taxonomy":"product_tag","embeddable":true,"href":"https:\/\/researchchemicalshop.eu\/tr\/wp-json\/wp\/v2\/product_tag?post=1095"}],"curies":[{"name":"wp","href":"https:\/\/api.w.org\/{rel}","templated":true}]}}