{"id":79,"date":"2026-02-09T11:52:07","date_gmt":"2026-02-09T11:52:07","guid":{"rendered":"https:\/\/researchchemicalshop.eu\/?post_type=product&#038;p=79"},"modified":"2026-03-06T04:43:06","modified_gmt":"2026-03-06T04:43:06","slug":"5-mapb","status":"publish","type":"product","link":"https:\/\/researchchemicalshop.eu\/sv\/produkt\/5-mapb\/","title":{"rendered":"5-MAPB"},"content":{"rendered":"<h1><span dir=\"auto\" style=\"vertical-align: inherit;\"><span dir=\"auto\" style=\"vertical-align: inherit;\">5-mapb - Premium forskningskemikalie f\u00f6r farmakologiska studier<\/span><\/span><\/h1>\n<ul>\n<li>\n<p data-start=\"6735\" data-end=\"6969\"><strong data-start=\"6735\" data-end=\"6745\">5-MAPB<\/strong>, eller <strong data-start=\"6750\" data-end=\"6787\">5-(2-Metylaminopropyl)bensofuran<\/strong>, \u00e4r en <strong data-start=\"6796\" data-end=\"6819\">bensofuranderivat<\/strong> som unders\u00f6ks inom ramen f\u00f6r <strong data-start=\"6848\" data-end=\"6889\">neurokemisk och r\u00e4ttsmedicinsk forskning<\/strong>. Den \u00e4r strukturellt besl\u00e4ktad med <strong data-start=\"6922\" data-end=\"6930\">MDMA<\/strong> och <strong data-start=\"6934\" data-end=\"6966\">relaterade amfetaminderivat<\/strong>. <span class=\"___SBox_epc1q-ko_ ___SText_zko9t-ko_\" data-ui-name=\"Link.Text\">5-mapb<\/span><\/p>\n<p data-start=\"6971\" data-end=\"7255\">\u00c4ven om det i vissa fall har hittats i samband med <strong data-start=\"7036\" data-end=\"7074\">nya psykoaktiva substanser (NPS)<\/strong>, \u00e4r <strong data-start=\"7079\" data-end=\"7129\">5-MAPB \u00e4r inte godk\u00e4nt f\u00f6r anv\u00e4ndning av m\u00e4nniskor<\/strong>. Forskare studerar den f\u00f6r att b\u00e4ttre f\u00f6rst\u00e5 <strong data-start=\"7189\" data-end=\"7208\">receptorbindning<\/strong>, <strong data-start=\"7210\" data-end=\"7230\">neurotransmission<\/strong> och <strong data-start=\"7234\" data-end=\"7254\">Detektionsmetoder<\/strong>.<\/p>\n<hr data-start=\"7257\" data-end=\"7260\" \/>\n<h2 data-start=\"7262\" data-end=\"7309\"><strong data-start=\"7265\" data-end=\"7309\">Kemisk och farmakologisk bakgrund<\/strong><\/h2>\n<p data-start=\"7311\" data-end=\"7336\"><strong data-start=\"7311\" data-end=\"7336\">Viktig information:<\/strong><\/p>\n<ul data-start=\"7337\" data-end=\"7633\">\n<li data-start=\"7337\" data-end=\"7399\">\n<p data-start=\"7339\" data-end=\"7399\"><strong data-start=\"7339\" data-end=\"7354\">IUPAC-namn:<\/strong> 1-(bensofuran-5-yl)-N-metylpropan-2-amin<\/p>\n<\/li>\n<li data-start=\"7400\" data-end=\"7433\">\n<p data-start=\"7402\" data-end=\"7433\"><strong data-start=\"7402\" data-end=\"7422\">Molekyl\u00e4r formel:<\/strong> C12H17NO<\/p>\n<\/li>\n<li data-start=\"7434\" data-end=\"7470\">\n<p data-start=\"7436\" data-end=\"7470\"><strong data-start=\"7436\" data-end=\"7454\">Molekyl\u00e4r massa:<\/strong> \u00b1191,27 g\/mol<\/p>\n<\/li>\n<li data-start=\"7471\" data-end=\"7531\">\n<p data-start=\"7473\" data-end=\"7531\"><strong data-start=\"7473\" data-end=\"7494\">Kemisk klass:<\/strong> Bensofuran- och amfetaminderivat<\/p>\n<\/li>\n<li data-start=\"7532\" data-end=\"7633\">\n<p data-start=\"7534\" data-end=\"7633\"><strong data-start=\"7534\" data-end=\"7554\">Receptorns funktion:<\/strong> Interaktion med monoamintransport\u00f6rer (serotonin, dopamin, noradrenalin).<\/p>\n<\/li>\n<\/ul>\n<p data-start=\"7635\" data-end=\"7758\">Den <strong data-start=\"7638\" data-end=\"7661\">bensofurans struktur<\/strong> G\u00f6r 5-MAPB v\u00e4rdefullt f\u00f6r forskning inom <strong data-start=\"7705\" data-end=\"7757\">receptorbindning och farmakologiska egenskaper<\/strong>.<\/p>\n<hr data-start=\"7760\" data-end=\"7763\" \/>\n<h2 data-start=\"7765\" data-end=\"7807\"><strong data-start=\"7768\" data-end=\"7807\">Forskningsegenskaper och till\u00e4mpningar<\/strong><\/h2>\n<ul data-start=\"7809\" data-end=\"8066\">\n<li data-start=\"7809\" data-end=\"7871\">\n<p data-start=\"7811\" data-end=\"7871\"><strong data-start=\"7811\" data-end=\"7837\">Komparativ forskning<\/strong> med MDMA och andra amfetaminer. <span class=\"___SBox_epc1q-ko_ ___SText_zko9t-ko_\" data-ui-name=\"Link.Text\">5-mapb<\/span><\/p>\n<\/li>\n<li data-start=\"7872\" data-end=\"7931\">\n<p data-start=\"7874\" data-end=\"7931\"><strong data-start=\"7874\" data-end=\"7908\">Analytiskt referensmaterial<\/strong> f\u00f6r GC-MS och LC-MS.<\/p>\n<\/li>\n<li data-start=\"7932\" data-end=\"7994\">\n<p data-start=\"7934\" data-end=\"7994\"><strong data-start=\"7934\" data-end=\"7958\">Forensisk uppt\u00e4ckt<\/strong> Av nya psykoaktiva substanser.<\/p>\n<\/li>\n<li data-start=\"7995\" data-end=\"8066\">\n<p data-start=\"7997\" data-end=\"8066\"><strong data-start=\"7997\" data-end=\"8044\">St\u00f6d till folkh\u00e4lsoforskning<\/strong> P\u00e5 NPS-\u00f6vervakning.<\/p>\n<\/li>\n<\/ul>\n<hr data-start=\"8068\" data-end=\"8071\" \/>\n<h2 data-start=\"8073\" data-end=\"8117\"><strong data-start=\"8076\" data-end=\"8117\">S\u00e4kerhet och juridiska \u00f6verv\u00e4ganden<\/strong><\/h2>\n<p data-start=\"8119\" data-end=\"8134\"><strong data-start=\"8119\" data-end=\"8134\">S\u00e4kerhet:<\/strong><\/p>\n<ul data-start=\"8135\" data-end=\"8343\">\n<li data-start=\"8135\" data-end=\"8187\">\n<p data-start=\"8137\" data-end=\"8187\">Hanteras endast av <strong data-start=\"8158\" data-end=\"8184\">utbildade forskare<\/strong>.<\/p>\n<\/li>\n<li data-start=\"8188\" data-end=\"8239\">\n<p data-start=\"8190\" data-end=\"8239\">Slitage <strong data-start=\"8196\" data-end=\"8236\">skyddskl\u00e4der och skyddshandskar<\/strong>.<\/p>\n<\/li>\n<li data-start=\"8240\" data-end=\"8280\">\n<p data-start=\"8242\" data-end=\"8280\">Undvik inandning eller direktkontakt.<\/p>\n<\/li>\n<li data-start=\"8281\" data-end=\"8343\">\n<p data-start=\"8283\" data-end=\"8343\">Butik i <strong data-start=\"8293\" data-end=\"8319\">luftt\u00e4ta beh\u00e5llare<\/strong> i rumstemperatur.<\/p>\n<\/li>\n<\/ul>\n<p data-start=\"8345\" data-end=\"8501\"><strong data-start=\"8345\" data-end=\"8367\">R\u00e4ttslig status:<\/strong><br data-start=\"8367\" data-end=\"8370\" \/>5-MAPB omfattas i de flesta l\u00e4nder av <strong data-start=\"8411\" data-end=\"8423\">Opiumlagen<\/strong> eller <strong data-start=\"8427\" data-end=\"8448\">analog lagstiftning<\/strong>. Anv\u00e4ndning eller innehav utan licens \u00e4r <strong data-start=\"8488\" data-end=\"8500\">olaglig<\/strong>.<\/p>\n<hr data-start=\"8503\" data-end=\"8506\" \/>\n<h2 data-start=\"8508\" data-end=\"8542\"><strong data-start=\"8511\" data-end=\"8542\">Vanliga fr\u00e5gor och svar (FAQ)<\/strong><\/h2>\n<h3 data-start=\"8544\" data-end=\"8588\"><strong data-start=\"8548\" data-end=\"8588\">1. Vad unders\u00f6ks 5-MAPB f\u00f6r?<\/strong><\/h3>\n<p data-start=\"8589\" data-end=\"8701\">5-MAPB h\u00e5ller p\u00e5 att unders\u00f6kas f\u00f6r <strong data-start=\"8618\" data-end=\"8659\">neurokemisk och r\u00e4ttsmedicinsk forskning<\/strong> till serotonerga och dopaminerga system.<\/p>\n<h3 data-start=\"8703\" data-end=\"8731\"><strong data-start=\"8707\" data-end=\"8731\">2. \u00c4r 5-MAPB lagligt?<\/strong><\/h3>\n<p data-start=\"8732\" data-end=\"8814\">I de flesta l\u00e4nder \u00e4r 5-MAPB <strong data-start=\"8762\" data-end=\"8789\">reglerad eller f\u00f6rbjuden<\/strong> som en kontrollerad substans.<\/p>\n<h3 data-start=\"8816\" data-end=\"8867\"><strong data-start=\"8820\" data-end=\"8867\">3. Hur ska 5-MAPB behandlas p\u00e5 ett s\u00e4kert s\u00e4tt?<\/strong><\/h3>\n<p data-start=\"8868\" data-end=\"8977\">Endast <strong data-start=\"8875\" data-end=\"8915\">kvalificerad laboratoriepersonal<\/strong> kan hantera 5-MAPB under <strong data-start=\"8942\" data-end=\"8976\">Str\u00e4nga s\u00e4kerhets\u00e5tg\u00e4rder<\/strong>.<\/p>\n<\/li>\n<\/ul>","protected":false},"excerpt":{"rendered":"<h3><span dir=\"auto\" style=\"vertical-align: inherit;\"><span dir=\"auto\" style=\"vertical-align: inherit;\">5-MAPB properties<\/span><\/span><\/h3>\n<p><strong><span dir=\"auto\" style=\"vertical-align: inherit;\"><span dir=\"auto\" style=\"vertical-align: inherit;\">Synonym:<\/span><\/span><\/strong><span dir=\"auto\" style=\"vertical-align: inherit;\"><span dir=\"auto\" style=\"vertical-align: inherit;\"> 1-(bensofuran-5-yl)-N-metylpropan-2-amin <\/span><\/span><br \/>\n<strong><span dir=\"auto\" style=\"vertical-align: inherit;\"><span dir=\"auto\" style=\"vertical-align: inherit;\">CAS Number:<\/span><\/span><\/strong><span dir=\"auto\" style=\"vertical-align: inherit;\"><span dir=\"auto\" style=\"vertical-align: inherit;\"> 1354631-77-8 <\/span><\/span><br \/>\n<strong><span dir=\"auto\" style=\"vertical-align: inherit;\"><span dir=\"auto\" style=\"vertical-align: inherit;\">Formula:<\/span><\/span><\/strong><span dir=\"auto\" style=\"vertical-align: inherit;\"><span dir=\"auto\" style=\"vertical-align: inherit;\"> C12H15NO fumarate <\/span><\/span><br \/>\n<strong><span dir=\"auto\" style=\"vertical-align: inherit;\"><span dir=\"auto\" style=\"vertical-align: inherit;\">Molar mass:<\/span><\/span><\/strong><span dir=\"auto\" style=\"vertical-align: inherit;\"><span dir=\"auto\" style=\"vertical-align: inherit;\"> 189.25 g\/mol <\/span><\/span><br \/>\n<strong><span dir=\"auto\" style=\"vertical-align: inherit;\"><span dir=\"auto\" style=\"vertical-align: inherit;\">Purity:<\/span><\/span><\/strong><span dir=\"auto\" style=\"vertical-align: inherit;\"><span dir=\"auto\" style=\"vertical-align: inherit;\"> &gt;98%<\/span><\/span><\/p>","protected":false},"featured_media":16915,"comment_status":"closed","ping_status":"closed","template":"","meta":[],"product_brand":[],"product_cat":[136,25,17],"product_tag":[137,138,139,140,22],"class_list":{"0":"post-79","1":"product","2":"type-product","3":"status-publish","4":"has-post-thumbnail","6":"product_cat-5-mapb","7":"product_cat-benzofuran","8":"product_cat-bijna-verboden","9":"product_tag-5-mapb","10":"product_tag-5-mapb-ervaring","11":"product_tag-5-mapb-kopen","12":"product_tag-5mabp","13":"product_tag-nl","15":"first","16":"instock","17":"shipping-taxable","18":"purchasable","19":"product-type-variable"},"_links":{"self":[{"href":"https:\/\/researchchemicalshop.eu\/sv\/wp-json\/wp\/v2\/product\/79","targetHints":{"allow":["GET"]}}],"collection":[{"href":"https:\/\/researchchemicalshop.eu\/sv\/wp-json\/wp\/v2\/product"}],"about":[{"href":"https:\/\/researchchemicalshop.eu\/sv\/wp-json\/wp\/v2\/types\/product"}],"replies":[{"embeddable":true,"href":"https:\/\/researchchemicalshop.eu\/sv\/wp-json\/wp\/v2\/comments?post=79"}],"version-history":[{"count":1,"href":"https:\/\/researchchemicalshop.eu\/sv\/wp-json\/wp\/v2\/product\/79\/revisions"}],"predecessor-version":[{"id":16734,"href":"https:\/\/researchchemicalshop.eu\/sv\/wp-json\/wp\/v2\/product\/79\/revisions\/16734"}],"wp:featuredmedia":[{"embeddable":true,"href":"https:\/\/researchchemicalshop.eu\/sv\/wp-json\/wp\/v2\/media\/16915"}],"wp:attachment":[{"href":"https:\/\/researchchemicalshop.eu\/sv\/wp-json\/wp\/v2\/media?parent=79"}],"wp:term":[{"taxonomy":"product_brand","embeddable":true,"href":"https:\/\/researchchemicalshop.eu\/sv\/wp-json\/wp\/v2\/product_brand?post=79"},{"taxonomy":"product_cat","embeddable":true,"href":"https:\/\/researchchemicalshop.eu\/sv\/wp-json\/wp\/v2\/product_cat?post=79"},{"taxonomy":"product_tag","embeddable":true,"href":"https:\/\/researchchemicalshop.eu\/sv\/wp-json\/wp\/v2\/product_tag?post=79"}],"curies":[{"name":"wp","href":"https:\/\/api.w.org\/{rel}","templated":true}]}}