{"id":730,"date":"2026-02-09T11:54:58","date_gmt":"2026-02-09T11:54:58","guid":{"rendered":"https:\/\/researchchemicalshop.eu\/?post_type=product&#038;p=730"},"modified":"2026-03-05T18:32:09","modified_gmt":"2026-03-05T18:32:09","slug":"1cp-lsd-10-mcg-pellets-microdose","status":"publish","type":"product","link":"https:\/\/researchchemicalshop.eu\/sv\/produkt\/1cp-lsd-10-mcg-pellets-microdose\/","title":{"rendered":"1cP LSD 10 MCG Pellets - Mikrodos"},"content":{"rendered":"<h3 data-start=\"6127\" data-end=\"6146\"><strong data-start=\"6131\" data-end=\"6146\">Inledning<\/strong><\/h3>\n<p data-start=\"6148\" data-end=\"6467\"><strong data-start=\"6148\" data-end=\"6172\">1cP-LSD 10\u00b5g Pellets<\/strong> (1-cyclopropionyl-lysergic acid diethylamide) zijn <strong data-start=\"6224\" data-end=\"6271\">onderzoeksstoffen van analytische kwaliteit<\/strong>, speciaal ontwikkeld voor <strong data-start=\"6298\" data-end=\"6352\">wetenschappelijk, chemisch en forensisch onderzoek<\/strong>. 1cP-LSD 10\u00b5g Pellets<br data-start=\"6353\" data-end=\"6356\" \/>Deze verbinding behoort tot de <strong data-start=\"6387\" data-end=\"6409\">lysergamidefamilie<\/strong> en is structureel verwant aan <strong data-start=\"6440\" data-end=\"6450\">1P-LSD<\/strong> och <strong data-start=\"6454\" data-end=\"6464\">LSD-25<\/strong>.<\/p>\n<p data-start=\"6469\" data-end=\"6697\">Varje pellet inneh\u00e5ller <strong data-start=\"6487\" data-end=\"6508\">10 microgram (\u00b5g)<\/strong> 1cP-LSD met een zuiverheid van <strong data-start=\"6540\" data-end=\"6548\">\u226599%<\/strong>, geproduceerd onder <strong data-start=\"6569\" data-end=\"6610\">GLP-standarder (god laboratoriesed)<\/strong>.<br data-start=\"6611\" data-end=\"6614\" \/>Idealisk f\u00f6r <strong data-start=\"6626\" data-end=\"6694\">chromatografische, spectroscopische en receptorgerichte analyses<\/strong>.<\/p>\n<blockquote data-start=\"6699\" data-end=\"6843\">\n<p data-start=\"6701\" data-end=\"6843\">\u26a0\ufe0f <strong data-start=\"6704\" data-end=\"6715\">Obs!<\/strong> Denna produkt \u00e4r <strong data-start=\"6731\" data-end=\"6781\">uteslutande avsedd f\u00f6r laboratorietestning<\/strong> och <strong data-start=\"6785\" data-end=\"6842\">inte l\u00e4mplig f\u00f6r konsumtion av m\u00e4nniskor eller djur<\/strong>.<\/p>\n<\/blockquote>\n<hr data-start=\"6845\" data-end=\"6848\" \/>\n<h3 data-start=\"6850\" data-end=\"6881\"><strong data-start=\"6854\" data-end=\"6881\">Viktiga funktioner<\/strong><\/h3>\n<ul data-start=\"6883\" data-end=\"7316\">\n<li data-start=\"6883\" data-end=\"6949\">\n<p data-start=\"6885\" data-end=\"6949\"><strong data-start=\"6885\" data-end=\"6917\">Hoge analytische zuiverheid:<\/strong> \u226599%, getest via HPLC en NMR.<\/p>\n<\/li>\n<li data-start=\"6950\" data-end=\"7019\">\n<p data-start=\"6952\" data-end=\"7019\"><strong data-start=\"6952\" data-end=\"6975\">Microdose-precisie:<\/strong> Elke pellet bevat exact <strong data-start=\"7000\" data-end=\"7016\">10\u00b5g 1cP-LSD<\/strong>.<\/p>\n<\/li>\n<li data-start=\"7020\" data-end=\"7086\">\n<p data-start=\"7022\" data-end=\"7086\"><strong data-start=\"7022\" data-end=\"7043\">Kemiskt stabil:<\/strong> Motst\u00e5ndskraftig mot nedbrytning vid korrekt f\u00f6rvaring.<\/p>\n<\/li>\n<li data-start=\"7087\" data-end=\"7158\">\n<p data-start=\"7089\" data-end=\"7158\"><strong data-start=\"7089\" data-end=\"7107\">GLP-produktion:<\/strong> Geproduceerd volgens strikte laboratoriumnormen.<\/p>\n<\/li>\n<li data-start=\"7159\" data-end=\"7236\">\n<p data-start=\"7161\" data-end=\"7236\"><strong data-start=\"7161\" data-end=\"7178\">Batch-testad:<\/strong> Elke batch gecontroleerd op identiteit en consistentie.<\/p>\n<\/li>\n<li data-start=\"7237\" data-end=\"7316\">\n<p data-start=\"7239\" data-end=\"7316\"><strong data-start=\"7239\" data-end=\"7262\">S\u00e4ker f\u00f6rpackning:<\/strong> Luchtdicht en verzegeld voor optimale houdbaarheid.<\/p>\n<\/li>\n<\/ul>\n<hr data-start=\"7318\" data-end=\"7321\" \/>\n<h3 data-start=\"7323\" data-end=\"7340\"><strong data-start=\"7327\" data-end=\"7340\">F\u00f6rdelar<\/strong><\/h3>\n<ol data-start=\"7342\" data-end=\"7772\">\n<li data-start=\"7342\" data-end=\"7454\">\n<p data-start=\"7345\" data-end=\"7454\"><strong data-start=\"7345\" data-end=\"7382\">Ideaal voor analytisch onderzoek:<\/strong> Geschikt voor <strong data-start=\"7397\" data-end=\"7451\">chromatografie, spectroscopie en receptoronderzoek<\/strong>.<\/p>\n<\/li>\n<li data-start=\"7455\" data-end=\"7544\">\n<p data-start=\"7458\" data-end=\"7544\"><strong data-start=\"7458\" data-end=\"7487\">Microdose-nauwkeurigheid:<\/strong> Precieze dosering van 10\u00b5g voor microdoseringsstudies.<\/p>\n<\/li>\n<li data-start=\"7545\" data-end=\"7625\">\n<p data-start=\"7548\" data-end=\"7625\"><strong data-start=\"7548\" data-end=\"7575\">Stabilitet p\u00e5 l\u00e5ng sikt:<\/strong> Bestand tegen licht en vocht bij juiste opslag.<\/p>\n<\/li>\n<li data-start=\"7626\" data-end=\"7705\">\n<p data-start=\"7629\" data-end=\"7705\"><strong data-start=\"7629\" data-end=\"7657\">Professionell kvalitet:<\/strong> Ontworpen voor wetenschappelijke laboratoria.<\/p>\n<\/li>\n<li data-start=\"7706\" data-end=\"7772\">\n<p data-start=\"7709\" data-end=\"7772\"><strong data-start=\"7709\" data-end=\"7736\">Betrouwbare resultaten:<\/strong> Hoge consistentie tussen batches.<\/p>\n<\/li>\n<\/ol>\n<hr data-start=\"7774\" data-end=\"7777\" \/>\n<h3 data-start=\"7779\" data-end=\"7818\"><strong data-start=\"7783\" data-end=\"7818\">Anv\u00e4ndning (endast forskning)<\/strong><\/h3>\n<ol data-start=\"7820\" data-end=\"8192\">\n<li data-start=\"7820\" data-end=\"7897\">\n<p data-start=\"7823\" data-end=\"7897\"><strong data-start=\"7823\" data-end=\"7854\">Draag beschermende kleding:<\/strong> Handschoenen, veiligheidsbril en labjas.<\/p>\n<\/li>\n<li data-start=\"7898\" data-end=\"7966\">\n<p data-start=\"7901\" data-end=\"7966\"><strong data-start=\"7901\" data-end=\"7940\">Gebruik in gecontroleerde omgeving:<\/strong> Werk schoon en steriel.<\/p>\n<\/li>\n<li data-start=\"7967\" data-end=\"8048\">\n<p data-start=\"7970\" data-end=\"8048\"><strong data-start=\"7970\" data-end=\"7997\">Noteer batchinformatie:<\/strong> Registreer batchnummer en experimentele details.<\/p>\n<\/li>\n<li data-start=\"8049\" data-end=\"8127\">\n<p data-start=\"8052\" data-end=\"8127\"><strong data-start=\"8052\" data-end=\"8089\">Gebruik gekalibreerde apparatuur:<\/strong> Voor nauwkeurige microgram-analyse.<\/p>\n<\/li>\n<li data-start=\"8128\" data-end=\"8192\">\n<p data-start=\"8131\" data-end=\"8192\"><strong data-start=\"8131\" data-end=\"8158\">Verwijder afval veilig:<\/strong> Volg de veiligheidsrichtlijnen.<\/p>\n<\/li>\n<\/ol>\n<blockquote data-start=\"8194\" data-end=\"8279\">\n<p data-start=\"8196\" data-end=\"8279\">\u2697\ufe0f <strong data-start=\"8199\" data-end=\"8279\">Alleen bedoeld voor laboratoriumonderzoek \u2013 niet voor menselijke consumptie.<\/strong><\/p>\n<\/blockquote>\n<hr data-start=\"8281\" data-end=\"8284\" \/>\n<h3 data-start=\"8286\" data-end=\"8311\"><strong data-start=\"8290\" data-end=\"8311\">Instruktioner f\u00f6r f\u00f6rvaring<\/strong><\/h3>\n<ul data-start=\"8313\" data-end=\"8498\">\n<li data-start=\"8313\" data-end=\"8355\">\n<p data-start=\"8315\" data-end=\"8355\">Spara p\u00e5 <strong data-start=\"8326\" data-end=\"8335\">2-8\u00b0C<\/strong>, torrt och m\u00f6rkt.<\/p>\n<\/li>\n<li data-start=\"8356\" data-end=\"8392\">\n<p data-start=\"8358\" data-end=\"8392\">Houd verpakking goed afgesloten.<\/p>\n<\/li>\n<li data-start=\"8393\" data-end=\"8438\">\n<p data-start=\"8395\" data-end=\"8438\">Skydda mot <strong data-start=\"8410\" data-end=\"8435\">ljus, fukt och v\u00e4rme<\/strong>.<\/p>\n<\/li>\n<li data-start=\"8439\" data-end=\"8498\">\n<p data-start=\"8441\" data-end=\"8498\">Alleen toegankelijk voor bevoegd laboratoriumpersoneel.<\/p>\n<\/li>\n<\/ul>\n<hr data-start=\"8500\" data-end=\"8503\" \/>\n<h3 data-start=\"8505\" data-end=\"8540\"><strong data-start=\"8509\" data-end=\"8540\">Vanliga fr\u00e5gor och svar (FAQ)<\/strong><\/h3>\n<p data-start=\"8542\" data-end=\"8708\"><strong data-start=\"8542\" data-end=\"8586\">1. Waarvoor wordt 1cP-LSD 10\u00b5g gebruikt?<\/strong><br data-start=\"8586\" data-end=\"8589\" \/>F\u00f6r <strong data-start=\"8594\" data-end=\"8638\">vetenskaplig och analytisk forskning<\/strong>, gericht op <strong data-start=\"8651\" data-end=\"8676\">lysergamide-derivaten<\/strong> och <strong data-start=\"8680\" data-end=\"8705\">microdoseringsanalyse<\/strong>.<\/p>\n<p data-start=\"8710\" data-end=\"8905\"><strong data-start=\"8710\" data-end=\"8753\">2. Is 1cP-LSD geschikt voor consumptie?<\/strong><br data-start=\"8753\" data-end=\"8756\" \/>Nej, det g\u00f6r jag inte. <strong data-start=\"8761\" data-end=\"8785\">1cP-LSD 10\u00b5g Pellets<\/strong> dess <strong data-start=\"8791\" data-end=\"8841\">uteslutande avsedd f\u00f6r laboratorietestning<\/strong> och <strong data-start=\"8845\" data-end=\"8902\">inte l\u00e4mplig f\u00f6r konsumtion av m\u00e4nniskor eller djur<\/strong>.<\/p>\n<p data-start=\"8907\" data-end=\"9043\"><strong data-start=\"8907\" data-end=\"8946\">3. Hoe bewaar ik 1cP-LSD het beste?<\/strong><br data-start=\"8946\" data-end=\"8949\" \/>Bewaar op een <strong data-start=\"8963\" data-end=\"9005\">koele, droge en donkere plaats (2\u20138\u00b0C)<\/strong>, in een <strong data-start=\"9014\" data-end=\"9040\">luchtdichte verpakking<\/strong>.<\/p>\n<hr data-start=\"9045\" data-end=\"9048\" \/>\n<h3 data-start=\"9050\" data-end=\"9067\"><strong data-start=\"9054\" data-end=\"9067\">Slutsats<\/strong><\/h3>\n<p data-start=\"9069\" data-end=\"9360\"><strong data-start=\"9069\" data-end=\"9105\">1cP-LSD 10\u00b5g Pellets (Microdose)<\/strong> dess <strong data-start=\"9111\" data-end=\"9152\">hoogwaardige analytische verbindingen<\/strong>, idealisk f\u00f6r <strong data-start=\"9166\" data-end=\"9202\">forensisch en chemisch onderzoek<\/strong>.<br data-start=\"9203\" data-end=\"9206\" \/>Hun <strong data-start=\"9210\" data-end=\"9249\">microdose-precisie, hoge zuiverheid<\/strong> och <strong data-start=\"9253\" data-end=\"9270\">GLP-productie<\/strong> maken ze een betrouwbare keuze voor laboratoria die <strong data-start=\"9323\" data-end=\"9347\">lysergamide-analyses<\/strong> uitvoeren.<\/p>","protected":false},"excerpt":{"rendered":"<h3><span data-sheets-value=\"{\"><span dir=\"auto\" style=\"vertical-align: inherit;\"><span dir=\"auto\" style=\"vertical-align: inherit;\">1cP-LSD pellets<\/span><\/span><\/span><span dir=\"auto\" style=\"vertical-align: inherit;\"><span dir=\"auto\" style=\"vertical-align: inherit;\"> Properties<\/span><\/span><\/h3>\n<p><strong><span dir=\"auto\" style=\"vertical-align: inherit;\"><span dir=\"auto\" style=\"vertical-align: inherit;\">Synonym:<\/span><\/span><\/strong><span dir=\"auto\" style=\"vertical-align: inherit;\"><span dir=\"auto\" style=\"vertical-align: inherit;\"> 1-cyclopropanecarbonyl-lysergic acid diethylamide hemi-L-tartrate <\/span><\/span><br \/>\n<strong><span dir=\"auto\" style=\"vertical-align: inherit;\"><span dir=\"auto\" style=\"vertical-align: inherit;\">CAS Number:<\/span><\/span><\/strong><span dir=\"auto\" style=\"vertical-align: inherit;\"><span dir=\"auto\" style=\"vertical-align: inherit;\"> N\/A <\/span><\/span><br \/>\n<strong><span dir=\"auto\" style=\"vertical-align: inherit;\"><span dir=\"auto\" style=\"vertical-align: inherit;\">Formula:<\/span><\/span><\/strong><span dir=\"auto\" style=\"vertical-align: inherit;\"><span dir=\"auto\" style=\"vertical-align: inherit;\"> (8\u03b2)-1-cyclopropionyl-N,N-diethyl-6-methyl-9,10-didehydroergoline-8-carboxamide hemi-L-tartrate <\/span><\/span><br \/>\n<strong><span dir=\"auto\" style=\"vertical-align: inherit;\"><span dir=\"auto\" style=\"vertical-align: inherit;\">Mole mass:<\/span><\/span><\/strong><span dir=\"auto\" style=\"vertical-align: inherit;\"><span dir=\"auto\" style=\"vertical-align: inherit;\"> 466.4 g\/mol <\/span><\/span><br \/>\n<strong><span dir=\"auto\" style=\"vertical-align: inherit;\"><span dir=\"auto\" style=\"vertical-align: inherit;\">Purity:<\/span><\/span><\/strong><span dir=\"auto\" style=\"vertical-align: inherit;\"><span dir=\"auto\" style=\"vertical-align: inherit;\"> &gt;97%<\/span><\/span><\/p>","protected":false},"featured_media":16806,"comment_status":"closed","ping_status":"closed","template":"","meta":[],"product_brand":[],"product_cat":[145,394,46,71],"product_tag":[248,22],"class_list":{"0":"post-730","1":"product","2":"type-product","3":"status-publish","4":"has-post-thumbnail","6":"product_cat-1cp-lsd-kopen","7":"product_cat-1cp-lsd-pellets","8":"product_cat-lysergamides","9":"product_cat-pellets","10":"product_tag-1cp-lsd","11":"product_tag-nl","13":"first","14":"instock","15":"shipping-taxable","16":"purchasable","17":"product-type-variable"},"_links":{"self":[{"href":"https:\/\/researchchemicalshop.eu\/sv\/wp-json\/wp\/v2\/product\/730","targetHints":{"allow":["GET"]}}],"collection":[{"href":"https:\/\/researchchemicalshop.eu\/sv\/wp-json\/wp\/v2\/product"}],"about":[{"href":"https:\/\/researchchemicalshop.eu\/sv\/wp-json\/wp\/v2\/types\/product"}],"replies":[{"embeddable":true,"href":"https:\/\/researchchemicalshop.eu\/sv\/wp-json\/wp\/v2\/comments?post=730"}],"version-history":[{"count":2,"href":"https:\/\/researchchemicalshop.eu\/sv\/wp-json\/wp\/v2\/product\/730\/revisions"}],"predecessor-version":[{"id":16672,"href":"https:\/\/researchchemicalshop.eu\/sv\/wp-json\/wp\/v2\/product\/730\/revisions\/16672"}],"wp:featuredmedia":[{"embeddable":true,"href":"https:\/\/researchchemicalshop.eu\/sv\/wp-json\/wp\/v2\/media\/16806"}],"wp:attachment":[{"href":"https:\/\/researchchemicalshop.eu\/sv\/wp-json\/wp\/v2\/media?parent=730"}],"wp:term":[{"taxonomy":"product_brand","embeddable":true,"href":"https:\/\/researchchemicalshop.eu\/sv\/wp-json\/wp\/v2\/product_brand?post=730"},{"taxonomy":"product_cat","embeddable":true,"href":"https:\/\/researchchemicalshop.eu\/sv\/wp-json\/wp\/v2\/product_cat?post=730"},{"taxonomy":"product_tag","embeddable":true,"href":"https:\/\/researchchemicalshop.eu\/sv\/wp-json\/wp\/v2\/product_tag?post=730"}],"curies":[{"name":"wp","href":"https:\/\/api.w.org\/{rel}","templated":true}]}}