{"id":1570,"date":"2026-02-09T11:56:55","date_gmt":"2026-02-09T11:56:55","guid":{"rendered":"https:\/\/researchchemicalshop.eu\/?post_type=product&#038;p=1570"},"modified":"2026-02-28T17:46:54","modified_gmt":"2026-02-28T17:46:54","slug":"1bz-lsd","status":"publish","type":"product","link":"https:\/\/researchchemicalshop.eu\/sv\/produkt\/1bz-lsd\/","title":{"rendered":"1Bz LSD 10mcg pellets - mikrodos"},"content":{"rendered":"<h3 data-start=\"4105\" data-end=\"4124\"><strong data-start=\"4109\" data-end=\"4124\">Inledning<\/strong><\/h3>\n<p data-start=\"4125\" data-end=\"4403\">Onze <strong data-start=\"4130\" data-end=\"4158\">10 mcg onderzoekspellets<\/strong> zijn ontwikkeld voor <strong data-start=\"4180\" data-end=\"4256\">wetenschappelijk, forensisch en analytisch onderzoek op microdose-niveau<\/strong>.<br data-start=\"4257\" data-end=\"4260\" \/>Elke pellet wordt geproduceerd onder <strong data-start=\"4297\" data-end=\"4335\">strikte laboratoriumomstandigheden<\/strong> om <strong data-start=\"4339\" data-end=\"4386\">nauwkeurigheid, stabiliteit en consistentie<\/strong> te garanderen. 1Bz-LSD<\/p>\n<p data-start=\"4405\" data-end=\"4585\">De microdosering van <strong data-start=\"4426\" data-end=\"4453\">10 microgram per pellet<\/strong> maakt ze ideaal voor toepassingen waar <strong data-start=\"4493\" data-end=\"4526\">hoge precisie en gevoeligheid<\/strong> vereist zijn, zoals kalibratie of vergelijkende analyse.<\/p>\n<blockquote data-start=\"4587\" data-end=\"4696\">\n<p data-start=\"4589\" data-end=\"4696\">\u26a0\ufe0f <strong data-start=\"4592\" data-end=\"4696\">Uitsluitend bedoeld voor laboratoriumgebruik. Niet geschikt voor menselijke of dierlijke consumptie.<\/strong><\/p>\n<\/blockquote>\n<hr data-start=\"4698\" data-end=\"4701\" \/>\n<h3 data-start=\"4703\" data-end=\"4734\"><strong data-start=\"4707\" data-end=\"4734\">Viktiga funktioner<\/strong><\/h3>\n<ul data-start=\"4735\" data-end=\"5226\">\n<li data-start=\"4735\" data-end=\"4805\">\n<p data-start=\"4737\" data-end=\"4805\"><strong data-start=\"4737\" data-end=\"4763\">Hoge Zuiverheid (\u226599%)<\/strong> \u2013 Onafhankelijk getest en geverifieerd.<\/p>\n<\/li>\n<li data-start=\"4806\" data-end=\"4889\">\n<p data-start=\"4808\" data-end=\"4889\"><strong data-start=\"4808\" data-end=\"4840\">Precieze Dosering van 10 mcg<\/strong> \u2013 Voor nauwkeurige micro-analytische metingen.<\/p>\n<\/li>\n<li data-start=\"4890\" data-end=\"4971\">\n<p data-start=\"4892\" data-end=\"4971\"><strong data-start=\"4892\" data-end=\"4928\">Stabiele Chemische Samenstelling<\/strong> \u2013 Behoudt integriteit bij juiste opslag.<\/p>\n<\/li>\n<li data-start=\"4972\" data-end=\"5048\">\n<p data-start=\"4974\" data-end=\"5048\"><strong data-start=\"4974\" data-end=\"4995\">Microdose-Formaat<\/strong> \u2013 Ontworpen voor gevoelige analytische apparatuur.<\/p>\n<\/li>\n<li data-start=\"5049\" data-end=\"5135\">\n<p data-start=\"5051\" data-end=\"5135\"><strong data-start=\"5051\" data-end=\"5076\">Laboratoriumkwaliteit<\/strong> \u2013 Geproduceerd volgens internationale veiligheidsnormen.<\/p>\n<\/li>\n<li data-start=\"5136\" data-end=\"5226\">\n<p data-start=\"5138\" data-end=\"5226\"><strong data-start=\"5138\" data-end=\"5165\">Beschermende Verpakking<\/strong> \u2013 Luchtdicht en lichtbeschermd voor maximale houdbaarheid.<\/p>\n<\/li>\n<\/ul>\n<hr data-start=\"5228\" data-end=\"5231\" \/>\n<h3 data-start=\"5233\" data-end=\"5250\"><strong data-start=\"5237\" data-end=\"5250\">F\u00f6rdelar<\/strong><\/h3>\n<ul data-start=\"5251\" data-end=\"5678\">\n<li data-start=\"5251\" data-end=\"5337\">\n<p data-start=\"5253\" data-end=\"5337\"><strong data-start=\"5253\" data-end=\"5291\">Consistente Analytische Resultaten<\/strong> \u2013 Voor reproduceerbare en betrouwbare data.<\/p>\n<\/li>\n<li data-start=\"5338\" data-end=\"5421\">\n<p data-start=\"5340\" data-end=\"5421\"><strong data-start=\"5340\" data-end=\"5362\">Microdose Precisie<\/strong> \u2013 Geschikt voor kleinschalige en gevoelige toepassingen.<\/p>\n<\/li>\n<li data-start=\"5422\" data-end=\"5490\">\n<p data-start=\"5424\" data-end=\"5490\"><strong data-start=\"5424\" data-end=\"5450\">Langdurige Stabiliteit<\/strong> \u2013 Chemisch stabiel bij juiste opslag.<\/p>\n<\/li>\n<li data-start=\"5491\" data-end=\"5583\">\n<p data-start=\"5493\" data-end=\"5583\"><strong data-start=\"5493\" data-end=\"5517\">Ethisch Geproduceerd<\/strong> \u2013 In overeenstemming met internationale veiligheidsrichtlijnen.<\/p>\n<\/li>\n<li data-start=\"5584\" data-end=\"5678\">\n<p data-start=\"5586\" data-end=\"5678\"><strong data-start=\"5586\" data-end=\"5613\">Wetenschappelijk Getest<\/strong> \u2013 Elke batch wordt gecontroleerd op zuiverheid en stabiliteit. 1Bz-LSD<\/p>\n<\/li>\n<\/ul>\n<hr data-start=\"5680\" data-end=\"5683\" \/>\n<h3 data-start=\"5685\" data-end=\"5700\"><strong data-start=\"5689\" data-end=\"5700\">Anv\u00e4ndning<\/strong><\/h3>\n<ol data-start=\"5701\" data-end=\"6112\">\n<li data-start=\"5701\" data-end=\"5802\">\n<p data-start=\"5704\" data-end=\"5802\"><strong data-start=\"5704\" data-end=\"5739\">Alleen voor Laboratoriumgebruik<\/strong> \u2013 Gebruik uitsluitend binnen erkende onderzoeksinstellingen.<\/p>\n<\/li>\n<li data-start=\"5803\" data-end=\"5870\">\n<p data-start=\"5806\" data-end=\"5870\"><strong data-start=\"5806\" data-end=\"5816\">Opslag<\/strong> \u2013 Bewaar op een <strong data-start=\"5833\" data-end=\"5867\">koele, droge en donkere plaats<\/strong>.<\/p>\n<\/li>\n<li data-start=\"5871\" data-end=\"5953\">\n<p data-start=\"5874\" data-end=\"5953\"><strong data-start=\"5874\" data-end=\"5891\">Veilig Werken<\/strong> \u2013 Gebruik handschoenen, veiligheidsbril en laboratoriumjas.<\/p>\n<\/li>\n<li data-start=\"5954\" data-end=\"6033\">\n<p data-start=\"5957\" data-end=\"6033\"><strong data-start=\"5957\" data-end=\"5969\">Metingen<\/strong> \u2013 Gebruik gekalibreerde apparatuur voor nauwkeurige analyses.<\/p>\n<\/li>\n<li data-start=\"6034\" data-end=\"6112\">\n<p data-start=\"6037\" data-end=\"6112\"><strong data-start=\"6037\" data-end=\"6053\">Waarschuwing<\/strong> \u2013 Niet geschikt voor menselijke of dierlijke consumptie.<\/p>\n<\/li>\n<\/ol>\n<hr data-start=\"6114\" data-end=\"6117\" \/>\n<h3 data-start=\"6119\" data-end=\"6146\"><strong data-start=\"6123\" data-end=\"6146\">Veelgestelde Vragen<\/strong><\/h3>\n<p data-start=\"6148\" data-end=\"6323\"><strong data-start=\"6148\" data-end=\"6205\">1. Waarvoor worden 10 mcg onderzoekspellets gebruikt?<\/strong><br data-start=\"6205\" data-end=\"6208\" \/>Ze worden gebruikt voor <strong data-start=\"6232\" data-end=\"6276\">analytisch en wetenschappelijk onderzoek<\/strong>, zoals kalibratie en chemische vergelijking.<\/p>\n<p data-start=\"6325\" data-end=\"6487\"><strong data-start=\"6325\" data-end=\"6392\">2. Kunnen deze pellets buiten een laboratorium worden gebruikt?<\/strong><br data-start=\"6392\" data-end=\"6395\" \/>Nee. Deze producten zijn <strong data-start=\"6420\" data-end=\"6484\">uitsluitend bedoeld voor professioneel laboratoriumonderzoek<\/strong>.<\/p>\n<p data-start=\"6489\" data-end=\"6635\"><strong data-start=\"6489\" data-end=\"6533\">3. Hoe moeten de pellets worden bewaard?<\/strong><br data-start=\"6533\" data-end=\"6536\" \/>Bewaar ze in hun <strong data-start=\"6553\" data-end=\"6590\">originele, luchtdichte verpakking<\/strong> op een <strong data-start=\"6598\" data-end=\"6632\">koele, droge en donkere plaats<\/strong>.<\/p>\n<hr data-start=\"6637\" data-end=\"6640\" \/>\n<h3 data-start=\"6642\" data-end=\"6660\"><strong data-start=\"6646\" data-end=\"6660\">Disclaimer<\/strong><\/h3>\n<p data-start=\"6661\" data-end=\"6893\">Denna produkt \u00e4r <strong data-start=\"6676\" data-end=\"6725\">uitsluitend bedoeld voor onderzoeksdoeleinden<\/strong>. <strong data-start=\"6727\" data-end=\"6785\">Ej l\u00e4mplig f\u00f6r konsumtion av m\u00e4nniskor eller djur.<\/strong><br data-start=\"6785\" data-end=\"6788\" \/>Door aankoop bevestigt u dat u voldoet aan alle toepasselijke veiligheids- en wettelijke voorschriften.<\/p>\n<h3><strong><span dir=\"auto\" style=\"vertical-align: inherit;\"><span dir=\"auto\" style=\"vertical-align: inherit;\">1B-LSD 10mcg Pellets \u2013 Scientific Microdose Studies<\/span><\/span><\/strong><\/h3>\n<h4><strong><span dir=\"auto\" style=\"vertical-align: inherit;\"><span dir=\"auto\" style=\"vertical-align: inherit;\">About 1B-LSD<\/span><\/span><\/strong><\/h4>\n<p class=\"ds-markdown-paragraph\"><span dir=\"auto\" style=\"vertical-align: inherit;\"><span dir=\"auto\" style=\"vertical-align: inherit;\">Apb 6, 1B-LSD (1-Butanoyl-lysergic acid diethylamide) is a <\/span><\/span><strong><span dir=\"auto\" style=\"vertical-align: inherit;\"><span dir=\"auto\" style=\"vertical-align: inherit;\">research chemical<\/span><\/span><\/strong><span dir=\"auto\" style=\"vertical-align: inherit;\"><span dir=\"auto\" style=\"vertical-align: inherit;\"> \u00a0structurally related to LSD. These\u00a0 <\/span><\/span><strong><span dir=\"auto\" style=\"vertical-align: inherit;\"><span dir=\"auto\" style=\"vertical-align: inherit;\">ultra-low-dose pellets (10mcg)<\/span><\/span><\/strong><span dir=\"auto\" style=\"vertical-align: inherit;\"><span dir=\"auto\" style=\"vertical-align: inherit;\"> \u00a0were specifically developed for\u00a0 <\/span><\/span><strong><span dir=\"auto\" style=\"vertical-align: inherit;\"><span dir=\"auto\" style=\"vertical-align: inherit;\">microdose research<\/span><\/span><\/strong><span dir=\"auto\" style=\"vertical-align: inherit;\"><span dir=\"auto\" style=\"vertical-align: inherit;\"> \u00a0into subtle neurocognitive and neuroplastic effects.<\/span><\/span><\/p>\n<hr \/>\n<h3><strong><span dir=\"auto\" style=\"vertical-align: inherit;\"><span dir=\"auto\" style=\"vertical-align: inherit;\">Product features:<\/span><\/span><\/strong><\/h3>\n<p class=\"ds-markdown-paragraph\">\u2705\u00a0<strong><span dir=\"auto\" style=\"vertical-align: inherit;\"><span dir=\"auto\" style=\"vertical-align: inherit;\">Ultra-precise microdosing<\/span><\/span><\/strong><span dir=\"auto\" style=\"vertical-align: inherit;\"><span dir=\"auto\" style=\"vertical-align: inherit;\"> \u00a0\u2013 Exactly\u00a0 <\/span><\/span><strong><span dir=\"auto\" style=\"vertical-align: inherit;\"><span dir=\"auto\" style=\"vertical-align: inherit;\">10 micrograms (0.01mg) per pellet <\/span><\/span><\/strong><br \/>\n\u2705\u00a0<strong><span dir=\"auto\" style=\"vertical-align: inherit;\"><span dir=\"auto\" style=\"vertical-align: inherit;\">Analytical grade<\/span><\/span><\/strong><span dir=\"auto\" style=\"vertical-align: inherit;\"><span dir=\"auto\" style=\"vertical-align: inherit;\"> \u00a0\u2013 HPLC purified for precise studies <\/span><\/span><br \/>\n\u2705\u00a0<strong><span dir=\"auto\" style=\"vertical-align: inherit;\"><span dir=\"auto\" style=\"vertical-align: inherit;\">Consistent bioavailability<\/span><\/span><\/strong><span dir=\"auto\" style=\"vertical-align: inherit;\"><span dir=\"auto\" style=\"vertical-align: inherit;\"> \u00a0\u2013 Optimal formulation for scientific studies <\/span><\/span><br \/>\n\u2705\u00a0<strong><span dir=\"auto\" style=\"vertical-align: inherit;\"><span dir=\"auto\" style=\"vertical-align: inherit;\">Suitable for long-term research<\/span><\/span><\/strong><span dir=\"auto\" style=\"vertical-align: inherit;\"><span dir=\"auto\" style=\"vertical-align: inherit;\"> \u00a0\u2013 Low dose for repeated administration<\/span><\/span><\/p>\n<hr \/>\n<h3><strong><span dir=\"auto\" style=\"vertical-align: inherit;\"><span dir=\"auto\" style=\"vertical-align: inherit;\">Research opportunities:<\/span><\/span><\/strong><\/h3>\n<ul>\n<li>\n<p class=\"ds-markdown-paragraph\"><strong><span dir=\"auto\" style=\"vertical-align: inherit;\"><span dir=\"auto\" style=\"vertical-align: inherit;\">Neuroplasticity<\/span><\/span><\/strong><span dir=\"auto\" style=\"vertical-align: inherit;\"><span dir=\"auto\" style=\"vertical-align: inherit;\"> \u2013 Study of BDNF expression and synaptic plasticity, apb 6<\/span><\/span><\/p>\n<\/li>\n<li>\n<p class=\"ds-markdown-paragraph\"><strong><span dir=\"auto\" style=\"vertical-align: inherit;\"><span dir=\"auto\" style=\"vertical-align: inherit;\">Cognitive functions<\/span><\/span><\/strong><span dir=\"auto\" style=\"vertical-align: inherit;\"><span dir=\"auto\" style=\"vertical-align: inherit;\"> \u00a0\u2013 Effects on working memory and creative thinking<\/span><\/span><\/p>\n<\/li>\n<li>\n<p class=\"ds-markdown-paragraph\"><strong><span dir=\"auto\" style=\"vertical-align: inherit;\"><span dir=\"auto\" style=\"vertical-align: inherit;\">Mood modulation<\/span><\/span><\/strong><span dir=\"auto\" style=\"vertical-align: inherit;\"><span dir=\"auto\" style=\"vertical-align: inherit;\"> \u00a0\u2013 Research into subtle mood changes<\/span><\/span><\/p>\n<\/li>\n<li>\n<p class=\"ds-markdown-paragraph\"><strong><span dir=\"auto\" style=\"vertical-align: inherit;\"><span dir=\"auto\" style=\"vertical-align: inherit;\">Comparative pharmacology<\/span><\/span><\/strong><span dir=\"auto\" style=\"vertical-align: inherit;\"><span dir=\"auto\" style=\"vertical-align: inherit;\"> \u00a0\u2013 Evaluation against other lysergamides<\/span><\/span><\/p>\n<\/li>\n<\/ul>\n<hr \/>\n<h3><strong><span dir=\"auto\" style=\"vertical-align: inherit;\"><span dir=\"auto\" style=\"vertical-align: inherit;\">Research Protocol &amp; Dosage:<\/span><\/span><\/strong><\/h3>\n<p class=\"ds-markdown-paragraph\">\ud83d\udd2c\u00a0<strong><span dir=\"auto\" style=\"vertical-align: inherit;\"><span dir=\"auto\" style=\"vertical-align: inherit;\">Recommended research parameters:<\/span><\/span><\/strong><\/p>\n<ul>\n<li>\n<p class=\"ds-markdown-paragraph\"><strong><span dir=\"auto\" style=\"vertical-align: inherit;\"><span dir=\"auto\" style=\"vertical-align: inherit;\">Frequency<\/span><\/span><\/strong><span dir=\"auto\" style=\"vertical-align: inherit;\"><span dir=\"auto\" style=\"vertical-align: inherit;\"> : 1x every 3-4 days for accumulation studies<\/span><\/span><\/p>\n<\/li>\n<li>\n<p class=\"ds-markdown-paragraph\"><strong><span dir=\"auto\" style=\"vertical-align: inherit;\"><span dir=\"auto\" style=\"vertical-align: inherit;\">Duration<\/span><\/span><\/strong><span dir=\"auto\" style=\"vertical-align: inherit;\"><span dir=\"auto\" style=\"vertical-align: inherit;\"> : Maximum 6-8 weeks per research cycle<\/span><\/span><\/p>\n<\/li>\n<li>\n<p class=\"ds-markdown-paragraph\"><strong><span dir=\"auto\" style=\"vertical-align: inherit;\"><span dir=\"auto\" style=\"vertical-align: inherit;\">Control group<\/span><\/span><\/strong><span dir=\"auto\" style=\"vertical-align: inherit;\"><span dir=\"auto\" style=\"vertical-align: inherit;\"> : Placebo-controlled setup essential<\/span><\/span><\/p>\n<\/li>\n<\/ul>\n<p class=\"ds-markdown-paragraph\">\u26a0\u00a0<strong><span dir=\"auto\" style=\"vertical-align: inherit;\"><span dir=\"auto\" style=\"vertical-align: inherit;\">Critical safety measures:<\/span><\/span><\/strong><\/p>\n<ul>\n<li>\n<p class=\"ds-markdown-paragraph\"><strong><span dir=\"auto\" style=\"vertical-align: inherit;\"><span dir=\"auto\" style=\"vertical-align: inherit;\">Strictly for in vitro\/in vivo animal studies<\/span><\/span><\/strong><span dir=\"auto\" style=\"vertical-align: inherit;\"><span dir=\"auto\" style=\"vertical-align: inherit;\"> \u00a0(no human trials)<\/span><\/span><\/p>\n<\/li>\n<li>\n<p class=\"ds-markdown-paragraph\"><strong><span dir=\"auto\" style=\"vertical-align: inherit;\"><span dir=\"auto\" style=\"vertical-align: inherit;\">Avoid combination<\/span><\/span><\/strong><span dir=\"auto\" style=\"vertical-align: inherit;\"><span dir=\"auto\" style=\"vertical-align: inherit;\"> \u00a0with MAO inhibitors or serotonergic agents<\/span><\/span><\/p>\n<\/li>\n<li>\n<p class=\"ds-markdown-paragraph\"><strong><span dir=\"auto\" style=\"vertical-align: inherit;\"><span dir=\"auto\" style=\"vertical-align: inherit;\">Psychiatric monitoring<\/span><\/span><\/strong><span dir=\"auto\" style=\"vertical-align: inherit;\"><span dir=\"auto\" style=\"vertical-align: inherit;\"> \u00a0in animal models<\/span><\/span><\/p>\n<\/li>\n<\/ul>\n<hr \/>\n<h3><strong><span dir=\"auto\" style=\"vertical-align: inherit;\"><span dir=\"auto\" style=\"vertical-align: inherit;\">Legal Status (2024):<\/span><\/span><\/strong><\/h3>\n<ul>\n<li>\n<p class=\"ds-markdown-paragraph\"><strong><span dir=\"auto\" style=\"vertical-align: inherit;\"><span dir=\"auto\" style=\"vertical-align: inherit;\">Unregulated<\/span><\/span><\/strong><span dir=\"auto\" style=\"vertical-align: inherit;\"><span dir=\"auto\" style=\"vertical-align: inherit;\"> \u00a0as a research chemical in some jurisdictions<\/span><\/span><\/p>\n<\/li>\n<li>\n<p class=\"ds-markdown-paragraph\"><strong><span dir=\"auto\" style=\"vertical-align: inherit;\"><span dir=\"auto\" style=\"vertical-align: inherit;\">Banned<\/span><\/span><\/strong><span dir=\"auto\" style=\"vertical-align: inherit;\"><span dir=\"auto\" style=\"vertical-align: inherit;\"> \u00a0for human use worldwide<\/span><\/span><\/p>\n<\/li>\n<li>\n<p class=\"ds-markdown-paragraph\"><strong><span dir=\"auto\" style=\"vertical-align: inherit;\"><span dir=\"auto\" style=\"vertical-align: inherit;\">Only for accredited research institutions<\/span><\/span><\/strong><\/p>\n<\/li>\n<\/ul>\n<hr \/>\n<h3><strong><span dir=\"auto\" style=\"vertical-align: inherit;\"><span dir=\"auto\" style=\"vertical-align: inherit;\">Why These Microdose Pellets?<\/span><\/span><\/strong><\/h3>\n<p class=\"ds-markdown-paragraph\">\ud83d\udd2c\u00a0<strong><span dir=\"auto\" style=\"vertical-align: inherit;\"><span dir=\"auto\" style=\"vertical-align: inherit;\">Unique research tool<\/span><\/span><\/strong><span dir=\"auto\" style=\"vertical-align: inherit;\"><span dir=\"auto\" style=\"vertical-align: inherit;\"> \u00a0\u2013 First standardized 1B-LSD microdose <\/span><\/span><br \/>\n\ud83d\udce6\u00a0<strong><span dir=\"auto\" style=\"vertical-align: inherit;\"><span dir=\"auto\" style=\"vertical-align: inherit;\">Specialty packaging<\/span><\/span><\/strong><span dir=\"auto\" style=\"vertical-align: inherit;\"><span dir=\"auto\" style=\"vertical-align: inherit;\"> \u00a0\u2013 Individually segregated blister packaging <\/span><\/span><br \/>\n\ud83d\udcca\u00a0<strong><span dir=\"auto\" style=\"vertical-align: inherit;\"><span dir=\"auto\" style=\"vertical-align: inherit;\">Research kit<\/span><\/span><\/strong><span dir=\"auto\" style=\"vertical-align: inherit;\"><span dir=\"auto\" style=\"vertical-align: inherit;\"> \u00a0\u2013 Incl. placebo control pellets upon request<\/span><\/span><\/p>\n<hr \/>\n<h3><strong><span dir=\"auto\" style=\"vertical-align: inherit;\"><span dir=\"auto\" style=\"vertical-align: inherit;\">Storage &amp; Stability:<\/span><\/span><\/strong><\/h3>\n<ul>\n<li>\n<p class=\"ds-markdown-paragraph\"><strong><span dir=\"auto\" style=\"vertical-align: inherit;\"><span dir=\"auto\" style=\"vertical-align: inherit;\">Storage conditions<\/span><\/span><\/strong><span dir=\"auto\" style=\"vertical-align: inherit;\"><span dir=\"auto\" style=\"vertical-align: inherit;\"> : 2-8\u00b0C (refrigerator) in dark packaging<\/span><\/span><\/p>\n<\/li>\n<li>\n<p class=\"ds-markdown-paragraph\"><strong><span dir=\"auto\" style=\"vertical-align: inherit;\"><span dir=\"auto\" style=\"vertical-align: inherit;\">Shelf life<\/span><\/span><\/strong><span dir=\"auto\" style=\"vertical-align: inherit;\"><span dir=\"auto\" style=\"vertical-align: inherit;\"> : 24 months when stored correctly<\/span><\/span><\/p>\n<\/li>\n<li>\n<p class=\"ds-markdown-paragraph\"><strong><span dir=\"auto\" style=\"vertical-align: inherit;\"><span dir=\"auto\" style=\"vertical-align: inherit;\">Handling<\/span><\/span><\/strong><span dir=\"auto\" style=\"vertical-align: inherit;\"><span dir=\"auto\" style=\"vertical-align: inherit;\"> : Use gloves when handling<\/span><\/span><\/p>\n<\/li>\n<\/ul>\n<hr \/>\n<h3><strong><span dir=\"auto\" style=\"vertical-align: inherit;\"><span dir=\"auto\" style=\"vertical-align: inherit;\">Important Research Limitations:<\/span><\/span><\/strong><\/h3>\n<ul>\n<li>\n<p class=\"ds-markdown-paragraph\"><strong><span dir=\"auto\" style=\"vertical-align: inherit;\"><span dir=\"auto\" style=\"vertical-align: inherit;\">No cross-tolerance studies<\/span><\/span><\/strong><span dir=\"auto\" style=\"vertical-align: inherit;\"><span dir=\"auto\" style=\"vertical-align: inherit;\"> \u00a0with classical psychedelics<\/span><\/span><\/p>\n<\/li>\n<li>\n<p class=\"ds-markdown-paragraph\"><strong><span dir=\"auto\" style=\"vertical-align: inherit;\"><span dir=\"auto\" style=\"vertical-align: inherit;\">Maximum research duration<\/span><\/span><\/strong><span dir=\"auto\" style=\"vertical-align: inherit;\"><span dir=\"auto\" style=\"vertical-align: inherit;\"> \u00a0of 2 months per experiment<\/span><\/span><\/p>\n<\/li>\n<li>\n<p class=\"ds-markdown-paragraph\"><strong><span dir=\"auto\" style=\"vertical-align: inherit;\"><span dir=\"auto\" style=\"vertical-align: inherit;\">Mandatory washout periods<\/span><\/span><\/strong><span dir=\"auto\" style=\"vertical-align: inherit;\"><span dir=\"auto\" style=\"vertical-align: inherit;\"> \u00a0between studies<\/span><\/span><\/p>\n<\/li>\n<\/ul>\n<hr \/>\n<p class=\"ds-markdown-paragraph\"><strong><span dir=\"auto\" style=\"vertical-align: inherit;\"><span dir=\"auto\" style=\"vertical-align: inherit;\">For Academic Institutions:<\/span><\/span><\/strong><br \/>\n<span dir=\"auto\" style=\"vertical-align: inherit;\"><span dir=\"auto\" style=\"vertical-align: inherit;\"> *Available in research kits of 100-500 pellets. Includes:*<\/span><\/span><\/p>\n<ul>\n<li>\n<p class=\"ds-markdown-paragraph\"><span dir=\"auto\" style=\"vertical-align: inherit;\"><span dir=\"auto\" style=\"vertical-align: inherit;\">Analytical certificate<\/span><\/span><\/p>\n<\/li>\n<li>\n<p class=\"ds-markdown-paragraph\"><span dir=\"auto\" style=\"vertical-align: inherit;\"><span dir=\"auto\" style=\"vertical-align: inherit;\">Placebo control set<\/span><\/span><\/p>\n<\/li>\n<li>\n<p class=\"ds-markdown-paragraph\"><span dir=\"auto\" style=\"vertical-align: inherit;\"><span dir=\"auto\" style=\"vertical-align: inherit;\">Standard research protocol. <\/span><\/span><a href=\"https:\/\/researchchemicalshop.eu\/sv\/butik\/iboga-ibogaine\/iboga-root-bark\/\"><span dir=\"auto\" style=\"vertical-align: inherit;\"><span dir=\"auto\" style=\"vertical-align: inherit;\">Bark av Iboga-rot<\/span><\/span><\/a><a href=\"https:\/\/researchchemicalshop.eu\/sv\/butik\/iboga-ibogaine\/buy-ibogaine-hcl-online\/\"><span dir=\"auto\" style=\"vertical-align: inherit;\"><span dir=\"auto\" style=\"vertical-align: inherit;\">\u200b buy ibogaine hcl online<\/span><\/span><\/a><a href=\"https:\/\/researchchemicalshop.eu\/sv\/butik\/lysergamider\/1cp-lsd\/\"><span dir=\"auto\" style=\"vertical-align: inherit;\"><span dir=\"auto\" style=\"vertical-align: inherit;\">\u200b 1cp lsd <\/span><\/span><\/a><a href=\"https:\/\/researchchemicalshop.eu\/sv\/butik\/pellets-for-pellet\/o-dsmt-50mg-pellets\/\"><span dir=\"auto\" style=\"vertical-align: inherit;\"><span dir=\"auto\" style=\"vertical-align: inherit;\">o-dsmt <\/span><\/span><\/a><a href=\"https:\/\/researchchemicalshop.eu\/sv\/butik\/lysergamider\/1vlsd\/\"><span dir=\"auto\" style=\"vertical-align: inherit;\"><span dir=\"auto\" style=\"vertical-align: inherit;\">1vlsd<\/span><\/span><\/a><\/p>\n<\/li>\n<\/ul>","protected":false},"excerpt":{"rendered":"<h3><span dir=\"auto\" style=\"vertical-align: inherit;\"><span dir=\"auto\" style=\"vertical-align: inherit;\">1Bz-LSD 10mcg Pellets \u2013 Microdose<\/span><\/span><\/h3>\n<p><strong><span dir=\"auto\" style=\"vertical-align: inherit;\"><span dir=\"auto\" style=\"vertical-align: inherit;\">Synonym<\/span><\/span><\/strong><span dir=\"auto\" style=\"vertical-align: inherit;\"><span dir=\"auto\" style=\"vertical-align: inherit;\"> : n\/a <\/span><\/span><br \/>\n<strong><span dir=\"auto\" style=\"vertical-align: inherit;\"><span dir=\"auto\" style=\"vertical-align: inherit;\">CAS Number<\/span><\/span><\/strong><span dir=\"auto\" style=\"vertical-align: inherit;\"><span dir=\"auto\" style=\"vertical-align: inherit;\"> : n\/a <\/span><\/span><br \/>\n<b><span dir=\"auto\" style=\"vertical-align: inherit;\"><span dir=\"auto\" style=\"vertical-align: inherit;\">IUPAC:<\/span><\/span><\/b><span dir=\"auto\" style=\"vertical-align: inherit;\"><span dir=\"auto\" style=\"vertical-align: inherit;\"> (6aR,9R)-4-benzoyl-N,N-diethyl-7-methyl-4,6,6a,7,8,9-hexahydroindolo[4,3-fg]quinoline-9-carboxamide hemitartrate <\/span><\/span><br \/>\n<strong><span dir=\"auto\" style=\"vertical-align: inherit;\"><span dir=\"auto\" style=\"vertical-align: inherit;\">Molar mass<\/span><\/span><\/strong><span dir=\"auto\" style=\"vertical-align: inherit;\"><span dir=\"auto\" style=\"vertical-align: inherit;\"> : 427.23 g\/mol <\/span><\/span><br \/>\n<strong><span dir=\"auto\" style=\"vertical-align: inherit;\"><span dir=\"auto\" style=\"vertical-align: inherit;\">Purity<\/span><\/span><\/strong><span dir=\"auto\" style=\"vertical-align: inherit;\"><span dir=\"auto\" style=\"vertical-align: inherit;\"> : &gt;99%<\/span><\/span><\/p>\n","protected":false},"featured_media":16804,"comment_status":"closed","ping_status":"closed","template":"","meta":[],"product_brand":[23],"product_cat":[722,723,46,71],"product_tag":[724,725,726,727,728,729],"class_list":{"0":"post-1570","1":"product","2":"type-product","3":"status-publish","4":"has-post-thumbnail","6":"product_brand-research-chemical","7":"product_cat-1bz-lsd","8":"product_cat-1bz-lsd-pellets","9":"product_cat-lysergamides","10":"product_cat-pellets","11":"product_tag-1-benzoyl-lsd","12":"product_tag-1bz-lsd","13":"product_tag-1bz-lsd-10mcg","14":"product_tag-1bz-lsd-microdose","15":"product_tag-1bz-lsd-pellets","16":"product_tag-microdosing-1bz-lsd","18":"first","19":"instock","20":"shipping-taxable","21":"purchasable","22":"product-type-variable"},"_links":{"self":[{"href":"https:\/\/researchchemicalshop.eu\/sv\/wp-json\/wp\/v2\/product\/1570","targetHints":{"allow":["GET"]}}],"collection":[{"href":"https:\/\/researchchemicalshop.eu\/sv\/wp-json\/wp\/v2\/product"}],"about":[{"href":"https:\/\/researchchemicalshop.eu\/sv\/wp-json\/wp\/v2\/types\/product"}],"replies":[{"embeddable":true,"href":"https:\/\/researchchemicalshop.eu\/sv\/wp-json\/wp\/v2\/comments?post=1570"}],"version-history":[{"count":1,"href":"https:\/\/researchchemicalshop.eu\/sv\/wp-json\/wp\/v2\/product\/1570\/revisions"}],"predecessor-version":[{"id":16482,"href":"https:\/\/researchchemicalshop.eu\/sv\/wp-json\/wp\/v2\/product\/1570\/revisions\/16482"}],"wp:featuredmedia":[{"embeddable":true,"href":"https:\/\/researchchemicalshop.eu\/sv\/wp-json\/wp\/v2\/media\/16804"}],"wp:attachment":[{"href":"https:\/\/researchchemicalshop.eu\/sv\/wp-json\/wp\/v2\/media?parent=1570"}],"wp:term":[{"taxonomy":"product_brand","embeddable":true,"href":"https:\/\/researchchemicalshop.eu\/sv\/wp-json\/wp\/v2\/product_brand?post=1570"},{"taxonomy":"product_cat","embeddable":true,"href":"https:\/\/researchchemicalshop.eu\/sv\/wp-json\/wp\/v2\/product_cat?post=1570"},{"taxonomy":"product_tag","embeddable":true,"href":"https:\/\/researchchemicalshop.eu\/sv\/wp-json\/wp\/v2\/product_tag?post=1570"}],"curies":[{"name":"wp","href":"https:\/\/api.w.org\/{rel}","templated":true}]}}