{"id":1309,"date":"2026-02-09T11:56:21","date_gmt":"2026-02-09T11:56:21","guid":{"rendered":"https:\/\/researchchemicalshop.eu\/?post_type=product&#038;p=1309"},"modified":"2026-02-28T18:11:51","modified_gmt":"2026-02-28T18:11:51","slug":"2-mmc","status":"publish","type":"product","link":"https:\/\/researchchemicalshop.eu\/sv\/produkt\/2-mmc\/","title":{"rendered":"2 MMC 250 mg pellets"},"content":{"rendered":"<h3 data-start=\"3942\" data-end=\"3963\"><strong data-start=\"3946\" data-end=\"3961\">Inledning<\/strong><\/h3>\n<p data-start=\"3964\" data-end=\"4354\"><strong data-start=\"3964\" data-end=\"3987\">2-MMC 250 mg pellets<\/strong> inneh\u00e5lla <strong data-start=\"3997\" data-end=\"4054\">250 milligram 2-MMC (2-metylmetkatinon) med h\u00f6g renhet<\/strong> - en <strong data-start=\"4061\" data-end=\"4096\">syntetisk katinonf\u00f6rening<\/strong> fr\u00e5n <strong data-start=\"4104\" data-end=\"4133\">Familjen \u03b2-ketoamfetamin<\/strong>. 2mmc pellets<br data-start=\"4134\" data-end=\"4137\" \/>2-MMC \u00e4r strukturellt besl\u00e4ktat med <strong data-start=\"4170\" data-end=\"4179\">3-MMC<\/strong> och <strong data-start=\"4183\" data-end=\"4204\">4-MMC (mefedron)<\/strong> och anv\u00e4nds i <strong data-start=\"4226\" data-end=\"4264\">kriminaltekniska och analytiska unders\u00f6kningar<\/strong> till <strong data-start=\"4270\" data-end=\"4312\">struktur-aktivitetssamband (SAR)<\/strong> och <strong data-start=\"4316\" data-end=\"4351\">kromatografiska egenskaper<\/strong>.<\/p>\n<p data-start=\"4356\" data-end=\"4504\">Varje pellet produceras med en <strong data-start=\"4395\" data-end=\"4419\">renhet av \u2265 98%<\/strong> och <strong data-start=\"4423\" data-end=\"4454\">f\u00f6rpackad i en blisterremsa<\/strong> f\u00f6r att s\u00e4kerst\u00e4lla stabilitet och noggrannhet.<\/p>\n<blockquote data-start=\"4506\" data-end=\"4652\">\n<p data-start=\"4508\" data-end=\"4652\">\u26a0\ufe0f <strong data-start=\"4511\" data-end=\"4522\">Obs!<\/strong> Denna produkt \u00e4r endast avsedd f\u00f6r <strong data-start=\"4563\" data-end=\"4598\">forskning och analytisk anv\u00e4ndning<\/strong> \u2014 <strong data-start=\"4601\" data-end=\"4649\">inte f\u00f6r konsumtion av m\u00e4nniskor eller djur<\/strong>.<\/p>\n<\/blockquote>\n<hr data-start=\"4654\" data-end=\"4657\" \/>\n<h3 data-start=\"4659\" data-end=\"4690\"><strong data-start=\"4663\" data-end=\"4690\">Viktiga funktioner<\/strong><\/h3>\n<div class=\"_tableContainer_1rjym_1\">\n<div class=\"group _tableWrapper_1rjym_13 flex w-fit flex-col-reverse\" tabindex=\"-1\">\n<table class=\"w-fit min-w-(--thread-content-width)\" data-start=\"4692\" data-end=\"5262\">\n<thead data-start=\"4692\" data-end=\"4718\">\n<tr data-start=\"4692\" data-end=\"4718\">\n<th data-start=\"4692\" data-end=\"4702\" data-col-size=\"sm\">Funktion<\/th>\n<th data-start=\"4702\" data-end=\"4718\" data-col-size=\"md\">Beskrivning<\/th>\n<\/tr>\n<\/thead>\n<tbody data-start=\"4747\" data-end=\"5262\">\n<tr data-start=\"4747\" data-end=\"4806\">\n<td data-start=\"4747\" data-end=\"4768\" data-col-size=\"sm\"><strong data-start=\"4749\" data-end=\"4767\">Kemiskt namn<\/strong><\/td>\n<td data-start=\"4768\" data-end=\"4806\" data-col-size=\"md\">Hydroklorid av 2-metylmetkatinon<\/td>\n<\/tr>\n<tr data-start=\"4807\" data-end=\"4841\">\n<td data-start=\"4807\" data-end=\"4832\" data-col-size=\"sm\"><strong data-start=\"4809\" data-end=\"4831\">Vanligt namn<\/strong><\/td>\n<td data-start=\"4832\" data-end=\"4841\" data-col-size=\"md\">2-MMC<\/td>\n<\/tr>\n<tr data-start=\"4842\" data-end=\"4882\">\n<td data-start=\"4842\" data-end=\"4866\" data-col-size=\"sm\"><strong data-start=\"4844\" data-end=\"4865\">Kemisk formel<\/strong><\/td>\n<td data-start=\"4866\" data-end=\"4882\" data-col-size=\"md\">C\u2081\u2081H\u2081\u2085NO-HCl<\/td>\n<\/tr>\n<tr data-start=\"4883\" data-end=\"4921\">\n<td data-start=\"4883\" data-end=\"4905\" data-col-size=\"sm\"><strong data-start=\"4885\" data-end=\"4904\">Molekylvikt<\/strong><\/td>\n<td data-col-size=\"md\" data-start=\"4905\" data-end=\"4921\">213,70 g\/mol<\/td>\n<\/tr>\n<tr data-start=\"4922\" data-end=\"4957\">\n<td data-start=\"4922\" data-end=\"4937\" data-col-size=\"sm\"><strong data-start=\"4924\" data-end=\"4936\">Dosering<\/strong><\/td>\n<td data-start=\"4937\" data-end=\"4957\" data-col-size=\"md\">250 mg per pellet<\/td>\n<\/tr>\n<tr data-start=\"4958\" data-end=\"5005\">\n<td data-start=\"4958\" data-end=\"4969\" data-col-size=\"sm\"><strong data-start=\"4960\" data-end=\"4968\">Form<\/strong><\/td>\n<td data-start=\"4969\" data-end=\"5005\" data-col-size=\"md\">Fast pellet (blisterf\u00f6rpackning)<\/td>\n<\/tr>\n<tr data-start=\"5006\" data-end=\"5057\">\n<td data-start=\"5006\" data-end=\"5023\" data-col-size=\"sm\"><strong data-start=\"5008\" data-end=\"5022\">Renhet<\/strong><\/td>\n<td data-start=\"5023\" data-end=\"5057\" data-col-size=\"md\">\u2265 98% (testat via HPLC och NMR)<\/td>\n<\/tr>\n<tr data-start=\"5058\" data-end=\"5127\">\n<td data-start=\"5058\" data-end=\"5081\" data-col-size=\"sm\"><strong data-start=\"5060\" data-end=\"5080\">Kemisk klass<\/strong><\/td>\n<td data-start=\"5081\" data-end=\"5127\" data-col-size=\"md\">Syntetisk katinon \/ \u03b2-ketoamfetamin<\/td>\n<\/tr>\n<tr data-start=\"5128\" data-end=\"5202\">\n<td data-start=\"5128\" data-end=\"5142\" data-col-size=\"sm\"><strong data-start=\"5130\" data-end=\"5141\">Anv\u00e4ndning<\/strong><\/td>\n<td data-start=\"5142\" data-end=\"5202\" data-col-size=\"md\">Endast f\u00f6r analytisk, kriminalteknisk och kemisk forskning<\/td>\n<\/tr>\n<tr data-start=\"5203\" data-end=\"5262\">\n<td data-start=\"5203\" data-end=\"5220\" data-col-size=\"sm\"><strong data-start=\"5205\" data-end=\"5219\">F\u00f6rpackning<\/strong><\/td>\n<td data-start=\"5220\" data-end=\"5262\" data-col-size=\"md\">Blisterremsa med f\u00f6rseglad f\u00f6rpackning<\/td>\n<\/tr>\n<\/tbody>\n<\/table>\n<\/div>\n<\/div>\n<hr data-start=\"5264\" data-end=\"5267\" \/>\n<h3 data-start=\"5269\" data-end=\"5286\"><strong data-start=\"5273\" data-end=\"5286\">F\u00f6rdelar<\/strong><\/h3>\n<ul data-start=\"5288\" data-end=\"5707\">\n<li data-start=\"5288\" data-end=\"5380\">\n<p data-start=\"5290\" data-end=\"5380\"><strong data-start=\"5290\" data-end=\"5309\">H\u00f6g renhet<\/strong> - \u2265 98% laboratoriekvalitet f\u00f6r tillf\u00f6rlitliga testresultat.<\/p>\n<\/li>\n<li data-start=\"5381\" data-end=\"5455\">\n<p data-start=\"5383\" data-end=\"5455\"><strong data-start=\"5383\" data-end=\"5407\">Exakt dosering<\/strong> - 250 mg per pellet f\u00f6r konsekventa m\u00e4tningar.<\/p>\n<\/li>\n<li data-start=\"5456\" data-end=\"5535\">\n<p data-start=\"5458\" data-end=\"5535\"><strong data-start=\"5458\" data-end=\"5483\">Skyddande f\u00f6rpackning<\/strong> - Blisterf\u00f6rpackningen f\u00f6rhindrar fukt och nedbrytning.<\/p>\n<\/li>\n<li data-start=\"5536\" data-end=\"5619\">\n<p data-start=\"5538\" data-end=\"5619\"><strong data-start=\"5538\" data-end=\"5568\">Bred forskningsbel\u00e4ggning<\/strong> - L\u00e4mplig f\u00f6r GC\/MS, LC-MS, FTIR, HPLC och NMR.<\/p>\n<\/li>\n<li data-start=\"5620\" data-end=\"5707\">\n<p data-start=\"5622\" data-end=\"5707\"><strong data-start=\"5622\" data-end=\"5646\">Fullst\u00e4ndigt sp\u00e5rbar<\/strong> - Producerad under kontrollerade laboratorief\u00f6rh\u00e5llanden.<\/p>\n<\/li>\n<\/ul>\n<hr data-start=\"5709\" data-end=\"5712\" \/>\n<h3 data-start=\"5714\" data-end=\"5766\"><strong data-start=\"5718\" data-end=\"5764\">Anv\u00e4ndning (endast f\u00f6r forsknings\u00e4ndam\u00e5l)<\/strong><\/h3>\n<ol data-start=\"5768\" data-end=\"6144\">\n<li data-start=\"5768\" data-end=\"5837\">\n<p data-start=\"5771\" data-end=\"5837\"><strong data-start=\"5771\" data-end=\"5786\">Hantering:<\/strong> Anv\u00e4nd handskar, skyddsglas\u00f6gon och labbrock.<\/p>\n<\/li>\n<li data-start=\"5838\" data-end=\"5936\">\n<p data-start=\"5841\" data-end=\"5936\"><strong data-start=\"5841\" data-end=\"5854\">M\u00e4tningar:<\/strong> Varje pellet inneh\u00e5ller exakt 250 mg; f\u00e5r inte \u00e4ndras utanf\u00f6r laboratorief\u00f6rh\u00e5llanden.<\/p>\n<\/li>\n<li data-start=\"5937\" data-end=\"5991\">\n<p data-start=\"5940\" data-end=\"5991\"><strong data-start=\"5940\" data-end=\"5951\">F\u00f6rvaring:<\/strong> F\u00f6rvaras svalt (2-8\u00b0C), torrt och m\u00f6rkt. 2mmc pellets<\/p>\n<\/li>\n<li data-start=\"5992\" data-end=\"6082\">\n<p data-start=\"5995\" data-end=\"6082\"><strong data-start=\"5995\" data-end=\"6007\">Analys:<\/strong> L\u00e4mplig f\u00f6r kromatografi, spektroskopi och kriminaltekniska till\u00e4mpningar.<\/p>\n<\/li>\n<li data-start=\"6083\" data-end=\"6144\">\n<p data-start=\"6086\" data-end=\"6144\"><strong data-start=\"6086\" data-end=\"6103\">Dokumentation:<\/strong> Registrera batchnummer och testresultat.<\/p>\n<\/li>\n<\/ol>\n<hr data-start=\"6146\" data-end=\"6149\" \/>\n<h3 data-start=\"6151\" data-end=\"6186\"><strong data-start=\"6155\" data-end=\"6184\">Vanliga fr\u00e5gor och svar (FAQ)<\/strong><\/h3>\n<p data-start=\"6188\" data-end=\"6348\"><strong data-start=\"6188\" data-end=\"6208\">1. Vad \u00e4r 2-MMC?<\/strong><br data-start=\"6208\" data-end=\"6211\" \/><strong data-start=\"6211\" data-end=\"6243\">2-MMC (2-metylmetkatinon)<\/strong> \u00e4r en <strong data-start=\"6251\" data-end=\"6286\">syntetisk katinonf\u00f6rening<\/strong> anv\u00e4nds f\u00f6r analytiska och kriminaltekniska unders\u00f6kningar.<\/p>\n<p data-start=\"6350\" data-end=\"6488\"><strong data-start=\"6350\" data-end=\"6394\">2. Vad finns i 2-MMC 250 mg pellets?<\/strong><br data-start=\"6394\" data-end=\"6397\" \/>Varje pellet inneh\u00e5ller <strong data-start=\"6415\" data-end=\"6449\">250 mg 2-MMC (\u2265 98% renhet)<\/strong>, f\u00f6rpackade f\u00f6r laboratorietestning.<\/p>\n<p data-start=\"6490\" data-end=\"6684\"><strong data-start=\"6490\" data-end=\"6529\">3. \u00c4r det lagligt att k\u00f6pa 2-MMC?<\/strong><br data-start=\"6529\" data-end=\"6532\" \/>Den <strong data-start=\"6535\" data-end=\"6559\">lagligheten av 2-MMC<\/strong> varierar fr\u00e5n land till land. I vissa l\u00e4nder \u00e4r det reglerat. Kontrollera alltid lokala lagar innan du <strong data-start=\"6666\" data-end=\"6681\">2-MMC k\u00f6per<\/strong>.<\/p>","protected":false},"excerpt":{"rendered":"<h2><span dir=\"auto\" style=\"vertical-align: inherit;\"><span dir=\"auto\" style=\"vertical-align: inherit;\">2-MMC properties<\/span><\/span><\/h2>\n<p><strong><span dir=\"auto\" style=\"vertical-align: inherit;\"><span dir=\"auto\" style=\"vertical-align: inherit;\">CAS Number<\/span><\/span><\/strong><span dir=\"auto\" style=\"vertical-align: inherit;\"><span dir=\"auto\" style=\"vertical-align: inherit;\"> : 1246911-71-6 <\/span><\/span><br \/>\n<strong><span dir=\"auto\" style=\"vertical-align: inherit;\"><span dir=\"auto\" style=\"vertical-align: inherit;\">Formula<\/span><\/span><\/strong><span dir=\"auto\" style=\"vertical-align: inherit;\"><span dir=\"auto\" style=\"vertical-align: inherit;\"> : C11h15NO \u2022 HCL <\/span><\/span><br \/>\n<strong><span dir=\"auto\" style=\"vertical-align: inherit;\"><span dir=\"auto\" style=\"vertical-align: inherit;\">Molar Mass<\/span><\/span><\/strong><span dir=\"auto\" style=\"vertical-align: inherit;\"><span dir=\"auto\" style=\"vertical-align: inherit;\"> : 177.247 <\/span><\/span><br \/>\n<strong><span dir=\"auto\" style=\"vertical-align: inherit;\"><span dir=\"auto\" style=\"vertical-align: inherit;\">Purity<\/span><\/span><\/strong><span dir=\"auto\" style=\"vertical-align: inherit;\"><span dir=\"auto\" style=\"vertical-align: inherit;\"> : \u226599%<\/span><\/span><\/p>","protected":false},"featured_media":16848,"comment_status":"closed","ping_status":"closed","template":"","meta":[],"product_brand":[23],"product_cat":[338,410,17,55,71],"product_tag":[507,339,340,412,22],"class_list":{"0":"post-1309","1":"product","2":"type-product","3":"status-publish","4":"has-post-thumbnail","6":"product_brand-research-chemical","7":"product_cat-2-mmc","8":"product_cat-2-mmc-pellets","9":"product_cat-bijna-verboden","10":"product_cat-cathinonen","11":"product_cat-pellets","12":"product_tag-2-mmc","13":"product_tag-2-mmc-kopen","14":"product_tag-2-mmc-pellets-kopen","15":"product_tag-2mmc-pellets","16":"product_tag-nl","18":"first","19":"instock","20":"shipping-taxable","21":"purchasable","22":"product-type-variable"},"_links":{"self":[{"href":"https:\/\/researchchemicalshop.eu\/sv\/wp-json\/wp\/v2\/product\/1309","targetHints":{"allow":["GET"]}}],"collection":[{"href":"https:\/\/researchchemicalshop.eu\/sv\/wp-json\/wp\/v2\/product"}],"about":[{"href":"https:\/\/researchchemicalshop.eu\/sv\/wp-json\/wp\/v2\/types\/product"}],"replies":[{"embeddable":true,"href":"https:\/\/researchchemicalshop.eu\/sv\/wp-json\/wp\/v2\/comments?post=1309"}],"version-history":[{"count":2,"href":"https:\/\/researchchemicalshop.eu\/sv\/wp-json\/wp\/v2\/product\/1309\/revisions"}],"predecessor-version":[{"id":16662,"href":"https:\/\/researchchemicalshop.eu\/sv\/wp-json\/wp\/v2\/product\/1309\/revisions\/16662"}],"wp:featuredmedia":[{"embeddable":true,"href":"https:\/\/researchchemicalshop.eu\/sv\/wp-json\/wp\/v2\/media\/16848"}],"wp:attachment":[{"href":"https:\/\/researchchemicalshop.eu\/sv\/wp-json\/wp\/v2\/media?parent=1309"}],"wp:term":[{"taxonomy":"product_brand","embeddable":true,"href":"https:\/\/researchchemicalshop.eu\/sv\/wp-json\/wp\/v2\/product_brand?post=1309"},{"taxonomy":"product_cat","embeddable":true,"href":"https:\/\/researchchemicalshop.eu\/sv\/wp-json\/wp\/v2\/product_cat?post=1309"},{"taxonomy":"product_tag","embeddable":true,"href":"https:\/\/researchchemicalshop.eu\/sv\/wp-json\/wp\/v2\/product_tag?post=1309"}],"curies":[{"name":"wp","href":"https:\/\/api.w.org\/{rel}","templated":true}]}}