{"id":16137,"date":"2026-02-09T13:15:34","date_gmt":"2026-02-09T13:15:34","guid":{"rendered":"https:\/\/researchchemicalshop.eu\/?page_id=16137"},"modified":"2026-02-11T10:42:47","modified_gmt":"2026-02-11T10:42:47","slug":"sekretesspolicy","status":"publish","type":"page","link":"https:\/\/researchchemicalshop.eu\/sv\/sekretesspolicy\/","title":{"rendered":"Integritetspolicy"},"content":{"rendered":"<p>Integritetspolicy<br>Detta \u00e4r sekretesspolicyn f\u00f6r chemicalshoppers.com Till\u00e4mplighet: Denna sekretesspolicy g\u00e4ller f\u00f6r all integritetsk\u00e4nslig information eller personuppgifter som du tillhandah\u00e5ller oss, till exempel via ett registreringsformul\u00e4r, kontaktformul\u00e4r eller best\u00e4llningar som du g\u00f6r.<\/p>\n\n\n\n<p>Vi v\u00e4rdes\u00e4tter v\u00e5ra kunders integritet och iakttar d\u00e4rf\u00f6r st\u00f6rsta m\u00f6jliga f\u00f6rsiktighet vid hantering och skydd av personuppgifter. Vi behandlar uppgifter i enlighet med de villkor som st\u00e4lls i den allm\u00e4nna dataskyddsf\u00f6rordningen (AVG).<\/p>\n\n\n\n<p>Chemicalshoppers \u00e4r personuppgiftsansvarig i den mening som avses i AVG n\u00e4r det g\u00e4ller behandlingen av dina personuppgifter. Detta inneb\u00e4r att det endast \u00e4r vi som best\u00e4mmer vilka personuppgifter som ska behandlas, i vilket syfte och p\u00e5 vilket s\u00e4tt. Vi ansvarar f\u00f6r att dina personuppgifter behandlas p\u00e5 ett korrekt och omsorgsfullt s\u00e4tt i enlighet med AVG. I detta integritetsmeddelande f\u00f6rklarar vi vilka uppgifter vi behandlar och f\u00f6r vilka \u00e4ndam\u00e5l de anv\u00e4nds. \u00d6versikt \u00f6ver personuppgifter Nedan f\u00f6ljer en \u00f6versikt \u00f6ver de personuppgifter som vi behandlar:<\/p>\n\n\n\n<ul class=\"wp-block-list\">\n<li>F\u00f6rnamn och efternamn<\/li>\n\n\n\n<li>Adress<\/li>\n\n\n\n<li>Telefonnummer<\/li>\n\n\n\n<li>E-postadress<\/li>\n\n\n\n<li>IP-adress f\u00f6r en webbplatsbes\u00f6kare<br>SYFTE OCH GRUND F\u00d6R BEHANDLING AV PERSONUPPGIFTER<br>Genom att godk\u00e4nna denna sekretesspolicy samtycker du uttryckligen i enlighet med artikel 6.1 a i AVG till behandlingen av dina personuppgifter f\u00f6r de \u00e4ndam\u00e5l som anges nedan. Du kan n\u00e4r som helst \u00e5terkalla detta samtycke. Om du inte l\u00e4mnar vissa uppgifter till oss eller inte till\u00e5ter oss att behandla dem kan det dock h\u00e4nda att vi inte kan betj\u00e4na dig p\u00e5 r\u00e4tt s\u00e4tt.<\/li>\n<\/ul>\n\n\n\n<p>Om du inte har gett oss ett uttryckligt samtycke till att behandla dina personuppgifter eller om du har \u00e5terkallat ett s\u00e5dant samtycke, kan behandlingen av dina personuppgifter baseras p\u00e5 artikel 6.1 b, c och\/eller f i AVG. I s\u00e5 fall kan behandlingen av dina personuppgifter ske utan ditt samtycke, f\u00f6rutsatt att det \u00e4r n\u00f6dv\u00e4ndigt f\u00f6r att fullg\u00f6ra ett avtal som du \u00e4r eller blir part i, eller \u00e4r n\u00f6dv\u00e4ndigt f\u00f6r att skydda Chemicalshoppers ber\u00e4ttigade intressen. Dessutom kan vi enligt lag vara skyldiga att behandla dina personuppgifter.<\/p>\n\n\n\n<p>Vi behandlar dina personuppgifter f\u00f6r f\u00f6ljande \u00e4ndam\u00e5l:<\/p>\n\n\n\n<p>- F\u00f6r att utf\u00f6ra v\u00e5ra tj\u00e4nster (f\u00f6r att leverera varor till dig)<\/p>\n\n\n\n<ul class=\"wp-block-list\">\n<li>F\u00f6r att behandla din betalning<br>- F\u00f6r att skicka v\u00e5rt nyhetsbrev<\/li>\n\n\n\n<li>F\u00f6r att informera dig om f\u00f6r\u00e4ndringar av v\u00e5ra tj\u00e4nster och produkter<\/li>\n\n\n\n<li>F\u00f6r att du ska kunna skapa ett konto<br>Vi beh\u00e5ller inte dina personuppgifter l\u00e4ngre \u00e4n vad som \u00e4r absolut n\u00f6dv\u00e4ndigt f\u00f6r att uppfylla de syften f\u00f6r vilka dina uppgifter samlas in.<\/li>\n\n\n\n<li>UTL\u00c4MNANDE TILL TREDJE PART<\/li>\n\n\n\n<li>Vi kan komma att dela dina personuppgifter med tredje part om det \u00e4r f\u00f6renligt med de \u00e4ndam\u00e5l som anges ovan. Tillhandah\u00e5llande till tredje part kan vara n\u00f6dv\u00e4ndigt f\u00f6r att fullg\u00f6ra det avtal vi ing\u00e5r med dig, n\u00f6dv\u00e4ndigt f\u00f6r att tillgodose ett ber\u00e4ttigat intresse hos oss eller n\u00f6dv\u00e4ndigt f\u00f6r att uppfylla en r\u00e4ttslig f\u00f6rpliktelse som \u00e5ligger oss.<\/li>\n\n\n\n<li>Vi ing\u00e5r ett behandlingsavtal med f\u00f6retag som behandlar dina uppgifter f\u00f6r v\u00e5r r\u00e4kning f\u00f6r att s\u00e4kerst\u00e4lla samma niv\u00e5 av s\u00e4kerhet och sekretess f\u00f6r dina uppgifter. Vi f\u00f6rblir ansvariga f\u00f6r dessa behandlingar. Utanf\u00f6r de situationer som n\u00e4mns ovan kommer vi endast att tillhandah\u00e5lla dina personuppgifter till andra tredje parter med ditt uttryckliga samtycke.<\/li>\n\n\n\n<li>KOMMERSIELLA SYFTEN<\/li>\n\n\n\n<li>Vi kan komma att anv\u00e4nda dina personuppgifter f\u00f6r kommersiella \u00e4ndam\u00e5l, t.ex. f\u00f6r att informera dig mer ing\u00e5ende om v\u00e5ra tj\u00e4nster eller relevanta produkter eller om lag\u00e4ndringar som \u00e4r relevanta f\u00f6r erbjudandet. I detta fall kommer du endast att informeras via den e-postadress som du har registrerat. Om du inte vill f\u00e5 information om relevanta produkter eller tj\u00e4nster kan du enkelt ange detta genom att klicka p\u00e5 \u201cavsluta prenumeration\u201d i det mottagna e-postmeddelandet. Dina personuppgifter anonymiseras inom ramen f\u00f6r marknadsunders\u00f6kningar innan de anv\u00e4nds f\u00f6r att optimera v\u00e5ra tj\u00e4nster och kan inte l\u00e4ngre sp\u00e5ras till dig.<\/li>\n\n\n\n<li>Dina uppgifter kommer inte att s\u00e4ljas eller delas med tredje part f\u00f6r kommersiella \u00e4ndam\u00e5l om du inte uttryckligen samtycker till detta.<\/li>\n\n\n\n<li>Kakor<\/li>\n\n\n\n<li>En cookie \u00e4r en liten textfil som lagras p\u00e5 din dator, surfplatta eller smartphone f\u00f6rsta g\u00e5ngen du bes\u00f6ker denna webbplats. Du kan v\u00e4lja bort dessa cookies genom att st\u00e4lla in din webbl\u00e4sare s\u00e5 att den inte l\u00e4ngre lagrar cookies. Dessutom kan du radera all information som tidigare lagrats via inst\u00e4llningarna i din webbl\u00e4sare.<\/li>\n\n\n\n<li>Vi anv\u00e4nder f\u00f6ljande cookies:<\/li>\n\n\n\n<li>\u201d Funktionella cookies: Dessa \u00e4r cookies som \u00e4r n\u00f6dv\u00e4ndiga f\u00f6r att webbplatsen ska fungera tekniskt och f\u00f6r att du ska kunna anv\u00e4nda den p\u00e5 ett enkelt s\u00e4tt. De s\u00e4kerst\u00e4ller att webbplatsen fungerar korrekt och kommer till exempel ih\u00e5g dina preferenser. De g\u00f6r det ocks\u00e5 m\u00f6jligt f\u00f6r oss att optimera v\u00e5r webbplats. Det h\u00e4r \u00e4r analytiska cookies som inte inkr\u00e4ktar p\u00e5 din integritet. Vi beh\u00f6ver inte ditt samtycke i f\u00f6rv\u00e4g.<\/li>\n\n\n\n<li>\u201d Google Analytics: denna webbplats placerar cookies fr\u00e5n det amerikanska f\u00f6retaget Google, som en del av \u201cAnalytics\u201d-tj\u00e4nsten. DrSupply anv\u00e4nder denna tj\u00e4nst f\u00f6r att f\u00e5 rapporter om hur webbplatsen anv\u00e4nds och f\u00f6r att m\u00e4ta dess kvalitet och effektivitet. Vi anv\u00e4nder Google Analytics p\u00e5 det s\u00e4tt som f\u00f6reskrivs av Personuppgiftsmyndigheten f\u00f6r att omfattas av undantaget i cookielagen. Detta inneb\u00e4r att vi inte beh\u00f6ver ditt samtycke i f\u00f6rv\u00e4g f\u00f6r att anv\u00e4nda Google Analytics.<\/li>\n\n\n\n<li>VISA, KORRIGERA ELLER RADERA<\/li>\n\n\n\n<li>Du har r\u00e4tt att f\u00e5 tillg\u00e5ng till, korrigera eller radera dina personuppgifter. Du har ocks\u00e5 r\u00e4tt att \u00e5terkalla ditt samtycke till databehandling eller inv\u00e4nda mot behandlingen av dina personuppgifter. Du har r\u00e4tt till dataportabilitet (\u2018dataportabilitet\u2019) om vi har digitala personuppgifter som vi antingen behandlar med ditt samtycke eller behandlar f\u00f6r att fullg\u00f6ra ett avtal som vi har ing\u00e5tt med dig.<\/li>\n\n\n\n<li>Det inneb\u00e4r att du kan beg\u00e4ra att vi skickar de digitala personuppgifter som vi har om dig i en l\u00e4sbar datafil till dig eller en annan organisation som du har angett.<\/li>\n\n\n\n<li>Du kan skicka en beg\u00e4ran om att f\u00e5 tillg\u00e5ng till, korrigera, radera, \u00f6verf\u00f6ra dina personuppgifter eller beg\u00e4ra \u00e5terkallande av ditt samtycke eller inv\u00e4ndning mot behandlingen av dina personuppgifter till info@chemicalshoppers.com.<\/li>\n\n\n\n<li>F\u00f6r att s\u00e4kerst\u00e4lla att beg\u00e4ran om inspektion g\u00f6rs av dig ber vi dig att skicka en kopia av ditt identitetsbevis med beg\u00e4ran. I kopian ska du sv\u00e4rta ut ditt passfoto, MRZ (maskinl\u00e4sbar zon, nummerremsan l\u00e4ngst ner i passet), passnummer och medborgarservicenummer (BSN). Detta \u00e4r f\u00f6r att skydda din integritet. Vi kommer att svara p\u00e5 din beg\u00e4ran s\u00e5 snart som m\u00f6jligt, men inom fyra veckor.<\/li>\n\n\n\n<li>Vi vill ocks\u00e5 informera dig om att du har m\u00f6jlighet att l\u00e4mna in ett klagom\u00e5l till den nationella tillsynsmyndigheten, Personuppgiftsmyndigheten.<\/li>\n\n\n\n<li>Kontakt<\/li>\n\n\n\n<li>Vi tar skyddet av dina uppgifter p\u00e5 allvar och vidtar l\u00e4mpliga \u00e5tg\u00e4rder f\u00f6r att motverka missbruk, f\u00f6rlust, obeh\u00f6rig \u00e5tkomst, o\u00f6nskat utl\u00e4mnande och obeh\u00f6rig \u00e4ndring. Om du har intrycket att dina uppgifter inte \u00e4r ordentligt skyddade eller om det finns indikationer p\u00e5 missbruk, v\u00e4nligen kontakta v\u00e5r kundtj\u00e4nst eller via info@chemicalshoppers.com.<\/li>\n<\/ul>","protected":false},"excerpt":{"rendered":"<p>PrivacyverklaringDit is de privacyverklaring van chemicalshoppers.com Toepasselijkheid: Deze privacyverklaring is van toepassing op alle privacygevoelige informatie of persoonsgegevens die u<\/p>","protected":false},"author":1,"featured_media":0,"parent":0,"menu_order":0,"comment_status":"closed","ping_status":"closed","template":"","meta":{"footnotes":""},"class_list":["post-16137","page","type-page","status-publish","hentry"],"_links":{"self":[{"href":"https:\/\/researchchemicalshop.eu\/sv\/wp-json\/wp\/v2\/pages\/16137","targetHints":{"allow":["GET"]}}],"collection":[{"href":"https:\/\/researchchemicalshop.eu\/sv\/wp-json\/wp\/v2\/pages"}],"about":[{"href":"https:\/\/researchchemicalshop.eu\/sv\/wp-json\/wp\/v2\/types\/page"}],"author":[{"embeddable":true,"href":"https:\/\/researchchemicalshop.eu\/sv\/wp-json\/wp\/v2\/users\/1"}],"replies":[{"embeddable":true,"href":"https:\/\/researchchemicalshop.eu\/sv\/wp-json\/wp\/v2\/comments?post=16137"}],"version-history":[{"count":1,"href":"https:\/\/researchchemicalshop.eu\/sv\/wp-json\/wp\/v2\/pages\/16137\/revisions"}],"predecessor-version":[{"id":16138,"href":"https:\/\/researchchemicalshop.eu\/sv\/wp-json\/wp\/v2\/pages\/16137\/revisions\/16138"}],"wp:attachment":[{"href":"https:\/\/researchchemicalshop.eu\/sv\/wp-json\/wp\/v2\/media?parent=16137"}],"curies":[{"name":"wp","href":"https:\/\/api.w.org\/{rel}","templated":true}]}}