{"id":432,"date":"2026-02-09T11:52:52","date_gmt":"2026-02-09T11:52:52","guid":{"rendered":"https:\/\/researchchemicalshop.eu\/?post_type=product&#038;p=432"},"modified":"2026-03-06T01:39:53","modified_gmt":"2026-03-06T01:39:53","slug":"noopept","status":"publish","type":"product","link":"https:\/\/researchchemicalshop.eu\/sl\/izdelek\/noopept\/","title":{"rendered":"NOOPEPT 20 MG peleti"},"content":{"rendered":"<p data-start=\"3633\" data-end=\"3937\"><strong data-start=\"3633\" data-end=\"3658\">Noopept 20 MG peleti<\/strong> so visokokakovostne raziskovalne spojine, posebej razvite za <strong data-start=\"3726\" data-end=\"3774\">nevroznanost in kognitivne raziskave<\/strong>. Kemijsko znan kot <strong data-start=\"3796\" data-end=\"3840\">Etilni ester N-fenilacetil-L-prolilglicina<\/strong>, Noopept se pogosto preu\u010duje zaradi njegove <strong data-start=\"3886\" data-end=\"3934\">nevroprotektivne in kognitivne lastnosti<\/strong>. kupiti noopept<\/p>\n<p data-start=\"3939\" data-end=\"4151\">Vsaka peleta vsebuje <strong data-start=\"3957\" data-end=\"3982\">20 mg \u010distega zdravila Noopept<\/strong>, skrbno odmerjene za zanesljive in ponovljive rezultate \u0161tudij. Ta spojina je priljubljena v \u0161tudijah <strong data-start=\"4101\" data-end=\"4148\">spomin, sposobnost u\u010denja in nevroplasti\u010dnost.<\/strong>.<\/p>\n<blockquote data-start=\"4153\" data-end=\"4285\">\n<p data-start=\"4155\" data-end=\"4285\">\u26a0\ufe0f <strong data-start=\"4158\" data-end=\"4169\">Opomba:<\/strong> Ta izdelek je <strong data-start=\"4185\" data-end=\"4240\">namenjeni izklju\u010dno znanstvenim raziskavam<\/strong>. Ni primerno za prehrano ljudi.<\/p>\n<\/blockquote>\n<hr data-start=\"4287\" data-end=\"4290\" \/>\n<h3 data-start=\"4292\" data-end=\"4323\"><strong data-start=\"4296\" data-end=\"4323\">Glavne zna\u010dilnosti<\/strong><\/h3>\n<ul data-start=\"4324\" data-end=\"4777\">\n<li data-start=\"4324\" data-end=\"4419\">\n<p data-start=\"4326\" data-end=\"4419\"><strong data-start=\"4326\" data-end=\"4352\">Visoka \u010distost (\u226599%)<\/strong> - Laboratorijsko preizku\u0161ena kakovost, stabilnost in sestava.<\/p>\n<\/li>\n<li data-start=\"4420\" data-end=\"4527\">\n<p data-start=\"4422\" data-end=\"4527\"><strong data-start=\"4422\" data-end=\"4463\">Natan\u010dno odmerjeni peleti (20 MG)<\/strong> - Zagotavlja zanesljive in ponovljive rezultate raziskav.<\/p>\n<\/li>\n<li data-start=\"4528\" data-end=\"4613\">\n<p data-start=\"4530\" data-end=\"4613\"><strong data-start=\"4530\" data-end=\"4554\">Stabilna formulacija<\/strong> - Oblika peletov izbolj\u0161a rok uporabnosti in olaj\u0161a uporabo.<\/p>\n<\/li>\n<li data-start=\"4614\" data-end=\"4684\">\n<p data-start=\"4616\" data-end=\"4684\"><strong data-start=\"4616\" data-end=\"4641\">Dosledna kakovost<\/strong> - Proizvedeno po standardih GMP.<\/p>\n<\/li>\n<li data-start=\"4685\" data-end=\"4777\">\n<p data-start=\"4687\" data-end=\"4777\"><strong data-start=\"4687\" data-end=\"4709\">Varna embala\u017ea<\/strong> - Zrakotesna in na vlago odporna embala\u017ea za optimalno za\u0161\u010dito.<\/p>\n<\/li>\n<\/ul>\n<hr data-start=\"4779\" data-end=\"4782\" \/>\n<h3 data-start=\"4784\" data-end=\"4801\"><strong data-start=\"4788\" data-end=\"4801\">Prednosti<\/strong><\/h3>\n<ul data-start=\"4802\" data-end=\"5109\">\n<li data-start=\"4802\" data-end=\"4883\">\n<p data-start=\"4804\" data-end=\"4883\">Podpira raziskave na podro\u010dju <strong data-start=\"4831\" data-end=\"4880\">kognitivne funkcije, spomin in sposobnost u\u010denja.<\/strong>.<\/p>\n<\/li>\n<li data-start=\"4884\" data-end=\"4962\">\n<p data-start=\"4886\" data-end=\"4962\">Primerno za <strong data-start=\"4900\" data-end=\"4959\">\u0161tudije o nevroprotekciji in sinapti\u010dni plasti\u010dnosti<\/strong>.<\/p>\n<\/li>\n<li data-start=\"4963\" data-end=\"5029\">\n<p data-start=\"4965\" data-end=\"5029\">Zagotavlja <strong data-start=\"4976\" data-end=\"5026\">natan\u010dno odmerjanje in zanesljivi rezultati<\/strong>.<\/p>\n<\/li>\n<li data-start=\"5030\" data-end=\"5109\">\n<p data-start=\"5032\" data-end=\"5109\">Zaradi stabilne oblike peletov je z njimi enostavno ravnati, jih shranjevati in preva\u017eati. kupi noopept<\/p>\n<\/li>\n<\/ul>\n<hr data-start=\"5111\" data-end=\"5114\" \/>\n<h3 data-start=\"5116\" data-end=\"5131\"><strong data-start=\"5120\" data-end=\"5131\">Uporabite<\/strong><\/h3>\n<ul data-start=\"5132\" data-end=\"5424\">\n<li data-start=\"5132\" data-end=\"5202\">\n<p data-start=\"5134\" data-end=\"5202\">Uporabljajo samo <strong data-start=\"5159\" data-end=\"5199\">usposobljeno laboratorijsko osebje<\/strong>.<\/p>\n<\/li>\n<li data-start=\"5203\" data-end=\"5286\">\n<p data-start=\"5205\" data-end=\"5286\">Nosite primerne <strong data-start=\"5221\" data-end=\"5245\">za\u0161\u010ditna oprema<\/strong> kot so rokavice in za\u0161\u010ditna o\u010dala.<\/p>\n<\/li>\n<li data-start=\"5287\" data-end=\"5365\">\n<p data-start=\"5289\" data-end=\"5365\">Shranjevanje v <strong data-start=\"5304\" data-end=\"5327\">v hladnem in suhem prostoru.<\/strong>, za\u0161\u010diteni pred son\u010dno svetlobo in vlago.<\/p>\n<\/li>\n<li data-start=\"5366\" data-end=\"5424\">\n<p data-start=\"5368\" data-end=\"5424\">Ni primerno za prehrano ljudi ali \u017eivali.<\/p>\n<\/li>\n<\/ul>\n<hr data-start=\"5426\" data-end=\"5429\" \/>\n<h3 data-start=\"5431\" data-end=\"5466\"><strong data-start=\"5435\" data-end=\"5466\">Pogosto zastavljena vpra\u0161anja (FAQ)<\/strong><\/h3>\n<p data-start=\"5468\" data-end=\"5640\"><strong data-start=\"5468\" data-end=\"5507\">1. Za kaj se uporablja Noopept?<\/strong><br data-start=\"5507\" data-end=\"5510\" \/>Noopept se uporablja za <strong data-start=\"5538\" data-end=\"5597\">raziskave kognitivnih in nevroprotektivnih procesov.<\/strong>, met nadruk op geheugen en leervermogen.<\/p>\n<p data-start=\"5642\" data-end=\"5811\"><strong data-start=\"5642\" data-end=\"5700\">2. Is Noopept 20 MG geschikt voor persoonlijk gebruik?<\/strong><br data-start=\"5700\" data-end=\"5703\" \/>Nee. Dit product is <strong data-start=\"5723\" data-end=\"5773\">uitsluitend bedoeld voor laboratoriumonderzoek<\/strong> en niet voor menselijke consumptie.<\/p>\n<p data-start=\"5813\" data-end=\"5980\"><strong data-start=\"5813\" data-end=\"5858\">3. Hoe moet Noopept 20 MG worden bewaard?<\/strong><br data-start=\"5858\" data-end=\"5861\" \/>Bewaren in een <strong data-start=\"5876\" data-end=\"5913\">droge, goed afgesloten verpakking<\/strong> bij kamertemperatuur (15\u201325\u00b0C), uit de buurt van vocht en licht.<\/p>","protected":false},"excerpt":{"rendered":"<p>Noopept 20 MG Pellets zijn hoogwaardige onderzoeksverbindingen, speciaal ontwikkeld voor neurowetenschappelijk en cognitief onderzoek. Chemisch bekend als N-fenylacetyl-L-prolylglycine ethylester, wordt<\/p>","protected":false},"featured_media":17043,"comment_status":"closed","ping_status":"closed","template":"","meta":[],"product_brand":[],"product_cat":[67,283,68,71,26],"product_tag":[22,284,285],"class_list":{"0":"post-432","1":"product","2":"type-product","3":"status-publish","4":"has-post-thumbnail","6":"product_cat-noopept","7":"product_cat-noopept-pellets","8":"product_cat-nootropics","9":"product_cat-pellets","10":"product_cat-sale","11":"product_tag-nl","12":"product_tag-noopept","13":"product_tag-noopept-kopen","15":"first","16":"instock","17":"shipping-taxable","18":"purchasable","19":"product-type-variable"},"_links":{"self":[{"href":"https:\/\/researchchemicalshop.eu\/sl\/wp-json\/wp\/v2\/product\/432","targetHints":{"allow":["GET"]}}],"collection":[{"href":"https:\/\/researchchemicalshop.eu\/sl\/wp-json\/wp\/v2\/product"}],"about":[{"href":"https:\/\/researchchemicalshop.eu\/sl\/wp-json\/wp\/v2\/types\/product"}],"replies":[{"embeddable":true,"href":"https:\/\/researchchemicalshop.eu\/sl\/wp-json\/wp\/v2\/comments?post=432"}],"version-history":[{"count":1,"href":"https:\/\/researchchemicalshop.eu\/sl\/wp-json\/wp\/v2\/product\/432\/revisions"}],"predecessor-version":[{"id":16645,"href":"https:\/\/researchchemicalshop.eu\/sl\/wp-json\/wp\/v2\/product\/432\/revisions\/16645"}],"wp:featuredmedia":[{"embeddable":true,"href":"https:\/\/researchchemicalshop.eu\/sl\/wp-json\/wp\/v2\/media\/17043"}],"wp:attachment":[{"href":"https:\/\/researchchemicalshop.eu\/sl\/wp-json\/wp\/v2\/media?parent=432"}],"wp:term":[{"taxonomy":"product_brand","embeddable":true,"href":"https:\/\/researchchemicalshop.eu\/sl\/wp-json\/wp\/v2\/product_brand?post=432"},{"taxonomy":"product_cat","embeddable":true,"href":"https:\/\/researchchemicalshop.eu\/sl\/wp-json\/wp\/v2\/product_cat?post=432"},{"taxonomy":"product_tag","embeddable":true,"href":"https:\/\/researchchemicalshop.eu\/sl\/wp-json\/wp\/v2\/product_tag?post=432"}],"curies":[{"name":"wp","href":"https:\/\/api.w.org\/{rel}","templated":true}]}}