{"id":738,"date":"2026-02-09T11:54:59","date_gmt":"2026-02-09T11:54:59","guid":{"rendered":"https:\/\/researchchemicalshop.eu\/?post_type=product&#038;p=738"},"modified":"2026-03-05T17:11:51","modified_gmt":"2026-03-05T17:11:51","slug":"zlta-mandala","status":"publish","type":"product","link":"https:\/\/researchchemicalshop.eu\/sk\/produkt\/zlta-mandala\/","title":{"rendered":"\u017dlt\u00e1 mandala"},"content":{"rendered":"<h3 data-start=\"5416\" data-end=\"5435\"><strong data-start=\"5420\" data-end=\"5435\">\u00davod<\/strong><\/h3>\n<p data-start=\"5437\" data-end=\"5656\">Str\u00e1nka <strong data-start=\"5440\" data-end=\"5458\">\u017dlt\u00e1 mandala<\/strong> je nad\u010dasov\u00fdm symbolom <strong data-start=\"5487\" data-end=\"5528\">energia, osvetlenie a transform\u00e1cia<\/strong>.<br data-start=\"5529\" data-end=\"5532\" \/>V starovek\u00fdch duchovn\u00fdch trad\u00edci\u00e1ch mandala predstavuje <strong data-start=\"5589\" data-end=\"5623\">rovnov\u00e1ha, celistvos\u0165 a spojenie<\/strong> medzi telom, mys\u013eou a duchom.<\/p>\n<p data-start=\"5658\" data-end=\"5982\">Str\u00e1nka <strong data-start=\"5661\" data-end=\"5675\">\u017elt\u00e1 farba<\/strong> z tejto mandaly \u017eiari <strong data-start=\"5701\" data-end=\"5742\">optimizmus, vitalita a kreativita<\/strong> von - ide\u00e1lne pre medita\u010dn\u00e9 miestnosti, \u0161t\u00fadi\u00e1 jogy alebo obytn\u00e9 priestory, kde je \u017eiaduca pozit\u00edvna energia.<br data-start=\"5841\" data-end=\"5844\" \/>Ka\u017ed\u00e1 \u017elt\u00e1 mandala je <strong data-start=\"5870\" data-end=\"5906\">vyroben\u00e9 starostlivo a prec\u00edzne<\/strong>, ktor\u00fd sp\u00e1ja estetiku a spiritualitu do jedn\u00e9ho siln\u00e9ho symbolu.<\/p>\n<hr data-start=\"5984\" data-end=\"5987\" \/>\n<h3 data-start=\"5989\" data-end=\"6020\"><strong data-start=\"5993\" data-end=\"6020\">K\u013e\u00fa\u010dov\u00e9 vlastnosti<\/strong><\/h3>\n<ul data-start=\"6022\" data-end=\"6489\">\n<li data-start=\"6022\" data-end=\"6104\">\n<p data-start=\"6024\" data-end=\"6104\"><strong data-start=\"6024\" data-end=\"6047\">Symbolick\u00fd dizajn:<\/strong> Predstavuje harm\u00f3niu, rast a duchovn\u00fa rovnov\u00e1hu.<\/p>\n<\/li>\n<li data-start=\"6105\" data-end=\"6176\">\n<p data-start=\"6107\" data-end=\"6176\"><strong data-start=\"6107\" data-end=\"6129\">Jasne \u017elt\u00fd odtie\u0148:<\/strong> Symbol svetla, energie a kreativity.<\/p>\n<\/li>\n<li data-start=\"6177\" data-end=\"6251\">\n<p data-start=\"6179\" data-end=\"6251\"><strong data-start=\"6179\" data-end=\"6207\">Vysokokvalitn\u00e9 materi\u00e1ly:<\/strong> Vyroben\u00e9 z odoln\u00fdch, farebne st\u00e1lych tkan\u00edn.<\/p>\n<\/li>\n<li data-start=\"6252\" data-end=\"6334\">\n<p data-start=\"6254\" data-end=\"6334\"><strong data-start=\"6254\" data-end=\"6277\">V\u0161estrann\u00e9 pou\u017eitie:<\/strong> Vhodn\u00fd na dekor\u00e1ciu steny, medit\u00e1ciu alebo zamyslenie.<\/p>\n<\/li>\n<li data-start=\"6335\" data-end=\"6411\">\n<p data-start=\"6337\" data-end=\"6411\"><strong data-start=\"6337\" data-end=\"6365\">Ru\u010dn\u00e1 v\u00fdroba:<\/strong> Navrhnut\u00e9 s d\u00f4razom na detail a symetriu.<\/p>\n<\/li>\n<li data-start=\"6412\" data-end=\"6489\">\n<p data-start=\"6414\" data-end=\"6489\"><strong data-start=\"6414\" data-end=\"6440\">Udr\u017eate\u013ene vyroben\u00e9:<\/strong> Ekologicky \u0161etrn\u00e9 a netoxick\u00e9 materi\u00e1ly.<\/p>\n<\/li>\n<\/ul>\n<hr data-start=\"6491\" data-end=\"6494\" \/>\n<h3 data-start=\"6496\" data-end=\"6513\"><strong data-start=\"6500\" data-end=\"6513\">V\u00fdhody<\/strong><\/h3>\n<ol data-start=\"6515\" data-end=\"6923\">\n<li data-start=\"6515\" data-end=\"6623\">\n<p data-start=\"6518\" data-end=\"6623\"><strong data-start=\"6518\" data-end=\"6561\">Podporuje pozit\u00edvne naladenie a koncentr\u00e1ciu:<\/strong> \u017dlt\u00e1 farba stimuluje <strong data-start=\"6587\" data-end=\"6620\">kreativita a jasn\u00e9 myslenie<\/strong>.<\/p>\n<\/li>\n<li data-start=\"6624\" data-end=\"6707\">\n<p data-start=\"6627\" data-end=\"6707\"><strong data-start=\"6627\" data-end=\"6657\">Vytv\u00e1ra pokojn\u00fa atmosf\u00e9ru:<\/strong> Ide\u00e1lne pre <strong data-start=\"6670\" data-end=\"6704\">joga, medit\u00e1cia a relax\u00e1cia<\/strong>.<\/p>\n<\/li>\n<li data-start=\"6708\" data-end=\"6773\">\n<p data-start=\"6711\" data-end=\"6773\"><strong data-start=\"6711\" data-end=\"6736\">Symbol harm\u00f3nie:<\/strong> Prin\u00e1\u0161a rovnov\u00e1hu tela a mysle.<\/p>\n<\/li>\n<li data-start=\"6774\" data-end=\"6847\">\n<p data-start=\"6777\" data-end=\"6847\"><strong data-start=\"6777\" data-end=\"6800\">Vizu\u00e1lna kr\u00e1sa:<\/strong> Umeleck\u00fd doplnok ka\u017ed\u00e9ho interi\u00e9ru.<\/p>\n<\/li>\n<li data-start=\"6848\" data-end=\"6923\">\n<p data-start=\"6851\" data-end=\"6923\"><strong data-start=\"6851\" data-end=\"6883\">N\u00e1stroj na v\u0161\u00edmavos\u0165:<\/strong> Pom\u00e1ha s <strong data-start=\"6894\" data-end=\"6920\">s\u00fastredenie a sebareflexia<\/strong>.<\/p>\n<\/li>\n<\/ol>\n<hr data-start=\"6925\" data-end=\"6928\" \/>\n<h3 data-start=\"6930\" data-end=\"6945\"><strong data-start=\"6934\" data-end=\"6945\">Pou\u017eite<\/strong><\/h3>\n<ol data-start=\"6947\" data-end=\"7325\">\n<li data-start=\"6947\" data-end=\"7035\">\n<p data-start=\"6950\" data-end=\"7035\"><strong data-start=\"6950\" data-end=\"6969\">Na medit\u00e1ciu:<\/strong> Pou\u017eite mandalu ako <strong data-start=\"6993\" data-end=\"7032\">\u00fastredn\u00fd bod pre koncentr\u00e1ciu a pokoj<\/strong>.<\/p>\n<\/li>\n<li data-start=\"7036\" data-end=\"7137\">\n<p data-start=\"7039\" data-end=\"7137\"><strong data-start=\"7039\" data-end=\"7058\">Na dekor\u00e1ciu:<\/strong> Zaveste ho na stenu alebo ho polo\u017ete na olt\u00e1r <strong data-start=\"7113\" data-end=\"7134\">pozit\u00edvna energia<\/strong>.<\/p>\n<\/li>\n<li data-start=\"7138\" data-end=\"7233\">\n<p data-start=\"7141\" data-end=\"7233\"><strong data-start=\"7141\" data-end=\"7164\">Na sebareflexiu:<\/strong> Pou\u017eite ho ako symbol pre <strong data-start=\"7194\" data-end=\"7230\">osobn\u00fd rast a uvedomenie<\/strong>.<\/p>\n<\/li>\n<li data-start=\"7234\" data-end=\"7325\">\n<p data-start=\"7237\" data-end=\"7325\"><strong data-start=\"7237\" data-end=\"7251\">Pre jogu:<\/strong> Umiestnite mandalu do svojho \u0161t\u00fadia a vytvorte <strong data-start=\"7290\" data-end=\"7311\">upokojuj\u00faca atmosf\u00e9ra<\/strong> vytvori\u0165.<\/p>\n<\/li>\n<\/ol>\n<blockquote data-start=\"7327\" data-end=\"7415\">\n<p data-start=\"7329\" data-end=\"7415\">\ud83c\udf3c <strong data-start=\"7332\" data-end=\"7340\">Tip:<\/strong> \u017dlt\u00e1 mandala vyzer\u00e1 najlep\u0161ie pri prirodzenom osvetlen\u00ed.<\/p>\n<\/blockquote>\n<hr data-start=\"7417\" data-end=\"7420\" \/>\n<h3 data-start=\"7422\" data-end=\"7457\"><strong data-start=\"7426\" data-end=\"7457\">\u010casto kladen\u00e9 ot\u00e1zky (FAQ)<\/strong><\/h3>\n<p data-start=\"7459\" data-end=\"7636\"><strong data-start=\"7459\" data-end=\"7501\">1. \u010co symbolizuje \u017elt\u00e1 mandala?<\/strong><br data-start=\"7501\" data-end=\"7504\" \/>\u017dlt\u00e1 mandala znamen\u00e1 <strong data-start=\"7533\" data-end=\"7568\">energia, rados\u0165 a osvietenie<\/strong>, a symbolizuje <strong data-start=\"7589\" data-end=\"7633\">spojenie medzi telom, mys\u013eou a du\u0161ou<\/strong>.<\/p>\n<p data-start=\"7638\" data-end=\"7796\"><strong data-start=\"7638\" data-end=\"7679\">2. Kam m\u00f4\u017eem mandalu zavesi\u0165?<\/strong><br data-start=\"7679\" data-end=\"7682\" \/>Na str\u00e1nke <strong data-start=\"7685\" data-end=\"7744\">ob\u00fdvacie izby, \u0161t\u00fadi\u00e1 jogy, medita\u010dn\u00e9 miestnosti alebo kancel\u00e1rie<\/strong> - kdeko\u013evek chcete vytvori\u0165 pokoj a in\u0161pir\u00e1ciu.<\/p>\n<p data-start=\"7798\" data-end=\"7920\"><strong data-start=\"7798\" data-end=\"7835\">3. Ako m\u00f4\u017eem udr\u017eiava\u0165 svoju mandalu?<\/strong><br data-start=\"7835\" data-end=\"7838\" \/>Vyhnite sa priamemu slne\u010dn\u00e9mu \u017eiareniu a vlhkosti. \u010cistite jemne m\u00e4kkou, suchou handri\u010dkou.<\/p>\n<h5 class=\"serp-title\"><span dir=\"auto\">\u017dlt\u00e1 mandala<\/span><\/h5>\n<hr data-start=\"7922\" data-end=\"7925\" \/>\n<h3 data-start=\"7927\" data-end=\"7959\"><strong data-start=\"7931\" data-end=\"7959\">Technick\u00e9 \u0161pecifik\u00e1cie<\/strong><\/h3>\n<div class=\"_tableContainer_1rjym_1\">\n<div class=\"group _tableWrapper_1rjym_13 flex w-fit flex-col-reverse\" tabindex=\"-1\">\n<table class=\"w-fit min-w-(--thread-content-width)\" data-start=\"7961\" data-end=\"8422\">\n<thead data-start=\"7961\" data-end=\"7995\">\n<tr data-start=\"7961\" data-end=\"7995\">\n<th data-start=\"7961\" data-end=\"7980\" data-col-size=\"sm\"><strong data-start=\"7963\" data-end=\"7979\">\u0160pecifik\u00e1cia<\/strong><\/th>\n<th data-start=\"7980\" data-end=\"7995\" data-col-size=\"md\"><strong data-start=\"7982\" data-end=\"7993\">Podrobnosti na<\/strong><\/th>\n<\/tr>\n<\/thead>\n<tbody data-start=\"8032\" data-end=\"8422\">\n<tr data-start=\"8032\" data-end=\"8068\">\n<td data-start=\"8032\" data-end=\"8050\" data-col-size=\"sm\"><strong data-start=\"8034\" data-end=\"8049\">N\u00e1zov produktu<\/strong><\/td>\n<td data-start=\"8050\" data-end=\"8068\" data-col-size=\"md\">\u017dlt\u00e1 mandala<\/td>\n<\/tr>\n<tr data-start=\"8069\" data-end=\"8105\">\n<td data-start=\"8069\" data-end=\"8090\" data-col-size=\"sm\"><strong data-start=\"8071\" data-end=\"8089\">Z\u00e1kladn\u00e1 farba<\/strong><\/td>\n<td data-start=\"8090\" data-end=\"8105\" data-col-size=\"md\">\u017dlt\u00e1 \/ zlat\u00e1<\/td>\n<\/tr>\n<tr data-start=\"8106\" data-end=\"8150\">\n<td data-start=\"8106\" data-end=\"8122\" data-col-size=\"sm\"><strong data-start=\"8108\" data-end=\"8121\">Symbolika<\/strong><\/td>\n<td data-start=\"8122\" data-end=\"8150\" data-col-size=\"md\">Energia, rados\u0165, rovnov\u00e1ha<\/td>\n<\/tr>\n<tr data-start=\"8151\" data-end=\"8193\">\n<td data-start=\"8151\" data-end=\"8167\" data-col-size=\"sm\"><strong data-start=\"8153\" data-end=\"8166\">Materi\u00e1l<\/strong><\/td>\n<td data-start=\"8167\" data-end=\"8193\" data-col-size=\"md\">Pl\u00e1tno \/ odoln\u00e1 tkanina<\/td>\n<\/tr>\n<tr data-start=\"8194\" data-end=\"8236\">\n<td data-start=\"8194\" data-end=\"8210\" data-col-size=\"sm\"><strong data-start=\"8196\" data-end=\"8209\">Dokon\u010denie<\/strong><\/td>\n<td data-start=\"8210\" data-end=\"8236\" data-col-size=\"md\">Ru\u010dne vyroben\u00e9 alebo vytla\u010den\u00e9<\/td>\n<\/tr>\n<tr data-start=\"8237\" data-end=\"8288\">\n<td data-start=\"8237\" data-end=\"8248\" data-col-size=\"sm\"><strong data-start=\"8239\" data-end=\"8247\">Formul\u00e1r<\/strong><\/td>\n<td data-start=\"8248\" data-end=\"8288\" data-col-size=\"md\">Kruhov\u00fd dizajn s geometrick\u00fdm vzorom<\/td>\n<\/tr>\n<tr data-start=\"8289\" data-end=\"8357\">\n<td data-start=\"8289\" data-end=\"8303\" data-col-size=\"sm\"><strong data-start=\"8291\" data-end=\"8302\">Pou\u017eite<\/strong><\/td>\n<td data-start=\"8303\" data-end=\"8357\" data-col-size=\"md\">Dekor\u00e1cie \/ Medit\u00e1cia \/ Joga \/ Duchovn\u00e1 prax<\/td>\n<\/tr>\n<tr data-start=\"8358\" data-end=\"8422\">\n<td data-start=\"8358\" data-end=\"8374\" data-col-size=\"sm\"><strong data-start=\"8360\" data-end=\"8373\">\u00dadr\u017eba<\/strong><\/td>\n<td data-col-size=\"md\" data-start=\"8374\" data-end=\"8422\">Utrite m\u00e4kkou handri\u010dkou, chr\u00e1\u0148te pred slne\u010dn\u00fdm svetlom<\/td>\n<\/tr>\n<\/tbody>\n<\/table>\n<\/div>\n<\/div>\n<hr data-start=\"8424\" data-end=\"8427\" \/>\n<h3 data-start=\"8429\" data-end=\"8446\"><strong data-start=\"8433\" data-end=\"8446\">Z\u00e1ver<\/strong><\/h3>\n<p data-start=\"8448\" data-end=\"8700\">Str\u00e1nka <strong data-start=\"8451\" data-end=\"8469\">\u017dlt\u00e1 mandala<\/strong> je viac ako dekor\u00e1cia - je to <strong data-start=\"8505\" data-end=\"8561\">duchovn\u00fd symbol svetla, rovnov\u00e1hy a tvorivosti<\/strong>.<br data-start=\"8562\" data-end=\"8565\" \/>\u010ci sa pou\u017e\u00edva na <strong data-start=\"8595\" data-end=\"8636\">joga, medit\u00e1cia alebo v\u00fdzdoba interi\u00e9ru<\/strong>, prin\u00e1\u0161a <strong data-start=\"8649\" data-end=\"8682\">pozit\u00edvna energia a harm\u00f3nia<\/strong> v akejko\u013evek miestnosti.<\/p>","protected":false},"excerpt":{"rendered":"<h2><strong><span dir=\"auto\" style=\"vertical-align: inherit;\"><span dir=\"auto\" style=\"vertical-align: inherit;\">Yellow Mandala &#8216;Benzo Fury&#8217;<\/span><\/span><\/strong><\/h2>\n<p><strong><span dir=\"auto\" style=\"vertical-align: inherit;\"><span dir=\"auto\" style=\"vertical-align: inherit;\">The Yellow Mandala mix with 6-APB contains enough for one person to conduct research. Always start your research with a quarter or half a tube and then find the best dosage for your needs!<\/span><\/span><\/strong><\/p>","protected":false},"featured_media":17094,"comment_status":"closed","ping_status":"closed","template":"","meta":[],"product_brand":[],"product_cat":[24,25,17,306,307,26,41],"product_tag":[22,409],"class_list":{"0":"post-738","1":"product","2":"type-product","3":"status-publish","4":"has-post-thumbnail","6":"product_cat-apb-6","7":"product_cat-benzofuran","8":"product_cat-bijna-verboden","9":"product_cat-liquid-rc","10":"product_cat-mandala-mixes","11":"product_cat-sale","12":"product_cat-tryptamine","13":"product_tag-nl","14":"product_tag-yellow-mandala","16":"first","17":"instock","18":"sale","19":"shipping-taxable","20":"purchasable","21":"product-type-variable"},"_links":{"self":[{"href":"https:\/\/researchchemicalshop.eu\/sk\/wp-json\/wp\/v2\/product\/738","targetHints":{"allow":["GET"]}}],"collection":[{"href":"https:\/\/researchchemicalshop.eu\/sk\/wp-json\/wp\/v2\/product"}],"about":[{"href":"https:\/\/researchchemicalshop.eu\/sk\/wp-json\/wp\/v2\/types\/product"}],"replies":[{"embeddable":true,"href":"https:\/\/researchchemicalshop.eu\/sk\/wp-json\/wp\/v2\/comments?post=738"}],"version-history":[{"count":1,"href":"https:\/\/researchchemicalshop.eu\/sk\/wp-json\/wp\/v2\/product\/738\/revisions"}],"predecessor-version":[{"id":16601,"href":"https:\/\/researchchemicalshop.eu\/sk\/wp-json\/wp\/v2\/product\/738\/revisions\/16601"}],"wp:featuredmedia":[{"embeddable":true,"href":"https:\/\/researchchemicalshop.eu\/sk\/wp-json\/wp\/v2\/media\/17094"}],"wp:attachment":[{"href":"https:\/\/researchchemicalshop.eu\/sk\/wp-json\/wp\/v2\/media?parent=738"}],"wp:term":[{"taxonomy":"product_brand","embeddable":true,"href":"https:\/\/researchchemicalshop.eu\/sk\/wp-json\/wp\/v2\/product_brand?post=738"},{"taxonomy":"product_cat","embeddable":true,"href":"https:\/\/researchchemicalshop.eu\/sk\/wp-json\/wp\/v2\/product_cat?post=738"},{"taxonomy":"product_tag","embeddable":true,"href":"https:\/\/researchchemicalshop.eu\/sk\/wp-json\/wp\/v2\/product_tag?post=738"}],"curies":[{"name":"wp","href":"https:\/\/api.w.org\/{rel}","templated":true}]}}