{"id":731,"date":"2026-02-09T11:54:58","date_gmt":"2026-02-09T11:54:58","guid":{"rendered":"https:\/\/researchchemicalshop.eu\/?post_type=product&#038;p=731"},"modified":"2026-03-05T18:38:26","modified_gmt":"2026-03-05T18:38:26","slug":"nb-5-meo-mipt-oxalaat","status":"publish","type":"product","link":"https:\/\/researchchemicalshop.eu\/sk\/produkt\/nb-5-meo-mipt-oxalaat\/","title":{"rendered":"NB-5-MeO-MiPT Oxal\u00e1t"},"content":{"rendered":"<p data-start=\"5927\" data-end=\"6241\"><strong data-start=\"5927\" data-end=\"5944\">NB-5-MeO-MiPT<\/strong> (N-Benzyl-5-methoxy-N-methyl-N-isopropyltryptamine) is een <strong data-start=\"6004\" data-end=\"6048\">onderzoeksstof van analytische kwaliteit<\/strong>, vyvinut\u00e9 pre <strong data-start=\"6066\" data-end=\"6120\">chemisch, forensisch en wetenschappelijk onderzoek<\/strong>. nb 5 meo mipt<br data-start=\"6121\" data-end=\"6124\" \/>Patr\u00ed k <strong data-start=\"6143\" data-end=\"6163\">trieda tryptam\u00ednov<\/strong> \u2013 een groep verbindingen die structureel verwant zijn aan <strong data-start=\"6222\" data-end=\"6238\">indoolamines<\/strong>.<\/p>\n<p data-start=\"6243\" data-end=\"6576\">Deze verbinding is een <strong data-start=\"6266\" data-end=\"6307\">benzyl-analoge variant van 5-MeO-MiPT<\/strong>, \u0161peci\u00e1lne vyvinut\u00e9 pre <strong data-start=\"6334\" data-end=\"6407\">receptorbindingsonderzoek, chromatografie en spectroscopische studies<\/strong>.<br data-start=\"6408\" data-end=\"6411\" \/>Geproduceerd onder <strong data-start=\"6430\" data-end=\"6471\">Normy SLP (spr\u00e1vna laborat\u00f3rna prax)<\/strong>, biedt NB-5-MeO-MiPT een <strong data-start=\"6497\" data-end=\"6520\">zuiverheid van \u226599%<\/strong>, <strong data-start=\"6522\" data-end=\"6547\">chemick\u00e1 stabilita<\/strong> a <strong data-start=\"6551\" data-end=\"6573\">batch-consistentie<\/strong>.<\/p>\n<blockquote data-start=\"6578\" data-end=\"6722\">\n<p data-start=\"6580\" data-end=\"6722\">\u26a0\ufe0f <strong data-start=\"6583\" data-end=\"6594\">Pozn\u00e1mka:<\/strong> Tento v\u00fdrobok je <strong data-start=\"6610\" data-end=\"6660\">ur\u010den\u00e9 v\u00fdlu\u010dne na laborat\u00f3rne testovanie<\/strong> a <strong data-start=\"6664\" data-end=\"6721\">nevhodn\u00e9 na \u013eudsk\u00fa alebo \u017eivo\u010d\u00ed\u0161nu spotrebu<\/strong>.<\/p>\n<\/blockquote>\n<hr data-start=\"6724\" data-end=\"6727\" \/>\n<h3 data-start=\"6729\" data-end=\"6760\"><strong data-start=\"6733\" data-end=\"6760\">K\u013e\u00fa\u010dov\u00e9 vlastnosti<\/strong><\/h3>\n<ul data-start=\"6762\" data-end=\"7220\">\n<li data-start=\"6762\" data-end=\"6827\">\n<p data-start=\"6764\" data-end=\"6827\"><strong data-start=\"6764\" data-end=\"6796\">Vysok\u00e1 analytick\u00e1 \u010distota:<\/strong> \u226599% getest met HPLC en NMR.<\/p>\n<\/li>\n<li data-start=\"6828\" data-end=\"6921\">\n<p data-start=\"6830\" data-end=\"6921\"><strong data-start=\"6830\" data-end=\"6854\">Tryptamine-derivaat:<\/strong> Structureel verwant aan 5-MeO-MiPT, met een N-benzylsubstitutie.<\/p>\n<\/li>\n<li data-start=\"6922\" data-end=\"6994\">\n<p data-start=\"6924\" data-end=\"6994\"><strong data-start=\"6924\" data-end=\"6951\">Stabiele samenstelling:<\/strong> Odoln\u00fd vo\u010di degrad\u00e1cii pri spr\u00e1vnom skladovan\u00ed.<\/p>\n<\/li>\n<li data-start=\"6995\" data-end=\"7064\">\n<p data-start=\"6997\" data-end=\"7064\"><strong data-start=\"6997\" data-end=\"7015\">V\u00fdroba v s\u00falade so z\u00e1sadami SLP:<\/strong> Geproduceerd onder strikte laboratoriumnormen.<\/p>\n<\/li>\n<li data-start=\"7065\" data-end=\"7140\">\n<p data-start=\"7067\" data-end=\"7140\"><strong data-start=\"7067\" data-end=\"7084\">D\u00e1vkov\u00e9 testovanie:<\/strong> Elke batch gecontroleerd op identiteit en zuiverheid.<\/p>\n<\/li>\n<li data-start=\"7141\" data-end=\"7220\">\n<p data-start=\"7143\" data-end=\"7220\"><strong data-start=\"7143\" data-end=\"7166\">Bezpe\u010dn\u00e9 balenie:<\/strong> Vzduchotesn\u00e9 a uzavret\u00e9 pre optim\u00e1lnu trvanlivos\u0165.<\/p>\n<\/li>\n<\/ul>\n<hr data-start=\"7222\" data-end=\"7225\" \/>\n<h3 data-start=\"7227\" data-end=\"7244\"><strong data-start=\"7231\" data-end=\"7244\">V\u00fdhody<\/strong><\/h3>\n<ol data-start=\"7246\" data-end=\"7693\">\n<li data-start=\"7246\" data-end=\"7337\">\n<p data-start=\"7249\" data-end=\"7337\"><strong data-start=\"7249\" data-end=\"7286\">Betrouwbare onderzoeksresultaten:<\/strong> Hoge zuiverheid garandeert reproduceerbare data.<\/p>\n<\/li>\n<li data-start=\"7338\" data-end=\"7425\">\n<p data-start=\"7341\" data-end=\"7425\"><strong data-start=\"7341\" data-end=\"7367\">Chemische stabiliteit:<\/strong> Bestand tegen licht, vocht en temperatuurschommelingen. nb 5 meo mipt<\/p>\n<\/li>\n<li data-start=\"7426\" data-end=\"7522\">\n<p data-start=\"7429\" data-end=\"7522\"><strong data-start=\"7429\" data-end=\"7450\">Breed toepasbaar:<\/strong> Vhodn\u00e9 pre <strong data-start=\"7465\" data-end=\"7519\">chromatografia, spektroskopia a testovanie receptorov<\/strong>.<\/p>\n<\/li>\n<li data-start=\"7523\" data-end=\"7617\">\n<p data-start=\"7526\" data-end=\"7617\"><strong data-start=\"7526\" data-end=\"7554\">Profesion\u00e1lna kvalita:<\/strong> Ontworpen voor forensische en wetenschappelijke laboratoria.<\/p>\n<\/li>\n<li data-start=\"7618\" data-end=\"7693\">\n<p data-start=\"7621\" data-end=\"7693\"><strong data-start=\"7621\" data-end=\"7645\">Consistente batches:<\/strong> Voor nauwkeurige en herhaalbare experimenten.<\/p>\n<\/li>\n<\/ol>\n<hr data-start=\"7695\" data-end=\"7698\" \/>\n<h3 data-start=\"7700\" data-end=\"7739\"><strong data-start=\"7704\" data-end=\"7739\">Pou\u017e\u00edvanie (len pre v\u00fdskum)<\/strong><\/h3>\n<ol data-start=\"7741\" data-end=\"8163\">\n<li data-start=\"7741\" data-end=\"7833\">\n<p data-start=\"7744\" data-end=\"7833\"><strong data-start=\"7744\" data-end=\"7775\">Noste ochrann\u00fd odev:<\/strong> Handschoenen, veiligheidsbril en labjas zijn verplicht.<\/p>\n<\/li>\n<li data-start=\"7834\" data-end=\"7923\">\n<p data-start=\"7837\" data-end=\"7923\"><strong data-start=\"7837\" data-end=\"7876\">Pou\u017e\u00edvajte v kontrolovanom prostred\u00ed:<\/strong> Werk in zuurkast of afgesloten laboratorium.<\/p>\n<\/li>\n<li data-start=\"7924\" data-end=\"7985\">\n<p data-start=\"7927\" data-end=\"7985\"><strong data-start=\"7927\" data-end=\"7947\">Meet nauwkeurig:<\/strong> Gebruik gekalibreerde instrumenten.<\/p>\n<\/li>\n<li data-start=\"7986\" data-end=\"8068\">\n<p data-start=\"7989\" data-end=\"8068\"><strong data-start=\"7989\" data-end=\"8016\">Inform\u00e1cie o d\u00e1vke:<\/strong> Registreer zuiverheid en experimentele condities.<\/p>\n<\/li>\n<li data-start=\"8069\" data-end=\"8163\">\n<p data-start=\"8072\" data-end=\"8163\"><strong data-start=\"8072\" data-end=\"8106\">Verwijder afvalstoffen veilig:<\/strong> Volg de veiligheidsvoorschriften van het laboratorium.<\/p>\n<\/li>\n<\/ol>\n<blockquote data-start=\"8165\" data-end=\"8250\">\n<p data-start=\"8167\" data-end=\"8250\">\u2697\ufe0f <strong data-start=\"8170\" data-end=\"8250\">Len na laborat\u00f3rne testovanie - nie na \u013eudsk\u00fa spotrebu.<\/strong><\/p>\n<\/blockquote>\n<hr data-start=\"8252\" data-end=\"8255\" \/>\n<h3 data-start=\"8257\" data-end=\"8282\"><strong data-start=\"8261\" data-end=\"8282\">Pokyny na skladovanie<\/strong><\/h3>\n<ul data-start=\"8284\" data-end=\"8452\">\n<li data-start=\"8284\" data-end=\"8326\">\n<p data-start=\"8286\" data-end=\"8326\">Ulo\u017ei\u0165 na <strong data-start=\"8297\" data-end=\"8306\">2-8\u00b0C<\/strong>, such\u00e9 a tmav\u00e9.<\/p>\n<\/li>\n<li data-start=\"8327\" data-end=\"8363\">\n<p data-start=\"8329\" data-end=\"8363\">N\u00e1dobu udr\u017eiavajte tesne uzavret\u00fa.<\/p>\n<\/li>\n<li data-start=\"8364\" data-end=\"8409\">\n<p data-start=\"8366\" data-end=\"8409\">Chr\u00e1\u0148te pred <strong data-start=\"8381\" data-end=\"8406\">licht, hitte en vocht<\/strong>.<\/p>\n<\/li>\n<li data-start=\"8410\" data-end=\"8452\">\n<p data-start=\"8412\" data-end=\"8452\">Uchov\u00e1vajte mimo dosahu nepovolan\u00fdch os\u00f4b.<\/p>\n<\/li>\n<\/ul>\n<hr data-start=\"8454\" data-end=\"8457\" \/>\n<h3 data-start=\"8459\" data-end=\"8494\"><strong data-start=\"8463\" data-end=\"8494\">\u010casto kladen\u00e9 ot\u00e1zky (FAQ)<\/strong><\/h3>\n<p data-start=\"8496\" data-end=\"8691\"><strong data-start=\"8496\" data-end=\"8541\">1. Waarvoor wordt NB-5-MeO-MiPT gebruikt?<\/strong><br data-start=\"8541\" data-end=\"8544\" \/>NB-5-MeO-MiPT wordt gebruikt voor <strong data-start=\"8578\" data-end=\"8616\">analytick\u00e9 a forenzn\u00e9 vy\u0161etrovanie<\/strong>, met focus op <strong data-start=\"8631\" data-end=\"8657\">tryptamineverbindingen<\/strong> en hun chemische eigenschappen.<\/p>\n<p data-start=\"8693\" data-end=\"8896\"><strong data-start=\"8693\" data-end=\"8753\">2. Is NB-5-MeO-MiPT geschikt voor menselijke consumptie?<\/strong><br data-start=\"8753\" data-end=\"8756\" \/>Nie. <strong data-start=\"8761\" data-end=\"8778\">NB-5-MeO-MiPT<\/strong> is <strong data-start=\"8782\" data-end=\"8832\">ur\u010den\u00e9 v\u00fdlu\u010dne na laborat\u00f3rne testovanie<\/strong> a <strong data-start=\"8836\" data-end=\"8893\">nevhodn\u00e9 na \u013eudsk\u00fa alebo \u017eivo\u010d\u00ed\u0161nu spotrebu<\/strong>.<\/p>\n<p data-start=\"8898\" data-end=\"9040\"><strong data-start=\"8898\" data-end=\"8943\">3. Hoe bewaar ik NB-5-MeO-MiPT het beste?<\/strong><br data-start=\"8943\" data-end=\"8946\" \/>Ulo\u017ei\u0165 na <strong data-start=\"8960\" data-end=\"9002\">chladn\u00e9, such\u00e9 a tmav\u00e9 miesto (2-8 \u00b0C)<\/strong>, v <strong data-start=\"9011\" data-end=\"9037\">vzduchotesn\u00fd obal<\/strong>.<\/p>\n<hr data-start=\"9042\" data-end=\"9045\" \/>\n<h3 data-start=\"9047\" data-end=\"9064\"><strong data-start=\"9051\" data-end=\"9064\">Z\u00e1ver<\/strong><\/h3>\n<p data-start=\"9066\" data-end=\"9310\"><strong data-start=\"9066\" data-end=\"9083\">NB-5-MeO-MiPT<\/strong> je <strong data-start=\"9091\" data-end=\"9135\">hoogwaardige, analytische onderzoeksstof<\/strong> s <strong data-start=\"9140\" data-end=\"9195\">uitstekende zuiverheid, stabiliteit en consistentie<\/strong>.<br data-start=\"9196\" data-end=\"9199\" \/>Perfect voor laboratoria die zich richten op <strong data-start=\"9244\" data-end=\"9307\">tryptamineonderzoek, chromatografie en structurele analyses<\/strong>.<\/p>","protected":false},"excerpt":{"rendered":"<h3><span data-sheets-value=\"{\" data-sheets-userformat=\"{\"><span style=\"vertical-align: inherit;\"><span style=\"vertical-align: inherit;\"><span dir=\"auto\" style=\"vertical-align: inherit;\"><span dir=\"auto\" style=\"vertical-align: inherit;\">NB-5-MeO-MiPT oxalate properties<\/span><\/span><\/span><\/span><\/span><\/h3>\n<p><strong><span style=\"vertical-align: inherit;\"><span style=\"vertical-align: inherit;\"><span dir=\"auto\" style=\"vertical-align: inherit;\"><span dir=\"auto\" style=\"vertical-align: inherit;\">Synonym:<\/span><\/span><\/span><\/span><\/strong><span style=\"vertical-align: inherit;\"><span style=\"vertical-align: inherit;\"><span dir=\"auto\" style=\"vertical-align: inherit;\"><span dir=\"auto\" style=\"vertical-align: inherit;\"> tert-butyl 3-(2-(isopropyl(methyl)amino)ethyl)-5-methoxy-1H-indole-1-carboxylate oxalate <\/span><\/span><\/span><\/span><br \/>\n<strong><span style=\"vertical-align: inherit;\"><span style=\"vertical-align: inherit;\"><span dir=\"auto\" style=\"vertical-align: inherit;\"><span dir=\"auto\" style=\"vertical-align: inherit;\">CAS Number:<\/span><\/span><\/span><\/span><\/strong><span style=\"vertical-align: inherit;\"><span style=\"vertical-align: inherit;\"><span dir=\"auto\" style=\"vertical-align: inherit;\"><span dir=\"auto\" style=\"vertical-align: inherit;\"> none <\/span><\/span><\/span><\/span><br \/>\n<strong><span style=\"vertical-align: inherit;\"><span style=\"vertical-align: inherit;\"><span dir=\"auto\" style=\"vertical-align: inherit;\"><span dir=\"auto\" style=\"vertical-align: inherit;\">Formula:<\/span><\/span><\/span><\/span><\/strong><span style=\"vertical-align: inherit;\"><span style=\"vertical-align: inherit;\"><span dir=\"auto\" style=\"vertical-align: inherit;\"><span dir=\"auto\" style=\"vertical-align: inherit;\"> 3-[2-(isopropylmethylamino)ethyl]-5-methoxyindole freebase <\/span><\/span><\/span><\/span><br \/>\n<strong><span style=\"vertical-align: inherit;\"><span style=\"vertical-align: inherit;\"><span dir=\"auto\" style=\"vertical-align: inherit;\"><span dir=\"auto\" style=\"vertical-align: inherit;\">Mole mass:<\/span><\/span><\/span><\/span><\/strong><span style=\"vertical-align: inherit;\"><span style=\"vertical-align: inherit;\"><span dir=\"auto\" style=\"vertical-align: inherit;\"><span dir=\"auto\" style=\"vertical-align: inherit;\"> xx <\/span><\/span><\/span><\/span><br \/>\n<strong><span style=\"vertical-align: inherit;\"><span style=\"vertical-align: inherit;\"><span dir=\"auto\" style=\"vertical-align: inherit;\"><span dir=\"auto\" style=\"vertical-align: inherit;\">Purity:<\/span><\/span><\/span><\/span><\/strong><span style=\"vertical-align: inherit;\"><span style=\"vertical-align: inherit;\"><span dir=\"auto\" style=\"vertical-align: inherit;\"><span dir=\"auto\" style=\"vertical-align: inherit;\"> 98%&gt;<\/span><\/span><\/span><\/span><\/p>\n","protected":false},"featured_media":17036,"comment_status":"closed","ping_status":"closed","template":"","meta":[],"product_brand":[],"product_cat":[395,41],"product_tag":[396,397,963],"class_list":{"0":"post-731","1":"product","2":"type-product","3":"status-publish","4":"has-post-thumbnail","6":"product_cat-nb-5-meo-mipt","7":"product_cat-tryptamine","8":"product_tag-de","9":"product_tag-nb-5-meo-mipt","10":"product_tag-nb-5-meo-mipt-oxalaat","12":"first","13":"instock","14":"shipping-taxable","15":"purchasable","16":"product-type-variable"},"_links":{"self":[{"href":"https:\/\/researchchemicalshop.eu\/sk\/wp-json\/wp\/v2\/product\/731","targetHints":{"allow":["GET"]}}],"collection":[{"href":"https:\/\/researchchemicalshop.eu\/sk\/wp-json\/wp\/v2\/product"}],"about":[{"href":"https:\/\/researchchemicalshop.eu\/sk\/wp-json\/wp\/v2\/types\/product"}],"replies":[{"embeddable":true,"href":"https:\/\/researchchemicalshop.eu\/sk\/wp-json\/wp\/v2\/comments?post=731"}],"version-history":[{"count":1,"href":"https:\/\/researchchemicalshop.eu\/sk\/wp-json\/wp\/v2\/product\/731\/revisions"}],"predecessor-version":[{"id":16614,"href":"https:\/\/researchchemicalshop.eu\/sk\/wp-json\/wp\/v2\/product\/731\/revisions\/16614"}],"wp:featuredmedia":[{"embeddable":true,"href":"https:\/\/researchchemicalshop.eu\/sk\/wp-json\/wp\/v2\/media\/17036"}],"wp:attachment":[{"href":"https:\/\/researchchemicalshop.eu\/sk\/wp-json\/wp\/v2\/media?parent=731"}],"wp:term":[{"taxonomy":"product_brand","embeddable":true,"href":"https:\/\/researchchemicalshop.eu\/sk\/wp-json\/wp\/v2\/product_brand?post=731"},{"taxonomy":"product_cat","embeddable":true,"href":"https:\/\/researchchemicalshop.eu\/sk\/wp-json\/wp\/v2\/product_cat?post=731"},{"taxonomy":"product_tag","embeddable":true,"href":"https:\/\/researchchemicalshop.eu\/sk\/wp-json\/wp\/v2\/product_tag?post=731"}],"curies":[{"name":"wp","href":"https:\/\/api.w.org\/{rel}","templated":true}]}}