{"id":730,"date":"2026-02-09T11:54:58","date_gmt":"2026-02-09T11:54:58","guid":{"rendered":"https:\/\/researchchemicalshop.eu\/?post_type=product&#038;p=730"},"modified":"2026-03-05T18:32:09","modified_gmt":"2026-03-05T18:32:09","slug":"1cp-lsd-10-mcg-pelety-mikrodavky","status":"publish","type":"product","link":"https:\/\/researchchemicalshop.eu\/sk\/produkt\/1cp-lsd-10-mcg-pelety-mikrodavky\/","title":{"rendered":"1cP LSD 10 MCG pelety - mikrod\u00e1vky"},"content":{"rendered":"<h3 data-start=\"6127\" data-end=\"6146\"><strong data-start=\"6131\" data-end=\"6146\">\u00davod<\/strong><\/h3>\n<p data-start=\"6148\" data-end=\"6467\"><strong data-start=\"6148\" data-end=\"6172\">1cP-LSD 10\u00b5g pelety<\/strong> (dietylamid kyseliny 1-cyklopropionyl-lyzergovej) s\u00fa <strong data-start=\"6224\" data-end=\"6271\">analytick\u00e9 v\u00fdskumn\u00e9 l\u00e1tky<\/strong>, \u0161peci\u00e1lne vyvinut\u00e9 pre <strong data-start=\"6298\" data-end=\"6352\">vedeck\u00fd, chemick\u00fd a forenzn\u00fd v\u00fdskum<\/strong>. 1cP-LSD 10\u00b5g pelety<br data-start=\"6353\" data-end=\"6356\" \/>Toto spojenie patr\u00ed k <strong data-start=\"6387\" data-end=\"6409\">rodina lyzergamidov<\/strong> a je \u0161truktur\u00e1lne pr\u00edbuzn\u00fd <strong data-start=\"6440\" data-end=\"6450\">1P-LSD<\/strong> a <strong data-start=\"6454\" data-end=\"6464\">LSD-25<\/strong>.<\/p>\n<p data-start=\"6469\" data-end=\"6697\">Ka\u017ed\u00e1 peleta obsahuje <strong data-start=\"6487\" data-end=\"6508\">10 mikrogramov (\u00b5g)<\/strong> 1cP-LSD s \u010distotou <strong data-start=\"6540\" data-end=\"6548\">\u226599%<\/strong>, vyroben\u00e9 pod <strong data-start=\"6569\" data-end=\"6610\">Normy SLP (spr\u00e1vna laborat\u00f3rna prax)<\/strong>.<br data-start=\"6611\" data-end=\"6614\" \/>Ide\u00e1lne pre <strong data-start=\"6626\" data-end=\"6694\">chromatografick\u00e9, spektroskopick\u00e9 a receptorovo orientovan\u00e9 anal\u00fdzy<\/strong>.<\/p>\n<blockquote data-start=\"6699\" data-end=\"6843\">\n<p data-start=\"6701\" data-end=\"6843\">\u26a0\ufe0f <strong data-start=\"6704\" data-end=\"6715\">Pozn\u00e1mka:<\/strong> Tento v\u00fdrobok je <strong data-start=\"6731\" data-end=\"6781\">ur\u010den\u00e9 v\u00fdlu\u010dne na laborat\u00f3rne testovanie<\/strong> a <strong data-start=\"6785\" data-end=\"6842\">nevhodn\u00e9 na \u013eudsk\u00fa alebo \u017eivo\u010d\u00ed\u0161nu spotrebu<\/strong>.<\/p>\n<\/blockquote>\n<hr data-start=\"6845\" data-end=\"6848\" \/>\n<h3 data-start=\"6850\" data-end=\"6881\"><strong data-start=\"6854\" data-end=\"6881\">K\u013e\u00fa\u010dov\u00e9 vlastnosti<\/strong><\/h3>\n<ul data-start=\"6883\" data-end=\"7316\">\n<li data-start=\"6883\" data-end=\"6949\">\n<p data-start=\"6885\" data-end=\"6949\"><strong data-start=\"6885\" data-end=\"6917\">Vysok\u00e1 analytick\u00e1 \u010distota:<\/strong> \u226599%, testovan\u00e9 pomocou HPLC a NMR.<\/p>\n<\/li>\n<li data-start=\"6950\" data-end=\"7019\">\n<p data-start=\"6952\" data-end=\"7019\"><strong data-start=\"6952\" data-end=\"6975\">Mikrod\u00e1vkov\u00e1 presnos\u0165:<\/strong> Ka\u017ed\u00e1 peleta obsahuje presne <strong data-start=\"7000\" data-end=\"7016\">10 \u00b5g 1cP-LSD<\/strong>.<\/p>\n<\/li>\n<li data-start=\"7020\" data-end=\"7086\">\n<p data-start=\"7022\" data-end=\"7086\"><strong data-start=\"7022\" data-end=\"7043\">Chemicky stabiln\u00fd:<\/strong> Odoln\u00fd vo\u010di degrad\u00e1cii pri spr\u00e1vnom skladovan\u00ed.<\/p>\n<\/li>\n<li data-start=\"7087\" data-end=\"7158\">\n<p data-start=\"7089\" data-end=\"7158\"><strong data-start=\"7089\" data-end=\"7107\">V\u00fdroba v s\u00falade so z\u00e1sadami SLP:<\/strong> Vyroben\u00e9 pod\u013ea pr\u00edsnych laborat\u00f3rnych noriem.<\/p>\n<\/li>\n<li data-start=\"7159\" data-end=\"7236\">\n<p data-start=\"7161\" data-end=\"7236\"><strong data-start=\"7161\" data-end=\"7178\">D\u00e1vkov\u00e9 testovanie:<\/strong> Ka\u017ed\u00e1 d\u00e1vka sa kontroluje z h\u013eadiska identity a konzistencie.<\/p>\n<\/li>\n<li data-start=\"7237\" data-end=\"7316\">\n<p data-start=\"7239\" data-end=\"7316\"><strong data-start=\"7239\" data-end=\"7262\">Bezpe\u010dn\u00e9 balenie:<\/strong> Vzduchotesn\u00e9 a uzavret\u00e9 pre optim\u00e1lnu trvanlivos\u0165.<\/p>\n<\/li>\n<\/ul>\n<hr data-start=\"7318\" data-end=\"7321\" \/>\n<h3 data-start=\"7323\" data-end=\"7340\"><strong data-start=\"7327\" data-end=\"7340\">V\u00fdhody<\/strong><\/h3>\n<ol data-start=\"7342\" data-end=\"7772\">\n<li data-start=\"7342\" data-end=\"7454\">\n<p data-start=\"7345\" data-end=\"7454\"><strong data-start=\"7345\" data-end=\"7382\">Ide\u00e1lne na analytick\u00fd v\u00fdskum:<\/strong> Vhodn\u00e9 pre <strong data-start=\"7397\" data-end=\"7451\">chromatografia, spektroskopia a testovanie receptorov<\/strong>.<\/p>\n<\/li>\n<li data-start=\"7455\" data-end=\"7544\">\n<p data-start=\"7458\" data-end=\"7544\"><strong data-start=\"7458\" data-end=\"7487\">Presnos\u0165 mikrod\u00e1vok:<\/strong> Presn\u00e9 d\u00e1vkovanie 10 \u00b5g pre \u0161t\u00fadie mikrod\u00e1vkovania.<\/p>\n<\/li>\n<li data-start=\"7545\" data-end=\"7625\">\n<p data-start=\"7548\" data-end=\"7625\"><strong data-start=\"7548\" data-end=\"7575\">Dlhodob\u00e1 stabilita:<\/strong> Pri spr\u00e1vnom skladovan\u00ed je odoln\u00fd vo\u010di svetlu a vlhkosti.<\/p>\n<\/li>\n<li data-start=\"7626\" data-end=\"7705\">\n<p data-start=\"7629\" data-end=\"7705\"><strong data-start=\"7629\" data-end=\"7657\">Profesion\u00e1lna kvalita:<\/strong> Ur\u010den\u00e9 pre vedeck\u00e9 laborat\u00f3ri\u00e1.<\/p>\n<\/li>\n<li data-start=\"7706\" data-end=\"7772\">\n<p data-start=\"7709\" data-end=\"7772\"><strong data-start=\"7709\" data-end=\"7736\">Spo\u013eahliv\u00e9 v\u00fdsledky:<\/strong> Vysok\u00e1 konzistencia medzi jednotliv\u00fdmi d\u00e1vkami.<\/p>\n<\/li>\n<\/ol>\n<hr data-start=\"7774\" data-end=\"7777\" \/>\n<h3 data-start=\"7779\" data-end=\"7818\"><strong data-start=\"7783\" data-end=\"7818\">Pou\u017e\u00edvanie (len pre v\u00fdskum)<\/strong><\/h3>\n<ol data-start=\"7820\" data-end=\"8192\">\n<li data-start=\"7820\" data-end=\"7897\">\n<p data-start=\"7823\" data-end=\"7897\"><strong data-start=\"7823\" data-end=\"7854\">Noste ochrann\u00fd odev:<\/strong> Rukavice, ochrann\u00e9 okuliare a laborat\u00f3rny pl\u00e1\u0161\u0165.<\/p>\n<\/li>\n<li data-start=\"7898\" data-end=\"7966\">\n<p data-start=\"7901\" data-end=\"7966\"><strong data-start=\"7901\" data-end=\"7940\">Pou\u017e\u00edvajte v kontrolovanom prostred\u00ed:<\/strong> Pracujte \u010disto a sterilne.<\/p>\n<\/li>\n<li data-start=\"7967\" data-end=\"8048\">\n<p data-start=\"7970\" data-end=\"8048\"><strong data-start=\"7970\" data-end=\"7997\">Inform\u00e1cie o d\u00e1vke:<\/strong> Zaznamenajte \u010d\u00edslo \u0161ar\u017ee a \u00fadaje o experimente.<\/p>\n<\/li>\n<li data-start=\"8049\" data-end=\"8127\">\n<p data-start=\"8052\" data-end=\"8127\"><strong data-start=\"8052\" data-end=\"8089\">Pou\u017e\u00edvajte kalibrovan\u00e9 zariadenia:<\/strong> Na presn\u00fa mikrogramov\u00fa anal\u00fdzu.<\/p>\n<\/li>\n<li data-start=\"8128\" data-end=\"8192\">\n<p data-start=\"8131\" data-end=\"8192\"><strong data-start=\"8131\" data-end=\"8158\">Bezpe\u010dne zlikvidujte odpad:<\/strong> Dodr\u017eiavajte bezpe\u010dnostn\u00e9 pokyny.<\/p>\n<\/li>\n<\/ol>\n<blockquote data-start=\"8194\" data-end=\"8279\">\n<p data-start=\"8196\" data-end=\"8279\">\u2697\ufe0f <strong data-start=\"8199\" data-end=\"8279\">Len na laborat\u00f3rne testovanie - nie na \u013eudsk\u00fa spotrebu.<\/strong><\/p>\n<\/blockquote>\n<hr data-start=\"8281\" data-end=\"8284\" \/>\n<h3 data-start=\"8286\" data-end=\"8311\"><strong data-start=\"8290\" data-end=\"8311\">Pokyny na skladovanie<\/strong><\/h3>\n<ul data-start=\"8313\" data-end=\"8498\">\n<li data-start=\"8313\" data-end=\"8355\">\n<p data-start=\"8315\" data-end=\"8355\">Ulo\u017ei\u0165 na <strong data-start=\"8326\" data-end=\"8335\">2-8\u00b0C<\/strong>, such\u00e9 a tmav\u00e9.<\/p>\n<\/li>\n<li data-start=\"8356\" data-end=\"8392\">\n<p data-start=\"8358\" data-end=\"8392\">N\u00e1dobu udr\u017eiavajte tesne uzavret\u00fa.<\/p>\n<\/li>\n<li data-start=\"8393\" data-end=\"8438\">\n<p data-start=\"8395\" data-end=\"8438\">Chr\u00e1\u0148te pred <strong data-start=\"8410\" data-end=\"8435\">svetlo, vlhkos\u0165 a teplo<\/strong>.<\/p>\n<\/li>\n<li data-start=\"8439\" data-end=\"8498\">\n<p data-start=\"8441\" data-end=\"8498\">Pr\u00edstupn\u00e9 len pre opr\u00e1vnen\u00fdch pracovn\u00edkov laborat\u00f3ria.<\/p>\n<\/li>\n<\/ul>\n<hr data-start=\"8500\" data-end=\"8503\" \/>\n<h3 data-start=\"8505\" data-end=\"8540\"><strong data-start=\"8509\" data-end=\"8540\">\u010casto kladen\u00e9 ot\u00e1zky (FAQ)<\/strong><\/h3>\n<p data-start=\"8542\" data-end=\"8708\"><strong data-start=\"8542\" data-end=\"8586\">1. Na \u010do sa pou\u017e\u00edva 1cP-LSD 10 \u00b5g?<\/strong><br data-start=\"8586\" data-end=\"8589\" \/>Pre <strong data-start=\"8594\" data-end=\"8638\">vedeck\u00fd a analytick\u00fd v\u00fdskum<\/strong>, so zameran\u00edm na <strong data-start=\"8651\" data-end=\"8676\">deriv\u00e1ty lyzergamidu<\/strong> a <strong data-start=\"8680\" data-end=\"8705\">anal\u00fdza mikrod\u00e1vok<\/strong>.<\/p>\n<p data-start=\"8710\" data-end=\"8905\"><strong data-start=\"8710\" data-end=\"8753\">2. Je 1cP-LSD vhodn\u00fd na konzum\u00e1ciu?<\/strong><br data-start=\"8753\" data-end=\"8756\" \/>Nie. <strong data-start=\"8761\" data-end=\"8785\">1cP-LSD 10\u00b5g pelety<\/strong> jeho <strong data-start=\"8791\" data-end=\"8841\">ur\u010den\u00e9 v\u00fdlu\u010dne na laborat\u00f3rne testovanie<\/strong> a <strong data-start=\"8845\" data-end=\"8902\">nevhodn\u00e9 na \u013eudsk\u00fa alebo \u017eivo\u010d\u00ed\u0161nu spotrebu<\/strong>.<\/p>\n<p data-start=\"8907\" data-end=\"9043\"><strong data-start=\"8907\" data-end=\"8946\">3. Ak\u00fd je najlep\u0161\u00ed sp\u00f4sob skladovania 1cP-LSD?<\/strong><br data-start=\"8946\" data-end=\"8949\" \/>Ulo\u017ei\u0165 na <strong data-start=\"8963\" data-end=\"9005\">chladn\u00e9, such\u00e9 a tmav\u00e9 miesto (2-8 \u00b0C)<\/strong>, v <strong data-start=\"9014\" data-end=\"9040\">vzduchotesn\u00fd obal<\/strong>.<\/p>\n<hr data-start=\"9045\" data-end=\"9048\" \/>\n<h3 data-start=\"9050\" data-end=\"9067\"><strong data-start=\"9054\" data-end=\"9067\">Z\u00e1ver<\/strong><\/h3>\n<p data-start=\"9069\" data-end=\"9360\"><strong data-start=\"9069\" data-end=\"9105\">1cP-LSD 10\u00b5g pelety (mikrod\u00e1vka)<\/strong> jeho <strong data-start=\"9111\" data-end=\"9152\">vysokokvalitn\u00e9 analytick\u00e9 zl\u00fa\u010deniny<\/strong>, ide\u00e1lne pre <strong data-start=\"9166\" data-end=\"9202\">forenzn\u00e9 a chemick\u00e9 sk\u00famanie<\/strong>.<br data-start=\"9203\" data-end=\"9206\" \/>Ich <strong data-start=\"9210\" data-end=\"9249\">presnos\u0165 mikrod\u00e1vok, vysok\u00e1 \u010distota<\/strong> a <strong data-start=\"9253\" data-end=\"9270\">V\u00fdroba v s\u00falade so z\u00e1sadami SLP<\/strong> s\u00fa spo\u013eahlivou vo\u013ebou pre laborat\u00f3ri\u00e1, ktor\u00e9 <strong data-start=\"9323\" data-end=\"9347\">anal\u00fdzy lyzergamidu<\/strong> vykon\u00e1va\u0165.<\/p>","protected":false},"excerpt":{"rendered":"<h3><span data-sheets-value=\"{\"><span dir=\"auto\" style=\"vertical-align: inherit;\"><span dir=\"auto\" style=\"vertical-align: inherit;\">1cP-LSD pelety<\/span><\/span><\/span><span dir=\"auto\" style=\"vertical-align: inherit;\"><span dir=\"auto\" style=\"vertical-align: inherit;\"> Properties<\/span><\/span><\/h3>\n<p><strong><span dir=\"auto\" style=\"vertical-align: inherit;\"><span dir=\"auto\" style=\"vertical-align: inherit;\">Synonym:<\/span><\/span><\/strong><span dir=\"auto\" style=\"vertical-align: inherit;\"><span dir=\"auto\" style=\"vertical-align: inherit;\"> 1-cyclopropanecarbonyl-lysergic acid diethylamide hemi-L-tartrate <\/span><\/span><br \/>\n<strong><span dir=\"auto\" style=\"vertical-align: inherit;\"><span dir=\"auto\" style=\"vertical-align: inherit;\">CAS Number:<\/span><\/span><\/strong><span dir=\"auto\" style=\"vertical-align: inherit;\"><span dir=\"auto\" style=\"vertical-align: inherit;\"> N\/A <\/span><\/span><br \/>\n<strong><span dir=\"auto\" style=\"vertical-align: inherit;\"><span dir=\"auto\" style=\"vertical-align: inherit;\">Formula:<\/span><\/span><\/strong><span dir=\"auto\" style=\"vertical-align: inherit;\"><span dir=\"auto\" style=\"vertical-align: inherit;\"> (8\u03b2)-1-cyclopropionyl-N,N-diethyl-6-methyl-9,10-didehydroergoline-8-carboxamide hemi-L-tartrate <\/span><\/span><br \/>\n<strong><span dir=\"auto\" style=\"vertical-align: inherit;\"><span dir=\"auto\" style=\"vertical-align: inherit;\">Mole mass:<\/span><\/span><\/strong><span dir=\"auto\" style=\"vertical-align: inherit;\"><span dir=\"auto\" style=\"vertical-align: inherit;\"> 466.4 g\/mol <\/span><\/span><br \/>\n<strong><span dir=\"auto\" style=\"vertical-align: inherit;\"><span dir=\"auto\" style=\"vertical-align: inherit;\">Purity:<\/span><\/span><\/strong><span dir=\"auto\" style=\"vertical-align: inherit;\"><span dir=\"auto\" style=\"vertical-align: inherit;\"> &gt;97%<\/span><\/span><\/p>","protected":false},"featured_media":16806,"comment_status":"closed","ping_status":"closed","template":"","meta":[],"product_brand":[],"product_cat":[145,394,46,71],"product_tag":[248,22],"class_list":{"0":"post-730","1":"product","2":"type-product","3":"status-publish","4":"has-post-thumbnail","6":"product_cat-1cp-lsd-kopen","7":"product_cat-1cp-lsd-pellets","8":"product_cat-lysergamides","9":"product_cat-pellets","10":"product_tag-1cp-lsd","11":"product_tag-nl","13":"first","14":"instock","15":"shipping-taxable","16":"purchasable","17":"product-type-variable"},"_links":{"self":[{"href":"https:\/\/researchchemicalshop.eu\/sk\/wp-json\/wp\/v2\/product\/730","targetHints":{"allow":["GET"]}}],"collection":[{"href":"https:\/\/researchchemicalshop.eu\/sk\/wp-json\/wp\/v2\/product"}],"about":[{"href":"https:\/\/researchchemicalshop.eu\/sk\/wp-json\/wp\/v2\/types\/product"}],"replies":[{"embeddable":true,"href":"https:\/\/researchchemicalshop.eu\/sk\/wp-json\/wp\/v2\/comments?post=730"}],"version-history":[{"count":2,"href":"https:\/\/researchchemicalshop.eu\/sk\/wp-json\/wp\/v2\/product\/730\/revisions"}],"predecessor-version":[{"id":16672,"href":"https:\/\/researchchemicalshop.eu\/sk\/wp-json\/wp\/v2\/product\/730\/revisions\/16672"}],"wp:featuredmedia":[{"embeddable":true,"href":"https:\/\/researchchemicalshop.eu\/sk\/wp-json\/wp\/v2\/media\/16806"}],"wp:attachment":[{"href":"https:\/\/researchchemicalshop.eu\/sk\/wp-json\/wp\/v2\/media?parent=730"}],"wp:term":[{"taxonomy":"product_brand","embeddable":true,"href":"https:\/\/researchchemicalshop.eu\/sk\/wp-json\/wp\/v2\/product_brand?post=730"},{"taxonomy":"product_cat","embeddable":true,"href":"https:\/\/researchchemicalshop.eu\/sk\/wp-json\/wp\/v2\/product_cat?post=730"},{"taxonomy":"product_tag","embeddable":true,"href":"https:\/\/researchchemicalshop.eu\/sk\/wp-json\/wp\/v2\/product_tag?post=730"}],"curies":[{"name":"wp","href":"https:\/\/api.w.org\/{rel}","templated":true}]}}