{"id":729,"date":"2026-02-09T11:54:58","date_gmt":"2026-02-09T11:54:58","guid":{"rendered":"https:\/\/researchchemicalshop.eu\/?post_type=product&#038;p=729"},"modified":"2026-03-05T17:59:02","modified_gmt":"2026-03-05T17:59:02","slug":"norflurazepam-10-mg","status":"publish","type":"product","link":"https:\/\/researchchemicalshop.eu\/sk\/produkt\/norflurazepam-10-mg\/","title":{"rendered":"Norflurazepam 10 MG pelety"},"content":{"rendered":"<h3 data-start=\"6139\" data-end=\"6158\"><strong data-start=\"6143\" data-end=\"6158\">\u00davod<\/strong><\/h3>\n<p data-start=\"6160\" data-end=\"6523\"><strong data-start=\"6160\" data-end=\"6190\">Norflurazepam 10mg Pellets<\/strong> jeho <strong data-start=\"6196\" data-end=\"6243\">analytick\u00e9 v\u00fdskumn\u00e9 l\u00e1tky<\/strong>, vyvinut\u00e9 pre <strong data-start=\"6261\" data-end=\"6315\">wetenschappelijk, forensisch en chemisch onderzoek<\/strong>. Norflurazepam 10mg Pellets<br data-start=\"6316\" data-end=\"6319\" \/>Ook bekend als <strong data-start=\"6334\" data-end=\"6356\">Desalkylflurazepam<\/strong>, behoort deze verbinding tot de <strong data-start=\"6389\" data-end=\"6413\">benzodiazepineklasse<\/strong> en is het een <strong data-start=\"6428\" data-end=\"6476\">metaboliet van verschillende benzodiazepinen<\/strong>, waaronder <strong data-start=\"6488\" data-end=\"6502\">Diclazepam<\/strong> a <strong data-start=\"6506\" data-end=\"6520\">Flurazepam<\/strong>.<\/p>\n<p data-start=\"6525\" data-end=\"6758\">Ka\u017ed\u00e1 peleta obsahuje <strong data-start=\"6543\" data-end=\"6573\">10 milligram Norflurazepam<\/strong> met een gegarandeerde zuiverheid van <strong data-start=\"6611\" data-end=\"6619\">\u226599%<\/strong>, getest onder <strong data-start=\"6634\" data-end=\"6668\">Good Laboratory Practice (GLP)<\/strong>-normen.<br data-start=\"6676\" data-end=\"6679\" \/>Ide\u00e1lne pre <strong data-start=\"6691\" data-end=\"6755\">chromatografisch, spectroscopisch en toxicologisch onderzoek<\/strong>.<\/p>\n<blockquote data-start=\"6760\" data-end=\"6904\">\n<p data-start=\"6762\" data-end=\"6904\">\u26a0\ufe0f <strong data-start=\"6765\" data-end=\"6776\">Pozn\u00e1mka:<\/strong> Tento v\u00fdrobok je <strong data-start=\"6792\" data-end=\"6842\">ur\u010den\u00e9 v\u00fdlu\u010dne na laborat\u00f3rne testovanie<\/strong> a <strong data-start=\"6846\" data-end=\"6903\">nevhodn\u00e9 na \u013eudsk\u00fa alebo \u017eivo\u010d\u00ed\u0161nu spotrebu<\/strong>.<\/p>\n<\/blockquote>\n<hr data-start=\"6906\" data-end=\"6909\" \/>\n<h3 data-start=\"6911\" data-end=\"6942\"><strong data-start=\"6915\" data-end=\"6942\">K\u013e\u00fa\u010dov\u00e9 vlastnosti<\/strong><\/h3>\n<ul data-start=\"6944\" data-end=\"7442\">\n<li data-start=\"6944\" data-end=\"7043\">\n<p data-start=\"6946\" data-end=\"7043\"><strong data-start=\"6946\" data-end=\"6978\">Vysok\u00e1 analytick\u00e1 \u010distota:<\/strong> \u226599% getest via chromatografische en spectroscopische analyse.<\/p>\n<\/li>\n<li data-start=\"7044\" data-end=\"7110\">\n<p data-start=\"7046\" data-end=\"7110\"><strong data-start=\"7046\" data-end=\"7066\">Presn\u00e9 d\u00e1vkovanie:<\/strong> Ka\u017ed\u00e1 peleta obsahuje <strong data-start=\"7085\" data-end=\"7107\">10mg Norflurazepam<\/strong>.<\/p>\n<\/li>\n<li data-start=\"7111\" data-end=\"7186\">\n<p data-start=\"7113\" data-end=\"7186\"><strong data-start=\"7113\" data-end=\"7134\">Chemicky stabiln\u00fd:<\/strong> Bestand tegen afbraak bij juiste opslagcondities.<\/p>\n<\/li>\n<li data-start=\"7187\" data-end=\"7278\">\n<p data-start=\"7189\" data-end=\"7278\"><strong data-start=\"7189\" data-end=\"7207\">V\u00fdroba v s\u00falade so z\u00e1sadami SLP:<\/strong> Geproduceerd onder strikte <strong data-start=\"7235\" data-end=\"7263\">Good Laboratory Practice<\/strong>-richtlijnen.<\/p>\n<\/li>\n<li data-start=\"7279\" data-end=\"7362\">\n<p data-start=\"7281\" data-end=\"7362\"><strong data-start=\"7281\" data-end=\"7298\">D\u00e1vkov\u00e9 testovanie:<\/strong> Elke batch wordt gecontroleerd op identiteit en consistentie.<\/p>\n<\/li>\n<li data-start=\"7363\" data-end=\"7442\">\n<p data-start=\"7365\" data-end=\"7442\"><strong data-start=\"7365\" data-end=\"7388\">Bezpe\u010dn\u00e9 balenie:<\/strong> Vzduchotesn\u00e9 a uzavret\u00e9 pre optim\u00e1lnu trvanlivos\u0165.<\/p>\n<\/li>\n<\/ul>\n<hr data-start=\"7444\" data-end=\"7447\" \/>\n<h3 data-start=\"7449\" data-end=\"7466\"><strong data-start=\"7453\" data-end=\"7466\">V\u00fdhody<\/strong><\/h3>\n<ol data-start=\"7468\" data-end=\"7886\">\n<li data-start=\"7468\" data-end=\"7555\">\n<p data-start=\"7471\" data-end=\"7555\"><strong data-start=\"7471\" data-end=\"7508\">Betrouwbare onderzoeksresultaten:<\/strong> Hoge zuiverheid garandeert consistente data.<\/p>\n<\/li>\n<li data-start=\"7556\" data-end=\"7644\">\n<p data-start=\"7559\" data-end=\"7644\"><strong data-start=\"7559\" data-end=\"7586\">Dlhodob\u00e1 stabilita:<\/strong> Bestand tegen licht, vocht en temperatuurveranderingen.<\/p>\n<\/li>\n<li data-start=\"7645\" data-end=\"7717\">\n<p data-start=\"7648\" data-end=\"7717\"><strong data-start=\"7648\" data-end=\"7672\">Gebruiksvriendelijk:<\/strong> Pelletvorm zorgt voor eenvoudige dosering.<\/p>\n<\/li>\n<li data-start=\"7718\" data-end=\"7805\">\n<p data-start=\"7721\" data-end=\"7805\"><strong data-start=\"7721\" data-end=\"7749\">Profesion\u00e1lna kvalita:<\/strong> Vhodn\u00e9 pre <strong data-start=\"7764\" data-end=\"7802\">forensisch en analytisch onderzoek<\/strong>.<\/p>\n<\/li>\n<li data-start=\"7806\" data-end=\"7886\">\n<p data-start=\"7809\" data-end=\"7886\"><strong data-start=\"7809\" data-end=\"7840\">Internationale standaarden:<\/strong> Geproduceerd volgens GLP-veiligheidsnormen.<\/p>\n<\/li>\n<\/ol>\n<hr data-start=\"7888\" data-end=\"7891\" \/>\n<h3 data-start=\"7893\" data-end=\"7932\"><strong data-start=\"7897\" data-end=\"7932\">Pou\u017e\u00edvanie (len pre v\u00fdskum)<\/strong><\/h3>\n<ol data-start=\"7934\" data-end=\"8347\">\n<li data-start=\"7934\" data-end=\"8026\">\n<p data-start=\"7937\" data-end=\"8026\"><strong data-start=\"7937\" data-end=\"7968\">Noste ochrann\u00fd odev:<\/strong> Handschoenen, veiligheidsbril en labjas zijn verplicht.<\/p>\n<\/li>\n<li data-start=\"8027\" data-end=\"8096\">\n<p data-start=\"8030\" data-end=\"8096\"><strong data-start=\"8030\" data-end=\"8067\">Pou\u017e\u00edvajte kalibrovan\u00e9 zariadenia:<\/strong> Voor nauwkeurige metingen.<\/p>\n<\/li>\n<li data-start=\"8097\" data-end=\"8167\">\n<p data-start=\"8100\" data-end=\"8167\"><strong data-start=\"8100\" data-end=\"8127\">Inform\u00e1cie o d\u00e1vke:<\/strong> Registreer zuiverheid en hoeveelheid.<\/p>\n<\/li>\n<li data-start=\"8168\" data-end=\"8254\">\n<p data-start=\"8171\" data-end=\"8254\"><strong data-start=\"8171\" data-end=\"8211\">Werk in een gecontroleerde omgeving:<\/strong> Gebruik steriele laboratoriumapparatuur.<\/p>\n<\/li>\n<li data-start=\"8255\" data-end=\"8347\">\n<p data-start=\"8258\" data-end=\"8347\"><strong data-start=\"8258\" data-end=\"8292\">Verwijder afvalstoffen veilig:<\/strong> Volg de veiligheidsrichtlijnen van het laboratorium.<\/p>\n<\/li>\n<\/ol>\n<blockquote data-start=\"8349\" data-end=\"8434\">\n<p data-start=\"8351\" data-end=\"8434\">\u2697\ufe0f <strong data-start=\"8354\" data-end=\"8434\">Len na laborat\u00f3rne testovanie - nie na \u013eudsk\u00fa spotrebu.<\/strong><\/p>\n<\/blockquote>\n<hr data-start=\"8436\" data-end=\"8439\" \/>\n<h3 data-start=\"8441\" data-end=\"8466\"><strong data-start=\"8445\" data-end=\"8466\">Pokyny na skladovanie<\/strong><\/h3>\n<ul data-start=\"8468\" data-end=\"8636\">\n<li data-start=\"8468\" data-end=\"8510\">\n<p data-start=\"8470\" data-end=\"8510\">Ulo\u017ei\u0165 na <strong data-start=\"8481\" data-end=\"8490\">2-8\u00b0C<\/strong>, such\u00e9 a tmav\u00e9.<\/p>\n<\/li>\n<li data-start=\"8511\" data-end=\"8547\">\n<p data-start=\"8513\" data-end=\"8547\">N\u00e1dobu udr\u017eiavajte tesne uzavret\u00fa.<\/p>\n<\/li>\n<li data-start=\"8548\" data-end=\"8593\">\n<p data-start=\"8550\" data-end=\"8593\">Chr\u00e1\u0148te pred <strong data-start=\"8565\" data-end=\"8590\">svetlo, vlhkos\u0165 a teplo<\/strong>.<\/p>\n<\/li>\n<li data-start=\"8594\" data-end=\"8636\">\n<p data-start=\"8596\" data-end=\"8636\">Uchov\u00e1vajte mimo dosahu nepovolan\u00fdch os\u00f4b.<\/p>\n<\/li>\n<\/ul>\n<hr data-start=\"8638\" data-end=\"8641\" \/>\n<h3 data-start=\"8643\" data-end=\"8678\"><strong data-start=\"8647\" data-end=\"8678\">\u010casto kladen\u00e9 ot\u00e1zky (FAQ)<\/strong><\/h3>\n<p data-start=\"8680\" data-end=\"8839\"><strong data-start=\"8680\" data-end=\"8725\">1. Waarvoor wordt Norflurazepam gebruikt?<\/strong><br data-start=\"8725\" data-end=\"8728\" \/>Pre <strong data-start=\"8733\" data-end=\"8771\">analytick\u00e9 a forenzn\u00e9 vy\u0161etrovanie<\/strong>, met nadruk op <strong data-start=\"8787\" data-end=\"8836\">benzodiazepine-analyse en metabolietonderzoek<\/strong>. Norflurazepam 10mg Pellets<\/p>\n<p data-start=\"8841\" data-end=\"9059\"><strong data-start=\"8841\" data-end=\"8901\">2. Is Norflurazepam geschikt voor menselijke consumptie?<\/strong><br data-start=\"8901\" data-end=\"8904\" \/>Nie. <strong data-start=\"8909\" data-end=\"8939\">Norflurazepam 10mg Pellets<\/strong> jeho <strong data-start=\"8945\" data-end=\"8995\">ur\u010den\u00e9 v\u00fdlu\u010dne na laborat\u00f3rne testovanie<\/strong> a <strong data-start=\"8999\" data-end=\"9056\">nevhodn\u00e9 na \u013eudsk\u00fa alebo \u017eivo\u010d\u00ed\u0161nu spotrebu<\/strong>.<\/p>\n<p data-start=\"9061\" data-end=\"9211\"><strong data-start=\"9061\" data-end=\"9106\">3. Hoe bewaar ik Norflurazepam het beste?<\/strong><br data-start=\"9106\" data-end=\"9109\" \/>Ulo\u017ei\u0165 na <strong data-start=\"9123\" data-end=\"9165\">chladn\u00e9, such\u00e9 a tmav\u00e9 miesto (2-8 \u00b0C)<\/strong> in de <strong data-start=\"9172\" data-end=\"9208\">originele luchtdichte verpakking<\/strong>.<\/p>\n<hr data-start=\"9213\" data-end=\"9216\" \/>\n<h3 data-start=\"9218\" data-end=\"9235\"><strong data-start=\"9222\" data-end=\"9235\">Z\u00e1ver<\/strong><\/h3>\n<p data-start=\"9237\" data-end=\"9533\"><strong data-start=\"9237\" data-end=\"9267\">Norflurazepam 10mg Pellets<\/strong> ponuka <strong data-start=\"9275\" data-end=\"9337\">uitstekende zuiverheid, stabiliteit en reproduceerbaarheid<\/strong>, ide\u00e1lne pre <strong data-start=\"9351\" data-end=\"9399\">analytisch, chemisch en forensisch onderzoek<\/strong>.<br data-start=\"9400\" data-end=\"9403\" \/>Een betrouwbare keuze voor laboratoria die zich richten op <strong data-start=\"9462\" data-end=\"9530\">benzodiazepine-analyse, receptorstudies en structureel onderzoek<\/strong>.<\/p>","protected":false},"excerpt":{"rendered":"<h3><span data-sheets-value=\"{\" data-sheets-userformat=\"{\"><span dir=\"auto\" style=\"vertical-align: inherit;\"><span dir=\"auto\" style=\"vertical-align: inherit;\">Norflurazepam properties<\/span><\/span><\/span><\/h3>\n<p><strong><span dir=\"auto\" style=\"vertical-align: inherit;\"><span dir=\"auto\" style=\"vertical-align: inherit;\">Synonym:<\/span><\/span><\/strong><span dir=\"auto\" style=\"vertical-align: inherit;\"><span dir=\"auto\" style=\"vertical-align: inherit;\"> Norflurazepam <\/span><\/span><br \/>\n<strong><span dir=\"auto\" style=\"vertical-align: inherit;\"><span dir=\"auto\" style=\"vertical-align: inherit;\">CAS Number:<\/span><\/span><\/strong><span dir=\"auto\" style=\"vertical-align: inherit;\"><span dir=\"auto\" style=\"vertical-align: inherit;\"> 2886-65-9 <\/span><\/span><br \/>\n<strong><span dir=\"auto\" style=\"vertical-align: inherit;\"><span dir=\"auto\" style=\"vertical-align: inherit;\">Formula:<\/span><\/span><\/strong><span dir=\"auto\" style=\"vertical-align: inherit;\"><span dir=\"auto\" style=\"vertical-align: inherit;\"> 7-chloro-5-(2-fluorophenyl)-1,3-dihydro-2H-1,4-benzodiazepin-2-one <\/span><\/span><br \/>\n<strong><span dir=\"auto\" style=\"vertical-align: inherit;\"><span dir=\"auto\" style=\"vertical-align: inherit;\">Molar mass:<\/span><\/span><\/strong><span dir=\"auto\" style=\"vertical-align: inherit;\"><span dir=\"auto\" style=\"vertical-align: inherit;\"> 299.3 g\/mol <\/span><\/span><br \/>\n<strong><span dir=\"auto\" style=\"vertical-align: inherit;\"><span dir=\"auto\" style=\"vertical-align: inherit;\">Purity:<\/span><\/span><\/strong><span dir=\"auto\" style=\"vertical-align: inherit;\"><span dir=\"auto\" style=\"vertical-align: inherit;\"> &gt;97%<\/span><\/span><\/p>","protected":false},"featured_media":17046,"comment_status":"closed","ping_status":"closed","template":"","meta":[],"product_brand":[],"product_cat":[74,162,393,71,26],"product_tag":[22,962],"class_list":{"0":"post-729","1":"product","2":"type-product","3":"status-publish","4":"has-post-thumbnail","6":"product_cat-benzodiazepinen","7":"product_cat-norflurazepam","8":"product_cat-norflurazepam-pellets","9":"product_cat-pellets","10":"product_cat-sale","11":"product_tag-nl","12":"product_tag-norflurazepam-10-mg","14":"first","15":"instock","16":"sale","17":"shipping-taxable","18":"purchasable","19":"product-type-variable"},"_links":{"self":[{"href":"https:\/\/researchchemicalshop.eu\/sk\/wp-json\/wp\/v2\/product\/729","targetHints":{"allow":["GET"]}}],"collection":[{"href":"https:\/\/researchchemicalshop.eu\/sk\/wp-json\/wp\/v2\/product"}],"about":[{"href":"https:\/\/researchchemicalshop.eu\/sk\/wp-json\/wp\/v2\/types\/product"}],"replies":[{"embeddable":true,"href":"https:\/\/researchchemicalshop.eu\/sk\/wp-json\/wp\/v2\/comments?post=729"}],"version-history":[{"count":1,"href":"https:\/\/researchchemicalshop.eu\/sk\/wp-json\/wp\/v2\/product\/729\/revisions"}],"predecessor-version":[{"id":16612,"href":"https:\/\/researchchemicalshop.eu\/sk\/wp-json\/wp\/v2\/product\/729\/revisions\/16612"}],"wp:featuredmedia":[{"embeddable":true,"href":"https:\/\/researchchemicalshop.eu\/sk\/wp-json\/wp\/v2\/media\/17046"}],"wp:attachment":[{"href":"https:\/\/researchchemicalshop.eu\/sk\/wp-json\/wp\/v2\/media?parent=729"}],"wp:term":[{"taxonomy":"product_brand","embeddable":true,"href":"https:\/\/researchchemicalshop.eu\/sk\/wp-json\/wp\/v2\/product_brand?post=729"},{"taxonomy":"product_cat","embeddable":true,"href":"https:\/\/researchchemicalshop.eu\/sk\/wp-json\/wp\/v2\/product_cat?post=729"},{"taxonomy":"product_tag","embeddable":true,"href":"https:\/\/researchchemicalshop.eu\/sk\/wp-json\/wp\/v2\/product_tag?post=729"}],"curies":[{"name":"wp","href":"https:\/\/api.w.org\/{rel}","templated":true}]}}